{"id":111,"date":"2024-03-26T15:10:51","date_gmt":"2024-03-26T14:10:51","guid":{"rendered":"https:\/\/www.alit-tech.com\/?page_id=111"},"modified":"2025-05-19T14:37:06","modified_gmt":"2025-05-19T12:37:06","slug":"estrusione-dellalluminio","status":"publish","type":"page","link":"https:\/\/alit-tech.com\/it\/estrusione-dellalluminio\/","title":{"rendered":"Estrusione dell&#8217;alluminio"},"content":{"rendered":"\n<p><strong>CLARIS 9346 MB<\/strong><br>Nell\u2019industria dell\u2019estrusione dell\u2019alluminio le matrici vengono regolarmente pulite grazie a bagni di soda caustica riscaldata, l\u2019alluminio metallico intrappolato nel corpo della matrice viene portato in soluzione tramite una reazione esotermica. Tale processo implica l\u2019uso di quantit\u00e0 considerevoli di soda, che alla<br>fine del ciclo di vita del bagno di pulizia deve essere smaltita.<br>La corrosivit\u00e0 della soda, unita alle alte temperature di esercizio, prossime o superiori a 100\u00b0C generano fumi corrosivi e pericolosi, inoltre la formazione di incrostazioni di alluminato sodico implicano continui interventi di manutenzione a loro volta complicati dalla corrosivit\u00e0 del liquido.<\/p>\n\n\n\n<p>La risposta di <strong>ALIT<\/strong> a questa necessit\u00e0 \u00e8 l\u2019additivo Claris 9346 MB, sviluppato interamente nei nostri laboratori.<br>Claris \u00e8 un additivo da utilizzare negli impianti di pulizia delle matrici di estrusione per profili di alluminio, lo stato liquido permette facilmente il dosaggio automatizzato.<\/p>\n\n\n\n<div style=\"height:50px\" aria-hidden=\"true\" class=\"wp-block-spacer\"><\/div>\n\n\n\n<p><strong>ANALISI DEL PRODOTTO<\/strong><br>Il corretto quantitativo di soda, e il tenore massimo di alluminio disciolto nel bagno di pulizia delle matrici pu\u00f2 essere determinato con precisione mediante semplici analisi chimiche, facilmente eseguibili dagli operatori addetti alla gestione del processo. Se necessario anche la quantit\u00e0 di Claris pu\u00f2 essere determinata seguendo le istruzioni di analisi riportate nella scheda tecnica del prodotto. <\/p>\n\n\n\n<p>La possibilit\u00e0 di rilevare questi valori, unit\u00e0 alla migliorata stabilit\u00e0 termica del bagno dopo aggiunta di Claris 9346 MB, renderanno l\u2019intero processo pi\u00f9 gestibile da parte dell\u2019operatore.<br>I risultati ottenuti con l\u2019uso di Claris 9346 MB hanno generato risparmi sui quantitativi usati di soda caustica, risparmi sugli smaltimenti e sui consumi energetici e benefici sul grado di pulizia delle matrici.<\/p>\n\n\n\n<div style=\"height:50px\" aria-hidden=\"true\" class=\"wp-block-spacer\"><\/div>\n\n\n\n<p><strong>VANTAGGI<\/strong><br>Migliora la pulizia generale della matrice di estrusione, favorendo la dissoluzione dei residui di alluminio che si accumula anche negli interstizi pi\u00f9 inaccessibili della matrice.<br>La formazione di fanghi sar\u00e0 minore e questi risulteranno pi\u00f9 morbidi e pompabili, diminuendo la formazione di incrostazioni a carico dell\u2019impianto di pulizia matrici.<br>Aumenta considerevolmente il tempo di vita del bagno.<br>Se opportunamente dosato stabilizza a circa 90\u00b0C la temperatura di lavoro del bagno di pulizia delle matrici, riducendo cos\u00ec le emissioni di fumi e i consumi per evaporazione.<br>A sua volta la stabilizzazione della temperatura in vasca di processo implica un risparmio energetico quantificabile al 20% circa.<\/p>\n","protected":false},"excerpt":{"rendered":"<p>CLARIS 9346 MBNell\u2019industria dell\u2019estrusione dell\u2019alluminio le matrici vengono regolarmente pulite grazie a bagni di soda caustica riscaldata, l\u2019alluminio metallico intrappolato nel corpo della matrice viene portato in soluzione tramite una reazione esotermica. Tale processo implica l\u2019uso di quantit\u00e0 considerevoli di soda, che allafine del ciclo di vita del bagno di pulizia deve essere smaltita.La corrosivit\u00e0 [&hellip;]<\/p>\n","protected":false},"author":1,"featured_media":225,"parent":0,"menu_order":0,"comment_status":"closed","ping_status":"closed","template":"template-pages\/03_chemical_product.php","meta":{"_acf_changed":false,"footnotes":""},"class_list":["post-111","page","type-page","status-publish","has-post-thumbnail","hentry"],"acf":[],"yoast_head":"<!-- This site is optimized with the Yoast SEO plugin v23.1 - https:\/\/yoast.com\/wordpress\/plugins\/seo\/ -->\n<title>Pulizia matrici di estrusione per alluminio: CLARIS 9346 MB<\/title>\n<meta name=\"description\" content=\"ALIT offre soluzioni avanzate per la pulizia delle matrici di estrusione con l&#039;additivo CLARIS 9346 MB, efficiente e sicuro. Scopri ora i dettagli: ALIT\" \/>\n<meta name=\"robots\" content=\"index, follow, max-snippet:-1, max-image-preview:large, max-video-preview:-1\" \/>\n<link rel=\"canonical\" href=\"https:\/\/alit-tech.com\/it\/estrusione-dellalluminio\/\" \/>\n<meta property=\"og:locale\" content=\"it_IT\" \/>\n<meta property=\"og:type\" content=\"article\" \/>\n<meta property=\"og:title\" content=\"Pulizia matrici di estrusione per alluminio: CLARIS 9346 MB\" \/>\n<meta property=\"og:description\" content=\"ALIT offre soluzioni avanzate per la pulizia delle matrici di estrusione con l&#039;additivo CLARIS 9346 MB, efficiente e sicuro. Scopri ora i dettagli: ALIT\" \/>\n<meta property=\"og:url\" content=\"https:\/\/alit-tech.com\/it\/estrusione-dellalluminio\/\" \/>\n<meta property=\"og:site_name\" content=\"Alit technologies Spa\" \/>\n<meta property=\"article:modified_time\" content=\"2025-05-19T12:37:06+00:00\" \/>\n<meta property=\"og:image\" content=\"https:\/\/alit-tech.com\/wp-content\/uploads\/2024\/03\/estrusione-allumionio.jpg\" \/>\n\t<meta property=\"og:image:width\" content=\"1000\" \/>\n\t<meta property=\"og:image:height\" content=\"600\" \/>\n\t<meta property=\"og:image:type\" content=\"image\/jpeg\" \/>\n<meta name=\"twitter:card\" content=\"summary_large_image\" \/>\n<meta name=\"twitter:label1\" content=\"Tempo di lettura stimato\" \/>\n\t<meta name=\"twitter:data1\" content=\"3 minuti\" \/>\n<script type=\"application\/ld+json\" class=\"yoast-schema-graph\">{\"@context\":\"https:\/\/schema.org\",\"@graph\":[{\"@type\":\"WebPage\",\"@id\":\"https:\/\/alit-tech.com\/it\/estrusione-dellalluminio\/\",\"url\":\"https:\/\/alit-tech.com\/it\/estrusione-dellalluminio\/\",\"name\":\"Pulizia matrici di estrusione per alluminio: CLARIS 9346 MB\",\"isPartOf\":{\"@id\":\"https:\/\/alit-tech.com\/it\/#website\"},\"primaryImageOfPage\":{\"@id\":\"https:\/\/alit-tech.com\/it\/estrusione-dellalluminio\/#primaryimage\"},\"image\":{\"@id\":\"https:\/\/alit-tech.com\/it\/estrusione-dellalluminio\/#primaryimage\"},\"thumbnailUrl\":\"https:\/\/alit-tech.com\/wp-content\/uploads\/2024\/03\/estrusione-allumionio.jpg\",\"datePublished\":\"2024-03-26T14:10:51+00:00\",\"dateModified\":\"2025-05-19T12:37:06+00:00\",\"description\":\"ALIT offre soluzioni avanzate per la pulizia delle matrici di estrusione con l'additivo CLARIS 9346 MB, efficiente e sicuro. Scopri ora i dettagli: ALIT\",\"breadcrumb\":{\"@id\":\"https:\/\/alit-tech.com\/it\/estrusione-dellalluminio\/#breadcrumb\"},\"inLanguage\":\"it-IT\",\"potentialAction\":[{\"@type\":\"ReadAction\",\"target\":[\"https:\/\/alit-tech.com\/it\/estrusione-dellalluminio\/\"]}]},{\"@type\":\"ImageObject\",\"inLanguage\":\"it-IT\",\"@id\":\"https:\/\/alit-tech.com\/it\/estrusione-dellalluminio\/#primaryimage\",\"url\":\"https:\/\/alit-tech.com\/wp-content\/uploads\/2024\/03\/estrusione-allumionio.jpg\",\"contentUrl\":\"https:\/\/alit-tech.com\/wp-content\/uploads\/2024\/03\/estrusione-allumionio.jpg\",\"width\":1000,\"height\":600},{\"@type\":\"BreadcrumbList\",\"@id\":\"https:\/\/alit-tech.com\/it\/estrusione-dellalluminio\/#breadcrumb\",\"itemListElement\":[{\"@type\":\"ListItem\",\"position\":1,\"name\":\"Home\",\"item\":\"https:\/\/alit-tech.com\/it\/\"},{\"@type\":\"ListItem\",\"position\":2,\"name\":\"Estrusione dell&#8217;alluminio\"}]},{\"@type\":\"WebSite\",\"@id\":\"https:\/\/alit-tech.com\/it\/#website\",\"url\":\"https:\/\/alit-tech.com\/it\/\",\"name\":\"Alit technologies Spa\",\"description\":\"\",\"potentialAction\":[{\"@type\":\"SearchAction\",\"target\":{\"@type\":\"EntryPoint\",\"urlTemplate\":\"https:\/\/alit-tech.com\/it\/?s={search_term_string}\"},\"query-input\":\"required name=search_term_string\"}],\"inLanguage\":\"it-IT\"}]}<\/script>\n<!-- \/ Yoast SEO plugin. -->","yoast_head_json":{"title":"Pulizia matrici di estrusione per alluminio: CLARIS 9346 MB","description":"ALIT offre soluzioni avanzate per la pulizia delle matrici di estrusione con l'additivo CLARIS 9346 MB, efficiente e sicuro. Scopri ora i dettagli: ALIT","robots":{"index":"index","follow":"follow","max-snippet":"max-snippet:-1","max-image-preview":"max-image-preview:large","max-video-preview":"max-video-preview:-1"},"canonical":"https:\/\/alit-tech.com\/it\/estrusione-dellalluminio\/","og_locale":"it_IT","og_type":"article","og_title":"Pulizia matrici di estrusione per alluminio: CLARIS 9346 MB","og_description":"ALIT offre soluzioni avanzate per la pulizia delle matrici di estrusione con l'additivo CLARIS 9346 MB, efficiente e sicuro. Scopri ora i dettagli: ALIT","og_url":"https:\/\/alit-tech.com\/it\/estrusione-dellalluminio\/","og_site_name":"Alit technologies Spa","article_modified_time":"2025-05-19T12:37:06+00:00","og_image":[{"width":1000,"height":600,"url":"https:\/\/alit-tech.com\/wp-content\/uploads\/2024\/03\/estrusione-allumionio.jpg","type":"image\/jpeg"}],"twitter_card":"summary_large_image","twitter_misc":{"Tempo di lettura stimato":"3 minuti"},"schema":{"@context":"https:\/\/schema.org","@graph":[{"@type":"WebPage","@id":"https:\/\/alit-tech.com\/it\/estrusione-dellalluminio\/","url":"https:\/\/alit-tech.com\/it\/estrusione-dellalluminio\/","name":"Pulizia matrici di estrusione per alluminio: CLARIS 9346 MB","isPartOf":{"@id":"https:\/\/alit-tech.com\/it\/#website"},"primaryImageOfPage":{"@id":"https:\/\/alit-tech.com\/it\/estrusione-dellalluminio\/#primaryimage"},"image":{"@id":"https:\/\/alit-tech.com\/it\/estrusione-dellalluminio\/#primaryimage"},"thumbnailUrl":"https:\/\/alit-tech.com\/wp-content\/uploads\/2024\/03\/estrusione-allumionio.jpg","datePublished":"2024-03-26T14:10:51+00:00","dateModified":"2025-05-19T12:37:06+00:00","description":"ALIT offre soluzioni avanzate per la pulizia delle matrici di estrusione con l'additivo CLARIS 9346 MB, efficiente e sicuro. Scopri ora i dettagli: ALIT","breadcrumb":{"@id":"https:\/\/alit-tech.com\/it\/estrusione-dellalluminio\/#breadcrumb"},"inLanguage":"it-IT","potentialAction":[{"@type":"ReadAction","target":["https:\/\/alit-tech.com\/it\/estrusione-dellalluminio\/"]}]},{"@type":"ImageObject","inLanguage":"it-IT","@id":"https:\/\/alit-tech.com\/it\/estrusione-dellalluminio\/#primaryimage","url":"https:\/\/alit-tech.com\/wp-content\/uploads\/2024\/03\/estrusione-allumionio.jpg","contentUrl":"https:\/\/alit-tech.com\/wp-content\/uploads\/2024\/03\/estrusione-allumionio.jpg","width":1000,"height":600},{"@type":"BreadcrumbList","@id":"https:\/\/alit-tech.com\/it\/estrusione-dellalluminio\/#breadcrumb","itemListElement":[{"@type":"ListItem","position":1,"name":"Home","item":"https:\/\/alit-tech.com\/it\/"},{"@type":"ListItem","position":2,"name":"Estrusione dell&#8217;alluminio"}]},{"@type":"WebSite","@id":"https:\/\/alit-tech.com\/it\/#website","url":"https:\/\/alit-tech.com\/it\/","name":"Alit technologies Spa","description":"","potentialAction":[{"@type":"SearchAction","target":{"@type":"EntryPoint","urlTemplate":"https:\/\/alit-tech.com\/it\/?s={search_term_string}"},"query-input":"required name=search_term_string"}],"inLanguage":"it-IT"}]}},"_links":{"self":[{"href":"https:\/\/alit-tech.com\/it\/wp-json\/wp\/v2\/pages\/111"}],"collection":[{"href":"https:\/\/alit-tech.com\/it\/wp-json\/wp\/v2\/pages"}],"about":[{"href":"https:\/\/alit-tech.com\/it\/wp-json\/wp\/v2\/types\/page"}],"author":[{"embeddable":true,"href":"https:\/\/alit-tech.com\/it\/wp-json\/wp\/v2\/users\/1"}],"replies":[{"embeddable":true,"href":"https:\/\/alit-tech.com\/it\/wp-json\/wp\/v2\/comments?post=111"}],"version-history":[{"count":28,"href":"https:\/\/alit-tech.com\/it\/wp-json\/wp\/v2\/pages\/111\/revisions"}],"predecessor-version":[{"id":15219,"href":"https:\/\/alit-tech.com\/it\/wp-json\/wp\/v2\/pages\/111\/revisions\/15219"}],"wp:featuredmedia":[{"embeddable":true,"href":"https:\/\/alit-tech.com\/it\/wp-json\/wp\/v2\/media\/225"}],"wp:attachment":[{"href":"https:\/\/alit-tech.com\/it\/wp-json\/wp\/v2\/media?parent=111"}],"curies":[{"name":"wp","href":"https:\/\/api.w.org\/{rel}","templated":true}]}}