{"id":113,"date":"2024-03-26T15:11:18","date_gmt":"2024-03-26T14:11:18","guid":{"rendered":"https:\/\/www.alit-tech.com\/?page_id=113"},"modified":"2025-05-19T14:41:17","modified_gmt":"2025-05-19T12:41:17","slug":"flocculante","status":"publish","type":"page","link":"https:\/\/alit-tech.com\/it\/flocculante\/","title":{"rendered":"Flocculante"},"content":{"rendered":"\n<p><strong>ALITFLOCK 4840<\/strong><br>ALITFLOCK 4840 \u00e8 un flocculante utilizzato nel processo di filtrazione dei bagni di sverniciatura, per migliorare notevolmente l\u2019efficienza e la produttivit\u00e0 delle filtropresse durante il trattamento dei bagni saturi di vernice.<\/p>\n\n\n\n<p>Una filtrazione efficace \u00e8 spesso un fattore chiave per rendere la sverniciatura meno dispendiosa. Durante un ciclo di filtrazione, la vernice viene rimossa dai pezzi e si accumula progressivamente nel bagno di sverniciatura. Maggiore \u00e8 la quantit\u00e0 di fanghi di vernice disciolti nel bagno, maggiori sono i problemi ed essi si traducono in tempi di sverniciatura pi\u00f9 lunghi e processi pi\u00f9 costosi.<\/p>\n\n\n\n<p>Volumi pi\u00f9 elevati di fanghi rendono lo sverniciante pi\u00f9 viscoso: ci\u00f2 pu\u00f2 comportare un rischio di surriscaldamento della vasca e trascinamento del liquido, che porta a maggiori costi.<\/p>\n\n\n\n<p>Una maggiore quantit\u00e0 di fanghi di vernice pu\u00f2 ancheintasare il circuito idraulico, le pompe ed i tubi, richiedendo cos\u00ec maggiori costi di manutenzione. \u00c8 quindi chiaro che una filtrazione regolare ed efficiente di un bagno di sverniciatura \u00e8 fondamentale per contenere i costi.<\/p>\n\n\n\n<div style=\"height:50px\" aria-hidden=\"true\" class=\"wp-block-spacer\"><\/div>\n\n\n\n<p class=\"has-text-align-left\"><strong>TEST DI FILTRAZIONE CON FILTRO PRESSA<\/strong><\/p>\n\n\n\n<div style=\"height:40px\" aria-hidden=\"true\" class=\"wp-block-spacer\"><\/div>\n\n\n\n<div class=\"wp-block-columns is-layout-flex wp-container-core-columns-is-layout-1 wp-block-columns-is-layout-flex\">\n<div class=\"wp-block-column is-layout-flow wp-block-column-is-layout-flow\">\n<p><strong>Con 15% AlitFlock 4840<br><\/strong>In 18 ore, pi\u00f9 di 1600g di soluzione filtrata<\/p>\n\n\n\n<p><strong>Senza AlitFlock 4840<br><\/strong>In pi\u00f9 di 50 ore, meno di 1000g di soluzione filtrata<\/p>\n\n\n\n<div style=\"height:30px\" aria-hidden=\"true\" class=\"wp-block-spacer\"><\/div>\n\n\n\n<p><span style=\"color: #2f5daa; font-weight: 700;\">A: Con 15% AlitFlock 4840<\/span><br>\n<span style=\"color: #ea6323; font-weight: 700;\">B: Senza AlitFlock 4840<\/span><\/p>\n<\/div>\n\n\n\n<div class=\"wp-block-column is-layout-flow wp-block-column-is-layout-flow\">\n<figure class=\"wp-block-image size-large\"><img decoding=\"async\" width=\"1024\" height=\"885\" src=\"https:\/\/www.alit-tech.com\/wp-content\/uploads\/2024\/04\/test-flocculante-1024x885.jpg\" alt=\"\" class=\"wp-image-655\" srcset=\"https:\/\/alit-tech.com\/wp-content\/uploads\/2024\/04\/test-flocculante-1024x885.jpg 1024w, https:\/\/alit-tech.com\/wp-content\/uploads\/2024\/04\/test-flocculante-300x259.jpg 300w, https:\/\/alit-tech.com\/wp-content\/uploads\/2024\/04\/test-flocculante-768x664.jpg 768w, https:\/\/alit-tech.com\/wp-content\/uploads\/2024\/04\/test-flocculante.jpg 1347w\" sizes=\"(max-width: 1024px) 100vw, 1024px\" \/><\/figure>\n<\/div>\n<\/div>\n\n\n\n<div style=\"height:50px\" aria-hidden=\"true\" class=\"wp-block-spacer\"><\/div>\n\n\n\n<p><strong>DOSATORE DI FLOCCULANTE A CANALE VIBRANTE<\/strong><br>I dosatori di flocculante <strong>ALIT Technologies<\/strong> sono stati progettati e dimensionati appositamente per l\u2019aggiunta automatica di flocculanti su vasche contenenti i fanghi di sverniciatura. <\/p>\n\n\n\n<p>ALIT Technologies offre diverse taglie di dosatori in base alla tipologia dell\u2019impianto di sverniciatura.<\/p>\n\n\n\n<p>Grazie a un apposito canale vibrante essi permettono di traferire con precisione il flocculante della serie <strong>ALITFLOCK<\/strong> dalla tramoggia vibrante alla vasca di sedimentazione fanghi, dove grazie al miscelatore pneumatico avverr\u00e0 la prevista miscelazione del flocculante. La tramoggia del dosatore \u00e8 dotata di un sensore di livello che segnala il raggiungimento della quota minima di prodotto. \u00c8 possibile regolare le modalit\u00e0 di dosaggio automatico operando direttamente sull\u2019interfaccia del pannello di filtrazione.<\/p>\n\n\n\n<div style=\"height:50px\" aria-hidden=\"true\" class=\"wp-block-spacer\"><\/div>\n\n\n\n<figure class=\"wp-block-image size-large\"><img decoding=\"async\" width=\"1024\" height=\"352\" src=\"https:\/\/www.alit-tech.com\/wp-content\/uploads\/2024\/04\/Fastrip-FP-1-1024x352.png\" alt=\"\" class=\"wp-image-676\" srcset=\"https:\/\/alit-tech.com\/wp-content\/uploads\/2024\/04\/Fastrip-FP-1-1024x352.png 1024w, https:\/\/alit-tech.com\/wp-content\/uploads\/2024\/04\/Fastrip-FP-1-300x103.png 300w, https:\/\/alit-tech.com\/wp-content\/uploads\/2024\/04\/Fastrip-FP-1-768x264.png 768w, https:\/\/alit-tech.com\/wp-content\/uploads\/2024\/04\/Fastrip-FP-1-1536x529.png 1536w, https:\/\/alit-tech.com\/wp-content\/uploads\/2024\/04\/Fastrip-FP-1.png 1700w\" sizes=\"(max-width: 1024px) 100vw, 1024px\" \/><\/figure>\n\n\n\n<div style=\"height:50px\" aria-hidden=\"true\" class=\"wp-block-spacer\"><\/div>\n\n\n\n<p>I sistemi di filtrazione <strong>FASTRIP FP<\/strong> di <strong>ALIT Technologies<\/strong> sono la risposta perfetta a questa esigenza. La filtro-pressa separa il fango della vernice dalla soluzione sverniciante, in modo che la soluzione<br>filtrata possa essere rimessa in circolo nella vasca di sverniciatura.<br>I rifiuti solidi, invece, vengono pressati in fanghi che vengono raccolti e smaltiti separatamente. Il tasso di estrazione dei fanghi di vernice, ossia i chilogrammi di fango rimossi dal bagno ogni giorno e la qualit\u00e0 del liquido filtrato rispedito nella vasca di sverniciatura sono due fattori chiave per mantenere le prestazioni ottimali del bagno di sverniciatura.<\/p>\n\n\n\n<p><strong>ALITFLOCK 4840<\/strong> li gestisce entrambi, perch\u00e9 migliora sia il tasso di rimozione dei fanghi di vernice che la qualit\u00e0 dello sverniciante filtrato.<\/p>\n","protected":false},"excerpt":{"rendered":"<p>ALITFLOCK 4840ALITFLOCK 4840 \u00e8 un flocculante utilizzato nel processo di filtrazione dei bagni di sverniciatura, per migliorare notevolmente l\u2019efficienza e la produttivit\u00e0 delle filtropresse durante il trattamento dei bagni saturi di vernice. Una filtrazione efficace \u00e8 spesso un fattore chiave per rendere la sverniciatura meno dispendiosa. Durante un ciclo di filtrazione, la vernice viene rimossa [&hellip;]<\/p>\n","protected":false},"author":1,"featured_media":245,"parent":0,"menu_order":0,"comment_status":"closed","ping_status":"closed","template":"template-pages\/03_chemical_product.php","meta":{"_acf_changed":false,"footnotes":""},"class_list":["post-113","page","type-page","status-publish","has-post-thumbnail","hentry"],"acf":[],"yoast_head":"<!-- This site is optimized with the Yoast SEO plugin v23.1 - https:\/\/yoast.com\/wordpress\/plugins\/seo\/ -->\n<title>Alitflock 4840: Additivo per Filtrazione Chimica Sverniciatura<\/title>\n<meta name=\"description\" content=\"Alitflock 4840 \u00e8 un prodotto chimico per la sverniciatura utilizzato come coadiuvante nel processo di filtrazione dei bagni di sverniciatura. Visita il sito\" \/>\n<meta name=\"robots\" content=\"index, follow, max-snippet:-1, max-image-preview:large, max-video-preview:-1\" \/>\n<link rel=\"canonical\" href=\"https:\/\/alit-tech.com\/it\/flocculante\/\" \/>\n<meta property=\"og:locale\" content=\"it_IT\" \/>\n<meta property=\"og:type\" content=\"article\" \/>\n<meta property=\"og:title\" content=\"Alitflock 4840: Additivo per Filtrazione Chimica Sverniciatura\" \/>\n<meta property=\"og:description\" content=\"Alitflock 4840 \u00e8 un prodotto chimico per la sverniciatura utilizzato come coadiuvante nel processo di filtrazione dei bagni di sverniciatura. Visita il sito\" \/>\n<meta property=\"og:url\" content=\"https:\/\/alit-tech.com\/it\/flocculante\/\" \/>\n<meta property=\"og:site_name\" content=\"Alit technologies Spa\" \/>\n<meta property=\"article:modified_time\" content=\"2025-05-19T12:41:17+00:00\" \/>\n<meta property=\"og:image\" content=\"https:\/\/alit-tech.com\/wp-content\/uploads\/2024\/03\/flocculante-Alitflock.jpg\" \/>\n\t<meta property=\"og:image:width\" content=\"1500\" \/>\n\t<meta property=\"og:image:height\" content=\"600\" \/>\n\t<meta property=\"og:image:type\" content=\"image\/jpeg\" \/>\n<meta name=\"twitter:card\" content=\"summary_large_image\" \/>\n<meta name=\"twitter:label1\" content=\"Tempo di lettura stimato\" \/>\n\t<meta name=\"twitter:data1\" content=\"3 minuti\" \/>\n<script type=\"application\/ld+json\" class=\"yoast-schema-graph\">{\"@context\":\"https:\/\/schema.org\",\"@graph\":[{\"@type\":\"WebPage\",\"@id\":\"https:\/\/alit-tech.com\/it\/flocculante\/\",\"url\":\"https:\/\/alit-tech.com\/it\/flocculante\/\",\"name\":\"Alitflock 4840: Additivo per Filtrazione Chimica Sverniciatura\",\"isPartOf\":{\"@id\":\"https:\/\/alit-tech.com\/it\/#website\"},\"primaryImageOfPage\":{\"@id\":\"https:\/\/alit-tech.com\/it\/flocculante\/#primaryimage\"},\"image\":{\"@id\":\"https:\/\/alit-tech.com\/it\/flocculante\/#primaryimage\"},\"thumbnailUrl\":\"https:\/\/alit-tech.com\/wp-content\/uploads\/2024\/03\/flocculante-Alitflock.jpg\",\"datePublished\":\"2024-03-26T14:11:18+00:00\",\"dateModified\":\"2025-05-19T12:41:17+00:00\",\"description\":\"Alitflock 4840 \u00e8 un prodotto chimico per la sverniciatura utilizzato come coadiuvante nel processo di filtrazione dei bagni di sverniciatura. Visita il sito\",\"breadcrumb\":{\"@id\":\"https:\/\/alit-tech.com\/it\/flocculante\/#breadcrumb\"},\"inLanguage\":\"it-IT\",\"potentialAction\":[{\"@type\":\"ReadAction\",\"target\":[\"https:\/\/alit-tech.com\/it\/flocculante\/\"]}]},{\"@type\":\"ImageObject\",\"inLanguage\":\"it-IT\",\"@id\":\"https:\/\/alit-tech.com\/it\/flocculante\/#primaryimage\",\"url\":\"https:\/\/alit-tech.com\/wp-content\/uploads\/2024\/03\/flocculante-Alitflock.jpg\",\"contentUrl\":\"https:\/\/alit-tech.com\/wp-content\/uploads\/2024\/03\/flocculante-Alitflock.jpg\",\"width\":1500,\"height\":600},{\"@type\":\"BreadcrumbList\",\"@id\":\"https:\/\/alit-tech.com\/it\/flocculante\/#breadcrumb\",\"itemListElement\":[{\"@type\":\"ListItem\",\"position\":1,\"name\":\"Home\",\"item\":\"https:\/\/alit-tech.com\/it\/\"},{\"@type\":\"ListItem\",\"position\":2,\"name\":\"Flocculante\"}]},{\"@type\":\"WebSite\",\"@id\":\"https:\/\/alit-tech.com\/it\/#website\",\"url\":\"https:\/\/alit-tech.com\/it\/\",\"name\":\"Alit technologies Spa\",\"description\":\"\",\"potentialAction\":[{\"@type\":\"SearchAction\",\"target\":{\"@type\":\"EntryPoint\",\"urlTemplate\":\"https:\/\/alit-tech.com\/it\/?s={search_term_string}\"},\"query-input\":\"required name=search_term_string\"}],\"inLanguage\":\"it-IT\"}]}<\/script>\n<!-- \/ Yoast SEO plugin. -->","yoast_head_json":{"title":"Alitflock 4840: Additivo per Filtrazione Chimica Sverniciatura","description":"Alitflock 4840 \u00e8 un prodotto chimico per la sverniciatura utilizzato come coadiuvante nel processo di filtrazione dei bagni di sverniciatura. Visita il sito","robots":{"index":"index","follow":"follow","max-snippet":"max-snippet:-1","max-image-preview":"max-image-preview:large","max-video-preview":"max-video-preview:-1"},"canonical":"https:\/\/alit-tech.com\/it\/flocculante\/","og_locale":"it_IT","og_type":"article","og_title":"Alitflock 4840: Additivo per Filtrazione Chimica Sverniciatura","og_description":"Alitflock 4840 \u00e8 un prodotto chimico per la sverniciatura utilizzato come coadiuvante nel processo di filtrazione dei bagni di sverniciatura. Visita il sito","og_url":"https:\/\/alit-tech.com\/it\/flocculante\/","og_site_name":"Alit technologies Spa","article_modified_time":"2025-05-19T12:41:17+00:00","og_image":[{"width":1500,"height":600,"url":"https:\/\/alit-tech.com\/wp-content\/uploads\/2024\/03\/flocculante-Alitflock.jpg","type":"image\/jpeg"}],"twitter_card":"summary_large_image","twitter_misc":{"Tempo di lettura stimato":"3 minuti"},"schema":{"@context":"https:\/\/schema.org","@graph":[{"@type":"WebPage","@id":"https:\/\/alit-tech.com\/it\/flocculante\/","url":"https:\/\/alit-tech.com\/it\/flocculante\/","name":"Alitflock 4840: Additivo per Filtrazione Chimica Sverniciatura","isPartOf":{"@id":"https:\/\/alit-tech.com\/it\/#website"},"primaryImageOfPage":{"@id":"https:\/\/alit-tech.com\/it\/flocculante\/#primaryimage"},"image":{"@id":"https:\/\/alit-tech.com\/it\/flocculante\/#primaryimage"},"thumbnailUrl":"https:\/\/alit-tech.com\/wp-content\/uploads\/2024\/03\/flocculante-Alitflock.jpg","datePublished":"2024-03-26T14:11:18+00:00","dateModified":"2025-05-19T12:41:17+00:00","description":"Alitflock 4840 \u00e8 un prodotto chimico per la sverniciatura utilizzato come coadiuvante nel processo di filtrazione dei bagni di sverniciatura. Visita il sito","breadcrumb":{"@id":"https:\/\/alit-tech.com\/it\/flocculante\/#breadcrumb"},"inLanguage":"it-IT","potentialAction":[{"@type":"ReadAction","target":["https:\/\/alit-tech.com\/it\/flocculante\/"]}]},{"@type":"ImageObject","inLanguage":"it-IT","@id":"https:\/\/alit-tech.com\/it\/flocculante\/#primaryimage","url":"https:\/\/alit-tech.com\/wp-content\/uploads\/2024\/03\/flocculante-Alitflock.jpg","contentUrl":"https:\/\/alit-tech.com\/wp-content\/uploads\/2024\/03\/flocculante-Alitflock.jpg","width":1500,"height":600},{"@type":"BreadcrumbList","@id":"https:\/\/alit-tech.com\/it\/flocculante\/#breadcrumb","itemListElement":[{"@type":"ListItem","position":1,"name":"Home","item":"https:\/\/alit-tech.com\/it\/"},{"@type":"ListItem","position":2,"name":"Flocculante"}]},{"@type":"WebSite","@id":"https:\/\/alit-tech.com\/it\/#website","url":"https:\/\/alit-tech.com\/it\/","name":"Alit technologies Spa","description":"","potentialAction":[{"@type":"SearchAction","target":{"@type":"EntryPoint","urlTemplate":"https:\/\/alit-tech.com\/it\/?s={search_term_string}"},"query-input":"required name=search_term_string"}],"inLanguage":"it-IT"}]}},"_links":{"self":[{"href":"https:\/\/alit-tech.com\/it\/wp-json\/wp\/v2\/pages\/113"}],"collection":[{"href":"https:\/\/alit-tech.com\/it\/wp-json\/wp\/v2\/pages"}],"about":[{"href":"https:\/\/alit-tech.com\/it\/wp-json\/wp\/v2\/types\/page"}],"author":[{"embeddable":true,"href":"https:\/\/alit-tech.com\/it\/wp-json\/wp\/v2\/users\/1"}],"replies":[{"embeddable":true,"href":"https:\/\/alit-tech.com\/it\/wp-json\/wp\/v2\/comments?post=113"}],"version-history":[{"count":43,"href":"https:\/\/alit-tech.com\/it\/wp-json\/wp\/v2\/pages\/113\/revisions"}],"predecessor-version":[{"id":15235,"href":"https:\/\/alit-tech.com\/it\/wp-json\/wp\/v2\/pages\/113\/revisions\/15235"}],"wp:featuredmedia":[{"embeddable":true,"href":"https:\/\/alit-tech.com\/it\/wp-json\/wp\/v2\/media\/245"}],"wp:attachment":[{"href":"https:\/\/alit-tech.com\/it\/wp-json\/wp\/v2\/media?parent=113"}],"curies":[{"name":"wp","href":"https:\/\/api.w.org\/{rel}","templated":true}]}}