{"id":117,"date":"2024-03-26T15:12:08","date_gmt":"2024-03-26T14:12:08","guid":{"rendered":"https:\/\/www.alit-tech.com\/?page_id=117"},"modified":"2025-05-19T14:02:05","modified_gmt":"2025-05-19T12:02:05","slug":"fastrip-ap","status":"publish","type":"page","link":"https:\/\/alit-tech.com\/it\/impianti-di-sverniciatura\/fastrip-ap\/","title":{"rendered":"Fastrip AP"},"content":{"rendered":"\n<p><strong>Fastrip AP<\/strong> \u00e8 il sistema compatto progettato appositamente per la sverniciatura dei profili in alluminio.<br>Fastrip AP \u00e8 in grado di sverniciare profili fino a 250 kg di peso e 8 metri di lunghezza.<br>Il tempo indicativo di sverniciatura \u00e8 di circa 3 ore, a seconda del tipo di vernice e del suo spessore.<br>Il sistema \u00e8 composto da una vasca di sverniciatura e una vasca di risciacquo.<\/p>\n\n\n\n<p>Fastrip AP \u00e8 estremamente sicura grazie ai suoi sistemi integrati come:<\/p>\n\n\n\n<ul class=\"wp-block-list\">\n<li>Barra di sicurezza laser<\/li>\n\n\n\n<li>Rete metallica circostante<\/li>\n\n\n\n<li>Sistema di estrazione dei fumi<\/li>\n\n\n\n<li>Coperchio automatico<\/li>\n<\/ul>\n\n\n\n<p>L\u2019impianto pu\u00f2 essere integrato in linee di lavorazione preesistenti o installato come sistema indipendente.<br>Si consiglia l\u2019utilizzo in combinazione con Metalstrip 1333\/1 di ALIT Technologies<br>Metalstrip 1333\/1 garantisce efficienza, lunga durata del bagno di sverniciatura e basso impatto ambientale.<br>Il sistema pu\u00f2 anche interfacciarsi con i nostri sistemi di filtraggio della linea Fastrip FP.<\/p>\n","protected":false},"excerpt":{"rendered":"<p>Fastrip AP \u00e8 il sistema compatto progettato appositamente per la sverniciatura dei profili in alluminio.Fastrip AP \u00e8 in grado di sverniciare profili fino a 250 kg di peso e 8 metri di lunghezza.Il tempo indicativo di sverniciatura \u00e8 di circa 3 ore, a seconda del tipo di vernice e del suo spessore.Il sistema \u00e8 composto [&hellip;]<\/p>\n","protected":false},"author":1,"featured_media":544,"parent":61,"menu_order":0,"comment_status":"closed","ping_status":"closed","template":"template-pages\/05_plants_product.php","meta":{"_acf_changed":false,"footnotes":""},"class_list":["post-117","page","type-page","status-publish","has-post-thumbnail","hentry"],"acf":[],"yoast_head":"<!-- This site is optimized with the Yoast SEO plugin v23.1 - https:\/\/yoast.com\/wordpress\/plugins\/seo\/ -->\n<title>Impianto di Sverniciatura Chimica Profili Alluminio: Fastrip AP<\/title>\n<meta name=\"description\" content=\"Fastrip AP: impianto di sverniciatura chimica profili alluminio, per profili fino a 8m e 250kg. Efficienza e precisione con ALIT Technologies. Clicca qui\" \/>\n<meta name=\"robots\" content=\"index, follow, max-snippet:-1, max-image-preview:large, max-video-preview:-1\" \/>\n<link rel=\"canonical\" href=\"https:\/\/alit-tech.com\/it\/impianti-di-sverniciatura\/fastrip-ap\/\" \/>\n<meta property=\"og:locale\" content=\"it_IT\" \/>\n<meta property=\"og:type\" content=\"article\" \/>\n<meta property=\"og:title\" content=\"Impianto di Sverniciatura Chimica Profili Alluminio: Fastrip AP\" \/>\n<meta property=\"og:description\" content=\"Fastrip AP: impianto di sverniciatura chimica profili alluminio, per profili fino a 8m e 250kg. Efficienza e precisione con ALIT Technologies. Clicca qui\" \/>\n<meta property=\"og:url\" content=\"https:\/\/alit-tech.com\/it\/impianti-di-sverniciatura\/fastrip-ap\/\" \/>\n<meta property=\"og:site_name\" content=\"Alit technologies Spa\" \/>\n<meta property=\"article:modified_time\" content=\"2025-05-19T12:02:05+00:00\" \/>\n<meta property=\"og:image\" content=\"https:\/\/alit-tech.com\/wp-content\/uploads\/2024\/04\/Fastrip-AP.png\" \/>\n\t<meta property=\"og:image:width\" content=\"1300\" \/>\n\t<meta property=\"og:image:height\" content=\"390\" \/>\n\t<meta property=\"og:image:type\" content=\"image\/png\" \/>\n<meta name=\"twitter:card\" content=\"summary_large_image\" \/>\n<meta name=\"twitter:label1\" content=\"Tempo di lettura stimato\" \/>\n\t<meta name=\"twitter:data1\" content=\"1 minuto\" \/>\n<script type=\"application\/ld+json\" class=\"yoast-schema-graph\">{\"@context\":\"https:\/\/schema.org\",\"@graph\":[{\"@type\":\"WebPage\",\"@id\":\"https:\/\/alit-tech.com\/it\/impianti-di-sverniciatura\/fastrip-ap\/\",\"url\":\"https:\/\/alit-tech.com\/it\/impianti-di-sverniciatura\/fastrip-ap\/\",\"name\":\"Impianto di Sverniciatura Chimica Profili Alluminio: Fastrip AP\",\"isPartOf\":{\"@id\":\"https:\/\/alit-tech.com\/it\/#website\"},\"primaryImageOfPage\":{\"@id\":\"https:\/\/alit-tech.com\/it\/impianti-di-sverniciatura\/fastrip-ap\/#primaryimage\"},\"image\":{\"@id\":\"https:\/\/alit-tech.com\/it\/impianti-di-sverniciatura\/fastrip-ap\/#primaryimage\"},\"thumbnailUrl\":\"https:\/\/alit-tech.com\/wp-content\/uploads\/2024\/04\/Fastrip-AP.png\",\"datePublished\":\"2024-03-26T14:12:08+00:00\",\"dateModified\":\"2025-05-19T12:02:05+00:00\",\"description\":\"Fastrip AP: impianto di sverniciatura chimica profili alluminio, per profili fino a 8m e 250kg. Efficienza e precisione con ALIT Technologies. Clicca qui\",\"breadcrumb\":{\"@id\":\"https:\/\/alit-tech.com\/it\/impianti-di-sverniciatura\/fastrip-ap\/#breadcrumb\"},\"inLanguage\":\"it-IT\",\"potentialAction\":[{\"@type\":\"ReadAction\",\"target\":[\"https:\/\/alit-tech.com\/it\/impianti-di-sverniciatura\/fastrip-ap\/\"]}]},{\"@type\":\"ImageObject\",\"inLanguage\":\"it-IT\",\"@id\":\"https:\/\/alit-tech.com\/it\/impianti-di-sverniciatura\/fastrip-ap\/#primaryimage\",\"url\":\"https:\/\/alit-tech.com\/wp-content\/uploads\/2024\/04\/Fastrip-AP.png\",\"contentUrl\":\"https:\/\/alit-tech.com\/wp-content\/uploads\/2024\/04\/Fastrip-AP.png\",\"width\":1300,\"height\":390},{\"@type\":\"BreadcrumbList\",\"@id\":\"https:\/\/alit-tech.com\/it\/impianti-di-sverniciatura\/fastrip-ap\/#breadcrumb\",\"itemListElement\":[{\"@type\":\"ListItem\",\"position\":1,\"name\":\"Home\",\"item\":\"https:\/\/alit-tech.com\/it\/\"},{\"@type\":\"ListItem\",\"position\":2,\"name\":\"Impianti di sverniciatura\",\"item\":\"https:\/\/alit-tech.com\/it\/impianti-di-sverniciatura\/\"},{\"@type\":\"ListItem\",\"position\":3,\"name\":\"Fastrip AP\"}]},{\"@type\":\"WebSite\",\"@id\":\"https:\/\/alit-tech.com\/it\/#website\",\"url\":\"https:\/\/alit-tech.com\/it\/\",\"name\":\"Alit technologies Spa\",\"description\":\"\",\"potentialAction\":[{\"@type\":\"SearchAction\",\"target\":{\"@type\":\"EntryPoint\",\"urlTemplate\":\"https:\/\/alit-tech.com\/it\/?s={search_term_string}\"},\"query-input\":\"required name=search_term_string\"}],\"inLanguage\":\"it-IT\"}]}<\/script>\n<!-- \/ Yoast SEO plugin. -->","yoast_head_json":{"title":"Impianto di Sverniciatura Chimica Profili Alluminio: Fastrip AP","description":"Fastrip AP: impianto di sverniciatura chimica profili alluminio, per profili fino a 8m e 250kg. Efficienza e precisione con ALIT Technologies. Clicca qui","robots":{"index":"index","follow":"follow","max-snippet":"max-snippet:-1","max-image-preview":"max-image-preview:large","max-video-preview":"max-video-preview:-1"},"canonical":"https:\/\/alit-tech.com\/it\/impianti-di-sverniciatura\/fastrip-ap\/","og_locale":"it_IT","og_type":"article","og_title":"Impianto di Sverniciatura Chimica Profili Alluminio: Fastrip AP","og_description":"Fastrip AP: impianto di sverniciatura chimica profili alluminio, per profili fino a 8m e 250kg. Efficienza e precisione con ALIT Technologies. Clicca qui","og_url":"https:\/\/alit-tech.com\/it\/impianti-di-sverniciatura\/fastrip-ap\/","og_site_name":"Alit technologies Spa","article_modified_time":"2025-05-19T12:02:05+00:00","og_image":[{"width":1300,"height":390,"url":"https:\/\/alit-tech.com\/wp-content\/uploads\/2024\/04\/Fastrip-AP.png","type":"image\/png"}],"twitter_card":"summary_large_image","twitter_misc":{"Tempo di lettura stimato":"1 minuto"},"schema":{"@context":"https:\/\/schema.org","@graph":[{"@type":"WebPage","@id":"https:\/\/alit-tech.com\/it\/impianti-di-sverniciatura\/fastrip-ap\/","url":"https:\/\/alit-tech.com\/it\/impianti-di-sverniciatura\/fastrip-ap\/","name":"Impianto di Sverniciatura Chimica Profili Alluminio: Fastrip AP","isPartOf":{"@id":"https:\/\/alit-tech.com\/it\/#website"},"primaryImageOfPage":{"@id":"https:\/\/alit-tech.com\/it\/impianti-di-sverniciatura\/fastrip-ap\/#primaryimage"},"image":{"@id":"https:\/\/alit-tech.com\/it\/impianti-di-sverniciatura\/fastrip-ap\/#primaryimage"},"thumbnailUrl":"https:\/\/alit-tech.com\/wp-content\/uploads\/2024\/04\/Fastrip-AP.png","datePublished":"2024-03-26T14:12:08+00:00","dateModified":"2025-05-19T12:02:05+00:00","description":"Fastrip AP: impianto di sverniciatura chimica profili alluminio, per profili fino a 8m e 250kg. Efficienza e precisione con ALIT Technologies. Clicca qui","breadcrumb":{"@id":"https:\/\/alit-tech.com\/it\/impianti-di-sverniciatura\/fastrip-ap\/#breadcrumb"},"inLanguage":"it-IT","potentialAction":[{"@type":"ReadAction","target":["https:\/\/alit-tech.com\/it\/impianti-di-sverniciatura\/fastrip-ap\/"]}]},{"@type":"ImageObject","inLanguage":"it-IT","@id":"https:\/\/alit-tech.com\/it\/impianti-di-sverniciatura\/fastrip-ap\/#primaryimage","url":"https:\/\/alit-tech.com\/wp-content\/uploads\/2024\/04\/Fastrip-AP.png","contentUrl":"https:\/\/alit-tech.com\/wp-content\/uploads\/2024\/04\/Fastrip-AP.png","width":1300,"height":390},{"@type":"BreadcrumbList","@id":"https:\/\/alit-tech.com\/it\/impianti-di-sverniciatura\/fastrip-ap\/#breadcrumb","itemListElement":[{"@type":"ListItem","position":1,"name":"Home","item":"https:\/\/alit-tech.com\/it\/"},{"@type":"ListItem","position":2,"name":"Impianti di sverniciatura","item":"https:\/\/alit-tech.com\/it\/impianti-di-sverniciatura\/"},{"@type":"ListItem","position":3,"name":"Fastrip AP"}]},{"@type":"WebSite","@id":"https:\/\/alit-tech.com\/it\/#website","url":"https:\/\/alit-tech.com\/it\/","name":"Alit technologies Spa","description":"","potentialAction":[{"@type":"SearchAction","target":{"@type":"EntryPoint","urlTemplate":"https:\/\/alit-tech.com\/it\/?s={search_term_string}"},"query-input":"required name=search_term_string"}],"inLanguage":"it-IT"}]}},"_links":{"self":[{"href":"https:\/\/alit-tech.com\/it\/wp-json\/wp\/v2\/pages\/117"}],"collection":[{"href":"https:\/\/alit-tech.com\/it\/wp-json\/wp\/v2\/pages"}],"about":[{"href":"https:\/\/alit-tech.com\/it\/wp-json\/wp\/v2\/types\/page"}],"author":[{"embeddable":true,"href":"https:\/\/alit-tech.com\/it\/wp-json\/wp\/v2\/users\/1"}],"replies":[{"embeddable":true,"href":"https:\/\/alit-tech.com\/it\/wp-json\/wp\/v2\/comments?post=117"}],"version-history":[{"count":14,"href":"https:\/\/alit-tech.com\/it\/wp-json\/wp\/v2\/pages\/117\/revisions"}],"predecessor-version":[{"id":15158,"href":"https:\/\/alit-tech.com\/it\/wp-json\/wp\/v2\/pages\/117\/revisions\/15158"}],"up":[{"embeddable":true,"href":"https:\/\/alit-tech.com\/it\/wp-json\/wp\/v2\/pages\/61"}],"wp:featuredmedia":[{"embeddable":true,"href":"https:\/\/alit-tech.com\/it\/wp-json\/wp\/v2\/media\/544"}],"wp:attachment":[{"href":"https:\/\/alit-tech.com\/it\/wp-json\/wp\/v2\/media?parent=117"}],"curies":[{"name":"wp","href":"https:\/\/api.w.org\/{rel}","templated":true}]}}