{"id":12634,"date":"2024-09-30T10:51:55","date_gmt":"2024-09-30T08:51:55","guid":{"rendered":"https:\/\/alit-tech.com\/?page_id=12634"},"modified":"2025-01-14T14:17:03","modified_gmt":"2025-01-14T13:17:03","slug":"metalstrip2011-aktivator2550","status":"publish","type":"page","link":"https:\/\/alit-tech.com\/it\/svernicianti\/sverniciatura-a-caldo-per-ferro-e-acciaio\/metalstrip2011-aktivator2550\/","title":{"rendered":"METALSTRIP2011-AKTIVATOR2550"},"content":{"rendered":"\n<p>Metalstrip 2011 \u00e8 un prodotto sverniciante a base acquosa indicato per la sverniciatura a caldo ad immersione di materiali ferrosi. Non \u00e8 adatto per leghe leggere o ferro zincato. Metalstrip 2011 \u00e8 pronto all&#8217;uso e privo di idrocarburi alogenati, rendendolo una scelta sicura ed efficace per numerose applicazioni industriali. Si pu\u00f2 abbinare al prodotto Metalstrip Cover Layer 5104 per abbattere l&#8217;evaporazione e la propagazione di odori nell\u2019ambiente di lavoro.<\/p>\n\n\n\n<div style=\"height:50px\" aria-hidden=\"true\" class=\"wp-block-spacer\"><\/div>\n\n\n\n<p><strong>Requisiti tecnici dell\u2019impianto di sverniciatura<\/strong><br>I materiali a contatto devono essere realizzati in acciaio al carbonio o in acciaio inossidabile e devono comunque essere resistenti a soluzioni fortemente alcaline. La vasca di sverniciatura pu\u00f2 essere statica, tuttavia l\u2019utilizzo di mixer o di apposite pompe di miscelazione aumenteranno le performance di sverniciatura. L\u2019utilizzo di specifici sistemi di filtrazione permetter\u00e0 di separare le morchie di vernice, allungando cos\u00ec il tempo di vita del bagno di sverniciatura.<\/p>\n\n\n\n<div style=\"height:50px\" aria-hidden=\"true\" class=\"wp-block-spacer\"><\/div>\n\n\n\n<p><strong>Controllo del bagno di sverniciatura<\/strong><br>Sono disponibili su richiesta apposite istruzioni per le analisi del prodotto. La regolare conduzione di tali analisi permetter\u00e0 di ottimizzare le performance del prodotto.<\/p>\n","protected":false},"excerpt":{"rendered":"<p>Metalstrip 2011 \u00e8 un prodotto sverniciante a base acquosa indicato per la sverniciatura a caldo ad immersione di materiali ferrosi. Non \u00e8 adatto per leghe leggere o ferro zincato. Metalstrip 2011 \u00e8 pronto all&#8217;uso e privo di idrocarburi alogenati, rendendolo una scelta sicura ed efficace per numerose applicazioni industriali. Si pu\u00f2 abbinare al prodotto Metalstrip [&hellip;]<\/p>\n","protected":false},"author":1,"featured_media":12618,"parent":42,"menu_order":0,"comment_status":"closed","ping_status":"closed","template":"template-pages\/08_chemical_cat_product.php","meta":{"_acf_changed":false,"footnotes":""},"class_list":["post-12634","page","type-page","status-publish","has-post-thumbnail","hentry"],"acf":[],"yoast_head":"<!-- This site is optimized with the Yoast SEO plugin v23.1 - https:\/\/yoast.com\/wordpress\/plugins\/seo\/ -->\n<title>Sverniciatore liquido a caldo per ferro - Metalstrip 2011<\/title>\n<meta name=\"description\" content=\"Sverniciatore liquido per ferro Metalstrip 2011: ad alta efficienza e a base acquosa, ideale per immersione a caldo, efficace per applicazioni industriali\" \/>\n<meta name=\"robots\" content=\"index, follow, max-snippet:-1, max-image-preview:large, max-video-preview:-1\" \/>\n<link rel=\"canonical\" href=\"https:\/\/alit-tech.com\/it\/svernicianti\/sverniciatura-a-caldo-per-ferro-e-acciaio\/metalstrip2011-aktivator2550\/\" \/>\n<meta property=\"og:locale\" content=\"it_IT\" \/>\n<meta property=\"og:type\" content=\"article\" \/>\n<meta property=\"og:title\" content=\"Sverniciatore liquido a caldo per ferro - Metalstrip 2011\" \/>\n<meta property=\"og:description\" content=\"Sverniciatore liquido per ferro Metalstrip 2011: ad alta efficienza e a base acquosa, ideale per immersione a caldo, efficace per applicazioni industriali\" \/>\n<meta property=\"og:url\" content=\"https:\/\/alit-tech.com\/it\/svernicianti\/sverniciatura-a-caldo-per-ferro-e-acciaio\/metalstrip2011-aktivator2550\/\" \/>\n<meta property=\"og:site_name\" content=\"Alit technologies Spa\" \/>\n<meta property=\"article:modified_time\" content=\"2025-01-14T13:17:03+00:00\" \/>\n<meta property=\"og:image\" content=\"https:\/\/alit-tech.com\/wp-content\/uploads\/2024\/09\/Sverniciatura-a-caldo-per-Ferro-e-Acciaio.jpg\" \/>\n\t<meta property=\"og:image:width\" content=\"1200\" \/>\n\t<meta property=\"og:image:height\" content=\"600\" \/>\n\t<meta property=\"og:image:type\" content=\"image\/jpeg\" \/>\n<meta name=\"twitter:card\" content=\"summary_large_image\" \/>\n<meta name=\"twitter:label1\" content=\"Tempo di lettura stimato\" \/>\n\t<meta name=\"twitter:data1\" content=\"1 minuto\" \/>\n<script type=\"application\/ld+json\" class=\"yoast-schema-graph\">{\"@context\":\"https:\/\/schema.org\",\"@graph\":[{\"@type\":\"WebPage\",\"@id\":\"https:\/\/alit-tech.com\/it\/svernicianti\/sverniciatura-a-caldo-per-ferro-e-acciaio\/metalstrip2011-aktivator2550\/\",\"url\":\"https:\/\/alit-tech.com\/it\/svernicianti\/sverniciatura-a-caldo-per-ferro-e-acciaio\/metalstrip2011-aktivator2550\/\",\"name\":\"Sverniciatore liquido a caldo per ferro - Metalstrip 2011\",\"isPartOf\":{\"@id\":\"https:\/\/alit-tech.com\/it\/#website\"},\"primaryImageOfPage\":{\"@id\":\"https:\/\/alit-tech.com\/it\/svernicianti\/sverniciatura-a-caldo-per-ferro-e-acciaio\/metalstrip2011-aktivator2550\/#primaryimage\"},\"image\":{\"@id\":\"https:\/\/alit-tech.com\/it\/svernicianti\/sverniciatura-a-caldo-per-ferro-e-acciaio\/metalstrip2011-aktivator2550\/#primaryimage\"},\"thumbnailUrl\":\"https:\/\/alit-tech.com\/wp-content\/uploads\/2024\/09\/Sverniciatura-a-caldo-per-Ferro-e-Acciaio.jpg\",\"datePublished\":\"2024-09-30T08:51:55+00:00\",\"dateModified\":\"2025-01-14T13:17:03+00:00\",\"description\":\"Sverniciatore liquido per ferro Metalstrip 2011: ad alta efficienza e a base acquosa, ideale per immersione a caldo, efficace per applicazioni industriali\",\"breadcrumb\":{\"@id\":\"https:\/\/alit-tech.com\/it\/svernicianti\/sverniciatura-a-caldo-per-ferro-e-acciaio\/metalstrip2011-aktivator2550\/#breadcrumb\"},\"inLanguage\":\"it-IT\",\"potentialAction\":[{\"@type\":\"ReadAction\",\"target\":[\"https:\/\/alit-tech.com\/it\/svernicianti\/sverniciatura-a-caldo-per-ferro-e-acciaio\/metalstrip2011-aktivator2550\/\"]}]},{\"@type\":\"ImageObject\",\"inLanguage\":\"it-IT\",\"@id\":\"https:\/\/alit-tech.com\/it\/svernicianti\/sverniciatura-a-caldo-per-ferro-e-acciaio\/metalstrip2011-aktivator2550\/#primaryimage\",\"url\":\"https:\/\/alit-tech.com\/wp-content\/uploads\/2024\/09\/Sverniciatura-a-caldo-per-Ferro-e-Acciaio.jpg\",\"contentUrl\":\"https:\/\/alit-tech.com\/wp-content\/uploads\/2024\/09\/Sverniciatura-a-caldo-per-Ferro-e-Acciaio.jpg\",\"width\":1200,\"height\":600},{\"@type\":\"BreadcrumbList\",\"@id\":\"https:\/\/alit-tech.com\/it\/svernicianti\/sverniciatura-a-caldo-per-ferro-e-acciaio\/metalstrip2011-aktivator2550\/#breadcrumb\",\"itemListElement\":[{\"@type\":\"ListItem\",\"position\":1,\"name\":\"Home\",\"item\":\"https:\/\/alit-tech.com\/it\/\"},{\"@type\":\"ListItem\",\"position\":2,\"name\":\"Svernicianti\",\"item\":\"https:\/\/alit-tech.com\/it\/svernicianti\/\"},{\"@type\":\"ListItem\",\"position\":3,\"name\":\"Sverniciatura a caldo per Ferro e Acciaio\",\"item\":\"https:\/\/alit-tech.com\/it\/svernicianti\/sverniciatura-a-caldo-per-ferro-e-acciaio\/\"},{\"@type\":\"ListItem\",\"position\":4,\"name\":\"METALSTRIP2011-AKTIVATOR2550\"}]},{\"@type\":\"WebSite\",\"@id\":\"https:\/\/alit-tech.com\/it\/#website\",\"url\":\"https:\/\/alit-tech.com\/it\/\",\"name\":\"Alit technologies Spa\",\"description\":\"\",\"potentialAction\":[{\"@type\":\"SearchAction\",\"target\":{\"@type\":\"EntryPoint\",\"urlTemplate\":\"https:\/\/alit-tech.com\/it\/?s={search_term_string}\"},\"query-input\":\"required name=search_term_string\"}],\"inLanguage\":\"it-IT\"}]}<\/script>\n<!-- \/ Yoast SEO plugin. -->","yoast_head_json":{"title":"Sverniciatore liquido a caldo per ferro - Metalstrip 2011","description":"Sverniciatore liquido per ferro Metalstrip 2011: ad alta efficienza e a base acquosa, ideale per immersione a caldo, efficace per applicazioni industriali","robots":{"index":"index","follow":"follow","max-snippet":"max-snippet:-1","max-image-preview":"max-image-preview:large","max-video-preview":"max-video-preview:-1"},"canonical":"https:\/\/alit-tech.com\/it\/svernicianti\/sverniciatura-a-caldo-per-ferro-e-acciaio\/metalstrip2011-aktivator2550\/","og_locale":"it_IT","og_type":"article","og_title":"Sverniciatore liquido a caldo per ferro - Metalstrip 2011","og_description":"Sverniciatore liquido per ferro Metalstrip 2011: ad alta efficienza e a base acquosa, ideale per immersione a caldo, efficace per applicazioni industriali","og_url":"https:\/\/alit-tech.com\/it\/svernicianti\/sverniciatura-a-caldo-per-ferro-e-acciaio\/metalstrip2011-aktivator2550\/","og_site_name":"Alit technologies Spa","article_modified_time":"2025-01-14T13:17:03+00:00","og_image":[{"width":1200,"height":600,"url":"https:\/\/alit-tech.com\/wp-content\/uploads\/2024\/09\/Sverniciatura-a-caldo-per-Ferro-e-Acciaio.jpg","type":"image\/jpeg"}],"twitter_card":"summary_large_image","twitter_misc":{"Tempo di lettura stimato":"1 minuto"},"schema":{"@context":"https:\/\/schema.org","@graph":[{"@type":"WebPage","@id":"https:\/\/alit-tech.com\/it\/svernicianti\/sverniciatura-a-caldo-per-ferro-e-acciaio\/metalstrip2011-aktivator2550\/","url":"https:\/\/alit-tech.com\/it\/svernicianti\/sverniciatura-a-caldo-per-ferro-e-acciaio\/metalstrip2011-aktivator2550\/","name":"Sverniciatore liquido a caldo per ferro - Metalstrip 2011","isPartOf":{"@id":"https:\/\/alit-tech.com\/it\/#website"},"primaryImageOfPage":{"@id":"https:\/\/alit-tech.com\/it\/svernicianti\/sverniciatura-a-caldo-per-ferro-e-acciaio\/metalstrip2011-aktivator2550\/#primaryimage"},"image":{"@id":"https:\/\/alit-tech.com\/it\/svernicianti\/sverniciatura-a-caldo-per-ferro-e-acciaio\/metalstrip2011-aktivator2550\/#primaryimage"},"thumbnailUrl":"https:\/\/alit-tech.com\/wp-content\/uploads\/2024\/09\/Sverniciatura-a-caldo-per-Ferro-e-Acciaio.jpg","datePublished":"2024-09-30T08:51:55+00:00","dateModified":"2025-01-14T13:17:03+00:00","description":"Sverniciatore liquido per ferro Metalstrip 2011: ad alta efficienza e a base acquosa, ideale per immersione a caldo, efficace per applicazioni industriali","breadcrumb":{"@id":"https:\/\/alit-tech.com\/it\/svernicianti\/sverniciatura-a-caldo-per-ferro-e-acciaio\/metalstrip2011-aktivator2550\/#breadcrumb"},"inLanguage":"it-IT","potentialAction":[{"@type":"ReadAction","target":["https:\/\/alit-tech.com\/it\/svernicianti\/sverniciatura-a-caldo-per-ferro-e-acciaio\/metalstrip2011-aktivator2550\/"]}]},{"@type":"ImageObject","inLanguage":"it-IT","@id":"https:\/\/alit-tech.com\/it\/svernicianti\/sverniciatura-a-caldo-per-ferro-e-acciaio\/metalstrip2011-aktivator2550\/#primaryimage","url":"https:\/\/alit-tech.com\/wp-content\/uploads\/2024\/09\/Sverniciatura-a-caldo-per-Ferro-e-Acciaio.jpg","contentUrl":"https:\/\/alit-tech.com\/wp-content\/uploads\/2024\/09\/Sverniciatura-a-caldo-per-Ferro-e-Acciaio.jpg","width":1200,"height":600},{"@type":"BreadcrumbList","@id":"https:\/\/alit-tech.com\/it\/svernicianti\/sverniciatura-a-caldo-per-ferro-e-acciaio\/metalstrip2011-aktivator2550\/#breadcrumb","itemListElement":[{"@type":"ListItem","position":1,"name":"Home","item":"https:\/\/alit-tech.com\/it\/"},{"@type":"ListItem","position":2,"name":"Svernicianti","item":"https:\/\/alit-tech.com\/it\/svernicianti\/"},{"@type":"ListItem","position":3,"name":"Sverniciatura a caldo per Ferro e Acciaio","item":"https:\/\/alit-tech.com\/it\/svernicianti\/sverniciatura-a-caldo-per-ferro-e-acciaio\/"},{"@type":"ListItem","position":4,"name":"METALSTRIP2011-AKTIVATOR2550"}]},{"@type":"WebSite","@id":"https:\/\/alit-tech.com\/it\/#website","url":"https:\/\/alit-tech.com\/it\/","name":"Alit technologies Spa","description":"","potentialAction":[{"@type":"SearchAction","target":{"@type":"EntryPoint","urlTemplate":"https:\/\/alit-tech.com\/it\/?s={search_term_string}"},"query-input":"required name=search_term_string"}],"inLanguage":"it-IT"}]}},"_links":{"self":[{"href":"https:\/\/alit-tech.com\/it\/wp-json\/wp\/v2\/pages\/12634"}],"collection":[{"href":"https:\/\/alit-tech.com\/it\/wp-json\/wp\/v2\/pages"}],"about":[{"href":"https:\/\/alit-tech.com\/it\/wp-json\/wp\/v2\/types\/page"}],"author":[{"embeddable":true,"href":"https:\/\/alit-tech.com\/it\/wp-json\/wp\/v2\/users\/1"}],"replies":[{"embeddable":true,"href":"https:\/\/alit-tech.com\/it\/wp-json\/wp\/v2\/comments?post=12634"}],"version-history":[{"count":9,"href":"https:\/\/alit-tech.com\/it\/wp-json\/wp\/v2\/pages\/12634\/revisions"}],"predecessor-version":[{"id":13951,"href":"https:\/\/alit-tech.com\/it\/wp-json\/wp\/v2\/pages\/12634\/revisions\/13951"}],"up":[{"embeddable":true,"href":"https:\/\/alit-tech.com\/it\/wp-json\/wp\/v2\/pages\/42"}],"wp:featuredmedia":[{"embeddable":true,"href":"https:\/\/alit-tech.com\/it\/wp-json\/wp\/v2\/media\/12618"}],"wp:attachment":[{"href":"https:\/\/alit-tech.com\/it\/wp-json\/wp\/v2\/media?parent=12634"}],"curies":[{"name":"wp","href":"https:\/\/api.w.org\/{rel}","templated":true}]}}