{"id":12731,"date":"2024-10-03T18:36:44","date_gmt":"2024-10-03T16:36:44","guid":{"rendered":"https:\/\/alit-tech.com\/?page_id=12731"},"modified":"2025-01-14T14:37:11","modified_gmt":"2025-01-14T13:37:11","slug":"metalstrip-updown-2801","status":"publish","type":"page","link":"https:\/\/alit-tech.com\/it\/svernicianti\/svernicianti-bifasici\/metalstrip-updown-2801\/","title":{"rendered":"METALSTRIP UP&amp;DOWN 2801"},"content":{"rendered":"\n<p>Metalstrip UP&amp;DOWN 2801 \u00e8 un innovativo prodotto sverniciante bifasico adatto per la sverniciatura di una ampia variet\u00e0 di vernici. Il prodotto \u00e8 corrosivo sulle leghe metalliche leggere, mentre \u00e8 perfettamente utilizzabile per la sverniciatura di manufatti in acciaio al carbonio o inossidabile. Questo sverniciante, privo di idrocarburi alogenati, fenoli, cromati, ammoniaca, ammine e acidi, offre significativi vantaggi per i lavoratori. Metalstrip UP&amp;DOWN 2801 \u00e8 ideale per l\u2019utilizzo in impianti ad immersione e a spruzzo, con tempi di sverniciatura variabili da 5 minuti a diverse ore a seconda del tipo, dello spessore della vernice e delle condizioni del processo.<\/p>\n\n\n\n<div style=\"height:50px\" aria-hidden=\"true\" class=\"wp-block-spacer\"><\/div>\n\n\n\n<p><strong>Requisiti tecnici dell\u2019impianto di sverniciatura<\/strong><br>I materiali a contatto devono essere realizzati in acciaio al carbonio o in acciaio inossidabile e devono comunque essere resistenti a soluzioni fortemente alcaline. La vasca di sverniciatura deve essere costantemente miscelata attraverso l\u2019utilizzo di mixer o di apposite pompe. L\u2019utilizzo di specifici sistemi di filtrazione permetter\u00e0 di separare le morchie di vernice, allungando cos\u00ec il tempo di vita del bagno di sverniciatura.<\/p>\n\n\n\n<div style=\"height:50px\" aria-hidden=\"true\" class=\"wp-block-spacer\"><\/div>\n\n\n\n<p><strong>Controllo del bagno di sverniciatura<\/strong><br>Sono disponibili su richiesta apposite istruzioni per le analisi del prodotto. La regolare conduzione di tali analisi permetter\u00e0 di ottimizzare le performance del prodotto.<\/p>\n","protected":false},"excerpt":{"rendered":"<p>Metalstrip UP&amp;DOWN 2801 \u00e8 un innovativo prodotto sverniciante bifasico adatto per la sverniciatura di una ampia variet\u00e0 di vernici. Il prodotto \u00e8 corrosivo sulle leghe metalliche leggere, mentre \u00e8 perfettamente utilizzabile per la sverniciatura di manufatti in acciaio al carbonio o inossidabile. Questo sverniciante, privo di idrocarburi alogenati, fenoli, cromati, ammoniaca, ammine e acidi, offre [&hellip;]<\/p>\n","protected":false},"author":1,"featured_media":12726,"parent":12725,"menu_order":0,"comment_status":"closed","ping_status":"closed","template":"template-pages\/08_chemical_cat_product.php","meta":{"_acf_changed":false,"footnotes":""},"class_list":["post-12731","page","type-page","status-publish","has-post-thumbnail","hentry"],"acf":[],"yoast_head":"<!-- This site is optimized with the Yoast SEO plugin v23.1 - https:\/\/yoast.com\/wordpress\/plugins\/seo\/ -->\n<title>Sverniciatore ad acqua bifasico - Metalstrip UP&amp;DOWN 2801<\/title>\n<meta name=\"description\" content=\"Scopri subito Metalstrip UP&amp;DOWN 2801, sverniciatore ad acqua bifasico: ideale per acciaio, efficace in immersione e a spruzzo, con tempi variabili di sverniciatura\" \/>\n<meta name=\"robots\" content=\"index, follow, max-snippet:-1, max-image-preview:large, max-video-preview:-1\" \/>\n<link rel=\"canonical\" href=\"https:\/\/alit-tech.com\/it\/svernicianti\/svernicianti-bifasici\/metalstrip-updown-2801\/\" \/>\n<meta property=\"og:locale\" content=\"it_IT\" \/>\n<meta property=\"og:type\" content=\"article\" \/>\n<meta property=\"og:title\" content=\"Sverniciatore ad acqua bifasico - Metalstrip UP&amp;DOWN 2801\" \/>\n<meta property=\"og:description\" content=\"Scopri subito Metalstrip UP&amp;DOWN 2801, sverniciatore ad acqua bifasico: ideale per acciaio, efficace in immersione e a spruzzo, con tempi variabili di sverniciatura\" \/>\n<meta property=\"og:url\" content=\"https:\/\/alit-tech.com\/it\/svernicianti\/svernicianti-bifasici\/metalstrip-updown-2801\/\" \/>\n<meta property=\"og:site_name\" content=\"Alit technologies Spa\" \/>\n<meta property=\"article:modified_time\" content=\"2025-01-14T13:37:11+00:00\" \/>\n<meta property=\"og:image\" content=\"https:\/\/alit-tech.com\/wp-content\/uploads\/2024\/10\/Svernicianti-BIFASICI.webp\" \/>\n\t<meta property=\"og:image:width\" content=\"983\" \/>\n\t<meta property=\"og:image:height\" content=\"589\" \/>\n\t<meta property=\"og:image:type\" content=\"image\/webp\" \/>\n<meta name=\"twitter:card\" content=\"summary_large_image\" \/>\n<meta name=\"twitter:label1\" content=\"Tempo di lettura stimato\" \/>\n\t<meta name=\"twitter:data1\" content=\"2 minuti\" \/>\n<script type=\"application\/ld+json\" class=\"yoast-schema-graph\">{\"@context\":\"https:\/\/schema.org\",\"@graph\":[{\"@type\":\"WebPage\",\"@id\":\"https:\/\/alit-tech.com\/it\/svernicianti\/svernicianti-bifasici\/metalstrip-updown-2801\/\",\"url\":\"https:\/\/alit-tech.com\/it\/svernicianti\/svernicianti-bifasici\/metalstrip-updown-2801\/\",\"name\":\"Sverniciatore ad acqua bifasico - Metalstrip UP&DOWN 2801\",\"isPartOf\":{\"@id\":\"https:\/\/alit-tech.com\/it\/#website\"},\"primaryImageOfPage\":{\"@id\":\"https:\/\/alit-tech.com\/it\/svernicianti\/svernicianti-bifasici\/metalstrip-updown-2801\/#primaryimage\"},\"image\":{\"@id\":\"https:\/\/alit-tech.com\/it\/svernicianti\/svernicianti-bifasici\/metalstrip-updown-2801\/#primaryimage\"},\"thumbnailUrl\":\"https:\/\/alit-tech.com\/wp-content\/uploads\/2024\/10\/Svernicianti-BIFASICI.webp\",\"datePublished\":\"2024-10-03T16:36:44+00:00\",\"dateModified\":\"2025-01-14T13:37:11+00:00\",\"description\":\"Scopri subito Metalstrip UP&DOWN 2801, sverniciatore ad acqua bifasico: ideale per acciaio, efficace in immersione e a spruzzo, con tempi variabili di sverniciatura\",\"breadcrumb\":{\"@id\":\"https:\/\/alit-tech.com\/it\/svernicianti\/svernicianti-bifasici\/metalstrip-updown-2801\/#breadcrumb\"},\"inLanguage\":\"it-IT\",\"potentialAction\":[{\"@type\":\"ReadAction\",\"target\":[\"https:\/\/alit-tech.com\/it\/svernicianti\/svernicianti-bifasici\/metalstrip-updown-2801\/\"]}]},{\"@type\":\"ImageObject\",\"inLanguage\":\"it-IT\",\"@id\":\"https:\/\/alit-tech.com\/it\/svernicianti\/svernicianti-bifasici\/metalstrip-updown-2801\/#primaryimage\",\"url\":\"https:\/\/alit-tech.com\/wp-content\/uploads\/2024\/10\/Svernicianti-BIFASICI.webp\",\"contentUrl\":\"https:\/\/alit-tech.com\/wp-content\/uploads\/2024\/10\/Svernicianti-BIFASICI.webp\",\"width\":983,\"height\":589},{\"@type\":\"BreadcrumbList\",\"@id\":\"https:\/\/alit-tech.com\/it\/svernicianti\/svernicianti-bifasici\/metalstrip-updown-2801\/#breadcrumb\",\"itemListElement\":[{\"@type\":\"ListItem\",\"position\":1,\"name\":\"Home\",\"item\":\"https:\/\/alit-tech.com\/it\/\"},{\"@type\":\"ListItem\",\"position\":2,\"name\":\"Svernicianti\",\"item\":\"https:\/\/alit-tech.com\/it\/svernicianti\/\"},{\"@type\":\"ListItem\",\"position\":3,\"name\":\"Svernicianti BIFASICI\",\"item\":\"https:\/\/alit-tech.com\/it\/svernicianti\/svernicianti-bifasici\/\"},{\"@type\":\"ListItem\",\"position\":4,\"name\":\"METALSTRIP UP&amp;DOWN 2801\"}]},{\"@type\":\"WebSite\",\"@id\":\"https:\/\/alit-tech.com\/it\/#website\",\"url\":\"https:\/\/alit-tech.com\/it\/\",\"name\":\"Alit technologies Spa\",\"description\":\"\",\"potentialAction\":[{\"@type\":\"SearchAction\",\"target\":{\"@type\":\"EntryPoint\",\"urlTemplate\":\"https:\/\/alit-tech.com\/it\/?s={search_term_string}\"},\"query-input\":\"required name=search_term_string\"}],\"inLanguage\":\"it-IT\"}]}<\/script>\n<!-- \/ Yoast SEO plugin. -->","yoast_head_json":{"title":"Sverniciatore ad acqua bifasico - Metalstrip UP&DOWN 2801","description":"Scopri subito Metalstrip UP&DOWN 2801, sverniciatore ad acqua bifasico: ideale per acciaio, efficace in immersione e a spruzzo, con tempi variabili di sverniciatura","robots":{"index":"index","follow":"follow","max-snippet":"max-snippet:-1","max-image-preview":"max-image-preview:large","max-video-preview":"max-video-preview:-1"},"canonical":"https:\/\/alit-tech.com\/it\/svernicianti\/svernicianti-bifasici\/metalstrip-updown-2801\/","og_locale":"it_IT","og_type":"article","og_title":"Sverniciatore ad acqua bifasico - Metalstrip UP&DOWN 2801","og_description":"Scopri subito Metalstrip UP&DOWN 2801, sverniciatore ad acqua bifasico: ideale per acciaio, efficace in immersione e a spruzzo, con tempi variabili di sverniciatura","og_url":"https:\/\/alit-tech.com\/it\/svernicianti\/svernicianti-bifasici\/metalstrip-updown-2801\/","og_site_name":"Alit technologies Spa","article_modified_time":"2025-01-14T13:37:11+00:00","og_image":[{"width":983,"height":589,"url":"https:\/\/alit-tech.com\/wp-content\/uploads\/2024\/10\/Svernicianti-BIFASICI.webp","type":"image\/webp"}],"twitter_card":"summary_large_image","twitter_misc":{"Tempo di lettura stimato":"2 minuti"},"schema":{"@context":"https:\/\/schema.org","@graph":[{"@type":"WebPage","@id":"https:\/\/alit-tech.com\/it\/svernicianti\/svernicianti-bifasici\/metalstrip-updown-2801\/","url":"https:\/\/alit-tech.com\/it\/svernicianti\/svernicianti-bifasici\/metalstrip-updown-2801\/","name":"Sverniciatore ad acqua bifasico - Metalstrip UP&DOWN 2801","isPartOf":{"@id":"https:\/\/alit-tech.com\/it\/#website"},"primaryImageOfPage":{"@id":"https:\/\/alit-tech.com\/it\/svernicianti\/svernicianti-bifasici\/metalstrip-updown-2801\/#primaryimage"},"image":{"@id":"https:\/\/alit-tech.com\/it\/svernicianti\/svernicianti-bifasici\/metalstrip-updown-2801\/#primaryimage"},"thumbnailUrl":"https:\/\/alit-tech.com\/wp-content\/uploads\/2024\/10\/Svernicianti-BIFASICI.webp","datePublished":"2024-10-03T16:36:44+00:00","dateModified":"2025-01-14T13:37:11+00:00","description":"Scopri subito Metalstrip UP&DOWN 2801, sverniciatore ad acqua bifasico: ideale per acciaio, efficace in immersione e a spruzzo, con tempi variabili di sverniciatura","breadcrumb":{"@id":"https:\/\/alit-tech.com\/it\/svernicianti\/svernicianti-bifasici\/metalstrip-updown-2801\/#breadcrumb"},"inLanguage":"it-IT","potentialAction":[{"@type":"ReadAction","target":["https:\/\/alit-tech.com\/it\/svernicianti\/svernicianti-bifasici\/metalstrip-updown-2801\/"]}]},{"@type":"ImageObject","inLanguage":"it-IT","@id":"https:\/\/alit-tech.com\/it\/svernicianti\/svernicianti-bifasici\/metalstrip-updown-2801\/#primaryimage","url":"https:\/\/alit-tech.com\/wp-content\/uploads\/2024\/10\/Svernicianti-BIFASICI.webp","contentUrl":"https:\/\/alit-tech.com\/wp-content\/uploads\/2024\/10\/Svernicianti-BIFASICI.webp","width":983,"height":589},{"@type":"BreadcrumbList","@id":"https:\/\/alit-tech.com\/it\/svernicianti\/svernicianti-bifasici\/metalstrip-updown-2801\/#breadcrumb","itemListElement":[{"@type":"ListItem","position":1,"name":"Home","item":"https:\/\/alit-tech.com\/it\/"},{"@type":"ListItem","position":2,"name":"Svernicianti","item":"https:\/\/alit-tech.com\/it\/svernicianti\/"},{"@type":"ListItem","position":3,"name":"Svernicianti BIFASICI","item":"https:\/\/alit-tech.com\/it\/svernicianti\/svernicianti-bifasici\/"},{"@type":"ListItem","position":4,"name":"METALSTRIP UP&amp;DOWN 2801"}]},{"@type":"WebSite","@id":"https:\/\/alit-tech.com\/it\/#website","url":"https:\/\/alit-tech.com\/it\/","name":"Alit technologies Spa","description":"","potentialAction":[{"@type":"SearchAction","target":{"@type":"EntryPoint","urlTemplate":"https:\/\/alit-tech.com\/it\/?s={search_term_string}"},"query-input":"required name=search_term_string"}],"inLanguage":"it-IT"}]}},"_links":{"self":[{"href":"https:\/\/alit-tech.com\/it\/wp-json\/wp\/v2\/pages\/12731"}],"collection":[{"href":"https:\/\/alit-tech.com\/it\/wp-json\/wp\/v2\/pages"}],"about":[{"href":"https:\/\/alit-tech.com\/it\/wp-json\/wp\/v2\/types\/page"}],"author":[{"embeddable":true,"href":"https:\/\/alit-tech.com\/it\/wp-json\/wp\/v2\/users\/1"}],"replies":[{"embeddable":true,"href":"https:\/\/alit-tech.com\/it\/wp-json\/wp\/v2\/comments?post=12731"}],"version-history":[{"count":2,"href":"https:\/\/alit-tech.com\/it\/wp-json\/wp\/v2\/pages\/12731\/revisions"}],"predecessor-version":[{"id":13976,"href":"https:\/\/alit-tech.com\/it\/wp-json\/wp\/v2\/pages\/12731\/revisions\/13976"}],"up":[{"embeddable":true,"href":"https:\/\/alit-tech.com\/it\/wp-json\/wp\/v2\/pages\/12725"}],"wp:featuredmedia":[{"embeddable":true,"href":"https:\/\/alit-tech.com\/it\/wp-json\/wp\/v2\/media\/12726"}],"wp:attachment":[{"href":"https:\/\/alit-tech.com\/it\/wp-json\/wp\/v2\/media?parent=12731"}],"curies":[{"name":"wp","href":"https:\/\/api.w.org\/{rel}","templated":true}]}}