{"id":128,"date":"2024-03-26T15:13:48","date_gmt":"2024-03-26T14:13:48","guid":{"rendered":"https:\/\/www.alit-tech.com\/?page_id=128"},"modified":"2025-05-16T14:49:07","modified_gmt":"2025-05-16T12:49:07","slug":"fastrip-fp","status":"publish","type":"page","link":"https:\/\/alit-tech.com\/it\/impianti-di-sverniciatura\/fastrip-fp\/","title":{"rendered":"Fastrip FP"},"content":{"rendered":"\n<p>Le filtropresse della serie FASTRIP FP sono appositamente progettate per la filtrazione dei bagni di sverniciatura. Le filtropresse FASTRIP FP assicurano le massime performance di filtrazione e durabilit\u00e0 nel tempo.<\/p>\n\n\n\n<p><strong>Dosatore di flocculante a canale vibrante<\/strong><br>Il sistema FP si compone di un dosatore di flocculante progettato per l\u2019aggiunta automatica di flocculanti su vasche contenenti i fanghi di sverniciatura. ALIT Technologies offre diverse taglie di dosatori in base alla tipologia dell\u2019impianto di sverniciatura. Grazie a un apposito canale vibrante essi permettono di trasferire con precisione il flocculante della serie ALITFLOCK dalla tramoggia vibrante alla vasca di sedimentazione fanghi. Il dosatore \u00e8 dotato di un sensore di livello che segnala il raggiungimento della quota minima di prodotto. In effetti, \u00e8 possibile regolare le modalit\u00e0 di dosaggio automatico operando direttamente sull\u2019interfaccia dal pannello di filtrazione.<\/p>\n\n\n\n<p><strong>Vasche di sedimentazione fanghi e rilancio filtrato<\/strong><br>Le filtropresse FASTRIP FP sono normalmente collegate a una vasca di sedimentazione dei fanghi, e ad una vasca di raccolta e rilancio del liquido filtrato. Nella vasca di sedimentazione vengono infatti aspirati e raccolti i fanghi che provengono dalla vasca di sverniciatura. Il suo design e il fondo conico favoriscono la naturale decantazione dei fanghi. Nella vasca di rilancio viene quindi raccolto lo sverniciante filtrato in uscita dalla filtropressa. La presenza di un sensore di livello permette di regolare a piacere il livello di riempimento dell\u2019unit\u00e0. Inoltre, il software permette il riempimento sia in modo continuo che discontinuo, secondo gli specifici parametri . Ognuna di queste vasche \u00e8 in ASISI 304 con fondo conico, \u00e8 dotata di sensore di livello, coperchio apribile e valvola di scarico sul fondo.<\/p>\n","protected":false},"excerpt":{"rendered":"<p>Le filtropresse della serie FASTRIP FP sono appositamente progettate per la filtrazione dei bagni di sverniciatura. Le filtropresse FASTRIP FP assicurano le massime performance di filtrazione e durabilit\u00e0 nel tempo. Dosatore di flocculante a canale vibranteIl sistema FP si compone di un dosatore di flocculante progettato per l\u2019aggiunta automatica di flocculanti su vasche contenenti i [&hellip;]<\/p>\n","protected":false},"author":1,"featured_media":553,"parent":61,"menu_order":0,"comment_status":"closed","ping_status":"closed","template":"template-pages\/05_plants_product.php","meta":{"_acf_changed":false,"footnotes":""},"class_list":["post-128","page","type-page","status-publish","has-post-thumbnail","hentry"],"acf":[],"yoast_head":"<!-- This site is optimized with the Yoast SEO plugin v23.1 - https:\/\/yoast.com\/wordpress\/plugins\/seo\/ -->\n<title>Filtropresse Fastrip FP: Unit\u00e0 di Filtrazione per Sverniciatura<\/title>\n<meta name=\"description\" content=\"Massimizza la purificazione con l&#039;unit\u00e0 di filtrazione per sverniciatura Fastrip FP, dotata di filtropressa e dosatore di flocculante avanzato. Clicca qui\" \/>\n<meta name=\"robots\" content=\"index, follow, max-snippet:-1, max-image-preview:large, max-video-preview:-1\" \/>\n<link rel=\"canonical\" href=\"https:\/\/alit-tech.com\/it\/impianti-di-sverniciatura\/fastrip-fp\/\" \/>\n<meta property=\"og:locale\" content=\"it_IT\" \/>\n<meta property=\"og:type\" content=\"article\" \/>\n<meta property=\"og:title\" content=\"Filtropresse Fastrip FP: Unit\u00e0 di Filtrazione per Sverniciatura\" \/>\n<meta property=\"og:description\" content=\"Massimizza la purificazione con l&#039;unit\u00e0 di filtrazione per sverniciatura Fastrip FP, dotata di filtropressa e dosatore di flocculante avanzato. Clicca qui\" \/>\n<meta property=\"og:url\" content=\"https:\/\/alit-tech.com\/it\/impianti-di-sverniciatura\/fastrip-fp\/\" \/>\n<meta property=\"og:site_name\" content=\"Alit technologies Spa\" \/>\n<meta property=\"article:modified_time\" content=\"2025-05-16T12:49:07+00:00\" \/>\n<meta property=\"og:image\" content=\"https:\/\/alit-tech.com\/wp-content\/uploads\/2024\/04\/Fastrip-FP.png\" \/>\n\t<meta property=\"og:image:width\" content=\"1700\" \/>\n\t<meta property=\"og:image:height\" content=\"585\" \/>\n\t<meta property=\"og:image:type\" content=\"image\/png\" \/>\n<meta name=\"twitter:card\" content=\"summary_large_image\" \/>\n<meta name=\"twitter:label1\" content=\"Tempo di lettura stimato\" \/>\n\t<meta name=\"twitter:data1\" content=\"2 minuti\" \/>\n<script type=\"application\/ld+json\" class=\"yoast-schema-graph\">{\"@context\":\"https:\/\/schema.org\",\"@graph\":[{\"@type\":\"WebPage\",\"@id\":\"https:\/\/alit-tech.com\/it\/impianti-di-sverniciatura\/fastrip-fp\/\",\"url\":\"https:\/\/alit-tech.com\/it\/impianti-di-sverniciatura\/fastrip-fp\/\",\"name\":\"Filtropresse Fastrip FP: Unit\u00e0 di Filtrazione per Sverniciatura\",\"isPartOf\":{\"@id\":\"https:\/\/alit-tech.com\/it\/#website\"},\"primaryImageOfPage\":{\"@id\":\"https:\/\/alit-tech.com\/it\/impianti-di-sverniciatura\/fastrip-fp\/#primaryimage\"},\"image\":{\"@id\":\"https:\/\/alit-tech.com\/it\/impianti-di-sverniciatura\/fastrip-fp\/#primaryimage\"},\"thumbnailUrl\":\"https:\/\/alit-tech.com\/wp-content\/uploads\/2024\/04\/Fastrip-FP.png\",\"datePublished\":\"2024-03-26T14:13:48+00:00\",\"dateModified\":\"2025-05-16T12:49:07+00:00\",\"description\":\"Massimizza la purificazione con l'unit\u00e0 di filtrazione per sverniciatura Fastrip FP, dotata di filtropressa e dosatore di flocculante avanzato. Clicca qui\",\"breadcrumb\":{\"@id\":\"https:\/\/alit-tech.com\/it\/impianti-di-sverniciatura\/fastrip-fp\/#breadcrumb\"},\"inLanguage\":\"it-IT\",\"potentialAction\":[{\"@type\":\"ReadAction\",\"target\":[\"https:\/\/alit-tech.com\/it\/impianti-di-sverniciatura\/fastrip-fp\/\"]}]},{\"@type\":\"ImageObject\",\"inLanguage\":\"it-IT\",\"@id\":\"https:\/\/alit-tech.com\/it\/impianti-di-sverniciatura\/fastrip-fp\/#primaryimage\",\"url\":\"https:\/\/alit-tech.com\/wp-content\/uploads\/2024\/04\/Fastrip-FP.png\",\"contentUrl\":\"https:\/\/alit-tech.com\/wp-content\/uploads\/2024\/04\/Fastrip-FP.png\",\"width\":1700,\"height\":585},{\"@type\":\"BreadcrumbList\",\"@id\":\"https:\/\/alit-tech.com\/it\/impianti-di-sverniciatura\/fastrip-fp\/#breadcrumb\",\"itemListElement\":[{\"@type\":\"ListItem\",\"position\":1,\"name\":\"Home\",\"item\":\"https:\/\/alit-tech.com\/it\/\"},{\"@type\":\"ListItem\",\"position\":2,\"name\":\"Impianti di sverniciatura\",\"item\":\"https:\/\/alit-tech.com\/it\/impianti-di-sverniciatura\/\"},{\"@type\":\"ListItem\",\"position\":3,\"name\":\"Fastrip FP\"}]},{\"@type\":\"WebSite\",\"@id\":\"https:\/\/alit-tech.com\/it\/#website\",\"url\":\"https:\/\/alit-tech.com\/it\/\",\"name\":\"Alit technologies Spa\",\"description\":\"\",\"potentialAction\":[{\"@type\":\"SearchAction\",\"target\":{\"@type\":\"EntryPoint\",\"urlTemplate\":\"https:\/\/alit-tech.com\/it\/?s={search_term_string}\"},\"query-input\":\"required name=search_term_string\"}],\"inLanguage\":\"it-IT\"}]}<\/script>\n<!-- \/ Yoast SEO plugin. -->","yoast_head_json":{"title":"Filtropresse Fastrip FP: Unit\u00e0 di Filtrazione per Sverniciatura","description":"Massimizza la purificazione con l'unit\u00e0 di filtrazione per sverniciatura Fastrip FP, dotata di filtropressa e dosatore di flocculante avanzato. Clicca qui","robots":{"index":"index","follow":"follow","max-snippet":"max-snippet:-1","max-image-preview":"max-image-preview:large","max-video-preview":"max-video-preview:-1"},"canonical":"https:\/\/alit-tech.com\/it\/impianti-di-sverniciatura\/fastrip-fp\/","og_locale":"it_IT","og_type":"article","og_title":"Filtropresse Fastrip FP: Unit\u00e0 di Filtrazione per Sverniciatura","og_description":"Massimizza la purificazione con l'unit\u00e0 di filtrazione per sverniciatura Fastrip FP, dotata di filtropressa e dosatore di flocculante avanzato. Clicca qui","og_url":"https:\/\/alit-tech.com\/it\/impianti-di-sverniciatura\/fastrip-fp\/","og_site_name":"Alit technologies Spa","article_modified_time":"2025-05-16T12:49:07+00:00","og_image":[{"width":1700,"height":585,"url":"https:\/\/alit-tech.com\/wp-content\/uploads\/2024\/04\/Fastrip-FP.png","type":"image\/png"}],"twitter_card":"summary_large_image","twitter_misc":{"Tempo di lettura stimato":"2 minuti"},"schema":{"@context":"https:\/\/schema.org","@graph":[{"@type":"WebPage","@id":"https:\/\/alit-tech.com\/it\/impianti-di-sverniciatura\/fastrip-fp\/","url":"https:\/\/alit-tech.com\/it\/impianti-di-sverniciatura\/fastrip-fp\/","name":"Filtropresse Fastrip FP: Unit\u00e0 di Filtrazione per Sverniciatura","isPartOf":{"@id":"https:\/\/alit-tech.com\/it\/#website"},"primaryImageOfPage":{"@id":"https:\/\/alit-tech.com\/it\/impianti-di-sverniciatura\/fastrip-fp\/#primaryimage"},"image":{"@id":"https:\/\/alit-tech.com\/it\/impianti-di-sverniciatura\/fastrip-fp\/#primaryimage"},"thumbnailUrl":"https:\/\/alit-tech.com\/wp-content\/uploads\/2024\/04\/Fastrip-FP.png","datePublished":"2024-03-26T14:13:48+00:00","dateModified":"2025-05-16T12:49:07+00:00","description":"Massimizza la purificazione con l'unit\u00e0 di filtrazione per sverniciatura Fastrip FP, dotata di filtropressa e dosatore di flocculante avanzato. Clicca qui","breadcrumb":{"@id":"https:\/\/alit-tech.com\/it\/impianti-di-sverniciatura\/fastrip-fp\/#breadcrumb"},"inLanguage":"it-IT","potentialAction":[{"@type":"ReadAction","target":["https:\/\/alit-tech.com\/it\/impianti-di-sverniciatura\/fastrip-fp\/"]}]},{"@type":"ImageObject","inLanguage":"it-IT","@id":"https:\/\/alit-tech.com\/it\/impianti-di-sverniciatura\/fastrip-fp\/#primaryimage","url":"https:\/\/alit-tech.com\/wp-content\/uploads\/2024\/04\/Fastrip-FP.png","contentUrl":"https:\/\/alit-tech.com\/wp-content\/uploads\/2024\/04\/Fastrip-FP.png","width":1700,"height":585},{"@type":"BreadcrumbList","@id":"https:\/\/alit-tech.com\/it\/impianti-di-sverniciatura\/fastrip-fp\/#breadcrumb","itemListElement":[{"@type":"ListItem","position":1,"name":"Home","item":"https:\/\/alit-tech.com\/it\/"},{"@type":"ListItem","position":2,"name":"Impianti di sverniciatura","item":"https:\/\/alit-tech.com\/it\/impianti-di-sverniciatura\/"},{"@type":"ListItem","position":3,"name":"Fastrip FP"}]},{"@type":"WebSite","@id":"https:\/\/alit-tech.com\/it\/#website","url":"https:\/\/alit-tech.com\/it\/","name":"Alit technologies Spa","description":"","potentialAction":[{"@type":"SearchAction","target":{"@type":"EntryPoint","urlTemplate":"https:\/\/alit-tech.com\/it\/?s={search_term_string}"},"query-input":"required name=search_term_string"}],"inLanguage":"it-IT"}]}},"_links":{"self":[{"href":"https:\/\/alit-tech.com\/it\/wp-json\/wp\/v2\/pages\/128"}],"collection":[{"href":"https:\/\/alit-tech.com\/it\/wp-json\/wp\/v2\/pages"}],"about":[{"href":"https:\/\/alit-tech.com\/it\/wp-json\/wp\/v2\/types\/page"}],"author":[{"embeddable":true,"href":"https:\/\/alit-tech.com\/it\/wp-json\/wp\/v2\/users\/1"}],"replies":[{"embeddable":true,"href":"https:\/\/alit-tech.com\/it\/wp-json\/wp\/v2\/comments?post=128"}],"version-history":[{"count":6,"href":"https:\/\/alit-tech.com\/it\/wp-json\/wp\/v2\/pages\/128\/revisions"}],"predecessor-version":[{"id":15117,"href":"https:\/\/alit-tech.com\/it\/wp-json\/wp\/v2\/pages\/128\/revisions\/15117"}],"up":[{"embeddable":true,"href":"https:\/\/alit-tech.com\/it\/wp-json\/wp\/v2\/pages\/61"}],"wp:featuredmedia":[{"embeddable":true,"href":"https:\/\/alit-tech.com\/it\/wp-json\/wp\/v2\/media\/553"}],"wp:attachment":[{"href":"https:\/\/alit-tech.com\/it\/wp-json\/wp\/v2\/media?parent=128"}],"curies":[{"name":"wp","href":"https:\/\/api.w.org\/{rel}","templated":true}]}}