{"id":134,"date":"2024-03-26T15:15:39","date_gmt":"2024-03-26T14:15:39","guid":{"rendered":"https:\/\/www.alit-tech.com\/?page_id=134"},"modified":"2025-12-01T10:03:42","modified_gmt":"2025-12-01T09:03:42","slug":"certificazioni","status":"publish","type":"page","link":"https:\/\/alit-tech.com\/it\/certificazioni\/","title":{"rendered":"Certificazioni"},"content":{"rendered":"\n<p style=\"font-size:32px\"><strong>Certificazioni ISO 9001 e ISO 14001: Qualit\u00e0 e Sostenibilit\u00e0 al Cuore di ALIT Technologies<\/strong><\/p>\n\n\n\n<p>ALIT Technologies \u00e8 orgogliosa di annunciare di aver ottenuto le prestigiose certificazioni ISO 9001 e ISO 14001, riconoscimenti che attestano il nostro impegno costante sia nella qualit\u00e0 dei nostri prodotti e servizi che nella gestione ambientale sostenibile. Questi certificati, rilasciati da autorit\u00e0 indipendenti e riconosciuti a livello globale, rappresentano la nostra dedizione a operare con i massimi standard di eccellenza e responsabilit\u00e0 ambientale.<\/p>\n\n\n\n<div style=\"height:46px\" aria-hidden=\"true\" class=\"wp-block-spacer\"><\/div>\n\n\n\n<div class=\"wp-block-columns is-layout-flex wp-container-core-columns-is-layout-1 wp-block-columns-is-layout-flex\">\n<div class=\"wp-block-column is-layout-flow wp-block-column-is-layout-flow\" style=\"flex-basis:66.66%\"><div class=\"wp-block-image\">\n<figure class=\"aligncenter size-full is-resized\"><img decoding=\"async\" width=\"714\" height=\"352\" src=\"https:\/\/www.alit-tech.com\/wp-content\/uploads\/2024\/05\/Certificazioni_iso_ALIT_tech.jpg\" alt=\"\" class=\"wp-image-9505\" style=\"width:411px;height:auto\" srcset=\"https:\/\/alit-tech.com\/wp-content\/uploads\/2024\/05\/Certificazioni_iso_ALIT_tech.jpg 714w, https:\/\/alit-tech.com\/wp-content\/uploads\/2024\/05\/Certificazioni_iso_ALIT_tech-300x148.jpg 300w\" sizes=\"(max-width: 714px) 100vw, 714px\" \/><\/figure><\/div><\/div>\n\n\n\n<div class=\"wp-block-column is-layout-flow wp-block-column-is-layout-flow\" style=\"flex-basis:33.33%\">\n<figure class=\"wp-block-image size-full\"><img decoding=\"async\" width=\"2000\" height=\"1410\" src=\"https:\/\/alit-tech.com\/wp-content\/uploads\/2025\/12\/Please-make-an-offer-for-faststrip-paint-removal-system.png\" alt=\"\" class=\"wp-image-16356\" srcset=\"https:\/\/alit-tech.com\/wp-content\/uploads\/2025\/12\/Please-make-an-offer-for-faststrip-paint-removal-system.png 2000w, https:\/\/alit-tech.com\/wp-content\/uploads\/2025\/12\/Please-make-an-offer-for-faststrip-paint-removal-system-300x212.png 300w, https:\/\/alit-tech.com\/wp-content\/uploads\/2025\/12\/Please-make-an-offer-for-faststrip-paint-removal-system-1024x722.png 1024w, https:\/\/alit-tech.com\/wp-content\/uploads\/2025\/12\/Please-make-an-offer-for-faststrip-paint-removal-system-768x541.png 768w, https:\/\/alit-tech.com\/wp-content\/uploads\/2025\/12\/Please-make-an-offer-for-faststrip-paint-removal-system-1536x1083.png 1536w\" sizes=\"(max-width: 2000px) 100vw, 2000px\" \/><\/figure>\n<\/div>\n<\/div>\n\n\n\n<div style=\"height:46px\" aria-hidden=\"true\" class=\"wp-block-spacer\"><\/div>\n\n\n\n<div class=\"wp-block-columns is-layout-flex wp-container-core-columns-is-layout-2 wp-block-columns-is-layout-flex\">\n<div class=\"wp-block-column is-layout-flow wp-block-column-is-layout-flow\">\n<div class=\"wp-block-buttons is-content-justification-right is-layout-flex wp-container-core-buttons-is-layout-1 wp-block-buttons-is-layout-flex\">\n<div class=\"wp-block-button has-custom-width wp-block-button__width-75 has-custom-font-size has-medium-font-size\"><a class=\"wp-block-button__link has-luminous-vivid-orange-background-color has-background wp-element-button\" href=\"https:\/\/alit-tech.com\/wp-content\/uploads\/2025\/12\/ISO-CERTIFICATE-14001.pdf\" style=\"border-radius:0px\" target=\"_blank\" rel=\"noreferrer noopener\">Scarica <strong>ISO 14001<\/strong><\/a><\/div>\n<\/div>\n<\/div>\n\n\n\n<div class=\"wp-block-column is-layout-flow wp-block-column-is-layout-flow\">\n<div class=\"wp-block-buttons is-layout-flex wp-block-buttons-is-layout-flex\">\n<div class=\"wp-block-button has-custom-width wp-block-button__width-75 has-custom-font-size is-style-fill has-medium-font-size\"><a class=\"wp-block-button__link has-luminous-vivid-orange-background-color has-background wp-element-button\" href=\"https:\/\/alit-tech.com\/wp-content\/uploads\/2024\/12\/CERTIFICATO-ISO-9001-ITA.pdf.pdf\" style=\"border-radius:0px\" target=\"_blank\" rel=\"noreferrer noopener\">Scarica <strong>ISO 9001<\/strong><\/a><\/div>\n<\/div>\n<\/div>\n<\/div>\n\n\n\n<div style=\"height:46px\" aria-hidden=\"true\" class=\"wp-block-spacer\"><\/div>\n\n\n\n<p>La certificazione ISO 9001 conferma che i nostri processi di produzione, servizio clienti e gestione soddisfano rigorosi standard di qualit\u00e0 internazionale. La certificazione ISO 14001, invece, dimostra che abbiamo implementato un sistema di gestione ambientale efficace, monitorando l&#8217;impatto delle nostre attivit\u00e0 sull&#8217;ambiente: primo importante passo per ridurlo. Insieme, queste certificazioni rappresentano il nostro impegno verso un futuro pi\u00f9 sostenibile e di alta qualit\u00e0.<\/p>\n\n\n\n<div style=\"height:46px\" aria-hidden=\"true\" class=\"wp-block-spacer\"><\/div>\n\n\n\n<p style=\"font-size:32px\"><strong>I Vantaggi delle Certificazioni ISO 9001 e ISO 14001 da ALIT Technologies:<\/strong><\/p>\n\n\n\n<p><strong>Qualit\u00e0 Garantita<\/strong><br>Le certificazioni ISO 9001 e ISO 14001 attestano che i nostri processi operativi sono valutati e conformi agli standard internazionali. Questo significa che forniamo prodotti e servizi di alta qualit\u00e0 mentre ci impegniamo a gestire in modo sistematico le nostre responsabilit\u00e0 ambientali.<\/p>\n\n\n\n<p><strong>Fiducia dei Clienti<\/strong><br>Queste certificazioni rafforzano la fiducia dei nostri clienti nella nostra capacit\u00e0 di fornire prodotti e servizi che non solo soddisfano le loro esigenze ma rispettano anche l&#8217;ambiente. Scegliendo ALIT Technologies, i clienti sanno di collaborare con un partner responsabile e affidabile.<\/p>\n\n\n\n<p><strong>Innovazione e Miglioramento Continuo<\/strong><br>Sia la ISO 9001 che la ISO 14001 ci spingono a migliorare continuamente. Monitoriamo regolarmente i nostri processi per identificare e implementare opportunit\u00e0 di miglioramento, garantendo una crescita sostenibile e innovativa.<\/p>\n\n\n\n<p><strong>Efficienza Operativa<\/strong><br>L&#8217;adozione di questi standard internazionali ci permette di ottimizzare l&#8217;uso delle risorse, riducendo sprechi e costi operativi. Questo si traduce in una maggiore produttivit\u00e0 e nella capacit\u00e0 di offrire prezzi competitivi, beneficiando sia i nostri clienti che l&#8217;ambiente.<\/p>\n\n\n\n<p><strong>Vantaggi Competitivi<\/strong><br>Con queste certificazioni, ALIT Technologies pu\u00f2 competere efficacemente a livello globale. La conformit\u00e0 agli standard internazionali di qualit\u00e0 e sostenibilit\u00e0 apre nuove opportunit\u00e0 di mercato e partnership strategiche, consolidando la nostra presenza su scala mondiale.<\/p>\n\n\n\n<div style=\"height:46px\" aria-hidden=\"true\" class=\"wp-block-spacer\"><\/div>\n\n\n\n<div class=\"wp-block-columns is-layout-flex wp-container-core-columns-is-layout-3 wp-block-columns-is-layout-flex\">\n<div class=\"wp-block-column is-layout-flow wp-block-column-is-layout-flow\"><div class=\"wp-block-image\">\n<figure class=\"aligncenter size-large\"><img decoding=\"async\" width=\"1024\" height=\"712\" src=\"https:\/\/alit-tech.com\/wp-content\/uploads\/2024\/12\/SI-Rating-ALIT-Technolgies-Spa-Sostenibilita-1024x712.png\" alt=\"\" class=\"wp-image-13445\" srcset=\"https:\/\/alit-tech.com\/wp-content\/uploads\/2024\/12\/SI-Rating-ALIT-Technolgies-Spa-Sostenibilita-1024x712.png 1024w, https:\/\/alit-tech.com\/wp-content\/uploads\/2024\/12\/SI-Rating-ALIT-Technolgies-Spa-Sostenibilita-300x209.png 300w, https:\/\/alit-tech.com\/wp-content\/uploads\/2024\/12\/SI-Rating-ALIT-Technolgies-Spa-Sostenibilita-768x534.png 768w, https:\/\/alit-tech.com\/wp-content\/uploads\/2024\/12\/SI-Rating-ALIT-Technolgies-Spa-Sostenibilita.png 1102w\" sizes=\"(max-width: 1024px) 100vw, 1024px\" \/><\/figure><\/div><\/div>\n\n\n\n<div class=\"wp-block-column is-vertically-aligned-center is-layout-flow wp-block-column-is-layout-flow\"><div class=\"wp-block-image\">\n<figure class=\"aligncenter size-full is-resized\"><img decoding=\"async\" width=\"566\" height=\"393\" src=\"https:\/\/alit-tech.com\/wp-content\/uploads\/2024\/12\/SI-Rating-Start-2024.png\" alt=\"\" class=\"wp-image-13449\" style=\"width:262px\" srcset=\"https:\/\/alit-tech.com\/wp-content\/uploads\/2024\/12\/SI-Rating-Start-2024.png 566w, https:\/\/alit-tech.com\/wp-content\/uploads\/2024\/12\/SI-Rating-Start-2024-300x208.png 300w\" sizes=\"(max-width: 566px) 100vw, 566px\" \/><\/figure><\/div><\/div>\n<\/div>\n\n\n\n<div style=\"height:46px\" aria-hidden=\"true\" class=\"wp-block-spacer\"><\/div>\n\n\n\n<p style=\"font-size:32px\"><strong>Certificazione SI Rating<\/strong><\/p>\n\n\n\n<p>Alit Technologies Spa ha ottenuto il riconoscimento <a href=\"https:\/\/www.arbsb.it\/si-rating\/#:~:text=SI%20Rating%20(Sustainability%20Impact%20Rating,i%20relativi%20rischi%20e%20opportunit%C3%A0.\" target=\"_blank\" rel=\"noreferrer noopener\"><mark style=\"background-color:rgba(0, 0, 0, 0)\" class=\"has-inline-color has-luminous-vivid-orange-color\">Sustainability Impact Rating<\/mark><\/a> (SI Rating), che valuta la sostenibilit\u00e0 ambientale, sociale e di governance (ESG) delle organizzazioni. Questo risultato testimonia il nostro impegno verso la trasparenza, l&#8217;allineamento agli Obiettivi di Sviluppo Sostenibile dell&#8217;ONU e l&#8217;adozione di pratiche basate su standard internazionali come le linee guida SASB e le certificazioni ISO connesse alla sostenibilit\u00e0\u200b\u200b.<\/p>\n\n\n\n<p>ALIT Technologies Spa \u00e8 fermamente impegnata a mantenere e superare gli standard stabiliti dalle certificazioni ISO 9001 e ISO 14001. Continueremo a innovare e a migliorare, garantendo che la qualit\u00e0 e la sostenibilit\u00e0 rimangano al centro delle nostre operazioni. La nostra missione \u00e8 fornire prodotti e servizi di eccellenza, integrando soluzioni innovative e rispettose dell\u2019ambiente per soddisfare le esigenze sempre crescenti del mercato.<\/p>\n","protected":false},"excerpt":{"rendered":"<p>Certificazioni ISO 9001 e ISO 14001: Qualit\u00e0 e Sostenibilit\u00e0 al Cuore di ALIT Technologies ALIT Technologies \u00e8 orgogliosa di annunciare di aver ottenuto le prestigiose certificazioni ISO 9001 e ISO 14001, riconoscimenti che attestano il nostro impegno costante sia nella qualit\u00e0 dei nostri prodotti e servizi che nella gestione ambientale sostenibile. Questi certificati, rilasciati da [&hellip;]<\/p>\n","protected":false},"author":1,"featured_media":57,"parent":0,"menu_order":0,"comment_status":"closed","ping_status":"closed","template":"","meta":{"_acf_changed":false,"footnotes":""},"class_list":["post-134","page","type-page","status-publish","has-post-thumbnail","hentry"],"acf":[],"yoast_head":"<!-- This site is optimized with the Yoast SEO plugin v23.1 - https:\/\/yoast.com\/wordpress\/plugins\/seo\/ -->\n<title>ISO 9001 e ISO 14001 | ALIT Technologies: Qualit\u00e0 e Sostenibilit\u00e0<\/title>\n<meta name=\"description\" content=\"Scopri come ALIT Technologies garantisce eccellenza e sostenibilit\u00e0 con le certificazioni ISO 9001 e ISO 14001, confermando il nostro impegno per la qualit\u00e0 e l&#039;ambiente.\" \/>\n<meta name=\"robots\" content=\"index, follow, max-snippet:-1, max-image-preview:large, max-video-preview:-1\" \/>\n<link rel=\"canonical\" href=\"https:\/\/alit-tech.com\/it\/certificazioni\/\" \/>\n<meta property=\"og:locale\" content=\"it_IT\" \/>\n<meta property=\"og:type\" content=\"article\" \/>\n<meta property=\"og:title\" content=\"ISO 9001 e ISO 14001 | ALIT Technologies: Qualit\u00e0 e Sostenibilit\u00e0\" \/>\n<meta property=\"og:description\" content=\"Scopri come ALIT Technologies garantisce eccellenza e sostenibilit\u00e0 con le certificazioni ISO 9001 e ISO 14001, confermando il nostro impegno per la qualit\u00e0 e l&#039;ambiente.\" \/>\n<meta property=\"og:url\" content=\"https:\/\/alit-tech.com\/it\/certificazioni\/\" \/>\n<meta property=\"og:site_name\" content=\"Alit technologies Spa\" \/>\n<meta property=\"article:modified_time\" content=\"2025-12-01T09:03:42+00:00\" \/>\n<meta property=\"og:image\" content=\"https:\/\/alit-tech.com\/wp-content\/uploads\/2024\/03\/chemical-single-product.jpg\" \/>\n\t<meta property=\"og:image:width\" content=\"1920\" \/>\n\t<meta property=\"og:image:height\" content=\"552\" \/>\n\t<meta property=\"og:image:type\" content=\"image\/jpeg\" \/>\n<meta name=\"twitter:card\" content=\"summary_large_image\" \/>\n<meta name=\"twitter:label1\" content=\"Tempo di lettura stimato\" \/>\n\t<meta name=\"twitter:data1\" content=\"4 minuti\" \/>\n<script type=\"application\/ld+json\" class=\"yoast-schema-graph\">{\"@context\":\"https:\/\/schema.org\",\"@graph\":[{\"@type\":\"WebPage\",\"@id\":\"https:\/\/alit-tech.com\/it\/certificazioni\/\",\"url\":\"https:\/\/alit-tech.com\/it\/certificazioni\/\",\"name\":\"ISO 9001 e ISO 14001 | ALIT Technologies: Qualit\u00e0 e Sostenibilit\u00e0\",\"isPartOf\":{\"@id\":\"https:\/\/alit-tech.com\/it\/#website\"},\"primaryImageOfPage\":{\"@id\":\"https:\/\/alit-tech.com\/it\/certificazioni\/#primaryimage\"},\"image\":{\"@id\":\"https:\/\/alit-tech.com\/it\/certificazioni\/#primaryimage\"},\"thumbnailUrl\":\"https:\/\/alit-tech.com\/wp-content\/uploads\/2024\/03\/chemical-single-product.jpg\",\"datePublished\":\"2024-03-26T14:15:39+00:00\",\"dateModified\":\"2025-12-01T09:03:42+00:00\",\"description\":\"Scopri come ALIT Technologies garantisce eccellenza e sostenibilit\u00e0 con le certificazioni ISO 9001 e ISO 14001, confermando il nostro impegno per la qualit\u00e0 e l'ambiente.\",\"breadcrumb\":{\"@id\":\"https:\/\/alit-tech.com\/it\/certificazioni\/#breadcrumb\"},\"inLanguage\":\"it-IT\",\"potentialAction\":[{\"@type\":\"ReadAction\",\"target\":[\"https:\/\/alit-tech.com\/it\/certificazioni\/\"]}]},{\"@type\":\"ImageObject\",\"inLanguage\":\"it-IT\",\"@id\":\"https:\/\/alit-tech.com\/it\/certificazioni\/#primaryimage\",\"url\":\"https:\/\/alit-tech.com\/wp-content\/uploads\/2024\/03\/chemical-single-product.jpg\",\"contentUrl\":\"https:\/\/alit-tech.com\/wp-content\/uploads\/2024\/03\/chemical-single-product.jpg\",\"width\":1920,\"height\":552},{\"@type\":\"BreadcrumbList\",\"@id\":\"https:\/\/alit-tech.com\/it\/certificazioni\/#breadcrumb\",\"itemListElement\":[{\"@type\":\"ListItem\",\"position\":1,\"name\":\"Home\",\"item\":\"https:\/\/alit-tech.com\/it\/\"},{\"@type\":\"ListItem\",\"position\":2,\"name\":\"Certificazioni\"}]},{\"@type\":\"WebSite\",\"@id\":\"https:\/\/alit-tech.com\/it\/#website\",\"url\":\"https:\/\/alit-tech.com\/it\/\",\"name\":\"Alit technologies Spa\",\"description\":\"\",\"potentialAction\":[{\"@type\":\"SearchAction\",\"target\":{\"@type\":\"EntryPoint\",\"urlTemplate\":\"https:\/\/alit-tech.com\/it\/?s={search_term_string}\"},\"query-input\":\"required name=search_term_string\"}],\"inLanguage\":\"it-IT\"}]}<\/script>\n<!-- \/ Yoast SEO plugin. -->","yoast_head_json":{"title":"ISO 9001 e ISO 14001 | ALIT Technologies: Qualit\u00e0 e Sostenibilit\u00e0","description":"Scopri come ALIT Technologies garantisce eccellenza e sostenibilit\u00e0 con le certificazioni ISO 9001 e ISO 14001, confermando il nostro impegno per la qualit\u00e0 e l'ambiente.","robots":{"index":"index","follow":"follow","max-snippet":"max-snippet:-1","max-image-preview":"max-image-preview:large","max-video-preview":"max-video-preview:-1"},"canonical":"https:\/\/alit-tech.com\/it\/certificazioni\/","og_locale":"it_IT","og_type":"article","og_title":"ISO 9001 e ISO 14001 | ALIT Technologies: Qualit\u00e0 e Sostenibilit\u00e0","og_description":"Scopri come ALIT Technologies garantisce eccellenza e sostenibilit\u00e0 con le certificazioni ISO 9001 e ISO 14001, confermando il nostro impegno per la qualit\u00e0 e l'ambiente.","og_url":"https:\/\/alit-tech.com\/it\/certificazioni\/","og_site_name":"Alit technologies Spa","article_modified_time":"2025-12-01T09:03:42+00:00","og_image":[{"width":1920,"height":552,"url":"https:\/\/alit-tech.com\/wp-content\/uploads\/2024\/03\/chemical-single-product.jpg","type":"image\/jpeg"}],"twitter_card":"summary_large_image","twitter_misc":{"Tempo di lettura stimato":"4 minuti"},"schema":{"@context":"https:\/\/schema.org","@graph":[{"@type":"WebPage","@id":"https:\/\/alit-tech.com\/it\/certificazioni\/","url":"https:\/\/alit-tech.com\/it\/certificazioni\/","name":"ISO 9001 e ISO 14001 | ALIT Technologies: Qualit\u00e0 e Sostenibilit\u00e0","isPartOf":{"@id":"https:\/\/alit-tech.com\/it\/#website"},"primaryImageOfPage":{"@id":"https:\/\/alit-tech.com\/it\/certificazioni\/#primaryimage"},"image":{"@id":"https:\/\/alit-tech.com\/it\/certificazioni\/#primaryimage"},"thumbnailUrl":"https:\/\/alit-tech.com\/wp-content\/uploads\/2024\/03\/chemical-single-product.jpg","datePublished":"2024-03-26T14:15:39+00:00","dateModified":"2025-12-01T09:03:42+00:00","description":"Scopri come ALIT Technologies garantisce eccellenza e sostenibilit\u00e0 con le certificazioni ISO 9001 e ISO 14001, confermando il nostro impegno per la qualit\u00e0 e l'ambiente.","breadcrumb":{"@id":"https:\/\/alit-tech.com\/it\/certificazioni\/#breadcrumb"},"inLanguage":"it-IT","potentialAction":[{"@type":"ReadAction","target":["https:\/\/alit-tech.com\/it\/certificazioni\/"]}]},{"@type":"ImageObject","inLanguage":"it-IT","@id":"https:\/\/alit-tech.com\/it\/certificazioni\/#primaryimage","url":"https:\/\/alit-tech.com\/wp-content\/uploads\/2024\/03\/chemical-single-product.jpg","contentUrl":"https:\/\/alit-tech.com\/wp-content\/uploads\/2024\/03\/chemical-single-product.jpg","width":1920,"height":552},{"@type":"BreadcrumbList","@id":"https:\/\/alit-tech.com\/it\/certificazioni\/#breadcrumb","itemListElement":[{"@type":"ListItem","position":1,"name":"Home","item":"https:\/\/alit-tech.com\/it\/"},{"@type":"ListItem","position":2,"name":"Certificazioni"}]},{"@type":"WebSite","@id":"https:\/\/alit-tech.com\/it\/#website","url":"https:\/\/alit-tech.com\/it\/","name":"Alit technologies Spa","description":"","potentialAction":[{"@type":"SearchAction","target":{"@type":"EntryPoint","urlTemplate":"https:\/\/alit-tech.com\/it\/?s={search_term_string}"},"query-input":"required name=search_term_string"}],"inLanguage":"it-IT"}]}},"_links":{"self":[{"href":"https:\/\/alit-tech.com\/it\/wp-json\/wp\/v2\/pages\/134"}],"collection":[{"href":"https:\/\/alit-tech.com\/it\/wp-json\/wp\/v2\/pages"}],"about":[{"href":"https:\/\/alit-tech.com\/it\/wp-json\/wp\/v2\/types\/page"}],"author":[{"embeddable":true,"href":"https:\/\/alit-tech.com\/it\/wp-json\/wp\/v2\/users\/1"}],"replies":[{"embeddable":true,"href":"https:\/\/alit-tech.com\/it\/wp-json\/wp\/v2\/comments?post=134"}],"version-history":[{"count":22,"href":"https:\/\/alit-tech.com\/it\/wp-json\/wp\/v2\/pages\/134\/revisions"}],"predecessor-version":[{"id":16369,"href":"https:\/\/alit-tech.com\/it\/wp-json\/wp\/v2\/pages\/134\/revisions\/16369"}],"wp:featuredmedia":[{"embeddable":true,"href":"https:\/\/alit-tech.com\/it\/wp-json\/wp\/v2\/media\/57"}],"wp:attachment":[{"href":"https:\/\/alit-tech.com\/it\/wp-json\/wp\/v2\/media?parent=134"}],"curies":[{"name":"wp","href":"https:\/\/api.w.org\/{rel}","templated":true}]}}