{"id":9397,"date":"2024-05-14T11:50:45","date_gmt":"2024-05-14T09:50:45","guid":{"rendered":"https:\/\/alit-tech.com\/?page_id=9397"},"modified":"2026-02-05T09:30:59","modified_gmt":"2026-02-05T08:30:59","slug":"privacy-policy","status":"publish","type":"page","link":"https:\/\/alit-tech.com\/it\/privacy-policy\/","title":{"rendered":"Privacy policy"},"content":{"rendered":"\n<p><strong>Privacy Policy del sito alit-tech.com<\/strong><br><em>Aggiornata all\u20198 Gennaio 2021<\/em><\/p>\n\n\n\n<p>Gentile Visitatore, a seguito della consultazione di questo sito web possono essere trattati dati relativi a persone fisiche identificate o identificabili.<br>In riferimento a tale trattamento di dati si rendono, anche ai sensi dell\u2019art. 13 del Regolamento generale europeo sulla protezione dei dati (Regolamento UE 2016\/679), le seguenti informazioni, la cui validit\u00e0 non \u00e8 estesa per eventuali altri siti web esterni consultati dall\u2019utente tramite link presenti su questo sito.<br>Con la prosecuzione della navigazione, e con l\u2019adesione alle proposte di servizio contenute nelle varie parti del sito, si danno per acquisite queste informazioni generali sul trattamento, nonch\u00e9 le eventuali specifiche informazioni legate a trattamenti per finalit\u00e0 diverse e specifiche, e l\u2019utente esplicita il relativo consenso ai trattamenti. Si sottolinea che il consenso \u00e8 valido unicamente se proviene da persona maggiorenne o da minore che abbia compiuto i 14 anni.<\/p>\n\n\n\n<p><strong>TITOLARE DEL TRATTAMENTO<\/strong><br>ALIT TECHNOLOGIES S.p.A \u2013 VIA CAVALIERI D\u2019ITALIA, 7 \u2013 37047 SAN BONIFACIO (IT) ITALY \u2013 P.Iva IT03341620247 \u2013 TEL. +39 045 245 6638 \u2013 FAX +39 045 981 9780 \u2013 E-MAIL: info@alit-tech.com<\/p>\n\n\n\n<p><strong>TIPI DI DATI TRATTATI<\/strong><br><em>Dati di navigazione<br><\/em>I sistemi informatici e le procedure software preposte al funzionamento di questo sito web acquisiscono, nel corso del loro normale esercizio, alcuni dati personali la cui trasmissione \u00e8 implicita nell\u2019uso dei protocolli di comunicazione di Internet.<br>Si tratta di informazioni che non sono raccolte per essere associate a interessati identificati, ma che per loro stessa natura potrebbero, attraverso elaborazioni ed associazioni con dati detenuti da terzi, permettere di identificare gli utenti.<br>In questa categoria di dati rientrano, ad esempio, gli indirizzi IP o i nomi a dominio dei computer o degli altri strumenti utilizzati dagli utenti che si connettono al sito, gli indirizzi in notazione URI (Uniform Resource Identifier) delle risorse richieste, l\u2019orario della richiesta, il metodo utilizzato nel sottoporre la richiesta al server, la dimensione del file ottenuto in risposta, il codice numerico indicante lo stato della risposta data dal server (buon fine, errore, ecc.) ed altri parametri relativi al sistema operativo e all\u2019ambiente informatico dell\u2019utente.<br>Questi dati vengono utilizzati al solo fine di ricavare informazioni statistiche anonime sull\u2019uso del sito e per controllarne il corretto funzionamento e vengono cancellati immediatamente dopo l\u2019elaborazione.<\/p>\n\n\n\n<p><em>Cookies<\/em><br><a href=\"\/it\/informativa-estesa-sullutilizzo-dei-cookies\/\">Vedi l\u2019informativa \u201cestesa\u201d sull\u2019utilizzo dei cookies<\/a>.<\/p>\n\n\n\n<p><em>Dati forniti volontariamente dall\u2019utente<\/em><br>L\u2019invio facoltativo, esplicito e volontario di posta elettronica agli indirizzi indicati su questo sito comporta la successiva acquisizione dell\u2019indirizzo del mittente, necessario per rispondere alle richieste, nonch\u00e9 degli eventuali altri dati personali inseriti nella missiva. Specifiche informative di sintesi vengono inoltre riportate o visualizzate nelle sezioni del sito predisposte per particolari servizi a richiesta e sottoposte, se del caso, al consenso dell\u2019interessato (ad esempio per l\u2019iscrizione alla newsletter).<\/p>\n\n\n\n<p><strong>FINALITA\u2019 DEL TRATTAMENTO E FACOLTATIVITA\u2019 DEL CONFERIMENTO DEI DATI<\/strong><br>A parte quanto specificato per i dati di navigazione e per i cookies tecnici, l\u2019utente \u00e8 libero di fornire i propri dati personali attraverso l\u2019utilizzo di appositi form o moduli presenti nel sito per richiedere l\u2019invio della newsletter, di materiale informativo o di altre comunicazioni e, pi\u00f9 in generale, per le finalit\u00e0 riportate nelle relative e specifiche informative. Il loro mancato conferimento pu\u00f2 comportare l\u2019impossibilit\u00e0 di ottenere quanto richiesto, ma l\u2019inserimento del dato costituisce l\u2019autorizzazione a trattare detti dati per l\u2019invio della newsletter.<\/p>\n\n\n\n<p><strong>MODALITA\u2019 DEL TRATTAMENTO<\/strong><br>La nostra Societ\u00e0, quale titolare del trattamento, e ciascuno degli eventuali Responsabili esterni come sopra identificati, gestir\u00e0 ed archivier\u00e0 con strumenti automatizzati e\/o cartacei i dati personali raccolti attraverso l\u2019utilizzo del sito e delle sue diverse funzionalit\u00e0 attivabili a richiesta dell\u2019utente, per il tempo strettamente necessario a conseguire gli scopi per cui sono stati raccolti o volontariamente comunicati dall\u2019utente.<br>Specifiche misure di sicurezza, come prevede l\u2019art. 32 del Regolamento (UE) 2016\/679, sono osservate per prevenire la perdita dei dati, usi illeciti o non corretti ed accessi non autorizzati.<br>I dati vengono gestiti solo da personale autorizzato dal titolare del trattamento;<br>In nessun caso i dati saranno oggetto di diffusione.<br>Sui predetti dati NON \u00e8 prevista attivit\u00e0 di profilazione personale dell\u2019utente.<\/p>\n\n\n\n<p><strong>DURATA DEL TRATTAMENTO<\/strong><br>La nostra Societ\u00e0, quale titolare del trattamento, conserva i dati per il tempo strettamente necessario a conseguire gli scopi per cui sono stati raccolti o volontariamente comunicati dall\u2019utente ed utilizza i tuoi dati personali per non oltre 4 anni dalla fine del rapporto per le finalit\u00e0 di servizio ed assistenza tecnica e comunque per il tempo di prescrizione previsto dalla legge, i dati trattati per le finalit\u00e0 di marketing saranno trattati fino all\u2019eventuale revoca del tuo consenso; per il tempo del tuo consenso e comunque per non oltre 36 mesi dalla raccolta, per le finalit\u00e0 di profilazione In seguito, i tuoi dati saranno resi anonimi e potranno essere trattati per analisi statistiche aggregate ed anonime.<\/p>\n\n\n\n<p><strong>DIRITTI DEGLI INTERESSATI<\/strong><br>Ai soggetti cui si riferiscono i dati personali trattati sono garantiti tutti i diritti di cui agli articoli 15, 16, 17, 18 del Regolamento 679 (accesso con conferma dell\u2019esistenza o meno del trattamento dei propri dati; rettifica, cancellazione e limitazione del trattamento quando ne ricorrano i casi).<br>L\u2019utente interessato ha il diritto di opporsi in ogni caso, per motivi legittimi, al loro trattamento.<\/p>\n\n\n\n<p>Le richieste vanno rivolte:<br>\u2013 via e-mail, all\u2019indirizzo: <a href=\"mailto:privacy@alit-tech.com\">privacy@alit-tech.com<\/a><br>\u2013 oppure via posta, a : ALIT TECHNOLOGIES S.r.l. \u2013 VIA CAVALIERI D\u2019ITALIA, 7 \u2013 37047 SAN BONIFACIO (IT) ITALY<\/p>\n\n\n\n<p><strong>POLITICA QUALIT\u00c0 E AMBIENTE<\/strong><br>L\u2019ALIT Technologies a seguito dell\u2019analisi del proprio contesto aziendale, l\u2019individuazione delle parti interessate e relative aspettative ha definito la presente politica per la qualit\u00e0 e l\u2019ambiente.<\/p>\n\n\n\n<p>La Direzione considera prioritaria la diffusione della cultura della qualit\u00e0, del rispetto e tutela dell\u2019ambiente, per la crescita dell\u2019azienda e di tutte le parti interessate con cui essa interagisce direttamente o indirettamente. A tal fine, si ritiene fondamentale il miglioramento continuo dei processi di gestione interni, operando secondo le modalit\u00e0 previste dal sistema di gestione integrato qualit\u00e0 ambiente secondo le norme UNI ISO 9001:2015, ISO 14001:2015.<\/p>\n\n\n\n<p>L\u2019azienda si impegna a perseguire un miglioramento continuo dell\u2019efficacia del sistema di gestione per la qualit\u00e0 e dell\u2019ambiente e una prevenzione efficacie dell\u2019inquinamento.<\/p>\n\n\n\n<p>Affrontando un\u2019analisi dei propri processi e del proprio prodotto, individua aspetti ed impatti collegati alle proprie attivit\u00e0 verificando e rispettando le prescrizioni legali applicabili e le altre prescrizioni che ha stabilito per governare i diversi impatti.<\/p>\n\n\n\n<p>Per stabilire e riesaminare gli obiettivi e i traguardi ambientali ha definito una metodologia di raccolta dati e attivit\u00e0 di monitoraggio comprensive di scadenze in una procedura di riferimento e in documenti mirati.<\/p>\n\n\n\n<p>La direzione assicura che la politica venga comunicata e compresa all\u2019interno dell\u2019organizzazione, e che l\u2019intera struttura sia resa consapevole dell\u2019importanza di perseguire il soddisfacimento dei requisiti del cliente, quelli di legge e quelli sottoscritti.<\/p>\n\n\n\n<p>L\u2019azienda \u00e8 pertanto impegnata in programmi che vengono perseguiti attraverso il coinvolgimento di tutte le aree aziendali e quindi attraverso:<\/p>\n\n\n\n<ul class=\"wp-block-list\">\n<li>La sensibilizzazione del personale alla qualit\u00e0 ed all\u2019ambiente, in particolare per accrescere la consapevolezza del personale delle potenziali conseguenze del mancato rispetto delle istruzioni impartite, questo tramite un attento costante controllo ed affiancamento del personale da parte del responsabile;<\/li>\n\n\n\n<li>il raggiungimento degli obiettivi di qualit\u00e0 e ambientali, fornendo alla Clientela prodotti conformi agli standard contrattuali e svolgendo le attivit\u00e0 con rispetto dell\u2019ambiente, della normativa e delle prescrizioni in essere;<\/li>\n\n\n\n<li>il continuo monitoraggio della soddisfazione della Clientela, tramite idonei mezzi di indagine ed analisi quali la \u201cGestione Reclami\u201d;<\/li>\n\n\n\n<li>l\u2019utilizzo di impianti e risorse idonee al fine di produrre quanto richiesto nel rispetto delle norme vigenti, sia di prescrizione sulle attivit\u00e0 che sui servizi erogati;<\/li>\n\n\n\n<li>migliorare costantemente le prestazioni del Sistema Qualit\u00e0 e Ambiente.<\/li>\n<\/ul>\n\n\n\n<p>In generale l\u2019azienda ha costituito una struttura in grado di stabilire e riesaminare gli obbiettivi stabiliti attraverso: riesame direzione, analisi indicatori e non conformit\u00e0, definizione di azioni correttive e di miglioramento.<\/p>\n\n\n\n<p>La Direzione assicura che la presente politica sia documentata, resa operativa, mantenuta attiva, periodicamente riesaminata, diffusa a tutto il personale a tutte le parti interessate, nonch\u00e9 resa disponibile al pubblico.<\/p>\n","protected":false},"excerpt":{"rendered":"<p>Privacy Policy del sito alit-tech.comAggiornata all\u20198 Gennaio 2021 Gentile Visitatore, a seguito della consultazione di questo sito web possono essere trattati dati relativi a persone fisiche identificate o identificabili.In riferimento a tale trattamento di dati si rendono, anche ai sensi dell\u2019art. 13 del Regolamento generale europeo sulla protezione dei dati (Regolamento UE 2016\/679), le seguenti [&hellip;]<\/p>\n","protected":false},"author":1,"featured_media":0,"parent":0,"menu_order":0,"comment_status":"closed","ping_status":"closed","template":"","meta":{"_acf_changed":false,"footnotes":""},"class_list":["post-9397","page","type-page","status-publish","hentry"],"acf":[],"yoast_head":"<!-- This site is optimized with the Yoast SEO plugin v23.1 - https:\/\/yoast.com\/wordpress\/plugins\/seo\/ -->\n<title>Privacy policy - Alit technologies<\/title>\n<meta name=\"description\" content=\"ALIT assicura che la privacy policy sia documentata, resa operativa, periodicamente riesaminata, diffusa a tutto il personale e resa disponibile al pubblico\" \/>\n<meta name=\"robots\" content=\"index, follow, max-snippet:-1, max-image-preview:large, max-video-preview:-1\" \/>\n<link rel=\"canonical\" href=\"https:\/\/alit-tech.com\/it\/privacy-policy\/\" \/>\n<meta property=\"og:locale\" content=\"it_IT\" \/>\n<meta property=\"og:type\" content=\"article\" \/>\n<meta property=\"og:title\" content=\"Privacy policy - Alit technologies\" \/>\n<meta property=\"og:description\" content=\"ALIT assicura che la privacy policy sia documentata, resa operativa, periodicamente riesaminata, diffusa a tutto il personale e resa disponibile al pubblico\" \/>\n<meta property=\"og:url\" content=\"https:\/\/alit-tech.com\/it\/privacy-policy\/\" \/>\n<meta property=\"og:site_name\" content=\"Alit technologies Spa\" \/>\n<meta property=\"article:modified_time\" content=\"2026-02-05T08:30:59+00:00\" \/>\n<meta name=\"twitter:card\" content=\"summary_large_image\" \/>\n<meta name=\"twitter:label1\" content=\"Tempo di lettura stimato\" \/>\n\t<meta name=\"twitter:data1\" content=\"7 minuti\" \/>\n<script type=\"application\/ld+json\" class=\"yoast-schema-graph\">{\"@context\":\"https:\/\/schema.org\",\"@graph\":[{\"@type\":\"WebPage\",\"@id\":\"https:\/\/alit-tech.com\/it\/privacy-policy\/\",\"url\":\"https:\/\/alit-tech.com\/it\/privacy-policy\/\",\"name\":\"Privacy policy - Alit technologies\",\"isPartOf\":{\"@id\":\"https:\/\/alit-tech.com\/it\/#website\"},\"datePublished\":\"2024-05-14T09:50:45+00:00\",\"dateModified\":\"2026-02-05T08:30:59+00:00\",\"description\":\"ALIT assicura che la privacy policy sia documentata, resa operativa, periodicamente riesaminata, diffusa a tutto il personale e resa disponibile al pubblico\",\"breadcrumb\":{\"@id\":\"https:\/\/alit-tech.com\/it\/privacy-policy\/#breadcrumb\"},\"inLanguage\":\"it-IT\",\"potentialAction\":[{\"@type\":\"ReadAction\",\"target\":[\"https:\/\/alit-tech.com\/it\/privacy-policy\/\"]}]},{\"@type\":\"BreadcrumbList\",\"@id\":\"https:\/\/alit-tech.com\/it\/privacy-policy\/#breadcrumb\",\"itemListElement\":[{\"@type\":\"ListItem\",\"position\":1,\"name\":\"Home\",\"item\":\"https:\/\/alit-tech.com\/it\/\"},{\"@type\":\"ListItem\",\"position\":2,\"name\":\"Privacy policy\"}]},{\"@type\":\"WebSite\",\"@id\":\"https:\/\/alit-tech.com\/it\/#website\",\"url\":\"https:\/\/alit-tech.com\/it\/\",\"name\":\"Alit technologies Spa\",\"description\":\"\",\"potentialAction\":[{\"@type\":\"SearchAction\",\"target\":{\"@type\":\"EntryPoint\",\"urlTemplate\":\"https:\/\/alit-tech.com\/it\/?s={search_term_string}\"},\"query-input\":\"required name=search_term_string\"}],\"inLanguage\":\"it-IT\"}]}<\/script>\n<!-- \/ Yoast SEO plugin. -->","yoast_head_json":{"title":"Privacy policy - Alit technologies","description":"ALIT assicura che la privacy policy sia documentata, resa operativa, periodicamente riesaminata, diffusa a tutto il personale e resa disponibile al pubblico","robots":{"index":"index","follow":"follow","max-snippet":"max-snippet:-1","max-image-preview":"max-image-preview:large","max-video-preview":"max-video-preview:-1"},"canonical":"https:\/\/alit-tech.com\/it\/privacy-policy\/","og_locale":"it_IT","og_type":"article","og_title":"Privacy policy - Alit technologies","og_description":"ALIT assicura che la privacy policy sia documentata, resa operativa, periodicamente riesaminata, diffusa a tutto il personale e resa disponibile al pubblico","og_url":"https:\/\/alit-tech.com\/it\/privacy-policy\/","og_site_name":"Alit technologies Spa","article_modified_time":"2026-02-05T08:30:59+00:00","twitter_card":"summary_large_image","twitter_misc":{"Tempo di lettura stimato":"7 minuti"},"schema":{"@context":"https:\/\/schema.org","@graph":[{"@type":"WebPage","@id":"https:\/\/alit-tech.com\/it\/privacy-policy\/","url":"https:\/\/alit-tech.com\/it\/privacy-policy\/","name":"Privacy policy - Alit technologies","isPartOf":{"@id":"https:\/\/alit-tech.com\/it\/#website"},"datePublished":"2024-05-14T09:50:45+00:00","dateModified":"2026-02-05T08:30:59+00:00","description":"ALIT assicura che la privacy policy sia documentata, resa operativa, periodicamente riesaminata, diffusa a tutto il personale e resa disponibile al pubblico","breadcrumb":{"@id":"https:\/\/alit-tech.com\/it\/privacy-policy\/#breadcrumb"},"inLanguage":"it-IT","potentialAction":[{"@type":"ReadAction","target":["https:\/\/alit-tech.com\/it\/privacy-policy\/"]}]},{"@type":"BreadcrumbList","@id":"https:\/\/alit-tech.com\/it\/privacy-policy\/#breadcrumb","itemListElement":[{"@type":"ListItem","position":1,"name":"Home","item":"https:\/\/alit-tech.com\/it\/"},{"@type":"ListItem","position":2,"name":"Privacy policy"}]},{"@type":"WebSite","@id":"https:\/\/alit-tech.com\/it\/#website","url":"https:\/\/alit-tech.com\/it\/","name":"Alit technologies Spa","description":"","potentialAction":[{"@type":"SearchAction","target":{"@type":"EntryPoint","urlTemplate":"https:\/\/alit-tech.com\/it\/?s={search_term_string}"},"query-input":"required name=search_term_string"}],"inLanguage":"it-IT"}]}},"_links":{"self":[{"href":"https:\/\/alit-tech.com\/it\/wp-json\/wp\/v2\/pages\/9397"}],"collection":[{"href":"https:\/\/alit-tech.com\/it\/wp-json\/wp\/v2\/pages"}],"about":[{"href":"https:\/\/alit-tech.com\/it\/wp-json\/wp\/v2\/types\/page"}],"author":[{"embeddable":true,"href":"https:\/\/alit-tech.com\/it\/wp-json\/wp\/v2\/users\/1"}],"replies":[{"embeddable":true,"href":"https:\/\/alit-tech.com\/it\/wp-json\/wp\/v2\/comments?post=9397"}],"version-history":[{"count":3,"href":"https:\/\/alit-tech.com\/it\/wp-json\/wp\/v2\/pages\/9397\/revisions"}],"predecessor-version":[{"id":16660,"href":"https:\/\/alit-tech.com\/it\/wp-json\/wp\/v2\/pages\/9397\/revisions\/16660"}],"wp:attachment":[{"href":"https:\/\/alit-tech.com\/it\/wp-json\/wp\/v2\/media?parent=9397"}],"curies":[{"name":"wp","href":"https:\/\/api.w.org\/{rel}","templated":true}]}}