{"id":10865,"date":"2024-03-26T15:16:15","date_gmt":"2024-03-26T14:16:15","guid":{"rendered":"https:\/\/alit-tech.com\/alit-nel-mondo\/"},"modified":"2024-12-11T09:09:39","modified_gmt":"2024-12-11T08:09:39","slug":"alit-na-swiecie","status":"publish","type":"page","link":"https:\/\/alit-tech.com\/pl\/alit-na-swiecie\/","title":{"rendered":"Alit na \u015bwiecie"},"content":{"rendered":"\n<h2 class=\"wp-block-heading\" style=\"font-size:50px\">INNOWACJA GLOBALNA.<\/h2>\n\n\n\n<div style=\"height:20px\" aria-hidden=\"true\" class=\"wp-block-spacer\"><\/div>\n\n\n\n<h2 class=\"wp-block-heading\">Ekspansja bez granic,<br>blisko\u015b\u0107 bez barier<\/h2>\n\n\n\n<div style=\"height:20px\" aria-hidden=\"true\" class=\"wp-block-spacer\"><\/div>\n\n\n\n<p><strong>Z ma\u0142ej rzeczywisto\u015bci do giganta innowacji.<\/strong><\/p>\n\n\n\n<p>Przekroczyli\u015bmy lokalne granice, aby obj\u0105\u0107 ca\u0142y \u015bwiat. Z 50% naszych przychod\u00f3w generowanych za granic\u0105, utworzyli\u015bmy sie\u0107 rozci\u0105gaj\u0105c\u0105 si\u0119 na Europ\u0119, Ameryk\u0119 i Azj\u0119.<\/p>\n\n\n\n<p>Dystrybutorzy na ka\u017cdym kontynencie, oddzia\u0142y w Portugalii i Serbii od 2023 roku, oraz wizja si\u0119gaj\u0105ca coraz wy\u017cej: to jest historia ALIT, kierowana przekonaniem, \u017ce blisko\u015b\u0107 z klientem jest kluczem do owocnej wsp\u00f3\u0142pracy.<\/p>\n\n\n\n<p>Do\u0142\u0105cz do nas w tej globalnej przygodzie i odkryj, jak nasza mi\u0119dzynarodowa obecno\u015b\u0107 mo\u017ce zrobi\u0107 r\u00f3\u017cnic\u0119 dla Ciebie.<\/p>\n","protected":false},"excerpt":{"rendered":"<p>INNOWACJA GLOBALNA. Ekspansja bez granic,blisko\u015b\u0107 bez barier Z ma\u0142ej rzeczywisto\u015bci do giganta innowacji. Przekroczyli\u015bmy lokalne granice, aby obj\u0105\u0107 ca\u0142y \u015bwiat. Z 50% naszych przychod\u00f3w generowanych za granic\u0105, utworzyli\u015bmy sie\u0107 rozci\u0105gaj\u0105c\u0105 si\u0119 na Europ\u0119, Ameryk\u0119 i Azj\u0119. Dystrybutorzy na ka\u017cdym kontynencie, oddzia\u0142y w Portugalii i Serbii od 2023 roku, oraz wizja si\u0119gaj\u0105ca coraz wy\u017cej: to jest [&hellip;]<\/p>\n","protected":false},"author":1,"featured_media":0,"parent":0,"menu_order":0,"comment_status":"closed","ping_status":"closed","template":"template-pages\/40_alit_world.php","meta":{"_acf_changed":false,"footnotes":""},"class_list":["post-10865","page","type-page","status-publish","hentry"],"acf":[],"yoast_head":"<!-- This site is optimized with the Yoast SEO plugin v23.1 - https:\/\/yoast.com\/wordpress\/plugins\/seo\/ -->\n<title>Alit na \u015bwiecie - Alit technologies<\/title>\n<meta name=\"description\" content=\"ALIT Technologies dzia\u0142a na ca\u0142ym \u015bwiecie, oferuj\u0105c innowacyjne rozwi\u0105zania w dziedzinie sverniciatura. Zobacz, gdzie nas znajdziesz i do\u0142\u0105cz do nas\" \/>\n<meta name=\"robots\" content=\"index, follow, max-snippet:-1, max-image-preview:large, max-video-preview:-1\" \/>\n<link rel=\"canonical\" href=\"https:\/\/alit-tech.com\/pl\/alit-na-swiecie\/\" \/>\n<meta property=\"og:locale\" content=\"pl_PL\" \/>\n<meta property=\"og:type\" content=\"article\" \/>\n<meta property=\"og:title\" content=\"Alit na \u015bwiecie - Alit technologies\" \/>\n<meta property=\"og:description\" content=\"ALIT Technologies dzia\u0142a na ca\u0142ym \u015bwiecie, oferuj\u0105c innowacyjne rozwi\u0105zania w dziedzinie sverniciatura. Zobacz, gdzie nas znajdziesz i do\u0142\u0105cz do nas\" \/>\n<meta property=\"og:url\" content=\"https:\/\/alit-tech.com\/pl\/alit-na-swiecie\/\" \/>\n<meta property=\"og:site_name\" content=\"Alit technologies Spa\" \/>\n<meta property=\"article:modified_time\" content=\"2024-12-11T08:09:39+00:00\" \/>\n<meta name=\"twitter:card\" content=\"summary_large_image\" \/>\n<meta name=\"twitter:label1\" content=\"Szacowany czas czytania\" \/>\n\t<meta name=\"twitter:data1\" content=\"1 minuta\" \/>\n<script type=\"application\/ld+json\" class=\"yoast-schema-graph\">{\"@context\":\"https:\/\/schema.org\",\"@graph\":[{\"@type\":\"WebPage\",\"@id\":\"https:\/\/alit-tech.com\/pl\/alit-na-swiecie\/\",\"url\":\"https:\/\/alit-tech.com\/pl\/alit-na-swiecie\/\",\"name\":\"Alit na \u015bwiecie - Alit technologies\",\"isPartOf\":{\"@id\":\"https:\/\/alit-tech.com\/it\/#website\"},\"datePublished\":\"2024-03-26T14:16:15+00:00\",\"dateModified\":\"2024-12-11T08:09:39+00:00\",\"description\":\"ALIT Technologies dzia\u0142a na ca\u0142ym \u015bwiecie, oferuj\u0105c innowacyjne rozwi\u0105zania w dziedzinie sverniciatura. Zobacz, gdzie nas znajdziesz i do\u0142\u0105cz do nas\",\"breadcrumb\":{\"@id\":\"https:\/\/alit-tech.com\/pl\/alit-na-swiecie\/#breadcrumb\"},\"inLanguage\":\"pl-PL\",\"potentialAction\":[{\"@type\":\"ReadAction\",\"target\":[\"https:\/\/alit-tech.com\/pl\/alit-na-swiecie\/\"]}]},{\"@type\":\"BreadcrumbList\",\"@id\":\"https:\/\/alit-tech.com\/pl\/alit-na-swiecie\/#breadcrumb\",\"itemListElement\":[{\"@type\":\"ListItem\",\"position\":1,\"name\":\"Home\",\"item\":\"https:\/\/alit-tech.com\/pl\/\"},{\"@type\":\"ListItem\",\"position\":2,\"name\":\"Alit na \u015bwiecie\"}]},{\"@type\":\"WebSite\",\"@id\":\"https:\/\/alit-tech.com\/it\/#website\",\"url\":\"https:\/\/alit-tech.com\/it\/\",\"name\":\"Alit technologies Spa\",\"description\":\"\",\"potentialAction\":[{\"@type\":\"SearchAction\",\"target\":{\"@type\":\"EntryPoint\",\"urlTemplate\":\"https:\/\/alit-tech.com\/it\/?s={search_term_string}\"},\"query-input\":\"required name=search_term_string\"}],\"inLanguage\":\"pl-PL\"}]}<\/script>\n<!-- \/ Yoast SEO plugin. -->","yoast_head_json":{"title":"Alit na \u015bwiecie - Alit technologies","description":"ALIT Technologies dzia\u0142a na ca\u0142ym \u015bwiecie, oferuj\u0105c innowacyjne rozwi\u0105zania w dziedzinie sverniciatura. Zobacz, gdzie nas znajdziesz i do\u0142\u0105cz do nas","robots":{"index":"index","follow":"follow","max-snippet":"max-snippet:-1","max-image-preview":"max-image-preview:large","max-video-preview":"max-video-preview:-1"},"canonical":"https:\/\/alit-tech.com\/pl\/alit-na-swiecie\/","og_locale":"pl_PL","og_type":"article","og_title":"Alit na \u015bwiecie - Alit technologies","og_description":"ALIT Technologies dzia\u0142a na ca\u0142ym \u015bwiecie, oferuj\u0105c innowacyjne rozwi\u0105zania w dziedzinie sverniciatura. Zobacz, gdzie nas znajdziesz i do\u0142\u0105cz do nas","og_url":"https:\/\/alit-tech.com\/pl\/alit-na-swiecie\/","og_site_name":"Alit technologies Spa","article_modified_time":"2024-12-11T08:09:39+00:00","twitter_card":"summary_large_image","twitter_misc":{"Szacowany czas czytania":"1 minuta"},"schema":{"@context":"https:\/\/schema.org","@graph":[{"@type":"WebPage","@id":"https:\/\/alit-tech.com\/pl\/alit-na-swiecie\/","url":"https:\/\/alit-tech.com\/pl\/alit-na-swiecie\/","name":"Alit na \u015bwiecie - Alit technologies","isPartOf":{"@id":"https:\/\/alit-tech.com\/it\/#website"},"datePublished":"2024-03-26T14:16:15+00:00","dateModified":"2024-12-11T08:09:39+00:00","description":"ALIT Technologies dzia\u0142a na ca\u0142ym \u015bwiecie, oferuj\u0105c innowacyjne rozwi\u0105zania w dziedzinie sverniciatura. Zobacz, gdzie nas znajdziesz i do\u0142\u0105cz do nas","breadcrumb":{"@id":"https:\/\/alit-tech.com\/pl\/alit-na-swiecie\/#breadcrumb"},"inLanguage":"pl-PL","potentialAction":[{"@type":"ReadAction","target":["https:\/\/alit-tech.com\/pl\/alit-na-swiecie\/"]}]},{"@type":"BreadcrumbList","@id":"https:\/\/alit-tech.com\/pl\/alit-na-swiecie\/#breadcrumb","itemListElement":[{"@type":"ListItem","position":1,"name":"Home","item":"https:\/\/alit-tech.com\/pl\/"},{"@type":"ListItem","position":2,"name":"Alit na \u015bwiecie"}]},{"@type":"WebSite","@id":"https:\/\/alit-tech.com\/it\/#website","url":"https:\/\/alit-tech.com\/it\/","name":"Alit technologies Spa","description":"","potentialAction":[{"@type":"SearchAction","target":{"@type":"EntryPoint","urlTemplate":"https:\/\/alit-tech.com\/it\/?s={search_term_string}"},"query-input":"required name=search_term_string"}],"inLanguage":"pl-PL"}]}},"_links":{"self":[{"href":"https:\/\/alit-tech.com\/pl\/wp-json\/wp\/v2\/pages\/10865"}],"collection":[{"href":"https:\/\/alit-tech.com\/pl\/wp-json\/wp\/v2\/pages"}],"about":[{"href":"https:\/\/alit-tech.com\/pl\/wp-json\/wp\/v2\/types\/page"}],"author":[{"embeddable":true,"href":"https:\/\/alit-tech.com\/pl\/wp-json\/wp\/v2\/users\/1"}],"replies":[{"embeddable":true,"href":"https:\/\/alit-tech.com\/pl\/wp-json\/wp\/v2\/comments?post=10865"}],"version-history":[{"count":2,"href":"https:\/\/alit-tech.com\/pl\/wp-json\/wp\/v2\/pages\/10865\/revisions"}],"predecessor-version":[{"id":11439,"href":"https:\/\/alit-tech.com\/pl\/wp-json\/wp\/v2\/pages\/10865\/revisions\/11439"}],"wp:attachment":[{"href":"https:\/\/alit-tech.com\/pl\/wp-json\/wp\/v2\/media?parent=10865"}],"curies":[{"name":"wp","href":"https:\/\/api.w.org\/{rel}","templated":true}]}}