{"id":10869,"date":"2024-03-26T15:15:39","date_gmt":"2024-03-26T14:15:39","guid":{"rendered":"https:\/\/alit-tech.com\/certificazioni\/"},"modified":"2025-12-01T10:07:08","modified_gmt":"2025-12-01T09:07:08","slug":"certyfikaty","status":"publish","type":"page","link":"https:\/\/alit-tech.com\/pl\/certyfikaty\/","title":{"rendered":"Certyfikaty"},"content":{"rendered":"\n<p style=\"font-size:32px\"><strong>Certyfikaty ISO 9001 i ISO 14001: Jako\u015b\u0107 i Zr\u00f3wnowa\u017cony Rozw\u00f3j w Sercu ALIT Technologies<\/strong><\/p>\n\n\n\n<p>ALIT Technologies z dum\u0105 og\u0142asza, \u017ce uzyska\u0142a presti\u017cowe certyfikaty ISO 9001 i ISO 14001, kt\u00f3re potwierdzaj\u0105 nasze sta\u0142e zaanga\u017cowanie zar\u00f3wno w jako\u015b\u0107 naszych produkt\u00f3w i us\u0142ug, jak i w zr\u00f3wnowa\u017cone zarz\u0105dzanie \u015brodowiskowe. Te certyfikaty, wydawane przez niezale\u017cne autorytety i uznawane na ca\u0142ym \u015bwiecie, stanowi\u0105 dow\u00f3d naszej determinacji w dzia\u0142aniu zgodnie z najwy\u017cszymi standardami doskona\u0142o\u015bci i odpowiedzialno\u015bci ekologicznej.<\/p>\n\n\n\n<div style=\"height:46px\" aria-hidden=\"true\" class=\"wp-block-spacer\"><\/div>\n\n\n\n<div class=\"wp-block-columns is-layout-flex wp-container-core-columns-is-layout-1 wp-block-columns-is-layout-flex\">\n<div class=\"wp-block-column is-layout-flow wp-block-column-is-layout-flow\" style=\"flex-basis:66.66%\"><div class=\"wp-block-image\">\n<figure class=\"aligncenter size-full is-resized\"><img decoding=\"async\" width=\"714\" height=\"352\" src=\"https:\/\/www.alit-tech.com\/wp-content\/uploads\/2024\/05\/Certificazioni_iso_ALIT_tech.jpg\" alt=\"\" class=\"wp-image-9505\" style=\"width:411px;height:auto\" srcset=\"https:\/\/alit-tech.com\/wp-content\/uploads\/2024\/05\/Certificazioni_iso_ALIT_tech.jpg 714w, https:\/\/alit-tech.com\/wp-content\/uploads\/2024\/05\/Certificazioni_iso_ALIT_tech-300x148.jpg 300w\" sizes=\"(max-width: 714px) 100vw, 714px\" \/><\/figure><\/div><\/div>\n\n\n\n<div class=\"wp-block-column is-layout-flow wp-block-column-is-layout-flow\" style=\"flex-basis:33.33%\">\n<figure class=\"wp-block-image size-full is-resized\"><img decoding=\"async\" width=\"2000\" height=\"1410\" src=\"https:\/\/alit-tech.com\/wp-content\/uploads\/2025\/12\/Please-make-an-offer-for-faststrip-paint-removal-system-1.png\" alt=\"\" class=\"wp-image-16373\" style=\"width:279px;height:auto\" srcset=\"https:\/\/alit-tech.com\/wp-content\/uploads\/2025\/12\/Please-make-an-offer-for-faststrip-paint-removal-system-1.png 2000w, https:\/\/alit-tech.com\/wp-content\/uploads\/2025\/12\/Please-make-an-offer-for-faststrip-paint-removal-system-1-300x212.png 300w, https:\/\/alit-tech.com\/wp-content\/uploads\/2025\/12\/Please-make-an-offer-for-faststrip-paint-removal-system-1-1024x722.png 1024w, https:\/\/alit-tech.com\/wp-content\/uploads\/2025\/12\/Please-make-an-offer-for-faststrip-paint-removal-system-1-768x541.png 768w, https:\/\/alit-tech.com\/wp-content\/uploads\/2025\/12\/Please-make-an-offer-for-faststrip-paint-removal-system-1-1536x1083.png 1536w\" sizes=\"(max-width: 2000px) 100vw, 2000px\" \/><\/figure>\n<\/div>\n<\/div>\n\n\n\n<div style=\"height:46px\" aria-hidden=\"true\" class=\"wp-block-spacer\"><\/div>\n\n\n\n<div class=\"wp-block-columns is-layout-flex wp-container-core-columns-is-layout-2 wp-block-columns-is-layout-flex\">\n<div class=\"wp-block-column is-layout-flow wp-block-column-is-layout-flow\">\n<div class=\"wp-block-buttons is-content-justification-right is-layout-flex wp-container-core-buttons-is-layout-1 wp-block-buttons-is-layout-flex\">\n<div class=\"wp-block-button has-custom-width wp-block-button__width-75\"><a class=\"wp-block-button__link has-luminous-vivid-orange-background-color has-background wp-element-button\" href=\"https:\/\/alit-tech.com\/wp-content\/uploads\/2025\/12\/ISO-CERTIFICATE-14001.pdf\" style=\"border-radius:0px\" target=\"_blank\" rel=\"noreferrer noopener\">Download <strong>ISO 14001<\/strong><\/a><\/div>\n<\/div>\n<\/div>\n\n\n\n<div class=\"wp-block-column is-layout-flow wp-block-column-is-layout-flow\">\n<div class=\"wp-block-buttons is-layout-flex wp-block-buttons-is-layout-flex\">\n<div class=\"wp-block-button has-custom-width wp-block-button__width-75\"><a class=\"wp-block-button__link has-luminous-vivid-orange-background-color has-background wp-element-button\" href=\"https:\/\/alit-tech.com\/wp-content\/uploads\/2024\/12\/CERTIFICATO-ISO-9001-ENG.pdf.pdf\" style=\"border-radius:0px\" target=\"_blank\" rel=\"noreferrer noopener\">Download <strong>ISO 9001<\/strong><\/a><\/div>\n<\/div>\n<\/div>\n<\/div>\n\n\n\n<div style=\"height:46px\" aria-hidden=\"true\" class=\"wp-block-spacer\"><\/div>\n\n\n\n<p>Certyfikacja ISO 9001 potwierdza, \u017ce nasze procesy produkcji, obs\u0142ugi klienta i zarz\u0105dzania spe\u0142niaj\u0105 rygorystyczne mi\u0119dzynarodowe standardy jako\u015bci. Z kolei certyfikacja ISO 14001 dowodzi, \u017ce wdro\u017cyli\u015bmy efektywny system zarz\u0105dzania \u015brodowiskowego, monitoruj\u0105cy wp\u0142yw naszych dzia\u0142a\u0144 na \u015brodowisko: pierwszy istotny krok w kierunku jego redukcji. Razem te certyfikaty symbolizuj\u0105 nasze zaanga\u017cowanie w bardziej zr\u00f3wnowa\u017con\u0105 przysz\u0142o\u015b\u0107 o wysokiej jako\u015bci.<\/p>\n\n\n\n<p id=\"tw-target-text\" style=\"font-size:32px\"><strong>Korzy\u015bci z certyfikacji ISO 9001 i ISO 14001 przez ALIT Technologies:<\/strong><\/p>\n\n\n\n<p><strong>Jako\u015b\u0107 Gwarantowana<\/strong><br>Certyfikacje ISO 9001 i ISO 14001 potwierdzaj\u0105, \u017ce nasze procesy operacyjne s\u0105 oceniane i zgodne ze standardami mi\u0119dzynarodowymi. Oznacza to, \u017ce dostarczamy produkty i us\u0142ugi wysokiej jako\u015bci, jednocze\u015bnie systematycznie zarz\u0105dzaj\u0105c naszymi odpowiedzialno\u015bciami \u015brodowiskowymi.<\/p>\n\n\n\n<p><strong>Zaufanie Klient\u00f3w<\/strong><br>Te certyfikacje wzmacniaj\u0105 zaufanie naszych klient\u00f3w do naszej zdolno\u015bci dostarczania produkt\u00f3w i us\u0142ug, kt\u00f3re nie tylko spe\u0142niaj\u0105 ich potrzeby, ale r\u00f3wnie\u017c szanuj\u0105 \u015brodowisko. Wybieraj\u0105c ALIT Technologies, nasi klienci wiedz\u0105, \u017ce wsp\u00f3\u0142pracuj\u0105 z odpowiedzialnym i godnym zaufania partnerem.<\/p>\n\n\n\n<p><strong>Innowacja i Ci\u0105g\u0142e Doskonalenie<\/strong><br>Zar\u00f3wno ISO 9001, jak i ISO 14001, zobowi\u0105zuj\u0105 nas do ci\u0105g\u0142ego doskonalenia. Regularnie monitorujemy nasze procesy, aby identyfikowa\u0107 i wdra\u017ca\u0107 mo\u017cliwo\u015bci usprawnie\u0144, zapewniaj\u0105c zr\u00f3wnowa\u017cony i innowacyjny rozw\u00f3j.<\/p>\n\n\n\n<p><strong>Efektywno\u015b\u0107 Operacyjna<\/strong><br>Przyj\u0119cie tych mi\u0119dzynarodowych standard\u00f3w pozwala nam optymalizowa\u0107 wykorzystanie zasob\u00f3w, redukuj\u0105c marnotrawstwo i koszty operacyjne. Przek\u0142ada si\u0119 to na wy\u017csz\u0105 produktywno\u015b\u0107 i zdolno\u015b\u0107 do oferowania konkurencyjnych cen, korzystaj\u0105c zar\u00f3wno naszych klient\u00f3w, jak i \u015brodowiska.<\/p>\n\n\n\n<p><strong>Przewagi Konkurencyjne<\/strong><br>Dzi\u0119ki tym certyfikacjom, ALIT Technologies mo\u017ce skutecznie konkurowa\u0107 na arenie mi\u0119dzynarodowej. Zgodno\u015b\u0107 z mi\u0119dzynarodowymi standardami jako\u015bci i zr\u00f3wnowa\u017cono\u015bci otwiera nowe mo\u017cliwo\u015bci rynkowe oraz strategiczne partnerstwa, umacniaj\u0105c nasz\u0105 obecno\u015b\u0107 na globalnej skali.<\/p>\n\n\n\n<div style=\"height:46px\" aria-hidden=\"true\" class=\"wp-block-spacer\"><\/div>\n\n\n\n<div class=\"wp-block-columns is-layout-flex wp-container-core-columns-is-layout-3 wp-block-columns-is-layout-flex\">\n<div class=\"wp-block-column is-layout-flow wp-block-column-is-layout-flow\">\n<figure class=\"wp-block-image size-large\"><img decoding=\"async\" width=\"1024\" height=\"712\" src=\"https:\/\/alit-tech.com\/wp-content\/uploads\/2024\/12\/SI-Rating-ALIT-Technolgies-Spa-Sostenibilita-1024x712.png\" alt=\"\" class=\"wp-image-13446\" srcset=\"https:\/\/alit-tech.com\/wp-content\/uploads\/2024\/12\/SI-Rating-ALIT-Technolgies-Spa-Sostenibilita-1024x712.png 1024w, https:\/\/alit-tech.com\/wp-content\/uploads\/2024\/12\/SI-Rating-ALIT-Technolgies-Spa-Sostenibilita-300x209.png 300w, https:\/\/alit-tech.com\/wp-content\/uploads\/2024\/12\/SI-Rating-ALIT-Technolgies-Spa-Sostenibilita-768x534.png 768w, https:\/\/alit-tech.com\/wp-content\/uploads\/2024\/12\/SI-Rating-ALIT-Technolgies-Spa-Sostenibilita.png 1102w\" sizes=\"(max-width: 1024px) 100vw, 1024px\" \/><\/figure>\n<\/div>\n\n\n\n<div class=\"wp-block-column is-vertically-aligned-center is-layout-flow wp-block-column-is-layout-flow\"><div class=\"wp-block-image\">\n<figure class=\"aligncenter size-full is-resized\"><img decoding=\"async\" width=\"566\" height=\"393\" src=\"https:\/\/alit-tech.com\/wp-content\/uploads\/2024\/12\/SI-Rating-Start-2024.png\" alt=\"\" class=\"wp-image-13450\" style=\"width:262px\" srcset=\"https:\/\/alit-tech.com\/wp-content\/uploads\/2024\/12\/SI-Rating-Start-2024.png 566w, https:\/\/alit-tech.com\/wp-content\/uploads\/2024\/12\/SI-Rating-Start-2024-300x208.png 300w\" sizes=\"(max-width: 566px) 100vw, 566px\" \/><\/figure><\/div><\/div>\n<\/div>\n\n\n\n<div style=\"height:46px\" aria-hidden=\"true\" class=\"wp-block-spacer\"><\/div>\n\n\n\n<p style=\"font-size:32px\"><strong>Certyfikacja SI Rating<\/strong><\/p>\n\n\n\n<p>ALIT Technologies uzyska\u0142a uznanie w postaci <a href=\"https:\/\/www.arbsb.it\/en\/si-rating-eng\/\"><mark style=\"background-color:rgba(0, 0, 0, 0)\" class=\"has-inline-color has-luminous-vivid-orange-color\">Sustai<\/mark><\/a><a href=\"https:\/\/www.arbsb.it\/en\/si-rating-eng\/\" target=\"_blank\" rel=\"noreferrer noopener\"><mark style=\"background-color:rgba(0, 0, 0, 0)\" class=\"has-inline-color has-luminous-vivid-orange-color\">nability Impact Ratin<\/mark>g<\/a> (SI Rating), kt\u00f3ry ocenia zr\u00f3wnowa\u017cony rozw\u00f3j \u015brodowiskowy, spo\u0142eczny i zarz\u0105dzania (ESG) organizacji. Ten wynik \u015bwiadczy o naszym zaanga\u017cowaniu w przejrzysto\u015b\u0107, dostosowanie do Cel\u00f3w Zr\u00f3wnowa\u017conego Rozwoju ONZ oraz wdra\u017canie praktyk opartych na mi\u0119dzynarodowych standardach, takich jak wytyczne SASB i certyfikaty ISO zwi\u0105zane ze zr\u00f3wnowa\u017conym rozwojem.<\/p>\n\n\n\n<p>ALIT Technologies zdecydowanie zobowi\u0105zuje si\u0119 do utrzymywania i przekraczania standard\u00f3w ustanowionych przez certyfikacje ISO 9001 i ISO 14001. B\u0119dziemy kontynuowa\u0107 innowacje i doskonalenie, zapewniaj\u0105c, \u017ce jako\u015b\u0107 i zr\u00f3wnowa\u017cono\u015b\u0107 pozostan\u0105 centralnymi elementami naszych dzia\u0142a\u0144. Nasza misja polega na dostarczaniu doskona\u0142ych produkt\u00f3w i us\u0142ug poprzez integracj\u0119 innowacyjnych rozwi\u0105za\u0144, kt\u00f3re s\u0105 zarazem przyjazne dla \u015brodowiska, aby sprosta\u0107 rosn\u0105cym wymaganiom rynku.<\/p>\n","protected":false},"excerpt":{"rendered":"<p>Certyfikaty ISO 9001 i ISO 14001: Jako\u015b\u0107 i Zr\u00f3wnowa\u017cony Rozw\u00f3j w Sercu ALIT Technologies ALIT Technologies z dum\u0105 og\u0142asza, \u017ce uzyska\u0142a presti\u017cowe certyfikaty ISO 9001 i ISO 14001, kt\u00f3re potwierdzaj\u0105 nasze sta\u0142e zaanga\u017cowanie zar\u00f3wno w jako\u015b\u0107 naszych produkt\u00f3w i us\u0142ug, jak i w zr\u00f3wnowa\u017cone zarz\u0105dzanie \u015brodowiskowe. Te certyfikaty, wydawane przez niezale\u017cne autorytety i uznawane na [&hellip;]<\/p>\n","protected":false},"author":1,"featured_media":10871,"parent":0,"menu_order":0,"comment_status":"closed","ping_status":"closed","template":"","meta":{"_acf_changed":false,"footnotes":""},"class_list":["post-10869","page","type-page","status-publish","has-post-thumbnail","hentry"],"acf":[],"yoast_head":"<!-- This site is optimized with the Yoast SEO plugin v23.1 - https:\/\/yoast.com\/wordpress\/plugins\/seo\/ -->\n<title>ISO 9001 i ISO 14001 | ALIT: Jako\u015b\u0107 i Zr\u00f3wnowa\u017cony Rozw\u00f3j<\/title>\n<meta name=\"description\" content=\"Dowiedz si\u0119, jak ALIT Technologies zapewnia doskona\u0142o\u015b\u0107 i zr\u00f3wnowa\u017cony rozw\u00f3j dzi\u0119ki certyfikatom ISO 9001 i ISO 14001, dbaj\u0105c o jako\u015b\u0107 i \u015brodowisko - ALIT\" \/>\n<meta name=\"robots\" content=\"index, follow, max-snippet:-1, max-image-preview:large, max-video-preview:-1\" \/>\n<link rel=\"canonical\" href=\"https:\/\/alit-tech.com\/pl\/certyfikaty\/\" \/>\n<meta property=\"og:locale\" content=\"pl_PL\" \/>\n<meta property=\"og:type\" content=\"article\" \/>\n<meta property=\"og:title\" content=\"ISO 9001 i ISO 14001 | ALIT: Jako\u015b\u0107 i Zr\u00f3wnowa\u017cony Rozw\u00f3j\" \/>\n<meta property=\"og:description\" content=\"Dowiedz si\u0119, jak ALIT Technologies zapewnia doskona\u0142o\u015b\u0107 i zr\u00f3wnowa\u017cony rozw\u00f3j dzi\u0119ki certyfikatom ISO 9001 i ISO 14001, dbaj\u0105c o jako\u015b\u0107 i \u015brodowisko - ALIT\" \/>\n<meta property=\"og:url\" content=\"https:\/\/alit-tech.com\/pl\/certyfikaty\/\" \/>\n<meta property=\"og:site_name\" content=\"Alit technologies Spa\" \/>\n<meta property=\"article:modified_time\" content=\"2025-12-01T09:07:08+00:00\" \/>\n<meta property=\"og:image\" content=\"https:\/\/alit-tech.com\/wp-content\/uploads\/2024\/03\/chemical-single-product.jpg\" \/>\n\t<meta property=\"og:image:width\" content=\"1920\" \/>\n\t<meta property=\"og:image:height\" content=\"552\" \/>\n\t<meta property=\"og:image:type\" content=\"image\/jpeg\" \/>\n<meta name=\"twitter:card\" content=\"summary_large_image\" \/>\n<meta name=\"twitter:label1\" content=\"Szacowany czas czytania\" \/>\n\t<meta name=\"twitter:data1\" content=\"4 minuty\" \/>\n<script type=\"application\/ld+json\" class=\"yoast-schema-graph\">{\"@context\":\"https:\/\/schema.org\",\"@graph\":[{\"@type\":\"WebPage\",\"@id\":\"https:\/\/alit-tech.com\/pl\/certyfikaty\/\",\"url\":\"https:\/\/alit-tech.com\/pl\/certyfikaty\/\",\"name\":\"ISO 9001 i ISO 14001 | ALIT: Jako\u015b\u0107 i Zr\u00f3wnowa\u017cony Rozw\u00f3j\",\"isPartOf\":{\"@id\":\"https:\/\/alit-tech.com\/it\/#website\"},\"primaryImageOfPage\":{\"@id\":\"https:\/\/alit-tech.com\/pl\/certyfikaty\/#primaryimage\"},\"image\":{\"@id\":\"https:\/\/alit-tech.com\/pl\/certyfikaty\/#primaryimage\"},\"thumbnailUrl\":\"https:\/\/alit-tech.com\/wp-content\/uploads\/2024\/03\/chemical-single-product.jpg\",\"datePublished\":\"2024-03-26T14:15:39+00:00\",\"dateModified\":\"2025-12-01T09:07:08+00:00\",\"description\":\"Dowiedz si\u0119, jak ALIT Technologies zapewnia doskona\u0142o\u015b\u0107 i zr\u00f3wnowa\u017cony rozw\u00f3j dzi\u0119ki certyfikatom ISO 9001 i ISO 14001, dbaj\u0105c o jako\u015b\u0107 i \u015brodowisko - ALIT\",\"breadcrumb\":{\"@id\":\"https:\/\/alit-tech.com\/pl\/certyfikaty\/#breadcrumb\"},\"inLanguage\":\"pl-PL\",\"potentialAction\":[{\"@type\":\"ReadAction\",\"target\":[\"https:\/\/alit-tech.com\/pl\/certyfikaty\/\"]}]},{\"@type\":\"ImageObject\",\"inLanguage\":\"pl-PL\",\"@id\":\"https:\/\/alit-tech.com\/pl\/certyfikaty\/#primaryimage\",\"url\":\"https:\/\/alit-tech.com\/wp-content\/uploads\/2024\/03\/chemical-single-product.jpg\",\"contentUrl\":\"https:\/\/alit-tech.com\/wp-content\/uploads\/2024\/03\/chemical-single-product.jpg\",\"width\":1920,\"height\":552},{\"@type\":\"BreadcrumbList\",\"@id\":\"https:\/\/alit-tech.com\/pl\/certyfikaty\/#breadcrumb\",\"itemListElement\":[{\"@type\":\"ListItem\",\"position\":1,\"name\":\"Home\",\"item\":\"https:\/\/alit-tech.com\/pl\/\"},{\"@type\":\"ListItem\",\"position\":2,\"name\":\"Certyfikaty\"}]},{\"@type\":\"WebSite\",\"@id\":\"https:\/\/alit-tech.com\/it\/#website\",\"url\":\"https:\/\/alit-tech.com\/it\/\",\"name\":\"Alit technologies Spa\",\"description\":\"\",\"potentialAction\":[{\"@type\":\"SearchAction\",\"target\":{\"@type\":\"EntryPoint\",\"urlTemplate\":\"https:\/\/alit-tech.com\/it\/?s={search_term_string}\"},\"query-input\":\"required name=search_term_string\"}],\"inLanguage\":\"pl-PL\"}]}<\/script>\n<!-- \/ Yoast SEO plugin. -->","yoast_head_json":{"title":"ISO 9001 i ISO 14001 | ALIT: Jako\u015b\u0107 i Zr\u00f3wnowa\u017cony Rozw\u00f3j","description":"Dowiedz si\u0119, jak ALIT Technologies zapewnia doskona\u0142o\u015b\u0107 i zr\u00f3wnowa\u017cony rozw\u00f3j dzi\u0119ki certyfikatom ISO 9001 i ISO 14001, dbaj\u0105c o jako\u015b\u0107 i \u015brodowisko - ALIT","robots":{"index":"index","follow":"follow","max-snippet":"max-snippet:-1","max-image-preview":"max-image-preview:large","max-video-preview":"max-video-preview:-1"},"canonical":"https:\/\/alit-tech.com\/pl\/certyfikaty\/","og_locale":"pl_PL","og_type":"article","og_title":"ISO 9001 i ISO 14001 | ALIT: Jako\u015b\u0107 i Zr\u00f3wnowa\u017cony Rozw\u00f3j","og_description":"Dowiedz si\u0119, jak ALIT Technologies zapewnia doskona\u0142o\u015b\u0107 i zr\u00f3wnowa\u017cony rozw\u00f3j dzi\u0119ki certyfikatom ISO 9001 i ISO 14001, dbaj\u0105c o jako\u015b\u0107 i \u015brodowisko - ALIT","og_url":"https:\/\/alit-tech.com\/pl\/certyfikaty\/","og_site_name":"Alit technologies Spa","article_modified_time":"2025-12-01T09:07:08+00:00","og_image":[{"width":1920,"height":552,"url":"https:\/\/alit-tech.com\/wp-content\/uploads\/2024\/03\/chemical-single-product.jpg","type":"image\/jpeg"}],"twitter_card":"summary_large_image","twitter_misc":{"Szacowany czas czytania":"4 minuty"},"schema":{"@context":"https:\/\/schema.org","@graph":[{"@type":"WebPage","@id":"https:\/\/alit-tech.com\/pl\/certyfikaty\/","url":"https:\/\/alit-tech.com\/pl\/certyfikaty\/","name":"ISO 9001 i ISO 14001 | ALIT: Jako\u015b\u0107 i Zr\u00f3wnowa\u017cony Rozw\u00f3j","isPartOf":{"@id":"https:\/\/alit-tech.com\/it\/#website"},"primaryImageOfPage":{"@id":"https:\/\/alit-tech.com\/pl\/certyfikaty\/#primaryimage"},"image":{"@id":"https:\/\/alit-tech.com\/pl\/certyfikaty\/#primaryimage"},"thumbnailUrl":"https:\/\/alit-tech.com\/wp-content\/uploads\/2024\/03\/chemical-single-product.jpg","datePublished":"2024-03-26T14:15:39+00:00","dateModified":"2025-12-01T09:07:08+00:00","description":"Dowiedz si\u0119, jak ALIT Technologies zapewnia doskona\u0142o\u015b\u0107 i zr\u00f3wnowa\u017cony rozw\u00f3j dzi\u0119ki certyfikatom ISO 9001 i ISO 14001, dbaj\u0105c o jako\u015b\u0107 i \u015brodowisko - ALIT","breadcrumb":{"@id":"https:\/\/alit-tech.com\/pl\/certyfikaty\/#breadcrumb"},"inLanguage":"pl-PL","potentialAction":[{"@type":"ReadAction","target":["https:\/\/alit-tech.com\/pl\/certyfikaty\/"]}]},{"@type":"ImageObject","inLanguage":"pl-PL","@id":"https:\/\/alit-tech.com\/pl\/certyfikaty\/#primaryimage","url":"https:\/\/alit-tech.com\/wp-content\/uploads\/2024\/03\/chemical-single-product.jpg","contentUrl":"https:\/\/alit-tech.com\/wp-content\/uploads\/2024\/03\/chemical-single-product.jpg","width":1920,"height":552},{"@type":"BreadcrumbList","@id":"https:\/\/alit-tech.com\/pl\/certyfikaty\/#breadcrumb","itemListElement":[{"@type":"ListItem","position":1,"name":"Home","item":"https:\/\/alit-tech.com\/pl\/"},{"@type":"ListItem","position":2,"name":"Certyfikaty"}]},{"@type":"WebSite","@id":"https:\/\/alit-tech.com\/it\/#website","url":"https:\/\/alit-tech.com\/it\/","name":"Alit technologies Spa","description":"","potentialAction":[{"@type":"SearchAction","target":{"@type":"EntryPoint","urlTemplate":"https:\/\/alit-tech.com\/it\/?s={search_term_string}"},"query-input":"required name=search_term_string"}],"inLanguage":"pl-PL"}]}},"_links":{"self":[{"href":"https:\/\/alit-tech.com\/pl\/wp-json\/wp\/v2\/pages\/10869"}],"collection":[{"href":"https:\/\/alit-tech.com\/pl\/wp-json\/wp\/v2\/pages"}],"about":[{"href":"https:\/\/alit-tech.com\/pl\/wp-json\/wp\/v2\/types\/page"}],"author":[{"embeddable":true,"href":"https:\/\/alit-tech.com\/pl\/wp-json\/wp\/v2\/users\/1"}],"replies":[{"embeddable":true,"href":"https:\/\/alit-tech.com\/pl\/wp-json\/wp\/v2\/comments?post=10869"}],"version-history":[{"count":6,"href":"https:\/\/alit-tech.com\/pl\/wp-json\/wp\/v2\/pages\/10869\/revisions"}],"predecessor-version":[{"id":16377,"href":"https:\/\/alit-tech.com\/pl\/wp-json\/wp\/v2\/pages\/10869\/revisions\/16377"}],"wp:featuredmedia":[{"embeddable":true,"href":"https:\/\/alit-tech.com\/pl\/wp-json\/wp\/v2\/media\/10871"}],"wp:attachment":[{"href":"https:\/\/alit-tech.com\/pl\/wp-json\/wp\/v2\/media?parent=10869"}],"curies":[{"name":"wp","href":"https:\/\/api.w.org\/{rel}","templated":true}]}}