{"id":11041,"date":"2024-03-22T17:40:49","date_gmt":"2024-03-22T16:40:49","guid":{"rendered":"https:\/\/alit-tech.com\/svernicianti\/"},"modified":"2025-06-26T12:07:32","modified_gmt":"2025-06-26T10:07:32","slug":"srodki-do-odlakierowywania","status":"publish","type":"page","link":"https:\/\/alit-tech.com\/pl\/srodki-do-odlakierowywania\/","title":{"rendered":"\u015arodki do odlakierowywania"},"content":{"rendered":"","protected":false},"excerpt":{"rendered":"","protected":false},"author":1,"featured_media":11042,"parent":0,"menu_order":0,"comment_status":"closed","ping_status":"closed","template":"template-pages\/02_chemical_products.php","meta":{"_acf_changed":false,"footnotes":""},"class_list":["post-11041","page","type-page","status-publish","has-post-thumbnail","hentry"],"acf":[],"yoast_head":"<!-- This site is optimized with the Yoast SEO plugin v23.1 - https:\/\/yoast.com\/wordpress\/plugins\/seo\/ -->\n<title>Wysokiej jako\u015bci \u015brodki do odlakierowywania Metalstrip<\/title>\n<meta name=\"description\" content=\"Sprz\u0119t do strippingu \u2013 produkty umo\u017cliwiaj\u0105ce odlakierowywanie w k\u0105pieli, odlakierowywanie w linii oraz odlakierowywanie na gor\u0105co i odlakierowywanie na zimno.\" \/>\n<meta name=\"robots\" content=\"index, follow, max-snippet:-1, max-image-preview:large, max-video-preview:-1\" \/>\n<link rel=\"canonical\" href=\"https:\/\/alit-tech.com\/pl\/srodki-do-odlakierowywania\/\" \/>\n<meta property=\"og:locale\" content=\"pl_PL\" \/>\n<meta property=\"og:type\" content=\"article\" \/>\n<meta property=\"og:title\" content=\"Wysokiej jako\u015bci \u015brodki do odlakierowywania Metalstrip\" \/>\n<meta property=\"og:description\" content=\"Sprz\u0119t do strippingu \u2013 produkty umo\u017cliwiaj\u0105ce odlakierowywanie w k\u0105pieli, odlakierowywanie w linii oraz odlakierowywanie na gor\u0105co i odlakierowywanie na zimno.\" \/>\n<meta property=\"og:url\" content=\"https:\/\/alit-tech.com\/pl\/srodki-do-odlakierowywania\/\" \/>\n<meta property=\"og:site_name\" content=\"Alit technologies Spa\" \/>\n<meta property=\"article:modified_time\" content=\"2025-06-26T10:07:32+00:00\" \/>\n<meta property=\"og:image\" content=\"https:\/\/alit-tech.com\/wp-content\/uploads\/2024\/03\/metalstrip-hero-scaled.jpg\" \/>\n\t<meta property=\"og:image:width\" content=\"2560\" \/>\n\t<meta property=\"og:image:height\" content=\"1040\" \/>\n\t<meta property=\"og:image:type\" content=\"image\/jpeg\" \/>\n<meta name=\"twitter:card\" content=\"summary_large_image\" \/>\n<meta name=\"twitter:label1\" content=\"Szacowany czas czytania\" \/>\n\t<meta name=\"twitter:data1\" content=\"1 minuta\" \/>\n<script type=\"application\/ld+json\" class=\"yoast-schema-graph\">{\"@context\":\"https:\/\/schema.org\",\"@graph\":[{\"@type\":\"WebPage\",\"@id\":\"https:\/\/alit-tech.com\/pl\/srodki-do-odlakierowywania\/\",\"url\":\"https:\/\/alit-tech.com\/pl\/srodki-do-odlakierowywania\/\",\"name\":\"Wysokiej jako\u015bci \u015brodki do odlakierowywania Metalstrip\",\"isPartOf\":{\"@id\":\"https:\/\/alit-tech.com\/it\/#website\"},\"primaryImageOfPage\":{\"@id\":\"https:\/\/alit-tech.com\/pl\/srodki-do-odlakierowywania\/#primaryimage\"},\"image\":{\"@id\":\"https:\/\/alit-tech.com\/pl\/srodki-do-odlakierowywania\/#primaryimage\"},\"thumbnailUrl\":\"https:\/\/alit-tech.com\/wp-content\/uploads\/2024\/03\/metalstrip-hero-scaled.jpg\",\"datePublished\":\"2024-03-22T16:40:49+00:00\",\"dateModified\":\"2025-06-26T10:07:32+00:00\",\"description\":\"Sprz\u0119t do strippingu \u2013 produkty umo\u017cliwiaj\u0105ce odlakierowywanie w k\u0105pieli, odlakierowywanie w linii oraz odlakierowywanie na gor\u0105co i odlakierowywanie na zimno.\",\"breadcrumb\":{\"@id\":\"https:\/\/alit-tech.com\/pl\/srodki-do-odlakierowywania\/#breadcrumb\"},\"inLanguage\":\"pl-PL\",\"potentialAction\":[{\"@type\":\"ReadAction\",\"target\":[\"https:\/\/alit-tech.com\/pl\/srodki-do-odlakierowywania\/\"]}]},{\"@type\":\"ImageObject\",\"inLanguage\":\"pl-PL\",\"@id\":\"https:\/\/alit-tech.com\/pl\/srodki-do-odlakierowywania\/#primaryimage\",\"url\":\"https:\/\/alit-tech.com\/wp-content\/uploads\/2024\/03\/metalstrip-hero-scaled.jpg\",\"contentUrl\":\"https:\/\/alit-tech.com\/wp-content\/uploads\/2024\/03\/metalstrip-hero-scaled.jpg\",\"width\":2560,\"height\":1040},{\"@type\":\"BreadcrumbList\",\"@id\":\"https:\/\/alit-tech.com\/pl\/srodki-do-odlakierowywania\/#breadcrumb\",\"itemListElement\":[{\"@type\":\"ListItem\",\"position\":1,\"name\":\"Home\",\"item\":\"https:\/\/alit-tech.com\/pl\/\"},{\"@type\":\"ListItem\",\"position\":2,\"name\":\"\u015arodki do odlakierowywania\"}]},{\"@type\":\"WebSite\",\"@id\":\"https:\/\/alit-tech.com\/it\/#website\",\"url\":\"https:\/\/alit-tech.com\/it\/\",\"name\":\"Alit technologies Spa\",\"description\":\"\",\"potentialAction\":[{\"@type\":\"SearchAction\",\"target\":{\"@type\":\"EntryPoint\",\"urlTemplate\":\"https:\/\/alit-tech.com\/it\/?s={search_term_string}\"},\"query-input\":\"required name=search_term_string\"}],\"inLanguage\":\"pl-PL\"}]}<\/script>\n<!-- \/ Yoast SEO plugin. -->","yoast_head_json":{"title":"Wysokiej jako\u015bci \u015brodki do odlakierowywania Metalstrip","description":"Sprz\u0119t do strippingu \u2013 produkty umo\u017cliwiaj\u0105ce odlakierowywanie w k\u0105pieli, odlakierowywanie w linii oraz odlakierowywanie na gor\u0105co i odlakierowywanie na zimno.","robots":{"index":"index","follow":"follow","max-snippet":"max-snippet:-1","max-image-preview":"max-image-preview:large","max-video-preview":"max-video-preview:-1"},"canonical":"https:\/\/alit-tech.com\/pl\/srodki-do-odlakierowywania\/","og_locale":"pl_PL","og_type":"article","og_title":"Wysokiej jako\u015bci \u015brodki do odlakierowywania Metalstrip","og_description":"Sprz\u0119t do strippingu \u2013 produkty umo\u017cliwiaj\u0105ce odlakierowywanie w k\u0105pieli, odlakierowywanie w linii oraz odlakierowywanie na gor\u0105co i odlakierowywanie na zimno.","og_url":"https:\/\/alit-tech.com\/pl\/srodki-do-odlakierowywania\/","og_site_name":"Alit technologies Spa","article_modified_time":"2025-06-26T10:07:32+00:00","og_image":[{"width":2560,"height":1040,"url":"https:\/\/alit-tech.com\/wp-content\/uploads\/2024\/03\/metalstrip-hero-scaled.jpg","type":"image\/jpeg"}],"twitter_card":"summary_large_image","twitter_misc":{"Szacowany czas czytania":"1 minuta"},"schema":{"@context":"https:\/\/schema.org","@graph":[{"@type":"WebPage","@id":"https:\/\/alit-tech.com\/pl\/srodki-do-odlakierowywania\/","url":"https:\/\/alit-tech.com\/pl\/srodki-do-odlakierowywania\/","name":"Wysokiej jako\u015bci \u015brodki do odlakierowywania Metalstrip","isPartOf":{"@id":"https:\/\/alit-tech.com\/it\/#website"},"primaryImageOfPage":{"@id":"https:\/\/alit-tech.com\/pl\/srodki-do-odlakierowywania\/#primaryimage"},"image":{"@id":"https:\/\/alit-tech.com\/pl\/srodki-do-odlakierowywania\/#primaryimage"},"thumbnailUrl":"https:\/\/alit-tech.com\/wp-content\/uploads\/2024\/03\/metalstrip-hero-scaled.jpg","datePublished":"2024-03-22T16:40:49+00:00","dateModified":"2025-06-26T10:07:32+00:00","description":"Sprz\u0119t do strippingu \u2013 produkty umo\u017cliwiaj\u0105ce odlakierowywanie w k\u0105pieli, odlakierowywanie w linii oraz odlakierowywanie na gor\u0105co i odlakierowywanie na zimno.","breadcrumb":{"@id":"https:\/\/alit-tech.com\/pl\/srodki-do-odlakierowywania\/#breadcrumb"},"inLanguage":"pl-PL","potentialAction":[{"@type":"ReadAction","target":["https:\/\/alit-tech.com\/pl\/srodki-do-odlakierowywania\/"]}]},{"@type":"ImageObject","inLanguage":"pl-PL","@id":"https:\/\/alit-tech.com\/pl\/srodki-do-odlakierowywania\/#primaryimage","url":"https:\/\/alit-tech.com\/wp-content\/uploads\/2024\/03\/metalstrip-hero-scaled.jpg","contentUrl":"https:\/\/alit-tech.com\/wp-content\/uploads\/2024\/03\/metalstrip-hero-scaled.jpg","width":2560,"height":1040},{"@type":"BreadcrumbList","@id":"https:\/\/alit-tech.com\/pl\/srodki-do-odlakierowywania\/#breadcrumb","itemListElement":[{"@type":"ListItem","position":1,"name":"Home","item":"https:\/\/alit-tech.com\/pl\/"},{"@type":"ListItem","position":2,"name":"\u015arodki do odlakierowywania"}]},{"@type":"WebSite","@id":"https:\/\/alit-tech.com\/it\/#website","url":"https:\/\/alit-tech.com\/it\/","name":"Alit technologies Spa","description":"","potentialAction":[{"@type":"SearchAction","target":{"@type":"EntryPoint","urlTemplate":"https:\/\/alit-tech.com\/it\/?s={search_term_string}"},"query-input":"required name=search_term_string"}],"inLanguage":"pl-PL"}]}},"_links":{"self":[{"href":"https:\/\/alit-tech.com\/pl\/wp-json\/wp\/v2\/pages\/11041"}],"collection":[{"href":"https:\/\/alit-tech.com\/pl\/wp-json\/wp\/v2\/pages"}],"about":[{"href":"https:\/\/alit-tech.com\/pl\/wp-json\/wp\/v2\/types\/page"}],"author":[{"embeddable":true,"href":"https:\/\/alit-tech.com\/pl\/wp-json\/wp\/v2\/users\/1"}],"replies":[{"embeddable":true,"href":"https:\/\/alit-tech.com\/pl\/wp-json\/wp\/v2\/comments?post=11041"}],"version-history":[{"count":8,"href":"https:\/\/alit-tech.com\/pl\/wp-json\/wp\/v2\/pages\/11041\/revisions"}],"predecessor-version":[{"id":15703,"href":"https:\/\/alit-tech.com\/pl\/wp-json\/wp\/v2\/pages\/11041\/revisions\/15703"}],"wp:featuredmedia":[{"embeddable":true,"href":"https:\/\/alit-tech.com\/pl\/wp-json\/wp\/v2\/media\/11042"}],"wp:attachment":[{"href":"https:\/\/alit-tech.com\/pl\/wp-json\/wp\/v2\/media?parent=11041"}],"curies":[{"name":"wp","href":"https:\/\/api.w.org\/{rel}","templated":true}]}}