{"id":11051,"date":"2024-03-26T15:12:08","date_gmt":"2024-03-26T14:12:08","guid":{"rendered":"https:\/\/alit-tech.com\/fastrip-ap\/"},"modified":"2025-05-19T14:01:23","modified_gmt":"2025-05-19T12:01:23","slug":"fastrip-ap","status":"publish","type":"page","link":"https:\/\/alit-tech.com\/pl\/urzadzenia\/fastrip-ap\/","title":{"rendered":"Fastrip AP"},"content":{"rendered":"\n<p>Fastrip AP to kompaktowy system off-line stworzony specjalnie do odlakierowywania profili aluminiowych.<br>Fastrip AP umo\u017cliwia odlakierowywanie profili o wadze do 250 kg i d\u0142ugo\u015bci do 8 metr\u00f3w.<br>Przybli\u017cony czas odlakierowywania wynosi oko\u0142o 3 godzin, w zale\u017cno\u015bci od rodzaju lakieru i jego grubo\u015bci.<\/p>\n\n\n\n<p>System sk\u0142ada si\u0119 ze zbiornika do odlakierowywania oraz nast\u0119puj\u0105cego po nim zbiornika do p\u0142ukania.<\/p>\n\n\n\n<p>Fastrip AP jest niezwykle bezpieczny dzi\u0119ki zintegrowanym systemom bezpiecze\u0144stwa takim jak: \u2013 laserowa listwa bezpiecze\u0144stwa \u2013 otaczaj\u0105ca siatka druciana \u2013 system odprowadzania opar\u00f3w \u2013 automatyczna pokrywa.<\/p>\n\n\n\n<p>Mo\u017ce by\u0107 zintegrowany z istniej\u0105cymi liniami technologicznymi lub zainstalowany jako samodzielny system.<br>ALIT Technologies zaleca kombinacj\u0119 z alkalicznym produktem do usuwania farby Metalstrip 1333\/1 w celu uzyskania najlepszego rezultatu.<\/p>\n\n\n\n<p>Metalstrip 1333\/1 gwarantuje wydajno\u015b\u0107, d\u0142ug\u0105 \u017cywotno\u015b\u0107 k\u0105pieli i niskie oddzia\u0142ywanie na \u015brodowisko naturalne. System mo\u017ce by\u0107 r\u00f3wnie\u017c po\u0142\u0105czony z naszym systemem filtracji Fastrip FP.<\/p>\n","protected":false},"excerpt":{"rendered":"<p>Fastrip AP to kompaktowy system off-line stworzony specjalnie do odlakierowywania profili aluminiowych.Fastrip AP umo\u017cliwia odlakierowywanie profili o wadze do 250 kg i d\u0142ugo\u015bci do 8 metr\u00f3w.Przybli\u017cony czas odlakierowywania wynosi oko\u0142o 3 godzin, w zale\u017cno\u015bci od rodzaju lakieru i jego grubo\u015bci. System sk\u0142ada si\u0119 ze zbiornika do odlakierowywania oraz nast\u0119puj\u0105cego po nim zbiornika do p\u0142ukania. Fastrip [&hellip;]<\/p>\n","protected":false},"author":1,"featured_media":11053,"parent":11067,"menu_order":0,"comment_status":"closed","ping_status":"closed","template":"template-pages\/05_plants_product.php","meta":{"_acf_changed":false,"footnotes":""},"class_list":["post-11051","page","type-page","status-publish","has-post-thumbnail","hentry"],"acf":[],"yoast_head":"<!-- This site is optimized with the Yoast SEO plugin v23.1 - https:\/\/yoast.com\/wordpress\/plugins\/seo\/ -->\n<title>System Fastrip do odlakierowywania aluminium \u2013 Fastrip AP<\/title>\n<meta name=\"description\" content=\"Bezpieczny system chemicznego odlakierowywania, umo\u017cliwiaj\u0105cy odlakierowywanie profili aluminiowych. Mo\u017cliwa integracja z istniej\u0105cymi liniami technologicznymi.\" \/>\n<meta name=\"robots\" content=\"index, follow, max-snippet:-1, max-image-preview:large, max-video-preview:-1\" \/>\n<link rel=\"canonical\" href=\"https:\/\/alit-tech.com\/pl\/urzadzenia\/fastrip-ap\/\" \/>\n<meta property=\"og:locale\" content=\"pl_PL\" \/>\n<meta property=\"og:type\" content=\"article\" \/>\n<meta property=\"og:title\" content=\"System Fastrip do odlakierowywania aluminium \u2013 Fastrip AP\" \/>\n<meta property=\"og:description\" content=\"Bezpieczny system chemicznego odlakierowywania, umo\u017cliwiaj\u0105cy odlakierowywanie profili aluminiowych. Mo\u017cliwa integracja z istniej\u0105cymi liniami technologicznymi.\" \/>\n<meta property=\"og:url\" content=\"https:\/\/alit-tech.com\/pl\/urzadzenia\/fastrip-ap\/\" \/>\n<meta property=\"og:site_name\" content=\"Alit technologies Spa\" \/>\n<meta property=\"article:modified_time\" content=\"2025-05-19T12:01:23+00:00\" \/>\n<meta property=\"og:image\" content=\"https:\/\/alit-tech.com\/wp-content\/uploads\/2024\/04\/Fastrip-AP.png\" \/>\n\t<meta property=\"og:image:width\" content=\"1300\" \/>\n\t<meta property=\"og:image:height\" content=\"390\" \/>\n\t<meta property=\"og:image:type\" content=\"image\/png\" \/>\n<meta name=\"twitter:card\" content=\"summary_large_image\" \/>\n<meta name=\"twitter:label1\" content=\"Szacowany czas czytania\" \/>\n\t<meta name=\"twitter:data1\" content=\"1 minuta\" \/>\n<script type=\"application\/ld+json\" class=\"yoast-schema-graph\">{\"@context\":\"https:\/\/schema.org\",\"@graph\":[{\"@type\":\"WebPage\",\"@id\":\"https:\/\/alit-tech.com\/pl\/urzadzenia\/fastrip-ap\/\",\"url\":\"https:\/\/alit-tech.com\/pl\/urzadzenia\/fastrip-ap\/\",\"name\":\"System Fastrip do odlakierowywania aluminium \u2013 Fastrip AP\",\"isPartOf\":{\"@id\":\"https:\/\/alit-tech.com\/it\/#website\"},\"primaryImageOfPage\":{\"@id\":\"https:\/\/alit-tech.com\/pl\/urzadzenia\/fastrip-ap\/#primaryimage\"},\"image\":{\"@id\":\"https:\/\/alit-tech.com\/pl\/urzadzenia\/fastrip-ap\/#primaryimage\"},\"thumbnailUrl\":\"https:\/\/alit-tech.com\/wp-content\/uploads\/2024\/04\/Fastrip-AP.png\",\"datePublished\":\"2024-03-26T14:12:08+00:00\",\"dateModified\":\"2025-05-19T12:01:23+00:00\",\"description\":\"Bezpieczny system chemicznego odlakierowywania, umo\u017cliwiaj\u0105cy odlakierowywanie profili aluminiowych. Mo\u017cliwa integracja z istniej\u0105cymi liniami technologicznymi.\",\"breadcrumb\":{\"@id\":\"https:\/\/alit-tech.com\/pl\/urzadzenia\/fastrip-ap\/#breadcrumb\"},\"inLanguage\":\"pl-PL\",\"potentialAction\":[{\"@type\":\"ReadAction\",\"target\":[\"https:\/\/alit-tech.com\/pl\/urzadzenia\/fastrip-ap\/\"]}]},{\"@type\":\"ImageObject\",\"inLanguage\":\"pl-PL\",\"@id\":\"https:\/\/alit-tech.com\/pl\/urzadzenia\/fastrip-ap\/#primaryimage\",\"url\":\"https:\/\/alit-tech.com\/wp-content\/uploads\/2024\/04\/Fastrip-AP.png\",\"contentUrl\":\"https:\/\/alit-tech.com\/wp-content\/uploads\/2024\/04\/Fastrip-AP.png\",\"width\":1300,\"height\":390},{\"@type\":\"BreadcrumbList\",\"@id\":\"https:\/\/alit-tech.com\/pl\/urzadzenia\/fastrip-ap\/#breadcrumb\",\"itemListElement\":[{\"@type\":\"ListItem\",\"position\":1,\"name\":\"Home\",\"item\":\"https:\/\/alit-tech.com\/pl\/\"},{\"@type\":\"ListItem\",\"position\":2,\"name\":\"Urz\u0105dzenia\",\"item\":\"https:\/\/alit-tech.com\/pl\/urzadzenia\/\"},{\"@type\":\"ListItem\",\"position\":3,\"name\":\"Fastrip AP\"}]},{\"@type\":\"WebSite\",\"@id\":\"https:\/\/alit-tech.com\/it\/#website\",\"url\":\"https:\/\/alit-tech.com\/it\/\",\"name\":\"Alit technologies Spa\",\"description\":\"\",\"potentialAction\":[{\"@type\":\"SearchAction\",\"target\":{\"@type\":\"EntryPoint\",\"urlTemplate\":\"https:\/\/alit-tech.com\/it\/?s={search_term_string}\"},\"query-input\":\"required name=search_term_string\"}],\"inLanguage\":\"pl-PL\"}]}<\/script>\n<!-- \/ Yoast SEO plugin. -->","yoast_head_json":{"title":"System Fastrip do odlakierowywania aluminium \u2013 Fastrip AP","description":"Bezpieczny system chemicznego odlakierowywania, umo\u017cliwiaj\u0105cy odlakierowywanie profili aluminiowych. Mo\u017cliwa integracja z istniej\u0105cymi liniami technologicznymi.","robots":{"index":"index","follow":"follow","max-snippet":"max-snippet:-1","max-image-preview":"max-image-preview:large","max-video-preview":"max-video-preview:-1"},"canonical":"https:\/\/alit-tech.com\/pl\/urzadzenia\/fastrip-ap\/","og_locale":"pl_PL","og_type":"article","og_title":"System Fastrip do odlakierowywania aluminium \u2013 Fastrip AP","og_description":"Bezpieczny system chemicznego odlakierowywania, umo\u017cliwiaj\u0105cy odlakierowywanie profili aluminiowych. Mo\u017cliwa integracja z istniej\u0105cymi liniami technologicznymi.","og_url":"https:\/\/alit-tech.com\/pl\/urzadzenia\/fastrip-ap\/","og_site_name":"Alit technologies Spa","article_modified_time":"2025-05-19T12:01:23+00:00","og_image":[{"width":1300,"height":390,"url":"https:\/\/alit-tech.com\/wp-content\/uploads\/2024\/04\/Fastrip-AP.png","type":"image\/png"}],"twitter_card":"summary_large_image","twitter_misc":{"Szacowany czas czytania":"1 minuta"},"schema":{"@context":"https:\/\/schema.org","@graph":[{"@type":"WebPage","@id":"https:\/\/alit-tech.com\/pl\/urzadzenia\/fastrip-ap\/","url":"https:\/\/alit-tech.com\/pl\/urzadzenia\/fastrip-ap\/","name":"System Fastrip do odlakierowywania aluminium \u2013 Fastrip AP","isPartOf":{"@id":"https:\/\/alit-tech.com\/it\/#website"},"primaryImageOfPage":{"@id":"https:\/\/alit-tech.com\/pl\/urzadzenia\/fastrip-ap\/#primaryimage"},"image":{"@id":"https:\/\/alit-tech.com\/pl\/urzadzenia\/fastrip-ap\/#primaryimage"},"thumbnailUrl":"https:\/\/alit-tech.com\/wp-content\/uploads\/2024\/04\/Fastrip-AP.png","datePublished":"2024-03-26T14:12:08+00:00","dateModified":"2025-05-19T12:01:23+00:00","description":"Bezpieczny system chemicznego odlakierowywania, umo\u017cliwiaj\u0105cy odlakierowywanie profili aluminiowych. Mo\u017cliwa integracja z istniej\u0105cymi liniami technologicznymi.","breadcrumb":{"@id":"https:\/\/alit-tech.com\/pl\/urzadzenia\/fastrip-ap\/#breadcrumb"},"inLanguage":"pl-PL","potentialAction":[{"@type":"ReadAction","target":["https:\/\/alit-tech.com\/pl\/urzadzenia\/fastrip-ap\/"]}]},{"@type":"ImageObject","inLanguage":"pl-PL","@id":"https:\/\/alit-tech.com\/pl\/urzadzenia\/fastrip-ap\/#primaryimage","url":"https:\/\/alit-tech.com\/wp-content\/uploads\/2024\/04\/Fastrip-AP.png","contentUrl":"https:\/\/alit-tech.com\/wp-content\/uploads\/2024\/04\/Fastrip-AP.png","width":1300,"height":390},{"@type":"BreadcrumbList","@id":"https:\/\/alit-tech.com\/pl\/urzadzenia\/fastrip-ap\/#breadcrumb","itemListElement":[{"@type":"ListItem","position":1,"name":"Home","item":"https:\/\/alit-tech.com\/pl\/"},{"@type":"ListItem","position":2,"name":"Urz\u0105dzenia","item":"https:\/\/alit-tech.com\/pl\/urzadzenia\/"},{"@type":"ListItem","position":3,"name":"Fastrip AP"}]},{"@type":"WebSite","@id":"https:\/\/alit-tech.com\/it\/#website","url":"https:\/\/alit-tech.com\/it\/","name":"Alit technologies Spa","description":"","potentialAction":[{"@type":"SearchAction","target":{"@type":"EntryPoint","urlTemplate":"https:\/\/alit-tech.com\/it\/?s={search_term_string}"},"query-input":"required name=search_term_string"}],"inLanguage":"pl-PL"}]}},"_links":{"self":[{"href":"https:\/\/alit-tech.com\/pl\/wp-json\/wp\/v2\/pages\/11051"}],"collection":[{"href":"https:\/\/alit-tech.com\/pl\/wp-json\/wp\/v2\/pages"}],"about":[{"href":"https:\/\/alit-tech.com\/pl\/wp-json\/wp\/v2\/types\/page"}],"author":[{"embeddable":true,"href":"https:\/\/alit-tech.com\/pl\/wp-json\/wp\/v2\/users\/1"}],"replies":[{"embeddable":true,"href":"https:\/\/alit-tech.com\/pl\/wp-json\/wp\/v2\/comments?post=11051"}],"version-history":[{"count":3,"href":"https:\/\/alit-tech.com\/pl\/wp-json\/wp\/v2\/pages\/11051\/revisions"}],"predecessor-version":[{"id":15156,"href":"https:\/\/alit-tech.com\/pl\/wp-json\/wp\/v2\/pages\/11051\/revisions\/15156"}],"up":[{"embeddable":true,"href":"https:\/\/alit-tech.com\/pl\/wp-json\/wp\/v2\/pages\/11067"}],"wp:featuredmedia":[{"embeddable":true,"href":"https:\/\/alit-tech.com\/pl\/wp-json\/wp\/v2\/media\/11053"}],"wp:attachment":[{"href":"https:\/\/alit-tech.com\/pl\/wp-json\/wp\/v2\/media?parent=11051"}],"curies":[{"name":"wp","href":"https:\/\/api.w.org\/{rel}","templated":true}]}}