{"id":11081,"date":"2024-03-26T15:13:48","date_gmt":"2024-03-26T14:13:48","guid":{"rendered":"https:\/\/alit-tech.com\/urzadzenia\/fastrip-fp\/"},"modified":"2025-05-16T14:49:50","modified_gmt":"2025-05-16T12:49:50","slug":"fastrip-fp","status":"publish","type":"page","link":"https:\/\/alit-tech.com\/pl\/urzadzenia\/fastrip-fp\/","title":{"rendered":"Fastrip FP"},"content":{"rendered":"\n<p>Prasy filtracyjne serii<strong>\u00a0FASTRIP FP<\/strong>\u00a0zosta\u0142y specjalnie zaprojektowane do filtracji k\u0105pieli do odlakierowywania. Dzi\u0119ki wieloletniemu do\u015bwiadczeniu w tej specyficznej dziedzinie, ALIT Technologies zidentyfikowa\u0142 materia\u0142y konstrukcyjne i elementy elektromechaniczne, kt\u00f3re zapewniaj\u0105 maksymaln\u0105 wydajno\u015b\u0107 i trwa\u0142o\u015b\u0107 filtracji.<\/p>\n\n\n\n<p>Dozownik flokulanta z rynn\u0105 wibracyjn\u0105.<\/p>\n\n\n\n<p>System\u00a0<strong>FASTRIP FP<\/strong>\u00a0posiada dozownik flokulanta specjalnie zaprojektowany i zwymiarowany do automatycznego dodawania flokulant\u00f3w do zbiornik\u00f3w zawieraj\u0105cych szlam lakierniczy.<br>W zale\u017cno\u015bci od rodzaju systemu odlakierowywania oferujemy r\u00f3\u017cne wielko\u015bci jednostek dozuj\u0105cych.<br>Za pomoc\u0105 specjalnej rynny wibracyjnej flokulant serii ALITFLOCK jest niezawodnie przenoszony z leja wibracyjnego do osadnika szlamu, gdzie jest mieszany za pomoc\u0105 mieszad\u0142a pneumatycznego.<br>Zbiornik dozownika wyposa\u017cony jest w czujnik poziomu, kt\u00f3ry sygnalizuje osi\u0105gni\u0119cie minimalnego poziomu produktu.<br>Parametry automatycznego dozowania mog\u0105 by\u0107 ustawione bezpo\u015brednio na interfejsie u\u017cytkownika prasy filtracyjnej.<br>Prasy filtracyjne FASTRIP FP s\u0105 zwykle po\u0142\u0105czone ze zbiornikiem obr\u00f3bki i sedymentacji osadu oraz zbiornikiem odzysku przefiltrowanej cieczy. Masa szlamowa wytworzona w zbiorniku do odlakierowywania jest zasysana i gromadzona w zbiorniku sedymentacyjnym.<br>Jego konstrukcja i sto\u017ckowe dno sprzyjaj\u0105 naturalnemu osadzaniu si\u0119 osadu, kt\u00f3ry nast\u0119pnie jest \u0142atwo zasysany przez pomp\u0119 prasy filtracyjnej.<br>Dzi\u0119ki czujnikowi poziomu, poziom zbiornika mo\u017ce by\u0107 regulowany w spos\u00f3b ci\u0105g\u0142y lub nieci\u0105g\u0142y w zale\u017cno\u015bci od parametr\u00f3w ustawionych przez oprogramowanie.<br>Zbiornik wyposa\u017cony jest w mieszalnik pneumatyczny ATEX do mieszania flokulant\u00f3w ALITFLOCK. Przefiltrowany produkt do odlakierowywania, kt\u00f3ry wyp\u0142ywa z prasy filtracyjnej, jest nast\u0119pnie zbierany w zbiorniku odzysku.<br>Transfer ten odbywa si\u0119 grawitacyjnie: dlatego prasa filtracyjna i modu\u0142 odzysku musz\u0105 znajdowa\u0107 si\u0119 blisko siebie.<br>R\u00f3wnie\u017c w tym przypadku czujnik poziomu pozwala na regulacj\u0119 poziomu systemu w spos\u00f3b ci\u0105g\u0142y lub nieci\u0105g\u0142y, w zale\u017cno\u015bci od parametr\u00f3w ustawionych przez oprogramowanie.<\/p>\n\n\n\n<p>Oba zbiorniki s\u0105 wykonane ze stali AISI 304, maj\u0105 sto\u017ckowe dno i s\u0105 wyposa\u017cone w czujnik poziomu, otwieran\u0105 pokryw\u0119 i zaw\u00f3r wylotowy na dole.<\/p>\n","protected":false},"excerpt":{"rendered":"<p>Prasy filtracyjne serii\u00a0FASTRIP FP\u00a0zosta\u0142y specjalnie zaprojektowane do filtracji k\u0105pieli do odlakierowywania. Dzi\u0119ki wieloletniemu do\u015bwiadczeniu w tej specyficznej dziedzinie, ALIT Technologies zidentyfikowa\u0142 materia\u0142y konstrukcyjne i elementy elektromechaniczne, kt\u00f3re zapewniaj\u0105 maksymaln\u0105 wydajno\u015b\u0107 i trwa\u0142o\u015b\u0107 filtracji. Dozownik flokulanta z rynn\u0105 wibracyjn\u0105. System\u00a0FASTRIP FP\u00a0posiada dozownik flokulanta specjalnie zaprojektowany i zwymiarowany do automatycznego dodawania flokulant\u00f3w do zbiornik\u00f3w zawieraj\u0105cych szlam lakierniczy.W [&hellip;]<\/p>\n","protected":false},"author":1,"featured_media":11083,"parent":11067,"menu_order":0,"comment_status":"closed","ping_status":"closed","template":"template-pages\/05_plants_product.php","meta":{"_acf_changed":false,"footnotes":""},"class_list":["post-11081","page","type-page","status-publish","has-post-thumbnail","hentry"],"acf":[],"yoast_head":"<!-- This site is optimized with the Yoast SEO plugin v23.1 - https:\/\/yoast.com\/wordpress\/plugins\/seo\/ -->\n<title>Filtracja \u015brodka do odlakierowywania w k\u0105pieli \u2013 Fastrip FP<\/title>\n<meta name=\"description\" content=\"Prasa pozwala filtrowa\u0107 k\u0105piele do odlakierowywania przemys\u0142owego. Maksymalna wydajno\u015b\u0107 i trwa\u0142o\u015b\u0107 filtracji. Oferujemy r\u00f3\u017cne wielko\u015bci jednostek dozuj\u0105cych.\" \/>\n<meta name=\"robots\" content=\"index, follow, max-snippet:-1, max-image-preview:large, max-video-preview:-1\" \/>\n<link rel=\"canonical\" href=\"https:\/\/alit-tech.com\/pl\/urzadzenia\/fastrip-fp\/\" \/>\n<meta property=\"og:locale\" content=\"pl_PL\" \/>\n<meta property=\"og:type\" content=\"article\" \/>\n<meta property=\"og:title\" content=\"Filtracja \u015brodka do odlakierowywania w k\u0105pieli \u2013 Fastrip FP\" \/>\n<meta property=\"og:description\" content=\"Prasa pozwala filtrowa\u0107 k\u0105piele do odlakierowywania przemys\u0142owego. Maksymalna wydajno\u015b\u0107 i trwa\u0142o\u015b\u0107 filtracji. Oferujemy r\u00f3\u017cne wielko\u015bci jednostek dozuj\u0105cych.\" \/>\n<meta property=\"og:url\" content=\"https:\/\/alit-tech.com\/pl\/urzadzenia\/fastrip-fp\/\" \/>\n<meta property=\"og:site_name\" content=\"Alit technologies Spa\" \/>\n<meta property=\"article:modified_time\" content=\"2025-05-16T12:49:50+00:00\" \/>\n<meta property=\"og:image\" content=\"https:\/\/alit-tech.com\/wp-content\/uploads\/2024\/04\/Fastrip-FP.png\" \/>\n\t<meta property=\"og:image:width\" content=\"1700\" \/>\n\t<meta property=\"og:image:height\" content=\"585\" \/>\n\t<meta property=\"og:image:type\" content=\"image\/png\" \/>\n<meta name=\"twitter:card\" content=\"summary_large_image\" \/>\n<meta name=\"twitter:label1\" content=\"Szacowany czas czytania\" \/>\n\t<meta name=\"twitter:data1\" content=\"2 minuty\" \/>\n<script type=\"application\/ld+json\" class=\"yoast-schema-graph\">{\"@context\":\"https:\/\/schema.org\",\"@graph\":[{\"@type\":\"WebPage\",\"@id\":\"https:\/\/alit-tech.com\/pl\/urzadzenia\/fastrip-fp\/\",\"url\":\"https:\/\/alit-tech.com\/pl\/urzadzenia\/fastrip-fp\/\",\"name\":\"Filtracja \u015brodka do odlakierowywania w k\u0105pieli \u2013 Fastrip FP\",\"isPartOf\":{\"@id\":\"https:\/\/alit-tech.com\/it\/#website\"},\"primaryImageOfPage\":{\"@id\":\"https:\/\/alit-tech.com\/pl\/urzadzenia\/fastrip-fp\/#primaryimage\"},\"image\":{\"@id\":\"https:\/\/alit-tech.com\/pl\/urzadzenia\/fastrip-fp\/#primaryimage\"},\"thumbnailUrl\":\"https:\/\/alit-tech.com\/wp-content\/uploads\/2024\/04\/Fastrip-FP.png\",\"datePublished\":\"2024-03-26T14:13:48+00:00\",\"dateModified\":\"2025-05-16T12:49:50+00:00\",\"description\":\"Prasa pozwala filtrowa\u0107 k\u0105piele do odlakierowywania przemys\u0142owego. Maksymalna wydajno\u015b\u0107 i trwa\u0142o\u015b\u0107 filtracji. Oferujemy r\u00f3\u017cne wielko\u015bci jednostek dozuj\u0105cych.\",\"breadcrumb\":{\"@id\":\"https:\/\/alit-tech.com\/pl\/urzadzenia\/fastrip-fp\/#breadcrumb\"},\"inLanguage\":\"pl-PL\",\"potentialAction\":[{\"@type\":\"ReadAction\",\"target\":[\"https:\/\/alit-tech.com\/pl\/urzadzenia\/fastrip-fp\/\"]}]},{\"@type\":\"ImageObject\",\"inLanguage\":\"pl-PL\",\"@id\":\"https:\/\/alit-tech.com\/pl\/urzadzenia\/fastrip-fp\/#primaryimage\",\"url\":\"https:\/\/alit-tech.com\/wp-content\/uploads\/2024\/04\/Fastrip-FP.png\",\"contentUrl\":\"https:\/\/alit-tech.com\/wp-content\/uploads\/2024\/04\/Fastrip-FP.png\",\"width\":1700,\"height\":585},{\"@type\":\"BreadcrumbList\",\"@id\":\"https:\/\/alit-tech.com\/pl\/urzadzenia\/fastrip-fp\/#breadcrumb\",\"itemListElement\":[{\"@type\":\"ListItem\",\"position\":1,\"name\":\"Home\",\"item\":\"https:\/\/alit-tech.com\/pl\/\"},{\"@type\":\"ListItem\",\"position\":2,\"name\":\"Urz\u0105dzenia\",\"item\":\"https:\/\/alit-tech.com\/pl\/urzadzenia\/\"},{\"@type\":\"ListItem\",\"position\":3,\"name\":\"Fastrip FP\"}]},{\"@type\":\"WebSite\",\"@id\":\"https:\/\/alit-tech.com\/it\/#website\",\"url\":\"https:\/\/alit-tech.com\/it\/\",\"name\":\"Alit technologies Spa\",\"description\":\"\",\"potentialAction\":[{\"@type\":\"SearchAction\",\"target\":{\"@type\":\"EntryPoint\",\"urlTemplate\":\"https:\/\/alit-tech.com\/it\/?s={search_term_string}\"},\"query-input\":\"required name=search_term_string\"}],\"inLanguage\":\"pl-PL\"}]}<\/script>\n<!-- \/ Yoast SEO plugin. -->","yoast_head_json":{"title":"Filtracja \u015brodka do odlakierowywania w k\u0105pieli \u2013 Fastrip FP","description":"Prasa pozwala filtrowa\u0107 k\u0105piele do odlakierowywania przemys\u0142owego. Maksymalna wydajno\u015b\u0107 i trwa\u0142o\u015b\u0107 filtracji. Oferujemy r\u00f3\u017cne wielko\u015bci jednostek dozuj\u0105cych.","robots":{"index":"index","follow":"follow","max-snippet":"max-snippet:-1","max-image-preview":"max-image-preview:large","max-video-preview":"max-video-preview:-1"},"canonical":"https:\/\/alit-tech.com\/pl\/urzadzenia\/fastrip-fp\/","og_locale":"pl_PL","og_type":"article","og_title":"Filtracja \u015brodka do odlakierowywania w k\u0105pieli \u2013 Fastrip FP","og_description":"Prasa pozwala filtrowa\u0107 k\u0105piele do odlakierowywania przemys\u0142owego. Maksymalna wydajno\u015b\u0107 i trwa\u0142o\u015b\u0107 filtracji. Oferujemy r\u00f3\u017cne wielko\u015bci jednostek dozuj\u0105cych.","og_url":"https:\/\/alit-tech.com\/pl\/urzadzenia\/fastrip-fp\/","og_site_name":"Alit technologies Spa","article_modified_time":"2025-05-16T12:49:50+00:00","og_image":[{"width":1700,"height":585,"url":"https:\/\/alit-tech.com\/wp-content\/uploads\/2024\/04\/Fastrip-FP.png","type":"image\/png"}],"twitter_card":"summary_large_image","twitter_misc":{"Szacowany czas czytania":"2 minuty"},"schema":{"@context":"https:\/\/schema.org","@graph":[{"@type":"WebPage","@id":"https:\/\/alit-tech.com\/pl\/urzadzenia\/fastrip-fp\/","url":"https:\/\/alit-tech.com\/pl\/urzadzenia\/fastrip-fp\/","name":"Filtracja \u015brodka do odlakierowywania w k\u0105pieli \u2013 Fastrip FP","isPartOf":{"@id":"https:\/\/alit-tech.com\/it\/#website"},"primaryImageOfPage":{"@id":"https:\/\/alit-tech.com\/pl\/urzadzenia\/fastrip-fp\/#primaryimage"},"image":{"@id":"https:\/\/alit-tech.com\/pl\/urzadzenia\/fastrip-fp\/#primaryimage"},"thumbnailUrl":"https:\/\/alit-tech.com\/wp-content\/uploads\/2024\/04\/Fastrip-FP.png","datePublished":"2024-03-26T14:13:48+00:00","dateModified":"2025-05-16T12:49:50+00:00","description":"Prasa pozwala filtrowa\u0107 k\u0105piele do odlakierowywania przemys\u0142owego. Maksymalna wydajno\u015b\u0107 i trwa\u0142o\u015b\u0107 filtracji. Oferujemy r\u00f3\u017cne wielko\u015bci jednostek dozuj\u0105cych.","breadcrumb":{"@id":"https:\/\/alit-tech.com\/pl\/urzadzenia\/fastrip-fp\/#breadcrumb"},"inLanguage":"pl-PL","potentialAction":[{"@type":"ReadAction","target":["https:\/\/alit-tech.com\/pl\/urzadzenia\/fastrip-fp\/"]}]},{"@type":"ImageObject","inLanguage":"pl-PL","@id":"https:\/\/alit-tech.com\/pl\/urzadzenia\/fastrip-fp\/#primaryimage","url":"https:\/\/alit-tech.com\/wp-content\/uploads\/2024\/04\/Fastrip-FP.png","contentUrl":"https:\/\/alit-tech.com\/wp-content\/uploads\/2024\/04\/Fastrip-FP.png","width":1700,"height":585},{"@type":"BreadcrumbList","@id":"https:\/\/alit-tech.com\/pl\/urzadzenia\/fastrip-fp\/#breadcrumb","itemListElement":[{"@type":"ListItem","position":1,"name":"Home","item":"https:\/\/alit-tech.com\/pl\/"},{"@type":"ListItem","position":2,"name":"Urz\u0105dzenia","item":"https:\/\/alit-tech.com\/pl\/urzadzenia\/"},{"@type":"ListItem","position":3,"name":"Fastrip FP"}]},{"@type":"WebSite","@id":"https:\/\/alit-tech.com\/it\/#website","url":"https:\/\/alit-tech.com\/it\/","name":"Alit technologies Spa","description":"","potentialAction":[{"@type":"SearchAction","target":{"@type":"EntryPoint","urlTemplate":"https:\/\/alit-tech.com\/it\/?s={search_term_string}"},"query-input":"required name=search_term_string"}],"inLanguage":"pl-PL"}]}},"_links":{"self":[{"href":"https:\/\/alit-tech.com\/pl\/wp-json\/wp\/v2\/pages\/11081"}],"collection":[{"href":"https:\/\/alit-tech.com\/pl\/wp-json\/wp\/v2\/pages"}],"about":[{"href":"https:\/\/alit-tech.com\/pl\/wp-json\/wp\/v2\/types\/page"}],"author":[{"embeddable":true,"href":"https:\/\/alit-tech.com\/pl\/wp-json\/wp\/v2\/users\/1"}],"replies":[{"embeddable":true,"href":"https:\/\/alit-tech.com\/pl\/wp-json\/wp\/v2\/comments?post=11081"}],"version-history":[{"count":2,"href":"https:\/\/alit-tech.com\/pl\/wp-json\/wp\/v2\/pages\/11081\/revisions"}],"predecessor-version":[{"id":15119,"href":"https:\/\/alit-tech.com\/pl\/wp-json\/wp\/v2\/pages\/11081\/revisions\/15119"}],"up":[{"embeddable":true,"href":"https:\/\/alit-tech.com\/pl\/wp-json\/wp\/v2\/pages\/11067"}],"wp:featuredmedia":[{"embeddable":true,"href":"https:\/\/alit-tech.com\/pl\/wp-json\/wp\/v2\/media\/11083"}],"wp:attachment":[{"href":"https:\/\/alit-tech.com\/pl\/wp-json\/wp\/v2\/media?parent=11081"}],"curies":[{"name":"wp","href":"https:\/\/api.w.org\/{rel}","templated":true}]}}