{"id":11089,"date":"2024-03-26T10:05:56","date_gmt":"2024-03-26T09:05:56","guid":{"rendered":"https:\/\/alit-tech.com\/urzadzenia\/fastrip-isp\/"},"modified":"2025-05-16T14:34:59","modified_gmt":"2025-05-16T12:34:59","slug":"fastrip-isp","status":"publish","type":"page","link":"https:\/\/alit-tech.com\/pl\/urzadzenia\/fastrip-isp\/","title":{"rendered":"Fastrip ISP"},"content":{"rendered":"\n<p><strong>FASTRIP ISP<\/strong> jest urz\u0105dzeniem do chemicznego odlakierowywania hak\u00f3w i ram.<br>Urz\u0105dzenie sk\u0142ada si\u0119 z poziomego zbiornika, nad kt\u00f3rym znajduje si\u0119 szyna do obs\u0142ugi linii.<br>Jest przeznaczone do odlakierowywania hak\u00f3w i ram niezb\u0119dnych do malowania elektrostatycznego.<br>S\u0105 one zanurzane i przechodz\u0105 przez k\u0105piel do odlakierowywania przez \u015bredni czas oko\u0142o 2 minut.<br>Zawieszone na g\u00f3rze wychodz\u0105 z k\u0105pieli chemicznej czyste i mog\u0105 by\u0107 ponownie u\u017cyte do nowego cyklu malowania.<br>Czysty hak pozwala na doskona\u0142e na\u0142adowanie elektrostatyczne podczas malowania.<\/p>\n\n\n\n<p>Dzi\u0119ki Fastrip ISP nie trzeba ju\u017c r\u0119cznie zdejmowa\u0107 hak\u00f3w przeznaczonych do czyszczenia.<\/p>\n","protected":false},"excerpt":{"rendered":"<p>FASTRIP ISP jest urz\u0105dzeniem do chemicznego odlakierowywania hak\u00f3w i ram.Urz\u0105dzenie sk\u0142ada si\u0119 z poziomego zbiornika, nad kt\u00f3rym znajduje si\u0119 szyna do obs\u0142ugi linii.Jest przeznaczone do odlakierowywania hak\u00f3w i ram niezb\u0119dnych do malowania elektrostatycznego.S\u0105 one zanurzane i przechodz\u0105 przez k\u0105piel do odlakierowywania przez \u015bredni czas oko\u0142o 2 minut.Zawieszone na g\u00f3rze wychodz\u0105 z k\u0105pieli chemicznej czyste i [&hellip;]<\/p>\n","protected":false},"author":1,"featured_media":10916,"parent":11067,"menu_order":0,"comment_status":"closed","ping_status":"closed","template":"template-pages\/05_plants_product.php","meta":{"_acf_changed":false,"footnotes":""},"class_list":["post-11089","page","type-page","status-publish","has-post-thumbnail","hentry"],"acf":[],"yoast_head":"<!-- This site is optimized with the Yoast SEO plugin v23.1 - https:\/\/yoast.com\/wordpress\/plugins\/seo\/ -->\n<title>Odlakierowywanie z hak\u00f3w i ram \u2013 urz\u0105dzenie Fastrip ISP<\/title>\n<meta name=\"description\" content=\"System Fastrip ISP do odlakierowywania pozwala przeprowadzi\u0107 proces odlakierowywania w linii z hak\u00f3w i ram. Eliminuje konieczno\u015b\u0107 r\u0119cznego zdejmowania hak\u00f3w.\" \/>\n<meta name=\"robots\" content=\"index, follow, max-snippet:-1, max-image-preview:large, max-video-preview:-1\" \/>\n<link rel=\"canonical\" href=\"https:\/\/alit-tech.com\/pl\/urzadzenia\/fastrip-isp\/\" \/>\n<meta property=\"og:locale\" content=\"pl_PL\" \/>\n<meta property=\"og:type\" content=\"article\" \/>\n<meta property=\"og:title\" content=\"Odlakierowywanie z hak\u00f3w i ram \u2013 urz\u0105dzenie Fastrip ISP\" \/>\n<meta property=\"og:description\" content=\"System Fastrip ISP do odlakierowywania pozwala przeprowadzi\u0107 proces odlakierowywania w linii z hak\u00f3w i ram. Eliminuje konieczno\u015b\u0107 r\u0119cznego zdejmowania hak\u00f3w.\" \/>\n<meta property=\"og:url\" content=\"https:\/\/alit-tech.com\/pl\/urzadzenia\/fastrip-isp\/\" \/>\n<meta property=\"og:site_name\" content=\"Alit technologies Spa\" \/>\n<meta property=\"article:modified_time\" content=\"2025-05-16T12:34:59+00:00\" \/>\n<meta property=\"og:image\" content=\"https:\/\/alit-tech.com\/wp-content\/uploads\/2024\/04\/Fastrip-ISP.png\" \/>\n\t<meta property=\"og:image:width\" content=\"1800\" \/>\n\t<meta property=\"og:image:height\" content=\"708\" \/>\n\t<meta property=\"og:image:type\" content=\"image\/png\" \/>\n<meta name=\"twitter:card\" content=\"summary_large_image\" \/>\n<meta name=\"twitter:label1\" content=\"Szacowany czas czytania\" \/>\n\t<meta name=\"twitter:data1\" content=\"1 minuta\" \/>\n<script type=\"application\/ld+json\" class=\"yoast-schema-graph\">{\"@context\":\"https:\/\/schema.org\",\"@graph\":[{\"@type\":\"WebPage\",\"@id\":\"https:\/\/alit-tech.com\/pl\/urzadzenia\/fastrip-isp\/\",\"url\":\"https:\/\/alit-tech.com\/pl\/urzadzenia\/fastrip-isp\/\",\"name\":\"Odlakierowywanie z hak\u00f3w i ram \u2013 urz\u0105dzenie Fastrip ISP\",\"isPartOf\":{\"@id\":\"https:\/\/alit-tech.com\/it\/#website\"},\"primaryImageOfPage\":{\"@id\":\"https:\/\/alit-tech.com\/pl\/urzadzenia\/fastrip-isp\/#primaryimage\"},\"image\":{\"@id\":\"https:\/\/alit-tech.com\/pl\/urzadzenia\/fastrip-isp\/#primaryimage\"},\"thumbnailUrl\":\"https:\/\/alit-tech.com\/wp-content\/uploads\/2024\/04\/Fastrip-ISP.png\",\"datePublished\":\"2024-03-26T09:05:56+00:00\",\"dateModified\":\"2025-05-16T12:34:59+00:00\",\"description\":\"System Fastrip ISP do odlakierowywania pozwala przeprowadzi\u0107 proces odlakierowywania w linii z hak\u00f3w i ram. Eliminuje konieczno\u015b\u0107 r\u0119cznego zdejmowania hak\u00f3w.\",\"breadcrumb\":{\"@id\":\"https:\/\/alit-tech.com\/pl\/urzadzenia\/fastrip-isp\/#breadcrumb\"},\"inLanguage\":\"pl-PL\",\"potentialAction\":[{\"@type\":\"ReadAction\",\"target\":[\"https:\/\/alit-tech.com\/pl\/urzadzenia\/fastrip-isp\/\"]}]},{\"@type\":\"ImageObject\",\"inLanguage\":\"pl-PL\",\"@id\":\"https:\/\/alit-tech.com\/pl\/urzadzenia\/fastrip-isp\/#primaryimage\",\"url\":\"https:\/\/alit-tech.com\/wp-content\/uploads\/2024\/04\/Fastrip-ISP.png\",\"contentUrl\":\"https:\/\/alit-tech.com\/wp-content\/uploads\/2024\/04\/Fastrip-ISP.png\",\"width\":1800,\"height\":708,\"caption\":\"Fastrip-ISP\"},{\"@type\":\"BreadcrumbList\",\"@id\":\"https:\/\/alit-tech.com\/pl\/urzadzenia\/fastrip-isp\/#breadcrumb\",\"itemListElement\":[{\"@type\":\"ListItem\",\"position\":1,\"name\":\"Home\",\"item\":\"https:\/\/alit-tech.com\/pl\/\"},{\"@type\":\"ListItem\",\"position\":2,\"name\":\"Urz\u0105dzenia\",\"item\":\"https:\/\/alit-tech.com\/pl\/urzadzenia\/\"},{\"@type\":\"ListItem\",\"position\":3,\"name\":\"Fastrip ISP\"}]},{\"@type\":\"WebSite\",\"@id\":\"https:\/\/alit-tech.com\/it\/#website\",\"url\":\"https:\/\/alit-tech.com\/it\/\",\"name\":\"Alit technologies Spa\",\"description\":\"\",\"potentialAction\":[{\"@type\":\"SearchAction\",\"target\":{\"@type\":\"EntryPoint\",\"urlTemplate\":\"https:\/\/alit-tech.com\/it\/?s={search_term_string}\"},\"query-input\":\"required name=search_term_string\"}],\"inLanguage\":\"pl-PL\"}]}<\/script>\n<!-- \/ Yoast SEO plugin. -->","yoast_head_json":{"title":"Odlakierowywanie z hak\u00f3w i ram \u2013 urz\u0105dzenie Fastrip ISP","description":"System Fastrip ISP do odlakierowywania pozwala przeprowadzi\u0107 proces odlakierowywania w linii z hak\u00f3w i ram. Eliminuje konieczno\u015b\u0107 r\u0119cznego zdejmowania hak\u00f3w.","robots":{"index":"index","follow":"follow","max-snippet":"max-snippet:-1","max-image-preview":"max-image-preview:large","max-video-preview":"max-video-preview:-1"},"canonical":"https:\/\/alit-tech.com\/pl\/urzadzenia\/fastrip-isp\/","og_locale":"pl_PL","og_type":"article","og_title":"Odlakierowywanie z hak\u00f3w i ram \u2013 urz\u0105dzenie Fastrip ISP","og_description":"System Fastrip ISP do odlakierowywania pozwala przeprowadzi\u0107 proces odlakierowywania w linii z hak\u00f3w i ram. Eliminuje konieczno\u015b\u0107 r\u0119cznego zdejmowania hak\u00f3w.","og_url":"https:\/\/alit-tech.com\/pl\/urzadzenia\/fastrip-isp\/","og_site_name":"Alit technologies Spa","article_modified_time":"2025-05-16T12:34:59+00:00","og_image":[{"width":1800,"height":708,"url":"https:\/\/alit-tech.com\/wp-content\/uploads\/2024\/04\/Fastrip-ISP.png","type":"image\/png"}],"twitter_card":"summary_large_image","twitter_misc":{"Szacowany czas czytania":"1 minuta"},"schema":{"@context":"https:\/\/schema.org","@graph":[{"@type":"WebPage","@id":"https:\/\/alit-tech.com\/pl\/urzadzenia\/fastrip-isp\/","url":"https:\/\/alit-tech.com\/pl\/urzadzenia\/fastrip-isp\/","name":"Odlakierowywanie z hak\u00f3w i ram \u2013 urz\u0105dzenie Fastrip ISP","isPartOf":{"@id":"https:\/\/alit-tech.com\/it\/#website"},"primaryImageOfPage":{"@id":"https:\/\/alit-tech.com\/pl\/urzadzenia\/fastrip-isp\/#primaryimage"},"image":{"@id":"https:\/\/alit-tech.com\/pl\/urzadzenia\/fastrip-isp\/#primaryimage"},"thumbnailUrl":"https:\/\/alit-tech.com\/wp-content\/uploads\/2024\/04\/Fastrip-ISP.png","datePublished":"2024-03-26T09:05:56+00:00","dateModified":"2025-05-16T12:34:59+00:00","description":"System Fastrip ISP do odlakierowywania pozwala przeprowadzi\u0107 proces odlakierowywania w linii z hak\u00f3w i ram. Eliminuje konieczno\u015b\u0107 r\u0119cznego zdejmowania hak\u00f3w.","breadcrumb":{"@id":"https:\/\/alit-tech.com\/pl\/urzadzenia\/fastrip-isp\/#breadcrumb"},"inLanguage":"pl-PL","potentialAction":[{"@type":"ReadAction","target":["https:\/\/alit-tech.com\/pl\/urzadzenia\/fastrip-isp\/"]}]},{"@type":"ImageObject","inLanguage":"pl-PL","@id":"https:\/\/alit-tech.com\/pl\/urzadzenia\/fastrip-isp\/#primaryimage","url":"https:\/\/alit-tech.com\/wp-content\/uploads\/2024\/04\/Fastrip-ISP.png","contentUrl":"https:\/\/alit-tech.com\/wp-content\/uploads\/2024\/04\/Fastrip-ISP.png","width":1800,"height":708,"caption":"Fastrip-ISP"},{"@type":"BreadcrumbList","@id":"https:\/\/alit-tech.com\/pl\/urzadzenia\/fastrip-isp\/#breadcrumb","itemListElement":[{"@type":"ListItem","position":1,"name":"Home","item":"https:\/\/alit-tech.com\/pl\/"},{"@type":"ListItem","position":2,"name":"Urz\u0105dzenia","item":"https:\/\/alit-tech.com\/pl\/urzadzenia\/"},{"@type":"ListItem","position":3,"name":"Fastrip ISP"}]},{"@type":"WebSite","@id":"https:\/\/alit-tech.com\/it\/#website","url":"https:\/\/alit-tech.com\/it\/","name":"Alit technologies Spa","description":"","potentialAction":[{"@type":"SearchAction","target":{"@type":"EntryPoint","urlTemplate":"https:\/\/alit-tech.com\/it\/?s={search_term_string}"},"query-input":"required name=search_term_string"}],"inLanguage":"pl-PL"}]}},"_links":{"self":[{"href":"https:\/\/alit-tech.com\/pl\/wp-json\/wp\/v2\/pages\/11089"}],"collection":[{"href":"https:\/\/alit-tech.com\/pl\/wp-json\/wp\/v2\/pages"}],"about":[{"href":"https:\/\/alit-tech.com\/pl\/wp-json\/wp\/v2\/types\/page"}],"author":[{"embeddable":true,"href":"https:\/\/alit-tech.com\/pl\/wp-json\/wp\/v2\/users\/1"}],"replies":[{"embeddable":true,"href":"https:\/\/alit-tech.com\/pl\/wp-json\/wp\/v2\/comments?post=11089"}],"version-history":[{"count":3,"href":"https:\/\/alit-tech.com\/pl\/wp-json\/wp\/v2\/pages\/11089\/revisions"}],"predecessor-version":[{"id":15092,"href":"https:\/\/alit-tech.com\/pl\/wp-json\/wp\/v2\/pages\/11089\/revisions\/15092"}],"up":[{"embeddable":true,"href":"https:\/\/alit-tech.com\/pl\/wp-json\/wp\/v2\/pages\/11067"}],"wp:featuredmedia":[{"embeddable":true,"href":"https:\/\/alit-tech.com\/pl\/wp-json\/wp\/v2\/media\/10916"}],"wp:attachment":[{"href":"https:\/\/alit-tech.com\/pl\/wp-json\/wp\/v2\/media?parent=11089"}],"curies":[{"name":"wp","href":"https:\/\/api.w.org\/{rel}","templated":true}]}}