{"id":11132,"date":"2024-03-26T15:12:30","date_gmt":"2024-03-26T14:12:30","guid":{"rendered":"https:\/\/alit-tech.com\/urzadzenia\/fastrip-mt\/"},"modified":"2025-05-19T14:12:54","modified_gmt":"2025-05-19T12:12:54","slug":"fastrip-mt","status":"publish","type":"page","link":"https:\/\/alit-tech.com\/pl\/urzadzenia\/fastrip-mt\/","title":{"rendered":"Fastrip MT"},"content":{"rendered":"\n<p><strong>FASTRIP MT<\/strong>&nbsp;to proces chemicznego odlakierowywania przeznaczony do odzysku profili aluminiowych, kt\u00f3re maj\u0105 by\u0107 ponownie polakierowane. W sk\u0142ad instalacji wchodzi 5 zbiornik\u00f3w stalowych i jeden zbiornik z pokryw\u0105, suwnica oraz pomost obok zbiornik\u00f3w u\u0142atwiaj\u0105cy prac\u0119 operator\u00f3w.<\/p>\n\n\n\n<p><strong>FASTRIP MT<\/strong>&nbsp;jest szybk\u0105 i ekonomiczn\u0105 alternatyw\u0105 dla z\u0142omowania lub r\u0119cznego szlifowania profili aluminiowych z wadami pow\u0142oki. Szczeg\u00f3lnie nadaje si\u0119 do obr\u00f3bki profili aluminiowych przeznaczonych na ramy drzwi i okien, kabiny prysznicowe, moskitiery, cz\u0119\u015bci samochodowe, znaki drogowe i og\u00f3lnie w procesie malowania proszkowego metali.<\/p>\n\n\n\n<ol class=\"wp-block-list\">\n<li>Wanna do usuwania pow\u0142ok <strong><em>50-55\u00b0C<\/em><\/strong><\/li>\n\n\n\n<li>Wanna do p\u0142ukania <strong><em>temperatura pokojowa<\/em><\/strong><\/li>\n\n\n\n<li>Wanna do trawienia alkalicznego <strong><em>40-50 \u00b0C<\/em><\/strong><\/li>\n\n\n\n<li>Wanna do p\u0142ukania <em><strong>temperatura pokojowa<\/strong><\/em><\/li>\n\n\n\n<li>Wanna do neutralizacji kwas\u00f3w <em><strong>temperatura pokojowa<\/strong><\/em><\/li>\n\n\n\n<li>Wanna do p\u0142ukania <strong><em>temperatura pokojowa<\/em><\/strong><\/li>\n<\/ol>\n","protected":false},"excerpt":{"rendered":"<p>FASTRIP MT&nbsp;to proces chemicznego odlakierowywania przeznaczony do odzysku profili aluminiowych, kt\u00f3re maj\u0105 by\u0107 ponownie polakierowane. W sk\u0142ad instalacji wchodzi 5 zbiornik\u00f3w stalowych i jeden zbiornik z pokryw\u0105, suwnica oraz pomost obok zbiornik\u00f3w u\u0142atwiaj\u0105cy prac\u0119 operator\u00f3w. FASTRIP MT&nbsp;jest szybk\u0105 i ekonomiczn\u0105 alternatyw\u0105 dla z\u0142omowania lub r\u0119cznego szlifowania profili aluminiowych z wadami pow\u0142oki. Szczeg\u00f3lnie nadaje si\u0119 do [&hellip;]<\/p>\n","protected":false},"author":1,"featured_media":11134,"parent":11067,"menu_order":0,"comment_status":"closed","ping_status":"closed","template":"template-pages\/05_plants_product.php","meta":{"_acf_changed":false,"footnotes":""},"class_list":["post-11132","page","type-page","status-publish","has-post-thumbnail","hentry"],"acf":[],"yoast_head":"<!-- This site is optimized with the Yoast SEO plugin v23.1 - https:\/\/yoast.com\/wordpress\/plugins\/seo\/ -->\n<title>Proces chemicznego odlakierowywania aluminium \u2013 Fastrip MT<\/title>\n<meta name=\"description\" content=\"Szybka, ekonomiczna i energooszcz\u0119dna alternatywa dla z\u0142omowania i r\u0119cznego szlifowania profili aluminiowych z wadami pow\u0142oki. Koncepcja instalacji modu\u0142owej.\" \/>\n<meta name=\"robots\" content=\"index, follow, max-snippet:-1, max-image-preview:large, max-video-preview:-1\" \/>\n<link rel=\"canonical\" href=\"https:\/\/alit-tech.com\/pl\/urzadzenia\/fastrip-mt\/\" \/>\n<meta property=\"og:locale\" content=\"pl_PL\" \/>\n<meta property=\"og:type\" content=\"article\" \/>\n<meta property=\"og:title\" content=\"Proces chemicznego odlakierowywania aluminium \u2013 Fastrip MT\" \/>\n<meta property=\"og:description\" content=\"Szybka, ekonomiczna i energooszcz\u0119dna alternatywa dla z\u0142omowania i r\u0119cznego szlifowania profili aluminiowych z wadami pow\u0142oki. Koncepcja instalacji modu\u0142owej.\" \/>\n<meta property=\"og:url\" content=\"https:\/\/alit-tech.com\/pl\/urzadzenia\/fastrip-mt\/\" \/>\n<meta property=\"og:site_name\" content=\"Alit technologies Spa\" \/>\n<meta property=\"article:modified_time\" content=\"2025-05-19T12:12:54+00:00\" \/>\n<meta property=\"og:image\" content=\"https:\/\/alit-tech.com\/wp-content\/uploads\/2024\/04\/Fastrip-MT-5.png\" \/>\n\t<meta property=\"og:image:width\" content=\"1500\" \/>\n\t<meta property=\"og:image:height\" content=\"504\" \/>\n\t<meta property=\"og:image:type\" content=\"image\/png\" \/>\n<meta name=\"twitter:card\" content=\"summary_large_image\" \/>\n<meta name=\"twitter:label1\" content=\"Szacowany czas czytania\" \/>\n\t<meta name=\"twitter:data1\" content=\"1 minuta\" \/>\n<script type=\"application\/ld+json\" class=\"yoast-schema-graph\">{\"@context\":\"https:\/\/schema.org\",\"@graph\":[{\"@type\":\"WebPage\",\"@id\":\"https:\/\/alit-tech.com\/pl\/urzadzenia\/fastrip-mt\/\",\"url\":\"https:\/\/alit-tech.com\/pl\/urzadzenia\/fastrip-mt\/\",\"name\":\"Proces chemicznego odlakierowywania aluminium \u2013 Fastrip MT\",\"isPartOf\":{\"@id\":\"https:\/\/alit-tech.com\/it\/#website\"},\"primaryImageOfPage\":{\"@id\":\"https:\/\/alit-tech.com\/pl\/urzadzenia\/fastrip-mt\/#primaryimage\"},\"image\":{\"@id\":\"https:\/\/alit-tech.com\/pl\/urzadzenia\/fastrip-mt\/#primaryimage\"},\"thumbnailUrl\":\"https:\/\/alit-tech.com\/wp-content\/uploads\/2024\/04\/Fastrip-MT-5.png\",\"datePublished\":\"2024-03-26T14:12:30+00:00\",\"dateModified\":\"2025-05-19T12:12:54+00:00\",\"description\":\"Szybka, ekonomiczna i energooszcz\u0119dna alternatywa dla z\u0142omowania i r\u0119cznego szlifowania profili aluminiowych z wadami pow\u0142oki. Koncepcja instalacji modu\u0142owej.\",\"breadcrumb\":{\"@id\":\"https:\/\/alit-tech.com\/pl\/urzadzenia\/fastrip-mt\/#breadcrumb\"},\"inLanguage\":\"pl-PL\",\"potentialAction\":[{\"@type\":\"ReadAction\",\"target\":[\"https:\/\/alit-tech.com\/pl\/urzadzenia\/fastrip-mt\/\"]}]},{\"@type\":\"ImageObject\",\"inLanguage\":\"pl-PL\",\"@id\":\"https:\/\/alit-tech.com\/pl\/urzadzenia\/fastrip-mt\/#primaryimage\",\"url\":\"https:\/\/alit-tech.com\/wp-content\/uploads\/2024\/04\/Fastrip-MT-5.png\",\"contentUrl\":\"https:\/\/alit-tech.com\/wp-content\/uploads\/2024\/04\/Fastrip-MT-5.png\",\"width\":1500,\"height\":504},{\"@type\":\"BreadcrumbList\",\"@id\":\"https:\/\/alit-tech.com\/pl\/urzadzenia\/fastrip-mt\/#breadcrumb\",\"itemListElement\":[{\"@type\":\"ListItem\",\"position\":1,\"name\":\"Home\",\"item\":\"https:\/\/alit-tech.com\/pl\/\"},{\"@type\":\"ListItem\",\"position\":2,\"name\":\"Urz\u0105dzenia\",\"item\":\"https:\/\/alit-tech.com\/pl\/urzadzenia\/\"},{\"@type\":\"ListItem\",\"position\":3,\"name\":\"Fastrip MT\"}]},{\"@type\":\"WebSite\",\"@id\":\"https:\/\/alit-tech.com\/it\/#website\",\"url\":\"https:\/\/alit-tech.com\/it\/\",\"name\":\"Alit technologies Spa\",\"description\":\"\",\"potentialAction\":[{\"@type\":\"SearchAction\",\"target\":{\"@type\":\"EntryPoint\",\"urlTemplate\":\"https:\/\/alit-tech.com\/it\/?s={search_term_string}\"},\"query-input\":\"required name=search_term_string\"}],\"inLanguage\":\"pl-PL\"}]}<\/script>\n<!-- \/ Yoast SEO plugin. -->","yoast_head_json":{"title":"Proces chemicznego odlakierowywania aluminium \u2013 Fastrip MT","description":"Szybka, ekonomiczna i energooszcz\u0119dna alternatywa dla z\u0142omowania i r\u0119cznego szlifowania profili aluminiowych z wadami pow\u0142oki. Koncepcja instalacji modu\u0142owej.","robots":{"index":"index","follow":"follow","max-snippet":"max-snippet:-1","max-image-preview":"max-image-preview:large","max-video-preview":"max-video-preview:-1"},"canonical":"https:\/\/alit-tech.com\/pl\/urzadzenia\/fastrip-mt\/","og_locale":"pl_PL","og_type":"article","og_title":"Proces chemicznego odlakierowywania aluminium \u2013 Fastrip MT","og_description":"Szybka, ekonomiczna i energooszcz\u0119dna alternatywa dla z\u0142omowania i r\u0119cznego szlifowania profili aluminiowych z wadami pow\u0142oki. Koncepcja instalacji modu\u0142owej.","og_url":"https:\/\/alit-tech.com\/pl\/urzadzenia\/fastrip-mt\/","og_site_name":"Alit technologies Spa","article_modified_time":"2025-05-19T12:12:54+00:00","og_image":[{"width":1500,"height":504,"url":"https:\/\/alit-tech.com\/wp-content\/uploads\/2024\/04\/Fastrip-MT-5.png","type":"image\/png"}],"twitter_card":"summary_large_image","twitter_misc":{"Szacowany czas czytania":"1 minuta"},"schema":{"@context":"https:\/\/schema.org","@graph":[{"@type":"WebPage","@id":"https:\/\/alit-tech.com\/pl\/urzadzenia\/fastrip-mt\/","url":"https:\/\/alit-tech.com\/pl\/urzadzenia\/fastrip-mt\/","name":"Proces chemicznego odlakierowywania aluminium \u2013 Fastrip MT","isPartOf":{"@id":"https:\/\/alit-tech.com\/it\/#website"},"primaryImageOfPage":{"@id":"https:\/\/alit-tech.com\/pl\/urzadzenia\/fastrip-mt\/#primaryimage"},"image":{"@id":"https:\/\/alit-tech.com\/pl\/urzadzenia\/fastrip-mt\/#primaryimage"},"thumbnailUrl":"https:\/\/alit-tech.com\/wp-content\/uploads\/2024\/04\/Fastrip-MT-5.png","datePublished":"2024-03-26T14:12:30+00:00","dateModified":"2025-05-19T12:12:54+00:00","description":"Szybka, ekonomiczna i energooszcz\u0119dna alternatywa dla z\u0142omowania i r\u0119cznego szlifowania profili aluminiowych z wadami pow\u0142oki. Koncepcja instalacji modu\u0142owej.","breadcrumb":{"@id":"https:\/\/alit-tech.com\/pl\/urzadzenia\/fastrip-mt\/#breadcrumb"},"inLanguage":"pl-PL","potentialAction":[{"@type":"ReadAction","target":["https:\/\/alit-tech.com\/pl\/urzadzenia\/fastrip-mt\/"]}]},{"@type":"ImageObject","inLanguage":"pl-PL","@id":"https:\/\/alit-tech.com\/pl\/urzadzenia\/fastrip-mt\/#primaryimage","url":"https:\/\/alit-tech.com\/wp-content\/uploads\/2024\/04\/Fastrip-MT-5.png","contentUrl":"https:\/\/alit-tech.com\/wp-content\/uploads\/2024\/04\/Fastrip-MT-5.png","width":1500,"height":504},{"@type":"BreadcrumbList","@id":"https:\/\/alit-tech.com\/pl\/urzadzenia\/fastrip-mt\/#breadcrumb","itemListElement":[{"@type":"ListItem","position":1,"name":"Home","item":"https:\/\/alit-tech.com\/pl\/"},{"@type":"ListItem","position":2,"name":"Urz\u0105dzenia","item":"https:\/\/alit-tech.com\/pl\/urzadzenia\/"},{"@type":"ListItem","position":3,"name":"Fastrip MT"}]},{"@type":"WebSite","@id":"https:\/\/alit-tech.com\/it\/#website","url":"https:\/\/alit-tech.com\/it\/","name":"Alit technologies Spa","description":"","potentialAction":[{"@type":"SearchAction","target":{"@type":"EntryPoint","urlTemplate":"https:\/\/alit-tech.com\/it\/?s={search_term_string}"},"query-input":"required name=search_term_string"}],"inLanguage":"pl-PL"}]}},"_links":{"self":[{"href":"https:\/\/alit-tech.com\/pl\/wp-json\/wp\/v2\/pages\/11132"}],"collection":[{"href":"https:\/\/alit-tech.com\/pl\/wp-json\/wp\/v2\/pages"}],"about":[{"href":"https:\/\/alit-tech.com\/pl\/wp-json\/wp\/v2\/types\/page"}],"author":[{"embeddable":true,"href":"https:\/\/alit-tech.com\/pl\/wp-json\/wp\/v2\/users\/1"}],"replies":[{"embeddable":true,"href":"https:\/\/alit-tech.com\/pl\/wp-json\/wp\/v2\/comments?post=11132"}],"version-history":[{"count":2,"href":"https:\/\/alit-tech.com\/pl\/wp-json\/wp\/v2\/pages\/11132\/revisions"}],"predecessor-version":[{"id":15195,"href":"https:\/\/alit-tech.com\/pl\/wp-json\/wp\/v2\/pages\/11132\/revisions\/15195"}],"up":[{"embeddable":true,"href":"https:\/\/alit-tech.com\/pl\/wp-json\/wp\/v2\/pages\/11067"}],"wp:featuredmedia":[{"embeddable":true,"href":"https:\/\/alit-tech.com\/pl\/wp-json\/wp\/v2\/media\/11134"}],"wp:attachment":[{"href":"https:\/\/alit-tech.com\/pl\/wp-json\/wp\/v2\/media?parent=11132"}],"curies":[{"name":"wp","href":"https:\/\/api.w.org\/{rel}","templated":true}]}}