{"id":11152,"date":"2024-03-26T15:12:46","date_gmt":"2024-03-26T14:12:46","guid":{"rendered":"https:\/\/alit-tech.com\/urzadzenia\/fastrip-s\/"},"modified":"2025-05-19T14:04:40","modified_gmt":"2025-05-19T12:04:40","slug":"fastrip-s","status":"publish","type":"page","link":"https:\/\/alit-tech.com\/pl\/urzadzenia\/fastrip-s\/","title":{"rendered":"Fastrip S"},"content":{"rendered":"\n<p><strong>Fastrip S<\/strong>&nbsp;to system natryskowy do chemicznego odlakierowywania metali. Umo\u017cliwia on instalacj\u0119 pionowego systemu odlakierowywania bezpo\u015brednio przy istniej\u0105cych liniach produkcyjnych przy wykorzystaniu bardzo ma\u0142ej powierzchni. Nadaje si\u0119 do odlakierowywania przedmiot\u00f3w z \u017celaza i stop\u00f3w lekkich bez uszkodzenia ich powierzchni.<\/p>\n\n\n\n<p>Wielko\u015b\u0107 urz\u0105dzenia mo\u017cna dostosowa\u0107 do wymaga\u0144 przemys\u0142u zajmuj\u0105cego si\u0119 obr\u00f3bk\u0105 i przetwarzaniem metali. Obrabiane elementy uk\u0142adane s\u0105 w koszach, kt\u00f3re mo\u017cna dostosowa\u0107 w zale\u017cno\u015bci od ich przeznaczenia. Na przyk\u0142ad: kabiny prysznicowe, formowane cz\u0119\u015bci samochodowe, ko\u0142a z lekkich stop\u00f3w, itd\u2026). Fastrip S pracuje z cyklami odlakierowywania w wysokiej temperaturze (od 80 do 150 \u00b0C). Cykle te s\u0105 w pe\u0142ni konfigurowalne w zale\u017cno\u015bci od kombinacji u\u017cytych materia\u0142\u00f3w i pow\u0142ok. W zale\u017cno\u015bci od rodzaju procesu, etap p\u0142ukania mo\u017ce by\u0107 r\u00f3wnie\u017c zintegrowany bezpo\u015brednio z maszyn\u0105. Mo\u017cliwe jest r\u00f3wnie\u017c przeprowadzenie p\u0142ukania przez inn\u0105 jednostk\u0119 FASTRIP. Maszyny FASTRIP S mo\u017cna po\u0142\u0105czy\u0107 z systemem filtr\u00f3w serii FASTRIP FP, aby znacznie zwi\u0119kszy\u0107 \u017cywotno\u015b\u0107 roztworu do odlakierowywania. Zalecamy stosowanie produkt\u00f3w chemicznych serii METALSTRIP firmy ALIT TECHNOLOGIES, gwarantuj\u0105cych najlepsze rezultaty.<\/p>\n","protected":false},"excerpt":{"rendered":"<p>Fastrip S&nbsp;to system natryskowy do chemicznego odlakierowywania metali. Umo\u017cliwia on instalacj\u0119 pionowego systemu odlakierowywania bezpo\u015brednio przy istniej\u0105cych liniach produkcyjnych przy wykorzystaniu bardzo ma\u0142ej powierzchni. Nadaje si\u0119 do odlakierowywania przedmiot\u00f3w z \u017celaza i stop\u00f3w lekkich bez uszkodzenia ich powierzchni. Wielko\u015b\u0107 urz\u0105dzenia mo\u017cna dostosowa\u0107 do wymaga\u0144 przemys\u0142u zajmuj\u0105cego si\u0119 obr\u00f3bk\u0105 i przetwarzaniem metali. Obrabiane elementy uk\u0142adane s\u0105 [&hellip;]<\/p>\n","protected":false},"author":1,"featured_media":11154,"parent":11067,"menu_order":0,"comment_status":"closed","ping_status":"closed","template":"template-pages\/05_plants_product.php","meta":{"_acf_changed":false,"footnotes":""},"class_list":["post-11152","page","type-page","status-publish","has-post-thumbnail","hentry"],"acf":[],"yoast_head":"<!-- This site is optimized with the Yoast SEO plugin v23.1 - https:\/\/yoast.com\/wordpress\/plugins\/seo\/ -->\n<title>Natryskowy system odlakierowywania z metalu \u2013 Fastrip S<\/title>\n<meta name=\"description\" content=\"Pionowy system do chemicznego usuwania pow\u0142ok lakierniczych z metali. Doskona\u0142y do strippingu przedmiot\u00f3w z \u017celaza i stop\u00f3w lekkich, nie uszkadza powierzchni.\" \/>\n<meta name=\"robots\" content=\"index, follow, max-snippet:-1, max-image-preview:large, max-video-preview:-1\" \/>\n<link rel=\"canonical\" href=\"https:\/\/alit-tech.com\/pl\/urzadzenia\/fastrip-s\/\" \/>\n<meta property=\"og:locale\" content=\"pl_PL\" \/>\n<meta property=\"og:type\" content=\"article\" \/>\n<meta property=\"og:title\" content=\"Natryskowy system odlakierowywania z metalu \u2013 Fastrip S\" \/>\n<meta property=\"og:description\" content=\"Pionowy system do chemicznego usuwania pow\u0142ok lakierniczych z metali. Doskona\u0142y do strippingu przedmiot\u00f3w z \u017celaza i stop\u00f3w lekkich, nie uszkadza powierzchni.\" \/>\n<meta property=\"og:url\" content=\"https:\/\/alit-tech.com\/pl\/urzadzenia\/fastrip-s\/\" \/>\n<meta property=\"og:site_name\" content=\"Alit technologies Spa\" \/>\n<meta property=\"article:modified_time\" content=\"2025-05-19T12:04:40+00:00\" \/>\n<meta property=\"og:image\" content=\"https:\/\/alit-tech.com\/wp-content\/uploads\/2024\/04\/Fastrip-S-1.png\" \/>\n\t<meta property=\"og:image:width\" content=\"1600\" \/>\n\t<meta property=\"og:image:height\" content=\"573\" \/>\n\t<meta property=\"og:image:type\" content=\"image\/png\" \/>\n<meta name=\"twitter:card\" content=\"summary_large_image\" \/>\n<meta name=\"twitter:label1\" content=\"Szacowany czas czytania\" \/>\n\t<meta name=\"twitter:data1\" content=\"2 minuty\" \/>\n<script type=\"application\/ld+json\" class=\"yoast-schema-graph\">{\"@context\":\"https:\/\/schema.org\",\"@graph\":[{\"@type\":\"WebPage\",\"@id\":\"https:\/\/alit-tech.com\/pl\/urzadzenia\/fastrip-s\/\",\"url\":\"https:\/\/alit-tech.com\/pl\/urzadzenia\/fastrip-s\/\",\"name\":\"Natryskowy system odlakierowywania z metalu \u2013 Fastrip S\",\"isPartOf\":{\"@id\":\"https:\/\/alit-tech.com\/it\/#website\"},\"primaryImageOfPage\":{\"@id\":\"https:\/\/alit-tech.com\/pl\/urzadzenia\/fastrip-s\/#primaryimage\"},\"image\":{\"@id\":\"https:\/\/alit-tech.com\/pl\/urzadzenia\/fastrip-s\/#primaryimage\"},\"thumbnailUrl\":\"https:\/\/alit-tech.com\/wp-content\/uploads\/2024\/04\/Fastrip-S-1.png\",\"datePublished\":\"2024-03-26T14:12:46+00:00\",\"dateModified\":\"2025-05-19T12:04:40+00:00\",\"description\":\"Pionowy system do chemicznego usuwania pow\u0142ok lakierniczych z metali. Doskona\u0142y do strippingu przedmiot\u00f3w z \u017celaza i stop\u00f3w lekkich, nie uszkadza powierzchni.\",\"breadcrumb\":{\"@id\":\"https:\/\/alit-tech.com\/pl\/urzadzenia\/fastrip-s\/#breadcrumb\"},\"inLanguage\":\"pl-PL\",\"potentialAction\":[{\"@type\":\"ReadAction\",\"target\":[\"https:\/\/alit-tech.com\/pl\/urzadzenia\/fastrip-s\/\"]}]},{\"@type\":\"ImageObject\",\"inLanguage\":\"pl-PL\",\"@id\":\"https:\/\/alit-tech.com\/pl\/urzadzenia\/fastrip-s\/#primaryimage\",\"url\":\"https:\/\/alit-tech.com\/wp-content\/uploads\/2024\/04\/Fastrip-S-1.png\",\"contentUrl\":\"https:\/\/alit-tech.com\/wp-content\/uploads\/2024\/04\/Fastrip-S-1.png\",\"width\":1600,\"height\":573},{\"@type\":\"BreadcrumbList\",\"@id\":\"https:\/\/alit-tech.com\/pl\/urzadzenia\/fastrip-s\/#breadcrumb\",\"itemListElement\":[{\"@type\":\"ListItem\",\"position\":1,\"name\":\"Home\",\"item\":\"https:\/\/alit-tech.com\/pl\/\"},{\"@type\":\"ListItem\",\"position\":2,\"name\":\"Urz\u0105dzenia\",\"item\":\"https:\/\/alit-tech.com\/pl\/urzadzenia\/\"},{\"@type\":\"ListItem\",\"position\":3,\"name\":\"Fastrip S\"}]},{\"@type\":\"WebSite\",\"@id\":\"https:\/\/alit-tech.com\/it\/#website\",\"url\":\"https:\/\/alit-tech.com\/it\/\",\"name\":\"Alit technologies Spa\",\"description\":\"\",\"potentialAction\":[{\"@type\":\"SearchAction\",\"target\":{\"@type\":\"EntryPoint\",\"urlTemplate\":\"https:\/\/alit-tech.com\/it\/?s={search_term_string}\"},\"query-input\":\"required name=search_term_string\"}],\"inLanguage\":\"pl-PL\"}]}<\/script>\n<!-- \/ Yoast SEO plugin. -->","yoast_head_json":{"title":"Natryskowy system odlakierowywania z metalu \u2013 Fastrip S","description":"Pionowy system do chemicznego usuwania pow\u0142ok lakierniczych z metali. Doskona\u0142y do strippingu przedmiot\u00f3w z \u017celaza i stop\u00f3w lekkich, nie uszkadza powierzchni.","robots":{"index":"index","follow":"follow","max-snippet":"max-snippet:-1","max-image-preview":"max-image-preview:large","max-video-preview":"max-video-preview:-1"},"canonical":"https:\/\/alit-tech.com\/pl\/urzadzenia\/fastrip-s\/","og_locale":"pl_PL","og_type":"article","og_title":"Natryskowy system odlakierowywania z metalu \u2013 Fastrip S","og_description":"Pionowy system do chemicznego usuwania pow\u0142ok lakierniczych z metali. Doskona\u0142y do strippingu przedmiot\u00f3w z \u017celaza i stop\u00f3w lekkich, nie uszkadza powierzchni.","og_url":"https:\/\/alit-tech.com\/pl\/urzadzenia\/fastrip-s\/","og_site_name":"Alit technologies Spa","article_modified_time":"2025-05-19T12:04:40+00:00","og_image":[{"width":1600,"height":573,"url":"https:\/\/alit-tech.com\/wp-content\/uploads\/2024\/04\/Fastrip-S-1.png","type":"image\/png"}],"twitter_card":"summary_large_image","twitter_misc":{"Szacowany czas czytania":"2 minuty"},"schema":{"@context":"https:\/\/schema.org","@graph":[{"@type":"WebPage","@id":"https:\/\/alit-tech.com\/pl\/urzadzenia\/fastrip-s\/","url":"https:\/\/alit-tech.com\/pl\/urzadzenia\/fastrip-s\/","name":"Natryskowy system odlakierowywania z metalu \u2013 Fastrip S","isPartOf":{"@id":"https:\/\/alit-tech.com\/it\/#website"},"primaryImageOfPage":{"@id":"https:\/\/alit-tech.com\/pl\/urzadzenia\/fastrip-s\/#primaryimage"},"image":{"@id":"https:\/\/alit-tech.com\/pl\/urzadzenia\/fastrip-s\/#primaryimage"},"thumbnailUrl":"https:\/\/alit-tech.com\/wp-content\/uploads\/2024\/04\/Fastrip-S-1.png","datePublished":"2024-03-26T14:12:46+00:00","dateModified":"2025-05-19T12:04:40+00:00","description":"Pionowy system do chemicznego usuwania pow\u0142ok lakierniczych z metali. Doskona\u0142y do strippingu przedmiot\u00f3w z \u017celaza i stop\u00f3w lekkich, nie uszkadza powierzchni.","breadcrumb":{"@id":"https:\/\/alit-tech.com\/pl\/urzadzenia\/fastrip-s\/#breadcrumb"},"inLanguage":"pl-PL","potentialAction":[{"@type":"ReadAction","target":["https:\/\/alit-tech.com\/pl\/urzadzenia\/fastrip-s\/"]}]},{"@type":"ImageObject","inLanguage":"pl-PL","@id":"https:\/\/alit-tech.com\/pl\/urzadzenia\/fastrip-s\/#primaryimage","url":"https:\/\/alit-tech.com\/wp-content\/uploads\/2024\/04\/Fastrip-S-1.png","contentUrl":"https:\/\/alit-tech.com\/wp-content\/uploads\/2024\/04\/Fastrip-S-1.png","width":1600,"height":573},{"@type":"BreadcrumbList","@id":"https:\/\/alit-tech.com\/pl\/urzadzenia\/fastrip-s\/#breadcrumb","itemListElement":[{"@type":"ListItem","position":1,"name":"Home","item":"https:\/\/alit-tech.com\/pl\/"},{"@type":"ListItem","position":2,"name":"Urz\u0105dzenia","item":"https:\/\/alit-tech.com\/pl\/urzadzenia\/"},{"@type":"ListItem","position":3,"name":"Fastrip S"}]},{"@type":"WebSite","@id":"https:\/\/alit-tech.com\/it\/#website","url":"https:\/\/alit-tech.com\/it\/","name":"Alit technologies Spa","description":"","potentialAction":[{"@type":"SearchAction","target":{"@type":"EntryPoint","urlTemplate":"https:\/\/alit-tech.com\/it\/?s={search_term_string}"},"query-input":"required name=search_term_string"}],"inLanguage":"pl-PL"}]}},"_links":{"self":[{"href":"https:\/\/alit-tech.com\/pl\/wp-json\/wp\/v2\/pages\/11152"}],"collection":[{"href":"https:\/\/alit-tech.com\/pl\/wp-json\/wp\/v2\/pages"}],"about":[{"href":"https:\/\/alit-tech.com\/pl\/wp-json\/wp\/v2\/types\/page"}],"author":[{"embeddable":true,"href":"https:\/\/alit-tech.com\/pl\/wp-json\/wp\/v2\/users\/1"}],"replies":[{"embeddable":true,"href":"https:\/\/alit-tech.com\/pl\/wp-json\/wp\/v2\/comments?post=11152"}],"version-history":[{"count":2,"href":"https:\/\/alit-tech.com\/pl\/wp-json\/wp\/v2\/pages\/11152\/revisions"}],"predecessor-version":[{"id":15165,"href":"https:\/\/alit-tech.com\/pl\/wp-json\/wp\/v2\/pages\/11152\/revisions\/15165"}],"up":[{"embeddable":true,"href":"https:\/\/alit-tech.com\/pl\/wp-json\/wp\/v2\/pages\/11067"}],"wp:featuredmedia":[{"embeddable":true,"href":"https:\/\/alit-tech.com\/pl\/wp-json\/wp\/v2\/media\/11154"}],"wp:attachment":[{"href":"https:\/\/alit-tech.com\/pl\/wp-json\/wp\/v2\/media?parent=11152"}],"curies":[{"name":"wp","href":"https:\/\/api.w.org\/{rel}","templated":true}]}}