{"id":11167,"date":"2024-03-26T15:13:09","date_gmt":"2024-03-26T14:13:09","guid":{"rendered":"https:\/\/alit-tech.com\/urzadzenia\/fastrip-t2\/"},"modified":"2025-05-19T14:07:49","modified_gmt":"2025-05-19T12:07:49","slug":"fastrip-t2","status":"publish","type":"page","link":"https:\/\/alit-tech.com\/pl\/urzadzenia\/fastrip-t2\/","title":{"rendered":"Fastrip T2"},"content":{"rendered":"\n<p><strong>FATSRIP T2<\/strong>&nbsp;to seria kompaktowych zbiornik\u00f3w do odlakierowywania metod\u0105 zanurzeniow\u0105, kt\u00f3ra jest wyposa\u017cona w system ultrad\u017awi\u0119kowy i zintegrowan\u0105 jednostk\u0119 grzewcz\u0105.<\/p>\n\n\n\n<p>Chemiczne odlakierowywanie w po\u0142\u0105czeniu z impulsami ultrad\u017awi\u0119kowymi gwarantuje skuteczne usuwanie warstw lakieru z element\u00f3w z metali \u017celaznych i nie\u017celaznych.<\/p>\n\n\n\n<p>Maszyny te nadaj\u0105 si\u0119 wi\u0119c do czyszczenia ma\u0142ych hak\u00f3w i ramek, masek silikonowych oraz pistolet\u00f3w do lakierowania farbami w p\u0142ynie.<\/p>\n\n\n\n<p>Ich cyfrowy wy\u015bwietlacz umo\u017cliwia regulacj\u0119 temperatury, czasu zabiegu oraz parametr\u00f3w mocy ultrad\u017awi\u0119k\u00f3w.<\/p>\n","protected":false},"excerpt":{"rendered":"<p>FATSRIP T2&nbsp;to seria kompaktowych zbiornik\u00f3w do odlakierowywania metod\u0105 zanurzeniow\u0105, kt\u00f3ra jest wyposa\u017cona w system ultrad\u017awi\u0119kowy i zintegrowan\u0105 jednostk\u0119 grzewcz\u0105. Chemiczne odlakierowywanie w po\u0142\u0105czeniu z impulsami ultrad\u017awi\u0119kowymi gwarantuje skuteczne usuwanie warstw lakieru z element\u00f3w z metali \u017celaznych i nie\u017celaznych. Maszyny te nadaj\u0105 si\u0119 wi\u0119c do czyszczenia ma\u0142ych hak\u00f3w i ramek, masek silikonowych oraz pistolet\u00f3w do lakierowania [&hellip;]<\/p>\n","protected":false},"author":1,"featured_media":11169,"parent":11067,"menu_order":0,"comment_status":"closed","ping_status":"closed","template":"template-pages\/05_plants_product.php","meta":{"_acf_changed":false,"footnotes":""},"class_list":["post-11167","page","type-page","status-publish","has-post-thumbnail","hentry"],"acf":[],"yoast_head":"<!-- This site is optimized with the Yoast SEO plugin v23.1 - https:\/\/yoast.com\/wordpress\/plugins\/seo\/ -->\n<title>Zbiornik zanurzeniowy do odlakierowywania \u2013 Fastrip T2<\/title>\n<meta name=\"description\" content=\"Bezpieczne, skuteczne i wydajne urz\u0105dzenie do usuwania farby, umo\u017cliwiaj\u0105ce odlakierowywanie w linii za pomoc\u0105 ultrad\u017awi\u0119k\u00f3w z metali \u017celaznych i nie\u017celaznych.\" \/>\n<meta name=\"robots\" content=\"index, follow, max-snippet:-1, max-image-preview:large, max-video-preview:-1\" \/>\n<link rel=\"canonical\" href=\"https:\/\/alit-tech.com\/pl\/urzadzenia\/fastrip-t2\/\" \/>\n<meta property=\"og:locale\" content=\"pl_PL\" \/>\n<meta property=\"og:type\" content=\"article\" \/>\n<meta property=\"og:title\" content=\"Zbiornik zanurzeniowy do odlakierowywania \u2013 Fastrip T2\" \/>\n<meta property=\"og:description\" content=\"Bezpieczne, skuteczne i wydajne urz\u0105dzenie do usuwania farby, umo\u017cliwiaj\u0105ce odlakierowywanie w linii za pomoc\u0105 ultrad\u017awi\u0119k\u00f3w z metali \u017celaznych i nie\u017celaznych.\" \/>\n<meta property=\"og:url\" content=\"https:\/\/alit-tech.com\/pl\/urzadzenia\/fastrip-t2\/\" \/>\n<meta property=\"og:site_name\" content=\"Alit technologies Spa\" \/>\n<meta property=\"article:modified_time\" content=\"2025-05-19T12:07:49+00:00\" \/>\n<meta property=\"og:image\" content=\"https:\/\/alit-tech.com\/wp-content\/uploads\/2024\/04\/Fastrip-T2.png\" \/>\n\t<meta property=\"og:image:width\" content=\"1600\" \/>\n\t<meta property=\"og:image:height\" content=\"582\" \/>\n\t<meta property=\"og:image:type\" content=\"image\/png\" \/>\n<meta name=\"twitter:card\" content=\"summary_large_image\" \/>\n<meta name=\"twitter:label1\" content=\"Szacowany czas czytania\" \/>\n\t<meta name=\"twitter:data1\" content=\"1 minuta\" \/>\n<script type=\"application\/ld+json\" class=\"yoast-schema-graph\">{\"@context\":\"https:\/\/schema.org\",\"@graph\":[{\"@type\":\"WebPage\",\"@id\":\"https:\/\/alit-tech.com\/pl\/urzadzenia\/fastrip-t2\/\",\"url\":\"https:\/\/alit-tech.com\/pl\/urzadzenia\/fastrip-t2\/\",\"name\":\"Zbiornik zanurzeniowy do odlakierowywania \u2013 Fastrip T2\",\"isPartOf\":{\"@id\":\"https:\/\/alit-tech.com\/it\/#website\"},\"primaryImageOfPage\":{\"@id\":\"https:\/\/alit-tech.com\/pl\/urzadzenia\/fastrip-t2\/#primaryimage\"},\"image\":{\"@id\":\"https:\/\/alit-tech.com\/pl\/urzadzenia\/fastrip-t2\/#primaryimage\"},\"thumbnailUrl\":\"https:\/\/alit-tech.com\/wp-content\/uploads\/2024\/04\/Fastrip-T2.png\",\"datePublished\":\"2024-03-26T14:13:09+00:00\",\"dateModified\":\"2025-05-19T12:07:49+00:00\",\"description\":\"Bezpieczne, skuteczne i wydajne urz\u0105dzenie do usuwania farby, umo\u017cliwiaj\u0105ce odlakierowywanie w linii za pomoc\u0105 ultrad\u017awi\u0119k\u00f3w z metali \u017celaznych i nie\u017celaznych.\",\"breadcrumb\":{\"@id\":\"https:\/\/alit-tech.com\/pl\/urzadzenia\/fastrip-t2\/#breadcrumb\"},\"inLanguage\":\"pl-PL\",\"potentialAction\":[{\"@type\":\"ReadAction\",\"target\":[\"https:\/\/alit-tech.com\/pl\/urzadzenia\/fastrip-t2\/\"]}]},{\"@type\":\"ImageObject\",\"inLanguage\":\"pl-PL\",\"@id\":\"https:\/\/alit-tech.com\/pl\/urzadzenia\/fastrip-t2\/#primaryimage\",\"url\":\"https:\/\/alit-tech.com\/wp-content\/uploads\/2024\/04\/Fastrip-T2.png\",\"contentUrl\":\"https:\/\/alit-tech.com\/wp-content\/uploads\/2024\/04\/Fastrip-T2.png\",\"width\":1600,\"height\":582},{\"@type\":\"BreadcrumbList\",\"@id\":\"https:\/\/alit-tech.com\/pl\/urzadzenia\/fastrip-t2\/#breadcrumb\",\"itemListElement\":[{\"@type\":\"ListItem\",\"position\":1,\"name\":\"Home\",\"item\":\"https:\/\/alit-tech.com\/pl\/\"},{\"@type\":\"ListItem\",\"position\":2,\"name\":\"Urz\u0105dzenia\",\"item\":\"https:\/\/alit-tech.com\/pl\/urzadzenia\/\"},{\"@type\":\"ListItem\",\"position\":3,\"name\":\"Fastrip T2\"}]},{\"@type\":\"WebSite\",\"@id\":\"https:\/\/alit-tech.com\/it\/#website\",\"url\":\"https:\/\/alit-tech.com\/it\/\",\"name\":\"Alit technologies Spa\",\"description\":\"\",\"potentialAction\":[{\"@type\":\"SearchAction\",\"target\":{\"@type\":\"EntryPoint\",\"urlTemplate\":\"https:\/\/alit-tech.com\/it\/?s={search_term_string}\"},\"query-input\":\"required name=search_term_string\"}],\"inLanguage\":\"pl-PL\"}]}<\/script>\n<!-- \/ Yoast SEO plugin. -->","yoast_head_json":{"title":"Zbiornik zanurzeniowy do odlakierowywania \u2013 Fastrip T2","description":"Bezpieczne, skuteczne i wydajne urz\u0105dzenie do usuwania farby, umo\u017cliwiaj\u0105ce odlakierowywanie w linii za pomoc\u0105 ultrad\u017awi\u0119k\u00f3w z metali \u017celaznych i nie\u017celaznych.","robots":{"index":"index","follow":"follow","max-snippet":"max-snippet:-1","max-image-preview":"max-image-preview:large","max-video-preview":"max-video-preview:-1"},"canonical":"https:\/\/alit-tech.com\/pl\/urzadzenia\/fastrip-t2\/","og_locale":"pl_PL","og_type":"article","og_title":"Zbiornik zanurzeniowy do odlakierowywania \u2013 Fastrip T2","og_description":"Bezpieczne, skuteczne i wydajne urz\u0105dzenie do usuwania farby, umo\u017cliwiaj\u0105ce odlakierowywanie w linii za pomoc\u0105 ultrad\u017awi\u0119k\u00f3w z metali \u017celaznych i nie\u017celaznych.","og_url":"https:\/\/alit-tech.com\/pl\/urzadzenia\/fastrip-t2\/","og_site_name":"Alit technologies Spa","article_modified_time":"2025-05-19T12:07:49+00:00","og_image":[{"width":1600,"height":582,"url":"https:\/\/alit-tech.com\/wp-content\/uploads\/2024\/04\/Fastrip-T2.png","type":"image\/png"}],"twitter_card":"summary_large_image","twitter_misc":{"Szacowany czas czytania":"1 minuta"},"schema":{"@context":"https:\/\/schema.org","@graph":[{"@type":"WebPage","@id":"https:\/\/alit-tech.com\/pl\/urzadzenia\/fastrip-t2\/","url":"https:\/\/alit-tech.com\/pl\/urzadzenia\/fastrip-t2\/","name":"Zbiornik zanurzeniowy do odlakierowywania \u2013 Fastrip T2","isPartOf":{"@id":"https:\/\/alit-tech.com\/it\/#website"},"primaryImageOfPage":{"@id":"https:\/\/alit-tech.com\/pl\/urzadzenia\/fastrip-t2\/#primaryimage"},"image":{"@id":"https:\/\/alit-tech.com\/pl\/urzadzenia\/fastrip-t2\/#primaryimage"},"thumbnailUrl":"https:\/\/alit-tech.com\/wp-content\/uploads\/2024\/04\/Fastrip-T2.png","datePublished":"2024-03-26T14:13:09+00:00","dateModified":"2025-05-19T12:07:49+00:00","description":"Bezpieczne, skuteczne i wydajne urz\u0105dzenie do usuwania farby, umo\u017cliwiaj\u0105ce odlakierowywanie w linii za pomoc\u0105 ultrad\u017awi\u0119k\u00f3w z metali \u017celaznych i nie\u017celaznych.","breadcrumb":{"@id":"https:\/\/alit-tech.com\/pl\/urzadzenia\/fastrip-t2\/#breadcrumb"},"inLanguage":"pl-PL","potentialAction":[{"@type":"ReadAction","target":["https:\/\/alit-tech.com\/pl\/urzadzenia\/fastrip-t2\/"]}]},{"@type":"ImageObject","inLanguage":"pl-PL","@id":"https:\/\/alit-tech.com\/pl\/urzadzenia\/fastrip-t2\/#primaryimage","url":"https:\/\/alit-tech.com\/wp-content\/uploads\/2024\/04\/Fastrip-T2.png","contentUrl":"https:\/\/alit-tech.com\/wp-content\/uploads\/2024\/04\/Fastrip-T2.png","width":1600,"height":582},{"@type":"BreadcrumbList","@id":"https:\/\/alit-tech.com\/pl\/urzadzenia\/fastrip-t2\/#breadcrumb","itemListElement":[{"@type":"ListItem","position":1,"name":"Home","item":"https:\/\/alit-tech.com\/pl\/"},{"@type":"ListItem","position":2,"name":"Urz\u0105dzenia","item":"https:\/\/alit-tech.com\/pl\/urzadzenia\/"},{"@type":"ListItem","position":3,"name":"Fastrip T2"}]},{"@type":"WebSite","@id":"https:\/\/alit-tech.com\/it\/#website","url":"https:\/\/alit-tech.com\/it\/","name":"Alit technologies Spa","description":"","potentialAction":[{"@type":"SearchAction","target":{"@type":"EntryPoint","urlTemplate":"https:\/\/alit-tech.com\/it\/?s={search_term_string}"},"query-input":"required name=search_term_string"}],"inLanguage":"pl-PL"}]}},"_links":{"self":[{"href":"https:\/\/alit-tech.com\/pl\/wp-json\/wp\/v2\/pages\/11167"}],"collection":[{"href":"https:\/\/alit-tech.com\/pl\/wp-json\/wp\/v2\/pages"}],"about":[{"href":"https:\/\/alit-tech.com\/pl\/wp-json\/wp\/v2\/types\/page"}],"author":[{"embeddable":true,"href":"https:\/\/alit-tech.com\/pl\/wp-json\/wp\/v2\/users\/1"}],"replies":[{"embeddable":true,"href":"https:\/\/alit-tech.com\/pl\/wp-json\/wp\/v2\/comments?post=11167"}],"version-history":[{"count":2,"href":"https:\/\/alit-tech.com\/pl\/wp-json\/wp\/v2\/pages\/11167\/revisions"}],"predecessor-version":[{"id":15174,"href":"https:\/\/alit-tech.com\/pl\/wp-json\/wp\/v2\/pages\/11167\/revisions\/15174"}],"up":[{"embeddable":true,"href":"https:\/\/alit-tech.com\/pl\/wp-json\/wp\/v2\/pages\/11067"}],"wp:featuredmedia":[{"embeddable":true,"href":"https:\/\/alit-tech.com\/pl\/wp-json\/wp\/v2\/media\/11169"}],"wp:attachment":[{"href":"https:\/\/alit-tech.com\/pl\/wp-json\/wp\/v2\/media?parent=11167"}],"curies":[{"name":"wp","href":"https:\/\/api.w.org\/{rel}","templated":true}]}}