{"id":11180,"date":"2024-03-26T15:11:45","date_gmt":"2024-03-26T14:11:45","guid":{"rendered":"https:\/\/alit-tech.com\/urzadzenia\/fastrip-t2-120-mix\/"},"modified":"2025-07-22T14:29:47","modified_gmt":"2025-07-22T12:29:47","slug":"fastrip-t2-120-mix","status":"publish","type":"page","link":"https:\/\/alit-tech.com\/pl\/urzadzenia\/fastrip-t2-120-mix\/","title":{"rendered":"Fastrip T2 120-mix"},"content":{"rendered":"\n<p>Wieloletnie do\u015bwiadczenie zgromadzone przez <strong>ALIT TECHNOLOGIES<\/strong> w dziedzinie odlakierowywania zosta\u0142o w pe\u0142ni przeniesione do najnowszej maszyny <strong>FASTRIP T2-120 MIX<\/strong>.<\/p>\n\n\n\n<p>W tym modelu maszyny mechaniczne dzia\u0142anie \u015brodka odlakierowuj\u0105cego na powierzchni\u0119 do odlakierowania jest realizowane dzi\u0119ki ci\u015bnieniu hydrostatycznemu mieszalnika. Pozwala to na uzyskanie maszyny cichszej i zdolnej do pracy nawet ze \u015brodkiem odlakierowuj\u0105cym zawieraj\u0105cym zanieczyszczenia. Ponadto, brak ultrad\u017awi\u0119k\u00f3w umo\u017cliwia u\u017cycie elektroniki mniej wra\u017cliwej na ciep\u0142o wytwarzane podczas normalnej pracy maszyny.<\/p>\n\n\n\n<p>W sumie uzyskano niezwykle solidn\u0105, niezawodn\u0105, bezpieczn\u0105 i dobrze dzia\u0142aj\u0105c\u0105 maszyn\u0119.<\/p>\n","protected":false},"excerpt":{"rendered":"<p>Wieloletnie do\u015bwiadczenie zgromadzone przez ALIT TECHNOLOGIES w dziedzinie odlakierowywania zosta\u0142o w pe\u0142ni przeniesione do najnowszej maszyny FASTRIP T2-120 MIX. W tym modelu maszyny mechaniczne dzia\u0142anie \u015brodka odlakierowuj\u0105cego na powierzchni\u0119 do odlakierowania jest realizowane dzi\u0119ki ci\u015bnieniu hydrostatycznemu mieszalnika. Pozwala to na uzyskanie maszyny cichszej i zdolnej do pracy nawet ze \u015brodkiem odlakierowuj\u0105cym zawieraj\u0105cym zanieczyszczenia. Ponadto, brak [&hellip;]<\/p>\n","protected":false},"author":1,"featured_media":11182,"parent":11067,"menu_order":0,"comment_status":"closed","ping_status":"closed","template":"template-pages\/05_plants_product.php","meta":{"_acf_changed":false,"footnotes":""},"class_list":["post-11180","page","type-page","status-publish","has-post-thumbnail","hentry"],"acf":[],"yoast_head":"<!-- This site is optimized with the Yoast SEO plugin v23.1 - https:\/\/yoast.com\/wordpress\/plugins\/seo\/ -->\n<title>Odlakierowanie chemiczne pow\u0142ok lakierniczych z metali: Fastrip T2-120 Mix<\/title>\n<meta name=\"description\" content=\"FASTRIP T2 120-MIX to urz\u0105dzenie do chemicznego usuwania pow\u0142ok lakierniczych z metali. Skuteczne i kompaktowe. Kliknij, aby dowiedzie\u0107 si\u0119 wi\u0119cej - ALIT\" \/>\n<meta name=\"robots\" content=\"index, follow, max-snippet:-1, max-image-preview:large, max-video-preview:-1\" \/>\n<link rel=\"canonical\" href=\"https:\/\/alit-tech.com\/pl\/urzadzenia\/fastrip-t2-120-mix\/\" \/>\n<meta property=\"og:locale\" content=\"pl_PL\" \/>\n<meta property=\"og:type\" content=\"article\" \/>\n<meta property=\"og:title\" content=\"Odlakierowanie chemiczne pow\u0142ok lakierniczych z metali: Fastrip T2-120 Mix\" \/>\n<meta property=\"og:description\" content=\"FASTRIP T2 120-MIX to urz\u0105dzenie do chemicznego usuwania pow\u0142ok lakierniczych z metali. Skuteczne i kompaktowe. Kliknij, aby dowiedzie\u0107 si\u0119 wi\u0119cej - ALIT\" \/>\n<meta property=\"og:url\" content=\"https:\/\/alit-tech.com\/pl\/urzadzenia\/fastrip-t2-120-mix\/\" \/>\n<meta property=\"og:site_name\" content=\"Alit technologies Spa\" \/>\n<meta property=\"article:modified_time\" content=\"2025-07-22T12:29:47+00:00\" \/>\n<meta property=\"og:image\" content=\"https:\/\/alit-tech.com\/wp-content\/uploads\/2024\/04\/Fastrip-T2-120-mix-1.png\" \/>\n\t<meta property=\"og:image:width\" content=\"1500\" \/>\n\t<meta property=\"og:image:height\" content=\"600\" \/>\n\t<meta property=\"og:image:type\" content=\"image\/png\" \/>\n<meta name=\"twitter:card\" content=\"summary_large_image\" \/>\n<meta name=\"twitter:label1\" content=\"Szacowany czas czytania\" \/>\n\t<meta name=\"twitter:data1\" content=\"1 minuta\" \/>\n<script type=\"application\/ld+json\" class=\"yoast-schema-graph\">{\"@context\":\"https:\/\/schema.org\",\"@graph\":[{\"@type\":\"WebPage\",\"@id\":\"https:\/\/alit-tech.com\/pl\/urzadzenia\/fastrip-t2-120-mix\/\",\"url\":\"https:\/\/alit-tech.com\/pl\/urzadzenia\/fastrip-t2-120-mix\/\",\"name\":\"Odlakierowanie chemiczne pow\u0142ok lakierniczych z metali: Fastrip T2-120 Mix\",\"isPartOf\":{\"@id\":\"https:\/\/alit-tech.com\/it\/#website\"},\"primaryImageOfPage\":{\"@id\":\"https:\/\/alit-tech.com\/pl\/urzadzenia\/fastrip-t2-120-mix\/#primaryimage\"},\"image\":{\"@id\":\"https:\/\/alit-tech.com\/pl\/urzadzenia\/fastrip-t2-120-mix\/#primaryimage\"},\"thumbnailUrl\":\"https:\/\/alit-tech.com\/wp-content\/uploads\/2024\/04\/Fastrip-T2-120-mix-1.png\",\"datePublished\":\"2024-03-26T14:11:45+00:00\",\"dateModified\":\"2025-07-22T12:29:47+00:00\",\"description\":\"FASTRIP T2 120-MIX to urz\u0105dzenie do chemicznego usuwania pow\u0142ok lakierniczych z metali. Skuteczne i kompaktowe. Kliknij, aby dowiedzie\u0107 si\u0119 wi\u0119cej - ALIT\",\"breadcrumb\":{\"@id\":\"https:\/\/alit-tech.com\/pl\/urzadzenia\/fastrip-t2-120-mix\/#breadcrumb\"},\"inLanguage\":\"pl-PL\",\"potentialAction\":[{\"@type\":\"ReadAction\",\"target\":[\"https:\/\/alit-tech.com\/pl\/urzadzenia\/fastrip-t2-120-mix\/\"]}]},{\"@type\":\"ImageObject\",\"inLanguage\":\"pl-PL\",\"@id\":\"https:\/\/alit-tech.com\/pl\/urzadzenia\/fastrip-t2-120-mix\/#primaryimage\",\"url\":\"https:\/\/alit-tech.com\/wp-content\/uploads\/2024\/04\/Fastrip-T2-120-mix-1.png\",\"contentUrl\":\"https:\/\/alit-tech.com\/wp-content\/uploads\/2024\/04\/Fastrip-T2-120-mix-1.png\",\"width\":1500,\"height\":600},{\"@type\":\"BreadcrumbList\",\"@id\":\"https:\/\/alit-tech.com\/pl\/urzadzenia\/fastrip-t2-120-mix\/#breadcrumb\",\"itemListElement\":[{\"@type\":\"ListItem\",\"position\":1,\"name\":\"Home\",\"item\":\"https:\/\/alit-tech.com\/pl\/\"},{\"@type\":\"ListItem\",\"position\":2,\"name\":\"Urz\u0105dzenia\",\"item\":\"https:\/\/alit-tech.com\/pl\/urzadzenia\/\"},{\"@type\":\"ListItem\",\"position\":3,\"name\":\"Fastrip T2 120-mix\"}]},{\"@type\":\"WebSite\",\"@id\":\"https:\/\/alit-tech.com\/it\/#website\",\"url\":\"https:\/\/alit-tech.com\/it\/\",\"name\":\"Alit technologies Spa\",\"description\":\"\",\"potentialAction\":[{\"@type\":\"SearchAction\",\"target\":{\"@type\":\"EntryPoint\",\"urlTemplate\":\"https:\/\/alit-tech.com\/it\/?s={search_term_string}\"},\"query-input\":\"required name=search_term_string\"}],\"inLanguage\":\"pl-PL\"}]}<\/script>\n<!-- \/ Yoast SEO plugin. -->","yoast_head_json":{"title":"Odlakierowanie chemiczne pow\u0142ok lakierniczych z metali: Fastrip T2-120 Mix","description":"FASTRIP T2 120-MIX to urz\u0105dzenie do chemicznego usuwania pow\u0142ok lakierniczych z metali. Skuteczne i kompaktowe. Kliknij, aby dowiedzie\u0107 si\u0119 wi\u0119cej - ALIT","robots":{"index":"index","follow":"follow","max-snippet":"max-snippet:-1","max-image-preview":"max-image-preview:large","max-video-preview":"max-video-preview:-1"},"canonical":"https:\/\/alit-tech.com\/pl\/urzadzenia\/fastrip-t2-120-mix\/","og_locale":"pl_PL","og_type":"article","og_title":"Odlakierowanie chemiczne pow\u0142ok lakierniczych z metali: Fastrip T2-120 Mix","og_description":"FASTRIP T2 120-MIX to urz\u0105dzenie do chemicznego usuwania pow\u0142ok lakierniczych z metali. Skuteczne i kompaktowe. Kliknij, aby dowiedzie\u0107 si\u0119 wi\u0119cej - ALIT","og_url":"https:\/\/alit-tech.com\/pl\/urzadzenia\/fastrip-t2-120-mix\/","og_site_name":"Alit technologies Spa","article_modified_time":"2025-07-22T12:29:47+00:00","og_image":[{"width":1500,"height":600,"url":"https:\/\/alit-tech.com\/wp-content\/uploads\/2024\/04\/Fastrip-T2-120-mix-1.png","type":"image\/png"}],"twitter_card":"summary_large_image","twitter_misc":{"Szacowany czas czytania":"1 minuta"},"schema":{"@context":"https:\/\/schema.org","@graph":[{"@type":"WebPage","@id":"https:\/\/alit-tech.com\/pl\/urzadzenia\/fastrip-t2-120-mix\/","url":"https:\/\/alit-tech.com\/pl\/urzadzenia\/fastrip-t2-120-mix\/","name":"Odlakierowanie chemiczne pow\u0142ok lakierniczych z metali: Fastrip T2-120 Mix","isPartOf":{"@id":"https:\/\/alit-tech.com\/it\/#website"},"primaryImageOfPage":{"@id":"https:\/\/alit-tech.com\/pl\/urzadzenia\/fastrip-t2-120-mix\/#primaryimage"},"image":{"@id":"https:\/\/alit-tech.com\/pl\/urzadzenia\/fastrip-t2-120-mix\/#primaryimage"},"thumbnailUrl":"https:\/\/alit-tech.com\/wp-content\/uploads\/2024\/04\/Fastrip-T2-120-mix-1.png","datePublished":"2024-03-26T14:11:45+00:00","dateModified":"2025-07-22T12:29:47+00:00","description":"FASTRIP T2 120-MIX to urz\u0105dzenie do chemicznego usuwania pow\u0142ok lakierniczych z metali. Skuteczne i kompaktowe. Kliknij, aby dowiedzie\u0107 si\u0119 wi\u0119cej - ALIT","breadcrumb":{"@id":"https:\/\/alit-tech.com\/pl\/urzadzenia\/fastrip-t2-120-mix\/#breadcrumb"},"inLanguage":"pl-PL","potentialAction":[{"@type":"ReadAction","target":["https:\/\/alit-tech.com\/pl\/urzadzenia\/fastrip-t2-120-mix\/"]}]},{"@type":"ImageObject","inLanguage":"pl-PL","@id":"https:\/\/alit-tech.com\/pl\/urzadzenia\/fastrip-t2-120-mix\/#primaryimage","url":"https:\/\/alit-tech.com\/wp-content\/uploads\/2024\/04\/Fastrip-T2-120-mix-1.png","contentUrl":"https:\/\/alit-tech.com\/wp-content\/uploads\/2024\/04\/Fastrip-T2-120-mix-1.png","width":1500,"height":600},{"@type":"BreadcrumbList","@id":"https:\/\/alit-tech.com\/pl\/urzadzenia\/fastrip-t2-120-mix\/#breadcrumb","itemListElement":[{"@type":"ListItem","position":1,"name":"Home","item":"https:\/\/alit-tech.com\/pl\/"},{"@type":"ListItem","position":2,"name":"Urz\u0105dzenia","item":"https:\/\/alit-tech.com\/pl\/urzadzenia\/"},{"@type":"ListItem","position":3,"name":"Fastrip T2 120-mix"}]},{"@type":"WebSite","@id":"https:\/\/alit-tech.com\/it\/#website","url":"https:\/\/alit-tech.com\/it\/","name":"Alit technologies Spa","description":"","potentialAction":[{"@type":"SearchAction","target":{"@type":"EntryPoint","urlTemplate":"https:\/\/alit-tech.com\/it\/?s={search_term_string}"},"query-input":"required name=search_term_string"}],"inLanguage":"pl-PL"}]}},"_links":{"self":[{"href":"https:\/\/alit-tech.com\/pl\/wp-json\/wp\/v2\/pages\/11180"}],"collection":[{"href":"https:\/\/alit-tech.com\/pl\/wp-json\/wp\/v2\/pages"}],"about":[{"href":"https:\/\/alit-tech.com\/pl\/wp-json\/wp\/v2\/types\/page"}],"author":[{"embeddable":true,"href":"https:\/\/alit-tech.com\/pl\/wp-json\/wp\/v2\/users\/1"}],"replies":[{"embeddable":true,"href":"https:\/\/alit-tech.com\/pl\/wp-json\/wp\/v2\/comments?post=11180"}],"version-history":[{"count":2,"href":"https:\/\/alit-tech.com\/pl\/wp-json\/wp\/v2\/pages\/11180\/revisions"}],"predecessor-version":[{"id":15169,"href":"https:\/\/alit-tech.com\/pl\/wp-json\/wp\/v2\/pages\/11180\/revisions\/15169"}],"up":[{"embeddable":true,"href":"https:\/\/alit-tech.com\/pl\/wp-json\/wp\/v2\/pages\/11067"}],"wp:featuredmedia":[{"embeddable":true,"href":"https:\/\/alit-tech.com\/pl\/wp-json\/wp\/v2\/media\/11182"}],"wp:attachment":[{"href":"https:\/\/alit-tech.com\/pl\/wp-json\/wp\/v2\/media?parent=11180"}],"curies":[{"name":"wp","href":"https:\/\/api.w.org\/{rel}","templated":true}]}}