{"id":11192,"date":"2024-03-26T15:13:32","date_gmt":"2024-03-26T14:13:32","guid":{"rendered":"https:\/\/alit-tech.com\/urzadzenia\/fastrip-t5\/"},"modified":"2025-05-19T14:09:00","modified_gmt":"2025-05-19T12:09:00","slug":"fastrip-t5","status":"publish","type":"page","link":"https:\/\/alit-tech.com\/pl\/urzadzenia\/fastrip-t5\/","title":{"rendered":"Fastrip T5"},"content":{"rendered":"\n<p><strong>FASTRIP T5<\/strong>&nbsp;to nasza seria \u015bredniej wielko\u015bci zbiornik\u00f3w do odlakierowywania o pojemno\u015bci 800 litr\u00f3w. Wszystkie one opieraj\u0105 si\u0119 na koncepcji \u201czbiornik w zbiorniku\u201d, gdzie szczelny zbiornik zewn\u0119trzny s\u0142u\u017cy jednocze\u015bnie jako zbiornik izolacyjny dla zbiornika cieczy.<\/p>\n\n\n\n<p>Wszystkie maj\u0105 zintegrowany elektryczny system grzewczy i \u0142\u0105cz\u0105 procesy mechaniczne i chemiczne.<\/p>\n\n\n\n<p>Seria Fastrip T5 umo\u017cliwia skuteczne odalkierowywanie metali \u017celaznych i lekkich bez naruszania ich powierzchni.<\/p>\n\n\n\n<p>Wyposa\u017cone s\u0105 w oddzielny, samono\u015bny panel sterowania z ekranem dotykowym typu plug-and-play \u2013 \u201ew\u0142\u0105cz i u\u017cywaj\u201d oraz w pe\u0142ni programowalne parametry cyklu.<\/p>\n\n\n\n<p>Ich solidno\u015b\u0107 gwarantuj\u0105 zastosowane materia\u0142y, w tym AISI 304, a profesjonalny design zapewnia maksymalny komfort u\u017cytkowania.<\/p>\n\n\n\n<p>S\u0105 doskonale zaizolowane ze wszystkich stron, wyposa\u017cone w pokryw\u0119 zamykaj\u0105c\u0105 i przystosowane do odsysania opar\u00f3w.<\/p>\n\n\n\n<p>ALIT Technologies oferuje r\u00f3wnie\u017c dodatkowe opcje, takie jak dostosowywane uchwyty na obrabiane przedmioty oraz system odprowadzania opar\u00f3w.<\/p>\n","protected":false},"excerpt":{"rendered":"<p>FASTRIP T5&nbsp;to nasza seria \u015bredniej wielko\u015bci zbiornik\u00f3w do odlakierowywania o pojemno\u015bci 800 litr\u00f3w. Wszystkie one opieraj\u0105 si\u0119 na koncepcji \u201czbiornik w zbiorniku\u201d, gdzie szczelny zbiornik zewn\u0119trzny s\u0142u\u017cy jednocze\u015bnie jako zbiornik izolacyjny dla zbiornika cieczy. Wszystkie maj\u0105 zintegrowany elektryczny system grzewczy i \u0142\u0105cz\u0105 procesy mechaniczne i chemiczne. Seria Fastrip T5 umo\u017cliwia skuteczne odalkierowywanie metali \u017celaznych i [&hellip;]<\/p>\n","protected":false},"author":1,"featured_media":11194,"parent":11067,"menu_order":0,"comment_status":"closed","ping_status":"closed","template":"template-pages\/05_plants_product.php","meta":{"_acf_changed":false,"footnotes":""},"class_list":["post-11192","page","type-page","status-publish","has-post-thumbnail","hentry"],"acf":[],"yoast_head":"<!-- This site is optimized with the Yoast SEO plugin v23.1 - https:\/\/yoast.com\/wordpress\/plugins\/seo\/ -->\n<title>Zbiorniki do chemicznego odlakierowywania \u2013 Fastrip T5<\/title>\n<meta name=\"description\" content=\"Urz\u0105dzenie do odlakierowywania umo\u017cliwiaj\u0105ce usuwanie farby z metali \u017celaznych i lekkich bez naruszania powierzchni. Zintegrowany elektryczny system grzewczy.\" \/>\n<meta name=\"robots\" content=\"index, follow, max-snippet:-1, max-image-preview:large, max-video-preview:-1\" \/>\n<link rel=\"canonical\" href=\"https:\/\/alit-tech.com\/pl\/urzadzenia\/fastrip-t5\/\" \/>\n<meta property=\"og:locale\" content=\"pl_PL\" \/>\n<meta property=\"og:type\" content=\"article\" \/>\n<meta property=\"og:title\" content=\"Zbiorniki do chemicznego odlakierowywania \u2013 Fastrip T5\" \/>\n<meta property=\"og:description\" content=\"Urz\u0105dzenie do odlakierowywania umo\u017cliwiaj\u0105ce usuwanie farby z metali \u017celaznych i lekkich bez naruszania powierzchni. Zintegrowany elektryczny system grzewczy.\" \/>\n<meta property=\"og:url\" content=\"https:\/\/alit-tech.com\/pl\/urzadzenia\/fastrip-t5\/\" \/>\n<meta property=\"og:site_name\" content=\"Alit technologies Spa\" \/>\n<meta property=\"article:modified_time\" content=\"2025-05-19T12:09:00+00:00\" \/>\n<meta property=\"og:image\" content=\"https:\/\/alit-tech.com\/wp-content\/uploads\/2024\/04\/Fastrip-T5.png\" \/>\n\t<meta property=\"og:image:width\" content=\"1700\" \/>\n\t<meta property=\"og:image:height\" content=\"650\" \/>\n\t<meta property=\"og:image:type\" content=\"image\/png\" \/>\n<meta name=\"twitter:card\" content=\"summary_large_image\" \/>\n<meta name=\"twitter:label1\" content=\"Szacowany czas czytania\" \/>\n\t<meta name=\"twitter:data1\" content=\"1 minuta\" \/>\n<script type=\"application\/ld+json\" class=\"yoast-schema-graph\">{\"@context\":\"https:\/\/schema.org\",\"@graph\":[{\"@type\":\"WebPage\",\"@id\":\"https:\/\/alit-tech.com\/pl\/urzadzenia\/fastrip-t5\/\",\"url\":\"https:\/\/alit-tech.com\/pl\/urzadzenia\/fastrip-t5\/\",\"name\":\"Zbiorniki do chemicznego odlakierowywania \u2013 Fastrip T5\",\"isPartOf\":{\"@id\":\"https:\/\/alit-tech.com\/it\/#website\"},\"primaryImageOfPage\":{\"@id\":\"https:\/\/alit-tech.com\/pl\/urzadzenia\/fastrip-t5\/#primaryimage\"},\"image\":{\"@id\":\"https:\/\/alit-tech.com\/pl\/urzadzenia\/fastrip-t5\/#primaryimage\"},\"thumbnailUrl\":\"https:\/\/alit-tech.com\/wp-content\/uploads\/2024\/04\/Fastrip-T5.png\",\"datePublished\":\"2024-03-26T14:13:32+00:00\",\"dateModified\":\"2025-05-19T12:09:00+00:00\",\"description\":\"Urz\u0105dzenie do odlakierowywania umo\u017cliwiaj\u0105ce usuwanie farby z metali \u017celaznych i lekkich bez naruszania powierzchni. Zintegrowany elektryczny system grzewczy.\",\"breadcrumb\":{\"@id\":\"https:\/\/alit-tech.com\/pl\/urzadzenia\/fastrip-t5\/#breadcrumb\"},\"inLanguage\":\"pl-PL\",\"potentialAction\":[{\"@type\":\"ReadAction\",\"target\":[\"https:\/\/alit-tech.com\/pl\/urzadzenia\/fastrip-t5\/\"]}]},{\"@type\":\"ImageObject\",\"inLanguage\":\"pl-PL\",\"@id\":\"https:\/\/alit-tech.com\/pl\/urzadzenia\/fastrip-t5\/#primaryimage\",\"url\":\"https:\/\/alit-tech.com\/wp-content\/uploads\/2024\/04\/Fastrip-T5.png\",\"contentUrl\":\"https:\/\/alit-tech.com\/wp-content\/uploads\/2024\/04\/Fastrip-T5.png\",\"width\":1700,\"height\":650,\"caption\":\"Chemical Stripping Tank\"},{\"@type\":\"BreadcrumbList\",\"@id\":\"https:\/\/alit-tech.com\/pl\/urzadzenia\/fastrip-t5\/#breadcrumb\",\"itemListElement\":[{\"@type\":\"ListItem\",\"position\":1,\"name\":\"Home\",\"item\":\"https:\/\/alit-tech.com\/pl\/\"},{\"@type\":\"ListItem\",\"position\":2,\"name\":\"Urz\u0105dzenia\",\"item\":\"https:\/\/alit-tech.com\/pl\/urzadzenia\/\"},{\"@type\":\"ListItem\",\"position\":3,\"name\":\"Fastrip T5\"}]},{\"@type\":\"WebSite\",\"@id\":\"https:\/\/alit-tech.com\/it\/#website\",\"url\":\"https:\/\/alit-tech.com\/it\/\",\"name\":\"Alit technologies Spa\",\"description\":\"\",\"potentialAction\":[{\"@type\":\"SearchAction\",\"target\":{\"@type\":\"EntryPoint\",\"urlTemplate\":\"https:\/\/alit-tech.com\/it\/?s={search_term_string}\"},\"query-input\":\"required name=search_term_string\"}],\"inLanguage\":\"pl-PL\"}]}<\/script>\n<!-- \/ Yoast SEO plugin. -->","yoast_head_json":{"title":"Zbiorniki do chemicznego odlakierowywania \u2013 Fastrip T5","description":"Urz\u0105dzenie do odlakierowywania umo\u017cliwiaj\u0105ce usuwanie farby z metali \u017celaznych i lekkich bez naruszania powierzchni. Zintegrowany elektryczny system grzewczy.","robots":{"index":"index","follow":"follow","max-snippet":"max-snippet:-1","max-image-preview":"max-image-preview:large","max-video-preview":"max-video-preview:-1"},"canonical":"https:\/\/alit-tech.com\/pl\/urzadzenia\/fastrip-t5\/","og_locale":"pl_PL","og_type":"article","og_title":"Zbiorniki do chemicznego odlakierowywania \u2013 Fastrip T5","og_description":"Urz\u0105dzenie do odlakierowywania umo\u017cliwiaj\u0105ce usuwanie farby z metali \u017celaznych i lekkich bez naruszania powierzchni. Zintegrowany elektryczny system grzewczy.","og_url":"https:\/\/alit-tech.com\/pl\/urzadzenia\/fastrip-t5\/","og_site_name":"Alit technologies Spa","article_modified_time":"2025-05-19T12:09:00+00:00","og_image":[{"width":1700,"height":650,"url":"https:\/\/alit-tech.com\/wp-content\/uploads\/2024\/04\/Fastrip-T5.png","type":"image\/png"}],"twitter_card":"summary_large_image","twitter_misc":{"Szacowany czas czytania":"1 minuta"},"schema":{"@context":"https:\/\/schema.org","@graph":[{"@type":"WebPage","@id":"https:\/\/alit-tech.com\/pl\/urzadzenia\/fastrip-t5\/","url":"https:\/\/alit-tech.com\/pl\/urzadzenia\/fastrip-t5\/","name":"Zbiorniki do chemicznego odlakierowywania \u2013 Fastrip T5","isPartOf":{"@id":"https:\/\/alit-tech.com\/it\/#website"},"primaryImageOfPage":{"@id":"https:\/\/alit-tech.com\/pl\/urzadzenia\/fastrip-t5\/#primaryimage"},"image":{"@id":"https:\/\/alit-tech.com\/pl\/urzadzenia\/fastrip-t5\/#primaryimage"},"thumbnailUrl":"https:\/\/alit-tech.com\/wp-content\/uploads\/2024\/04\/Fastrip-T5.png","datePublished":"2024-03-26T14:13:32+00:00","dateModified":"2025-05-19T12:09:00+00:00","description":"Urz\u0105dzenie do odlakierowywania umo\u017cliwiaj\u0105ce usuwanie farby z metali \u017celaznych i lekkich bez naruszania powierzchni. Zintegrowany elektryczny system grzewczy.","breadcrumb":{"@id":"https:\/\/alit-tech.com\/pl\/urzadzenia\/fastrip-t5\/#breadcrumb"},"inLanguage":"pl-PL","potentialAction":[{"@type":"ReadAction","target":["https:\/\/alit-tech.com\/pl\/urzadzenia\/fastrip-t5\/"]}]},{"@type":"ImageObject","inLanguage":"pl-PL","@id":"https:\/\/alit-tech.com\/pl\/urzadzenia\/fastrip-t5\/#primaryimage","url":"https:\/\/alit-tech.com\/wp-content\/uploads\/2024\/04\/Fastrip-T5.png","contentUrl":"https:\/\/alit-tech.com\/wp-content\/uploads\/2024\/04\/Fastrip-T5.png","width":1700,"height":650,"caption":"Chemical Stripping Tank"},{"@type":"BreadcrumbList","@id":"https:\/\/alit-tech.com\/pl\/urzadzenia\/fastrip-t5\/#breadcrumb","itemListElement":[{"@type":"ListItem","position":1,"name":"Home","item":"https:\/\/alit-tech.com\/pl\/"},{"@type":"ListItem","position":2,"name":"Urz\u0105dzenia","item":"https:\/\/alit-tech.com\/pl\/urzadzenia\/"},{"@type":"ListItem","position":3,"name":"Fastrip T5"}]},{"@type":"WebSite","@id":"https:\/\/alit-tech.com\/it\/#website","url":"https:\/\/alit-tech.com\/it\/","name":"Alit technologies Spa","description":"","potentialAction":[{"@type":"SearchAction","target":{"@type":"EntryPoint","urlTemplate":"https:\/\/alit-tech.com\/it\/?s={search_term_string}"},"query-input":"required name=search_term_string"}],"inLanguage":"pl-PL"}]}},"_links":{"self":[{"href":"https:\/\/alit-tech.com\/pl\/wp-json\/wp\/v2\/pages\/11192"}],"collection":[{"href":"https:\/\/alit-tech.com\/pl\/wp-json\/wp\/v2\/pages"}],"about":[{"href":"https:\/\/alit-tech.com\/pl\/wp-json\/wp\/v2\/types\/page"}],"author":[{"embeddable":true,"href":"https:\/\/alit-tech.com\/pl\/wp-json\/wp\/v2\/users\/1"}],"replies":[{"embeddable":true,"href":"https:\/\/alit-tech.com\/pl\/wp-json\/wp\/v2\/comments?post=11192"}],"version-history":[{"count":2,"href":"https:\/\/alit-tech.com\/pl\/wp-json\/wp\/v2\/pages\/11192\/revisions"}],"predecessor-version":[{"id":15177,"href":"https:\/\/alit-tech.com\/pl\/wp-json\/wp\/v2\/pages\/11192\/revisions\/15177"}],"up":[{"embeddable":true,"href":"https:\/\/alit-tech.com\/pl\/wp-json\/wp\/v2\/pages\/11067"}],"wp:featuredmedia":[{"embeddable":true,"href":"https:\/\/alit-tech.com\/pl\/wp-json\/wp\/v2\/media\/11194"}],"wp:attachment":[{"href":"https:\/\/alit-tech.com\/pl\/wp-json\/wp\/v2\/media?parent=11192"}],"curies":[{"name":"wp","href":"https:\/\/api.w.org\/{rel}","templated":true}]}}