{"id":11208,"date":"2024-04-04T00:08:48","date_gmt":"2024-04-03T22:08:48","guid":{"rendered":"https:\/\/alit-tech.com\/urzadzenia\/fastrip-t5-multi-tank\/"},"modified":"2025-05-16T14:46:44","modified_gmt":"2025-05-16T12:46:44","slug":"fastrip-t5-multi-tank","status":"publish","type":"page","link":"https:\/\/alit-tech.com\/pl\/urzadzenia\/fastrip-t5-multi-tank\/","title":{"rendered":"Fastrip T5 Multi-Tank"},"content":{"rendered":"\n<p><strong>FASTRIP T5 MULTI-TANK SYSTEM<\/strong>&nbsp;to system do odlakierowywania, w kt\u00f3rym elementy przeznaczone do odlakierowywania \u0142adowane s\u0105 do specjalnie wykonanych koszy, nast\u0119pnie przenoszone do zbiornika odlakierowywania T5.<\/p>\n\n\n\n<p>Odlakierowane elementy s\u0105 nast\u0119pnie przenoszone do zbiornika p\u0142ucz\u0105cego i w ko\u0144cu do zbiornika, w kt\u00f3rym nast\u0119puje proces obcieku. W tym zbiorniku mo\u017cna w razie potrzeby przeprowadzi\u0107 ko\u0144cowe p\u0142ukanie natryskowe. Proces ten jest mo\u017cliwy dzi\u0119ki mobilnej pompie wielofunkcyjnej.<\/p>\n","protected":false},"excerpt":{"rendered":"<p>FASTRIP T5 MULTI-TANK SYSTEM&nbsp;to system do odlakierowywania, w kt\u00f3rym elementy przeznaczone do odlakierowywania \u0142adowane s\u0105 do specjalnie wykonanych koszy, nast\u0119pnie przenoszone do zbiornika odlakierowywania T5. Odlakierowane elementy s\u0105 nast\u0119pnie przenoszone do zbiornika p\u0142ucz\u0105cego i w ko\u0144cu do zbiornika, w kt\u00f3rym nast\u0119puje proces obcieku. W tym zbiorniku mo\u017cna w razie potrzeby przeprowadzi\u0107 ko\u0144cowe p\u0142ukanie natryskowe. Proces [&hellip;]<\/p>\n","protected":false},"author":1,"featured_media":11210,"parent":11067,"menu_order":0,"comment_status":"closed","ping_status":"closed","template":"template-pages\/05_plants_product.php","meta":{"_acf_changed":false,"footnotes":""},"class_list":["post-11208","page","type-page","status-publish","has-post-thumbnail","hentry"],"acf":[],"yoast_head":"<!-- This site is optimized with the Yoast SEO plugin v23.1 - https:\/\/yoast.com\/wordpress\/plugins\/seo\/ -->\n<title>Zbiornik zanurzeniowy do odlakierowywania - Fastrip T5 Multitank<\/title>\n<meta name=\"description\" content=\"FASTRIP T5 MULTI-TANK to zbiornik zanurzeniowy do odlakierowywania. Wielozadaniowy, wydajny i idealny do skutecznego usuwania pow\u0142ok. Sprawd\u017a teraz: ALIT\" \/>\n<meta name=\"robots\" content=\"index, follow, max-snippet:-1, max-image-preview:large, max-video-preview:-1\" \/>\n<link rel=\"canonical\" href=\"https:\/\/alit-tech.com\/pl\/urzadzenia\/fastrip-t5-multi-tank\/\" \/>\n<meta property=\"og:locale\" content=\"pl_PL\" \/>\n<meta property=\"og:type\" content=\"article\" \/>\n<meta property=\"og:title\" content=\"Zbiornik zanurzeniowy do odlakierowywania - Fastrip T5 Multitank\" \/>\n<meta property=\"og:description\" content=\"FASTRIP T5 MULTI-TANK to zbiornik zanurzeniowy do odlakierowywania. Wielozadaniowy, wydajny i idealny do skutecznego usuwania pow\u0142ok. Sprawd\u017a teraz: ALIT\" \/>\n<meta property=\"og:url\" content=\"https:\/\/alit-tech.com\/pl\/urzadzenia\/fastrip-t5-multi-tank\/\" \/>\n<meta property=\"og:site_name\" content=\"Alit technologies Spa\" \/>\n<meta property=\"article:modified_time\" content=\"2025-05-16T12:46:44+00:00\" \/>\n<meta property=\"og:image\" content=\"https:\/\/alit-tech.com\/wp-content\/uploads\/2024\/04\/Fastrip-T5-multitank.png\" \/>\n\t<meta property=\"og:image:width\" content=\"1500\" \/>\n\t<meta property=\"og:image:height\" content=\"507\" \/>\n\t<meta property=\"og:image:type\" content=\"image\/png\" \/>\n<meta name=\"twitter:card\" content=\"summary_large_image\" \/>\n<meta name=\"twitter:label1\" content=\"Szacowany czas czytania\" \/>\n\t<meta name=\"twitter:data1\" content=\"1 minuta\" \/>\n<script type=\"application\/ld+json\" class=\"yoast-schema-graph\">{\"@context\":\"https:\/\/schema.org\",\"@graph\":[{\"@type\":\"WebPage\",\"@id\":\"https:\/\/alit-tech.com\/pl\/urzadzenia\/fastrip-t5-multi-tank\/\",\"url\":\"https:\/\/alit-tech.com\/pl\/urzadzenia\/fastrip-t5-multi-tank\/\",\"name\":\"Zbiornik zanurzeniowy do odlakierowywania - Fastrip T5 Multitank\",\"isPartOf\":{\"@id\":\"https:\/\/alit-tech.com\/it\/#website\"},\"primaryImageOfPage\":{\"@id\":\"https:\/\/alit-tech.com\/pl\/urzadzenia\/fastrip-t5-multi-tank\/#primaryimage\"},\"image\":{\"@id\":\"https:\/\/alit-tech.com\/pl\/urzadzenia\/fastrip-t5-multi-tank\/#primaryimage\"},\"thumbnailUrl\":\"https:\/\/alit-tech.com\/wp-content\/uploads\/2024\/04\/Fastrip-T5-multitank.png\",\"datePublished\":\"2024-04-03T22:08:48+00:00\",\"dateModified\":\"2025-05-16T12:46:44+00:00\",\"description\":\"FASTRIP T5 MULTI-TANK to zbiornik zanurzeniowy do odlakierowywania. Wielozadaniowy, wydajny i idealny do skutecznego usuwania pow\u0142ok. Sprawd\u017a teraz: ALIT\",\"breadcrumb\":{\"@id\":\"https:\/\/alit-tech.com\/pl\/urzadzenia\/fastrip-t5-multi-tank\/#breadcrumb\"},\"inLanguage\":\"pl-PL\",\"potentialAction\":[{\"@type\":\"ReadAction\",\"target\":[\"https:\/\/alit-tech.com\/pl\/urzadzenia\/fastrip-t5-multi-tank\/\"]}]},{\"@type\":\"ImageObject\",\"inLanguage\":\"pl-PL\",\"@id\":\"https:\/\/alit-tech.com\/pl\/urzadzenia\/fastrip-t5-multi-tank\/#primaryimage\",\"url\":\"https:\/\/alit-tech.com\/wp-content\/uploads\/2024\/04\/Fastrip-T5-multitank.png\",\"contentUrl\":\"https:\/\/alit-tech.com\/wp-content\/uploads\/2024\/04\/Fastrip-T5-multitank.png\",\"width\":1500,\"height\":507},{\"@type\":\"BreadcrumbList\",\"@id\":\"https:\/\/alit-tech.com\/pl\/urzadzenia\/fastrip-t5-multi-tank\/#breadcrumb\",\"itemListElement\":[{\"@type\":\"ListItem\",\"position\":1,\"name\":\"Home\",\"item\":\"https:\/\/alit-tech.com\/pl\/\"},{\"@type\":\"ListItem\",\"position\":2,\"name\":\"Urz\u0105dzenia\",\"item\":\"https:\/\/alit-tech.com\/pl\/urzadzenia\/\"},{\"@type\":\"ListItem\",\"position\":3,\"name\":\"Fastrip T5 Multi-Tank\"}]},{\"@type\":\"WebSite\",\"@id\":\"https:\/\/alit-tech.com\/it\/#website\",\"url\":\"https:\/\/alit-tech.com\/it\/\",\"name\":\"Alit technologies Spa\",\"description\":\"\",\"potentialAction\":[{\"@type\":\"SearchAction\",\"target\":{\"@type\":\"EntryPoint\",\"urlTemplate\":\"https:\/\/alit-tech.com\/it\/?s={search_term_string}\"},\"query-input\":\"required name=search_term_string\"}],\"inLanguage\":\"pl-PL\"}]}<\/script>\n<!-- \/ Yoast SEO plugin. -->","yoast_head_json":{"title":"Zbiornik zanurzeniowy do odlakierowywania - Fastrip T5 Multitank","description":"FASTRIP T5 MULTI-TANK to zbiornik zanurzeniowy do odlakierowywania. Wielozadaniowy, wydajny i idealny do skutecznego usuwania pow\u0142ok. Sprawd\u017a teraz: ALIT","robots":{"index":"index","follow":"follow","max-snippet":"max-snippet:-1","max-image-preview":"max-image-preview:large","max-video-preview":"max-video-preview:-1"},"canonical":"https:\/\/alit-tech.com\/pl\/urzadzenia\/fastrip-t5-multi-tank\/","og_locale":"pl_PL","og_type":"article","og_title":"Zbiornik zanurzeniowy do odlakierowywania - Fastrip T5 Multitank","og_description":"FASTRIP T5 MULTI-TANK to zbiornik zanurzeniowy do odlakierowywania. Wielozadaniowy, wydajny i idealny do skutecznego usuwania pow\u0142ok. Sprawd\u017a teraz: ALIT","og_url":"https:\/\/alit-tech.com\/pl\/urzadzenia\/fastrip-t5-multi-tank\/","og_site_name":"Alit technologies Spa","article_modified_time":"2025-05-16T12:46:44+00:00","og_image":[{"width":1500,"height":507,"url":"https:\/\/alit-tech.com\/wp-content\/uploads\/2024\/04\/Fastrip-T5-multitank.png","type":"image\/png"}],"twitter_card":"summary_large_image","twitter_misc":{"Szacowany czas czytania":"1 minuta"},"schema":{"@context":"https:\/\/schema.org","@graph":[{"@type":"WebPage","@id":"https:\/\/alit-tech.com\/pl\/urzadzenia\/fastrip-t5-multi-tank\/","url":"https:\/\/alit-tech.com\/pl\/urzadzenia\/fastrip-t5-multi-tank\/","name":"Zbiornik zanurzeniowy do odlakierowywania - Fastrip T5 Multitank","isPartOf":{"@id":"https:\/\/alit-tech.com\/it\/#website"},"primaryImageOfPage":{"@id":"https:\/\/alit-tech.com\/pl\/urzadzenia\/fastrip-t5-multi-tank\/#primaryimage"},"image":{"@id":"https:\/\/alit-tech.com\/pl\/urzadzenia\/fastrip-t5-multi-tank\/#primaryimage"},"thumbnailUrl":"https:\/\/alit-tech.com\/wp-content\/uploads\/2024\/04\/Fastrip-T5-multitank.png","datePublished":"2024-04-03T22:08:48+00:00","dateModified":"2025-05-16T12:46:44+00:00","description":"FASTRIP T5 MULTI-TANK to zbiornik zanurzeniowy do odlakierowywania. Wielozadaniowy, wydajny i idealny do skutecznego usuwania pow\u0142ok. Sprawd\u017a teraz: ALIT","breadcrumb":{"@id":"https:\/\/alit-tech.com\/pl\/urzadzenia\/fastrip-t5-multi-tank\/#breadcrumb"},"inLanguage":"pl-PL","potentialAction":[{"@type":"ReadAction","target":["https:\/\/alit-tech.com\/pl\/urzadzenia\/fastrip-t5-multi-tank\/"]}]},{"@type":"ImageObject","inLanguage":"pl-PL","@id":"https:\/\/alit-tech.com\/pl\/urzadzenia\/fastrip-t5-multi-tank\/#primaryimage","url":"https:\/\/alit-tech.com\/wp-content\/uploads\/2024\/04\/Fastrip-T5-multitank.png","contentUrl":"https:\/\/alit-tech.com\/wp-content\/uploads\/2024\/04\/Fastrip-T5-multitank.png","width":1500,"height":507},{"@type":"BreadcrumbList","@id":"https:\/\/alit-tech.com\/pl\/urzadzenia\/fastrip-t5-multi-tank\/#breadcrumb","itemListElement":[{"@type":"ListItem","position":1,"name":"Home","item":"https:\/\/alit-tech.com\/pl\/"},{"@type":"ListItem","position":2,"name":"Urz\u0105dzenia","item":"https:\/\/alit-tech.com\/pl\/urzadzenia\/"},{"@type":"ListItem","position":3,"name":"Fastrip T5 Multi-Tank"}]},{"@type":"WebSite","@id":"https:\/\/alit-tech.com\/it\/#website","url":"https:\/\/alit-tech.com\/it\/","name":"Alit technologies Spa","description":"","potentialAction":[{"@type":"SearchAction","target":{"@type":"EntryPoint","urlTemplate":"https:\/\/alit-tech.com\/it\/?s={search_term_string}"},"query-input":"required name=search_term_string"}],"inLanguage":"pl-PL"}]}},"_links":{"self":[{"href":"https:\/\/alit-tech.com\/pl\/wp-json\/wp\/v2\/pages\/11208"}],"collection":[{"href":"https:\/\/alit-tech.com\/pl\/wp-json\/wp\/v2\/pages"}],"about":[{"href":"https:\/\/alit-tech.com\/pl\/wp-json\/wp\/v2\/types\/page"}],"author":[{"embeddable":true,"href":"https:\/\/alit-tech.com\/pl\/wp-json\/wp\/v2\/users\/1"}],"replies":[{"embeddable":true,"href":"https:\/\/alit-tech.com\/pl\/wp-json\/wp\/v2\/comments?post=11208"}],"version-history":[{"count":2,"href":"https:\/\/alit-tech.com\/pl\/wp-json\/wp\/v2\/pages\/11208\/revisions"}],"predecessor-version":[{"id":15115,"href":"https:\/\/alit-tech.com\/pl\/wp-json\/wp\/v2\/pages\/11208\/revisions\/15115"}],"up":[{"embeddable":true,"href":"https:\/\/alit-tech.com\/pl\/wp-json\/wp\/v2\/pages\/11067"}],"wp:featuredmedia":[{"embeddable":true,"href":"https:\/\/alit-tech.com\/pl\/wp-json\/wp\/v2\/media\/11210"}],"wp:attachment":[{"href":"https:\/\/alit-tech.com\/pl\/wp-json\/wp\/v2\/media?parent=11208"}],"curies":[{"name":"wp","href":"https:\/\/api.w.org\/{rel}","templated":true}]}}