{"id":11238,"date":"2024-03-20T09:49:25","date_gmt":"2024-03-20T08:49:25","guid":{"rendered":"https:\/\/alit-tech.com\/homepage\/"},"modified":"2026-04-23T17:08:10","modified_gmt":"2026-04-23T15:08:10","slug":"homepage","status":"publish","type":"page","link":"https:\/\/alit-tech.com\/pl\/","title":{"rendered":"Homepage"},"content":{"rendered":"","protected":false},"excerpt":{"rendered":"","protected":false},"author":1,"featured_media":10904,"parent":0,"menu_order":0,"comment_status":"closed","ping_status":"closed","template":"template-pages\/01_homepage.php","meta":{"_acf_changed":false,"footnotes":""},"class_list":["post-11238","page","type-page","status-publish","has-post-thumbnail","hentry"],"acf":[],"yoast_head":"<!-- This site is optimized with the Yoast SEO plugin v23.1 - https:\/\/yoast.com\/wordpress\/plugins\/seo\/ -->\n<title>Maszyny i produkty do odlakierowywania \u2013 Alit Technologies<\/title>\n<meta name=\"description\" content=\"Produkujemy maszyny do odlakierowywania i produkty umo\u017cliwiaj\u0105ce chemiczne usuwanie farby z metalu. Sprawd\u017a dost\u0119pne rozwi\u0105zania na naszej stronie internetowej\" \/>\n<meta name=\"robots\" content=\"index, follow, max-snippet:-1, max-image-preview:large, max-video-preview:-1\" \/>\n<link rel=\"canonical\" href=\"https:\/\/alit-tech.com\/pl\/\" \/>\n<meta property=\"og:locale\" content=\"pl_PL\" \/>\n<meta property=\"og:type\" content=\"article\" \/>\n<meta property=\"og:title\" content=\"Maszyny i produkty do odlakierowywania \u2013 Alit Technologies\" \/>\n<meta property=\"og:description\" content=\"Produkujemy maszyny do odlakierowywania i produkty umo\u017cliwiaj\u0105ce chemiczne usuwanie farby z metalu. Sprawd\u017a dost\u0119pne rozwi\u0105zania na naszej stronie internetowej\" \/>\n<meta property=\"og:url\" content=\"https:\/\/alit-tech.com\/pl\/\" \/>\n<meta property=\"og:site_name\" content=\"Alit technologies Spa\" \/>\n<meta property=\"article:modified_time\" content=\"2026-04-23T15:08:10+00:00\" \/>\n<meta property=\"og:image\" content=\"https:\/\/alit-tech.com\/wp-content\/uploads\/2024\/07\/Progetto-senza-titolo-3-1.png\" \/>\n\t<meta property=\"og:image:width\" content=\"2400\" \/>\n\t<meta property=\"og:image:height\" content=\"1350\" \/>\n\t<meta property=\"og:image:type\" content=\"image\/png\" \/>\n<meta name=\"twitter:card\" content=\"summary_large_image\" \/>\n<meta name=\"twitter:label1\" content=\"Szacowany czas czytania\" \/>\n\t<meta name=\"twitter:data1\" content=\"1 minuta\" \/>\n<script type=\"application\/ld+json\" class=\"yoast-schema-graph\">{\"@context\":\"https:\/\/schema.org\",\"@graph\":[{\"@type\":\"WebPage\",\"@id\":\"https:\/\/alit-tech.com\/pl\/\",\"url\":\"https:\/\/alit-tech.com\/pl\/\",\"name\":\"Maszyny i produkty do odlakierowywania \u2013 Alit Technologies\",\"isPartOf\":{\"@id\":\"https:\/\/alit-tech.com\/it\/#website\"},\"primaryImageOfPage\":{\"@id\":\"https:\/\/alit-tech.com\/pl\/#primaryimage\"},\"image\":{\"@id\":\"https:\/\/alit-tech.com\/pl\/#primaryimage\"},\"thumbnailUrl\":\"https:\/\/alit-tech.com\/wp-content\/uploads\/2024\/07\/Progetto-senza-titolo-3-1.png\",\"datePublished\":\"2024-03-20T08:49:25+00:00\",\"dateModified\":\"2026-04-23T15:08:10+00:00\",\"description\":\"Produkujemy maszyny do odlakierowywania i produkty umo\u017cliwiaj\u0105ce chemiczne usuwanie farby z metalu. Sprawd\u017a dost\u0119pne rozwi\u0105zania na naszej stronie internetowej\",\"breadcrumb\":{\"@id\":\"https:\/\/alit-tech.com\/pl\/#breadcrumb\"},\"inLanguage\":\"pl-PL\",\"potentialAction\":[{\"@type\":\"ReadAction\",\"target\":[\"https:\/\/alit-tech.com\/pl\/\"]}]},{\"@type\":\"ImageObject\",\"inLanguage\":\"pl-PL\",\"@id\":\"https:\/\/alit-tech.com\/pl\/#primaryimage\",\"url\":\"https:\/\/alit-tech.com\/wp-content\/uploads\/2024\/07\/Progetto-senza-titolo-3-1.png\",\"contentUrl\":\"https:\/\/alit-tech.com\/wp-content\/uploads\/2024\/07\/Progetto-senza-titolo-3-1.png\",\"width\":2400,\"height\":1350,\"caption\":\"Donna robot che si svernicia_ALIT_Technologies_SPA\"},{\"@type\":\"BreadcrumbList\",\"@id\":\"https:\/\/alit-tech.com\/pl\/#breadcrumb\",\"itemListElement\":[{\"@type\":\"ListItem\",\"position\":1,\"name\":\"Home\",\"item\":\"https:\/\/alit-tech.com\/pl\/\"},{\"@type\":\"ListItem\",\"position\":2,\"name\":\"Homepage\"}]},{\"@type\":\"WebSite\",\"@id\":\"https:\/\/alit-tech.com\/it\/#website\",\"url\":\"https:\/\/alit-tech.com\/it\/\",\"name\":\"Alit technologies Spa\",\"description\":\"\",\"potentialAction\":[{\"@type\":\"SearchAction\",\"target\":{\"@type\":\"EntryPoint\",\"urlTemplate\":\"https:\/\/alit-tech.com\/it\/?s={search_term_string}\"},\"query-input\":\"required name=search_term_string\"}],\"inLanguage\":\"pl-PL\"}]}<\/script>\n<!-- \/ Yoast SEO plugin. -->","yoast_head_json":{"title":"Maszyny i produkty do odlakierowywania \u2013 Alit Technologies","description":"Produkujemy maszyny do odlakierowywania i produkty umo\u017cliwiaj\u0105ce chemiczne usuwanie farby z metalu. Sprawd\u017a dost\u0119pne rozwi\u0105zania na naszej stronie internetowej","robots":{"index":"index","follow":"follow","max-snippet":"max-snippet:-1","max-image-preview":"max-image-preview:large","max-video-preview":"max-video-preview:-1"},"canonical":"https:\/\/alit-tech.com\/pl\/","og_locale":"pl_PL","og_type":"article","og_title":"Maszyny i produkty do odlakierowywania \u2013 Alit Technologies","og_description":"Produkujemy maszyny do odlakierowywania i produkty umo\u017cliwiaj\u0105ce chemiczne usuwanie farby z metalu. Sprawd\u017a dost\u0119pne rozwi\u0105zania na naszej stronie internetowej","og_url":"https:\/\/alit-tech.com\/pl\/","og_site_name":"Alit technologies Spa","article_modified_time":"2026-04-23T15:08:10+00:00","og_image":[{"width":2400,"height":1350,"url":"https:\/\/alit-tech.com\/wp-content\/uploads\/2024\/07\/Progetto-senza-titolo-3-1.png","type":"image\/png"}],"twitter_card":"summary_large_image","twitter_misc":{"Szacowany czas czytania":"1 minuta"},"schema":{"@context":"https:\/\/schema.org","@graph":[{"@type":"WebPage","@id":"https:\/\/alit-tech.com\/pl\/","url":"https:\/\/alit-tech.com\/pl\/","name":"Maszyny i produkty do odlakierowywania \u2013 Alit Technologies","isPartOf":{"@id":"https:\/\/alit-tech.com\/it\/#website"},"primaryImageOfPage":{"@id":"https:\/\/alit-tech.com\/pl\/#primaryimage"},"image":{"@id":"https:\/\/alit-tech.com\/pl\/#primaryimage"},"thumbnailUrl":"https:\/\/alit-tech.com\/wp-content\/uploads\/2024\/07\/Progetto-senza-titolo-3-1.png","datePublished":"2024-03-20T08:49:25+00:00","dateModified":"2026-04-23T15:08:10+00:00","description":"Produkujemy maszyny do odlakierowywania i produkty umo\u017cliwiaj\u0105ce chemiczne usuwanie farby z metalu. Sprawd\u017a dost\u0119pne rozwi\u0105zania na naszej stronie internetowej","breadcrumb":{"@id":"https:\/\/alit-tech.com\/pl\/#breadcrumb"},"inLanguage":"pl-PL","potentialAction":[{"@type":"ReadAction","target":["https:\/\/alit-tech.com\/pl\/"]}]},{"@type":"ImageObject","inLanguage":"pl-PL","@id":"https:\/\/alit-tech.com\/pl\/#primaryimage","url":"https:\/\/alit-tech.com\/wp-content\/uploads\/2024\/07\/Progetto-senza-titolo-3-1.png","contentUrl":"https:\/\/alit-tech.com\/wp-content\/uploads\/2024\/07\/Progetto-senza-titolo-3-1.png","width":2400,"height":1350,"caption":"Donna robot che si svernicia_ALIT_Technologies_SPA"},{"@type":"BreadcrumbList","@id":"https:\/\/alit-tech.com\/pl\/#breadcrumb","itemListElement":[{"@type":"ListItem","position":1,"name":"Home","item":"https:\/\/alit-tech.com\/pl\/"},{"@type":"ListItem","position":2,"name":"Homepage"}]},{"@type":"WebSite","@id":"https:\/\/alit-tech.com\/it\/#website","url":"https:\/\/alit-tech.com\/it\/","name":"Alit technologies Spa","description":"","potentialAction":[{"@type":"SearchAction","target":{"@type":"EntryPoint","urlTemplate":"https:\/\/alit-tech.com\/it\/?s={search_term_string}"},"query-input":"required name=search_term_string"}],"inLanguage":"pl-PL"}]}},"_links":{"self":[{"href":"https:\/\/alit-tech.com\/pl\/wp-json\/wp\/v2\/pages\/11238"}],"collection":[{"href":"https:\/\/alit-tech.com\/pl\/wp-json\/wp\/v2\/pages"}],"about":[{"href":"https:\/\/alit-tech.com\/pl\/wp-json\/wp\/v2\/types\/page"}],"author":[{"embeddable":true,"href":"https:\/\/alit-tech.com\/pl\/wp-json\/wp\/v2\/users\/1"}],"replies":[{"embeddable":true,"href":"https:\/\/alit-tech.com\/pl\/wp-json\/wp\/v2\/comments?post=11238"}],"version-history":[{"count":21,"href":"https:\/\/alit-tech.com\/pl\/wp-json\/wp\/v2\/pages\/11238\/revisions"}],"predecessor-version":[{"id":17179,"href":"https:\/\/alit-tech.com\/pl\/wp-json\/wp\/v2\/pages\/11238\/revisions\/17179"}],"wp:featuredmedia":[{"embeddable":true,"href":"https:\/\/alit-tech.com\/pl\/wp-json\/wp\/v2\/media\/10904"}],"wp:attachment":[{"href":"https:\/\/alit-tech.com\/pl\/wp-json\/wp\/v2\/media?parent=11238"}],"curies":[{"name":"wp","href":"https:\/\/api.w.org\/{rel}","templated":true}]}}