{"id":11341,"date":"2024-03-26T15:14:28","date_gmt":"2024-03-26T14:14:28","guid":{"rendered":"https:\/\/alit-tech.com\/dosatore-per-la-passivazione\/"},"modified":"2025-05-19T14:30:59","modified_gmt":"2025-05-19T12:30:59","slug":"dozownik-do-pasywacji","status":"publish","type":"page","link":"https:\/\/alit-tech.com\/pl\/dozownik-do-pasywacji\/","title":{"rendered":"Dozownik do pasywacji"},"content":{"rendered":"\n<p><strong>DRIZZLING<\/strong> &#8211; natrysk niewielk\u0105 ilo\u015bci\u0105 produktu jest kompletnym systemem dozowania i natryskiwania do aplikacji produktu do pasywacji na powierzchniach wielometalowych.<\/p>\n\n\n\n<p>Drizzling jest przeznaczony do instalacji w lakierniczych zak\u0142adach obr\u00f3bki wst\u0119pnej.<br>Pozwala na precyzyjne i ci\u0105g\u0142e mieszanie wody demineralizowanej i produktu do pasywacji.<br>W ten spos\u00f3b powstaje zawsze \u015bwie\u017cy i wolny od zanieczyszcze\u0144 roztw\u00f3r, kt\u00f3ry jest bezpo\u015brednio rozpylany na obrabiane powierzchnie metalowe.<\/p>\n\n\n\n<p>Technologia DRIZZLING nie wymaga obecno\u015bci tradycyjnego zbiornika do pasywacji.<br>Nadmiar p\u0142ynnego roztworu oraz krople spadaj\u0105ce z cz\u0119\u015bci s\u0105 zbierane i zagospodarowywane oddzielnie. <\/p>\n\n\n\n<p><strong>ZALETY<\/strong>:<\/p>\n\n\n\n<ul class=\"wp-block-list\">\n<li>Roztw\u00f3r, kt\u00f3ry jest natryskiwany jest zawsze \u015bwie\u017cy i dozowany w linii. Oznacza to, \u017ce nie ma zanieczyszcze\u0144 w por\u00f3wnaniu z tradycyjnym zbiornikiem do pasywacji.<\/li>\n\n\n\n<li>System NIE wymaga tradycyjnej wanny do przygotowania wst\u0119pnego powierzchni.<\/li>\n\n\n\n<li>DRIZZLING jest niezwykle kompaktowy i \u0142atwy do zainstalowania w istniej\u0105cych instalacjach.<\/li>\n\n\n\n<li>Warstwa konwersyjna jest stale rozpylana na ca\u0142ej pionowej d\u0142ugo\u015bci konstrukcji<\/li>\n\n\n\n<li>Pompa natryskowa o mocy 0,7kW ma ni\u017csze zu\u017cycie energii ni\u017c stosowane w innych przypadkach konwencjonalne pompy o mocy 4-5kW.<\/li>\n<\/ul>\n","protected":false},"excerpt":{"rendered":"<p>DRIZZLING &#8211; natrysk niewielk\u0105 ilo\u015bci\u0105 produktu jest kompletnym systemem dozowania i natryskiwania do aplikacji produktu do pasywacji na powierzchniach wielometalowych. Drizzling jest przeznaczony do instalacji w lakierniczych zak\u0142adach obr\u00f3bki wst\u0119pnej.Pozwala na precyzyjne i ci\u0105g\u0142e mieszanie wody demineralizowanej i produktu do pasywacji.W ten spos\u00f3b powstaje zawsze \u015bwie\u017cy i wolny od zanieczyszcze\u0144 roztw\u00f3r, kt\u00f3ry jest bezpo\u015brednio rozpylany [&hellip;]<\/p>\n","protected":false},"author":1,"featured_media":11343,"parent":0,"menu_order":0,"comment_status":"closed","ping_status":"closed","template":"template-pages\/06_drizzling.php","meta":{"_acf_changed":false,"footnotes":""},"class_list":["post-11341","page","type-page","status-publish","has-post-thumbnail","hentry"],"acf":[],"yoast_head":"<!-- This site is optimized with the Yoast SEO plugin v23.1 - https:\/\/yoast.com\/wordpress\/plugins\/seo\/ -->\n<title>DRIZZLING \u2013 technologia natrysku niewielk\u0105 ilo\u015bci\u0105 produktu<\/title>\n<meta name=\"description\" content=\"System dozowania i natryskiwania, umo\u017cliwiaj\u0105cy nak\u0142adanie produktu pasywuj\u0105cego na powierzchnie wielometalowe. Uzyskaj \u015bwie\u017cy i wolny od zanieczyszcze\u0144 roztw\u00f3r.\" \/>\n<meta name=\"robots\" content=\"index, follow, max-snippet:-1, max-image-preview:large, max-video-preview:-1\" \/>\n<link rel=\"canonical\" href=\"https:\/\/alit-tech.com\/pl\/dozownik-do-pasywacji\/\" \/>\n<meta property=\"og:locale\" content=\"pl_PL\" \/>\n<meta property=\"og:type\" content=\"article\" \/>\n<meta property=\"og:title\" content=\"DRIZZLING \u2013 technologia natrysku niewielk\u0105 ilo\u015bci\u0105 produktu\" \/>\n<meta property=\"og:description\" content=\"System dozowania i natryskiwania, umo\u017cliwiaj\u0105cy nak\u0142adanie produktu pasywuj\u0105cego na powierzchnie wielometalowe. Uzyskaj \u015bwie\u017cy i wolny od zanieczyszcze\u0144 roztw\u00f3r.\" \/>\n<meta property=\"og:url\" content=\"https:\/\/alit-tech.com\/pl\/dozownik-do-pasywacji\/\" \/>\n<meta property=\"og:site_name\" content=\"Alit technologies Spa\" \/>\n<meta property=\"article:modified_time\" content=\"2025-05-19T12:30:59+00:00\" \/>\n<meta property=\"og:image\" content=\"https:\/\/alit-tech.com\/wp-content\/uploads\/2024\/04\/drizzling-scaled.jpg\" \/>\n\t<meta property=\"og:image:width\" content=\"2560\" \/>\n\t<meta property=\"og:image:height\" content=\"930\" \/>\n\t<meta property=\"og:image:type\" content=\"image\/jpeg\" \/>\n<meta name=\"twitter:card\" content=\"summary_large_image\" \/>\n<meta name=\"twitter:label1\" content=\"Szacowany czas czytania\" \/>\n\t<meta name=\"twitter:data1\" content=\"2 minuty\" \/>\n<script type=\"application\/ld+json\" class=\"yoast-schema-graph\">{\"@context\":\"https:\/\/schema.org\",\"@graph\":[{\"@type\":\"WebPage\",\"@id\":\"https:\/\/alit-tech.com\/pl\/dozownik-do-pasywacji\/\",\"url\":\"https:\/\/alit-tech.com\/pl\/dozownik-do-pasywacji\/\",\"name\":\"DRIZZLING \u2013 technologia natrysku niewielk\u0105 ilo\u015bci\u0105 produktu\",\"isPartOf\":{\"@id\":\"https:\/\/alit-tech.com\/it\/#website\"},\"primaryImageOfPage\":{\"@id\":\"https:\/\/alit-tech.com\/pl\/dozownik-do-pasywacji\/#primaryimage\"},\"image\":{\"@id\":\"https:\/\/alit-tech.com\/pl\/dozownik-do-pasywacji\/#primaryimage\"},\"thumbnailUrl\":\"https:\/\/alit-tech.com\/wp-content\/uploads\/2024\/04\/drizzling-scaled.jpg\",\"datePublished\":\"2024-03-26T14:14:28+00:00\",\"dateModified\":\"2025-05-19T12:30:59+00:00\",\"description\":\"System dozowania i natryskiwania, umo\u017cliwiaj\u0105cy nak\u0142adanie produktu pasywuj\u0105cego na powierzchnie wielometalowe. Uzyskaj \u015bwie\u017cy i wolny od zanieczyszcze\u0144 roztw\u00f3r.\",\"breadcrumb\":{\"@id\":\"https:\/\/alit-tech.com\/pl\/dozownik-do-pasywacji\/#breadcrumb\"},\"inLanguage\":\"pl-PL\",\"potentialAction\":[{\"@type\":\"ReadAction\",\"target\":[\"https:\/\/alit-tech.com\/pl\/dozownik-do-pasywacji\/\"]}]},{\"@type\":\"ImageObject\",\"inLanguage\":\"pl-PL\",\"@id\":\"https:\/\/alit-tech.com\/pl\/dozownik-do-pasywacji\/#primaryimage\",\"url\":\"https:\/\/alit-tech.com\/wp-content\/uploads\/2024\/04\/drizzling-scaled.jpg\",\"contentUrl\":\"https:\/\/alit-tech.com\/wp-content\/uploads\/2024\/04\/drizzling-scaled.jpg\",\"width\":2560,\"height\":930},{\"@type\":\"BreadcrumbList\",\"@id\":\"https:\/\/alit-tech.com\/pl\/dozownik-do-pasywacji\/#breadcrumb\",\"itemListElement\":[{\"@type\":\"ListItem\",\"position\":1,\"name\":\"Home\",\"item\":\"https:\/\/alit-tech.com\/pl\/\"},{\"@type\":\"ListItem\",\"position\":2,\"name\":\"Dozownik do pasywacji\"}]},{\"@type\":\"WebSite\",\"@id\":\"https:\/\/alit-tech.com\/it\/#website\",\"url\":\"https:\/\/alit-tech.com\/it\/\",\"name\":\"Alit technologies Spa\",\"description\":\"\",\"potentialAction\":[{\"@type\":\"SearchAction\",\"target\":{\"@type\":\"EntryPoint\",\"urlTemplate\":\"https:\/\/alit-tech.com\/it\/?s={search_term_string}\"},\"query-input\":\"required name=search_term_string\"}],\"inLanguage\":\"pl-PL\"}]}<\/script>\n<!-- \/ Yoast SEO plugin. -->","yoast_head_json":{"title":"DRIZZLING \u2013 technologia natrysku niewielk\u0105 ilo\u015bci\u0105 produktu","description":"System dozowania i natryskiwania, umo\u017cliwiaj\u0105cy nak\u0142adanie produktu pasywuj\u0105cego na powierzchnie wielometalowe. Uzyskaj \u015bwie\u017cy i wolny od zanieczyszcze\u0144 roztw\u00f3r.","robots":{"index":"index","follow":"follow","max-snippet":"max-snippet:-1","max-image-preview":"max-image-preview:large","max-video-preview":"max-video-preview:-1"},"canonical":"https:\/\/alit-tech.com\/pl\/dozownik-do-pasywacji\/","og_locale":"pl_PL","og_type":"article","og_title":"DRIZZLING \u2013 technologia natrysku niewielk\u0105 ilo\u015bci\u0105 produktu","og_description":"System dozowania i natryskiwania, umo\u017cliwiaj\u0105cy nak\u0142adanie produktu pasywuj\u0105cego na powierzchnie wielometalowe. Uzyskaj \u015bwie\u017cy i wolny od zanieczyszcze\u0144 roztw\u00f3r.","og_url":"https:\/\/alit-tech.com\/pl\/dozownik-do-pasywacji\/","og_site_name":"Alit technologies Spa","article_modified_time":"2025-05-19T12:30:59+00:00","og_image":[{"width":2560,"height":930,"url":"https:\/\/alit-tech.com\/wp-content\/uploads\/2024\/04\/drizzling-scaled.jpg","type":"image\/jpeg"}],"twitter_card":"summary_large_image","twitter_misc":{"Szacowany czas czytania":"2 minuty"},"schema":{"@context":"https:\/\/schema.org","@graph":[{"@type":"WebPage","@id":"https:\/\/alit-tech.com\/pl\/dozownik-do-pasywacji\/","url":"https:\/\/alit-tech.com\/pl\/dozownik-do-pasywacji\/","name":"DRIZZLING \u2013 technologia natrysku niewielk\u0105 ilo\u015bci\u0105 produktu","isPartOf":{"@id":"https:\/\/alit-tech.com\/it\/#website"},"primaryImageOfPage":{"@id":"https:\/\/alit-tech.com\/pl\/dozownik-do-pasywacji\/#primaryimage"},"image":{"@id":"https:\/\/alit-tech.com\/pl\/dozownik-do-pasywacji\/#primaryimage"},"thumbnailUrl":"https:\/\/alit-tech.com\/wp-content\/uploads\/2024\/04\/drizzling-scaled.jpg","datePublished":"2024-03-26T14:14:28+00:00","dateModified":"2025-05-19T12:30:59+00:00","description":"System dozowania i natryskiwania, umo\u017cliwiaj\u0105cy nak\u0142adanie produktu pasywuj\u0105cego na powierzchnie wielometalowe. Uzyskaj \u015bwie\u017cy i wolny od zanieczyszcze\u0144 roztw\u00f3r.","breadcrumb":{"@id":"https:\/\/alit-tech.com\/pl\/dozownik-do-pasywacji\/#breadcrumb"},"inLanguage":"pl-PL","potentialAction":[{"@type":"ReadAction","target":["https:\/\/alit-tech.com\/pl\/dozownik-do-pasywacji\/"]}]},{"@type":"ImageObject","inLanguage":"pl-PL","@id":"https:\/\/alit-tech.com\/pl\/dozownik-do-pasywacji\/#primaryimage","url":"https:\/\/alit-tech.com\/wp-content\/uploads\/2024\/04\/drizzling-scaled.jpg","contentUrl":"https:\/\/alit-tech.com\/wp-content\/uploads\/2024\/04\/drizzling-scaled.jpg","width":2560,"height":930},{"@type":"BreadcrumbList","@id":"https:\/\/alit-tech.com\/pl\/dozownik-do-pasywacji\/#breadcrumb","itemListElement":[{"@type":"ListItem","position":1,"name":"Home","item":"https:\/\/alit-tech.com\/pl\/"},{"@type":"ListItem","position":2,"name":"Dozownik do pasywacji"}]},{"@type":"WebSite","@id":"https:\/\/alit-tech.com\/it\/#website","url":"https:\/\/alit-tech.com\/it\/","name":"Alit technologies Spa","description":"","potentialAction":[{"@type":"SearchAction","target":{"@type":"EntryPoint","urlTemplate":"https:\/\/alit-tech.com\/it\/?s={search_term_string}"},"query-input":"required name=search_term_string"}],"inLanguage":"pl-PL"}]}},"_links":{"self":[{"href":"https:\/\/alit-tech.com\/pl\/wp-json\/wp\/v2\/pages\/11341"}],"collection":[{"href":"https:\/\/alit-tech.com\/pl\/wp-json\/wp\/v2\/pages"}],"about":[{"href":"https:\/\/alit-tech.com\/pl\/wp-json\/wp\/v2\/types\/page"}],"author":[{"embeddable":true,"href":"https:\/\/alit-tech.com\/pl\/wp-json\/wp\/v2\/users\/1"}],"replies":[{"embeddable":true,"href":"https:\/\/alit-tech.com\/pl\/wp-json\/wp\/v2\/comments?post=11341"}],"version-history":[{"count":4,"href":"https:\/\/alit-tech.com\/pl\/wp-json\/wp\/v2\/pages\/11341\/revisions"}],"predecessor-version":[{"id":15211,"href":"https:\/\/alit-tech.com\/pl\/wp-json\/wp\/v2\/pages\/11341\/revisions\/15211"}],"wp:featuredmedia":[{"embeddable":true,"href":"https:\/\/alit-tech.com\/pl\/wp-json\/wp\/v2\/media\/11343"}],"wp:attachment":[{"href":"https:\/\/alit-tech.com\/pl\/wp-json\/wp\/v2\/media?parent=11341"}],"curies":[{"name":"wp","href":"https:\/\/api.w.org\/{rel}","templated":true}]}}