{"id":11348,"date":"2024-03-26T15:10:51","date_gmt":"2024-03-26T14:10:51","guid":{"rendered":"https:\/\/alit-tech.com\/estrusione-dellalluminio\/"},"modified":"2025-05-19T14:37:19","modified_gmt":"2025-05-19T12:37:19","slug":"claris-9346-mb","status":"publish","type":"page","link":"https:\/\/alit-tech.com\/pl\/claris-9346-mb\/","title":{"rendered":"Claris 9346 MB"},"content":{"rendered":"\n<p><strong>CLARIS 9346 MB<\/strong><br>W przemy\u015ble ekstrudowania aluminium matryce s\u0105 regularnie czyszczone za pomoc\u0105 k\u0105pieli z gor\u0105c\u0105 sod\u0105 kaustyczn\u0105. Metaliczne aluminium uwi\u0119zione w obr\u0119bie matrycy jest rozpuszczane w wyniku reakcji egzotermicznej. Proces ten wymaga u\u017cycia znacznych ilo\u015bci sody, kt\u00f3ra po zako\u0144czeniu cyklu \u017cycia k\u0105pieli czyszcz\u0105cej musi by\u0107 utylizowana. Korozyjno\u015b\u0107 sody, w po\u0142\u0105czeniu z wysokimi temperaturami pracy, bliskimi lub przekraczaj\u0105cymi 100\u00b0C, generuje korozjogenne i niebezpieczne opary. Ponadto, tworzenie si\u0119 osad\u00f3w aluminiowo-sodowych wi\u0105\u017ce si\u0119 z ci\u0105g\u0142ymi interwencjami konserwacyjnymi, kt\u00f3re s\u0105 dodatkowo utrudnione przez korozyjno\u015b\u0107 cieczy.<\/p>\n\n\n\n<p>Odpowiedzi\u0105 firmy <strong>ALIT<\/strong> na t\u0119 potrzeb\u0119 jest dodatek <strong>Claris 9346 MB<\/strong>, opracowany w naszych laboratoriach.<br>Claris to dodatek stosowany w systemach czyszczenia matryc ekstruduj\u0105cych profile aluminiowe, w postaci cieczy, co umo\u017cliwia \u0142atwe automatyczne dozowanie.<\/p>\n\n\n\n<div style=\"height:50px\" aria-hidden=\"true\" class=\"wp-block-spacer\"><\/div>\n\n\n\n<p><strong>ANALIZA PRODUKTU<\/strong><br>Odpowiedni\u0105 ilo\u015b\u0107 sody oraz maksymalne st\u0119\u017cenie rozpuszczonego aluminium w k\u0105pieli czyszcz\u0105cej matryce mo\u017cna precyzyjnie okre\u015bli\u0107 za pomoc\u0105 prostych analiz chemicznych, kt\u00f3re mog\u0105 by\u0107 \u0142atwo przeprowadzone przez operator\u00f3w zajmuj\u0105cych si\u0119 zarz\u0105dzaniem procesem. W razie potrzeby mo\u017cna r\u00f3wnie\u017c okre\u015bli\u0107 ilo\u015b\u0107 Claris, stosuj\u0105c si\u0119 do instrukcji analizy podanych w karcie technicznej produktu.<\/p>\n\n\n\n<p>Mo\u017cliwo\u015b\u0107 pomiaru tych warto\u015bci, w po\u0142\u0105czeniu z poprawion\u0105 stabilno\u015bci\u0105 termiczn\u0105 k\u0105pieli po dodaniu Claris 9346 MB, sprawi, \u017ce ca\u0142y proces b\u0119dzie bardziej zarz\u0105dzalny przez operatora. Wyniki uzyskane przy u\u017cyciu Claris 9346 MB przynios\u0142y oszcz\u0119dno\u015bci w zu\u017cyciu sody kaustycznej, oszcz\u0119dno\u015bci w utylizacji i zu\u017cyciu energii oraz korzy\u015bci w zakresie czysto\u015bci matryc.<\/p>\n\n\n\n<div style=\"height:50px\" aria-hidden=\"true\" class=\"wp-block-spacer\"><\/div>\n\n\n\n<p><strong>ZALETY<\/strong><br>Poprawia og\u00f3ln\u0105 czysto\u015b\u0107 matrycy ekstruduj\u0105cej, wspomagaj\u0105c rozpuszczanie resztek aluminium, kt\u00f3re gromadz\u0105 si\u0119 tak\u017ce w najbardziej niedost\u0119pnych szczelinach matrycy. Tworzenie si\u0119 osad\u00f3w b\u0119dzie mniejsze, a osady b\u0119d\u0105 bardziej mi\u0119kkie i \u0142atwiejsze do pompowania, co zmniejsza tworzenie si\u0119 osad\u00f3w w systemie czyszczenia matryc. Znacz\u0105co wyd\u0142u\u017ca czas \u017cycia k\u0105pieli. Je\u015bli jest odpowiednio dozowany, stabilizuje temperatur\u0119 k\u0105pieli czyszcz\u0105cej matryce na poziomie oko\u0142o 90\u00b0C, co zmniejsza emisj\u0119 opar\u00f3w i zu\u017cycie energii na parowanie. Stabilizacja temperatury w k\u0105pieli procesowej wi\u0105\u017ce si\u0119 z oszcz\u0119dno\u015bciami energetycznymi szacowanymi na oko\u0142o 20%.<\/p>\n","protected":false},"excerpt":{"rendered":"<p>CLARIS 9346 MBW przemy\u015ble ekstrudowania aluminium matryce s\u0105 regularnie czyszczone za pomoc\u0105 k\u0105pieli z gor\u0105c\u0105 sod\u0105 kaustyczn\u0105. Metaliczne aluminium uwi\u0119zione w obr\u0119bie matrycy jest rozpuszczane w wyniku reakcji egzotermicznej. Proces ten wymaga u\u017cycia znacznych ilo\u015bci sody, kt\u00f3ra po zako\u0144czeniu cyklu \u017cycia k\u0105pieli czyszcz\u0105cej musi by\u0107 utylizowana. Korozyjno\u015b\u0107 sody, w po\u0142\u0105czeniu z wysokimi temperaturami pracy, bliskimi [&hellip;]<\/p>\n","protected":false},"author":1,"featured_media":11349,"parent":0,"menu_order":0,"comment_status":"closed","ping_status":"closed","template":"template-pages\/03_chemical_product.php","meta":{"_acf_changed":false,"footnotes":""},"class_list":["post-11348","page","type-page","status-publish","has-post-thumbnail","hentry"],"acf":[],"yoast_head":"<!-- This site is optimized with the Yoast SEO plugin v23.1 - https:\/\/yoast.com\/wordpress\/plugins\/seo\/ -->\n<title>CLARIS 9346 \u2013 dla system\u00f3w czyszczenia matryc do wyt\u0142aczania<\/title>\n<meta name=\"description\" content=\"Dodatek podnosi efektywno\u015b\u0107 procesu czyszczenia, poprawia og\u00f3ln\u0105 czysto\u015b\u0107 matryc, wyd\u0142u\u017ca \u017cywotno\u015b\u0107 k\u0105pieli oraz zmniejsza emisj\u0119 opar\u00f3w i zu\u017cycie parowania\" \/>\n<meta name=\"robots\" content=\"index, follow, max-snippet:-1, max-image-preview:large, max-video-preview:-1\" \/>\n<link rel=\"canonical\" href=\"https:\/\/alit-tech.com\/pl\/claris-9346-mb\/\" \/>\n<meta property=\"og:locale\" content=\"pl_PL\" \/>\n<meta property=\"og:type\" content=\"article\" \/>\n<meta property=\"og:title\" content=\"CLARIS 9346 \u2013 dla system\u00f3w czyszczenia matryc do wyt\u0142aczania\" \/>\n<meta property=\"og:description\" content=\"Dodatek podnosi efektywno\u015b\u0107 procesu czyszczenia, poprawia og\u00f3ln\u0105 czysto\u015b\u0107 matryc, wyd\u0142u\u017ca \u017cywotno\u015b\u0107 k\u0105pieli oraz zmniejsza emisj\u0119 opar\u00f3w i zu\u017cycie parowania\" \/>\n<meta property=\"og:url\" content=\"https:\/\/alit-tech.com\/pl\/claris-9346-mb\/\" \/>\n<meta property=\"og:site_name\" content=\"Alit technologies Spa\" \/>\n<meta property=\"article:modified_time\" content=\"2025-05-19T12:37:19+00:00\" \/>\n<meta property=\"og:image\" content=\"https:\/\/alit-tech.com\/wp-content\/uploads\/2024\/03\/estrusione-allumionio.jpg\" \/>\n\t<meta property=\"og:image:width\" content=\"1000\" \/>\n\t<meta property=\"og:image:height\" content=\"600\" \/>\n\t<meta property=\"og:image:type\" content=\"image\/jpeg\" \/>\n<meta name=\"twitter:card\" content=\"summary_large_image\" \/>\n<meta name=\"twitter:label1\" content=\"Szacowany czas czytania\" \/>\n\t<meta name=\"twitter:data1\" content=\"2 minuty\" \/>\n<script type=\"application\/ld+json\" class=\"yoast-schema-graph\">{\"@context\":\"https:\/\/schema.org\",\"@graph\":[{\"@type\":\"WebPage\",\"@id\":\"https:\/\/alit-tech.com\/pl\/claris-9346-mb\/\",\"url\":\"https:\/\/alit-tech.com\/pl\/claris-9346-mb\/\",\"name\":\"CLARIS 9346 \u2013 dla system\u00f3w czyszczenia matryc do wyt\u0142aczania\",\"isPartOf\":{\"@id\":\"https:\/\/alit-tech.com\/it\/#website\"},\"primaryImageOfPage\":{\"@id\":\"https:\/\/alit-tech.com\/pl\/claris-9346-mb\/#primaryimage\"},\"image\":{\"@id\":\"https:\/\/alit-tech.com\/pl\/claris-9346-mb\/#primaryimage\"},\"thumbnailUrl\":\"https:\/\/alit-tech.com\/wp-content\/uploads\/2024\/03\/estrusione-allumionio.jpg\",\"datePublished\":\"2024-03-26T14:10:51+00:00\",\"dateModified\":\"2025-05-19T12:37:19+00:00\",\"description\":\"Dodatek podnosi efektywno\u015b\u0107 procesu czyszczenia, poprawia og\u00f3ln\u0105 czysto\u015b\u0107 matryc, wyd\u0142u\u017ca \u017cywotno\u015b\u0107 k\u0105pieli oraz zmniejsza emisj\u0119 opar\u00f3w i zu\u017cycie parowania\",\"breadcrumb\":{\"@id\":\"https:\/\/alit-tech.com\/pl\/claris-9346-mb\/#breadcrumb\"},\"inLanguage\":\"pl-PL\",\"potentialAction\":[{\"@type\":\"ReadAction\",\"target\":[\"https:\/\/alit-tech.com\/pl\/claris-9346-mb\/\"]}]},{\"@type\":\"ImageObject\",\"inLanguage\":\"pl-PL\",\"@id\":\"https:\/\/alit-tech.com\/pl\/claris-9346-mb\/#primaryimage\",\"url\":\"https:\/\/alit-tech.com\/wp-content\/uploads\/2024\/03\/estrusione-allumionio.jpg\",\"contentUrl\":\"https:\/\/alit-tech.com\/wp-content\/uploads\/2024\/03\/estrusione-allumionio.jpg\",\"width\":1000,\"height\":600},{\"@type\":\"BreadcrumbList\",\"@id\":\"https:\/\/alit-tech.com\/pl\/claris-9346-mb\/#breadcrumb\",\"itemListElement\":[{\"@type\":\"ListItem\",\"position\":1,\"name\":\"Home\",\"item\":\"https:\/\/alit-tech.com\/pl\/\"},{\"@type\":\"ListItem\",\"position\":2,\"name\":\"Claris 9346 MB\"}]},{\"@type\":\"WebSite\",\"@id\":\"https:\/\/alit-tech.com\/it\/#website\",\"url\":\"https:\/\/alit-tech.com\/it\/\",\"name\":\"Alit technologies Spa\",\"description\":\"\",\"potentialAction\":[{\"@type\":\"SearchAction\",\"target\":{\"@type\":\"EntryPoint\",\"urlTemplate\":\"https:\/\/alit-tech.com\/it\/?s={search_term_string}\"},\"query-input\":\"required name=search_term_string\"}],\"inLanguage\":\"pl-PL\"}]}<\/script>\n<!-- \/ Yoast SEO plugin. -->","yoast_head_json":{"title":"CLARIS 9346 \u2013 dla system\u00f3w czyszczenia matryc do wyt\u0142aczania","description":"Dodatek podnosi efektywno\u015b\u0107 procesu czyszczenia, poprawia og\u00f3ln\u0105 czysto\u015b\u0107 matryc, wyd\u0142u\u017ca \u017cywotno\u015b\u0107 k\u0105pieli oraz zmniejsza emisj\u0119 opar\u00f3w i zu\u017cycie parowania","robots":{"index":"index","follow":"follow","max-snippet":"max-snippet:-1","max-image-preview":"max-image-preview:large","max-video-preview":"max-video-preview:-1"},"canonical":"https:\/\/alit-tech.com\/pl\/claris-9346-mb\/","og_locale":"pl_PL","og_type":"article","og_title":"CLARIS 9346 \u2013 dla system\u00f3w czyszczenia matryc do wyt\u0142aczania","og_description":"Dodatek podnosi efektywno\u015b\u0107 procesu czyszczenia, poprawia og\u00f3ln\u0105 czysto\u015b\u0107 matryc, wyd\u0142u\u017ca \u017cywotno\u015b\u0107 k\u0105pieli oraz zmniejsza emisj\u0119 opar\u00f3w i zu\u017cycie parowania","og_url":"https:\/\/alit-tech.com\/pl\/claris-9346-mb\/","og_site_name":"Alit technologies Spa","article_modified_time":"2025-05-19T12:37:19+00:00","og_image":[{"width":1000,"height":600,"url":"https:\/\/alit-tech.com\/wp-content\/uploads\/2024\/03\/estrusione-allumionio.jpg","type":"image\/jpeg"}],"twitter_card":"summary_large_image","twitter_misc":{"Szacowany czas czytania":"2 minuty"},"schema":{"@context":"https:\/\/schema.org","@graph":[{"@type":"WebPage","@id":"https:\/\/alit-tech.com\/pl\/claris-9346-mb\/","url":"https:\/\/alit-tech.com\/pl\/claris-9346-mb\/","name":"CLARIS 9346 \u2013 dla system\u00f3w czyszczenia matryc do wyt\u0142aczania","isPartOf":{"@id":"https:\/\/alit-tech.com\/it\/#website"},"primaryImageOfPage":{"@id":"https:\/\/alit-tech.com\/pl\/claris-9346-mb\/#primaryimage"},"image":{"@id":"https:\/\/alit-tech.com\/pl\/claris-9346-mb\/#primaryimage"},"thumbnailUrl":"https:\/\/alit-tech.com\/wp-content\/uploads\/2024\/03\/estrusione-allumionio.jpg","datePublished":"2024-03-26T14:10:51+00:00","dateModified":"2025-05-19T12:37:19+00:00","description":"Dodatek podnosi efektywno\u015b\u0107 procesu czyszczenia, poprawia og\u00f3ln\u0105 czysto\u015b\u0107 matryc, wyd\u0142u\u017ca \u017cywotno\u015b\u0107 k\u0105pieli oraz zmniejsza emisj\u0119 opar\u00f3w i zu\u017cycie parowania","breadcrumb":{"@id":"https:\/\/alit-tech.com\/pl\/claris-9346-mb\/#breadcrumb"},"inLanguage":"pl-PL","potentialAction":[{"@type":"ReadAction","target":["https:\/\/alit-tech.com\/pl\/claris-9346-mb\/"]}]},{"@type":"ImageObject","inLanguage":"pl-PL","@id":"https:\/\/alit-tech.com\/pl\/claris-9346-mb\/#primaryimage","url":"https:\/\/alit-tech.com\/wp-content\/uploads\/2024\/03\/estrusione-allumionio.jpg","contentUrl":"https:\/\/alit-tech.com\/wp-content\/uploads\/2024\/03\/estrusione-allumionio.jpg","width":1000,"height":600},{"@type":"BreadcrumbList","@id":"https:\/\/alit-tech.com\/pl\/claris-9346-mb\/#breadcrumb","itemListElement":[{"@type":"ListItem","position":1,"name":"Home","item":"https:\/\/alit-tech.com\/pl\/"},{"@type":"ListItem","position":2,"name":"Claris 9346 MB"}]},{"@type":"WebSite","@id":"https:\/\/alit-tech.com\/it\/#website","url":"https:\/\/alit-tech.com\/it\/","name":"Alit technologies Spa","description":"","potentialAction":[{"@type":"SearchAction","target":{"@type":"EntryPoint","urlTemplate":"https:\/\/alit-tech.com\/it\/?s={search_term_string}"},"query-input":"required name=search_term_string"}],"inLanguage":"pl-PL"}]}},"_links":{"self":[{"href":"https:\/\/alit-tech.com\/pl\/wp-json\/wp\/v2\/pages\/11348"}],"collection":[{"href":"https:\/\/alit-tech.com\/pl\/wp-json\/wp\/v2\/pages"}],"about":[{"href":"https:\/\/alit-tech.com\/pl\/wp-json\/wp\/v2\/types\/page"}],"author":[{"embeddable":true,"href":"https:\/\/alit-tech.com\/pl\/wp-json\/wp\/v2\/users\/1"}],"replies":[{"embeddable":true,"href":"https:\/\/alit-tech.com\/pl\/wp-json\/wp\/v2\/comments?post=11348"}],"version-history":[{"count":6,"href":"https:\/\/alit-tech.com\/pl\/wp-json\/wp\/v2\/pages\/11348\/revisions"}],"predecessor-version":[{"id":15224,"href":"https:\/\/alit-tech.com\/pl\/wp-json\/wp\/v2\/pages\/11348\/revisions\/15224"}],"wp:featuredmedia":[{"embeddable":true,"href":"https:\/\/alit-tech.com\/pl\/wp-json\/wp\/v2\/media\/11349"}],"wp:attachment":[{"href":"https:\/\/alit-tech.com\/pl\/wp-json\/wp\/v2\/media?parent=11348"}],"curies":[{"name":"wp","href":"https:\/\/api.w.org\/{rel}","templated":true}]}}