{"id":11368,"date":"2024-03-26T15:11:18","date_gmt":"2024-03-26T14:11:18","guid":{"rendered":"https:\/\/alit-tech.com\/flocculante\/"},"modified":"2025-05-19T14:41:26","modified_gmt":"2025-05-19T12:41:26","slug":"alitflock-4840","status":"publish","type":"page","link":"https:\/\/alit-tech.com\/pl\/alitflock-4840\/","title":{"rendered":"Alitflock 4840"},"content":{"rendered":"\n<p><strong>Alitflock 4840<\/strong><br>ALITFLOCK 4840 jest flokulantem stosowanym w procesie filtracji k\u0105pieli do usuwania farb, w celu znacznego poprawienia wydajno\u015bci i efektywno\u015bci prasy filtracyjnej podczas obr\u00f3bki k\u0105pieli nasyconych farb\u0105.<\/p>\n\n\n\n<p>Skuteczna filtracja jest cz\u0119sto kluczowym czynnikiem w obni\u017ceniu koszt\u00f3w procesu usuwania farb. Podczas cyklu filtracji farba jest usuwana z element\u00f3w i stopniowo gromadzi si\u0119 w k\u0105pieli do usuwania farb. Im wi\u0119ksza ilo\u015b\u0107 osad\u00f3w farby rozpuszczonych w k\u0105pieli, tym wi\u0119ksze problemy, co prowadzi do d\u0142u\u017cszych czas\u00f3w usuwania farb i dro\u017cszych proces\u00f3w.<\/p>\n\n\n\n<p>Wi\u0119ksze ilo\u015bci osad\u00f3w powoduj\u0105, \u017ce \u015brodek do usuwania farb staje si\u0119 bardziej lepki, co mo\u017ce prowadzi\u0107 do ryzyka przegrzania zbiornika i wyp\u0142ywu cieczy, zwi\u0119kszaj\u0105c koszty.<\/p>\n\n\n\n<p>Wi\u0119ksza ilo\u015b\u0107 osad\u00f3w farby mo\u017ce r\u00f3wnie\u017c zatyka\u0107 obieg hydrauliczny, pompy i rury, co wymaga wy\u017cszych koszt\u00f3w utrzymania. Wyra\u017anie wida\u0107, \u017ce regularna i efektywna filtracja k\u0105pieli do usuwania farb jest kluczowa dla kontrolowania koszt\u00f3w.<\/p>\n\n\n\n<div style=\"height:50px\" aria-hidden=\"true\" class=\"wp-block-spacer\"><\/div>\n\n\n\n<p class=\"has-text-align-left\"><strong>TEST FILTRACJI Z U\u017bYCIEM PRASY FILTRACYJNEJ<\/strong><\/p>\n\n\n\n<div style=\"height:40px\" aria-hidden=\"true\" class=\"wp-block-spacer\"><\/div>\n\n\n\n<div class=\"wp-block-columns is-layout-flex wp-container-core-columns-is-layout-1 wp-block-columns-is-layout-flex\">\n<div class=\"wp-block-column is-layout-flow wp-block-column-is-layout-flow\">\n<p><strong>Z 15% AlitFlock 4840<\/strong><br>W ci\u0105gu 18 godzin, wi\u0119cej ni\u017c 1600 g przefiltrowanego roztworu<\/p>\n\n\n\n<p><strong>Bez AlitFlock 4840<\/strong><br>W ponad 50 godzin, mniej ni\u017c 1000 g przefiltrowanego roztworu<\/p>\n\n\n\n<div style=\"height:30px\" aria-hidden=\"true\" class=\"wp-block-spacer\"><\/div>\n\n\n\n<p><span style=\"color: #2f5daa; font-weight: 700;\">A: Z 15% AlitFlock 4840<\/span><br>\n<span style=\"color: #ea6323; font-weight: 700;\">B: Bez AlitFlock 4840<\/span><\/p>\n<\/div>\n\n\n\n<div class=\"wp-block-column is-layout-flow wp-block-column-is-layout-flow\">\n<figure class=\"wp-block-image size-large\"><img decoding=\"async\" width=\"1024\" height=\"885\" src=\"https:\/\/www.alit-tech.com\/wp-content\/uploads\/2024\/04\/test-flocculante-1024x885.jpg\" alt=\"\" class=\"wp-image-655\" srcset=\"https:\/\/alit-tech.com\/wp-content\/uploads\/2024\/04\/test-flocculante-1024x885.jpg 1024w, https:\/\/alit-tech.com\/wp-content\/uploads\/2024\/04\/test-flocculante-300x259.jpg 300w, https:\/\/alit-tech.com\/wp-content\/uploads\/2024\/04\/test-flocculante-768x664.jpg 768w, https:\/\/alit-tech.com\/wp-content\/uploads\/2024\/04\/test-flocculante.jpg 1347w\" sizes=\"(max-width: 1024px) 100vw, 1024px\" \/><\/figure>\n<\/div>\n<\/div>\n\n\n\n<div style=\"height:50px\" aria-hidden=\"true\" class=\"wp-block-spacer\"><\/div>\n\n\n\n<p><strong>DOZOWNIK FLOCULANTU Z WIBRUJ\u0104CYM KANA\u0141EM<\/strong><br>Dozowniki flokulant\u00f3w firmy ALIT Technologies zosta\u0142y zaprojektowane i dostosowane specjalnie do automatycznego dodawania flokulant\u00f3w do zbiornik\u00f3w zawieraj\u0105cych osady z procesu usuwania farb.<\/p>\n\n\n\n<p>ALIT Technologies oferuje r\u00f3\u017cne rozmiary dozownik\u00f3w w zale\u017cno\u015bci od typu systemu do usuwania farb.<\/p>\n\n\n\n<p>Dzi\u0119ki specjalnemu wibruj\u0105cemu kana\u0142owi umo\u017cliwiaj\u0105 one precyzyjne przesy\u0142anie flokulantu serii <strong>ALITFLOCK<\/strong> z podajnika wibruj\u0105cego do zbiornika osadowego, gdzie dzi\u0119ki mieszalnikowi pneumatycznemu nast\u0105pi mieszanie flokulantu. Podajnik dozownika jest wyposa\u017cony w czujnik poziomu, kt\u00f3ry sygnalizuje osi\u0105gni\u0119cie minimalnego poziomu produktu. Mo\u017cliwe jest regulowanie tryb\u00f3w automatycznego dozowania bezpo\u015brednio za pomoc\u0105 interfejsu panelu filtracyjnego.<\/p>\n\n\n\n<div style=\"height:50px\" aria-hidden=\"true\" class=\"wp-block-spacer\"><\/div>\n\n\n\n<figure class=\"wp-block-image size-large\"><img decoding=\"async\" width=\"1024\" height=\"352\" src=\"https:\/\/www.alit-tech.com\/wp-content\/uploads\/2024\/04\/Fastrip-FP-1-1024x352.png\" alt=\"\" class=\"wp-image-676\" srcset=\"https:\/\/alit-tech.com\/wp-content\/uploads\/2024\/04\/Fastrip-FP-1-1024x352.png 1024w, https:\/\/alit-tech.com\/wp-content\/uploads\/2024\/04\/Fastrip-FP-1-300x103.png 300w, https:\/\/alit-tech.com\/wp-content\/uploads\/2024\/04\/Fastrip-FP-1-768x264.png 768w, https:\/\/alit-tech.com\/wp-content\/uploads\/2024\/04\/Fastrip-FP-1-1536x529.png 1536w, https:\/\/alit-tech.com\/wp-content\/uploads\/2024\/04\/Fastrip-FP-1.png 1700w\" sizes=\"(max-width: 1024px) 100vw, 1024px\" \/><\/figure>\n\n\n\n<div style=\"height:50px\" aria-hidden=\"true\" class=\"wp-block-spacer\"><\/div>\n\n\n\n<p>Systemy filtracji <strong>FASTRIP FP<\/strong> firmy <strong>ALIT Technologies<\/strong> s\u0105 idealnym rozwi\u0105zaniem na t\u0119 potrzeb\u0119. Prasa filtracyjna oddziela osad farby od roztworu usuwaj\u0105cego farby, tak aby przefiltrowany roztw\u00f3r m\u00f3g\u0142 zosta\u0107 ponownie wprowadzony do k\u0105pieli do usuwania farb.<\/p>\n\n\n\n<p>Odpady sta\u0142e s\u0105 natomiast filtrowane poprzez prasy filtracyjne, kt\u00f3re s\u0105 zbierane i utylizowane oddzielnie. Wska\u017anik usuwania osad\u00f3w farby, czyli kilogramy osadu usuni\u0119tego z k\u0105pieli ka\u017cdego dnia oraz jako\u015b\u0107 przefiltrowanego p\u0142ynnego \u015brodka do usuwania farb, s\u0105 dwoma kluczowymi czynnikami dla utrzymania optymalnych parametr\u00f3w k\u0105pieli do usuwania farb.<\/p>\n\n\n\n<p><strong>ALITFLOCK 4840<\/strong> zarz\u0105dza obiema kwestiami, poniewa\u017c poprawia zar\u00f3wno wska\u017anik usuwania osad\u00f3w farby, jak i jako\u015b\u0107 przefiltrowanego \u015brodka do usuwania farb.<\/p>\n","protected":false},"excerpt":{"rendered":"<p>Alitflock 4840ALITFLOCK 4840 jest flokulantem stosowanym w procesie filtracji k\u0105pieli do usuwania farb, w celu znacznego poprawienia wydajno\u015bci i efektywno\u015bci prasy filtracyjnej podczas obr\u00f3bki k\u0105pieli nasyconych farb\u0105. Skuteczna filtracja jest cz\u0119sto kluczowym czynnikiem w obni\u017ceniu koszt\u00f3w procesu usuwania farb. Podczas cyklu filtracji farba jest usuwana z element\u00f3w i stopniowo gromadzi si\u0119 w k\u0105pieli do usuwania [&hellip;]<\/p>\n","protected":false},"author":1,"featured_media":11369,"parent":0,"menu_order":0,"comment_status":"closed","ping_status":"closed","template":"template-pages\/03_chemical_product.php","meta":{"_acf_changed":false,"footnotes":""},"class_list":["post-11368","page","type-page","status-publish","has-post-thumbnail","hentry"],"acf":[],"yoast_head":"<!-- This site is optimized with the Yoast SEO plugin v23.1 - https:\/\/yoast.com\/wordpress\/plugins\/seo\/ -->\n<title>Alitflock 4840 \u2013 dla filtracji k\u0105pieli do odlakierowywania<\/title>\n<meta name=\"description\" content=\"\u015arodek pomocny w procesie filtracji k\u0105pieli do odlakierowywania. Podnosi wydajno\u015b\u0107 i produktywno\u015b\u0107 pras filtracyjnych. Poprawia op\u0142acalno\u015b\u0107 procesu strippingu\" \/>\n<meta name=\"robots\" content=\"index, follow, max-snippet:-1, max-image-preview:large, max-video-preview:-1\" \/>\n<link rel=\"canonical\" href=\"https:\/\/alit-tech.com\/pl\/alitflock-4840\/\" \/>\n<meta property=\"og:locale\" content=\"pl_PL\" \/>\n<meta property=\"og:type\" content=\"article\" \/>\n<meta property=\"og:title\" content=\"Alitflock 4840 \u2013 dla filtracji k\u0105pieli do odlakierowywania\" \/>\n<meta property=\"og:description\" content=\"\u015arodek pomocny w procesie filtracji k\u0105pieli do odlakierowywania. Podnosi wydajno\u015b\u0107 i produktywno\u015b\u0107 pras filtracyjnych. Poprawia op\u0142acalno\u015b\u0107 procesu strippingu\" \/>\n<meta property=\"og:url\" content=\"https:\/\/alit-tech.com\/pl\/alitflock-4840\/\" \/>\n<meta property=\"og:site_name\" content=\"Alit technologies Spa\" \/>\n<meta property=\"article:modified_time\" content=\"2025-05-19T12:41:26+00:00\" \/>\n<meta property=\"og:image\" content=\"https:\/\/alit-tech.com\/wp-content\/uploads\/2024\/03\/flocculante-Alitflock.jpg\" \/>\n\t<meta property=\"og:image:width\" content=\"1500\" \/>\n\t<meta property=\"og:image:height\" content=\"600\" \/>\n\t<meta property=\"og:image:type\" content=\"image\/jpeg\" \/>\n<meta name=\"twitter:card\" content=\"summary_large_image\" \/>\n<meta name=\"twitter:label1\" content=\"Szacowany czas czytania\" \/>\n\t<meta name=\"twitter:data1\" content=\"3 minuty\" \/>\n<script type=\"application\/ld+json\" class=\"yoast-schema-graph\">{\"@context\":\"https:\/\/schema.org\",\"@graph\":[{\"@type\":\"WebPage\",\"@id\":\"https:\/\/alit-tech.com\/pl\/alitflock-4840\/\",\"url\":\"https:\/\/alit-tech.com\/pl\/alitflock-4840\/\",\"name\":\"Alitflock 4840 \u2013 dla filtracji k\u0105pieli do odlakierowywania\",\"isPartOf\":{\"@id\":\"https:\/\/alit-tech.com\/it\/#website\"},\"primaryImageOfPage\":{\"@id\":\"https:\/\/alit-tech.com\/pl\/alitflock-4840\/#primaryimage\"},\"image\":{\"@id\":\"https:\/\/alit-tech.com\/pl\/alitflock-4840\/#primaryimage\"},\"thumbnailUrl\":\"https:\/\/alit-tech.com\/wp-content\/uploads\/2024\/03\/flocculante-Alitflock.jpg\",\"datePublished\":\"2024-03-26T14:11:18+00:00\",\"dateModified\":\"2025-05-19T12:41:26+00:00\",\"description\":\"\u015arodek pomocny w procesie filtracji k\u0105pieli do odlakierowywania. Podnosi wydajno\u015b\u0107 i produktywno\u015b\u0107 pras filtracyjnych. Poprawia op\u0142acalno\u015b\u0107 procesu strippingu\",\"breadcrumb\":{\"@id\":\"https:\/\/alit-tech.com\/pl\/alitflock-4840\/#breadcrumb\"},\"inLanguage\":\"pl-PL\",\"potentialAction\":[{\"@type\":\"ReadAction\",\"target\":[\"https:\/\/alit-tech.com\/pl\/alitflock-4840\/\"]}]},{\"@type\":\"ImageObject\",\"inLanguage\":\"pl-PL\",\"@id\":\"https:\/\/alit-tech.com\/pl\/alitflock-4840\/#primaryimage\",\"url\":\"https:\/\/alit-tech.com\/wp-content\/uploads\/2024\/03\/flocculante-Alitflock.jpg\",\"contentUrl\":\"https:\/\/alit-tech.com\/wp-content\/uploads\/2024\/03\/flocculante-Alitflock.jpg\",\"width\":1500,\"height\":600},{\"@type\":\"BreadcrumbList\",\"@id\":\"https:\/\/alit-tech.com\/pl\/alitflock-4840\/#breadcrumb\",\"itemListElement\":[{\"@type\":\"ListItem\",\"position\":1,\"name\":\"Home\",\"item\":\"https:\/\/alit-tech.com\/pl\/\"},{\"@type\":\"ListItem\",\"position\":2,\"name\":\"Alitflock 4840\"}]},{\"@type\":\"WebSite\",\"@id\":\"https:\/\/alit-tech.com\/it\/#website\",\"url\":\"https:\/\/alit-tech.com\/it\/\",\"name\":\"Alit technologies Spa\",\"description\":\"\",\"potentialAction\":[{\"@type\":\"SearchAction\",\"target\":{\"@type\":\"EntryPoint\",\"urlTemplate\":\"https:\/\/alit-tech.com\/it\/?s={search_term_string}\"},\"query-input\":\"required name=search_term_string\"}],\"inLanguage\":\"pl-PL\"}]}<\/script>\n<!-- \/ Yoast SEO plugin. -->","yoast_head_json":{"title":"Alitflock 4840 \u2013 dla filtracji k\u0105pieli do odlakierowywania","description":"\u015arodek pomocny w procesie filtracji k\u0105pieli do odlakierowywania. Podnosi wydajno\u015b\u0107 i produktywno\u015b\u0107 pras filtracyjnych. Poprawia op\u0142acalno\u015b\u0107 procesu strippingu","robots":{"index":"index","follow":"follow","max-snippet":"max-snippet:-1","max-image-preview":"max-image-preview:large","max-video-preview":"max-video-preview:-1"},"canonical":"https:\/\/alit-tech.com\/pl\/alitflock-4840\/","og_locale":"pl_PL","og_type":"article","og_title":"Alitflock 4840 \u2013 dla filtracji k\u0105pieli do odlakierowywania","og_description":"\u015arodek pomocny w procesie filtracji k\u0105pieli do odlakierowywania. Podnosi wydajno\u015b\u0107 i produktywno\u015b\u0107 pras filtracyjnych. Poprawia op\u0142acalno\u015b\u0107 procesu strippingu","og_url":"https:\/\/alit-tech.com\/pl\/alitflock-4840\/","og_site_name":"Alit technologies Spa","article_modified_time":"2025-05-19T12:41:26+00:00","og_image":[{"width":1500,"height":600,"url":"https:\/\/alit-tech.com\/wp-content\/uploads\/2024\/03\/flocculante-Alitflock.jpg","type":"image\/jpeg"}],"twitter_card":"summary_large_image","twitter_misc":{"Szacowany czas czytania":"3 minuty"},"schema":{"@context":"https:\/\/schema.org","@graph":[{"@type":"WebPage","@id":"https:\/\/alit-tech.com\/pl\/alitflock-4840\/","url":"https:\/\/alit-tech.com\/pl\/alitflock-4840\/","name":"Alitflock 4840 \u2013 dla filtracji k\u0105pieli do odlakierowywania","isPartOf":{"@id":"https:\/\/alit-tech.com\/it\/#website"},"primaryImageOfPage":{"@id":"https:\/\/alit-tech.com\/pl\/alitflock-4840\/#primaryimage"},"image":{"@id":"https:\/\/alit-tech.com\/pl\/alitflock-4840\/#primaryimage"},"thumbnailUrl":"https:\/\/alit-tech.com\/wp-content\/uploads\/2024\/03\/flocculante-Alitflock.jpg","datePublished":"2024-03-26T14:11:18+00:00","dateModified":"2025-05-19T12:41:26+00:00","description":"\u015arodek pomocny w procesie filtracji k\u0105pieli do odlakierowywania. Podnosi wydajno\u015b\u0107 i produktywno\u015b\u0107 pras filtracyjnych. Poprawia op\u0142acalno\u015b\u0107 procesu strippingu","breadcrumb":{"@id":"https:\/\/alit-tech.com\/pl\/alitflock-4840\/#breadcrumb"},"inLanguage":"pl-PL","potentialAction":[{"@type":"ReadAction","target":["https:\/\/alit-tech.com\/pl\/alitflock-4840\/"]}]},{"@type":"ImageObject","inLanguage":"pl-PL","@id":"https:\/\/alit-tech.com\/pl\/alitflock-4840\/#primaryimage","url":"https:\/\/alit-tech.com\/wp-content\/uploads\/2024\/03\/flocculante-Alitflock.jpg","contentUrl":"https:\/\/alit-tech.com\/wp-content\/uploads\/2024\/03\/flocculante-Alitflock.jpg","width":1500,"height":600},{"@type":"BreadcrumbList","@id":"https:\/\/alit-tech.com\/pl\/alitflock-4840\/#breadcrumb","itemListElement":[{"@type":"ListItem","position":1,"name":"Home","item":"https:\/\/alit-tech.com\/pl\/"},{"@type":"ListItem","position":2,"name":"Alitflock 4840"}]},{"@type":"WebSite","@id":"https:\/\/alit-tech.com\/it\/#website","url":"https:\/\/alit-tech.com\/it\/","name":"Alit technologies Spa","description":"","potentialAction":[{"@type":"SearchAction","target":{"@type":"EntryPoint","urlTemplate":"https:\/\/alit-tech.com\/it\/?s={search_term_string}"},"query-input":"required name=search_term_string"}],"inLanguage":"pl-PL"}]}},"_links":{"self":[{"href":"https:\/\/alit-tech.com\/pl\/wp-json\/wp\/v2\/pages\/11368"}],"collection":[{"href":"https:\/\/alit-tech.com\/pl\/wp-json\/wp\/v2\/pages"}],"about":[{"href":"https:\/\/alit-tech.com\/pl\/wp-json\/wp\/v2\/types\/page"}],"author":[{"embeddable":true,"href":"https:\/\/alit-tech.com\/pl\/wp-json\/wp\/v2\/users\/1"}],"replies":[{"embeddable":true,"href":"https:\/\/alit-tech.com\/pl\/wp-json\/wp\/v2\/comments?post=11368"}],"version-history":[{"count":7,"href":"https:\/\/alit-tech.com\/pl\/wp-json\/wp\/v2\/pages\/11368\/revisions"}],"predecessor-version":[{"id":15237,"href":"https:\/\/alit-tech.com\/pl\/wp-json\/wp\/v2\/pages\/11368\/revisions\/15237"}],"wp:featuredmedia":[{"embeddable":true,"href":"https:\/\/alit-tech.com\/pl\/wp-json\/wp\/v2\/media\/11369"}],"wp:attachment":[{"href":"https:\/\/alit-tech.com\/pl\/wp-json\/wp\/v2\/media?parent=11368"}],"curies":[{"name":"wp","href":"https:\/\/api.w.org\/{rel}","templated":true}]}}