{"id":11383,"date":"2024-03-26T15:10:38","date_gmt":"2024-03-26T14:10:38","guid":{"rendered":"https:\/\/alit-tech.com\/trattamento-acque-reflue\/"},"modified":"2025-05-19T14:38:39","modified_gmt":"2025-05-19T12:38:39","slug":"fluoridite","status":"publish","type":"page","link":"https:\/\/alit-tech.com\/pl\/fluoridite\/","title":{"rendered":"Fluoridite"},"content":{"rendered":"\n<p><strong>FLUORIDITE<\/strong><br>Zosta\u0142 opracowany w celu obni\u017cenia st\u0119\u017cenia fluorowc\u00f3w w \u015bciekach poni\u017cej dopuszczalnych norm prawnych. Jego niezwykle wysoka skuteczno\u015b\u0107 pozwala na \u0142atwe wykorzystanie w istniej\u0105cych instalacjach, nawet bez konieczno\u015bci modyfikacji uk\u0142adu i przep\u0142ywu \u015bciek\u00f3w.<\/p>\n\n\n\n<p>Dzi\u0119ki prostym \u015brodkom mo\u017cna nast\u0119pnie osi\u0105gn\u0105\u0107 st\u0119\u017cenia w \u015bciekach poni\u017cej 2 ppm. Problemy produkcyjne zwi\u0105zane z ograniczeniami w u\u017cywaniu produkt\u00f3w zawieraj\u0105cych kwas fluorowodorowy i jego pochodne s\u0105 w ten spos\u00f3b \u0142agodzone, zapewniaj\u0105c pewny system usuwania fluorowc\u00f3w.<\/p>\n\n\n\n<p>Osi\u0105gn\u0119li\u015bmy to wszystko dzi\u0119ki naszej dru\u017cynie: zakorzenionej w chemii z wieloletnim do\u015bwiadczeniem i nastawionej na najlepsze rozwi\u0105zanie problem\u00f3w naszych klient\u00f3w.<\/p>\n\n\n\n<div style=\"height:50px\" aria-hidden=\"true\" class=\"wp-block-spacer\"><\/div>\n\n\n\n<p class=\"has-text-align-center\"><strong>SPRAWDZONA SKUTECZNO\u015a\u0106<br><\/strong>Nasze laboratoria przetestowa\u0142y ca\u0142y proces i \u015bci\u015ble wsp\u00f3\u0142pracuj\u0105 z naszymi klientami w celu ci\u0105g\u0142ego doskonalenia.<\/p>\n\n\n\n<div style=\"height:20px\" aria-hidden=\"true\" class=\"wp-block-spacer\"><\/div>\n\n\n\n<p class=\"has-text-align-center\"><strong>ELEMENTARNY<br><\/strong>Dozowanie proporcjonalne do przep\u0142ywu wody do obr\u00f3bki<\/p>\n\n\n\n<div style=\"height:20px\" aria-hidden=\"true\" class=\"wp-block-spacer\"><\/div>\n\n\n\n<p class=\"has-text-align-center\"><strong>MO\u017bLIWY DO WDRO\u017bENIA<\/strong><br>Ca\u0142y proces jest dostosowany do wymaganego celu<\/p>\n\n\n\n<div style=\"height:20px\" aria-hidden=\"true\" class=\"wp-block-spacer\"><\/div>\n\n\n\n<p class=\"has-text-align-center\"><strong>WIARYGODNY<br><\/strong>\u015aledzimy ca\u0142y proces wewn\u0119trznie. Kontrola surowc\u00f3w przychodz\u0105cych, produkcja wsad\u00f3w, gotowy produkt na wyj\u015bciu.<\/p>\n","protected":false},"excerpt":{"rendered":"<p>FLUORIDITEZosta\u0142 opracowany w celu obni\u017cenia st\u0119\u017cenia fluorowc\u00f3w w \u015bciekach poni\u017cej dopuszczalnych norm prawnych. Jego niezwykle wysoka skuteczno\u015b\u0107 pozwala na \u0142atwe wykorzystanie w istniej\u0105cych instalacjach, nawet bez konieczno\u015bci modyfikacji uk\u0142adu i przep\u0142ywu \u015bciek\u00f3w. Dzi\u0119ki prostym \u015brodkom mo\u017cna nast\u0119pnie osi\u0105gn\u0105\u0107 st\u0119\u017cenia w \u015bciekach poni\u017cej 2 ppm. Problemy produkcyjne zwi\u0105zane z ograniczeniami w u\u017cywaniu produkt\u00f3w zawieraj\u0105cych kwas fluorowodorowy [&hellip;]<\/p>\n","protected":false},"author":1,"featured_media":0,"parent":0,"menu_order":0,"comment_status":"closed","ping_status":"closed","template":"template-pages\/03_chemical_product.php","meta":{"_acf_changed":false,"footnotes":""},"class_list":["post-11383","page","type-page","status-publish","hentry"],"acf":[],"yoast_head":"<!-- This site is optimized with the Yoast SEO plugin v23.1 - https:\/\/yoast.com\/wordpress\/plugins\/seo\/ -->\n<title>FLUORIDITE \u2013 dla obni\u017cenia st\u0119\u017cenia fluork\u00f3w w \u015bciekach<\/title>\n<meta name=\"description\" content=\"Niezawodny reduktor fluork\u00f3w, kt\u00f3ry pozwala obni\u017cy\u0107 ich st\u0119\u017cenie w \u015bciekach poni\u017cej dopuszczalnego limitu. Gwarantuje st\u0119\u017cenie w \u015bciekach poni\u017cej 2 ppm.\" \/>\n<meta name=\"robots\" content=\"index, follow, max-snippet:-1, max-image-preview:large, max-video-preview:-1\" \/>\n<link rel=\"canonical\" href=\"https:\/\/alit-tech.com\/pl\/fluoridite\/\" \/>\n<meta property=\"og:locale\" content=\"pl_PL\" \/>\n<meta property=\"og:type\" content=\"article\" \/>\n<meta property=\"og:title\" content=\"FLUORIDITE \u2013 dla obni\u017cenia st\u0119\u017cenia fluork\u00f3w w \u015bciekach\" \/>\n<meta property=\"og:description\" content=\"Niezawodny reduktor fluork\u00f3w, kt\u00f3ry pozwala obni\u017cy\u0107 ich st\u0119\u017cenie w \u015bciekach poni\u017cej dopuszczalnego limitu. Gwarantuje st\u0119\u017cenie w \u015bciekach poni\u017cej 2 ppm.\" \/>\n<meta property=\"og:url\" content=\"https:\/\/alit-tech.com\/pl\/fluoridite\/\" \/>\n<meta property=\"og:site_name\" content=\"Alit technologies Spa\" \/>\n<meta property=\"article:modified_time\" content=\"2025-05-19T12:38:39+00:00\" \/>\n<meta name=\"twitter:card\" content=\"summary_large_image\" \/>\n<meta name=\"twitter:label1\" content=\"Szacowany czas czytania\" \/>\n\t<meta name=\"twitter:data1\" content=\"1 minuta\" \/>\n<script type=\"application\/ld+json\" class=\"yoast-schema-graph\">{\"@context\":\"https:\/\/schema.org\",\"@graph\":[{\"@type\":\"WebPage\",\"@id\":\"https:\/\/alit-tech.com\/pl\/fluoridite\/\",\"url\":\"https:\/\/alit-tech.com\/pl\/fluoridite\/\",\"name\":\"FLUORIDITE \u2013 dla obni\u017cenia st\u0119\u017cenia fluork\u00f3w w \u015bciekach\",\"isPartOf\":{\"@id\":\"https:\/\/alit-tech.com\/it\/#website\"},\"datePublished\":\"2024-03-26T14:10:38+00:00\",\"dateModified\":\"2025-05-19T12:38:39+00:00\",\"description\":\"Niezawodny reduktor fluork\u00f3w, kt\u00f3ry pozwala obni\u017cy\u0107 ich st\u0119\u017cenie w \u015bciekach poni\u017cej dopuszczalnego limitu. Gwarantuje st\u0119\u017cenie w \u015bciekach poni\u017cej 2 ppm.\",\"breadcrumb\":{\"@id\":\"https:\/\/alit-tech.com\/pl\/fluoridite\/#breadcrumb\"},\"inLanguage\":\"pl-PL\",\"potentialAction\":[{\"@type\":\"ReadAction\",\"target\":[\"https:\/\/alit-tech.com\/pl\/fluoridite\/\"]}]},{\"@type\":\"BreadcrumbList\",\"@id\":\"https:\/\/alit-tech.com\/pl\/fluoridite\/#breadcrumb\",\"itemListElement\":[{\"@type\":\"ListItem\",\"position\":1,\"name\":\"Home\",\"item\":\"https:\/\/alit-tech.com\/pl\/\"},{\"@type\":\"ListItem\",\"position\":2,\"name\":\"Fluoridite\"}]},{\"@type\":\"WebSite\",\"@id\":\"https:\/\/alit-tech.com\/it\/#website\",\"url\":\"https:\/\/alit-tech.com\/it\/\",\"name\":\"Alit technologies Spa\",\"description\":\"\",\"potentialAction\":[{\"@type\":\"SearchAction\",\"target\":{\"@type\":\"EntryPoint\",\"urlTemplate\":\"https:\/\/alit-tech.com\/it\/?s={search_term_string}\"},\"query-input\":\"required name=search_term_string\"}],\"inLanguage\":\"pl-PL\"}]}<\/script>\n<!-- \/ Yoast SEO plugin. -->","yoast_head_json":{"title":"FLUORIDITE \u2013 dla obni\u017cenia st\u0119\u017cenia fluork\u00f3w w \u015bciekach","description":"Niezawodny reduktor fluork\u00f3w, kt\u00f3ry pozwala obni\u017cy\u0107 ich st\u0119\u017cenie w \u015bciekach poni\u017cej dopuszczalnego limitu. Gwarantuje st\u0119\u017cenie w \u015bciekach poni\u017cej 2 ppm.","robots":{"index":"index","follow":"follow","max-snippet":"max-snippet:-1","max-image-preview":"max-image-preview:large","max-video-preview":"max-video-preview:-1"},"canonical":"https:\/\/alit-tech.com\/pl\/fluoridite\/","og_locale":"pl_PL","og_type":"article","og_title":"FLUORIDITE \u2013 dla obni\u017cenia st\u0119\u017cenia fluork\u00f3w w \u015bciekach","og_description":"Niezawodny reduktor fluork\u00f3w, kt\u00f3ry pozwala obni\u017cy\u0107 ich st\u0119\u017cenie w \u015bciekach poni\u017cej dopuszczalnego limitu. Gwarantuje st\u0119\u017cenie w \u015bciekach poni\u017cej 2 ppm.","og_url":"https:\/\/alit-tech.com\/pl\/fluoridite\/","og_site_name":"Alit technologies Spa","article_modified_time":"2025-05-19T12:38:39+00:00","twitter_card":"summary_large_image","twitter_misc":{"Szacowany czas czytania":"1 minuta"},"schema":{"@context":"https:\/\/schema.org","@graph":[{"@type":"WebPage","@id":"https:\/\/alit-tech.com\/pl\/fluoridite\/","url":"https:\/\/alit-tech.com\/pl\/fluoridite\/","name":"FLUORIDITE \u2013 dla obni\u017cenia st\u0119\u017cenia fluork\u00f3w w \u015bciekach","isPartOf":{"@id":"https:\/\/alit-tech.com\/it\/#website"},"datePublished":"2024-03-26T14:10:38+00:00","dateModified":"2025-05-19T12:38:39+00:00","description":"Niezawodny reduktor fluork\u00f3w, kt\u00f3ry pozwala obni\u017cy\u0107 ich st\u0119\u017cenie w \u015bciekach poni\u017cej dopuszczalnego limitu. Gwarantuje st\u0119\u017cenie w \u015bciekach poni\u017cej 2 ppm.","breadcrumb":{"@id":"https:\/\/alit-tech.com\/pl\/fluoridite\/#breadcrumb"},"inLanguage":"pl-PL","potentialAction":[{"@type":"ReadAction","target":["https:\/\/alit-tech.com\/pl\/fluoridite\/"]}]},{"@type":"BreadcrumbList","@id":"https:\/\/alit-tech.com\/pl\/fluoridite\/#breadcrumb","itemListElement":[{"@type":"ListItem","position":1,"name":"Home","item":"https:\/\/alit-tech.com\/pl\/"},{"@type":"ListItem","position":2,"name":"Fluoridite"}]},{"@type":"WebSite","@id":"https:\/\/alit-tech.com\/it\/#website","url":"https:\/\/alit-tech.com\/it\/","name":"Alit technologies Spa","description":"","potentialAction":[{"@type":"SearchAction","target":{"@type":"EntryPoint","urlTemplate":"https:\/\/alit-tech.com\/it\/?s={search_term_string}"},"query-input":"required name=search_term_string"}],"inLanguage":"pl-PL"}]}},"_links":{"self":[{"href":"https:\/\/alit-tech.com\/pl\/wp-json\/wp\/v2\/pages\/11383"}],"collection":[{"href":"https:\/\/alit-tech.com\/pl\/wp-json\/wp\/v2\/pages"}],"about":[{"href":"https:\/\/alit-tech.com\/pl\/wp-json\/wp\/v2\/types\/page"}],"author":[{"embeddable":true,"href":"https:\/\/alit-tech.com\/pl\/wp-json\/wp\/v2\/users\/1"}],"replies":[{"embeddable":true,"href":"https:\/\/alit-tech.com\/pl\/wp-json\/wp\/v2\/comments?post=11383"}],"version-history":[{"count":4,"href":"https:\/\/alit-tech.com\/pl\/wp-json\/wp\/v2\/pages\/11383\/revisions"}],"predecessor-version":[{"id":15232,"href":"https:\/\/alit-tech.com\/pl\/wp-json\/wp\/v2\/pages\/11383\/revisions\/15232"}],"wp:attachment":[{"href":"https:\/\/alit-tech.com\/pl\/wp-json\/wp\/v2\/media?parent=11383"}],"curies":[{"name":"wp","href":"https:\/\/api.w.org\/{rel}","templated":true}]}}