{"id":11532,"date":"2024-03-26T15:17:38","date_gmt":"2024-03-26T14:17:38","guid":{"rendered":"https:\/\/alit-tech.com\/alit-academy-magazine\/"},"modified":"2024-11-08T14:54:51","modified_gmt":"2024-11-08T13:54:51","slug":"alit-academy-magazine","status":"publish","type":"page","link":"https:\/\/alit-tech.com\/pl\/alit-academy-magazine\/","title":{"rendered":"Alit Academy Magazine"},"content":{"rendered":"<div class=\"wp-block-image\">\n<figure class=\"aligncenter size-large is-resized\"><img decoding=\"async\" width=\"1024\" height=\"576\" src=\"https:\/\/www.alit-tech.com\/wp-content\/uploads\/2024\/04\/logo_ALIT_ACADEMY-1024x576.png\" alt=\"\" class=\"wp-image-1149\" style=\"width:250px\" srcset=\"https:\/\/alit-tech.com\/wp-content\/uploads\/2024\/04\/logo_ALIT_ACADEMY-1024x576.png 1024w, https:\/\/alit-tech.com\/wp-content\/uploads\/2024\/04\/logo_ALIT_ACADEMY-300x169.png 300w, https:\/\/alit-tech.com\/wp-content\/uploads\/2024\/04\/logo_ALIT_ACADEMY-768x432.png 768w, https:\/\/alit-tech.com\/wp-content\/uploads\/2024\/04\/logo_ALIT_ACADEMY-1536x864.png 1536w, https:\/\/alit-tech.com\/wp-content\/uploads\/2024\/04\/logo_ALIT_ACADEMY.png 1920w\" sizes=\"(max-width: 1024px) 100vw, 1024px\" \/><\/figure><\/div>\n\n\n<div style=\"height:30px\" aria-hidden=\"true\" class=\"wp-block-spacer\"><\/div>\n\n\n\n<p><strong>ALIT ACADEMY<\/strong> to projekt, kt\u00f3ry pozwoli nam lepiej komunikowa\u0107 nasz\u0105 kultur\u0119 korporacyjn\u0105! Dzi\u0119ki ALIT Academy b\u0119dziesz mie\u0107 bezpo\u015bredni dost\u0119p do naszych najnowszych innowacji i lepiej poznasz osoby, kt\u00f3re ka\u017cdego dnia pracuj\u0105 za kulisami naszej firmy.<\/p>\n","protected":false},"excerpt":{"rendered":"<p>ALIT ACADEMY to projekt, kt\u00f3ry pozwoli nam lepiej komunikowa\u0107 nasz\u0105 kultur\u0119 korporacyjn\u0105! Dzi\u0119ki ALIT Academy b\u0119dziesz mie\u0107 bezpo\u015bredni dost\u0119p do naszych najnowszych innowacji i lepiej poznasz osoby, kt\u00f3re ka\u017cdego dnia pracuj\u0105 za kulisami naszej firmy.<\/p>\n","protected":false},"author":1,"featured_media":13233,"parent":0,"menu_order":0,"comment_status":"closed","ping_status":"closed","template":"template-pages\/27_academy.php","meta":{"_acf_changed":false,"footnotes":""},"class_list":["post-11532","page","type-page","status-publish","has-post-thumbnail","hentry"],"acf":[],"yoast_head":"<!-- This site is optimized with the Yoast SEO plugin v23.1 - https:\/\/yoast.com\/wordpress\/plugins\/seo\/ -->\n<title>Alit academy magazine: Metal paint stripping products and systems<\/title>\n<meta name=\"description\" content=\"Alit Academy Magazine is a project created to convey our corporate culture. Here you can find insights about our innovations and the people who make them possible\" \/>\n<meta name=\"robots\" content=\"index, follow, max-snippet:-1, max-image-preview:large, max-video-preview:-1\" \/>\n<link rel=\"canonical\" href=\"https:\/\/alit-tech.com\/pl\/alit-academy-magazine\/\" \/>\n<meta property=\"og:locale\" content=\"pl_PL\" \/>\n<meta property=\"og:type\" content=\"article\" \/>\n<meta property=\"og:title\" content=\"Alit academy magazine: Metal paint stripping products and systems\" \/>\n<meta property=\"og:description\" content=\"Alit Academy Magazine is a project created to convey our corporate culture. Here you can find insights about our innovations and the people who make them possible\" \/>\n<meta property=\"og:url\" content=\"https:\/\/alit-tech.com\/pl\/alit-academy-magazine\/\" \/>\n<meta property=\"og:site_name\" content=\"Alit technologies Spa\" \/>\n<meta property=\"article:modified_time\" content=\"2024-11-08T13:54:51+00:00\" \/>\n<meta property=\"og:image\" content=\"https:\/\/alit-tech.com\/wp-content\/uploads\/2024\/11\/Banner-sito-ALIT_Magazine.webp\" \/>\n\t<meta property=\"og:image:width\" content=\"1920\" \/>\n\t<meta property=\"og:image:height\" content=\"500\" \/>\n\t<meta property=\"og:image:type\" content=\"image\/webp\" \/>\n<meta name=\"twitter:card\" content=\"summary_large_image\" \/>\n<meta name=\"twitter:label1\" content=\"Szacowany czas czytania\" \/>\n\t<meta name=\"twitter:data1\" content=\"1 minuta\" \/>\n<script type=\"application\/ld+json\" class=\"yoast-schema-graph\">{\"@context\":\"https:\/\/schema.org\",\"@graph\":[{\"@type\":\"WebPage\",\"@id\":\"https:\/\/alit-tech.com\/pl\/alit-academy-magazine\/\",\"url\":\"https:\/\/alit-tech.com\/pl\/alit-academy-magazine\/\",\"name\":\"Alit academy magazine: Metal paint stripping products and systems\",\"isPartOf\":{\"@id\":\"https:\/\/alit-tech.com\/it\/#website\"},\"primaryImageOfPage\":{\"@id\":\"https:\/\/alit-tech.com\/pl\/alit-academy-magazine\/#primaryimage\"},\"image\":{\"@id\":\"https:\/\/alit-tech.com\/pl\/alit-academy-magazine\/#primaryimage\"},\"thumbnailUrl\":\"https:\/\/alit-tech.com\/wp-content\/uploads\/2024\/11\/Banner-sito-ALIT_Magazine.webp\",\"datePublished\":\"2024-03-26T14:17:38+00:00\",\"dateModified\":\"2024-11-08T13:54:51+00:00\",\"description\":\"Alit Academy Magazine is a project created to convey our corporate culture. Here you can find insights about our innovations and the people who make them possible\",\"breadcrumb\":{\"@id\":\"https:\/\/alit-tech.com\/pl\/alit-academy-magazine\/#breadcrumb\"},\"inLanguage\":\"pl-PL\",\"potentialAction\":[{\"@type\":\"ReadAction\",\"target\":[\"https:\/\/alit-tech.com\/pl\/alit-academy-magazine\/\"]}]},{\"@type\":\"ImageObject\",\"inLanguage\":\"pl-PL\",\"@id\":\"https:\/\/alit-tech.com\/pl\/alit-academy-magazine\/#primaryimage\",\"url\":\"https:\/\/alit-tech.com\/wp-content\/uploads\/2024\/11\/Banner-sito-ALIT_Magazine.webp\",\"contentUrl\":\"https:\/\/alit-tech.com\/wp-content\/uploads\/2024\/11\/Banner-sito-ALIT_Magazine.webp\",\"width\":1920,\"height\":500},{\"@type\":\"BreadcrumbList\",\"@id\":\"https:\/\/alit-tech.com\/pl\/alit-academy-magazine\/#breadcrumb\",\"itemListElement\":[{\"@type\":\"ListItem\",\"position\":1,\"name\":\"Home\",\"item\":\"https:\/\/alit-tech.com\/pl\/\"},{\"@type\":\"ListItem\",\"position\":2,\"name\":\"Alit Academy Magazine\"}]},{\"@type\":\"WebSite\",\"@id\":\"https:\/\/alit-tech.com\/it\/#website\",\"url\":\"https:\/\/alit-tech.com\/it\/\",\"name\":\"Alit technologies Spa\",\"description\":\"\",\"potentialAction\":[{\"@type\":\"SearchAction\",\"target\":{\"@type\":\"EntryPoint\",\"urlTemplate\":\"https:\/\/alit-tech.com\/it\/?s={search_term_string}\"},\"query-input\":\"required name=search_term_string\"}],\"inLanguage\":\"pl-PL\"}]}<\/script>\n<!-- \/ Yoast SEO plugin. -->","yoast_head_json":{"title":"Alit academy magazine: Metal paint stripping products and systems","description":"Alit Academy Magazine is a project created to convey our corporate culture. Here you can find insights about our innovations and the people who make them possible","robots":{"index":"index","follow":"follow","max-snippet":"max-snippet:-1","max-image-preview":"max-image-preview:large","max-video-preview":"max-video-preview:-1"},"canonical":"https:\/\/alit-tech.com\/pl\/alit-academy-magazine\/","og_locale":"pl_PL","og_type":"article","og_title":"Alit academy magazine: Metal paint stripping products and systems","og_description":"Alit Academy Magazine is a project created to convey our corporate culture. Here you can find insights about our innovations and the people who make them possible","og_url":"https:\/\/alit-tech.com\/pl\/alit-academy-magazine\/","og_site_name":"Alit technologies Spa","article_modified_time":"2024-11-08T13:54:51+00:00","og_image":[{"width":1920,"height":500,"url":"https:\/\/alit-tech.com\/wp-content\/uploads\/2024\/11\/Banner-sito-ALIT_Magazine.webp","type":"image\/webp"}],"twitter_card":"summary_large_image","twitter_misc":{"Szacowany czas czytania":"1 minuta"},"schema":{"@context":"https:\/\/schema.org","@graph":[{"@type":"WebPage","@id":"https:\/\/alit-tech.com\/pl\/alit-academy-magazine\/","url":"https:\/\/alit-tech.com\/pl\/alit-academy-magazine\/","name":"Alit academy magazine: Metal paint stripping products and systems","isPartOf":{"@id":"https:\/\/alit-tech.com\/it\/#website"},"primaryImageOfPage":{"@id":"https:\/\/alit-tech.com\/pl\/alit-academy-magazine\/#primaryimage"},"image":{"@id":"https:\/\/alit-tech.com\/pl\/alit-academy-magazine\/#primaryimage"},"thumbnailUrl":"https:\/\/alit-tech.com\/wp-content\/uploads\/2024\/11\/Banner-sito-ALIT_Magazine.webp","datePublished":"2024-03-26T14:17:38+00:00","dateModified":"2024-11-08T13:54:51+00:00","description":"Alit Academy Magazine is a project created to convey our corporate culture. Here you can find insights about our innovations and the people who make them possible","breadcrumb":{"@id":"https:\/\/alit-tech.com\/pl\/alit-academy-magazine\/#breadcrumb"},"inLanguage":"pl-PL","potentialAction":[{"@type":"ReadAction","target":["https:\/\/alit-tech.com\/pl\/alit-academy-magazine\/"]}]},{"@type":"ImageObject","inLanguage":"pl-PL","@id":"https:\/\/alit-tech.com\/pl\/alit-academy-magazine\/#primaryimage","url":"https:\/\/alit-tech.com\/wp-content\/uploads\/2024\/11\/Banner-sito-ALIT_Magazine.webp","contentUrl":"https:\/\/alit-tech.com\/wp-content\/uploads\/2024\/11\/Banner-sito-ALIT_Magazine.webp","width":1920,"height":500},{"@type":"BreadcrumbList","@id":"https:\/\/alit-tech.com\/pl\/alit-academy-magazine\/#breadcrumb","itemListElement":[{"@type":"ListItem","position":1,"name":"Home","item":"https:\/\/alit-tech.com\/pl\/"},{"@type":"ListItem","position":2,"name":"Alit Academy Magazine"}]},{"@type":"WebSite","@id":"https:\/\/alit-tech.com\/it\/#website","url":"https:\/\/alit-tech.com\/it\/","name":"Alit technologies Spa","description":"","potentialAction":[{"@type":"SearchAction","target":{"@type":"EntryPoint","urlTemplate":"https:\/\/alit-tech.com\/it\/?s={search_term_string}"},"query-input":"required name=search_term_string"}],"inLanguage":"pl-PL"}]}},"_links":{"self":[{"href":"https:\/\/alit-tech.com\/pl\/wp-json\/wp\/v2\/pages\/11532"}],"collection":[{"href":"https:\/\/alit-tech.com\/pl\/wp-json\/wp\/v2\/pages"}],"about":[{"href":"https:\/\/alit-tech.com\/pl\/wp-json\/wp\/v2\/types\/page"}],"author":[{"embeddable":true,"href":"https:\/\/alit-tech.com\/pl\/wp-json\/wp\/v2\/users\/1"}],"replies":[{"embeddable":true,"href":"https:\/\/alit-tech.com\/pl\/wp-json\/wp\/v2\/comments?post=11532"}],"version-history":[{"count":3,"href":"https:\/\/alit-tech.com\/pl\/wp-json\/wp\/v2\/pages\/11532\/revisions"}],"predecessor-version":[{"id":11538,"href":"https:\/\/alit-tech.com\/pl\/wp-json\/wp\/v2\/pages\/11532\/revisions\/11538"}],"wp:featuredmedia":[{"embeddable":true,"href":"https:\/\/alit-tech.com\/pl\/wp-json\/wp\/v2\/media\/13233"}],"wp:attachment":[{"href":"https:\/\/alit-tech.com\/pl\/wp-json\/wp\/v2\/media?parent=11532"}],"curies":[{"name":"wp","href":"https:\/\/api.w.org\/{rel}","templated":true}]}}