{"id":15539,"date":"2024-03-25T11:56:44","date_gmt":"2024-03-25T10:56:44","guid":{"rendered":"https:\/\/alit-tech.com\/srodki-do-odlakierowywania\/sverniciatura-a-caldo-per-ferro-e-acciaio\/"},"modified":"2025-07-22T14:06:14","modified_gmt":"2025-07-22T12:06:14","slug":"preparaty-do-sciagania-farby-pod-wplywem-ciepla-z-zelaza-i-stali","status":"publish","type":"page","link":"https:\/\/alit-tech.com\/pl\/srodki-do-odlakierowywania\/preparaty-do-sciagania-farby-pod-wplywem-ciepla-z-zelaza-i-stali\/","title":{"rendered":"Preparaty do \u015bci\u0105gania farby pod wp\u0142ywem ciep\u0142a\u202f z \u017celaza i stali"},"content":{"rendered":"\n<p>Linia produkt\u00f3w do usuwania farby z \u017celaza i stali od ALIT Technologies to najwy\u017csza jako\u015b\u0107 w zakresie oczyszczania materia\u0142\u00f3w \u017celaznych. Preparaty zosta\u0142y opracowane z my\u015bl\u0105 o spe\u0142nieniu najwy\u017cszych wymaga\u0144 nowoczesnego przemys\u0142u, oferuj\u0105c szybkie i skuteczne usuwanie pow\u0142ok przy minimalnym wp\u0142ywie na \u015brodowisko. Nasze rozwi\u0105zania to doskona\u0142y wyb\u00f3r dla tych, kt\u00f3rzy oczekuj\u0105 profesjonalnych rezultat\u00f3w oraz ceni\u0105 sobie ekologi\u0119 i efektywno\u015b\u0107 energetyczn\u0105.\u00a0<\/p>\n","protected":false},"excerpt":{"rendered":"<p>Linia produkt\u00f3w do usuwania farby z \u017celaza i stali od ALIT Technologies to najwy\u017csza jako\u015b\u0107 w zakresie oczyszczania materia\u0142\u00f3w \u017celaznych. Preparaty zosta\u0142y opracowane z my\u015bl\u0105 o spe\u0142nieniu najwy\u017cszych wymaga\u0144 nowoczesnego przemys\u0142u, oferuj\u0105c szybkie i skuteczne usuwanie pow\u0142ok przy minimalnym wp\u0142ywie na \u015brodowisko. Nasze rozwi\u0105zania to doskona\u0142y wyb\u00f3r dla tych, kt\u00f3rzy oczekuj\u0105 profesjonalnych rezultat\u00f3w oraz ceni\u0105 [&hellip;]<\/p>\n","protected":false},"author":1,"featured_media":12620,"parent":11041,"menu_order":0,"comment_status":"closed","ping_status":"closed","template":"template-pages\/07_chemical_category.php","meta":{"_acf_changed":false,"footnotes":""},"class_list":["post-15539","page","type-page","status-publish","has-post-thumbnail","hentry"],"acf":[],"yoast_head":"<!-- This site is optimized with the Yoast SEO plugin v23.1 - https:\/\/yoast.com\/wordpress\/plugins\/seo\/ -->\n<title>Usuwanie farby termiczne: Linia produkt\u00f3w do usuwania farby<\/title>\n<meta name=\"description\" content=\"Preparaty do \u015bci\u0105gania farby pod wp\u0142ywem ciep\u0142a\u202f z \u017celaza i stali. Wydajne i skuteczne rozwi\u0105zania, zoptymalizowane pod k\u0105tem doskona\u0142ej wydajno\u015bci.\" \/>\n<meta name=\"robots\" content=\"index, follow, max-snippet:-1, max-image-preview:large, max-video-preview:-1\" \/>\n<link rel=\"canonical\" href=\"https:\/\/alit-tech.com\/pl\/srodki-do-odlakierowywania\/preparaty-do-sciagania-farby-pod-wplywem-ciepla-z-zelaza-i-stali\/\" \/>\n<meta property=\"og:locale\" content=\"pl_PL\" \/>\n<meta property=\"og:type\" content=\"article\" \/>\n<meta property=\"og:title\" content=\"Usuwanie farby termiczne: Linia produkt\u00f3w do usuwania farby\" \/>\n<meta property=\"og:description\" content=\"Preparaty do \u015bci\u0105gania farby pod wp\u0142ywem ciep\u0142a\u202f z \u017celaza i stali. Wydajne i skuteczne rozwi\u0105zania, zoptymalizowane pod k\u0105tem doskona\u0142ej wydajno\u015bci.\" \/>\n<meta property=\"og:url\" content=\"https:\/\/alit-tech.com\/pl\/srodki-do-odlakierowywania\/preparaty-do-sciagania-farby-pod-wplywem-ciepla-z-zelaza-i-stali\/\" \/>\n<meta property=\"og:site_name\" content=\"Alit technologies Spa\" \/>\n<meta property=\"article:modified_time\" content=\"2025-07-22T12:06:14+00:00\" \/>\n<meta property=\"og:image\" content=\"https:\/\/alit-tech.com\/wp-content\/uploads\/2024\/09\/Sverniciatura-a-caldo-per-Ferro-e-Acciaio.jpg\" \/>\n\t<meta property=\"og:image:width\" content=\"1200\" \/>\n\t<meta property=\"og:image:height\" content=\"600\" \/>\n\t<meta property=\"og:image:type\" content=\"image\/jpeg\" \/>\n<meta name=\"twitter:card\" content=\"summary_large_image\" \/>\n<meta name=\"twitter:label1\" content=\"Szacowany czas czytania\" \/>\n\t<meta name=\"twitter:data1\" content=\"1 minuta\" \/>\n<script type=\"application\/ld+json\" class=\"yoast-schema-graph\">{\"@context\":\"https:\/\/schema.org\",\"@graph\":[{\"@type\":\"WebPage\",\"@id\":\"https:\/\/alit-tech.com\/pl\/srodki-do-odlakierowywania\/preparaty-do-sciagania-farby-pod-wplywem-ciepla-z-zelaza-i-stali\/\",\"url\":\"https:\/\/alit-tech.com\/pl\/srodki-do-odlakierowywania\/preparaty-do-sciagania-farby-pod-wplywem-ciepla-z-zelaza-i-stali\/\",\"name\":\"Usuwanie farby termiczne: Linia produkt\u00f3w do usuwania farby\",\"isPartOf\":{\"@id\":\"https:\/\/alit-tech.com\/it\/#website\"},\"primaryImageOfPage\":{\"@id\":\"https:\/\/alit-tech.com\/pl\/srodki-do-odlakierowywania\/preparaty-do-sciagania-farby-pod-wplywem-ciepla-z-zelaza-i-stali\/#primaryimage\"},\"image\":{\"@id\":\"https:\/\/alit-tech.com\/pl\/srodki-do-odlakierowywania\/preparaty-do-sciagania-farby-pod-wplywem-ciepla-z-zelaza-i-stali\/#primaryimage\"},\"thumbnailUrl\":\"https:\/\/alit-tech.com\/wp-content\/uploads\/2024\/09\/Sverniciatura-a-caldo-per-Ferro-e-Acciaio.jpg\",\"datePublished\":\"2024-03-25T10:56:44+00:00\",\"dateModified\":\"2025-07-22T12:06:14+00:00\",\"description\":\"Preparaty do \u015bci\u0105gania farby pod wp\u0142ywem ciep\u0142a\u202f z \u017celaza i stali. Wydajne i skuteczne rozwi\u0105zania, zoptymalizowane pod k\u0105tem doskona\u0142ej wydajno\u015bci.\",\"breadcrumb\":{\"@id\":\"https:\/\/alit-tech.com\/pl\/srodki-do-odlakierowywania\/preparaty-do-sciagania-farby-pod-wplywem-ciepla-z-zelaza-i-stali\/#breadcrumb\"},\"inLanguage\":\"pl-PL\",\"potentialAction\":[{\"@type\":\"ReadAction\",\"target\":[\"https:\/\/alit-tech.com\/pl\/srodki-do-odlakierowywania\/preparaty-do-sciagania-farby-pod-wplywem-ciepla-z-zelaza-i-stali\/\"]}]},{\"@type\":\"ImageObject\",\"inLanguage\":\"pl-PL\",\"@id\":\"https:\/\/alit-tech.com\/pl\/srodki-do-odlakierowywania\/preparaty-do-sciagania-farby-pod-wplywem-ciepla-z-zelaza-i-stali\/#primaryimage\",\"url\":\"https:\/\/alit-tech.com\/wp-content\/uploads\/2024\/09\/Sverniciatura-a-caldo-per-Ferro-e-Acciaio.jpg\",\"contentUrl\":\"https:\/\/alit-tech.com\/wp-content\/uploads\/2024\/09\/Sverniciatura-a-caldo-per-Ferro-e-Acciaio.jpg\",\"width\":1200,\"height\":600},{\"@type\":\"BreadcrumbList\",\"@id\":\"https:\/\/alit-tech.com\/pl\/srodki-do-odlakierowywania\/preparaty-do-sciagania-farby-pod-wplywem-ciepla-z-zelaza-i-stali\/#breadcrumb\",\"itemListElement\":[{\"@type\":\"ListItem\",\"position\":1,\"name\":\"Home\",\"item\":\"https:\/\/alit-tech.com\/pl\/\"},{\"@type\":\"ListItem\",\"position\":2,\"name\":\"\u015arodki do odlakierowywania\",\"item\":\"https:\/\/alit-tech.com\/pl\/srodki-do-odlakierowywania\/\"},{\"@type\":\"ListItem\",\"position\":3,\"name\":\"Preparaty do \u015bci\u0105gania farby pod wp\u0142ywem ciep\u0142a\u202f z \u017celaza i stali\"}]},{\"@type\":\"WebSite\",\"@id\":\"https:\/\/alit-tech.com\/it\/#website\",\"url\":\"https:\/\/alit-tech.com\/it\/\",\"name\":\"Alit technologies Spa\",\"description\":\"\",\"potentialAction\":[{\"@type\":\"SearchAction\",\"target\":{\"@type\":\"EntryPoint\",\"urlTemplate\":\"https:\/\/alit-tech.com\/it\/?s={search_term_string}\"},\"query-input\":\"required name=search_term_string\"}],\"inLanguage\":\"pl-PL\"}]}<\/script>\n<!-- \/ Yoast SEO plugin. -->","yoast_head_json":{"title":"Usuwanie farby termiczne: Linia produkt\u00f3w do usuwania farby","description":"Preparaty do \u015bci\u0105gania farby pod wp\u0142ywem ciep\u0142a\u202f z \u017celaza i stali. Wydajne i skuteczne rozwi\u0105zania, zoptymalizowane pod k\u0105tem doskona\u0142ej wydajno\u015bci.","robots":{"index":"index","follow":"follow","max-snippet":"max-snippet:-1","max-image-preview":"max-image-preview:large","max-video-preview":"max-video-preview:-1"},"canonical":"https:\/\/alit-tech.com\/pl\/srodki-do-odlakierowywania\/preparaty-do-sciagania-farby-pod-wplywem-ciepla-z-zelaza-i-stali\/","og_locale":"pl_PL","og_type":"article","og_title":"Usuwanie farby termiczne: Linia produkt\u00f3w do usuwania farby","og_description":"Preparaty do \u015bci\u0105gania farby pod wp\u0142ywem ciep\u0142a\u202f z \u017celaza i stali. Wydajne i skuteczne rozwi\u0105zania, zoptymalizowane pod k\u0105tem doskona\u0142ej wydajno\u015bci.","og_url":"https:\/\/alit-tech.com\/pl\/srodki-do-odlakierowywania\/preparaty-do-sciagania-farby-pod-wplywem-ciepla-z-zelaza-i-stali\/","og_site_name":"Alit technologies Spa","article_modified_time":"2025-07-22T12:06:14+00:00","og_image":[{"width":1200,"height":600,"url":"https:\/\/alit-tech.com\/wp-content\/uploads\/2024\/09\/Sverniciatura-a-caldo-per-Ferro-e-Acciaio.jpg","type":"image\/jpeg"}],"twitter_card":"summary_large_image","twitter_misc":{"Szacowany czas czytania":"1 minuta"},"schema":{"@context":"https:\/\/schema.org","@graph":[{"@type":"WebPage","@id":"https:\/\/alit-tech.com\/pl\/srodki-do-odlakierowywania\/preparaty-do-sciagania-farby-pod-wplywem-ciepla-z-zelaza-i-stali\/","url":"https:\/\/alit-tech.com\/pl\/srodki-do-odlakierowywania\/preparaty-do-sciagania-farby-pod-wplywem-ciepla-z-zelaza-i-stali\/","name":"Usuwanie farby termiczne: Linia produkt\u00f3w do usuwania farby","isPartOf":{"@id":"https:\/\/alit-tech.com\/it\/#website"},"primaryImageOfPage":{"@id":"https:\/\/alit-tech.com\/pl\/srodki-do-odlakierowywania\/preparaty-do-sciagania-farby-pod-wplywem-ciepla-z-zelaza-i-stali\/#primaryimage"},"image":{"@id":"https:\/\/alit-tech.com\/pl\/srodki-do-odlakierowywania\/preparaty-do-sciagania-farby-pod-wplywem-ciepla-z-zelaza-i-stali\/#primaryimage"},"thumbnailUrl":"https:\/\/alit-tech.com\/wp-content\/uploads\/2024\/09\/Sverniciatura-a-caldo-per-Ferro-e-Acciaio.jpg","datePublished":"2024-03-25T10:56:44+00:00","dateModified":"2025-07-22T12:06:14+00:00","description":"Preparaty do \u015bci\u0105gania farby pod wp\u0142ywem ciep\u0142a\u202f z \u017celaza i stali. Wydajne i skuteczne rozwi\u0105zania, zoptymalizowane pod k\u0105tem doskona\u0142ej wydajno\u015bci.","breadcrumb":{"@id":"https:\/\/alit-tech.com\/pl\/srodki-do-odlakierowywania\/preparaty-do-sciagania-farby-pod-wplywem-ciepla-z-zelaza-i-stali\/#breadcrumb"},"inLanguage":"pl-PL","potentialAction":[{"@type":"ReadAction","target":["https:\/\/alit-tech.com\/pl\/srodki-do-odlakierowywania\/preparaty-do-sciagania-farby-pod-wplywem-ciepla-z-zelaza-i-stali\/"]}]},{"@type":"ImageObject","inLanguage":"pl-PL","@id":"https:\/\/alit-tech.com\/pl\/srodki-do-odlakierowywania\/preparaty-do-sciagania-farby-pod-wplywem-ciepla-z-zelaza-i-stali\/#primaryimage","url":"https:\/\/alit-tech.com\/wp-content\/uploads\/2024\/09\/Sverniciatura-a-caldo-per-Ferro-e-Acciaio.jpg","contentUrl":"https:\/\/alit-tech.com\/wp-content\/uploads\/2024\/09\/Sverniciatura-a-caldo-per-Ferro-e-Acciaio.jpg","width":1200,"height":600},{"@type":"BreadcrumbList","@id":"https:\/\/alit-tech.com\/pl\/srodki-do-odlakierowywania\/preparaty-do-sciagania-farby-pod-wplywem-ciepla-z-zelaza-i-stali\/#breadcrumb","itemListElement":[{"@type":"ListItem","position":1,"name":"Home","item":"https:\/\/alit-tech.com\/pl\/"},{"@type":"ListItem","position":2,"name":"\u015arodki do odlakierowywania","item":"https:\/\/alit-tech.com\/pl\/srodki-do-odlakierowywania\/"},{"@type":"ListItem","position":3,"name":"Preparaty do \u015bci\u0105gania farby pod wp\u0142ywem ciep\u0142a\u202f z \u017celaza i stali"}]},{"@type":"WebSite","@id":"https:\/\/alit-tech.com\/it\/#website","url":"https:\/\/alit-tech.com\/it\/","name":"Alit technologies Spa","description":"","potentialAction":[{"@type":"SearchAction","target":{"@type":"EntryPoint","urlTemplate":"https:\/\/alit-tech.com\/it\/?s={search_term_string}"},"query-input":"required name=search_term_string"}],"inLanguage":"pl-PL"}]}},"_links":{"self":[{"href":"https:\/\/alit-tech.com\/pl\/wp-json\/wp\/v2\/pages\/15539"}],"collection":[{"href":"https:\/\/alit-tech.com\/pl\/wp-json\/wp\/v2\/pages"}],"about":[{"href":"https:\/\/alit-tech.com\/pl\/wp-json\/wp\/v2\/types\/page"}],"author":[{"embeddable":true,"href":"https:\/\/alit-tech.com\/pl\/wp-json\/wp\/v2\/users\/1"}],"replies":[{"embeddable":true,"href":"https:\/\/alit-tech.com\/pl\/wp-json\/wp\/v2\/comments?post=15539"}],"version-history":[{"count":4,"href":"https:\/\/alit-tech.com\/pl\/wp-json\/wp\/v2\/pages\/15539\/revisions"}],"predecessor-version":[{"id":15704,"href":"https:\/\/alit-tech.com\/pl\/wp-json\/wp\/v2\/pages\/15539\/revisions\/15704"}],"up":[{"embeddable":true,"href":"https:\/\/alit-tech.com\/pl\/wp-json\/wp\/v2\/pages\/11041"}],"wp:featuredmedia":[{"embeddable":true,"href":"https:\/\/alit-tech.com\/pl\/wp-json\/wp\/v2\/media\/12620"}],"wp:attachment":[{"href":"https:\/\/alit-tech.com\/pl\/wp-json\/wp\/v2\/media?parent=15539"}],"curies":[{"name":"wp","href":"https:\/\/api.w.org\/{rel}","templated":true}]}}