{"id":15575,"date":"2024-03-26T15:10:02","date_gmt":"2024-03-26T14:10:02","guid":{"rendered":"https:\/\/alit-tech.com\/srodki-do-odlakierowywania\/svernicianti-per-processi-di-sverniciatura-in-linea-di-ganci-e-telai-fastrip-isp\/"},"modified":"2025-07-22T14:26:05","modified_gmt":"2025-07-22T12:26:05","slug":"preparaty-do-usuwania-farby-z-hakow-i-ram-fastrip-isp","status":"publish","type":"page","link":"https:\/\/alit-tech.com\/pl\/srodki-do-odlakierowywania\/preparaty-do-usuwania-farby-z-hakow-i-ram-fastrip-isp\/","title":{"rendered":"Preparaty do usuwania farby z hak\u00f3w i ram \u2013 FASTRIP ISP"},"content":{"rendered":"\n<p>Preparaty ALIT Technologies do usuwania farby z hak\u00f3w i ram w liniach produkcyjnych zosta\u0142y stworzone z my\u015bl\u0105 o maksymalnej optymalizacji proces\u00f3w produkcyjnych. Zapewniaj\u0105 wyj\u0105tkowo kr\u00f3tkie czasy cykli oraz najwy\u017csz\u0105 jako\u015b\u0107 oczyszczania powierzchni. Idealnie sprawdzaj\u0105 si\u0119 w \u015brodowiskach o wysokiej intensywno\u015bci pracy, \u0142\u0105cz\u0105c efektywno\u015b\u0107, szybko\u015b\u0107 i niezawodno\u015b\u0107. Dzi\u0119ki zaawansowanym formu\u0142om mo\u017cliwe jest skuteczne usuwanie pow\u0142ok w rekordowo kr\u00f3tkim czasie, co przek\u0142ada si\u0119 na zwi\u0119kszon\u0105 produktywno\u015b\u0107 i ni\u017csze koszty operacyjne.<\/p>\n","protected":false},"excerpt":{"rendered":"<p>Preparaty ALIT Technologies do usuwania farby z hak\u00f3w i ram w liniach produkcyjnych zosta\u0142y stworzone z my\u015bl\u0105 o maksymalnej optymalizacji proces\u00f3w produkcyjnych. Zapewniaj\u0105 wyj\u0105tkowo kr\u00f3tkie czasy cykli oraz najwy\u017csz\u0105 jako\u015b\u0107 oczyszczania powierzchni. Idealnie sprawdzaj\u0105 si\u0119 w \u015brodowiskach o wysokiej intensywno\u015bci pracy, \u0142\u0105cz\u0105c efektywno\u015b\u0107, szybko\u015b\u0107 i niezawodno\u015b\u0107. Dzi\u0119ki zaawansowanym formu\u0142om mo\u017cliwe jest skuteczne usuwanie pow\u0142ok w [&hellip;]<\/p>\n","protected":false},"author":1,"featured_media":12694,"parent":11041,"menu_order":0,"comment_status":"closed","ping_status":"closed","template":"template-pages\/07_chemical_category.php","meta":{"_acf_changed":false,"footnotes":""},"class_list":["post-15575","page","type-page","status-publish","has-post-thumbnail","hentry"],"acf":[],"yoast_head":"<!-- This site is optimized with the Yoast SEO plugin v23.1 - https:\/\/yoast.com\/wordpress\/plugins\/seo\/ -->\n<title>Usuwanie farby z hak\u00f3w i ram lakierniczych - Fastrip ISP<\/title>\n<meta name=\"description\" content=\"Skuteczny preparat do czyszczenia hak\u00f3w i ram z osad\u00f3w lakierniczych. Fastrip ISP dzia\u0142a szybko i bezpiecznie, idealny do u\u017cytku przemys\u0142owego.\" \/>\n<meta name=\"robots\" content=\"index, follow, max-snippet:-1, max-image-preview:large, max-video-preview:-1\" \/>\n<link rel=\"canonical\" href=\"https:\/\/alit-tech.com\/pl\/srodki-do-odlakierowywania\/preparaty-do-usuwania-farby-z-hakow-i-ram-fastrip-isp\/\" \/>\n<meta property=\"og:locale\" content=\"pl_PL\" \/>\n<meta property=\"og:type\" content=\"article\" \/>\n<meta property=\"og:title\" content=\"Usuwanie farby z hak\u00f3w i ram lakierniczych - Fastrip ISP\" \/>\n<meta property=\"og:description\" content=\"Skuteczny preparat do czyszczenia hak\u00f3w i ram z osad\u00f3w lakierniczych. Fastrip ISP dzia\u0142a szybko i bezpiecznie, idealny do u\u017cytku przemys\u0142owego.\" \/>\n<meta property=\"og:url\" content=\"https:\/\/alit-tech.com\/pl\/srodki-do-odlakierowywania\/preparaty-do-usuwania-farby-z-hakow-i-ram-fastrip-isp\/\" \/>\n<meta property=\"og:site_name\" content=\"Alit technologies Spa\" \/>\n<meta property=\"article:modified_time\" content=\"2025-07-22T12:26:05+00:00\" \/>\n<meta property=\"og:image\" content=\"https:\/\/alit-tech.com\/wp-content\/uploads\/2024\/10\/Svernicianti-per-processi-di-sverniciatura-in-linea-di-Ganci-e-Telai.jpg\" \/>\n\t<meta property=\"og:image:width\" content=\"1200\" \/>\n\t<meta property=\"og:image:height\" content=\"600\" \/>\n\t<meta property=\"og:image:type\" content=\"image\/jpeg\" \/>\n<meta name=\"twitter:card\" content=\"summary_large_image\" \/>\n<meta name=\"twitter:label1\" content=\"Szacowany czas czytania\" \/>\n\t<meta name=\"twitter:data1\" content=\"1 minuta\" \/>\n<script type=\"application\/ld+json\" class=\"yoast-schema-graph\">{\"@context\":\"https:\/\/schema.org\",\"@graph\":[{\"@type\":\"WebPage\",\"@id\":\"https:\/\/alit-tech.com\/pl\/srodki-do-odlakierowywania\/preparaty-do-usuwania-farby-z-hakow-i-ram-fastrip-isp\/\",\"url\":\"https:\/\/alit-tech.com\/pl\/srodki-do-odlakierowywania\/preparaty-do-usuwania-farby-z-hakow-i-ram-fastrip-isp\/\",\"name\":\"Usuwanie farby z hak\u00f3w i ram lakierniczych - Fastrip ISP\",\"isPartOf\":{\"@id\":\"https:\/\/alit-tech.com\/it\/#website\"},\"primaryImageOfPage\":{\"@id\":\"https:\/\/alit-tech.com\/pl\/srodki-do-odlakierowywania\/preparaty-do-usuwania-farby-z-hakow-i-ram-fastrip-isp\/#primaryimage\"},\"image\":{\"@id\":\"https:\/\/alit-tech.com\/pl\/srodki-do-odlakierowywania\/preparaty-do-usuwania-farby-z-hakow-i-ram-fastrip-isp\/#primaryimage\"},\"thumbnailUrl\":\"https:\/\/alit-tech.com\/wp-content\/uploads\/2024\/10\/Svernicianti-per-processi-di-sverniciatura-in-linea-di-Ganci-e-Telai.jpg\",\"datePublished\":\"2024-03-26T14:10:02+00:00\",\"dateModified\":\"2025-07-22T12:26:05+00:00\",\"description\":\"Skuteczny preparat do czyszczenia hak\u00f3w i ram z osad\u00f3w lakierniczych. Fastrip ISP dzia\u0142a szybko i bezpiecznie, idealny do u\u017cytku przemys\u0142owego.\",\"breadcrumb\":{\"@id\":\"https:\/\/alit-tech.com\/pl\/srodki-do-odlakierowywania\/preparaty-do-usuwania-farby-z-hakow-i-ram-fastrip-isp\/#breadcrumb\"},\"inLanguage\":\"pl-PL\",\"potentialAction\":[{\"@type\":\"ReadAction\",\"target\":[\"https:\/\/alit-tech.com\/pl\/srodki-do-odlakierowywania\/preparaty-do-usuwania-farby-z-hakow-i-ram-fastrip-isp\/\"]}]},{\"@type\":\"ImageObject\",\"inLanguage\":\"pl-PL\",\"@id\":\"https:\/\/alit-tech.com\/pl\/srodki-do-odlakierowywania\/preparaty-do-usuwania-farby-z-hakow-i-ram-fastrip-isp\/#primaryimage\",\"url\":\"https:\/\/alit-tech.com\/wp-content\/uploads\/2024\/10\/Svernicianti-per-processi-di-sverniciatura-in-linea-di-Ganci-e-Telai.jpg\",\"contentUrl\":\"https:\/\/alit-tech.com\/wp-content\/uploads\/2024\/10\/Svernicianti-per-processi-di-sverniciatura-in-linea-di-Ganci-e-Telai.jpg\",\"width\":1200,\"height\":600},{\"@type\":\"BreadcrumbList\",\"@id\":\"https:\/\/alit-tech.com\/pl\/srodki-do-odlakierowywania\/preparaty-do-usuwania-farby-z-hakow-i-ram-fastrip-isp\/#breadcrumb\",\"itemListElement\":[{\"@type\":\"ListItem\",\"position\":1,\"name\":\"Home\",\"item\":\"https:\/\/alit-tech.com\/pl\/\"},{\"@type\":\"ListItem\",\"position\":2,\"name\":\"\u015arodki do odlakierowywania\",\"item\":\"https:\/\/alit-tech.com\/pl\/srodki-do-odlakierowywania\/\"},{\"@type\":\"ListItem\",\"position\":3,\"name\":\"Preparaty do usuwania farby z hak\u00f3w i ram \u2013 FASTRIP ISP\"}]},{\"@type\":\"WebSite\",\"@id\":\"https:\/\/alit-tech.com\/it\/#website\",\"url\":\"https:\/\/alit-tech.com\/it\/\",\"name\":\"Alit technologies Spa\",\"description\":\"\",\"potentialAction\":[{\"@type\":\"SearchAction\",\"target\":{\"@type\":\"EntryPoint\",\"urlTemplate\":\"https:\/\/alit-tech.com\/it\/?s={search_term_string}\"},\"query-input\":\"required name=search_term_string\"}],\"inLanguage\":\"pl-PL\"}]}<\/script>\n<!-- \/ Yoast SEO plugin. -->","yoast_head_json":{"title":"Usuwanie farby z hak\u00f3w i ram lakierniczych - Fastrip ISP","description":"Skuteczny preparat do czyszczenia hak\u00f3w i ram z osad\u00f3w lakierniczych. Fastrip ISP dzia\u0142a szybko i bezpiecznie, idealny do u\u017cytku przemys\u0142owego.","robots":{"index":"index","follow":"follow","max-snippet":"max-snippet:-1","max-image-preview":"max-image-preview:large","max-video-preview":"max-video-preview:-1"},"canonical":"https:\/\/alit-tech.com\/pl\/srodki-do-odlakierowywania\/preparaty-do-usuwania-farby-z-hakow-i-ram-fastrip-isp\/","og_locale":"pl_PL","og_type":"article","og_title":"Usuwanie farby z hak\u00f3w i ram lakierniczych - Fastrip ISP","og_description":"Skuteczny preparat do czyszczenia hak\u00f3w i ram z osad\u00f3w lakierniczych. Fastrip ISP dzia\u0142a szybko i bezpiecznie, idealny do u\u017cytku przemys\u0142owego.","og_url":"https:\/\/alit-tech.com\/pl\/srodki-do-odlakierowywania\/preparaty-do-usuwania-farby-z-hakow-i-ram-fastrip-isp\/","og_site_name":"Alit technologies Spa","article_modified_time":"2025-07-22T12:26:05+00:00","og_image":[{"width":1200,"height":600,"url":"https:\/\/alit-tech.com\/wp-content\/uploads\/2024\/10\/Svernicianti-per-processi-di-sverniciatura-in-linea-di-Ganci-e-Telai.jpg","type":"image\/jpeg"}],"twitter_card":"summary_large_image","twitter_misc":{"Szacowany czas czytania":"1 minuta"},"schema":{"@context":"https:\/\/schema.org","@graph":[{"@type":"WebPage","@id":"https:\/\/alit-tech.com\/pl\/srodki-do-odlakierowywania\/preparaty-do-usuwania-farby-z-hakow-i-ram-fastrip-isp\/","url":"https:\/\/alit-tech.com\/pl\/srodki-do-odlakierowywania\/preparaty-do-usuwania-farby-z-hakow-i-ram-fastrip-isp\/","name":"Usuwanie farby z hak\u00f3w i ram lakierniczych - Fastrip ISP","isPartOf":{"@id":"https:\/\/alit-tech.com\/it\/#website"},"primaryImageOfPage":{"@id":"https:\/\/alit-tech.com\/pl\/srodki-do-odlakierowywania\/preparaty-do-usuwania-farby-z-hakow-i-ram-fastrip-isp\/#primaryimage"},"image":{"@id":"https:\/\/alit-tech.com\/pl\/srodki-do-odlakierowywania\/preparaty-do-usuwania-farby-z-hakow-i-ram-fastrip-isp\/#primaryimage"},"thumbnailUrl":"https:\/\/alit-tech.com\/wp-content\/uploads\/2024\/10\/Svernicianti-per-processi-di-sverniciatura-in-linea-di-Ganci-e-Telai.jpg","datePublished":"2024-03-26T14:10:02+00:00","dateModified":"2025-07-22T12:26:05+00:00","description":"Skuteczny preparat do czyszczenia hak\u00f3w i ram z osad\u00f3w lakierniczych. Fastrip ISP dzia\u0142a szybko i bezpiecznie, idealny do u\u017cytku przemys\u0142owego.","breadcrumb":{"@id":"https:\/\/alit-tech.com\/pl\/srodki-do-odlakierowywania\/preparaty-do-usuwania-farby-z-hakow-i-ram-fastrip-isp\/#breadcrumb"},"inLanguage":"pl-PL","potentialAction":[{"@type":"ReadAction","target":["https:\/\/alit-tech.com\/pl\/srodki-do-odlakierowywania\/preparaty-do-usuwania-farby-z-hakow-i-ram-fastrip-isp\/"]}]},{"@type":"ImageObject","inLanguage":"pl-PL","@id":"https:\/\/alit-tech.com\/pl\/srodki-do-odlakierowywania\/preparaty-do-usuwania-farby-z-hakow-i-ram-fastrip-isp\/#primaryimage","url":"https:\/\/alit-tech.com\/wp-content\/uploads\/2024\/10\/Svernicianti-per-processi-di-sverniciatura-in-linea-di-Ganci-e-Telai.jpg","contentUrl":"https:\/\/alit-tech.com\/wp-content\/uploads\/2024\/10\/Svernicianti-per-processi-di-sverniciatura-in-linea-di-Ganci-e-Telai.jpg","width":1200,"height":600},{"@type":"BreadcrumbList","@id":"https:\/\/alit-tech.com\/pl\/srodki-do-odlakierowywania\/preparaty-do-usuwania-farby-z-hakow-i-ram-fastrip-isp\/#breadcrumb","itemListElement":[{"@type":"ListItem","position":1,"name":"Home","item":"https:\/\/alit-tech.com\/pl\/"},{"@type":"ListItem","position":2,"name":"\u015arodki do odlakierowywania","item":"https:\/\/alit-tech.com\/pl\/srodki-do-odlakierowywania\/"},{"@type":"ListItem","position":3,"name":"Preparaty do usuwania farby z hak\u00f3w i ram \u2013 FASTRIP ISP"}]},{"@type":"WebSite","@id":"https:\/\/alit-tech.com\/it\/#website","url":"https:\/\/alit-tech.com\/it\/","name":"Alit technologies Spa","description":"","potentialAction":[{"@type":"SearchAction","target":{"@type":"EntryPoint","urlTemplate":"https:\/\/alit-tech.com\/it\/?s={search_term_string}"},"query-input":"required name=search_term_string"}],"inLanguage":"pl-PL"}]}},"_links":{"self":[{"href":"https:\/\/alit-tech.com\/pl\/wp-json\/wp\/v2\/pages\/15575"}],"collection":[{"href":"https:\/\/alit-tech.com\/pl\/wp-json\/wp\/v2\/pages"}],"about":[{"href":"https:\/\/alit-tech.com\/pl\/wp-json\/wp\/v2\/types\/page"}],"author":[{"embeddable":true,"href":"https:\/\/alit-tech.com\/pl\/wp-json\/wp\/v2\/users\/1"}],"replies":[{"embeddable":true,"href":"https:\/\/alit-tech.com\/pl\/wp-json\/wp\/v2\/comments?post=15575"}],"version-history":[{"count":2,"href":"https:\/\/alit-tech.com\/pl\/wp-json\/wp\/v2\/pages\/15575\/revisions"}],"predecessor-version":[{"id":15711,"href":"https:\/\/alit-tech.com\/pl\/wp-json\/wp\/v2\/pages\/15575\/revisions\/15711"}],"up":[{"embeddable":true,"href":"https:\/\/alit-tech.com\/pl\/wp-json\/wp\/v2\/pages\/11041"}],"wp:featuredmedia":[{"embeddable":true,"href":"https:\/\/alit-tech.com\/pl\/wp-json\/wp\/v2\/media\/12694"}],"wp:attachment":[{"href":"https:\/\/alit-tech.com\/pl\/wp-json\/wp\/v2\/media?parent=15575"}],"curies":[{"name":"wp","href":"https:\/\/api.w.org\/{rel}","templated":true}]}}