{"id":15579,"date":"2024-10-03T18:05:20","date_gmt":"2024-10-03T16:05:20","guid":{"rendered":"https:\/\/alit-tech.com\/srodki-do-odlakierowywania\/svernicianti-per-usi-ad-alte-temperature\/"},"modified":"2025-07-22T14:12:17","modified_gmt":"2025-07-22T12:12:17","slug":"preparaty-do-usuwania-farby-na-goraco","status":"publish","type":"page","link":"https:\/\/alit-tech.com\/pl\/srodki-do-odlakierowywania\/preparaty-do-usuwania-farby-na-goraco\/","title":{"rendered":"Preparaty do usuwania farby na gor\u0105co"},"content":{"rendered":"\n<p>Specjalistyczne formu\u0142y zapewniaj\u0105ce maksymaln\u0105 skuteczno\u015b\u0107, dzia\u0142aj\u0105ce w podwy\u017cszonych temperaturach, aby zagwarantowa\u0107 szybkie i ca\u0142kowite usuni\u0119cie farby. Wysokotemperaturowe \u015brodki do usuwania farby ALIT Technologies doskonale nadaj\u0105 si\u0119 do stosowania na aluminium i materia\u0142ach \u017celaznych, zapewniaj\u0105c wysok\u0105 wydajno\u015b\u0107 przy jednoczesnym zachowaniu bezpiecze\u0144stwa eksploatacjii i energooszcz\u0119dno\u015bci. Idealne dla przemys\u0142u motoryzacyjnego i lotniczego, gwarantuj\u0105 doskona\u0142e rezultaty i skracaj\u0105 czas obr\u00f3bki.<\/p>\n","protected":false},"excerpt":{"rendered":"<p>Specjalistyczne formu\u0142y zapewniaj\u0105ce maksymaln\u0105 skuteczno\u015b\u0107, dzia\u0142aj\u0105ce w podwy\u017cszonych temperaturach, aby zagwarantowa\u0107 szybkie i ca\u0142kowite usuni\u0119cie farby. Wysokotemperaturowe \u015brodki do usuwania farby ALIT Technologies doskonale nadaj\u0105 si\u0119 do stosowania na aluminium i materia\u0142ach \u017celaznych, zapewniaj\u0105c wysok\u0105 wydajno\u015b\u0107 przy jednoczesnym zachowaniu bezpiecze\u0144stwa eksploatacjii i energooszcz\u0119dno\u015bci. Idealne dla przemys\u0142u motoryzacyjnego i lotniczego, gwarantuj\u0105 doskona\u0142e rezultaty i skracaj\u0105 czas [&hellip;]<\/p>\n","protected":false},"author":1,"featured_media":12706,"parent":11041,"menu_order":0,"comment_status":"closed","ping_status":"closed","template":"template-pages\/07_chemical_category.php","meta":{"_acf_changed":false,"footnotes":""},"class_list":["post-15579","page","type-page","status-publish","has-post-thumbnail","hentry"],"acf":[],"yoast_head":"<!-- This site is optimized with the Yoast SEO plugin v23.1 - https:\/\/yoast.com\/wordpress\/plugins\/seo\/ -->\n<title>Preparaty do usuwania farby na gor\u0105co - ALIT Technologies<\/title>\n<meta name=\"description\" content=\"Preparaty ALIT do usuwania farby na gor\u0105co \u2013 skuteczne \u015brodki do termicznego odlakierowywania aluminium, stali i lekkich stop\u00f3w. Idealne do zanurze\u0144.\" \/>\n<meta name=\"robots\" content=\"index, follow, max-snippet:-1, max-image-preview:large, max-video-preview:-1\" \/>\n<link rel=\"canonical\" href=\"https:\/\/alit-tech.com\/pl\/srodki-do-odlakierowywania\/preparaty-do-usuwania-farby-na-goraco\/\" \/>\n<meta property=\"og:locale\" content=\"pl_PL\" \/>\n<meta property=\"og:type\" content=\"article\" \/>\n<meta property=\"og:title\" content=\"Preparaty do usuwania farby na gor\u0105co - ALIT Technologies\" \/>\n<meta property=\"og:description\" content=\"Preparaty ALIT do usuwania farby na gor\u0105co \u2013 skuteczne \u015brodki do termicznego odlakierowywania aluminium, stali i lekkich stop\u00f3w. Idealne do zanurze\u0144.\" \/>\n<meta property=\"og:url\" content=\"https:\/\/alit-tech.com\/pl\/srodki-do-odlakierowywania\/preparaty-do-usuwania-farby-na-goraco\/\" \/>\n<meta property=\"og:site_name\" content=\"Alit technologies Spa\" \/>\n<meta property=\"article:modified_time\" content=\"2025-07-22T12:12:17+00:00\" \/>\n<meta property=\"og:image\" content=\"https:\/\/alit-tech.com\/wp-content\/uploads\/2024\/10\/Svernicianti.webp\" \/>\n\t<meta property=\"og:image:width\" content=\"1276\" \/>\n\t<meta property=\"og:image:height\" content=\"850\" \/>\n\t<meta property=\"og:image:type\" content=\"image\/webp\" \/>\n<meta name=\"twitter:card\" content=\"summary_large_image\" \/>\n<meta name=\"twitter:label1\" content=\"Szacowany czas czytania\" \/>\n\t<meta name=\"twitter:data1\" content=\"1 minuta\" \/>\n<script type=\"application\/ld+json\" class=\"yoast-schema-graph\">{\"@context\":\"https:\/\/schema.org\",\"@graph\":[{\"@type\":\"WebPage\",\"@id\":\"https:\/\/alit-tech.com\/pl\/srodki-do-odlakierowywania\/preparaty-do-usuwania-farby-na-goraco\/\",\"url\":\"https:\/\/alit-tech.com\/pl\/srodki-do-odlakierowywania\/preparaty-do-usuwania-farby-na-goraco\/\",\"name\":\"Preparaty do usuwania farby na gor\u0105co - ALIT Technologies\",\"isPartOf\":{\"@id\":\"https:\/\/alit-tech.com\/it\/#website\"},\"primaryImageOfPage\":{\"@id\":\"https:\/\/alit-tech.com\/pl\/srodki-do-odlakierowywania\/preparaty-do-usuwania-farby-na-goraco\/#primaryimage\"},\"image\":{\"@id\":\"https:\/\/alit-tech.com\/pl\/srodki-do-odlakierowywania\/preparaty-do-usuwania-farby-na-goraco\/#primaryimage\"},\"thumbnailUrl\":\"https:\/\/alit-tech.com\/wp-content\/uploads\/2024\/10\/Svernicianti.webp\",\"datePublished\":\"2024-10-03T16:05:20+00:00\",\"dateModified\":\"2025-07-22T12:12:17+00:00\",\"description\":\"Preparaty ALIT do usuwania farby na gor\u0105co \u2013 skuteczne \u015brodki do termicznego odlakierowywania aluminium, stali i lekkich stop\u00f3w. Idealne do zanurze\u0144.\",\"breadcrumb\":{\"@id\":\"https:\/\/alit-tech.com\/pl\/srodki-do-odlakierowywania\/preparaty-do-usuwania-farby-na-goraco\/#breadcrumb\"},\"inLanguage\":\"pl-PL\",\"potentialAction\":[{\"@type\":\"ReadAction\",\"target\":[\"https:\/\/alit-tech.com\/pl\/srodki-do-odlakierowywania\/preparaty-do-usuwania-farby-na-goraco\/\"]}]},{\"@type\":\"ImageObject\",\"inLanguage\":\"pl-PL\",\"@id\":\"https:\/\/alit-tech.com\/pl\/srodki-do-odlakierowywania\/preparaty-do-usuwania-farby-na-goraco\/#primaryimage\",\"url\":\"https:\/\/alit-tech.com\/wp-content\/uploads\/2024\/10\/Svernicianti.webp\",\"contentUrl\":\"https:\/\/alit-tech.com\/wp-content\/uploads\/2024\/10\/Svernicianti.webp\",\"width\":1276,\"height\":850},{\"@type\":\"BreadcrumbList\",\"@id\":\"https:\/\/alit-tech.com\/pl\/srodki-do-odlakierowywania\/preparaty-do-usuwania-farby-na-goraco\/#breadcrumb\",\"itemListElement\":[{\"@type\":\"ListItem\",\"position\":1,\"name\":\"Home\",\"item\":\"https:\/\/alit-tech.com\/pl\/\"},{\"@type\":\"ListItem\",\"position\":2,\"name\":\"\u015arodki do odlakierowywania\",\"item\":\"https:\/\/alit-tech.com\/pl\/srodki-do-odlakierowywania\/\"},{\"@type\":\"ListItem\",\"position\":3,\"name\":\"Preparaty do usuwania farby na gor\u0105co\"}]},{\"@type\":\"WebSite\",\"@id\":\"https:\/\/alit-tech.com\/it\/#website\",\"url\":\"https:\/\/alit-tech.com\/it\/\",\"name\":\"Alit technologies Spa\",\"description\":\"\",\"potentialAction\":[{\"@type\":\"SearchAction\",\"target\":{\"@type\":\"EntryPoint\",\"urlTemplate\":\"https:\/\/alit-tech.com\/it\/?s={search_term_string}\"},\"query-input\":\"required name=search_term_string\"}],\"inLanguage\":\"pl-PL\"}]}<\/script>\n<!-- \/ Yoast SEO plugin. -->","yoast_head_json":{"title":"Preparaty do usuwania farby na gor\u0105co - ALIT Technologies","description":"Preparaty ALIT do usuwania farby na gor\u0105co \u2013 skuteczne \u015brodki do termicznego odlakierowywania aluminium, stali i lekkich stop\u00f3w. Idealne do zanurze\u0144.","robots":{"index":"index","follow":"follow","max-snippet":"max-snippet:-1","max-image-preview":"max-image-preview:large","max-video-preview":"max-video-preview:-1"},"canonical":"https:\/\/alit-tech.com\/pl\/srodki-do-odlakierowywania\/preparaty-do-usuwania-farby-na-goraco\/","og_locale":"pl_PL","og_type":"article","og_title":"Preparaty do usuwania farby na gor\u0105co - ALIT Technologies","og_description":"Preparaty ALIT do usuwania farby na gor\u0105co \u2013 skuteczne \u015brodki do termicznego odlakierowywania aluminium, stali i lekkich stop\u00f3w. Idealne do zanurze\u0144.","og_url":"https:\/\/alit-tech.com\/pl\/srodki-do-odlakierowywania\/preparaty-do-usuwania-farby-na-goraco\/","og_site_name":"Alit technologies Spa","article_modified_time":"2025-07-22T12:12:17+00:00","og_image":[{"width":1276,"height":850,"url":"https:\/\/alit-tech.com\/wp-content\/uploads\/2024\/10\/Svernicianti.webp","type":"image\/webp"}],"twitter_card":"summary_large_image","twitter_misc":{"Szacowany czas czytania":"1 minuta"},"schema":{"@context":"https:\/\/schema.org","@graph":[{"@type":"WebPage","@id":"https:\/\/alit-tech.com\/pl\/srodki-do-odlakierowywania\/preparaty-do-usuwania-farby-na-goraco\/","url":"https:\/\/alit-tech.com\/pl\/srodki-do-odlakierowywania\/preparaty-do-usuwania-farby-na-goraco\/","name":"Preparaty do usuwania farby na gor\u0105co - ALIT Technologies","isPartOf":{"@id":"https:\/\/alit-tech.com\/it\/#website"},"primaryImageOfPage":{"@id":"https:\/\/alit-tech.com\/pl\/srodki-do-odlakierowywania\/preparaty-do-usuwania-farby-na-goraco\/#primaryimage"},"image":{"@id":"https:\/\/alit-tech.com\/pl\/srodki-do-odlakierowywania\/preparaty-do-usuwania-farby-na-goraco\/#primaryimage"},"thumbnailUrl":"https:\/\/alit-tech.com\/wp-content\/uploads\/2024\/10\/Svernicianti.webp","datePublished":"2024-10-03T16:05:20+00:00","dateModified":"2025-07-22T12:12:17+00:00","description":"Preparaty ALIT do usuwania farby na gor\u0105co \u2013 skuteczne \u015brodki do termicznego odlakierowywania aluminium, stali i lekkich stop\u00f3w. Idealne do zanurze\u0144.","breadcrumb":{"@id":"https:\/\/alit-tech.com\/pl\/srodki-do-odlakierowywania\/preparaty-do-usuwania-farby-na-goraco\/#breadcrumb"},"inLanguage":"pl-PL","potentialAction":[{"@type":"ReadAction","target":["https:\/\/alit-tech.com\/pl\/srodki-do-odlakierowywania\/preparaty-do-usuwania-farby-na-goraco\/"]}]},{"@type":"ImageObject","inLanguage":"pl-PL","@id":"https:\/\/alit-tech.com\/pl\/srodki-do-odlakierowywania\/preparaty-do-usuwania-farby-na-goraco\/#primaryimage","url":"https:\/\/alit-tech.com\/wp-content\/uploads\/2024\/10\/Svernicianti.webp","contentUrl":"https:\/\/alit-tech.com\/wp-content\/uploads\/2024\/10\/Svernicianti.webp","width":1276,"height":850},{"@type":"BreadcrumbList","@id":"https:\/\/alit-tech.com\/pl\/srodki-do-odlakierowywania\/preparaty-do-usuwania-farby-na-goraco\/#breadcrumb","itemListElement":[{"@type":"ListItem","position":1,"name":"Home","item":"https:\/\/alit-tech.com\/pl\/"},{"@type":"ListItem","position":2,"name":"\u015arodki do odlakierowywania","item":"https:\/\/alit-tech.com\/pl\/srodki-do-odlakierowywania\/"},{"@type":"ListItem","position":3,"name":"Preparaty do usuwania farby na gor\u0105co"}]},{"@type":"WebSite","@id":"https:\/\/alit-tech.com\/it\/#website","url":"https:\/\/alit-tech.com\/it\/","name":"Alit technologies Spa","description":"","potentialAction":[{"@type":"SearchAction","target":{"@type":"EntryPoint","urlTemplate":"https:\/\/alit-tech.com\/it\/?s={search_term_string}"},"query-input":"required name=search_term_string"}],"inLanguage":"pl-PL"}]}},"_links":{"self":[{"href":"https:\/\/alit-tech.com\/pl\/wp-json\/wp\/v2\/pages\/15579"}],"collection":[{"href":"https:\/\/alit-tech.com\/pl\/wp-json\/wp\/v2\/pages"}],"about":[{"href":"https:\/\/alit-tech.com\/pl\/wp-json\/wp\/v2\/types\/page"}],"author":[{"embeddable":true,"href":"https:\/\/alit-tech.com\/pl\/wp-json\/wp\/v2\/users\/1"}],"replies":[{"embeddable":true,"href":"https:\/\/alit-tech.com\/pl\/wp-json\/wp\/v2\/comments?post=15579"}],"version-history":[{"count":3,"href":"https:\/\/alit-tech.com\/pl\/wp-json\/wp\/v2\/pages\/15579\/revisions"}],"predecessor-version":[{"id":15709,"href":"https:\/\/alit-tech.com\/pl\/wp-json\/wp\/v2\/pages\/15579\/revisions\/15709"}],"up":[{"embeddable":true,"href":"https:\/\/alit-tech.com\/pl\/wp-json\/wp\/v2\/pages\/11041"}],"wp:featuredmedia":[{"embeddable":true,"href":"https:\/\/alit-tech.com\/pl\/wp-json\/wp\/v2\/media\/12706"}],"wp:attachment":[{"href":"https:\/\/alit-tech.com\/pl\/wp-json\/wp\/v2\/media?parent=15579"}],"curies":[{"name":"wp","href":"https:\/\/api.w.org\/{rel}","templated":true}]}}