{"id":15583,"date":"2024-10-03T18:17:59","date_gmt":"2024-10-03T16:17:59","guid":{"rendered":"https:\/\/alit-tech.com\/srodki-do-odlakierowywania\/svernicianti-a-freddo\/"},"modified":"2025-07-22T14:21:10","modified_gmt":"2025-07-22T12:21:10","slug":"preparaty-do-usuwania-farby-na-zimno","status":"publish","type":"page","link":"https:\/\/alit-tech.com\/pl\/srodki-do-odlakierowywania\/preparaty-do-usuwania-farby-na-zimno\/","title":{"rendered":"Preparaty do usuwania farby na zimno"},"content":{"rendered":"\n<p>Preparaty do usuwania farby na zimno od ALIT Technologies zosta\u0142y opracowane z my\u015bl\u0105 o skutecznym usuwaniu farby przy pracy w \u015brednich i niskich temperaturach. Idealne do zastosowa\u0144, w kt\u00f3rych kluczowe jest precyzyjne kontrolowanie temperatury, zapewniaj\u0105 wysok\u0105 efektywno\u015b\u0107 i bezpiecze\u0144stwo, minimalizuj\u0105c ryzyko dla operator\u00f3w oraz ograniczaj\u0105c wp\u0142yw na \u015brodowisko. Produkty do stosowania na zimno doskonale sprawdzaj\u0105 si\u0119 w bran\u017cach wymagaj\u0105cych precyzji i delikatno\u015bci w procesach usuwania farby, zachowuj\u0105c integralno\u015b\u0107 obrabianych materia\u0142\u00f3w.<\/p>\n","protected":false},"excerpt":{"rendered":"<p>Preparaty do usuwania farby na zimno od ALIT Technologies zosta\u0142y opracowane z my\u015bl\u0105 o skutecznym usuwaniu farby przy pracy w \u015brednich i niskich temperaturach. Idealne do zastosowa\u0144, w kt\u00f3rych kluczowe jest precyzyjne kontrolowanie temperatury, zapewniaj\u0105 wysok\u0105 efektywno\u015b\u0107 i bezpiecze\u0144stwo, minimalizuj\u0105c ryzyko dla operator\u00f3w oraz ograniczaj\u0105c wp\u0142yw na \u015brodowisko. Produkty do stosowania na zimno doskonale sprawdzaj\u0105 [&hellip;]<\/p>\n","protected":false},"author":1,"featured_media":12718,"parent":11041,"menu_order":0,"comment_status":"closed","ping_status":"closed","template":"template-pages\/07_chemical_category.php","meta":{"_acf_changed":false,"footnotes":""},"class_list":["post-15583","page","type-page","status-publish","has-post-thumbnail","hentry"],"acf":[],"yoast_head":"<!-- This site is optimized with the Yoast SEO plugin v23.1 - https:\/\/yoast.com\/wordpress\/plugins\/seo\/ -->\n<title>Preparaty do usuwania farby na zimno - \u015arodki odlakierowuj\u0105ce<\/title>\n<meta name=\"description\" content=\"Profesjonalne \u015brodki do zimnego usuwania farby z aluminium, stali i metali lekkich. Skuteczne preparaty \u017celowe i p\u0142ynne do zastosowa\u0144 przemys\u0142owych.\" \/>\n<meta name=\"robots\" content=\"index, follow, max-snippet:-1, max-image-preview:large, max-video-preview:-1\" \/>\n<link rel=\"canonical\" href=\"https:\/\/alit-tech.com\/pl\/srodki-do-odlakierowywania\/preparaty-do-usuwania-farby-na-zimno\/\" \/>\n<meta property=\"og:locale\" content=\"pl_PL\" \/>\n<meta property=\"og:type\" content=\"article\" \/>\n<meta property=\"og:title\" content=\"Preparaty do usuwania farby na zimno - \u015arodki odlakierowuj\u0105ce\" \/>\n<meta property=\"og:description\" content=\"Profesjonalne \u015brodki do zimnego usuwania farby z aluminium, stali i metali lekkich. Skuteczne preparaty \u017celowe i p\u0142ynne do zastosowa\u0144 przemys\u0142owych.\" \/>\n<meta property=\"og:url\" content=\"https:\/\/alit-tech.com\/pl\/srodki-do-odlakierowywania\/preparaty-do-usuwania-farby-na-zimno\/\" \/>\n<meta property=\"og:site_name\" content=\"Alit technologies Spa\" \/>\n<meta property=\"article:modified_time\" content=\"2025-07-22T12:21:10+00:00\" \/>\n<meta property=\"og:image\" content=\"https:\/\/alit-tech.com\/wp-content\/uploads\/2024\/10\/sverniciatura-a-freddo.webp\" \/>\n\t<meta property=\"og:image:width\" content=\"1276\" \/>\n\t<meta property=\"og:image:height\" content=\"850\" \/>\n\t<meta property=\"og:image:type\" content=\"image\/webp\" \/>\n<meta name=\"twitter:card\" content=\"summary_large_image\" \/>\n<meta name=\"twitter:label1\" content=\"Szacowany czas czytania\" \/>\n\t<meta name=\"twitter:data1\" content=\"1 minuta\" \/>\n<script type=\"application\/ld+json\" class=\"yoast-schema-graph\">{\"@context\":\"https:\/\/schema.org\",\"@graph\":[{\"@type\":\"WebPage\",\"@id\":\"https:\/\/alit-tech.com\/pl\/srodki-do-odlakierowywania\/preparaty-do-usuwania-farby-na-zimno\/\",\"url\":\"https:\/\/alit-tech.com\/pl\/srodki-do-odlakierowywania\/preparaty-do-usuwania-farby-na-zimno\/\",\"name\":\"Preparaty do usuwania farby na zimno - \u015arodki odlakierowuj\u0105ce\",\"isPartOf\":{\"@id\":\"https:\/\/alit-tech.com\/it\/#website\"},\"primaryImageOfPage\":{\"@id\":\"https:\/\/alit-tech.com\/pl\/srodki-do-odlakierowywania\/preparaty-do-usuwania-farby-na-zimno\/#primaryimage\"},\"image\":{\"@id\":\"https:\/\/alit-tech.com\/pl\/srodki-do-odlakierowywania\/preparaty-do-usuwania-farby-na-zimno\/#primaryimage\"},\"thumbnailUrl\":\"https:\/\/alit-tech.com\/wp-content\/uploads\/2024\/10\/sverniciatura-a-freddo.webp\",\"datePublished\":\"2024-10-03T16:17:59+00:00\",\"dateModified\":\"2025-07-22T12:21:10+00:00\",\"description\":\"Profesjonalne \u015brodki do zimnego usuwania farby z aluminium, stali i metali lekkich. Skuteczne preparaty \u017celowe i p\u0142ynne do zastosowa\u0144 przemys\u0142owych.\",\"breadcrumb\":{\"@id\":\"https:\/\/alit-tech.com\/pl\/srodki-do-odlakierowywania\/preparaty-do-usuwania-farby-na-zimno\/#breadcrumb\"},\"inLanguage\":\"pl-PL\",\"potentialAction\":[{\"@type\":\"ReadAction\",\"target\":[\"https:\/\/alit-tech.com\/pl\/srodki-do-odlakierowywania\/preparaty-do-usuwania-farby-na-zimno\/\"]}]},{\"@type\":\"ImageObject\",\"inLanguage\":\"pl-PL\",\"@id\":\"https:\/\/alit-tech.com\/pl\/srodki-do-odlakierowywania\/preparaty-do-usuwania-farby-na-zimno\/#primaryimage\",\"url\":\"https:\/\/alit-tech.com\/wp-content\/uploads\/2024\/10\/sverniciatura-a-freddo.webp\",\"contentUrl\":\"https:\/\/alit-tech.com\/wp-content\/uploads\/2024\/10\/sverniciatura-a-freddo.webp\",\"width\":1276,\"height\":850},{\"@type\":\"BreadcrumbList\",\"@id\":\"https:\/\/alit-tech.com\/pl\/srodki-do-odlakierowywania\/preparaty-do-usuwania-farby-na-zimno\/#breadcrumb\",\"itemListElement\":[{\"@type\":\"ListItem\",\"position\":1,\"name\":\"Home\",\"item\":\"https:\/\/alit-tech.com\/pl\/\"},{\"@type\":\"ListItem\",\"position\":2,\"name\":\"\u015arodki do odlakierowywania\",\"item\":\"https:\/\/alit-tech.com\/pl\/srodki-do-odlakierowywania\/\"},{\"@type\":\"ListItem\",\"position\":3,\"name\":\"Preparaty do usuwania farby na zimno\"}]},{\"@type\":\"WebSite\",\"@id\":\"https:\/\/alit-tech.com\/it\/#website\",\"url\":\"https:\/\/alit-tech.com\/it\/\",\"name\":\"Alit technologies Spa\",\"description\":\"\",\"potentialAction\":[{\"@type\":\"SearchAction\",\"target\":{\"@type\":\"EntryPoint\",\"urlTemplate\":\"https:\/\/alit-tech.com\/it\/?s={search_term_string}\"},\"query-input\":\"required name=search_term_string\"}],\"inLanguage\":\"pl-PL\"}]}<\/script>\n<!-- \/ Yoast SEO plugin. -->","yoast_head_json":{"title":"Preparaty do usuwania farby na zimno - \u015arodki odlakierowuj\u0105ce","description":"Profesjonalne \u015brodki do zimnego usuwania farby z aluminium, stali i metali lekkich. Skuteczne preparaty \u017celowe i p\u0142ynne do zastosowa\u0144 przemys\u0142owych.","robots":{"index":"index","follow":"follow","max-snippet":"max-snippet:-1","max-image-preview":"max-image-preview:large","max-video-preview":"max-video-preview:-1"},"canonical":"https:\/\/alit-tech.com\/pl\/srodki-do-odlakierowywania\/preparaty-do-usuwania-farby-na-zimno\/","og_locale":"pl_PL","og_type":"article","og_title":"Preparaty do usuwania farby na zimno - \u015arodki odlakierowuj\u0105ce","og_description":"Profesjonalne \u015brodki do zimnego usuwania farby z aluminium, stali i metali lekkich. Skuteczne preparaty \u017celowe i p\u0142ynne do zastosowa\u0144 przemys\u0142owych.","og_url":"https:\/\/alit-tech.com\/pl\/srodki-do-odlakierowywania\/preparaty-do-usuwania-farby-na-zimno\/","og_site_name":"Alit technologies Spa","article_modified_time":"2025-07-22T12:21:10+00:00","og_image":[{"width":1276,"height":850,"url":"https:\/\/alit-tech.com\/wp-content\/uploads\/2024\/10\/sverniciatura-a-freddo.webp","type":"image\/webp"}],"twitter_card":"summary_large_image","twitter_misc":{"Szacowany czas czytania":"1 minuta"},"schema":{"@context":"https:\/\/schema.org","@graph":[{"@type":"WebPage","@id":"https:\/\/alit-tech.com\/pl\/srodki-do-odlakierowywania\/preparaty-do-usuwania-farby-na-zimno\/","url":"https:\/\/alit-tech.com\/pl\/srodki-do-odlakierowywania\/preparaty-do-usuwania-farby-na-zimno\/","name":"Preparaty do usuwania farby na zimno - \u015arodki odlakierowuj\u0105ce","isPartOf":{"@id":"https:\/\/alit-tech.com\/it\/#website"},"primaryImageOfPage":{"@id":"https:\/\/alit-tech.com\/pl\/srodki-do-odlakierowywania\/preparaty-do-usuwania-farby-na-zimno\/#primaryimage"},"image":{"@id":"https:\/\/alit-tech.com\/pl\/srodki-do-odlakierowywania\/preparaty-do-usuwania-farby-na-zimno\/#primaryimage"},"thumbnailUrl":"https:\/\/alit-tech.com\/wp-content\/uploads\/2024\/10\/sverniciatura-a-freddo.webp","datePublished":"2024-10-03T16:17:59+00:00","dateModified":"2025-07-22T12:21:10+00:00","description":"Profesjonalne \u015brodki do zimnego usuwania farby z aluminium, stali i metali lekkich. Skuteczne preparaty \u017celowe i p\u0142ynne do zastosowa\u0144 przemys\u0142owych.","breadcrumb":{"@id":"https:\/\/alit-tech.com\/pl\/srodki-do-odlakierowywania\/preparaty-do-usuwania-farby-na-zimno\/#breadcrumb"},"inLanguage":"pl-PL","potentialAction":[{"@type":"ReadAction","target":["https:\/\/alit-tech.com\/pl\/srodki-do-odlakierowywania\/preparaty-do-usuwania-farby-na-zimno\/"]}]},{"@type":"ImageObject","inLanguage":"pl-PL","@id":"https:\/\/alit-tech.com\/pl\/srodki-do-odlakierowywania\/preparaty-do-usuwania-farby-na-zimno\/#primaryimage","url":"https:\/\/alit-tech.com\/wp-content\/uploads\/2024\/10\/sverniciatura-a-freddo.webp","contentUrl":"https:\/\/alit-tech.com\/wp-content\/uploads\/2024\/10\/sverniciatura-a-freddo.webp","width":1276,"height":850},{"@type":"BreadcrumbList","@id":"https:\/\/alit-tech.com\/pl\/srodki-do-odlakierowywania\/preparaty-do-usuwania-farby-na-zimno\/#breadcrumb","itemListElement":[{"@type":"ListItem","position":1,"name":"Home","item":"https:\/\/alit-tech.com\/pl\/"},{"@type":"ListItem","position":2,"name":"\u015arodki do odlakierowywania","item":"https:\/\/alit-tech.com\/pl\/srodki-do-odlakierowywania\/"},{"@type":"ListItem","position":3,"name":"Preparaty do usuwania farby na zimno"}]},{"@type":"WebSite","@id":"https:\/\/alit-tech.com\/it\/#website","url":"https:\/\/alit-tech.com\/it\/","name":"Alit technologies Spa","description":"","potentialAction":[{"@type":"SearchAction","target":{"@type":"EntryPoint","urlTemplate":"https:\/\/alit-tech.com\/it\/?s={search_term_string}"},"query-input":"required name=search_term_string"}],"inLanguage":"pl-PL"}]}},"_links":{"self":[{"href":"https:\/\/alit-tech.com\/pl\/wp-json\/wp\/v2\/pages\/15583"}],"collection":[{"href":"https:\/\/alit-tech.com\/pl\/wp-json\/wp\/v2\/pages"}],"about":[{"href":"https:\/\/alit-tech.com\/pl\/wp-json\/wp\/v2\/types\/page"}],"author":[{"embeddable":true,"href":"https:\/\/alit-tech.com\/pl\/wp-json\/wp\/v2\/users\/1"}],"replies":[{"embeddable":true,"href":"https:\/\/alit-tech.com\/pl\/wp-json\/wp\/v2\/comments?post=15583"}],"version-history":[{"count":2,"href":"https:\/\/alit-tech.com\/pl\/wp-json\/wp\/v2\/pages\/15583\/revisions"}],"predecessor-version":[{"id":15710,"href":"https:\/\/alit-tech.com\/pl\/wp-json\/wp\/v2\/pages\/15583\/revisions\/15710"}],"up":[{"embeddable":true,"href":"https:\/\/alit-tech.com\/pl\/wp-json\/wp\/v2\/pages\/11041"}],"wp:featuredmedia":[{"embeddable":true,"href":"https:\/\/alit-tech.com\/pl\/wp-json\/wp\/v2\/media\/12718"}],"wp:attachment":[{"href":"https:\/\/alit-tech.com\/pl\/wp-json\/wp\/v2\/media?parent=15583"}],"curies":[{"name":"wp","href":"https:\/\/api.w.org\/{rel}","templated":true}]}}