{"id":15586,"date":"2024-10-03T18:33:05","date_gmt":"2024-10-03T16:33:05","guid":{"rendered":"https:\/\/alit-tech.com\/srodki-do-odlakierowywania\/svernicianti-bifasici\/"},"modified":"2025-07-22T14:28:11","modified_gmt":"2025-07-22T12:28:11","slug":"svernicianti-bifasici","status":"publish","type":"page","link":"https:\/\/alit-tech.com\/pl\/srodki-do-odlakierowywania\/svernicianti-bifasici\/","title":{"rendered":"Dwufazowe preparaty do usuwania farb"},"content":{"rendered":"\n<p>Procesy usuwania farby w technologii dwufazowej firmy ALIT Technologies \u0142\u0105cz\u0105 zastosowanie dw\u00f3ch r\u00f3\u017cnych produkt\u00f3w chemicznych, aby zapewni\u0107 ca\u0142kowite usuni\u0119cie farby. Produkty te zosta\u0142y zaprojektowane z my\u015bl\u0105 o wysokiej precyzji oraz zminimalizowanym wp\u0142ywie na \u015brodowisko, co sprawia, \u017ce s\u0105 idealne dla bran\u017c przemys\u0142owych, kt\u00f3re wymagaj\u0105 zar\u00f3wno skuteczno\u015bci, jak i zr\u00f3wnowa\u017conego rozwoju.\u202f Nasze dwufazowe rozwi\u0105zania doskonale sprawdzaj\u0105 si\u0119 w skomplikowanych zastosowaniach, zapewniaj\u0105c doskona\u0142e i bezpieczne rezultaty, zmniejszaj\u0105c ryzyko operacyjne i negatywny wp\u0142yw na \u015brodowisko zwi\u0105zany z obecno\u015bci\u0105 wody. Procesy te wymagaj\u0105 zbiornika wyposa\u017conego w skuteczny system mieszania. Nie nadaj\u0105 si\u0119 do zbiornik\u00f3w statycznych ani ultrad\u017awi\u0119kowych.<\/p>\n","protected":false},"excerpt":{"rendered":"<p>Procesy usuwania farby w technologii dwufazowej firmy ALIT Technologies \u0142\u0105cz\u0105 zastosowanie dw\u00f3ch r\u00f3\u017cnych produkt\u00f3w chemicznych, aby zapewni\u0107 ca\u0142kowite usuni\u0119cie farby. Produkty te zosta\u0142y zaprojektowane z my\u015bl\u0105 o wysokiej precyzji oraz zminimalizowanym wp\u0142ywie na \u015brodowisko, co sprawia, \u017ce s\u0105 idealne dla bran\u017c przemys\u0142owych, kt\u00f3re wymagaj\u0105 zar\u00f3wno skuteczno\u015bci, jak i zr\u00f3wnowa\u017conego rozwoju.\u202f Nasze dwufazowe rozwi\u0105zania doskonale sprawdzaj\u0105 [&hellip;]<\/p>\n","protected":false},"author":1,"featured_media":12728,"parent":11041,"menu_order":0,"comment_status":"closed","ping_status":"closed","template":"template-pages\/07_chemical_category.php","meta":{"_acf_changed":false,"footnotes":""},"class_list":["post-15586","page","type-page","status-publish","has-post-thumbnail","hentry"],"acf":[],"yoast_head":"<!-- This site is optimized with the Yoast SEO plugin v23.1 - https:\/\/yoast.com\/wordpress\/plugins\/seo\/ -->\n<title>Dwufazowe preparaty do usuwania farb<\/title>\n<meta name=\"description\" content=\"Zaawansowane rozwi\u0105zania do usuwania farby w procesach dwufazowych, idealne do szerokiego zakresu zastosowa\u0144 przemys\u0142owych. Odwied\u017a witryn\u0119\" \/>\n<meta name=\"robots\" content=\"index, follow, max-snippet:-1, max-image-preview:large, max-video-preview:-1\" \/>\n<link rel=\"canonical\" href=\"https:\/\/alit-tech.com\/pl\/srodki-do-odlakierowywania\/svernicianti-bifasici\/\" \/>\n<meta property=\"og:locale\" content=\"pl_PL\" \/>\n<meta property=\"og:type\" content=\"article\" \/>\n<meta property=\"og:title\" content=\"Dwufazowe preparaty do usuwania farb\" \/>\n<meta property=\"og:description\" content=\"Zaawansowane rozwi\u0105zania do usuwania farby w procesach dwufazowych, idealne do szerokiego zakresu zastosowa\u0144 przemys\u0142owych. Odwied\u017a witryn\u0119\" \/>\n<meta property=\"og:url\" content=\"https:\/\/alit-tech.com\/pl\/srodki-do-odlakierowywania\/svernicianti-bifasici\/\" \/>\n<meta property=\"og:site_name\" content=\"Alit technologies Spa\" \/>\n<meta property=\"article:modified_time\" content=\"2025-07-22T12:28:11+00:00\" \/>\n<meta property=\"og:image\" content=\"https:\/\/alit-tech.com\/wp-content\/uploads\/2024\/10\/Svernicianti-BIFASICI.webp\" \/>\n\t<meta property=\"og:image:width\" content=\"983\" \/>\n\t<meta property=\"og:image:height\" content=\"589\" \/>\n\t<meta property=\"og:image:type\" content=\"image\/webp\" \/>\n<meta name=\"twitter:card\" content=\"summary_large_image\" \/>\n<meta name=\"twitter:label1\" content=\"Szacowany czas czytania\" \/>\n\t<meta name=\"twitter:data1\" content=\"1 minuta\" \/>\n<script type=\"application\/ld+json\" class=\"yoast-schema-graph\">{\"@context\":\"https:\/\/schema.org\",\"@graph\":[{\"@type\":\"WebPage\",\"@id\":\"https:\/\/alit-tech.com\/pl\/srodki-do-odlakierowywania\/svernicianti-bifasici\/\",\"url\":\"https:\/\/alit-tech.com\/pl\/srodki-do-odlakierowywania\/svernicianti-bifasici\/\",\"name\":\"Dwufazowe preparaty do usuwania farb\",\"isPartOf\":{\"@id\":\"https:\/\/alit-tech.com\/it\/#website\"},\"primaryImageOfPage\":{\"@id\":\"https:\/\/alit-tech.com\/pl\/srodki-do-odlakierowywania\/svernicianti-bifasici\/#primaryimage\"},\"image\":{\"@id\":\"https:\/\/alit-tech.com\/pl\/srodki-do-odlakierowywania\/svernicianti-bifasici\/#primaryimage\"},\"thumbnailUrl\":\"https:\/\/alit-tech.com\/wp-content\/uploads\/2024\/10\/Svernicianti-BIFASICI.webp\",\"datePublished\":\"2024-10-03T16:33:05+00:00\",\"dateModified\":\"2025-07-22T12:28:11+00:00\",\"description\":\"Zaawansowane rozwi\u0105zania do usuwania farby w procesach dwufazowych, idealne do szerokiego zakresu zastosowa\u0144 przemys\u0142owych. Odwied\u017a witryn\u0119\",\"breadcrumb\":{\"@id\":\"https:\/\/alit-tech.com\/pl\/srodki-do-odlakierowywania\/svernicianti-bifasici\/#breadcrumb\"},\"inLanguage\":\"pl-PL\",\"potentialAction\":[{\"@type\":\"ReadAction\",\"target\":[\"https:\/\/alit-tech.com\/pl\/srodki-do-odlakierowywania\/svernicianti-bifasici\/\"]}]},{\"@type\":\"ImageObject\",\"inLanguage\":\"pl-PL\",\"@id\":\"https:\/\/alit-tech.com\/pl\/srodki-do-odlakierowywania\/svernicianti-bifasici\/#primaryimage\",\"url\":\"https:\/\/alit-tech.com\/wp-content\/uploads\/2024\/10\/Svernicianti-BIFASICI.webp\",\"contentUrl\":\"https:\/\/alit-tech.com\/wp-content\/uploads\/2024\/10\/Svernicianti-BIFASICI.webp\",\"width\":983,\"height\":589},{\"@type\":\"BreadcrumbList\",\"@id\":\"https:\/\/alit-tech.com\/pl\/srodki-do-odlakierowywania\/svernicianti-bifasici\/#breadcrumb\",\"itemListElement\":[{\"@type\":\"ListItem\",\"position\":1,\"name\":\"Home\",\"item\":\"https:\/\/alit-tech.com\/pl\/\"},{\"@type\":\"ListItem\",\"position\":2,\"name\":\"\u015arodki do odlakierowywania\",\"item\":\"https:\/\/alit-tech.com\/pl\/srodki-do-odlakierowywania\/\"},{\"@type\":\"ListItem\",\"position\":3,\"name\":\"Dwufazowe preparaty do usuwania farb\"}]},{\"@type\":\"WebSite\",\"@id\":\"https:\/\/alit-tech.com\/it\/#website\",\"url\":\"https:\/\/alit-tech.com\/it\/\",\"name\":\"Alit technologies Spa\",\"description\":\"\",\"potentialAction\":[{\"@type\":\"SearchAction\",\"target\":{\"@type\":\"EntryPoint\",\"urlTemplate\":\"https:\/\/alit-tech.com\/it\/?s={search_term_string}\"},\"query-input\":\"required name=search_term_string\"}],\"inLanguage\":\"pl-PL\"}]}<\/script>\n<!-- \/ Yoast SEO plugin. -->","yoast_head_json":{"title":"Dwufazowe preparaty do usuwania farb","description":"Zaawansowane rozwi\u0105zania do usuwania farby w procesach dwufazowych, idealne do szerokiego zakresu zastosowa\u0144 przemys\u0142owych. Odwied\u017a witryn\u0119","robots":{"index":"index","follow":"follow","max-snippet":"max-snippet:-1","max-image-preview":"max-image-preview:large","max-video-preview":"max-video-preview:-1"},"canonical":"https:\/\/alit-tech.com\/pl\/srodki-do-odlakierowywania\/svernicianti-bifasici\/","og_locale":"pl_PL","og_type":"article","og_title":"Dwufazowe preparaty do usuwania farb","og_description":"Zaawansowane rozwi\u0105zania do usuwania farby w procesach dwufazowych, idealne do szerokiego zakresu zastosowa\u0144 przemys\u0142owych. Odwied\u017a witryn\u0119","og_url":"https:\/\/alit-tech.com\/pl\/srodki-do-odlakierowywania\/svernicianti-bifasici\/","og_site_name":"Alit technologies Spa","article_modified_time":"2025-07-22T12:28:11+00:00","og_image":[{"width":983,"height":589,"url":"https:\/\/alit-tech.com\/wp-content\/uploads\/2024\/10\/Svernicianti-BIFASICI.webp","type":"image\/webp"}],"twitter_card":"summary_large_image","twitter_misc":{"Szacowany czas czytania":"1 minuta"},"schema":{"@context":"https:\/\/schema.org","@graph":[{"@type":"WebPage","@id":"https:\/\/alit-tech.com\/pl\/srodki-do-odlakierowywania\/svernicianti-bifasici\/","url":"https:\/\/alit-tech.com\/pl\/srodki-do-odlakierowywania\/svernicianti-bifasici\/","name":"Dwufazowe preparaty do usuwania farb","isPartOf":{"@id":"https:\/\/alit-tech.com\/it\/#website"},"primaryImageOfPage":{"@id":"https:\/\/alit-tech.com\/pl\/srodki-do-odlakierowywania\/svernicianti-bifasici\/#primaryimage"},"image":{"@id":"https:\/\/alit-tech.com\/pl\/srodki-do-odlakierowywania\/svernicianti-bifasici\/#primaryimage"},"thumbnailUrl":"https:\/\/alit-tech.com\/wp-content\/uploads\/2024\/10\/Svernicianti-BIFASICI.webp","datePublished":"2024-10-03T16:33:05+00:00","dateModified":"2025-07-22T12:28:11+00:00","description":"Zaawansowane rozwi\u0105zania do usuwania farby w procesach dwufazowych, idealne do szerokiego zakresu zastosowa\u0144 przemys\u0142owych. Odwied\u017a witryn\u0119","breadcrumb":{"@id":"https:\/\/alit-tech.com\/pl\/srodki-do-odlakierowywania\/svernicianti-bifasici\/#breadcrumb"},"inLanguage":"pl-PL","potentialAction":[{"@type":"ReadAction","target":["https:\/\/alit-tech.com\/pl\/srodki-do-odlakierowywania\/svernicianti-bifasici\/"]}]},{"@type":"ImageObject","inLanguage":"pl-PL","@id":"https:\/\/alit-tech.com\/pl\/srodki-do-odlakierowywania\/svernicianti-bifasici\/#primaryimage","url":"https:\/\/alit-tech.com\/wp-content\/uploads\/2024\/10\/Svernicianti-BIFASICI.webp","contentUrl":"https:\/\/alit-tech.com\/wp-content\/uploads\/2024\/10\/Svernicianti-BIFASICI.webp","width":983,"height":589},{"@type":"BreadcrumbList","@id":"https:\/\/alit-tech.com\/pl\/srodki-do-odlakierowywania\/svernicianti-bifasici\/#breadcrumb","itemListElement":[{"@type":"ListItem","position":1,"name":"Home","item":"https:\/\/alit-tech.com\/pl\/"},{"@type":"ListItem","position":2,"name":"\u015arodki do odlakierowywania","item":"https:\/\/alit-tech.com\/pl\/srodki-do-odlakierowywania\/"},{"@type":"ListItem","position":3,"name":"Dwufazowe preparaty do usuwania farb"}]},{"@type":"WebSite","@id":"https:\/\/alit-tech.com\/it\/#website","url":"https:\/\/alit-tech.com\/it\/","name":"Alit technologies Spa","description":"","potentialAction":[{"@type":"SearchAction","target":{"@type":"EntryPoint","urlTemplate":"https:\/\/alit-tech.com\/it\/?s={search_term_string}"},"query-input":"required name=search_term_string"}],"inLanguage":"pl-PL"}]}},"_links":{"self":[{"href":"https:\/\/alit-tech.com\/pl\/wp-json\/wp\/v2\/pages\/15586"}],"collection":[{"href":"https:\/\/alit-tech.com\/pl\/wp-json\/wp\/v2\/pages"}],"about":[{"href":"https:\/\/alit-tech.com\/pl\/wp-json\/wp\/v2\/types\/page"}],"author":[{"embeddable":true,"href":"https:\/\/alit-tech.com\/pl\/wp-json\/wp\/v2\/users\/1"}],"replies":[{"embeddable":true,"href":"https:\/\/alit-tech.com\/pl\/wp-json\/wp\/v2\/comments?post=15586"}],"version-history":[{"count":2,"href":"https:\/\/alit-tech.com\/pl\/wp-json\/wp\/v2\/pages\/15586\/revisions"}],"predecessor-version":[{"id":15707,"href":"https:\/\/alit-tech.com\/pl\/wp-json\/wp\/v2\/pages\/15586\/revisions\/15707"}],"up":[{"embeddable":true,"href":"https:\/\/alit-tech.com\/pl\/wp-json\/wp\/v2\/pages\/11041"}],"wp:featuredmedia":[{"embeddable":true,"href":"https:\/\/alit-tech.com\/pl\/wp-json\/wp\/v2\/media\/12728"}],"wp:attachment":[{"href":"https:\/\/alit-tech.com\/pl\/wp-json\/wp\/v2\/media?parent=15586"}],"curies":[{"name":"wp","href":"https:\/\/api.w.org\/{rel}","templated":true}]}}