{"id":15603,"date":"2024-10-03T15:00:30","date_gmt":"2024-10-03T13:00:30","guid":{"rendered":"https:\/\/alit-tech.com\/srodki-do-odlakierowywania\/preparaty-do-sciagania-farby-pod-wplywem-ciepla-z-zelaza-i-stali\/metalstrip-2035-aktivator-2550\/"},"modified":"2025-07-22T14:06:47","modified_gmt":"2025-07-22T12:06:47","slug":"metalstrip-2035-aktivator-2550","status":"publish","type":"page","link":"https:\/\/alit-tech.com\/pl\/srodki-do-odlakierowywania\/preparaty-do-sciagania-farby-pod-wplywem-ciepla-z-zelaza-i-stali\/metalstrip-2035-aktivator-2550\/","title":{"rendered":"METALSTRIP 2035-AKTIVATOR 2550"},"content":{"rendered":"\n<p>Metalstrip 2035 to \u015brodek do usuwania pow\u0142ok lakierniczych na bazie wody, przeznaczony do usuwania pow\u0142ok lakierniczych z materia\u0142\u00f3w \u017celaznych i stop\u00f3w \u017celaza metod\u0105 zanurzeniow\u0105 na gor\u0105co. Mo\u017cna go r\u00f3wnie\u017c skutecznie stosowa\u0107 do usuwania pow\u0142oki z drewna. Nie zaleca si\u0119 stosowania na aluminium, stopach lekkich i materia\u0142ach ocynkowanych. Gotowy do u\u017cycia i niezawieraj\u0105cy w\u0119glowodor\u00f3w halogenowych Metalstrip 2035 oferuje bezpieczne i skuteczne rozwi\u0105zanie dla licznych zastosowa\u0144 przemys\u0142owych.<\/p>\n\n\n\n<div style=\"height:50px\" aria-hidden=\"true\" class=\"wp-block-spacer\"><\/div>\n\n\n\n<p><strong>Wymagania techniczne dotycz\u0105ce usuwania farby\u202f<\/strong><br>Materia\u0142y maj\u0105ce styczno\u015b\u0107 z produktem musz\u0105 by\u0107 wykonane ze stali w\u0119glowej lub nierdzewnej i w ka\u017cdym przypadku musz\u0105 by\u0107 odporne na dzia\u0142anie silnie alkalicznych roztwor\u00f3w. Zbiornik do usuwania farby mo\u017ce by\u0107 statyczny, jednak u\u017cycie mikser\u00f3w lub specjalnych pomp mieszaj\u0105cych zwi\u0119kszy wydajno\u015b\u0107 usuwania farby. Zastosowanie specjalnych system\u00f3w filtracyjnych pozwoli na oddzielenie osadu lakierniczego, co przed\u0142u\u017cy \u017cywotno\u015b\u0107 k\u0105pieli do usuwania farby.<\/p>\n\n\n\n<div style=\"height:50px\" aria-hidden=\"true\" class=\"wp-block-spacer\"><\/div>\n\n\n\n<p><strong>Kontrola k\u0105pieli do \u015bci\u0105gania farby<\/strong><br>Szczeg\u00f3\u0142owe instrukcje dotycz\u0105ce analizy produktu s\u0105 dost\u0119pne na \u017c\u0105danie. Regularne przeprowadzanie tego typu analiz pozwoli na optymalizacj\u0119 dzia\u0142ania produktu.<\/p>\n","protected":false},"excerpt":{"rendered":"<p>Metalstrip 2035 to \u015brodek do usuwania pow\u0142ok lakierniczych na bazie wody, przeznaczony do usuwania pow\u0142ok lakierniczych z materia\u0142\u00f3w \u017celaznych i stop\u00f3w \u017celaza metod\u0105 zanurzeniow\u0105 na gor\u0105co. Mo\u017cna go r\u00f3wnie\u017c skutecznie stosowa\u0107 do usuwania pow\u0142oki z drewna. Nie zaleca si\u0119 stosowania na aluminium, stopach lekkich i materia\u0142ach ocynkowanych. Gotowy do u\u017cycia i niezawieraj\u0105cy w\u0119glowodor\u00f3w halogenowych Metalstrip [&hellip;]<\/p>\n","protected":false},"author":1,"featured_media":12620,"parent":15539,"menu_order":0,"comment_status":"closed","ping_status":"closed","template":"template-pages\/08_chemical_cat_product.php","meta":{"_acf_changed":false,"footnotes":""},"class_list":["post-15603","page","type-page","status-publish","has-post-thumbnail","hentry"],"acf":[],"yoast_head":"<!-- This site is optimized with the Yoast SEO plugin v23.1 - https:\/\/yoast.com\/wordpress\/plugins\/seo\/ -->\n<title>Preparat to usuwania farby z \u017celaza - Metalstrip 2035<\/title>\n<meta name=\"description\" content=\"\u015arodek do usuwania pow\u0142ok lakierniczych na bazie wody, przeznaczony do usuwania pow\u0142ok lakierniczych z materia\u0142\u00f3w \u017celaznych i stop\u00f3w \u017celaza metod\u0105 zanurzeniow\u0105 na gor\u0105co.\" \/>\n<meta name=\"robots\" content=\"index, follow, max-snippet:-1, max-image-preview:large, max-video-preview:-1\" \/>\n<link rel=\"canonical\" href=\"https:\/\/alit-tech.com\/pl\/srodki-do-odlakierowywania\/preparaty-do-sciagania-farby-pod-wplywem-ciepla-z-zelaza-i-stali\/metalstrip-2035-aktivator-2550\/\" \/>\n<meta property=\"og:locale\" content=\"pl_PL\" \/>\n<meta property=\"og:type\" content=\"article\" \/>\n<meta property=\"og:title\" content=\"Preparat to usuwania farby z \u017celaza - Metalstrip 2035\" \/>\n<meta property=\"og:description\" content=\"\u015arodek do usuwania pow\u0142ok lakierniczych na bazie wody, przeznaczony do usuwania pow\u0142ok lakierniczych z materia\u0142\u00f3w \u017celaznych i stop\u00f3w \u017celaza metod\u0105 zanurzeniow\u0105 na gor\u0105co.\" \/>\n<meta property=\"og:url\" content=\"https:\/\/alit-tech.com\/pl\/srodki-do-odlakierowywania\/preparaty-do-sciagania-farby-pod-wplywem-ciepla-z-zelaza-i-stali\/metalstrip-2035-aktivator-2550\/\" \/>\n<meta property=\"og:site_name\" content=\"Alit technologies Spa\" \/>\n<meta property=\"article:modified_time\" content=\"2025-07-22T12:06:47+00:00\" \/>\n<meta property=\"og:image\" content=\"https:\/\/alit-tech.com\/wp-content\/uploads\/2024\/09\/Sverniciatura-a-caldo-per-Ferro-e-Acciaio.jpg\" \/>\n\t<meta property=\"og:image:width\" content=\"1200\" \/>\n\t<meta property=\"og:image:height\" content=\"600\" \/>\n\t<meta property=\"og:image:type\" content=\"image\/jpeg\" \/>\n<meta name=\"twitter:card\" content=\"summary_large_image\" \/>\n<meta name=\"twitter:label1\" content=\"Szacowany czas czytania\" \/>\n\t<meta name=\"twitter:data1\" content=\"1 minuta\" \/>\n<script type=\"application\/ld+json\" class=\"yoast-schema-graph\">{\"@context\":\"https:\/\/schema.org\",\"@graph\":[{\"@type\":\"WebPage\",\"@id\":\"https:\/\/alit-tech.com\/pl\/srodki-do-odlakierowywania\/preparaty-do-sciagania-farby-pod-wplywem-ciepla-z-zelaza-i-stali\/metalstrip-2035-aktivator-2550\/\",\"url\":\"https:\/\/alit-tech.com\/pl\/srodki-do-odlakierowywania\/preparaty-do-sciagania-farby-pod-wplywem-ciepla-z-zelaza-i-stali\/metalstrip-2035-aktivator-2550\/\",\"name\":\"Preparat to usuwania farby z \u017celaza - Metalstrip 2035\",\"isPartOf\":{\"@id\":\"https:\/\/alit-tech.com\/it\/#website\"},\"primaryImageOfPage\":{\"@id\":\"https:\/\/alit-tech.com\/pl\/srodki-do-odlakierowywania\/preparaty-do-sciagania-farby-pod-wplywem-ciepla-z-zelaza-i-stali\/metalstrip-2035-aktivator-2550\/#primaryimage\"},\"image\":{\"@id\":\"https:\/\/alit-tech.com\/pl\/srodki-do-odlakierowywania\/preparaty-do-sciagania-farby-pod-wplywem-ciepla-z-zelaza-i-stali\/metalstrip-2035-aktivator-2550\/#primaryimage\"},\"thumbnailUrl\":\"https:\/\/alit-tech.com\/wp-content\/uploads\/2024\/09\/Sverniciatura-a-caldo-per-Ferro-e-Acciaio.jpg\",\"datePublished\":\"2024-10-03T13:00:30+00:00\",\"dateModified\":\"2025-07-22T12:06:47+00:00\",\"description\":\"\u015arodek do usuwania pow\u0142ok lakierniczych na bazie wody, przeznaczony do usuwania pow\u0142ok lakierniczych z materia\u0142\u00f3w \u017celaznych i stop\u00f3w \u017celaza metod\u0105 zanurzeniow\u0105 na gor\u0105co.\",\"breadcrumb\":{\"@id\":\"https:\/\/alit-tech.com\/pl\/srodki-do-odlakierowywania\/preparaty-do-sciagania-farby-pod-wplywem-ciepla-z-zelaza-i-stali\/metalstrip-2035-aktivator-2550\/#breadcrumb\"},\"inLanguage\":\"pl-PL\",\"potentialAction\":[{\"@type\":\"ReadAction\",\"target\":[\"https:\/\/alit-tech.com\/pl\/srodki-do-odlakierowywania\/preparaty-do-sciagania-farby-pod-wplywem-ciepla-z-zelaza-i-stali\/metalstrip-2035-aktivator-2550\/\"]}]},{\"@type\":\"ImageObject\",\"inLanguage\":\"pl-PL\",\"@id\":\"https:\/\/alit-tech.com\/pl\/srodki-do-odlakierowywania\/preparaty-do-sciagania-farby-pod-wplywem-ciepla-z-zelaza-i-stali\/metalstrip-2035-aktivator-2550\/#primaryimage\",\"url\":\"https:\/\/alit-tech.com\/wp-content\/uploads\/2024\/09\/Sverniciatura-a-caldo-per-Ferro-e-Acciaio.jpg\",\"contentUrl\":\"https:\/\/alit-tech.com\/wp-content\/uploads\/2024\/09\/Sverniciatura-a-caldo-per-Ferro-e-Acciaio.jpg\",\"width\":1200,\"height\":600},{\"@type\":\"BreadcrumbList\",\"@id\":\"https:\/\/alit-tech.com\/pl\/srodki-do-odlakierowywania\/preparaty-do-sciagania-farby-pod-wplywem-ciepla-z-zelaza-i-stali\/metalstrip-2035-aktivator-2550\/#breadcrumb\",\"itemListElement\":[{\"@type\":\"ListItem\",\"position\":1,\"name\":\"Home\",\"item\":\"https:\/\/alit-tech.com\/pl\/\"},{\"@type\":\"ListItem\",\"position\":2,\"name\":\"\u015arodki do odlakierowywania\",\"item\":\"https:\/\/alit-tech.com\/pl\/srodki-do-odlakierowywania\/\"},{\"@type\":\"ListItem\",\"position\":3,\"name\":\"Preparaty do \u015bci\u0105gania farby pod wp\u0142ywem ciep\u0142a\u202f z \u017celaza i stali\",\"item\":\"https:\/\/alit-tech.com\/pl\/srodki-do-odlakierowywania\/preparaty-do-sciagania-farby-pod-wplywem-ciepla-z-zelaza-i-stali\/\"},{\"@type\":\"ListItem\",\"position\":4,\"name\":\"METALSTRIP 2035-AKTIVATOR 2550\"}]},{\"@type\":\"WebSite\",\"@id\":\"https:\/\/alit-tech.com\/it\/#website\",\"url\":\"https:\/\/alit-tech.com\/it\/\",\"name\":\"Alit technologies Spa\",\"description\":\"\",\"potentialAction\":[{\"@type\":\"SearchAction\",\"target\":{\"@type\":\"EntryPoint\",\"urlTemplate\":\"https:\/\/alit-tech.com\/it\/?s={search_term_string}\"},\"query-input\":\"required name=search_term_string\"}],\"inLanguage\":\"pl-PL\"}]}<\/script>\n<!-- \/ Yoast SEO plugin. -->","yoast_head_json":{"title":"Preparat to usuwania farby z \u017celaza - Metalstrip 2035","description":"\u015arodek do usuwania pow\u0142ok lakierniczych na bazie wody, przeznaczony do usuwania pow\u0142ok lakierniczych z materia\u0142\u00f3w \u017celaznych i stop\u00f3w \u017celaza metod\u0105 zanurzeniow\u0105 na gor\u0105co.","robots":{"index":"index","follow":"follow","max-snippet":"max-snippet:-1","max-image-preview":"max-image-preview:large","max-video-preview":"max-video-preview:-1"},"canonical":"https:\/\/alit-tech.com\/pl\/srodki-do-odlakierowywania\/preparaty-do-sciagania-farby-pod-wplywem-ciepla-z-zelaza-i-stali\/metalstrip-2035-aktivator-2550\/","og_locale":"pl_PL","og_type":"article","og_title":"Preparat to usuwania farby z \u017celaza - Metalstrip 2035","og_description":"\u015arodek do usuwania pow\u0142ok lakierniczych na bazie wody, przeznaczony do usuwania pow\u0142ok lakierniczych z materia\u0142\u00f3w \u017celaznych i stop\u00f3w \u017celaza metod\u0105 zanurzeniow\u0105 na gor\u0105co.","og_url":"https:\/\/alit-tech.com\/pl\/srodki-do-odlakierowywania\/preparaty-do-sciagania-farby-pod-wplywem-ciepla-z-zelaza-i-stali\/metalstrip-2035-aktivator-2550\/","og_site_name":"Alit technologies Spa","article_modified_time":"2025-07-22T12:06:47+00:00","og_image":[{"width":1200,"height":600,"url":"https:\/\/alit-tech.com\/wp-content\/uploads\/2024\/09\/Sverniciatura-a-caldo-per-Ferro-e-Acciaio.jpg","type":"image\/jpeg"}],"twitter_card":"summary_large_image","twitter_misc":{"Szacowany czas czytania":"1 minuta"},"schema":{"@context":"https:\/\/schema.org","@graph":[{"@type":"WebPage","@id":"https:\/\/alit-tech.com\/pl\/srodki-do-odlakierowywania\/preparaty-do-sciagania-farby-pod-wplywem-ciepla-z-zelaza-i-stali\/metalstrip-2035-aktivator-2550\/","url":"https:\/\/alit-tech.com\/pl\/srodki-do-odlakierowywania\/preparaty-do-sciagania-farby-pod-wplywem-ciepla-z-zelaza-i-stali\/metalstrip-2035-aktivator-2550\/","name":"Preparat to usuwania farby z \u017celaza - Metalstrip 2035","isPartOf":{"@id":"https:\/\/alit-tech.com\/it\/#website"},"primaryImageOfPage":{"@id":"https:\/\/alit-tech.com\/pl\/srodki-do-odlakierowywania\/preparaty-do-sciagania-farby-pod-wplywem-ciepla-z-zelaza-i-stali\/metalstrip-2035-aktivator-2550\/#primaryimage"},"image":{"@id":"https:\/\/alit-tech.com\/pl\/srodki-do-odlakierowywania\/preparaty-do-sciagania-farby-pod-wplywem-ciepla-z-zelaza-i-stali\/metalstrip-2035-aktivator-2550\/#primaryimage"},"thumbnailUrl":"https:\/\/alit-tech.com\/wp-content\/uploads\/2024\/09\/Sverniciatura-a-caldo-per-Ferro-e-Acciaio.jpg","datePublished":"2024-10-03T13:00:30+00:00","dateModified":"2025-07-22T12:06:47+00:00","description":"\u015arodek do usuwania pow\u0142ok lakierniczych na bazie wody, przeznaczony do usuwania pow\u0142ok lakierniczych z materia\u0142\u00f3w \u017celaznych i stop\u00f3w \u017celaza metod\u0105 zanurzeniow\u0105 na gor\u0105co.","breadcrumb":{"@id":"https:\/\/alit-tech.com\/pl\/srodki-do-odlakierowywania\/preparaty-do-sciagania-farby-pod-wplywem-ciepla-z-zelaza-i-stali\/metalstrip-2035-aktivator-2550\/#breadcrumb"},"inLanguage":"pl-PL","potentialAction":[{"@type":"ReadAction","target":["https:\/\/alit-tech.com\/pl\/srodki-do-odlakierowywania\/preparaty-do-sciagania-farby-pod-wplywem-ciepla-z-zelaza-i-stali\/metalstrip-2035-aktivator-2550\/"]}]},{"@type":"ImageObject","inLanguage":"pl-PL","@id":"https:\/\/alit-tech.com\/pl\/srodki-do-odlakierowywania\/preparaty-do-sciagania-farby-pod-wplywem-ciepla-z-zelaza-i-stali\/metalstrip-2035-aktivator-2550\/#primaryimage","url":"https:\/\/alit-tech.com\/wp-content\/uploads\/2024\/09\/Sverniciatura-a-caldo-per-Ferro-e-Acciaio.jpg","contentUrl":"https:\/\/alit-tech.com\/wp-content\/uploads\/2024\/09\/Sverniciatura-a-caldo-per-Ferro-e-Acciaio.jpg","width":1200,"height":600},{"@type":"BreadcrumbList","@id":"https:\/\/alit-tech.com\/pl\/srodki-do-odlakierowywania\/preparaty-do-sciagania-farby-pod-wplywem-ciepla-z-zelaza-i-stali\/metalstrip-2035-aktivator-2550\/#breadcrumb","itemListElement":[{"@type":"ListItem","position":1,"name":"Home","item":"https:\/\/alit-tech.com\/pl\/"},{"@type":"ListItem","position":2,"name":"\u015arodki do odlakierowywania","item":"https:\/\/alit-tech.com\/pl\/srodki-do-odlakierowywania\/"},{"@type":"ListItem","position":3,"name":"Preparaty do \u015bci\u0105gania farby pod wp\u0142ywem ciep\u0142a\u202f z \u017celaza i stali","item":"https:\/\/alit-tech.com\/pl\/srodki-do-odlakierowywania\/preparaty-do-sciagania-farby-pod-wplywem-ciepla-z-zelaza-i-stali\/"},{"@type":"ListItem","position":4,"name":"METALSTRIP 2035-AKTIVATOR 2550"}]},{"@type":"WebSite","@id":"https:\/\/alit-tech.com\/it\/#website","url":"https:\/\/alit-tech.com\/it\/","name":"Alit technologies Spa","description":"","potentialAction":[{"@type":"SearchAction","target":{"@type":"EntryPoint","urlTemplate":"https:\/\/alit-tech.com\/it\/?s={search_term_string}"},"query-input":"required name=search_term_string"}],"inLanguage":"pl-PL"}]}},"_links":{"self":[{"href":"https:\/\/alit-tech.com\/pl\/wp-json\/wp\/v2\/pages\/15603"}],"collection":[{"href":"https:\/\/alit-tech.com\/pl\/wp-json\/wp\/v2\/pages"}],"about":[{"href":"https:\/\/alit-tech.com\/pl\/wp-json\/wp\/v2\/types\/page"}],"author":[{"embeddable":true,"href":"https:\/\/alit-tech.com\/pl\/wp-json\/wp\/v2\/users\/1"}],"replies":[{"embeddable":true,"href":"https:\/\/alit-tech.com\/pl\/wp-json\/wp\/v2\/comments?post=15603"}],"version-history":[{"count":1,"href":"https:\/\/alit-tech.com\/pl\/wp-json\/wp\/v2\/pages\/15603\/revisions"}],"predecessor-version":[{"id":15605,"href":"https:\/\/alit-tech.com\/pl\/wp-json\/wp\/v2\/pages\/15603\/revisions\/15605"}],"up":[{"embeddable":true,"href":"https:\/\/alit-tech.com\/pl\/wp-json\/wp\/v2\/pages\/15539"}],"wp:featuredmedia":[{"embeddable":true,"href":"https:\/\/alit-tech.com\/pl\/wp-json\/wp\/v2\/media\/12620"}],"wp:attachment":[{"href":"https:\/\/alit-tech.com\/pl\/wp-json\/wp\/v2\/media?parent=15603"}],"curies":[{"name":"wp","href":"https:\/\/api.w.org\/{rel}","templated":true}]}}