{"id":15609,"date":"2024-10-03T15:21:05","date_gmt":"2024-10-03T13:21:05","guid":{"rendered":"https:\/\/alit-tech.com\/srodki-do-odlakierowywania\/preparaty-do-usuwania-farby-aktywowane-cieplem-przeznaczone-do-aluminium-cynku-i-lekkich-stopow\/metalstrip-1315-aktivator-1515\/"},"modified":"2025-07-22T14:09:10","modified_gmt":"2025-07-22T12:09:10","slug":"metalstrip-1315-aktivator-1515","status":"publish","type":"page","link":"https:\/\/alit-tech.com\/pl\/srodki-do-odlakierowywania\/preparaty-do-usuwania-farby-aktywowane-cieplem-przeznaczone-do-aluminium-cynku-i-lekkich-stopow\/metalstrip-1315-aktivator-1515\/","title":{"rendered":"METALSTRIP 1315-AKTIVATOR 1515"},"content":{"rendered":"\n<p>Metalstrip 1315 w po\u0142\u0105czeniu z Aktywatorem Metalstrip 1515 to zimny, alkaliczny \u015brodek do usuwania farb, opracowany do szybkiego usuwania farb poliestrowych i epoksydowych z aluminium i stali. Ten \u015brodek do usuwania farby jest gotowy do u\u017cycia, mo\u017cna go stosowa\u0107 wy\u0142\u0105cznie poprzez zanurzenie i nie zawiera w\u0119glowodor\u00f3w halogenowanych. Czas usuwania farby waha si\u0119 od 2 minut do 24 godzin, w zale\u017cno\u015bci od rodzaju pow\u0142oki i grubo\u015bci farby.<\/p>\n\n\n\n<div style=\"height:50px\" aria-hidden=\"true\" class=\"wp-block-spacer\"><\/div>\n\n\n\n<p><strong>Wymagania techniczne dotycz\u0105ce usuwania farby<\/strong><br>Materia\u0142y b\u0119d\u0105ce w kontakcie z preparatem musz\u0105 by\u0107 wykonane ze stali w\u0119glowej lub nierdzewnej i musz\u0105 by\u0107 odporne na alkaliczne roztwory do usuwania farby. Zbiornik do usuwania farby mo\u017ce by\u0107 statyczny; jednak u\u017cycie mikser\u00f3w lub specjalnych pomp mieszaj\u0105cych zwi\u0119kszy wydajno\u015b\u0107 usuwania farby.. Zastosowanie odpowiednich system\u00f3w filtracji umo\u017cliwi oddzielenie osad\u00f3w farby, co wyd\u0142u\u017cy \u017cywotno\u015b\u0107 k\u0105pieli do usuwania farby.<\/p>\n\n\n\n<div style=\"height:50px\" aria-hidden=\"true\" class=\"wp-block-spacer\"><\/div>\n\n\n\n<p><strong>Kontrola k\u0105pieli do usuwania farby<br><\/strong>szczeg\u00f3\u0142owe instrukcje dotycz\u0105ce analizy produktu s\u0105 dost\u0119pne na \u017c\u0105danie. Regularne przeprowadzanie tego typu analiz pozwoli na optymalizacj\u0119 dzia\u0142ania produktu.<\/p>\n","protected":false},"excerpt":{"rendered":"<p>Metalstrip 1315 w po\u0142\u0105czeniu z Aktywatorem Metalstrip 1515 to zimny, alkaliczny \u015brodek do usuwania farb, opracowany do szybkiego usuwania farb poliestrowych i epoksydowych z aluminium i stali. Ten \u015brodek do usuwania farby jest gotowy do u\u017cycia, mo\u017cna go stosowa\u0107 wy\u0142\u0105cznie poprzez zanurzenie i nie zawiera w\u0119glowodor\u00f3w halogenowanych. Czas usuwania farby waha si\u0119 od 2 minut [&hellip;]<\/p>\n","protected":false},"author":1,"featured_media":12662,"parent":15564,"menu_order":0,"comment_status":"closed","ping_status":"closed","template":"template-pages\/08_chemical_cat_product.php","meta":{"_acf_changed":false,"footnotes":""},"class_list":["post-15609","page","type-page","status-publish","has-post-thumbnail","hentry"],"acf":[],"yoast_head":"<!-- This site is optimized with the Yoast SEO plugin v23.1 - https:\/\/yoast.com\/wordpress\/plugins\/seo\/ -->\n<title>Metalstrip 1315 + Aktywator 1515 - Zmywacz do farb z aluminium i stali<\/title>\n<meta name=\"description\" content=\"Szybko dzia\u0142aj\u0105cy, organiczny \u015brodek do usuwania farb z aluminium i stali. Idealny do zanurze\u0144, bez halogenowanych w\u0119glowodor\u00f3w. Skuteczno\u015b\u0107 i bezpiecze\u0144stwo.\" \/>\n<meta name=\"robots\" content=\"index, follow, max-snippet:-1, max-image-preview:large, max-video-preview:-1\" \/>\n<link rel=\"canonical\" href=\"https:\/\/alit-tech.com\/pl\/srodki-do-odlakierowywania\/preparaty-do-usuwania-farby-aktywowane-cieplem-przeznaczone-do-aluminium-cynku-i-lekkich-stopow\/metalstrip-1315-aktivator-1515\/\" \/>\n<meta property=\"og:locale\" content=\"pl_PL\" \/>\n<meta property=\"og:type\" content=\"article\" \/>\n<meta property=\"og:title\" content=\"Metalstrip 1315 + Aktywator 1515 - Zmywacz do farb z aluminium i stali\" \/>\n<meta property=\"og:description\" content=\"Szybko dzia\u0142aj\u0105cy, organiczny \u015brodek do usuwania farb z aluminium i stali. Idealny do zanurze\u0144, bez halogenowanych w\u0119glowodor\u00f3w. Skuteczno\u015b\u0107 i bezpiecze\u0144stwo.\" \/>\n<meta property=\"og:url\" content=\"https:\/\/alit-tech.com\/pl\/srodki-do-odlakierowywania\/preparaty-do-usuwania-farby-aktywowane-cieplem-przeznaczone-do-aluminium-cynku-i-lekkich-stopow\/metalstrip-1315-aktivator-1515\/\" \/>\n<meta property=\"og:site_name\" content=\"Alit technologies Spa\" \/>\n<meta property=\"article:modified_time\" content=\"2025-07-22T12:09:10+00:00\" \/>\n<meta property=\"og:image\" content=\"https:\/\/alit-tech.com\/wp-content\/uploads\/2024\/10\/Svernicianti-a-caldo-per-Alluminio-zinco-Leghe-Leggere.jpg\" \/>\n\t<meta property=\"og:image:width\" content=\"1200\" \/>\n\t<meta property=\"og:image:height\" content=\"600\" \/>\n\t<meta property=\"og:image:type\" content=\"image\/jpeg\" \/>\n<meta name=\"twitter:card\" content=\"summary_large_image\" \/>\n<meta name=\"twitter:label1\" content=\"Szacowany czas czytania\" \/>\n\t<meta name=\"twitter:data1\" content=\"1 minuta\" \/>\n<script type=\"application\/ld+json\" class=\"yoast-schema-graph\">{\"@context\":\"https:\/\/schema.org\",\"@graph\":[{\"@type\":\"WebPage\",\"@id\":\"https:\/\/alit-tech.com\/pl\/srodki-do-odlakierowywania\/preparaty-do-usuwania-farby-aktywowane-cieplem-przeznaczone-do-aluminium-cynku-i-lekkich-stopow\/metalstrip-1315-aktivator-1515\/\",\"url\":\"https:\/\/alit-tech.com\/pl\/srodki-do-odlakierowywania\/preparaty-do-usuwania-farby-aktywowane-cieplem-przeznaczone-do-aluminium-cynku-i-lekkich-stopow\/metalstrip-1315-aktivator-1515\/\",\"name\":\"Metalstrip 1315 + Aktywator 1515 - Zmywacz do farb z aluminium i stali\",\"isPartOf\":{\"@id\":\"https:\/\/alit-tech.com\/it\/#website\"},\"primaryImageOfPage\":{\"@id\":\"https:\/\/alit-tech.com\/pl\/srodki-do-odlakierowywania\/preparaty-do-usuwania-farby-aktywowane-cieplem-przeznaczone-do-aluminium-cynku-i-lekkich-stopow\/metalstrip-1315-aktivator-1515\/#primaryimage\"},\"image\":{\"@id\":\"https:\/\/alit-tech.com\/pl\/srodki-do-odlakierowywania\/preparaty-do-usuwania-farby-aktywowane-cieplem-przeznaczone-do-aluminium-cynku-i-lekkich-stopow\/metalstrip-1315-aktivator-1515\/#primaryimage\"},\"thumbnailUrl\":\"https:\/\/alit-tech.com\/wp-content\/uploads\/2024\/10\/Svernicianti-a-caldo-per-Alluminio-zinco-Leghe-Leggere.jpg\",\"datePublished\":\"2024-10-03T13:21:05+00:00\",\"dateModified\":\"2025-07-22T12:09:10+00:00\",\"description\":\"Szybko dzia\u0142aj\u0105cy, organiczny \u015brodek do usuwania farb z aluminium i stali. Idealny do zanurze\u0144, bez halogenowanych w\u0119glowodor\u00f3w. Skuteczno\u015b\u0107 i bezpiecze\u0144stwo.\",\"breadcrumb\":{\"@id\":\"https:\/\/alit-tech.com\/pl\/srodki-do-odlakierowywania\/preparaty-do-usuwania-farby-aktywowane-cieplem-przeznaczone-do-aluminium-cynku-i-lekkich-stopow\/metalstrip-1315-aktivator-1515\/#breadcrumb\"},\"inLanguage\":\"pl-PL\",\"potentialAction\":[{\"@type\":\"ReadAction\",\"target\":[\"https:\/\/alit-tech.com\/pl\/srodki-do-odlakierowywania\/preparaty-do-usuwania-farby-aktywowane-cieplem-przeznaczone-do-aluminium-cynku-i-lekkich-stopow\/metalstrip-1315-aktivator-1515\/\"]}]},{\"@type\":\"ImageObject\",\"inLanguage\":\"pl-PL\",\"@id\":\"https:\/\/alit-tech.com\/pl\/srodki-do-odlakierowywania\/preparaty-do-usuwania-farby-aktywowane-cieplem-przeznaczone-do-aluminium-cynku-i-lekkich-stopow\/metalstrip-1315-aktivator-1515\/#primaryimage\",\"url\":\"https:\/\/alit-tech.com\/wp-content\/uploads\/2024\/10\/Svernicianti-a-caldo-per-Alluminio-zinco-Leghe-Leggere.jpg\",\"contentUrl\":\"https:\/\/alit-tech.com\/wp-content\/uploads\/2024\/10\/Svernicianti-a-caldo-per-Alluminio-zinco-Leghe-Leggere.jpg\",\"width\":1200,\"height\":600},{\"@type\":\"BreadcrumbList\",\"@id\":\"https:\/\/alit-tech.com\/pl\/srodki-do-odlakierowywania\/preparaty-do-usuwania-farby-aktywowane-cieplem-przeznaczone-do-aluminium-cynku-i-lekkich-stopow\/metalstrip-1315-aktivator-1515\/#breadcrumb\",\"itemListElement\":[{\"@type\":\"ListItem\",\"position\":1,\"name\":\"Home\",\"item\":\"https:\/\/alit-tech.com\/pl\/\"},{\"@type\":\"ListItem\",\"position\":2,\"name\":\"\u015arodki do odlakierowywania\",\"item\":\"https:\/\/alit-tech.com\/pl\/srodki-do-odlakierowywania\/\"},{\"@type\":\"ListItem\",\"position\":3,\"name\":\"Preparaty do usuwania farby aktywowane ciep\u0142em, przeznaczone do aluminium, cynku i lekkich stop\u00f3w\",\"item\":\"https:\/\/alit-tech.com\/pl\/srodki-do-odlakierowywania\/preparaty-do-usuwania-farby-aktywowane-cieplem-przeznaczone-do-aluminium-cynku-i-lekkich-stopow\/\"},{\"@type\":\"ListItem\",\"position\":4,\"name\":\"METALSTRIP 1315-AKTIVATOR 1515\"}]},{\"@type\":\"WebSite\",\"@id\":\"https:\/\/alit-tech.com\/it\/#website\",\"url\":\"https:\/\/alit-tech.com\/it\/\",\"name\":\"Alit technologies Spa\",\"description\":\"\",\"potentialAction\":[{\"@type\":\"SearchAction\",\"target\":{\"@type\":\"EntryPoint\",\"urlTemplate\":\"https:\/\/alit-tech.com\/it\/?s={search_term_string}\"},\"query-input\":\"required name=search_term_string\"}],\"inLanguage\":\"pl-PL\"}]}<\/script>\n<!-- \/ Yoast SEO plugin. -->","yoast_head_json":{"title":"Metalstrip 1315 + Aktywator 1515 - Zmywacz do farb z aluminium i stali","description":"Szybko dzia\u0142aj\u0105cy, organiczny \u015brodek do usuwania farb z aluminium i stali. Idealny do zanurze\u0144, bez halogenowanych w\u0119glowodor\u00f3w. Skuteczno\u015b\u0107 i bezpiecze\u0144stwo.","robots":{"index":"index","follow":"follow","max-snippet":"max-snippet:-1","max-image-preview":"max-image-preview:large","max-video-preview":"max-video-preview:-1"},"canonical":"https:\/\/alit-tech.com\/pl\/srodki-do-odlakierowywania\/preparaty-do-usuwania-farby-aktywowane-cieplem-przeznaczone-do-aluminium-cynku-i-lekkich-stopow\/metalstrip-1315-aktivator-1515\/","og_locale":"pl_PL","og_type":"article","og_title":"Metalstrip 1315 + Aktywator 1515 - Zmywacz do farb z aluminium i stali","og_description":"Szybko dzia\u0142aj\u0105cy, organiczny \u015brodek do usuwania farb z aluminium i stali. Idealny do zanurze\u0144, bez halogenowanych w\u0119glowodor\u00f3w. Skuteczno\u015b\u0107 i bezpiecze\u0144stwo.","og_url":"https:\/\/alit-tech.com\/pl\/srodki-do-odlakierowywania\/preparaty-do-usuwania-farby-aktywowane-cieplem-przeznaczone-do-aluminium-cynku-i-lekkich-stopow\/metalstrip-1315-aktivator-1515\/","og_site_name":"Alit technologies Spa","article_modified_time":"2025-07-22T12:09:10+00:00","og_image":[{"width":1200,"height":600,"url":"https:\/\/alit-tech.com\/wp-content\/uploads\/2024\/10\/Svernicianti-a-caldo-per-Alluminio-zinco-Leghe-Leggere.jpg","type":"image\/jpeg"}],"twitter_card":"summary_large_image","twitter_misc":{"Szacowany czas czytania":"1 minuta"},"schema":{"@context":"https:\/\/schema.org","@graph":[{"@type":"WebPage","@id":"https:\/\/alit-tech.com\/pl\/srodki-do-odlakierowywania\/preparaty-do-usuwania-farby-aktywowane-cieplem-przeznaczone-do-aluminium-cynku-i-lekkich-stopow\/metalstrip-1315-aktivator-1515\/","url":"https:\/\/alit-tech.com\/pl\/srodki-do-odlakierowywania\/preparaty-do-usuwania-farby-aktywowane-cieplem-przeznaczone-do-aluminium-cynku-i-lekkich-stopow\/metalstrip-1315-aktivator-1515\/","name":"Metalstrip 1315 + Aktywator 1515 - Zmywacz do farb z aluminium i stali","isPartOf":{"@id":"https:\/\/alit-tech.com\/it\/#website"},"primaryImageOfPage":{"@id":"https:\/\/alit-tech.com\/pl\/srodki-do-odlakierowywania\/preparaty-do-usuwania-farby-aktywowane-cieplem-przeznaczone-do-aluminium-cynku-i-lekkich-stopow\/metalstrip-1315-aktivator-1515\/#primaryimage"},"image":{"@id":"https:\/\/alit-tech.com\/pl\/srodki-do-odlakierowywania\/preparaty-do-usuwania-farby-aktywowane-cieplem-przeznaczone-do-aluminium-cynku-i-lekkich-stopow\/metalstrip-1315-aktivator-1515\/#primaryimage"},"thumbnailUrl":"https:\/\/alit-tech.com\/wp-content\/uploads\/2024\/10\/Svernicianti-a-caldo-per-Alluminio-zinco-Leghe-Leggere.jpg","datePublished":"2024-10-03T13:21:05+00:00","dateModified":"2025-07-22T12:09:10+00:00","description":"Szybko dzia\u0142aj\u0105cy, organiczny \u015brodek do usuwania farb z aluminium i stali. Idealny do zanurze\u0144, bez halogenowanych w\u0119glowodor\u00f3w. Skuteczno\u015b\u0107 i bezpiecze\u0144stwo.","breadcrumb":{"@id":"https:\/\/alit-tech.com\/pl\/srodki-do-odlakierowywania\/preparaty-do-usuwania-farby-aktywowane-cieplem-przeznaczone-do-aluminium-cynku-i-lekkich-stopow\/metalstrip-1315-aktivator-1515\/#breadcrumb"},"inLanguage":"pl-PL","potentialAction":[{"@type":"ReadAction","target":["https:\/\/alit-tech.com\/pl\/srodki-do-odlakierowywania\/preparaty-do-usuwania-farby-aktywowane-cieplem-przeznaczone-do-aluminium-cynku-i-lekkich-stopow\/metalstrip-1315-aktivator-1515\/"]}]},{"@type":"ImageObject","inLanguage":"pl-PL","@id":"https:\/\/alit-tech.com\/pl\/srodki-do-odlakierowywania\/preparaty-do-usuwania-farby-aktywowane-cieplem-przeznaczone-do-aluminium-cynku-i-lekkich-stopow\/metalstrip-1315-aktivator-1515\/#primaryimage","url":"https:\/\/alit-tech.com\/wp-content\/uploads\/2024\/10\/Svernicianti-a-caldo-per-Alluminio-zinco-Leghe-Leggere.jpg","contentUrl":"https:\/\/alit-tech.com\/wp-content\/uploads\/2024\/10\/Svernicianti-a-caldo-per-Alluminio-zinco-Leghe-Leggere.jpg","width":1200,"height":600},{"@type":"BreadcrumbList","@id":"https:\/\/alit-tech.com\/pl\/srodki-do-odlakierowywania\/preparaty-do-usuwania-farby-aktywowane-cieplem-przeznaczone-do-aluminium-cynku-i-lekkich-stopow\/metalstrip-1315-aktivator-1515\/#breadcrumb","itemListElement":[{"@type":"ListItem","position":1,"name":"Home","item":"https:\/\/alit-tech.com\/pl\/"},{"@type":"ListItem","position":2,"name":"\u015arodki do odlakierowywania","item":"https:\/\/alit-tech.com\/pl\/srodki-do-odlakierowywania\/"},{"@type":"ListItem","position":3,"name":"Preparaty do usuwania farby aktywowane ciep\u0142em, przeznaczone do aluminium, cynku i lekkich stop\u00f3w","item":"https:\/\/alit-tech.com\/pl\/srodki-do-odlakierowywania\/preparaty-do-usuwania-farby-aktywowane-cieplem-przeznaczone-do-aluminium-cynku-i-lekkich-stopow\/"},{"@type":"ListItem","position":4,"name":"METALSTRIP 1315-AKTIVATOR 1515"}]},{"@type":"WebSite","@id":"https:\/\/alit-tech.com\/it\/#website","url":"https:\/\/alit-tech.com\/it\/","name":"Alit technologies Spa","description":"","potentialAction":[{"@type":"SearchAction","target":{"@type":"EntryPoint","urlTemplate":"https:\/\/alit-tech.com\/it\/?s={search_term_string}"},"query-input":"required name=search_term_string"}],"inLanguage":"pl-PL"}]}},"_links":{"self":[{"href":"https:\/\/alit-tech.com\/pl\/wp-json\/wp\/v2\/pages\/15609"}],"collection":[{"href":"https:\/\/alit-tech.com\/pl\/wp-json\/wp\/v2\/pages"}],"about":[{"href":"https:\/\/alit-tech.com\/pl\/wp-json\/wp\/v2\/types\/page"}],"author":[{"embeddable":true,"href":"https:\/\/alit-tech.com\/pl\/wp-json\/wp\/v2\/users\/1"}],"replies":[{"embeddable":true,"href":"https:\/\/alit-tech.com\/pl\/wp-json\/wp\/v2\/comments?post=15609"}],"version-history":[{"count":1,"href":"https:\/\/alit-tech.com\/pl\/wp-json\/wp\/v2\/pages\/15609\/revisions"}],"predecessor-version":[{"id":15611,"href":"https:\/\/alit-tech.com\/pl\/wp-json\/wp\/v2\/pages\/15609\/revisions\/15611"}],"up":[{"embeddable":true,"href":"https:\/\/alit-tech.com\/pl\/wp-json\/wp\/v2\/pages\/15564"}],"wp:featuredmedia":[{"embeddable":true,"href":"https:\/\/alit-tech.com\/pl\/wp-json\/wp\/v2\/media\/12662"}],"wp:attachment":[{"href":"https:\/\/alit-tech.com\/pl\/wp-json\/wp\/v2\/media?parent=15609"}],"curies":[{"name":"wp","href":"https:\/\/api.w.org\/{rel}","templated":true}]}}