{"id":15615,"date":"2024-10-03T15:33:35","date_gmt":"2024-10-03T13:33:35","guid":{"rendered":"https:\/\/alit-tech.com\/srodki-do-odlakierowywania\/preparaty-do-usuwania-farby-aktywowane-cieplem-przeznaczone-do-aluminium-cynku-i-lekkich-stopow\/metalstrip-1334-aktivator-1534\/"},"modified":"2025-07-22T14:10:47","modified_gmt":"2025-07-22T12:10:47","slug":"metalstrip-1334-aktivator-1534","status":"publish","type":"page","link":"https:\/\/alit-tech.com\/pl\/srodki-do-odlakierowywania\/preparaty-do-usuwania-farby-aktywowane-cieplem-przeznaczone-do-aluminium-cynku-i-lekkich-stopow\/metalstrip-1334-aktivator-1534\/","title":{"rendered":"METALSTRIP 1334-AKTIVATOR 1534"},"content":{"rendered":"\n<p>Metalstrip 1334 w po\u0142\u0105czeniu z Aktywatorem Metalstrip 1534 to szybko dzia\u0142aj\u0105cy,\u015brodek do usuwania farby w wy\u017cszych temperaturach, przeznaczony do usuwania farby bez uszkadzania pod\u0142o\u017ca metalowego. Ten \u015brodek do usuwania farby jest gotowy do u\u017cycia, nie zawiera w\u0119glowodor\u00f3w halogenowych, idealny do system\u00f3w zanurzeniowych i natryskowych. Czas usuwania farby waha si\u0119 od 15 minut do 24 godzin, w zale\u017cno\u015bci od rodzaju pow\u0142oki i grubo\u015bci farby.<\/p>\n\n\n\n<div style=\"height:50px\" aria-hidden=\"true\" class=\"wp-block-spacer\"><\/div>\n\n\n\n<p><strong>Wymagania techniczne dotycz\u0105ce usuwania farby<\/strong><br>Materia\u0142y maj\u0105ce kontakt z produktem musz\u0105 by\u0107 wykonane ze stali w\u0119glowej lub nierdzewnej i w ka\u017cdym przypadku musz\u0105 by\u0107 odporne na dzia\u0142anie alkalicznych roztwor\u00f3w stosowanych do usuwania pow\u0142ok lakierniczych. Zbiornik do usuwania farby mo\u017ce by\u0107 statyczny, jednak u\u017cycie mikser\u00f3w lub specjalnych pomp mieszaj\u0105cych zwi\u0119kszy wydajno\u015b\u0107 usuwania farby. Zastosowanie specjalnych system\u00f3w filtracyjnych pozwoli na oddzielenie osadu lakierniczego, co przed\u0142u\u017cy \u017cywotno\u015b\u0107 k\u0105pieli do usuwania farby.<\/p>\n\n\n\n<div style=\"height:50px\" aria-hidden=\"true\" class=\"wp-block-spacer\"><\/div>\n\n\n\n<p><strong>Kontrola k\u0105pieli do usuwania farby<\/strong><br>Szczeg\u00f3\u0142owe instrukcje dotycz\u0105ce analizy produktu s\u0105 dost\u0119pne na \u017c\u0105danie. Regularne przeprowadzanie tego typu analiz pozwoli na optymalizacj\u0119 dzia\u0142ania produktu.<\/p>\n","protected":false},"excerpt":{"rendered":"<p>Metalstrip 1334 w po\u0142\u0105czeniu z Aktywatorem Metalstrip 1534 to szybko dzia\u0142aj\u0105cy,\u015brodek do usuwania farby w wy\u017cszych temperaturach, przeznaczony do usuwania farby bez uszkadzania pod\u0142o\u017ca metalowego. Ten \u015brodek do usuwania farby jest gotowy do u\u017cycia, nie zawiera w\u0119glowodor\u00f3w halogenowych, idealny do system\u00f3w zanurzeniowych i natryskowych. Czas usuwania farby waha si\u0119 od 15 minut do 24 godzin, [&hellip;]<\/p>\n","protected":false},"author":1,"featured_media":12662,"parent":15564,"menu_order":0,"comment_status":"closed","ping_status":"closed","template":"template-pages\/08_chemical_cat_product.php","meta":{"_acf_changed":false,"footnotes":""},"class_list":["post-15615","page","type-page","status-publish","has-post-thumbnail","hentry"],"acf":[],"yoast_head":"<!-- This site is optimized with the Yoast SEO plugin v23.1 - https:\/\/yoast.com\/wordpress\/plugins\/seo\/ -->\n<title>Metalstrip 1334 + Aktywator 1534 - \u015arodek do odlakierowywania aluminium<\/title>\n<meta name=\"description\" content=\"Wysokowydajny zestaw do usuwania farby z aluminium i lekkich stop\u00f3w metod\u0105 termiczn\u0105. Metalstrip 1334 + Aktywator 1534 \u2013 skuteczno\u015b\u0107 i bezpiecze\u0144stwo procesu.\" \/>\n<meta name=\"robots\" content=\"index, follow, max-snippet:-1, max-image-preview:large, max-video-preview:-1\" \/>\n<link rel=\"canonical\" href=\"https:\/\/alit-tech.com\/pl\/srodki-do-odlakierowywania\/preparaty-do-usuwania-farby-aktywowane-cieplem-przeznaczone-do-aluminium-cynku-i-lekkich-stopow\/metalstrip-1334-aktivator-1534\/\" \/>\n<meta property=\"og:locale\" content=\"pl_PL\" \/>\n<meta property=\"og:type\" content=\"article\" \/>\n<meta property=\"og:title\" content=\"Metalstrip 1334 + Aktywator 1534 - \u015arodek do odlakierowywania aluminium\" \/>\n<meta property=\"og:description\" content=\"Wysokowydajny zestaw do usuwania farby z aluminium i lekkich stop\u00f3w metod\u0105 termiczn\u0105. Metalstrip 1334 + Aktywator 1534 \u2013 skuteczno\u015b\u0107 i bezpiecze\u0144stwo procesu.\" \/>\n<meta property=\"og:url\" content=\"https:\/\/alit-tech.com\/pl\/srodki-do-odlakierowywania\/preparaty-do-usuwania-farby-aktywowane-cieplem-przeznaczone-do-aluminium-cynku-i-lekkich-stopow\/metalstrip-1334-aktivator-1534\/\" \/>\n<meta property=\"og:site_name\" content=\"Alit technologies Spa\" \/>\n<meta property=\"article:modified_time\" content=\"2025-07-22T12:10:47+00:00\" \/>\n<meta property=\"og:image\" content=\"https:\/\/alit-tech.com\/wp-content\/uploads\/2024\/10\/Svernicianti-a-caldo-per-Alluminio-zinco-Leghe-Leggere.jpg\" \/>\n\t<meta property=\"og:image:width\" content=\"1200\" \/>\n\t<meta property=\"og:image:height\" content=\"600\" \/>\n\t<meta property=\"og:image:type\" content=\"image\/jpeg\" \/>\n<meta name=\"twitter:card\" content=\"summary_large_image\" \/>\n<meta name=\"twitter:label1\" content=\"Szacowany czas czytania\" \/>\n\t<meta name=\"twitter:data1\" content=\"1 minuta\" \/>\n<script type=\"application\/ld+json\" class=\"yoast-schema-graph\">{\"@context\":\"https:\/\/schema.org\",\"@graph\":[{\"@type\":\"WebPage\",\"@id\":\"https:\/\/alit-tech.com\/pl\/srodki-do-odlakierowywania\/preparaty-do-usuwania-farby-aktywowane-cieplem-przeznaczone-do-aluminium-cynku-i-lekkich-stopow\/metalstrip-1334-aktivator-1534\/\",\"url\":\"https:\/\/alit-tech.com\/pl\/srodki-do-odlakierowywania\/preparaty-do-usuwania-farby-aktywowane-cieplem-przeznaczone-do-aluminium-cynku-i-lekkich-stopow\/metalstrip-1334-aktivator-1534\/\",\"name\":\"Metalstrip 1334 + Aktywator 1534 - \u015arodek do odlakierowywania aluminium\",\"isPartOf\":{\"@id\":\"https:\/\/alit-tech.com\/it\/#website\"},\"primaryImageOfPage\":{\"@id\":\"https:\/\/alit-tech.com\/pl\/srodki-do-odlakierowywania\/preparaty-do-usuwania-farby-aktywowane-cieplem-przeznaczone-do-aluminium-cynku-i-lekkich-stopow\/metalstrip-1334-aktivator-1534\/#primaryimage\"},\"image\":{\"@id\":\"https:\/\/alit-tech.com\/pl\/srodki-do-odlakierowywania\/preparaty-do-usuwania-farby-aktywowane-cieplem-przeznaczone-do-aluminium-cynku-i-lekkich-stopow\/metalstrip-1334-aktivator-1534\/#primaryimage\"},\"thumbnailUrl\":\"https:\/\/alit-tech.com\/wp-content\/uploads\/2024\/10\/Svernicianti-a-caldo-per-Alluminio-zinco-Leghe-Leggere.jpg\",\"datePublished\":\"2024-10-03T13:33:35+00:00\",\"dateModified\":\"2025-07-22T12:10:47+00:00\",\"description\":\"Wysokowydajny zestaw do usuwania farby z aluminium i lekkich stop\u00f3w metod\u0105 termiczn\u0105. Metalstrip 1334 + Aktywator 1534 \u2013 skuteczno\u015b\u0107 i bezpiecze\u0144stwo procesu.\",\"breadcrumb\":{\"@id\":\"https:\/\/alit-tech.com\/pl\/srodki-do-odlakierowywania\/preparaty-do-usuwania-farby-aktywowane-cieplem-przeznaczone-do-aluminium-cynku-i-lekkich-stopow\/metalstrip-1334-aktivator-1534\/#breadcrumb\"},\"inLanguage\":\"pl-PL\",\"potentialAction\":[{\"@type\":\"ReadAction\",\"target\":[\"https:\/\/alit-tech.com\/pl\/srodki-do-odlakierowywania\/preparaty-do-usuwania-farby-aktywowane-cieplem-przeznaczone-do-aluminium-cynku-i-lekkich-stopow\/metalstrip-1334-aktivator-1534\/\"]}]},{\"@type\":\"ImageObject\",\"inLanguage\":\"pl-PL\",\"@id\":\"https:\/\/alit-tech.com\/pl\/srodki-do-odlakierowywania\/preparaty-do-usuwania-farby-aktywowane-cieplem-przeznaczone-do-aluminium-cynku-i-lekkich-stopow\/metalstrip-1334-aktivator-1534\/#primaryimage\",\"url\":\"https:\/\/alit-tech.com\/wp-content\/uploads\/2024\/10\/Svernicianti-a-caldo-per-Alluminio-zinco-Leghe-Leggere.jpg\",\"contentUrl\":\"https:\/\/alit-tech.com\/wp-content\/uploads\/2024\/10\/Svernicianti-a-caldo-per-Alluminio-zinco-Leghe-Leggere.jpg\",\"width\":1200,\"height\":600},{\"@type\":\"BreadcrumbList\",\"@id\":\"https:\/\/alit-tech.com\/pl\/srodki-do-odlakierowywania\/preparaty-do-usuwania-farby-aktywowane-cieplem-przeznaczone-do-aluminium-cynku-i-lekkich-stopow\/metalstrip-1334-aktivator-1534\/#breadcrumb\",\"itemListElement\":[{\"@type\":\"ListItem\",\"position\":1,\"name\":\"Home\",\"item\":\"https:\/\/alit-tech.com\/pl\/\"},{\"@type\":\"ListItem\",\"position\":2,\"name\":\"\u015arodki do odlakierowywania\",\"item\":\"https:\/\/alit-tech.com\/pl\/srodki-do-odlakierowywania\/\"},{\"@type\":\"ListItem\",\"position\":3,\"name\":\"Preparaty do usuwania farby aktywowane ciep\u0142em, przeznaczone do aluminium, cynku i lekkich stop\u00f3w\",\"item\":\"https:\/\/alit-tech.com\/pl\/srodki-do-odlakierowywania\/preparaty-do-usuwania-farby-aktywowane-cieplem-przeznaczone-do-aluminium-cynku-i-lekkich-stopow\/\"},{\"@type\":\"ListItem\",\"position\":4,\"name\":\"METALSTRIP 1334-AKTIVATOR 1534\"}]},{\"@type\":\"WebSite\",\"@id\":\"https:\/\/alit-tech.com\/it\/#website\",\"url\":\"https:\/\/alit-tech.com\/it\/\",\"name\":\"Alit technologies Spa\",\"description\":\"\",\"potentialAction\":[{\"@type\":\"SearchAction\",\"target\":{\"@type\":\"EntryPoint\",\"urlTemplate\":\"https:\/\/alit-tech.com\/it\/?s={search_term_string}\"},\"query-input\":\"required name=search_term_string\"}],\"inLanguage\":\"pl-PL\"}]}<\/script>\n<!-- \/ Yoast SEO plugin. -->","yoast_head_json":{"title":"Metalstrip 1334 + Aktywator 1534 - \u015arodek do odlakierowywania aluminium","description":"Wysokowydajny zestaw do usuwania farby z aluminium i lekkich stop\u00f3w metod\u0105 termiczn\u0105. Metalstrip 1334 + Aktywator 1534 \u2013 skuteczno\u015b\u0107 i bezpiecze\u0144stwo procesu.","robots":{"index":"index","follow":"follow","max-snippet":"max-snippet:-1","max-image-preview":"max-image-preview:large","max-video-preview":"max-video-preview:-1"},"canonical":"https:\/\/alit-tech.com\/pl\/srodki-do-odlakierowywania\/preparaty-do-usuwania-farby-aktywowane-cieplem-przeznaczone-do-aluminium-cynku-i-lekkich-stopow\/metalstrip-1334-aktivator-1534\/","og_locale":"pl_PL","og_type":"article","og_title":"Metalstrip 1334 + Aktywator 1534 - \u015arodek do odlakierowywania aluminium","og_description":"Wysokowydajny zestaw do usuwania farby z aluminium i lekkich stop\u00f3w metod\u0105 termiczn\u0105. Metalstrip 1334 + Aktywator 1534 \u2013 skuteczno\u015b\u0107 i bezpiecze\u0144stwo procesu.","og_url":"https:\/\/alit-tech.com\/pl\/srodki-do-odlakierowywania\/preparaty-do-usuwania-farby-aktywowane-cieplem-przeznaczone-do-aluminium-cynku-i-lekkich-stopow\/metalstrip-1334-aktivator-1534\/","og_site_name":"Alit technologies Spa","article_modified_time":"2025-07-22T12:10:47+00:00","og_image":[{"width":1200,"height":600,"url":"https:\/\/alit-tech.com\/wp-content\/uploads\/2024\/10\/Svernicianti-a-caldo-per-Alluminio-zinco-Leghe-Leggere.jpg","type":"image\/jpeg"}],"twitter_card":"summary_large_image","twitter_misc":{"Szacowany czas czytania":"1 minuta"},"schema":{"@context":"https:\/\/schema.org","@graph":[{"@type":"WebPage","@id":"https:\/\/alit-tech.com\/pl\/srodki-do-odlakierowywania\/preparaty-do-usuwania-farby-aktywowane-cieplem-przeznaczone-do-aluminium-cynku-i-lekkich-stopow\/metalstrip-1334-aktivator-1534\/","url":"https:\/\/alit-tech.com\/pl\/srodki-do-odlakierowywania\/preparaty-do-usuwania-farby-aktywowane-cieplem-przeznaczone-do-aluminium-cynku-i-lekkich-stopow\/metalstrip-1334-aktivator-1534\/","name":"Metalstrip 1334 + Aktywator 1534 - \u015arodek do odlakierowywania aluminium","isPartOf":{"@id":"https:\/\/alit-tech.com\/it\/#website"},"primaryImageOfPage":{"@id":"https:\/\/alit-tech.com\/pl\/srodki-do-odlakierowywania\/preparaty-do-usuwania-farby-aktywowane-cieplem-przeznaczone-do-aluminium-cynku-i-lekkich-stopow\/metalstrip-1334-aktivator-1534\/#primaryimage"},"image":{"@id":"https:\/\/alit-tech.com\/pl\/srodki-do-odlakierowywania\/preparaty-do-usuwania-farby-aktywowane-cieplem-przeznaczone-do-aluminium-cynku-i-lekkich-stopow\/metalstrip-1334-aktivator-1534\/#primaryimage"},"thumbnailUrl":"https:\/\/alit-tech.com\/wp-content\/uploads\/2024\/10\/Svernicianti-a-caldo-per-Alluminio-zinco-Leghe-Leggere.jpg","datePublished":"2024-10-03T13:33:35+00:00","dateModified":"2025-07-22T12:10:47+00:00","description":"Wysokowydajny zestaw do usuwania farby z aluminium i lekkich stop\u00f3w metod\u0105 termiczn\u0105. Metalstrip 1334 + Aktywator 1534 \u2013 skuteczno\u015b\u0107 i bezpiecze\u0144stwo procesu.","breadcrumb":{"@id":"https:\/\/alit-tech.com\/pl\/srodki-do-odlakierowywania\/preparaty-do-usuwania-farby-aktywowane-cieplem-przeznaczone-do-aluminium-cynku-i-lekkich-stopow\/metalstrip-1334-aktivator-1534\/#breadcrumb"},"inLanguage":"pl-PL","potentialAction":[{"@type":"ReadAction","target":["https:\/\/alit-tech.com\/pl\/srodki-do-odlakierowywania\/preparaty-do-usuwania-farby-aktywowane-cieplem-przeznaczone-do-aluminium-cynku-i-lekkich-stopow\/metalstrip-1334-aktivator-1534\/"]}]},{"@type":"ImageObject","inLanguage":"pl-PL","@id":"https:\/\/alit-tech.com\/pl\/srodki-do-odlakierowywania\/preparaty-do-usuwania-farby-aktywowane-cieplem-przeznaczone-do-aluminium-cynku-i-lekkich-stopow\/metalstrip-1334-aktivator-1534\/#primaryimage","url":"https:\/\/alit-tech.com\/wp-content\/uploads\/2024\/10\/Svernicianti-a-caldo-per-Alluminio-zinco-Leghe-Leggere.jpg","contentUrl":"https:\/\/alit-tech.com\/wp-content\/uploads\/2024\/10\/Svernicianti-a-caldo-per-Alluminio-zinco-Leghe-Leggere.jpg","width":1200,"height":600},{"@type":"BreadcrumbList","@id":"https:\/\/alit-tech.com\/pl\/srodki-do-odlakierowywania\/preparaty-do-usuwania-farby-aktywowane-cieplem-przeznaczone-do-aluminium-cynku-i-lekkich-stopow\/metalstrip-1334-aktivator-1534\/#breadcrumb","itemListElement":[{"@type":"ListItem","position":1,"name":"Home","item":"https:\/\/alit-tech.com\/pl\/"},{"@type":"ListItem","position":2,"name":"\u015arodki do odlakierowywania","item":"https:\/\/alit-tech.com\/pl\/srodki-do-odlakierowywania\/"},{"@type":"ListItem","position":3,"name":"Preparaty do usuwania farby aktywowane ciep\u0142em, przeznaczone do aluminium, cynku i lekkich stop\u00f3w","item":"https:\/\/alit-tech.com\/pl\/srodki-do-odlakierowywania\/preparaty-do-usuwania-farby-aktywowane-cieplem-przeznaczone-do-aluminium-cynku-i-lekkich-stopow\/"},{"@type":"ListItem","position":4,"name":"METALSTRIP 1334-AKTIVATOR 1534"}]},{"@type":"WebSite","@id":"https:\/\/alit-tech.com\/it\/#website","url":"https:\/\/alit-tech.com\/it\/","name":"Alit technologies Spa","description":"","potentialAction":[{"@type":"SearchAction","target":{"@type":"EntryPoint","urlTemplate":"https:\/\/alit-tech.com\/it\/?s={search_term_string}"},"query-input":"required name=search_term_string"}],"inLanguage":"pl-PL"}]}},"_links":{"self":[{"href":"https:\/\/alit-tech.com\/pl\/wp-json\/wp\/v2\/pages\/15615"}],"collection":[{"href":"https:\/\/alit-tech.com\/pl\/wp-json\/wp\/v2\/pages"}],"about":[{"href":"https:\/\/alit-tech.com\/pl\/wp-json\/wp\/v2\/types\/page"}],"author":[{"embeddable":true,"href":"https:\/\/alit-tech.com\/pl\/wp-json\/wp\/v2\/users\/1"}],"replies":[{"embeddable":true,"href":"https:\/\/alit-tech.com\/pl\/wp-json\/wp\/v2\/comments?post=15615"}],"version-history":[{"count":1,"href":"https:\/\/alit-tech.com\/pl\/wp-json\/wp\/v2\/pages\/15615\/revisions"}],"predecessor-version":[{"id":15617,"href":"https:\/\/alit-tech.com\/pl\/wp-json\/wp\/v2\/pages\/15615\/revisions\/15617"}],"up":[{"embeddable":true,"href":"https:\/\/alit-tech.com\/pl\/wp-json\/wp\/v2\/pages\/15564"}],"wp:featuredmedia":[{"embeddable":true,"href":"https:\/\/alit-tech.com\/pl\/wp-json\/wp\/v2\/media\/12662"}],"wp:attachment":[{"href":"https:\/\/alit-tech.com\/pl\/wp-json\/wp\/v2\/media?parent=15615"}],"curies":[{"name":"wp","href":"https:\/\/api.w.org\/{rel}","templated":true}]}}