{"id":15618,"date":"2024-10-03T15:35:07","date_gmt":"2024-10-03T13:35:07","guid":{"rendered":"https:\/\/alit-tech.com\/srodki-do-odlakierowywania\/preparaty-do-usuwania-farby-aktywowane-cieplem-przeznaczone-do-aluminium-cynku-i-lekkich-stopow\/metalstrip-3310\/"},"modified":"2025-07-22T14:11:20","modified_gmt":"2025-07-22T12:11:20","slug":"metalstrip-3310","status":"publish","type":"page","link":"https:\/\/alit-tech.com\/pl\/srodki-do-odlakierowywania\/preparaty-do-usuwania-farby-aktywowane-cieplem-przeznaczone-do-aluminium-cynku-i-lekkich-stopow\/metalstrip-3310\/","title":{"rendered":"METALSTRIP 3310"},"content":{"rendered":"\n<p>Metalstrip 3310 to gotowy do u\u017cycia, organiczny, kwa\u015bny \u015brodek do usuwania farby, przeznaczony do system\u00f3w zanurzeniowych i hydrodynamicznych. Ten \u015brodek do usuwania farby idealnie nadaje si\u0119 do usuwania szerokiej gamy farb o grubo\u015bci od 60 do 120 \u00b5m, a czas obr\u00f3bki mo\u017ce by\u0107 bardzo kr\u00f3tki. Metalstrip 3310 nie zawiera w\u0119glowodor\u00f3w halogenowych ani amin, co czyni go bezpiecznym i skutecznym wyborem w wielu zastosowaniach przemys\u0142owych.<\/p>\n\n\n\n<div style=\"height:50px\" aria-hidden=\"true\" class=\"wp-block-spacer\"><\/div>\n\n\n\n<p><strong>Wymagania techniczne dotycz\u0105ce usuwania farby<\/strong><br>Materia\u0142y maj\u0105ce kontakt z produktem musz\u0105 by\u0107 wykonane ze stali nierdzewnej AISI316L i w ka\u017cdym przypadku musz\u0105 by\u0107 odporne na dzia\u0142anie gor\u0105cych roztwor\u00f3w kwas\u00f3w. Produkt wytwarza pian\u0119, dlatego mieszanie w zbiorniku musi odbywa\u0107 si\u0119 pod powierzchni\u0105 cieczy i by\u0107 regulowane. Zastosowanie specjalnych system\u00f3w filtracyjnych pozwoli na oddzielenie osadu lakierniczego, co przed\u0142u\u017cy \u017cywotno\u015b\u0107 k\u0105pieli do usuwania farby.<\/p>\n","protected":false},"excerpt":{"rendered":"<p>Metalstrip 3310 to gotowy do u\u017cycia, organiczny, kwa\u015bny \u015brodek do usuwania farby, przeznaczony do system\u00f3w zanurzeniowych i hydrodynamicznych. Ten \u015brodek do usuwania farby idealnie nadaje si\u0119 do usuwania szerokiej gamy farb o grubo\u015bci od 60 do 120 \u00b5m, a czas obr\u00f3bki mo\u017ce by\u0107 bardzo kr\u00f3tki. Metalstrip 3310 nie zawiera w\u0119glowodor\u00f3w halogenowych ani amin, co czyni [&hellip;]<\/p>\n","protected":false},"author":1,"featured_media":12662,"parent":15564,"menu_order":0,"comment_status":"closed","ping_status":"closed","template":"template-pages\/08_chemical_cat_product.php","meta":{"_acf_changed":false,"footnotes":""},"class_list":["post-15618","page","type-page","status-publish","has-post-thumbnail","hentry"],"acf":[],"yoast_head":"<!-- This site is optimized with the Yoast SEO plugin v23.1 - https:\/\/yoast.com\/wordpress\/plugins\/seo\/ -->\n<title>P\u0142ynny, kwa\u015bny, organiczny \u015brodek do usuwania farby - Metalstrip 3310<\/title>\n<meta name=\"description\" content=\"Metalstrip 3310 to preparat do usuwania pow\u0142ok lakierniczych z aluminium i cynku. Cieplnie aktywowany \u015brodek zanurzeniowy do zastosowa\u0144 przemys\u0142owych.\" \/>\n<meta name=\"robots\" content=\"index, follow, max-snippet:-1, max-image-preview:large, max-video-preview:-1\" \/>\n<link rel=\"canonical\" href=\"https:\/\/alit-tech.com\/pl\/srodki-do-odlakierowywania\/preparaty-do-usuwania-farby-aktywowane-cieplem-przeznaczone-do-aluminium-cynku-i-lekkich-stopow\/metalstrip-3310\/\" \/>\n<meta property=\"og:locale\" content=\"pl_PL\" \/>\n<meta property=\"og:type\" content=\"article\" \/>\n<meta property=\"og:title\" content=\"P\u0142ynny, kwa\u015bny, organiczny \u015brodek do usuwania farby - Metalstrip 3310\" \/>\n<meta property=\"og:description\" content=\"Metalstrip 3310 to preparat do usuwania pow\u0142ok lakierniczych z aluminium i cynku. Cieplnie aktywowany \u015brodek zanurzeniowy do zastosowa\u0144 przemys\u0142owych.\" \/>\n<meta property=\"og:url\" content=\"https:\/\/alit-tech.com\/pl\/srodki-do-odlakierowywania\/preparaty-do-usuwania-farby-aktywowane-cieplem-przeznaczone-do-aluminium-cynku-i-lekkich-stopow\/metalstrip-3310\/\" \/>\n<meta property=\"og:site_name\" content=\"Alit technologies Spa\" \/>\n<meta property=\"article:modified_time\" content=\"2025-07-22T12:11:20+00:00\" \/>\n<meta property=\"og:image\" content=\"https:\/\/alit-tech.com\/wp-content\/uploads\/2024\/10\/Svernicianti-a-caldo-per-Alluminio-zinco-Leghe-Leggere.jpg\" \/>\n\t<meta property=\"og:image:width\" content=\"1200\" \/>\n\t<meta property=\"og:image:height\" content=\"600\" \/>\n\t<meta property=\"og:image:type\" content=\"image\/jpeg\" \/>\n<meta name=\"twitter:card\" content=\"summary_large_image\" \/>\n<meta name=\"twitter:label1\" content=\"Szacowany czas czytania\" \/>\n\t<meta name=\"twitter:data1\" content=\"1 minuta\" \/>\n<script type=\"application\/ld+json\" class=\"yoast-schema-graph\">{\"@context\":\"https:\/\/schema.org\",\"@graph\":[{\"@type\":\"WebPage\",\"@id\":\"https:\/\/alit-tech.com\/pl\/srodki-do-odlakierowywania\/preparaty-do-usuwania-farby-aktywowane-cieplem-przeznaczone-do-aluminium-cynku-i-lekkich-stopow\/metalstrip-3310\/\",\"url\":\"https:\/\/alit-tech.com\/pl\/srodki-do-odlakierowywania\/preparaty-do-usuwania-farby-aktywowane-cieplem-przeznaczone-do-aluminium-cynku-i-lekkich-stopow\/metalstrip-3310\/\",\"name\":\"P\u0142ynny, kwa\u015bny, organiczny \u015brodek do usuwania farby - Metalstrip 3310\",\"isPartOf\":{\"@id\":\"https:\/\/alit-tech.com\/it\/#website\"},\"primaryImageOfPage\":{\"@id\":\"https:\/\/alit-tech.com\/pl\/srodki-do-odlakierowywania\/preparaty-do-usuwania-farby-aktywowane-cieplem-przeznaczone-do-aluminium-cynku-i-lekkich-stopow\/metalstrip-3310\/#primaryimage\"},\"image\":{\"@id\":\"https:\/\/alit-tech.com\/pl\/srodki-do-odlakierowywania\/preparaty-do-usuwania-farby-aktywowane-cieplem-przeznaczone-do-aluminium-cynku-i-lekkich-stopow\/metalstrip-3310\/#primaryimage\"},\"thumbnailUrl\":\"https:\/\/alit-tech.com\/wp-content\/uploads\/2024\/10\/Svernicianti-a-caldo-per-Alluminio-zinco-Leghe-Leggere.jpg\",\"datePublished\":\"2024-10-03T13:35:07+00:00\",\"dateModified\":\"2025-07-22T12:11:20+00:00\",\"description\":\"Metalstrip 3310 to preparat do usuwania pow\u0142ok lakierniczych z aluminium i cynku. Cieplnie aktywowany \u015brodek zanurzeniowy do zastosowa\u0144 przemys\u0142owych.\",\"breadcrumb\":{\"@id\":\"https:\/\/alit-tech.com\/pl\/srodki-do-odlakierowywania\/preparaty-do-usuwania-farby-aktywowane-cieplem-przeznaczone-do-aluminium-cynku-i-lekkich-stopow\/metalstrip-3310\/#breadcrumb\"},\"inLanguage\":\"pl-PL\",\"potentialAction\":[{\"@type\":\"ReadAction\",\"target\":[\"https:\/\/alit-tech.com\/pl\/srodki-do-odlakierowywania\/preparaty-do-usuwania-farby-aktywowane-cieplem-przeznaczone-do-aluminium-cynku-i-lekkich-stopow\/metalstrip-3310\/\"]}]},{\"@type\":\"ImageObject\",\"inLanguage\":\"pl-PL\",\"@id\":\"https:\/\/alit-tech.com\/pl\/srodki-do-odlakierowywania\/preparaty-do-usuwania-farby-aktywowane-cieplem-przeznaczone-do-aluminium-cynku-i-lekkich-stopow\/metalstrip-3310\/#primaryimage\",\"url\":\"https:\/\/alit-tech.com\/wp-content\/uploads\/2024\/10\/Svernicianti-a-caldo-per-Alluminio-zinco-Leghe-Leggere.jpg\",\"contentUrl\":\"https:\/\/alit-tech.com\/wp-content\/uploads\/2024\/10\/Svernicianti-a-caldo-per-Alluminio-zinco-Leghe-Leggere.jpg\",\"width\":1200,\"height\":600},{\"@type\":\"BreadcrumbList\",\"@id\":\"https:\/\/alit-tech.com\/pl\/srodki-do-odlakierowywania\/preparaty-do-usuwania-farby-aktywowane-cieplem-przeznaczone-do-aluminium-cynku-i-lekkich-stopow\/metalstrip-3310\/#breadcrumb\",\"itemListElement\":[{\"@type\":\"ListItem\",\"position\":1,\"name\":\"Home\",\"item\":\"https:\/\/alit-tech.com\/pl\/\"},{\"@type\":\"ListItem\",\"position\":2,\"name\":\"\u015arodki do odlakierowywania\",\"item\":\"https:\/\/alit-tech.com\/pl\/srodki-do-odlakierowywania\/\"},{\"@type\":\"ListItem\",\"position\":3,\"name\":\"Preparaty do usuwania farby aktywowane ciep\u0142em, przeznaczone do aluminium, cynku i lekkich stop\u00f3w\",\"item\":\"https:\/\/alit-tech.com\/pl\/srodki-do-odlakierowywania\/preparaty-do-usuwania-farby-aktywowane-cieplem-przeznaczone-do-aluminium-cynku-i-lekkich-stopow\/\"},{\"@type\":\"ListItem\",\"position\":4,\"name\":\"METALSTRIP 3310\"}]},{\"@type\":\"WebSite\",\"@id\":\"https:\/\/alit-tech.com\/it\/#website\",\"url\":\"https:\/\/alit-tech.com\/it\/\",\"name\":\"Alit technologies Spa\",\"description\":\"\",\"potentialAction\":[{\"@type\":\"SearchAction\",\"target\":{\"@type\":\"EntryPoint\",\"urlTemplate\":\"https:\/\/alit-tech.com\/it\/?s={search_term_string}\"},\"query-input\":\"required name=search_term_string\"}],\"inLanguage\":\"pl-PL\"}]}<\/script>\n<!-- \/ Yoast SEO plugin. -->","yoast_head_json":{"title":"P\u0142ynny, kwa\u015bny, organiczny \u015brodek do usuwania farby - Metalstrip 3310","description":"Metalstrip 3310 to preparat do usuwania pow\u0142ok lakierniczych z aluminium i cynku. Cieplnie aktywowany \u015brodek zanurzeniowy do zastosowa\u0144 przemys\u0142owych.","robots":{"index":"index","follow":"follow","max-snippet":"max-snippet:-1","max-image-preview":"max-image-preview:large","max-video-preview":"max-video-preview:-1"},"canonical":"https:\/\/alit-tech.com\/pl\/srodki-do-odlakierowywania\/preparaty-do-usuwania-farby-aktywowane-cieplem-przeznaczone-do-aluminium-cynku-i-lekkich-stopow\/metalstrip-3310\/","og_locale":"pl_PL","og_type":"article","og_title":"P\u0142ynny, kwa\u015bny, organiczny \u015brodek do usuwania farby - Metalstrip 3310","og_description":"Metalstrip 3310 to preparat do usuwania pow\u0142ok lakierniczych z aluminium i cynku. Cieplnie aktywowany \u015brodek zanurzeniowy do zastosowa\u0144 przemys\u0142owych.","og_url":"https:\/\/alit-tech.com\/pl\/srodki-do-odlakierowywania\/preparaty-do-usuwania-farby-aktywowane-cieplem-przeznaczone-do-aluminium-cynku-i-lekkich-stopow\/metalstrip-3310\/","og_site_name":"Alit technologies Spa","article_modified_time":"2025-07-22T12:11:20+00:00","og_image":[{"width":1200,"height":600,"url":"https:\/\/alit-tech.com\/wp-content\/uploads\/2024\/10\/Svernicianti-a-caldo-per-Alluminio-zinco-Leghe-Leggere.jpg","type":"image\/jpeg"}],"twitter_card":"summary_large_image","twitter_misc":{"Szacowany czas czytania":"1 minuta"},"schema":{"@context":"https:\/\/schema.org","@graph":[{"@type":"WebPage","@id":"https:\/\/alit-tech.com\/pl\/srodki-do-odlakierowywania\/preparaty-do-usuwania-farby-aktywowane-cieplem-przeznaczone-do-aluminium-cynku-i-lekkich-stopow\/metalstrip-3310\/","url":"https:\/\/alit-tech.com\/pl\/srodki-do-odlakierowywania\/preparaty-do-usuwania-farby-aktywowane-cieplem-przeznaczone-do-aluminium-cynku-i-lekkich-stopow\/metalstrip-3310\/","name":"P\u0142ynny, kwa\u015bny, organiczny \u015brodek do usuwania farby - Metalstrip 3310","isPartOf":{"@id":"https:\/\/alit-tech.com\/it\/#website"},"primaryImageOfPage":{"@id":"https:\/\/alit-tech.com\/pl\/srodki-do-odlakierowywania\/preparaty-do-usuwania-farby-aktywowane-cieplem-przeznaczone-do-aluminium-cynku-i-lekkich-stopow\/metalstrip-3310\/#primaryimage"},"image":{"@id":"https:\/\/alit-tech.com\/pl\/srodki-do-odlakierowywania\/preparaty-do-usuwania-farby-aktywowane-cieplem-przeznaczone-do-aluminium-cynku-i-lekkich-stopow\/metalstrip-3310\/#primaryimage"},"thumbnailUrl":"https:\/\/alit-tech.com\/wp-content\/uploads\/2024\/10\/Svernicianti-a-caldo-per-Alluminio-zinco-Leghe-Leggere.jpg","datePublished":"2024-10-03T13:35:07+00:00","dateModified":"2025-07-22T12:11:20+00:00","description":"Metalstrip 3310 to preparat do usuwania pow\u0142ok lakierniczych z aluminium i cynku. Cieplnie aktywowany \u015brodek zanurzeniowy do zastosowa\u0144 przemys\u0142owych.","breadcrumb":{"@id":"https:\/\/alit-tech.com\/pl\/srodki-do-odlakierowywania\/preparaty-do-usuwania-farby-aktywowane-cieplem-przeznaczone-do-aluminium-cynku-i-lekkich-stopow\/metalstrip-3310\/#breadcrumb"},"inLanguage":"pl-PL","potentialAction":[{"@type":"ReadAction","target":["https:\/\/alit-tech.com\/pl\/srodki-do-odlakierowywania\/preparaty-do-usuwania-farby-aktywowane-cieplem-przeznaczone-do-aluminium-cynku-i-lekkich-stopow\/metalstrip-3310\/"]}]},{"@type":"ImageObject","inLanguage":"pl-PL","@id":"https:\/\/alit-tech.com\/pl\/srodki-do-odlakierowywania\/preparaty-do-usuwania-farby-aktywowane-cieplem-przeznaczone-do-aluminium-cynku-i-lekkich-stopow\/metalstrip-3310\/#primaryimage","url":"https:\/\/alit-tech.com\/wp-content\/uploads\/2024\/10\/Svernicianti-a-caldo-per-Alluminio-zinco-Leghe-Leggere.jpg","contentUrl":"https:\/\/alit-tech.com\/wp-content\/uploads\/2024\/10\/Svernicianti-a-caldo-per-Alluminio-zinco-Leghe-Leggere.jpg","width":1200,"height":600},{"@type":"BreadcrumbList","@id":"https:\/\/alit-tech.com\/pl\/srodki-do-odlakierowywania\/preparaty-do-usuwania-farby-aktywowane-cieplem-przeznaczone-do-aluminium-cynku-i-lekkich-stopow\/metalstrip-3310\/#breadcrumb","itemListElement":[{"@type":"ListItem","position":1,"name":"Home","item":"https:\/\/alit-tech.com\/pl\/"},{"@type":"ListItem","position":2,"name":"\u015arodki do odlakierowywania","item":"https:\/\/alit-tech.com\/pl\/srodki-do-odlakierowywania\/"},{"@type":"ListItem","position":3,"name":"Preparaty do usuwania farby aktywowane ciep\u0142em, przeznaczone do aluminium, cynku i lekkich stop\u00f3w","item":"https:\/\/alit-tech.com\/pl\/srodki-do-odlakierowywania\/preparaty-do-usuwania-farby-aktywowane-cieplem-przeznaczone-do-aluminium-cynku-i-lekkich-stopow\/"},{"@type":"ListItem","position":4,"name":"METALSTRIP 3310"}]},{"@type":"WebSite","@id":"https:\/\/alit-tech.com\/it\/#website","url":"https:\/\/alit-tech.com\/it\/","name":"Alit technologies Spa","description":"","potentialAction":[{"@type":"SearchAction","target":{"@type":"EntryPoint","urlTemplate":"https:\/\/alit-tech.com\/it\/?s={search_term_string}"},"query-input":"required name=search_term_string"}],"inLanguage":"pl-PL"}]}},"_links":{"self":[{"href":"https:\/\/alit-tech.com\/pl\/wp-json\/wp\/v2\/pages\/15618"}],"collection":[{"href":"https:\/\/alit-tech.com\/pl\/wp-json\/wp\/v2\/pages"}],"about":[{"href":"https:\/\/alit-tech.com\/pl\/wp-json\/wp\/v2\/types\/page"}],"author":[{"embeddable":true,"href":"https:\/\/alit-tech.com\/pl\/wp-json\/wp\/v2\/users\/1"}],"replies":[{"embeddable":true,"href":"https:\/\/alit-tech.com\/pl\/wp-json\/wp\/v2\/comments?post=15618"}],"version-history":[{"count":1,"href":"https:\/\/alit-tech.com\/pl\/wp-json\/wp\/v2\/pages\/15618\/revisions"}],"predecessor-version":[{"id":15620,"href":"https:\/\/alit-tech.com\/pl\/wp-json\/wp\/v2\/pages\/15618\/revisions\/15620"}],"up":[{"embeddable":true,"href":"https:\/\/alit-tech.com\/pl\/wp-json\/wp\/v2\/pages\/15564"}],"wp:featuredmedia":[{"embeddable":true,"href":"https:\/\/alit-tech.com\/pl\/wp-json\/wp\/v2\/media\/12662"}],"wp:attachment":[{"href":"https:\/\/alit-tech.com\/pl\/wp-json\/wp\/v2\/media?parent=15618"}],"curies":[{"name":"wp","href":"https:\/\/api.w.org\/{rel}","templated":true}]}}