{"id":15621,"date":"2024-10-03T15:39:31","date_gmt":"2024-10-03T13:39:31","guid":{"rendered":"https:\/\/alit-tech.com\/srodki-do-odlakierowywania\/preparaty-do-usuwania-farby-aktywowane-cieplem-przeznaczone-do-aluminium-cynku-i-lekkich-stopow\/metalstrip-3800\/"},"modified":"2025-07-22T14:11:51","modified_gmt":"2025-07-22T12:11:51","slug":"metalstrip-3800","status":"publish","type":"page","link":"https:\/\/alit-tech.com\/pl\/srodki-do-odlakierowywania\/preparaty-do-usuwania-farby-aktywowane-cieplem-przeznaczone-do-aluminium-cynku-i-lekkich-stopow\/metalstrip-3800\/","title":{"rendered":"METALSTRIP 3800"},"content":{"rendered":"\n<p>Metalstrip 3800 to kwa\u015bny, organiczny \u015brodek do usuwania farby, przeznaczony do proces\u00f3w zanurzeniowych w \u015bredniej i wysokiej temperaturze. Szczeg\u00f3lnie skutecznie usuwa proszki epoksydowe, proszki poliestrowe, poliuretany, systemy epoksydowe 2-k i farby akrylowe, a tak\u017ce wi\u0119kszo\u015b\u0107 farb w p\u0142ynie. Metalstrip 3800 jest kompatybilny z materia\u0142ami takimi jak stal, aluminium, cynk i mosi\u0105dz, nie powoduj\u0105c widocznych uszkodze\u0144. Poddane obr\u00f3bce cz\u0119\u015bci zachowuj\u0105 po\u0142ysk nawet po usuni\u0119ciu pow\u0142oki, co czyni je idealnymi do zastosowa\u0144 wymagaj\u0105cych wysokiej jako\u015bci powierzchni.<\/p>\n\n\n\n<div style=\"height:50px\" aria-hidden=\"true\" class=\"wp-block-spacer\"><\/div>\n\n\n\n<p><strong>Wymagania techniczne dotycz\u0105ce usuwania farby<\/strong><br>Materia\u0142y maj\u0105ce kontakt z produktem musz\u0105 by\u0107 wykonane ze stali nierdzewnej AISI316L i w ka\u017cdym przypadku musz\u0105 by\u0107 odporne na dzia\u0142anie gor\u0105cych roztwor\u00f3w kwas\u00f3w. Proces usuwania farby mo\u017cna przyspieszy\u0107 poprzez wymieszanie k\u0105pieli. Zastosowanie specjalnych system\u00f3w filtracyjnych pozwoli na oddzielenie osadu lakierniczego, co przed\u0142u\u017cy \u017cywotno\u015b\u0107 k\u0105pieli do usuwania farby.<\/p>\n","protected":false},"excerpt":{"rendered":"<p>Metalstrip 3800 to kwa\u015bny, organiczny \u015brodek do usuwania farby, przeznaczony do proces\u00f3w zanurzeniowych w \u015bredniej i wysokiej temperaturze. Szczeg\u00f3lnie skutecznie usuwa proszki epoksydowe, proszki poliestrowe, poliuretany, systemy epoksydowe 2-k i farby akrylowe, a tak\u017ce wi\u0119kszo\u015b\u0107 farb w p\u0142ynie. Metalstrip 3800 jest kompatybilny z materia\u0142ami takimi jak stal, aluminium, cynk i mosi\u0105dz, nie powoduj\u0105c widocznych uszkodze\u0144. [&hellip;]<\/p>\n","protected":false},"author":1,"featured_media":12662,"parent":15564,"menu_order":0,"comment_status":"closed","ping_status":"closed","template":"template-pages\/08_chemical_cat_product.php","meta":{"_acf_changed":false,"footnotes":""},"class_list":["post-15621","page","type-page","status-publish","has-post-thumbnail","hentry"],"acf":[],"yoast_head":"<!-- This site is optimized with the Yoast SEO plugin v23.1 - https:\/\/yoast.com\/wordpress\/plugins\/seo\/ -->\n<title>Metalstrip 3800 Gor\u0105cy p\u0142yn do usuwania farby - ALIT Technologies<\/title>\n<meta name=\"description\" content=\"Skuteczny, bezhalogenowy preparat do termicznego usuwania farb z powierzchni aluminiowych i cynkowych. Metalstrip 3800 - wysoka jako\u015b\u0107 i bezpiecze\u0144stwo.\" \/>\n<meta name=\"robots\" content=\"index, follow, max-snippet:-1, max-image-preview:large, max-video-preview:-1\" \/>\n<link rel=\"canonical\" href=\"https:\/\/alit-tech.com\/pl\/srodki-do-odlakierowywania\/preparaty-do-usuwania-farby-aktywowane-cieplem-przeznaczone-do-aluminium-cynku-i-lekkich-stopow\/metalstrip-3800\/\" \/>\n<meta property=\"og:locale\" content=\"pl_PL\" \/>\n<meta property=\"og:type\" content=\"article\" \/>\n<meta property=\"og:title\" content=\"Metalstrip 3800 Gor\u0105cy p\u0142yn do usuwania farby - ALIT Technologies\" \/>\n<meta property=\"og:description\" content=\"Skuteczny, bezhalogenowy preparat do termicznego usuwania farb z powierzchni aluminiowych i cynkowych. Metalstrip 3800 - wysoka jako\u015b\u0107 i bezpiecze\u0144stwo.\" \/>\n<meta property=\"og:url\" content=\"https:\/\/alit-tech.com\/pl\/srodki-do-odlakierowywania\/preparaty-do-usuwania-farby-aktywowane-cieplem-przeznaczone-do-aluminium-cynku-i-lekkich-stopow\/metalstrip-3800\/\" \/>\n<meta property=\"og:site_name\" content=\"Alit technologies Spa\" \/>\n<meta property=\"article:modified_time\" content=\"2025-07-22T12:11:51+00:00\" \/>\n<meta property=\"og:image\" content=\"https:\/\/alit-tech.com\/wp-content\/uploads\/2024\/10\/Svernicianti-a-caldo-per-Alluminio-zinco-Leghe-Leggere.jpg\" \/>\n\t<meta property=\"og:image:width\" content=\"1200\" \/>\n\t<meta property=\"og:image:height\" content=\"600\" \/>\n\t<meta property=\"og:image:type\" content=\"image\/jpeg\" \/>\n<meta name=\"twitter:card\" content=\"summary_large_image\" \/>\n<meta name=\"twitter:label1\" content=\"Szacowany czas czytania\" \/>\n\t<meta name=\"twitter:data1\" content=\"1 minuta\" \/>\n<script type=\"application\/ld+json\" class=\"yoast-schema-graph\">{\"@context\":\"https:\/\/schema.org\",\"@graph\":[{\"@type\":\"WebPage\",\"@id\":\"https:\/\/alit-tech.com\/pl\/srodki-do-odlakierowywania\/preparaty-do-usuwania-farby-aktywowane-cieplem-przeznaczone-do-aluminium-cynku-i-lekkich-stopow\/metalstrip-3800\/\",\"url\":\"https:\/\/alit-tech.com\/pl\/srodki-do-odlakierowywania\/preparaty-do-usuwania-farby-aktywowane-cieplem-przeznaczone-do-aluminium-cynku-i-lekkich-stopow\/metalstrip-3800\/\",\"name\":\"Metalstrip 3800 Gor\u0105cy p\u0142yn do usuwania farby - ALIT Technologies\",\"isPartOf\":{\"@id\":\"https:\/\/alit-tech.com\/it\/#website\"},\"primaryImageOfPage\":{\"@id\":\"https:\/\/alit-tech.com\/pl\/srodki-do-odlakierowywania\/preparaty-do-usuwania-farby-aktywowane-cieplem-przeznaczone-do-aluminium-cynku-i-lekkich-stopow\/metalstrip-3800\/#primaryimage\"},\"image\":{\"@id\":\"https:\/\/alit-tech.com\/pl\/srodki-do-odlakierowywania\/preparaty-do-usuwania-farby-aktywowane-cieplem-przeznaczone-do-aluminium-cynku-i-lekkich-stopow\/metalstrip-3800\/#primaryimage\"},\"thumbnailUrl\":\"https:\/\/alit-tech.com\/wp-content\/uploads\/2024\/10\/Svernicianti-a-caldo-per-Alluminio-zinco-Leghe-Leggere.jpg\",\"datePublished\":\"2024-10-03T13:39:31+00:00\",\"dateModified\":\"2025-07-22T12:11:51+00:00\",\"description\":\"Skuteczny, bezhalogenowy preparat do termicznego usuwania farb z powierzchni aluminiowych i cynkowych. Metalstrip 3800 - wysoka jako\u015b\u0107 i bezpiecze\u0144stwo.\",\"breadcrumb\":{\"@id\":\"https:\/\/alit-tech.com\/pl\/srodki-do-odlakierowywania\/preparaty-do-usuwania-farby-aktywowane-cieplem-przeznaczone-do-aluminium-cynku-i-lekkich-stopow\/metalstrip-3800\/#breadcrumb\"},\"inLanguage\":\"pl-PL\",\"potentialAction\":[{\"@type\":\"ReadAction\",\"target\":[\"https:\/\/alit-tech.com\/pl\/srodki-do-odlakierowywania\/preparaty-do-usuwania-farby-aktywowane-cieplem-przeznaczone-do-aluminium-cynku-i-lekkich-stopow\/metalstrip-3800\/\"]}]},{\"@type\":\"ImageObject\",\"inLanguage\":\"pl-PL\",\"@id\":\"https:\/\/alit-tech.com\/pl\/srodki-do-odlakierowywania\/preparaty-do-usuwania-farby-aktywowane-cieplem-przeznaczone-do-aluminium-cynku-i-lekkich-stopow\/metalstrip-3800\/#primaryimage\",\"url\":\"https:\/\/alit-tech.com\/wp-content\/uploads\/2024\/10\/Svernicianti-a-caldo-per-Alluminio-zinco-Leghe-Leggere.jpg\",\"contentUrl\":\"https:\/\/alit-tech.com\/wp-content\/uploads\/2024\/10\/Svernicianti-a-caldo-per-Alluminio-zinco-Leghe-Leggere.jpg\",\"width\":1200,\"height\":600},{\"@type\":\"BreadcrumbList\",\"@id\":\"https:\/\/alit-tech.com\/pl\/srodki-do-odlakierowywania\/preparaty-do-usuwania-farby-aktywowane-cieplem-przeznaczone-do-aluminium-cynku-i-lekkich-stopow\/metalstrip-3800\/#breadcrumb\",\"itemListElement\":[{\"@type\":\"ListItem\",\"position\":1,\"name\":\"Home\",\"item\":\"https:\/\/alit-tech.com\/pl\/\"},{\"@type\":\"ListItem\",\"position\":2,\"name\":\"\u015arodki do odlakierowywania\",\"item\":\"https:\/\/alit-tech.com\/pl\/srodki-do-odlakierowywania\/\"},{\"@type\":\"ListItem\",\"position\":3,\"name\":\"Preparaty do usuwania farby aktywowane ciep\u0142em, przeznaczone do aluminium, cynku i lekkich stop\u00f3w\",\"item\":\"https:\/\/alit-tech.com\/pl\/srodki-do-odlakierowywania\/preparaty-do-usuwania-farby-aktywowane-cieplem-przeznaczone-do-aluminium-cynku-i-lekkich-stopow\/\"},{\"@type\":\"ListItem\",\"position\":4,\"name\":\"METALSTRIP 3800\"}]},{\"@type\":\"WebSite\",\"@id\":\"https:\/\/alit-tech.com\/it\/#website\",\"url\":\"https:\/\/alit-tech.com\/it\/\",\"name\":\"Alit technologies Spa\",\"description\":\"\",\"potentialAction\":[{\"@type\":\"SearchAction\",\"target\":{\"@type\":\"EntryPoint\",\"urlTemplate\":\"https:\/\/alit-tech.com\/it\/?s={search_term_string}\"},\"query-input\":\"required name=search_term_string\"}],\"inLanguage\":\"pl-PL\"}]}<\/script>\n<!-- \/ Yoast SEO plugin. -->","yoast_head_json":{"title":"Metalstrip 3800 Gor\u0105cy p\u0142yn do usuwania farby - ALIT Technologies","description":"Skuteczny, bezhalogenowy preparat do termicznego usuwania farb z powierzchni aluminiowych i cynkowych. Metalstrip 3800 - wysoka jako\u015b\u0107 i bezpiecze\u0144stwo.","robots":{"index":"index","follow":"follow","max-snippet":"max-snippet:-1","max-image-preview":"max-image-preview:large","max-video-preview":"max-video-preview:-1"},"canonical":"https:\/\/alit-tech.com\/pl\/srodki-do-odlakierowywania\/preparaty-do-usuwania-farby-aktywowane-cieplem-przeznaczone-do-aluminium-cynku-i-lekkich-stopow\/metalstrip-3800\/","og_locale":"pl_PL","og_type":"article","og_title":"Metalstrip 3800 Gor\u0105cy p\u0142yn do usuwania farby - ALIT Technologies","og_description":"Skuteczny, bezhalogenowy preparat do termicznego usuwania farb z powierzchni aluminiowych i cynkowych. Metalstrip 3800 - wysoka jako\u015b\u0107 i bezpiecze\u0144stwo.","og_url":"https:\/\/alit-tech.com\/pl\/srodki-do-odlakierowywania\/preparaty-do-usuwania-farby-aktywowane-cieplem-przeznaczone-do-aluminium-cynku-i-lekkich-stopow\/metalstrip-3800\/","og_site_name":"Alit technologies Spa","article_modified_time":"2025-07-22T12:11:51+00:00","og_image":[{"width":1200,"height":600,"url":"https:\/\/alit-tech.com\/wp-content\/uploads\/2024\/10\/Svernicianti-a-caldo-per-Alluminio-zinco-Leghe-Leggere.jpg","type":"image\/jpeg"}],"twitter_card":"summary_large_image","twitter_misc":{"Szacowany czas czytania":"1 minuta"},"schema":{"@context":"https:\/\/schema.org","@graph":[{"@type":"WebPage","@id":"https:\/\/alit-tech.com\/pl\/srodki-do-odlakierowywania\/preparaty-do-usuwania-farby-aktywowane-cieplem-przeznaczone-do-aluminium-cynku-i-lekkich-stopow\/metalstrip-3800\/","url":"https:\/\/alit-tech.com\/pl\/srodki-do-odlakierowywania\/preparaty-do-usuwania-farby-aktywowane-cieplem-przeznaczone-do-aluminium-cynku-i-lekkich-stopow\/metalstrip-3800\/","name":"Metalstrip 3800 Gor\u0105cy p\u0142yn do usuwania farby - ALIT Technologies","isPartOf":{"@id":"https:\/\/alit-tech.com\/it\/#website"},"primaryImageOfPage":{"@id":"https:\/\/alit-tech.com\/pl\/srodki-do-odlakierowywania\/preparaty-do-usuwania-farby-aktywowane-cieplem-przeznaczone-do-aluminium-cynku-i-lekkich-stopow\/metalstrip-3800\/#primaryimage"},"image":{"@id":"https:\/\/alit-tech.com\/pl\/srodki-do-odlakierowywania\/preparaty-do-usuwania-farby-aktywowane-cieplem-przeznaczone-do-aluminium-cynku-i-lekkich-stopow\/metalstrip-3800\/#primaryimage"},"thumbnailUrl":"https:\/\/alit-tech.com\/wp-content\/uploads\/2024\/10\/Svernicianti-a-caldo-per-Alluminio-zinco-Leghe-Leggere.jpg","datePublished":"2024-10-03T13:39:31+00:00","dateModified":"2025-07-22T12:11:51+00:00","description":"Skuteczny, bezhalogenowy preparat do termicznego usuwania farb z powierzchni aluminiowych i cynkowych. Metalstrip 3800 - wysoka jako\u015b\u0107 i bezpiecze\u0144stwo.","breadcrumb":{"@id":"https:\/\/alit-tech.com\/pl\/srodki-do-odlakierowywania\/preparaty-do-usuwania-farby-aktywowane-cieplem-przeznaczone-do-aluminium-cynku-i-lekkich-stopow\/metalstrip-3800\/#breadcrumb"},"inLanguage":"pl-PL","potentialAction":[{"@type":"ReadAction","target":["https:\/\/alit-tech.com\/pl\/srodki-do-odlakierowywania\/preparaty-do-usuwania-farby-aktywowane-cieplem-przeznaczone-do-aluminium-cynku-i-lekkich-stopow\/metalstrip-3800\/"]}]},{"@type":"ImageObject","inLanguage":"pl-PL","@id":"https:\/\/alit-tech.com\/pl\/srodki-do-odlakierowywania\/preparaty-do-usuwania-farby-aktywowane-cieplem-przeznaczone-do-aluminium-cynku-i-lekkich-stopow\/metalstrip-3800\/#primaryimage","url":"https:\/\/alit-tech.com\/wp-content\/uploads\/2024\/10\/Svernicianti-a-caldo-per-Alluminio-zinco-Leghe-Leggere.jpg","contentUrl":"https:\/\/alit-tech.com\/wp-content\/uploads\/2024\/10\/Svernicianti-a-caldo-per-Alluminio-zinco-Leghe-Leggere.jpg","width":1200,"height":600},{"@type":"BreadcrumbList","@id":"https:\/\/alit-tech.com\/pl\/srodki-do-odlakierowywania\/preparaty-do-usuwania-farby-aktywowane-cieplem-przeznaczone-do-aluminium-cynku-i-lekkich-stopow\/metalstrip-3800\/#breadcrumb","itemListElement":[{"@type":"ListItem","position":1,"name":"Home","item":"https:\/\/alit-tech.com\/pl\/"},{"@type":"ListItem","position":2,"name":"\u015arodki do odlakierowywania","item":"https:\/\/alit-tech.com\/pl\/srodki-do-odlakierowywania\/"},{"@type":"ListItem","position":3,"name":"Preparaty do usuwania farby aktywowane ciep\u0142em, przeznaczone do aluminium, cynku i lekkich stop\u00f3w","item":"https:\/\/alit-tech.com\/pl\/srodki-do-odlakierowywania\/preparaty-do-usuwania-farby-aktywowane-cieplem-przeznaczone-do-aluminium-cynku-i-lekkich-stopow\/"},{"@type":"ListItem","position":4,"name":"METALSTRIP 3800"}]},{"@type":"WebSite","@id":"https:\/\/alit-tech.com\/it\/#website","url":"https:\/\/alit-tech.com\/it\/","name":"Alit technologies Spa","description":"","potentialAction":[{"@type":"SearchAction","target":{"@type":"EntryPoint","urlTemplate":"https:\/\/alit-tech.com\/it\/?s={search_term_string}"},"query-input":"required name=search_term_string"}],"inLanguage":"pl-PL"}]}},"_links":{"self":[{"href":"https:\/\/alit-tech.com\/pl\/wp-json\/wp\/v2\/pages\/15621"}],"collection":[{"href":"https:\/\/alit-tech.com\/pl\/wp-json\/wp\/v2\/pages"}],"about":[{"href":"https:\/\/alit-tech.com\/pl\/wp-json\/wp\/v2\/types\/page"}],"author":[{"embeddable":true,"href":"https:\/\/alit-tech.com\/pl\/wp-json\/wp\/v2\/users\/1"}],"replies":[{"embeddable":true,"href":"https:\/\/alit-tech.com\/pl\/wp-json\/wp\/v2\/comments?post=15621"}],"version-history":[{"count":1,"href":"https:\/\/alit-tech.com\/pl\/wp-json\/wp\/v2\/pages\/15621\/revisions"}],"predecessor-version":[{"id":15623,"href":"https:\/\/alit-tech.com\/pl\/wp-json\/wp\/v2\/pages\/15621\/revisions\/15623"}],"up":[{"embeddable":true,"href":"https:\/\/alit-tech.com\/pl\/wp-json\/wp\/v2\/pages\/15564"}],"wp:featuredmedia":[{"embeddable":true,"href":"https:\/\/alit-tech.com\/pl\/wp-json\/wp\/v2\/media\/12662"}],"wp:attachment":[{"href":"https:\/\/alit-tech.com\/pl\/wp-json\/wp\/v2\/media?parent=15621"}],"curies":[{"name":"wp","href":"https:\/\/api.w.org\/{rel}","templated":true}]}}