{"id":15624,"date":"2024-10-03T17:28:19","date_gmt":"2024-10-03T15:28:19","guid":{"rendered":"https:\/\/alit-tech.com\/srodki-do-odlakierowywania\/chemiczne-preparaty-do-usuwania-farby-maskujacej\/maskstrip-1290\/"},"modified":"2025-07-22T14:05:02","modified_gmt":"2025-07-22T12:05:02","slug":"maskstrip-1290","status":"publish","type":"page","link":"https:\/\/alit-tech.com\/pl\/srodki-do-odlakierowywania\/chemiczne-preparaty-do-usuwania-farby-maskujacej\/maskstrip-1290\/","title":{"rendered":"MASKSTRIP 1290"},"content":{"rendered":"\n<p>Maskstrip 1290 to alkaliczny \u015brodek do usuwania farby, przeznaczony do skutecznego usuwania farby proszkowej z system\u00f3w maskuj\u0105cych, hak\u00f3w, przedmiot\u00f3w odzyskanych, pistolet\u00f3w do malowania w p\u0142ynie oraz cz\u0119\u015bci \u017celaznych i aluminiowych. Dzi\u0119ki formule wolnej od w\u0119glowodor\u00f3w halogenowych Maskstrip 1290 jest przyjazny dla \u015brodowiska i pracownik\u00f3w. Ten \u015brodek do usuwania farby nadaje si\u0119 do pracy w \u015brednich temperaturach, a czas obr\u00f3bki waha si\u0119 od 15 minut do 24 godzin, w zale\u017cno\u015bci od rodzaju i grubo\u015bci farby.<\/p>\n","protected":false},"excerpt":{"rendered":"<p>Maskstrip 1290 to alkaliczny \u015brodek do usuwania farby, przeznaczony do skutecznego usuwania farby proszkowej z system\u00f3w maskuj\u0105cych, hak\u00f3w, przedmiot\u00f3w odzyskanych, pistolet\u00f3w do malowania w p\u0142ynie oraz cz\u0119\u015bci \u017celaznych i aluminiowych. Dzi\u0119ki formule wolnej od w\u0119glowodor\u00f3w halogenowych Maskstrip 1290 jest przyjazny dla \u015brodowiska i pracownik\u00f3w. Ten \u015brodek do usuwania farby nadaje si\u0119 do pracy w \u015brednich [&hellip;]<\/p>\n","protected":false},"author":1,"featured_media":12683,"parent":15568,"menu_order":0,"comment_status":"closed","ping_status":"closed","template":"template-pages\/08_chemical_cat_product.php","meta":{"_acf_changed":false,"footnotes":""},"class_list":["post-15624","page","type-page","status-publish","has-post-thumbnail","hentry"],"acf":[],"yoast_head":"<!-- This site is optimized with the Yoast SEO plugin v23.1 - https:\/\/yoast.com\/wordpress\/plugins\/seo\/ -->\n<title>Chemiczny, alkaliczny \u015brodek do usuwania farby: Maskstrip 1290<\/title>\n<meta name=\"description\" content=\"Maskstrip 1290, alkaliczny \u015brodek do usuwania farby do stosowania w \u015brednich temperaturach. Skuteczne usuwanie pow\u0142ok proszkowych dzi\u0119ki elastycznym czasom obr\u00f3bki.\" \/>\n<meta name=\"robots\" content=\"index, follow, max-snippet:-1, max-image-preview:large, max-video-preview:-1\" \/>\n<link rel=\"canonical\" href=\"https:\/\/alit-tech.com\/pl\/srodki-do-odlakierowywania\/chemiczne-preparaty-do-usuwania-farby-maskujacej\/maskstrip-1290\/\" \/>\n<meta property=\"og:locale\" content=\"pl_PL\" \/>\n<meta property=\"og:type\" content=\"article\" \/>\n<meta property=\"og:title\" content=\"Chemiczny, alkaliczny \u015brodek do usuwania farby: Maskstrip 1290\" \/>\n<meta property=\"og:description\" content=\"Maskstrip 1290, alkaliczny \u015brodek do usuwania farby do stosowania w \u015brednich temperaturach. Skuteczne usuwanie pow\u0142ok proszkowych dzi\u0119ki elastycznym czasom obr\u00f3bki.\" \/>\n<meta property=\"og:url\" content=\"https:\/\/alit-tech.com\/pl\/srodki-do-odlakierowywania\/chemiczne-preparaty-do-usuwania-farby-maskujacej\/maskstrip-1290\/\" \/>\n<meta property=\"og:site_name\" content=\"Alit technologies Spa\" \/>\n<meta property=\"article:modified_time\" content=\"2025-07-22T12:05:02+00:00\" \/>\n<meta property=\"og:image\" content=\"https:\/\/alit-tech.com\/wp-content\/uploads\/2024\/10\/Svernicianti-per-Mascheratura.jpg\" \/>\n\t<meta property=\"og:image:width\" content=\"1200\" \/>\n\t<meta property=\"og:image:height\" content=\"600\" \/>\n\t<meta property=\"og:image:type\" content=\"image\/jpeg\" \/>\n<meta name=\"twitter:card\" content=\"summary_large_image\" \/>\n<meta name=\"twitter:label1\" content=\"Szacowany czas czytania\" \/>\n\t<meta name=\"twitter:data1\" content=\"1 minuta\" \/>\n<script type=\"application\/ld+json\" class=\"yoast-schema-graph\">{\"@context\":\"https:\/\/schema.org\",\"@graph\":[{\"@type\":\"WebPage\",\"@id\":\"https:\/\/alit-tech.com\/pl\/srodki-do-odlakierowywania\/chemiczne-preparaty-do-usuwania-farby-maskujacej\/maskstrip-1290\/\",\"url\":\"https:\/\/alit-tech.com\/pl\/srodki-do-odlakierowywania\/chemiczne-preparaty-do-usuwania-farby-maskujacej\/maskstrip-1290\/\",\"name\":\"Chemiczny, alkaliczny \u015brodek do usuwania farby: Maskstrip 1290\",\"isPartOf\":{\"@id\":\"https:\/\/alit-tech.com\/it\/#website\"},\"primaryImageOfPage\":{\"@id\":\"https:\/\/alit-tech.com\/pl\/srodki-do-odlakierowywania\/chemiczne-preparaty-do-usuwania-farby-maskujacej\/maskstrip-1290\/#primaryimage\"},\"image\":{\"@id\":\"https:\/\/alit-tech.com\/pl\/srodki-do-odlakierowywania\/chemiczne-preparaty-do-usuwania-farby-maskujacej\/maskstrip-1290\/#primaryimage\"},\"thumbnailUrl\":\"https:\/\/alit-tech.com\/wp-content\/uploads\/2024\/10\/Svernicianti-per-Mascheratura.jpg\",\"datePublished\":\"2024-10-03T15:28:19+00:00\",\"dateModified\":\"2025-07-22T12:05:02+00:00\",\"description\":\"Maskstrip 1290, alkaliczny \u015brodek do usuwania farby do stosowania w \u015brednich temperaturach. Skuteczne usuwanie pow\u0142ok proszkowych dzi\u0119ki elastycznym czasom obr\u00f3bki.\",\"breadcrumb\":{\"@id\":\"https:\/\/alit-tech.com\/pl\/srodki-do-odlakierowywania\/chemiczne-preparaty-do-usuwania-farby-maskujacej\/maskstrip-1290\/#breadcrumb\"},\"inLanguage\":\"pl-PL\",\"potentialAction\":[{\"@type\":\"ReadAction\",\"target\":[\"https:\/\/alit-tech.com\/pl\/srodki-do-odlakierowywania\/chemiczne-preparaty-do-usuwania-farby-maskujacej\/maskstrip-1290\/\"]}]},{\"@type\":\"ImageObject\",\"inLanguage\":\"pl-PL\",\"@id\":\"https:\/\/alit-tech.com\/pl\/srodki-do-odlakierowywania\/chemiczne-preparaty-do-usuwania-farby-maskujacej\/maskstrip-1290\/#primaryimage\",\"url\":\"https:\/\/alit-tech.com\/wp-content\/uploads\/2024\/10\/Svernicianti-per-Mascheratura.jpg\",\"contentUrl\":\"https:\/\/alit-tech.com\/wp-content\/uploads\/2024\/10\/Svernicianti-per-Mascheratura.jpg\",\"width\":1200,\"height\":600},{\"@type\":\"BreadcrumbList\",\"@id\":\"https:\/\/alit-tech.com\/pl\/srodki-do-odlakierowywania\/chemiczne-preparaty-do-usuwania-farby-maskujacej\/maskstrip-1290\/#breadcrumb\",\"itemListElement\":[{\"@type\":\"ListItem\",\"position\":1,\"name\":\"Home\",\"item\":\"https:\/\/alit-tech.com\/pl\/\"},{\"@type\":\"ListItem\",\"position\":2,\"name\":\"\u015arodki do odlakierowywania\",\"item\":\"https:\/\/alit-tech.com\/pl\/srodki-do-odlakierowywania\/\"},{\"@type\":\"ListItem\",\"position\":3,\"name\":\"Chemiczne preparaty do usuwania farby maskuj\u0105cej\",\"item\":\"https:\/\/alit-tech.com\/pl\/srodki-do-odlakierowywania\/chemiczne-preparaty-do-usuwania-farby-maskujacej\/\"},{\"@type\":\"ListItem\",\"position\":4,\"name\":\"MASKSTRIP 1290\"}]},{\"@type\":\"WebSite\",\"@id\":\"https:\/\/alit-tech.com\/it\/#website\",\"url\":\"https:\/\/alit-tech.com\/it\/\",\"name\":\"Alit technologies Spa\",\"description\":\"\",\"potentialAction\":[{\"@type\":\"SearchAction\",\"target\":{\"@type\":\"EntryPoint\",\"urlTemplate\":\"https:\/\/alit-tech.com\/it\/?s={search_term_string}\"},\"query-input\":\"required name=search_term_string\"}],\"inLanguage\":\"pl-PL\"}]}<\/script>\n<!-- \/ Yoast SEO plugin. -->","yoast_head_json":{"title":"Chemiczny, alkaliczny \u015brodek do usuwania farby: Maskstrip 1290","description":"Maskstrip 1290, alkaliczny \u015brodek do usuwania farby do stosowania w \u015brednich temperaturach. Skuteczne usuwanie pow\u0142ok proszkowych dzi\u0119ki elastycznym czasom obr\u00f3bki.","robots":{"index":"index","follow":"follow","max-snippet":"max-snippet:-1","max-image-preview":"max-image-preview:large","max-video-preview":"max-video-preview:-1"},"canonical":"https:\/\/alit-tech.com\/pl\/srodki-do-odlakierowywania\/chemiczne-preparaty-do-usuwania-farby-maskujacej\/maskstrip-1290\/","og_locale":"pl_PL","og_type":"article","og_title":"Chemiczny, alkaliczny \u015brodek do usuwania farby: Maskstrip 1290","og_description":"Maskstrip 1290, alkaliczny \u015brodek do usuwania farby do stosowania w \u015brednich temperaturach. Skuteczne usuwanie pow\u0142ok proszkowych dzi\u0119ki elastycznym czasom obr\u00f3bki.","og_url":"https:\/\/alit-tech.com\/pl\/srodki-do-odlakierowywania\/chemiczne-preparaty-do-usuwania-farby-maskujacej\/maskstrip-1290\/","og_site_name":"Alit technologies Spa","article_modified_time":"2025-07-22T12:05:02+00:00","og_image":[{"width":1200,"height":600,"url":"https:\/\/alit-tech.com\/wp-content\/uploads\/2024\/10\/Svernicianti-per-Mascheratura.jpg","type":"image\/jpeg"}],"twitter_card":"summary_large_image","twitter_misc":{"Szacowany czas czytania":"1 minuta"},"schema":{"@context":"https:\/\/schema.org","@graph":[{"@type":"WebPage","@id":"https:\/\/alit-tech.com\/pl\/srodki-do-odlakierowywania\/chemiczne-preparaty-do-usuwania-farby-maskujacej\/maskstrip-1290\/","url":"https:\/\/alit-tech.com\/pl\/srodki-do-odlakierowywania\/chemiczne-preparaty-do-usuwania-farby-maskujacej\/maskstrip-1290\/","name":"Chemiczny, alkaliczny \u015brodek do usuwania farby: Maskstrip 1290","isPartOf":{"@id":"https:\/\/alit-tech.com\/it\/#website"},"primaryImageOfPage":{"@id":"https:\/\/alit-tech.com\/pl\/srodki-do-odlakierowywania\/chemiczne-preparaty-do-usuwania-farby-maskujacej\/maskstrip-1290\/#primaryimage"},"image":{"@id":"https:\/\/alit-tech.com\/pl\/srodki-do-odlakierowywania\/chemiczne-preparaty-do-usuwania-farby-maskujacej\/maskstrip-1290\/#primaryimage"},"thumbnailUrl":"https:\/\/alit-tech.com\/wp-content\/uploads\/2024\/10\/Svernicianti-per-Mascheratura.jpg","datePublished":"2024-10-03T15:28:19+00:00","dateModified":"2025-07-22T12:05:02+00:00","description":"Maskstrip 1290, alkaliczny \u015brodek do usuwania farby do stosowania w \u015brednich temperaturach. Skuteczne usuwanie pow\u0142ok proszkowych dzi\u0119ki elastycznym czasom obr\u00f3bki.","breadcrumb":{"@id":"https:\/\/alit-tech.com\/pl\/srodki-do-odlakierowywania\/chemiczne-preparaty-do-usuwania-farby-maskujacej\/maskstrip-1290\/#breadcrumb"},"inLanguage":"pl-PL","potentialAction":[{"@type":"ReadAction","target":["https:\/\/alit-tech.com\/pl\/srodki-do-odlakierowywania\/chemiczne-preparaty-do-usuwania-farby-maskujacej\/maskstrip-1290\/"]}]},{"@type":"ImageObject","inLanguage":"pl-PL","@id":"https:\/\/alit-tech.com\/pl\/srodki-do-odlakierowywania\/chemiczne-preparaty-do-usuwania-farby-maskujacej\/maskstrip-1290\/#primaryimage","url":"https:\/\/alit-tech.com\/wp-content\/uploads\/2024\/10\/Svernicianti-per-Mascheratura.jpg","contentUrl":"https:\/\/alit-tech.com\/wp-content\/uploads\/2024\/10\/Svernicianti-per-Mascheratura.jpg","width":1200,"height":600},{"@type":"BreadcrumbList","@id":"https:\/\/alit-tech.com\/pl\/srodki-do-odlakierowywania\/chemiczne-preparaty-do-usuwania-farby-maskujacej\/maskstrip-1290\/#breadcrumb","itemListElement":[{"@type":"ListItem","position":1,"name":"Home","item":"https:\/\/alit-tech.com\/pl\/"},{"@type":"ListItem","position":2,"name":"\u015arodki do odlakierowywania","item":"https:\/\/alit-tech.com\/pl\/srodki-do-odlakierowywania\/"},{"@type":"ListItem","position":3,"name":"Chemiczne preparaty do usuwania farby maskuj\u0105cej","item":"https:\/\/alit-tech.com\/pl\/srodki-do-odlakierowywania\/chemiczne-preparaty-do-usuwania-farby-maskujacej\/"},{"@type":"ListItem","position":4,"name":"MASKSTRIP 1290"}]},{"@type":"WebSite","@id":"https:\/\/alit-tech.com\/it\/#website","url":"https:\/\/alit-tech.com\/it\/","name":"Alit technologies Spa","description":"","potentialAction":[{"@type":"SearchAction","target":{"@type":"EntryPoint","urlTemplate":"https:\/\/alit-tech.com\/it\/?s={search_term_string}"},"query-input":"required name=search_term_string"}],"inLanguage":"pl-PL"}]}},"_links":{"self":[{"href":"https:\/\/alit-tech.com\/pl\/wp-json\/wp\/v2\/pages\/15624"}],"collection":[{"href":"https:\/\/alit-tech.com\/pl\/wp-json\/wp\/v2\/pages"}],"about":[{"href":"https:\/\/alit-tech.com\/pl\/wp-json\/wp\/v2\/types\/page"}],"author":[{"embeddable":true,"href":"https:\/\/alit-tech.com\/pl\/wp-json\/wp\/v2\/users\/1"}],"replies":[{"embeddable":true,"href":"https:\/\/alit-tech.com\/pl\/wp-json\/wp\/v2\/comments?post=15624"}],"version-history":[{"count":1,"href":"https:\/\/alit-tech.com\/pl\/wp-json\/wp\/v2\/pages\/15624\/revisions"}],"predecessor-version":[{"id":15626,"href":"https:\/\/alit-tech.com\/pl\/wp-json\/wp\/v2\/pages\/15624\/revisions\/15626"}],"up":[{"embeddable":true,"href":"https:\/\/alit-tech.com\/pl\/wp-json\/wp\/v2\/pages\/15568"}],"wp:featuredmedia":[{"embeddable":true,"href":"https:\/\/alit-tech.com\/pl\/wp-json\/wp\/v2\/media\/12683"}],"wp:attachment":[{"href":"https:\/\/alit-tech.com\/pl\/wp-json\/wp\/v2\/media?parent=15624"}],"curies":[{"name":"wp","href":"https:\/\/api.w.org\/{rel}","templated":true}]}}