{"id":15627,"date":"2024-10-03T17:30:56","date_gmt":"2024-10-03T15:30:56","guid":{"rendered":"https:\/\/alit-tech.com\/srodki-do-odlakierowywania\/chemiczne-preparaty-do-usuwania-farby-maskujacej\/maskstrip-1291\/"},"modified":"2025-07-22T14:05:32","modified_gmt":"2025-07-22T12:05:32","slug":"maskstrip-1291","status":"publish","type":"page","link":"https:\/\/alit-tech.com\/pl\/srodki-do-odlakierowywania\/chemiczne-preparaty-do-usuwania-farby-maskujacej\/maskstrip-1291\/","title":{"rendered":"MASKSTRIP 1291"},"content":{"rendered":"\n<p>Maskstrip 1291 to silnie zasadowy preparat do usuwania farby, przeznaczony do skutecznego usuwania farby proszkowej i p\u0142ynnej z silikonowych system\u00f3w maskuj\u0105cych, hak\u00f3w, element\u00f3w nadaj\u0105cych si\u0119 do odzysku, pistolet\u00f3w do malowania w p\u0142ynie oraz cz\u0119\u015bci \u017celaznych\/stalowych. Dzi\u0119ki formule wolnej od w\u0119glowodor\u00f3w halogenowych Maskstrip 1291 jest przyjazny dla \u015brodowiska i pracownik\u00f3w. Ten preparat do usuwania farby nadaje si\u0119 do pracy w \u015brednich temperaturach, a czas obr\u00f3bki waha si\u0119 od 15 minut do 24 godzin, w zale\u017cno\u015bci od rodzaju i grubo\u015bci farby.<\/p>\n","protected":false},"excerpt":{"rendered":"<p>Maskstrip 1291 to silnie zasadowy preparat do usuwania farby, przeznaczony do skutecznego usuwania farby proszkowej i p\u0142ynnej z silikonowych system\u00f3w maskuj\u0105cych, hak\u00f3w, element\u00f3w nadaj\u0105cych si\u0119 do odzysku, pistolet\u00f3w do malowania w p\u0142ynie oraz cz\u0119\u015bci \u017celaznych\/stalowych. Dzi\u0119ki formule wolnej od w\u0119glowodor\u00f3w halogenowych Maskstrip 1291 jest przyjazny dla \u015brodowiska i pracownik\u00f3w. Ten preparat do usuwania farby nadaje [&hellip;]<\/p>\n","protected":false},"author":1,"featured_media":12683,"parent":15568,"menu_order":0,"comment_status":"closed","ping_status":"closed","template":"template-pages\/08_chemical_cat_product.php","meta":{"_acf_changed":false,"footnotes":""},"class_list":["post-15627","page","type-page","status-publish","has-post-thumbnail","hentry"],"acf":[],"yoast_head":"<!-- This site is optimized with the Yoast SEO plugin v23.1 - https:\/\/yoast.com\/wordpress\/plugins\/seo\/ -->\n<title>\u015arodek do usuwania pow\u0142ok proszkowych: Maskstrip 1291<\/title>\n<meta name=\"description\" content=\"\u015arodek do usuwania pow\u0142ok proszkowych, skuteczny \u015brodek do usuwania farby z farb proszkowych i p\u0142ynnych, idealny do pracy w \u015brednich temperaturach\" \/>\n<meta name=\"robots\" content=\"index, follow, max-snippet:-1, max-image-preview:large, max-video-preview:-1\" \/>\n<link rel=\"canonical\" href=\"https:\/\/alit-tech.com\/pl\/srodki-do-odlakierowywania\/chemiczne-preparaty-do-usuwania-farby-maskujacej\/maskstrip-1291\/\" \/>\n<meta property=\"og:locale\" content=\"pl_PL\" \/>\n<meta property=\"og:type\" content=\"article\" \/>\n<meta property=\"og:title\" content=\"\u015arodek do usuwania pow\u0142ok proszkowych: Maskstrip 1291\" \/>\n<meta property=\"og:description\" content=\"\u015arodek do usuwania pow\u0142ok proszkowych, skuteczny \u015brodek do usuwania farby z farb proszkowych i p\u0142ynnych, idealny do pracy w \u015brednich temperaturach\" \/>\n<meta property=\"og:url\" content=\"https:\/\/alit-tech.com\/pl\/srodki-do-odlakierowywania\/chemiczne-preparaty-do-usuwania-farby-maskujacej\/maskstrip-1291\/\" \/>\n<meta property=\"og:site_name\" content=\"Alit technologies Spa\" \/>\n<meta property=\"article:modified_time\" content=\"2025-07-22T12:05:32+00:00\" \/>\n<meta property=\"og:image\" content=\"https:\/\/alit-tech.com\/wp-content\/uploads\/2024\/10\/Svernicianti-per-Mascheratura.jpg\" \/>\n\t<meta property=\"og:image:width\" content=\"1200\" \/>\n\t<meta property=\"og:image:height\" content=\"600\" \/>\n\t<meta property=\"og:image:type\" content=\"image\/jpeg\" \/>\n<meta name=\"twitter:card\" content=\"summary_large_image\" \/>\n<meta name=\"twitter:label1\" content=\"Szacowany czas czytania\" \/>\n\t<meta name=\"twitter:data1\" content=\"1 minuta\" \/>\n<script type=\"application\/ld+json\" class=\"yoast-schema-graph\">{\"@context\":\"https:\/\/schema.org\",\"@graph\":[{\"@type\":\"WebPage\",\"@id\":\"https:\/\/alit-tech.com\/pl\/srodki-do-odlakierowywania\/chemiczne-preparaty-do-usuwania-farby-maskujacej\/maskstrip-1291\/\",\"url\":\"https:\/\/alit-tech.com\/pl\/srodki-do-odlakierowywania\/chemiczne-preparaty-do-usuwania-farby-maskujacej\/maskstrip-1291\/\",\"name\":\"\u015arodek do usuwania pow\u0142ok proszkowych: Maskstrip 1291\",\"isPartOf\":{\"@id\":\"https:\/\/alit-tech.com\/it\/#website\"},\"primaryImageOfPage\":{\"@id\":\"https:\/\/alit-tech.com\/pl\/srodki-do-odlakierowywania\/chemiczne-preparaty-do-usuwania-farby-maskujacej\/maskstrip-1291\/#primaryimage\"},\"image\":{\"@id\":\"https:\/\/alit-tech.com\/pl\/srodki-do-odlakierowywania\/chemiczne-preparaty-do-usuwania-farby-maskujacej\/maskstrip-1291\/#primaryimage\"},\"thumbnailUrl\":\"https:\/\/alit-tech.com\/wp-content\/uploads\/2024\/10\/Svernicianti-per-Mascheratura.jpg\",\"datePublished\":\"2024-10-03T15:30:56+00:00\",\"dateModified\":\"2025-07-22T12:05:32+00:00\",\"description\":\"\u015arodek do usuwania pow\u0142ok proszkowych, skuteczny \u015brodek do usuwania farby z farb proszkowych i p\u0142ynnych, idealny do pracy w \u015brednich temperaturach\",\"breadcrumb\":{\"@id\":\"https:\/\/alit-tech.com\/pl\/srodki-do-odlakierowywania\/chemiczne-preparaty-do-usuwania-farby-maskujacej\/maskstrip-1291\/#breadcrumb\"},\"inLanguage\":\"pl-PL\",\"potentialAction\":[{\"@type\":\"ReadAction\",\"target\":[\"https:\/\/alit-tech.com\/pl\/srodki-do-odlakierowywania\/chemiczne-preparaty-do-usuwania-farby-maskujacej\/maskstrip-1291\/\"]}]},{\"@type\":\"ImageObject\",\"inLanguage\":\"pl-PL\",\"@id\":\"https:\/\/alit-tech.com\/pl\/srodki-do-odlakierowywania\/chemiczne-preparaty-do-usuwania-farby-maskujacej\/maskstrip-1291\/#primaryimage\",\"url\":\"https:\/\/alit-tech.com\/wp-content\/uploads\/2024\/10\/Svernicianti-per-Mascheratura.jpg\",\"contentUrl\":\"https:\/\/alit-tech.com\/wp-content\/uploads\/2024\/10\/Svernicianti-per-Mascheratura.jpg\",\"width\":1200,\"height\":600},{\"@type\":\"BreadcrumbList\",\"@id\":\"https:\/\/alit-tech.com\/pl\/srodki-do-odlakierowywania\/chemiczne-preparaty-do-usuwania-farby-maskujacej\/maskstrip-1291\/#breadcrumb\",\"itemListElement\":[{\"@type\":\"ListItem\",\"position\":1,\"name\":\"Home\",\"item\":\"https:\/\/alit-tech.com\/pl\/\"},{\"@type\":\"ListItem\",\"position\":2,\"name\":\"\u015arodki do odlakierowywania\",\"item\":\"https:\/\/alit-tech.com\/pl\/srodki-do-odlakierowywania\/\"},{\"@type\":\"ListItem\",\"position\":3,\"name\":\"Chemiczne preparaty do usuwania farby maskuj\u0105cej\",\"item\":\"https:\/\/alit-tech.com\/pl\/srodki-do-odlakierowywania\/chemiczne-preparaty-do-usuwania-farby-maskujacej\/\"},{\"@type\":\"ListItem\",\"position\":4,\"name\":\"MASKSTRIP 1291\"}]},{\"@type\":\"WebSite\",\"@id\":\"https:\/\/alit-tech.com\/it\/#website\",\"url\":\"https:\/\/alit-tech.com\/it\/\",\"name\":\"Alit technologies Spa\",\"description\":\"\",\"potentialAction\":[{\"@type\":\"SearchAction\",\"target\":{\"@type\":\"EntryPoint\",\"urlTemplate\":\"https:\/\/alit-tech.com\/it\/?s={search_term_string}\"},\"query-input\":\"required name=search_term_string\"}],\"inLanguage\":\"pl-PL\"}]}<\/script>\n<!-- \/ Yoast SEO plugin. -->","yoast_head_json":{"title":"\u015arodek do usuwania pow\u0142ok proszkowych: Maskstrip 1291","description":"\u015arodek do usuwania pow\u0142ok proszkowych, skuteczny \u015brodek do usuwania farby z farb proszkowych i p\u0142ynnych, idealny do pracy w \u015brednich temperaturach","robots":{"index":"index","follow":"follow","max-snippet":"max-snippet:-1","max-image-preview":"max-image-preview:large","max-video-preview":"max-video-preview:-1"},"canonical":"https:\/\/alit-tech.com\/pl\/srodki-do-odlakierowywania\/chemiczne-preparaty-do-usuwania-farby-maskujacej\/maskstrip-1291\/","og_locale":"pl_PL","og_type":"article","og_title":"\u015arodek do usuwania pow\u0142ok proszkowych: Maskstrip 1291","og_description":"\u015arodek do usuwania pow\u0142ok proszkowych, skuteczny \u015brodek do usuwania farby z farb proszkowych i p\u0142ynnych, idealny do pracy w \u015brednich temperaturach","og_url":"https:\/\/alit-tech.com\/pl\/srodki-do-odlakierowywania\/chemiczne-preparaty-do-usuwania-farby-maskujacej\/maskstrip-1291\/","og_site_name":"Alit technologies Spa","article_modified_time":"2025-07-22T12:05:32+00:00","og_image":[{"width":1200,"height":600,"url":"https:\/\/alit-tech.com\/wp-content\/uploads\/2024\/10\/Svernicianti-per-Mascheratura.jpg","type":"image\/jpeg"}],"twitter_card":"summary_large_image","twitter_misc":{"Szacowany czas czytania":"1 minuta"},"schema":{"@context":"https:\/\/schema.org","@graph":[{"@type":"WebPage","@id":"https:\/\/alit-tech.com\/pl\/srodki-do-odlakierowywania\/chemiczne-preparaty-do-usuwania-farby-maskujacej\/maskstrip-1291\/","url":"https:\/\/alit-tech.com\/pl\/srodki-do-odlakierowywania\/chemiczne-preparaty-do-usuwania-farby-maskujacej\/maskstrip-1291\/","name":"\u015arodek do usuwania pow\u0142ok proszkowych: Maskstrip 1291","isPartOf":{"@id":"https:\/\/alit-tech.com\/it\/#website"},"primaryImageOfPage":{"@id":"https:\/\/alit-tech.com\/pl\/srodki-do-odlakierowywania\/chemiczne-preparaty-do-usuwania-farby-maskujacej\/maskstrip-1291\/#primaryimage"},"image":{"@id":"https:\/\/alit-tech.com\/pl\/srodki-do-odlakierowywania\/chemiczne-preparaty-do-usuwania-farby-maskujacej\/maskstrip-1291\/#primaryimage"},"thumbnailUrl":"https:\/\/alit-tech.com\/wp-content\/uploads\/2024\/10\/Svernicianti-per-Mascheratura.jpg","datePublished":"2024-10-03T15:30:56+00:00","dateModified":"2025-07-22T12:05:32+00:00","description":"\u015arodek do usuwania pow\u0142ok proszkowych, skuteczny \u015brodek do usuwania farby z farb proszkowych i p\u0142ynnych, idealny do pracy w \u015brednich temperaturach","breadcrumb":{"@id":"https:\/\/alit-tech.com\/pl\/srodki-do-odlakierowywania\/chemiczne-preparaty-do-usuwania-farby-maskujacej\/maskstrip-1291\/#breadcrumb"},"inLanguage":"pl-PL","potentialAction":[{"@type":"ReadAction","target":["https:\/\/alit-tech.com\/pl\/srodki-do-odlakierowywania\/chemiczne-preparaty-do-usuwania-farby-maskujacej\/maskstrip-1291\/"]}]},{"@type":"ImageObject","inLanguage":"pl-PL","@id":"https:\/\/alit-tech.com\/pl\/srodki-do-odlakierowywania\/chemiczne-preparaty-do-usuwania-farby-maskujacej\/maskstrip-1291\/#primaryimage","url":"https:\/\/alit-tech.com\/wp-content\/uploads\/2024\/10\/Svernicianti-per-Mascheratura.jpg","contentUrl":"https:\/\/alit-tech.com\/wp-content\/uploads\/2024\/10\/Svernicianti-per-Mascheratura.jpg","width":1200,"height":600},{"@type":"BreadcrumbList","@id":"https:\/\/alit-tech.com\/pl\/srodki-do-odlakierowywania\/chemiczne-preparaty-do-usuwania-farby-maskujacej\/maskstrip-1291\/#breadcrumb","itemListElement":[{"@type":"ListItem","position":1,"name":"Home","item":"https:\/\/alit-tech.com\/pl\/"},{"@type":"ListItem","position":2,"name":"\u015arodki do odlakierowywania","item":"https:\/\/alit-tech.com\/pl\/srodki-do-odlakierowywania\/"},{"@type":"ListItem","position":3,"name":"Chemiczne preparaty do usuwania farby maskuj\u0105cej","item":"https:\/\/alit-tech.com\/pl\/srodki-do-odlakierowywania\/chemiczne-preparaty-do-usuwania-farby-maskujacej\/"},{"@type":"ListItem","position":4,"name":"MASKSTRIP 1291"}]},{"@type":"WebSite","@id":"https:\/\/alit-tech.com\/it\/#website","url":"https:\/\/alit-tech.com\/it\/","name":"Alit technologies Spa","description":"","potentialAction":[{"@type":"SearchAction","target":{"@type":"EntryPoint","urlTemplate":"https:\/\/alit-tech.com\/it\/?s={search_term_string}"},"query-input":"required name=search_term_string"}],"inLanguage":"pl-PL"}]}},"_links":{"self":[{"href":"https:\/\/alit-tech.com\/pl\/wp-json\/wp\/v2\/pages\/15627"}],"collection":[{"href":"https:\/\/alit-tech.com\/pl\/wp-json\/wp\/v2\/pages"}],"about":[{"href":"https:\/\/alit-tech.com\/pl\/wp-json\/wp\/v2\/types\/page"}],"author":[{"embeddable":true,"href":"https:\/\/alit-tech.com\/pl\/wp-json\/wp\/v2\/users\/1"}],"replies":[{"embeddable":true,"href":"https:\/\/alit-tech.com\/pl\/wp-json\/wp\/v2\/comments?post=15627"}],"version-history":[{"count":1,"href":"https:\/\/alit-tech.com\/pl\/wp-json\/wp\/v2\/pages\/15627\/revisions"}],"predecessor-version":[{"id":15629,"href":"https:\/\/alit-tech.com\/pl\/wp-json\/wp\/v2\/pages\/15627\/revisions\/15629"}],"up":[{"embeddable":true,"href":"https:\/\/alit-tech.com\/pl\/wp-json\/wp\/v2\/pages\/15568"}],"wp:featuredmedia":[{"embeddable":true,"href":"https:\/\/alit-tech.com\/pl\/wp-json\/wp\/v2\/media\/12683"}],"wp:attachment":[{"href":"https:\/\/alit-tech.com\/pl\/wp-json\/wp\/v2\/media?parent=15627"}],"curies":[{"name":"wp","href":"https:\/\/api.w.org\/{rel}","templated":true}]}}