{"id":15639,"date":"2024-10-03T18:03:30","date_gmt":"2024-10-03T16:03:30","guid":{"rendered":"https:\/\/alit-tech.com\/srodki-do-odlakierowywania\/preparaty-do-usuwania-farby-z-hakow-i-ram-fastrip-isp\/metalstrip-1465-aktivator-1665-1\/"},"modified":"2025-07-22T14:27:35","modified_gmt":"2025-07-22T12:27:35","slug":"metalstrip-1465-aktivator-1665-1","status":"publish","type":"page","link":"https:\/\/alit-tech.com\/pl\/srodki-do-odlakierowywania\/preparaty-do-usuwania-farby-z-hakow-i-ram-fastrip-isp\/metalstrip-1465-aktivator-1665-1\/","title":{"rendered":"METALSTRIP 1465-AKTIVATOR 1665\/1"},"content":{"rendered":"\n<p>Metalstrip 1465 w po\u0142\u0105czeniu z Aktywatorem Metalstrip 1665\/1 to szybko dzia\u0142aj\u0105cy \u015brodek do usuwania farby, wolny od NMP, opracowany specjalnie do proces\u00f3w usuwania farby Fastrip ISP (Inline Stripping Process). Proces ten umo\u017cliwia usuwanie farby z hak\u00f3w lub ram bez konieczno\u015bci ich demonta\u017cu z systemu przeno\u015bnikowego. Metalstrip 1465 jest w stanie usun\u0105\u0107 warstw\u0119 pow\u0142oki proszkowej o grubo\u015bci od 60 do 120 \u00b5m przy bardzo kr\u00f3tkim czasie kontaktu, rozpoczynaj\u0105cym si\u0119 ju\u017c po 2,5 minuty.<\/p>\n\n\n\n<div style=\"height:50px\" aria-hidden=\"true\" class=\"wp-block-spacer\"><\/div>\n\n\n\n<p><strong>Wymagania techniczne dotycz\u0105ce usuwania farby<\/strong><br>Materia\u0142y maj\u0105ce kontakt z preparatem musz\u0105 by\u0107 wykonane ze stali w\u0119glowej lub stali nierdzewnej i w ka\u017cdym przypadku musz\u0105 by\u0107 odporne na dzia\u0142anie podgrzewanych roztwor\u00f3w alkalicznych. Proces liniowy polega na u\u017cyciu ultrad\u017awi\u0119k\u00f3w w zbiorniku do usuwania farby. Zastosowanie specjalnych system\u00f3w filtracyjnych pozwoli na oddzielenie osadu lakierniczego, co znacznie wyd\u0142u\u017cy \u017cywotno\u015b\u0107 k\u0105pieli do usuwania farby.<\/p>\n\n\n\n<div style=\"height:50px\" aria-hidden=\"true\" class=\"wp-block-spacer\"><\/div>\n\n\n\n<p><strong>Kontrola k\u0105pieli do usuwania farby<\/strong><br>Szczeg\u00f3\u0142owe instrukcje dotycz\u0105ce analizy produktu s\u0105 dost\u0119pne na \u017c\u0105danie. Regularne przeprowadzanie tego typu analiz pozwoli na optymalizacj\u0119 dzia\u0142ania produktu.<\/p>\n","protected":false},"excerpt":{"rendered":"<p>Metalstrip 1465 w po\u0142\u0105czeniu z Aktywatorem Metalstrip 1665\/1 to szybko dzia\u0142aj\u0105cy \u015brodek do usuwania farby, wolny od NMP, opracowany specjalnie do proces\u00f3w usuwania farby Fastrip ISP (Inline Stripping Process). Proces ten umo\u017cliwia usuwanie farby z hak\u00f3w lub ram bez konieczno\u015bci ich demonta\u017cu z systemu przeno\u015bnikowego. Metalstrip 1465 jest w stanie usun\u0105\u0107 warstw\u0119 pow\u0142oki proszkowej o [&hellip;]<\/p>\n","protected":false},"author":1,"featured_media":12694,"parent":15575,"menu_order":0,"comment_status":"closed","ping_status":"closed","template":"template-pages\/08_chemical_cat_product.php","meta":{"_acf_changed":false,"footnotes":""},"class_list":["post-15639","page","type-page","status-publish","has-post-thumbnail","hentry"],"acf":[],"yoast_head":"<!-- This site is optimized with the Yoast SEO plugin v23.1 - https:\/\/yoast.com\/wordpress\/plugins\/seo\/ -->\n<title>Szybkie usuwanie farby do system\u00f3w liniowych - Metalstrip 1465<\/title>\n<meta name=\"description\" content=\"Wysoce wydajne rozwi\u0105zanie do szybkiego usuwania farby, idealne do system\u00f3w zanurzeniowych i uk\u0142ad\u00f3w liniowych bez w\u0119glowodor\u00f3w halogenowych.\" \/>\n<meta name=\"robots\" content=\"index, follow, max-snippet:-1, max-image-preview:large, max-video-preview:-1\" \/>\n<link rel=\"canonical\" href=\"https:\/\/alit-tech.com\/pl\/srodki-do-odlakierowywania\/preparaty-do-usuwania-farby-z-hakow-i-ram-fastrip-isp\/metalstrip-1465-aktivator-1665-1\/\" \/>\n<meta property=\"og:locale\" content=\"pl_PL\" \/>\n<meta property=\"og:type\" content=\"article\" \/>\n<meta property=\"og:title\" content=\"Szybkie usuwanie farby do system\u00f3w liniowych - Metalstrip 1465\" \/>\n<meta property=\"og:description\" content=\"Wysoce wydajne rozwi\u0105zanie do szybkiego usuwania farby, idealne do system\u00f3w zanurzeniowych i uk\u0142ad\u00f3w liniowych bez w\u0119glowodor\u00f3w halogenowych.\" \/>\n<meta property=\"og:url\" content=\"https:\/\/alit-tech.com\/pl\/srodki-do-odlakierowywania\/preparaty-do-usuwania-farby-z-hakow-i-ram-fastrip-isp\/metalstrip-1465-aktivator-1665-1\/\" \/>\n<meta property=\"og:site_name\" content=\"Alit technologies Spa\" \/>\n<meta property=\"article:modified_time\" content=\"2025-07-22T12:27:35+00:00\" \/>\n<meta property=\"og:image\" content=\"https:\/\/alit-tech.com\/wp-content\/uploads\/2024\/10\/Svernicianti-per-processi-di-sverniciatura-in-linea-di-Ganci-e-Telai.jpg\" \/>\n\t<meta property=\"og:image:width\" content=\"1200\" \/>\n\t<meta property=\"og:image:height\" content=\"600\" \/>\n\t<meta property=\"og:image:type\" content=\"image\/jpeg\" \/>\n<meta name=\"twitter:card\" content=\"summary_large_image\" \/>\n<meta name=\"twitter:label1\" content=\"Szacowany czas czytania\" \/>\n\t<meta name=\"twitter:data1\" content=\"1 minuta\" \/>\n<script type=\"application\/ld+json\" class=\"yoast-schema-graph\">{\"@context\":\"https:\/\/schema.org\",\"@graph\":[{\"@type\":\"WebPage\",\"@id\":\"https:\/\/alit-tech.com\/pl\/srodki-do-odlakierowywania\/preparaty-do-usuwania-farby-z-hakow-i-ram-fastrip-isp\/metalstrip-1465-aktivator-1665-1\/\",\"url\":\"https:\/\/alit-tech.com\/pl\/srodki-do-odlakierowywania\/preparaty-do-usuwania-farby-z-hakow-i-ram-fastrip-isp\/metalstrip-1465-aktivator-1665-1\/\",\"name\":\"Szybkie usuwanie farby do system\u00f3w liniowych - Metalstrip 1465\",\"isPartOf\":{\"@id\":\"https:\/\/alit-tech.com\/it\/#website\"},\"primaryImageOfPage\":{\"@id\":\"https:\/\/alit-tech.com\/pl\/srodki-do-odlakierowywania\/preparaty-do-usuwania-farby-z-hakow-i-ram-fastrip-isp\/metalstrip-1465-aktivator-1665-1\/#primaryimage\"},\"image\":{\"@id\":\"https:\/\/alit-tech.com\/pl\/srodki-do-odlakierowywania\/preparaty-do-usuwania-farby-z-hakow-i-ram-fastrip-isp\/metalstrip-1465-aktivator-1665-1\/#primaryimage\"},\"thumbnailUrl\":\"https:\/\/alit-tech.com\/wp-content\/uploads\/2024\/10\/Svernicianti-per-processi-di-sverniciatura-in-linea-di-Ganci-e-Telai.jpg\",\"datePublished\":\"2024-10-03T16:03:30+00:00\",\"dateModified\":\"2025-07-22T12:27:35+00:00\",\"description\":\"Wysoce wydajne rozwi\u0105zanie do szybkiego usuwania farby, idealne do system\u00f3w zanurzeniowych i uk\u0142ad\u00f3w liniowych bez w\u0119glowodor\u00f3w halogenowych.\",\"breadcrumb\":{\"@id\":\"https:\/\/alit-tech.com\/pl\/srodki-do-odlakierowywania\/preparaty-do-usuwania-farby-z-hakow-i-ram-fastrip-isp\/metalstrip-1465-aktivator-1665-1\/#breadcrumb\"},\"inLanguage\":\"pl-PL\",\"potentialAction\":[{\"@type\":\"ReadAction\",\"target\":[\"https:\/\/alit-tech.com\/pl\/srodki-do-odlakierowywania\/preparaty-do-usuwania-farby-z-hakow-i-ram-fastrip-isp\/metalstrip-1465-aktivator-1665-1\/\"]}]},{\"@type\":\"ImageObject\",\"inLanguage\":\"pl-PL\",\"@id\":\"https:\/\/alit-tech.com\/pl\/srodki-do-odlakierowywania\/preparaty-do-usuwania-farby-z-hakow-i-ram-fastrip-isp\/metalstrip-1465-aktivator-1665-1\/#primaryimage\",\"url\":\"https:\/\/alit-tech.com\/wp-content\/uploads\/2024\/10\/Svernicianti-per-processi-di-sverniciatura-in-linea-di-Ganci-e-Telai.jpg\",\"contentUrl\":\"https:\/\/alit-tech.com\/wp-content\/uploads\/2024\/10\/Svernicianti-per-processi-di-sverniciatura-in-linea-di-Ganci-e-Telai.jpg\",\"width\":1200,\"height\":600},{\"@type\":\"BreadcrumbList\",\"@id\":\"https:\/\/alit-tech.com\/pl\/srodki-do-odlakierowywania\/preparaty-do-usuwania-farby-z-hakow-i-ram-fastrip-isp\/metalstrip-1465-aktivator-1665-1\/#breadcrumb\",\"itemListElement\":[{\"@type\":\"ListItem\",\"position\":1,\"name\":\"Home\",\"item\":\"https:\/\/alit-tech.com\/pl\/\"},{\"@type\":\"ListItem\",\"position\":2,\"name\":\"\u015arodki do odlakierowywania\",\"item\":\"https:\/\/alit-tech.com\/pl\/srodki-do-odlakierowywania\/\"},{\"@type\":\"ListItem\",\"position\":3,\"name\":\"Preparaty do usuwania farby z hak\u00f3w i ram \u2013 FASTRIP ISP\",\"item\":\"https:\/\/alit-tech.com\/pl\/srodki-do-odlakierowywania\/preparaty-do-usuwania-farby-z-hakow-i-ram-fastrip-isp\/\"},{\"@type\":\"ListItem\",\"position\":4,\"name\":\"METALSTRIP 1465-AKTIVATOR 1665\/1\"}]},{\"@type\":\"WebSite\",\"@id\":\"https:\/\/alit-tech.com\/it\/#website\",\"url\":\"https:\/\/alit-tech.com\/it\/\",\"name\":\"Alit technologies Spa\",\"description\":\"\",\"potentialAction\":[{\"@type\":\"SearchAction\",\"target\":{\"@type\":\"EntryPoint\",\"urlTemplate\":\"https:\/\/alit-tech.com\/it\/?s={search_term_string}\"},\"query-input\":\"required name=search_term_string\"}],\"inLanguage\":\"pl-PL\"}]}<\/script>\n<!-- \/ Yoast SEO plugin. -->","yoast_head_json":{"title":"Szybkie usuwanie farby do system\u00f3w liniowych - Metalstrip 1465","description":"Wysoce wydajne rozwi\u0105zanie do szybkiego usuwania farby, idealne do system\u00f3w zanurzeniowych i uk\u0142ad\u00f3w liniowych bez w\u0119glowodor\u00f3w halogenowych.","robots":{"index":"index","follow":"follow","max-snippet":"max-snippet:-1","max-image-preview":"max-image-preview:large","max-video-preview":"max-video-preview:-1"},"canonical":"https:\/\/alit-tech.com\/pl\/srodki-do-odlakierowywania\/preparaty-do-usuwania-farby-z-hakow-i-ram-fastrip-isp\/metalstrip-1465-aktivator-1665-1\/","og_locale":"pl_PL","og_type":"article","og_title":"Szybkie usuwanie farby do system\u00f3w liniowych - Metalstrip 1465","og_description":"Wysoce wydajne rozwi\u0105zanie do szybkiego usuwania farby, idealne do system\u00f3w zanurzeniowych i uk\u0142ad\u00f3w liniowych bez w\u0119glowodor\u00f3w halogenowych.","og_url":"https:\/\/alit-tech.com\/pl\/srodki-do-odlakierowywania\/preparaty-do-usuwania-farby-z-hakow-i-ram-fastrip-isp\/metalstrip-1465-aktivator-1665-1\/","og_site_name":"Alit technologies Spa","article_modified_time":"2025-07-22T12:27:35+00:00","og_image":[{"width":1200,"height":600,"url":"https:\/\/alit-tech.com\/wp-content\/uploads\/2024\/10\/Svernicianti-per-processi-di-sverniciatura-in-linea-di-Ganci-e-Telai.jpg","type":"image\/jpeg"}],"twitter_card":"summary_large_image","twitter_misc":{"Szacowany czas czytania":"1 minuta"},"schema":{"@context":"https:\/\/schema.org","@graph":[{"@type":"WebPage","@id":"https:\/\/alit-tech.com\/pl\/srodki-do-odlakierowywania\/preparaty-do-usuwania-farby-z-hakow-i-ram-fastrip-isp\/metalstrip-1465-aktivator-1665-1\/","url":"https:\/\/alit-tech.com\/pl\/srodki-do-odlakierowywania\/preparaty-do-usuwania-farby-z-hakow-i-ram-fastrip-isp\/metalstrip-1465-aktivator-1665-1\/","name":"Szybkie usuwanie farby do system\u00f3w liniowych - Metalstrip 1465","isPartOf":{"@id":"https:\/\/alit-tech.com\/it\/#website"},"primaryImageOfPage":{"@id":"https:\/\/alit-tech.com\/pl\/srodki-do-odlakierowywania\/preparaty-do-usuwania-farby-z-hakow-i-ram-fastrip-isp\/metalstrip-1465-aktivator-1665-1\/#primaryimage"},"image":{"@id":"https:\/\/alit-tech.com\/pl\/srodki-do-odlakierowywania\/preparaty-do-usuwania-farby-z-hakow-i-ram-fastrip-isp\/metalstrip-1465-aktivator-1665-1\/#primaryimage"},"thumbnailUrl":"https:\/\/alit-tech.com\/wp-content\/uploads\/2024\/10\/Svernicianti-per-processi-di-sverniciatura-in-linea-di-Ganci-e-Telai.jpg","datePublished":"2024-10-03T16:03:30+00:00","dateModified":"2025-07-22T12:27:35+00:00","description":"Wysoce wydajne rozwi\u0105zanie do szybkiego usuwania farby, idealne do system\u00f3w zanurzeniowych i uk\u0142ad\u00f3w liniowych bez w\u0119glowodor\u00f3w halogenowych.","breadcrumb":{"@id":"https:\/\/alit-tech.com\/pl\/srodki-do-odlakierowywania\/preparaty-do-usuwania-farby-z-hakow-i-ram-fastrip-isp\/metalstrip-1465-aktivator-1665-1\/#breadcrumb"},"inLanguage":"pl-PL","potentialAction":[{"@type":"ReadAction","target":["https:\/\/alit-tech.com\/pl\/srodki-do-odlakierowywania\/preparaty-do-usuwania-farby-z-hakow-i-ram-fastrip-isp\/metalstrip-1465-aktivator-1665-1\/"]}]},{"@type":"ImageObject","inLanguage":"pl-PL","@id":"https:\/\/alit-tech.com\/pl\/srodki-do-odlakierowywania\/preparaty-do-usuwania-farby-z-hakow-i-ram-fastrip-isp\/metalstrip-1465-aktivator-1665-1\/#primaryimage","url":"https:\/\/alit-tech.com\/wp-content\/uploads\/2024\/10\/Svernicianti-per-processi-di-sverniciatura-in-linea-di-Ganci-e-Telai.jpg","contentUrl":"https:\/\/alit-tech.com\/wp-content\/uploads\/2024\/10\/Svernicianti-per-processi-di-sverniciatura-in-linea-di-Ganci-e-Telai.jpg","width":1200,"height":600},{"@type":"BreadcrumbList","@id":"https:\/\/alit-tech.com\/pl\/srodki-do-odlakierowywania\/preparaty-do-usuwania-farby-z-hakow-i-ram-fastrip-isp\/metalstrip-1465-aktivator-1665-1\/#breadcrumb","itemListElement":[{"@type":"ListItem","position":1,"name":"Home","item":"https:\/\/alit-tech.com\/pl\/"},{"@type":"ListItem","position":2,"name":"\u015arodki do odlakierowywania","item":"https:\/\/alit-tech.com\/pl\/srodki-do-odlakierowywania\/"},{"@type":"ListItem","position":3,"name":"Preparaty do usuwania farby z hak\u00f3w i ram \u2013 FASTRIP ISP","item":"https:\/\/alit-tech.com\/pl\/srodki-do-odlakierowywania\/preparaty-do-usuwania-farby-z-hakow-i-ram-fastrip-isp\/"},{"@type":"ListItem","position":4,"name":"METALSTRIP 1465-AKTIVATOR 1665\/1"}]},{"@type":"WebSite","@id":"https:\/\/alit-tech.com\/it\/#website","url":"https:\/\/alit-tech.com\/it\/","name":"Alit technologies Spa","description":"","potentialAction":[{"@type":"SearchAction","target":{"@type":"EntryPoint","urlTemplate":"https:\/\/alit-tech.com\/it\/?s={search_term_string}"},"query-input":"required name=search_term_string"}],"inLanguage":"pl-PL"}]}},"_links":{"self":[{"href":"https:\/\/alit-tech.com\/pl\/wp-json\/wp\/v2\/pages\/15639"}],"collection":[{"href":"https:\/\/alit-tech.com\/pl\/wp-json\/wp\/v2\/pages"}],"about":[{"href":"https:\/\/alit-tech.com\/pl\/wp-json\/wp\/v2\/types\/page"}],"author":[{"embeddable":true,"href":"https:\/\/alit-tech.com\/pl\/wp-json\/wp\/v2\/users\/1"}],"replies":[{"embeddable":true,"href":"https:\/\/alit-tech.com\/pl\/wp-json\/wp\/v2\/comments?post=15639"}],"version-history":[{"count":1,"href":"https:\/\/alit-tech.com\/pl\/wp-json\/wp\/v2\/pages\/15639\/revisions"}],"predecessor-version":[{"id":15641,"href":"https:\/\/alit-tech.com\/pl\/wp-json\/wp\/v2\/pages\/15639\/revisions\/15641"}],"up":[{"embeddable":true,"href":"https:\/\/alit-tech.com\/pl\/wp-json\/wp\/v2\/pages\/15575"}],"wp:featuredmedia":[{"embeddable":true,"href":"https:\/\/alit-tech.com\/pl\/wp-json\/wp\/v2\/media\/12694"}],"wp:attachment":[{"href":"https:\/\/alit-tech.com\/pl\/wp-json\/wp\/v2\/media?parent=15639"}],"curies":[{"name":"wp","href":"https:\/\/api.w.org\/{rel}","templated":true}]}}