{"id":15642,"date":"2024-10-03T18:11:47","date_gmt":"2024-10-03T16:11:47","guid":{"rendered":"https:\/\/alit-tech.com\/srodki-do-odlakierowywania\/preparaty-do-usuwania-farby-na-goraco\/metalstrip-1727-3\/"},"modified":"2025-07-22T14:13:38","modified_gmt":"2025-07-22T12:13:38","slug":"metalstrip-1727-3","status":"publish","type":"page","link":"https:\/\/alit-tech.com\/pl\/srodki-do-odlakierowywania\/preparaty-do-usuwania-farby-na-goraco\/metalstrip-1727-3\/","title":{"rendered":"METALSTRIP 1727\/3"},"content":{"rendered":"\n<p>Metalstrip 1727\/3 w po\u0142\u0105czeniu z Aktywatorem Metalstrip 1553 to szybko dzia\u0142aj\u0105cy \u015brodek do usuwania farby z powierzchni \u017celaznych i aluminiowych. Gotowy do u\u017cycia i niezawieraj\u0105cy w\u0119glowodor\u00f3w halogenowych, idealnie nadaje si\u0119 do system\u00f3w natryskowych i zanurzeniowych. Czas usuwania farby waha si\u0119 od 5 minut do 6 godzin, w zale\u017cno\u015bci od rodzaju pow\u0142oki i jej grubo\u015bci. Produkt niepieni\u0105cy si\u0119, szczeg\u00f3lnie polecany do aplikacji natryskowej<\/p>\n\n\n\n<div style=\"height:50px\" aria-hidden=\"true\" class=\"wp-block-spacer\"><\/div>\n\n\n\n<p><strong>Wymagania techniczne dotycz\u0105ce usuwania farby<\/strong><br>Materia\u0142y maj\u0105ce kontakt z preparatem musz\u0105 by\u0107 wykonane ze stali w\u0119glowej lub stali nierdzewnej i musz\u0105 by\u0107 odporne na podgrzewane roztwory alkaliczne w temperaturze do 120\u00b0C. Zbiornik do usuwania farby musi by\u0107 stale mieszany za pomoc\u0105 mieszade\u0142 lub dedykowanych pomp. Zastosowanie odpowiednich system\u00f3w filtracyjnych umo\u017cliwi separacj\u0119 osadu farby, co wyd\u0142u\u017cy \u017cywotno\u015b\u0107 k\u0105pieli do usuwania farby.<\/p>\n\n\n\n<div style=\"height:50px\" aria-hidden=\"true\" class=\"wp-block-spacer\"><\/div>\n\n\n\n<p><strong>Kontrola k\u0105pieli do usuwania farby<br><\/strong>Szczeg\u00f3\u0142owe instrukcje dotycz\u0105ce analizy produktu s\u0105 dost\u0119pne na \u017c\u0105danie. Regularne przeprowadzanie tego typu analiz pozwoli na optymalizacj\u0119 dzia\u0142ania produktu.<\/p>\n","protected":false},"excerpt":{"rendered":"<p>Metalstrip 1727\/3 w po\u0142\u0105czeniu z Aktywatorem Metalstrip 1553 to szybko dzia\u0142aj\u0105cy \u015brodek do usuwania farby z powierzchni \u017celaznych i aluminiowych. Gotowy do u\u017cycia i niezawieraj\u0105cy w\u0119glowodor\u00f3w halogenowych, idealnie nadaje si\u0119 do system\u00f3w natryskowych i zanurzeniowych. Czas usuwania farby waha si\u0119 od 5 minut do 6 godzin, w zale\u017cno\u015bci od rodzaju pow\u0142oki i jej grubo\u015bci. Produkt [&hellip;]<\/p>\n","protected":false},"author":1,"featured_media":12706,"parent":15579,"menu_order":0,"comment_status":"closed","ping_status":"closed","template":"template-pages\/08_chemical_cat_product.php","meta":{"_acf_changed":false,"footnotes":""},"class_list":["post-15642","page","type-page","status-publish","has-post-thumbnail","hentry"],"acf":[],"yoast_head":"<!-- This site is optimized with the Yoast SEO plugin v23.1 - https:\/\/yoast.com\/wordpress\/plugins\/seo\/ -->\n<title>Przemys\u0142owy \u015brodek do usuwania farby z metalu<\/title>\n<meta name=\"description\" content=\"Metalstrip 1727\/3 to wydajny preparat do usuwania farby na gor\u0105co z aluminium, stali i lekkich stop\u00f3w. Idealny do zastosowa\u0144 zanurzeniowych.\" \/>\n<meta name=\"robots\" content=\"index, follow, max-snippet:-1, max-image-preview:large, max-video-preview:-1\" \/>\n<link rel=\"canonical\" href=\"https:\/\/alit-tech.com\/pl\/srodki-do-odlakierowywania\/preparaty-do-usuwania-farby-na-goraco\/metalstrip-1727-3\/\" \/>\n<meta property=\"og:locale\" content=\"pl_PL\" \/>\n<meta property=\"og:type\" content=\"article\" \/>\n<meta property=\"og:title\" content=\"Przemys\u0142owy \u015brodek do usuwania farby z metalu\" \/>\n<meta property=\"og:description\" content=\"Metalstrip 1727\/3 to wydajny preparat do usuwania farby na gor\u0105co z aluminium, stali i lekkich stop\u00f3w. Idealny do zastosowa\u0144 zanurzeniowych.\" \/>\n<meta property=\"og:url\" content=\"https:\/\/alit-tech.com\/pl\/srodki-do-odlakierowywania\/preparaty-do-usuwania-farby-na-goraco\/metalstrip-1727-3\/\" \/>\n<meta property=\"og:site_name\" content=\"Alit technologies Spa\" \/>\n<meta property=\"article:modified_time\" content=\"2025-07-22T12:13:38+00:00\" \/>\n<meta property=\"og:image\" content=\"https:\/\/alit-tech.com\/wp-content\/uploads\/2024\/10\/Svernicianti.webp\" \/>\n\t<meta property=\"og:image:width\" content=\"1276\" \/>\n\t<meta property=\"og:image:height\" content=\"850\" \/>\n\t<meta property=\"og:image:type\" content=\"image\/webp\" \/>\n<meta name=\"twitter:card\" content=\"summary_large_image\" \/>\n<meta name=\"twitter:label1\" content=\"Szacowany czas czytania\" \/>\n\t<meta name=\"twitter:data1\" content=\"1 minuta\" \/>\n<script type=\"application\/ld+json\" class=\"yoast-schema-graph\">{\"@context\":\"https:\/\/schema.org\",\"@graph\":[{\"@type\":\"WebPage\",\"@id\":\"https:\/\/alit-tech.com\/pl\/srodki-do-odlakierowywania\/preparaty-do-usuwania-farby-na-goraco\/metalstrip-1727-3\/\",\"url\":\"https:\/\/alit-tech.com\/pl\/srodki-do-odlakierowywania\/preparaty-do-usuwania-farby-na-goraco\/metalstrip-1727-3\/\",\"name\":\"Przemys\u0142owy \u015brodek do usuwania farby z metalu\",\"isPartOf\":{\"@id\":\"https:\/\/alit-tech.com\/it\/#website\"},\"primaryImageOfPage\":{\"@id\":\"https:\/\/alit-tech.com\/pl\/srodki-do-odlakierowywania\/preparaty-do-usuwania-farby-na-goraco\/metalstrip-1727-3\/#primaryimage\"},\"image\":{\"@id\":\"https:\/\/alit-tech.com\/pl\/srodki-do-odlakierowywania\/preparaty-do-usuwania-farby-na-goraco\/metalstrip-1727-3\/#primaryimage\"},\"thumbnailUrl\":\"https:\/\/alit-tech.com\/wp-content\/uploads\/2024\/10\/Svernicianti.webp\",\"datePublished\":\"2024-10-03T16:11:47+00:00\",\"dateModified\":\"2025-07-22T12:13:38+00:00\",\"description\":\"Metalstrip 1727\/3 to wydajny preparat do usuwania farby na gor\u0105co z aluminium, stali i lekkich stop\u00f3w. Idealny do zastosowa\u0144 zanurzeniowych.\",\"breadcrumb\":{\"@id\":\"https:\/\/alit-tech.com\/pl\/srodki-do-odlakierowywania\/preparaty-do-usuwania-farby-na-goraco\/metalstrip-1727-3\/#breadcrumb\"},\"inLanguage\":\"pl-PL\",\"potentialAction\":[{\"@type\":\"ReadAction\",\"target\":[\"https:\/\/alit-tech.com\/pl\/srodki-do-odlakierowywania\/preparaty-do-usuwania-farby-na-goraco\/metalstrip-1727-3\/\"]}]},{\"@type\":\"ImageObject\",\"inLanguage\":\"pl-PL\",\"@id\":\"https:\/\/alit-tech.com\/pl\/srodki-do-odlakierowywania\/preparaty-do-usuwania-farby-na-goraco\/metalstrip-1727-3\/#primaryimage\",\"url\":\"https:\/\/alit-tech.com\/wp-content\/uploads\/2024\/10\/Svernicianti.webp\",\"contentUrl\":\"https:\/\/alit-tech.com\/wp-content\/uploads\/2024\/10\/Svernicianti.webp\",\"width\":1276,\"height\":850},{\"@type\":\"BreadcrumbList\",\"@id\":\"https:\/\/alit-tech.com\/pl\/srodki-do-odlakierowywania\/preparaty-do-usuwania-farby-na-goraco\/metalstrip-1727-3\/#breadcrumb\",\"itemListElement\":[{\"@type\":\"ListItem\",\"position\":1,\"name\":\"Home\",\"item\":\"https:\/\/alit-tech.com\/pl\/\"},{\"@type\":\"ListItem\",\"position\":2,\"name\":\"\u015arodki do odlakierowywania\",\"item\":\"https:\/\/alit-tech.com\/pl\/srodki-do-odlakierowywania\/\"},{\"@type\":\"ListItem\",\"position\":3,\"name\":\"Preparaty do usuwania farby na gor\u0105co\",\"item\":\"https:\/\/alit-tech.com\/pl\/srodki-do-odlakierowywania\/preparaty-do-usuwania-farby-na-goraco\/\"},{\"@type\":\"ListItem\",\"position\":4,\"name\":\"METALSTRIP 1727\/3\"}]},{\"@type\":\"WebSite\",\"@id\":\"https:\/\/alit-tech.com\/it\/#website\",\"url\":\"https:\/\/alit-tech.com\/it\/\",\"name\":\"Alit technologies Spa\",\"description\":\"\",\"potentialAction\":[{\"@type\":\"SearchAction\",\"target\":{\"@type\":\"EntryPoint\",\"urlTemplate\":\"https:\/\/alit-tech.com\/it\/?s={search_term_string}\"},\"query-input\":\"required name=search_term_string\"}],\"inLanguage\":\"pl-PL\"}]}<\/script>\n<!-- \/ Yoast SEO plugin. -->","yoast_head_json":{"title":"Przemys\u0142owy \u015brodek do usuwania farby z metalu","description":"Metalstrip 1727\/3 to wydajny preparat do usuwania farby na gor\u0105co z aluminium, stali i lekkich stop\u00f3w. Idealny do zastosowa\u0144 zanurzeniowych.","robots":{"index":"index","follow":"follow","max-snippet":"max-snippet:-1","max-image-preview":"max-image-preview:large","max-video-preview":"max-video-preview:-1"},"canonical":"https:\/\/alit-tech.com\/pl\/srodki-do-odlakierowywania\/preparaty-do-usuwania-farby-na-goraco\/metalstrip-1727-3\/","og_locale":"pl_PL","og_type":"article","og_title":"Przemys\u0142owy \u015brodek do usuwania farby z metalu","og_description":"Metalstrip 1727\/3 to wydajny preparat do usuwania farby na gor\u0105co z aluminium, stali i lekkich stop\u00f3w. Idealny do zastosowa\u0144 zanurzeniowych.","og_url":"https:\/\/alit-tech.com\/pl\/srodki-do-odlakierowywania\/preparaty-do-usuwania-farby-na-goraco\/metalstrip-1727-3\/","og_site_name":"Alit technologies Spa","article_modified_time":"2025-07-22T12:13:38+00:00","og_image":[{"width":1276,"height":850,"url":"https:\/\/alit-tech.com\/wp-content\/uploads\/2024\/10\/Svernicianti.webp","type":"image\/webp"}],"twitter_card":"summary_large_image","twitter_misc":{"Szacowany czas czytania":"1 minuta"},"schema":{"@context":"https:\/\/schema.org","@graph":[{"@type":"WebPage","@id":"https:\/\/alit-tech.com\/pl\/srodki-do-odlakierowywania\/preparaty-do-usuwania-farby-na-goraco\/metalstrip-1727-3\/","url":"https:\/\/alit-tech.com\/pl\/srodki-do-odlakierowywania\/preparaty-do-usuwania-farby-na-goraco\/metalstrip-1727-3\/","name":"Przemys\u0142owy \u015brodek do usuwania farby z metalu","isPartOf":{"@id":"https:\/\/alit-tech.com\/it\/#website"},"primaryImageOfPage":{"@id":"https:\/\/alit-tech.com\/pl\/srodki-do-odlakierowywania\/preparaty-do-usuwania-farby-na-goraco\/metalstrip-1727-3\/#primaryimage"},"image":{"@id":"https:\/\/alit-tech.com\/pl\/srodki-do-odlakierowywania\/preparaty-do-usuwania-farby-na-goraco\/metalstrip-1727-3\/#primaryimage"},"thumbnailUrl":"https:\/\/alit-tech.com\/wp-content\/uploads\/2024\/10\/Svernicianti.webp","datePublished":"2024-10-03T16:11:47+00:00","dateModified":"2025-07-22T12:13:38+00:00","description":"Metalstrip 1727\/3 to wydajny preparat do usuwania farby na gor\u0105co z aluminium, stali i lekkich stop\u00f3w. Idealny do zastosowa\u0144 zanurzeniowych.","breadcrumb":{"@id":"https:\/\/alit-tech.com\/pl\/srodki-do-odlakierowywania\/preparaty-do-usuwania-farby-na-goraco\/metalstrip-1727-3\/#breadcrumb"},"inLanguage":"pl-PL","potentialAction":[{"@type":"ReadAction","target":["https:\/\/alit-tech.com\/pl\/srodki-do-odlakierowywania\/preparaty-do-usuwania-farby-na-goraco\/metalstrip-1727-3\/"]}]},{"@type":"ImageObject","inLanguage":"pl-PL","@id":"https:\/\/alit-tech.com\/pl\/srodki-do-odlakierowywania\/preparaty-do-usuwania-farby-na-goraco\/metalstrip-1727-3\/#primaryimage","url":"https:\/\/alit-tech.com\/wp-content\/uploads\/2024\/10\/Svernicianti.webp","contentUrl":"https:\/\/alit-tech.com\/wp-content\/uploads\/2024\/10\/Svernicianti.webp","width":1276,"height":850},{"@type":"BreadcrumbList","@id":"https:\/\/alit-tech.com\/pl\/srodki-do-odlakierowywania\/preparaty-do-usuwania-farby-na-goraco\/metalstrip-1727-3\/#breadcrumb","itemListElement":[{"@type":"ListItem","position":1,"name":"Home","item":"https:\/\/alit-tech.com\/pl\/"},{"@type":"ListItem","position":2,"name":"\u015arodki do odlakierowywania","item":"https:\/\/alit-tech.com\/pl\/srodki-do-odlakierowywania\/"},{"@type":"ListItem","position":3,"name":"Preparaty do usuwania farby na gor\u0105co","item":"https:\/\/alit-tech.com\/pl\/srodki-do-odlakierowywania\/preparaty-do-usuwania-farby-na-goraco\/"},{"@type":"ListItem","position":4,"name":"METALSTRIP 1727\/3"}]},{"@type":"WebSite","@id":"https:\/\/alit-tech.com\/it\/#website","url":"https:\/\/alit-tech.com\/it\/","name":"Alit technologies Spa","description":"","potentialAction":[{"@type":"SearchAction","target":{"@type":"EntryPoint","urlTemplate":"https:\/\/alit-tech.com\/it\/?s={search_term_string}"},"query-input":"required name=search_term_string"}],"inLanguage":"pl-PL"}]}},"_links":{"self":[{"href":"https:\/\/alit-tech.com\/pl\/wp-json\/wp\/v2\/pages\/15642"}],"collection":[{"href":"https:\/\/alit-tech.com\/pl\/wp-json\/wp\/v2\/pages"}],"about":[{"href":"https:\/\/alit-tech.com\/pl\/wp-json\/wp\/v2\/types\/page"}],"author":[{"embeddable":true,"href":"https:\/\/alit-tech.com\/pl\/wp-json\/wp\/v2\/users\/1"}],"replies":[{"embeddable":true,"href":"https:\/\/alit-tech.com\/pl\/wp-json\/wp\/v2\/comments?post=15642"}],"version-history":[{"count":1,"href":"https:\/\/alit-tech.com\/pl\/wp-json\/wp\/v2\/pages\/15642\/revisions"}],"predecessor-version":[{"id":15644,"href":"https:\/\/alit-tech.com\/pl\/wp-json\/wp\/v2\/pages\/15642\/revisions\/15644"}],"up":[{"embeddable":true,"href":"https:\/\/alit-tech.com\/pl\/wp-json\/wp\/v2\/pages\/15579"}],"wp:featuredmedia":[{"embeddable":true,"href":"https:\/\/alit-tech.com\/pl\/wp-json\/wp\/v2\/media\/12706"}],"wp:attachment":[{"href":"https:\/\/alit-tech.com\/pl\/wp-json\/wp\/v2\/media?parent=15642"}],"curies":[{"name":"wp","href":"https:\/\/api.w.org\/{rel}","templated":true}]}}