{"id":15648,"date":"2024-10-03T18:21:41","date_gmt":"2024-10-03T16:21:41","guid":{"rendered":"https:\/\/alit-tech.com\/srodki-do-odlakierowywania\/preparaty-do-usuwania-farby-na-zimno\/metalstrip-gel-1201\/"},"modified":"2025-07-22T14:25:18","modified_gmt":"2025-07-22T12:25:18","slug":"zel-metalstrip-1201","status":"publish","type":"page","link":"https:\/\/alit-tech.com\/pl\/srodki-do-odlakierowywania\/preparaty-do-usuwania-farby-na-zimno\/zel-metalstrip-1201\/","title":{"rendered":"\u017bEL METALSTRIP 1201\u00a0"},"content":{"rendered":"\n<p>\u017bel Metalstrip 1201 to neutralny, lepki, bezwonny \u015brodek do usuwania farby, opracowany specjalnie do usuwania odpornych pow\u0142ok, takich jak farby epoksydowe, podk\u0142ady epoksydowe, poliuretany, farby alkidowe i inne farby katalizowane. Metalstrip 1201 oferuje operatorom znacz\u0105ce korzy\u015bci ze wzgl\u0119du na swoj\u0105 formu\u0142\u0119 woln\u0105 od rozpuszczalnik\u00f3w chlorowanych, ropy naftowej, fenoli, chromian\u00f3w, amoniaku, amin i kwas\u00f3w. Ten \u015brodek do usuwania farby nadaje si\u0119 do stosowania w temperaturze pokojowej, zapewniaj\u0105c wysok\u0105 przyczepno\u015b\u0107 nawet na powierzchniach pionowych i redukuj\u0105c zu\u017cycie w por\u00f3wnaniu do konwencjonalnych \u015brodk\u00f3w do usuwania farby.<\/p>\n","protected":false},"excerpt":{"rendered":"<p>\u017bel Metalstrip 1201 to neutralny, lepki, bezwonny \u015brodek do usuwania farby, opracowany specjalnie do usuwania odpornych pow\u0142ok, takich jak farby epoksydowe, podk\u0142ady epoksydowe, poliuretany, farby alkidowe i inne farby katalizowane. Metalstrip 1201 oferuje operatorom znacz\u0105ce korzy\u015bci ze wzgl\u0119du na swoj\u0105 formu\u0142\u0119 woln\u0105 od rozpuszczalnik\u00f3w chlorowanych, ropy naftowej, fenoli, chromian\u00f3w, amoniaku, amin i kwas\u00f3w. Ten \u015brodek [&hellip;]<\/p>\n","protected":false},"author":1,"featured_media":12718,"parent":15583,"menu_order":0,"comment_status":"closed","ping_status":"closed","template":"template-pages\/08_chemical_cat_product.php","meta":{"_acf_changed":false,"footnotes":""},"class_list":["post-15648","page","type-page","status-publish","has-post-thumbnail","hentry"],"acf":[],"yoast_head":"<!-- This site is optimized with the Yoast SEO plugin v23.1 - https:\/\/yoast.com\/wordpress\/plugins\/seo\/ -->\n<title>Metalstrip 1201 - Neutralny i lepki \u015brodek do usuwania farby<\/title>\n<meta name=\"description\" content=\"Metalstrip 1201 to bezwonny \u017cel do usuwania farb epoksydowych, poliuretan\u00f3w, alkid\u00f3w i innych trudnych pow\u0142ok z metalu.\" \/>\n<meta name=\"robots\" content=\"index, follow, max-snippet:-1, max-image-preview:large, max-video-preview:-1\" \/>\n<link rel=\"canonical\" href=\"https:\/\/alit-tech.com\/pl\/srodki-do-odlakierowywania\/preparaty-do-usuwania-farby-na-zimno\/zel-metalstrip-1201\/\" \/>\n<meta property=\"og:locale\" content=\"pl_PL\" \/>\n<meta property=\"og:type\" content=\"article\" \/>\n<meta property=\"og:title\" content=\"Metalstrip 1201 - Neutralny i lepki \u015brodek do usuwania farby\" \/>\n<meta property=\"og:description\" content=\"Metalstrip 1201 to bezwonny \u017cel do usuwania farb epoksydowych, poliuretan\u00f3w, alkid\u00f3w i innych trudnych pow\u0142ok z metalu.\" \/>\n<meta property=\"og:url\" content=\"https:\/\/alit-tech.com\/pl\/srodki-do-odlakierowywania\/preparaty-do-usuwania-farby-na-zimno\/zel-metalstrip-1201\/\" \/>\n<meta property=\"og:site_name\" content=\"Alit technologies Spa\" \/>\n<meta property=\"article:modified_time\" content=\"2025-07-22T12:25:18+00:00\" \/>\n<meta property=\"og:image\" content=\"https:\/\/alit-tech.com\/wp-content\/uploads\/2024\/10\/sverniciatura-a-freddo.webp\" \/>\n\t<meta property=\"og:image:width\" content=\"1276\" \/>\n\t<meta property=\"og:image:height\" content=\"850\" \/>\n\t<meta property=\"og:image:type\" content=\"image\/webp\" \/>\n<meta name=\"twitter:card\" content=\"summary_large_image\" \/>\n<meta name=\"twitter:label1\" content=\"Szacowany czas czytania\" \/>\n\t<meta name=\"twitter:data1\" content=\"1 minuta\" \/>\n<script type=\"application\/ld+json\" class=\"yoast-schema-graph\">{\"@context\":\"https:\/\/schema.org\",\"@graph\":[{\"@type\":\"WebPage\",\"@id\":\"https:\/\/alit-tech.com\/pl\/srodki-do-odlakierowywania\/preparaty-do-usuwania-farby-na-zimno\/zel-metalstrip-1201\/\",\"url\":\"https:\/\/alit-tech.com\/pl\/srodki-do-odlakierowywania\/preparaty-do-usuwania-farby-na-zimno\/zel-metalstrip-1201\/\",\"name\":\"Metalstrip 1201 - Neutralny i lepki \u015brodek do usuwania farby\",\"isPartOf\":{\"@id\":\"https:\/\/alit-tech.com\/it\/#website\"},\"primaryImageOfPage\":{\"@id\":\"https:\/\/alit-tech.com\/pl\/srodki-do-odlakierowywania\/preparaty-do-usuwania-farby-na-zimno\/zel-metalstrip-1201\/#primaryimage\"},\"image\":{\"@id\":\"https:\/\/alit-tech.com\/pl\/srodki-do-odlakierowywania\/preparaty-do-usuwania-farby-na-zimno\/zel-metalstrip-1201\/#primaryimage\"},\"thumbnailUrl\":\"https:\/\/alit-tech.com\/wp-content\/uploads\/2024\/10\/sverniciatura-a-freddo.webp\",\"datePublished\":\"2024-10-03T16:21:41+00:00\",\"dateModified\":\"2025-07-22T12:25:18+00:00\",\"description\":\"Metalstrip 1201 to bezwonny \u017cel do usuwania farb epoksydowych, poliuretan\u00f3w, alkid\u00f3w i innych trudnych pow\u0142ok z metalu.\",\"breadcrumb\":{\"@id\":\"https:\/\/alit-tech.com\/pl\/srodki-do-odlakierowywania\/preparaty-do-usuwania-farby-na-zimno\/zel-metalstrip-1201\/#breadcrumb\"},\"inLanguage\":\"pl-PL\",\"potentialAction\":[{\"@type\":\"ReadAction\",\"target\":[\"https:\/\/alit-tech.com\/pl\/srodki-do-odlakierowywania\/preparaty-do-usuwania-farby-na-zimno\/zel-metalstrip-1201\/\"]}]},{\"@type\":\"ImageObject\",\"inLanguage\":\"pl-PL\",\"@id\":\"https:\/\/alit-tech.com\/pl\/srodki-do-odlakierowywania\/preparaty-do-usuwania-farby-na-zimno\/zel-metalstrip-1201\/#primaryimage\",\"url\":\"https:\/\/alit-tech.com\/wp-content\/uploads\/2024\/10\/sverniciatura-a-freddo.webp\",\"contentUrl\":\"https:\/\/alit-tech.com\/wp-content\/uploads\/2024\/10\/sverniciatura-a-freddo.webp\",\"width\":1276,\"height\":850},{\"@type\":\"BreadcrumbList\",\"@id\":\"https:\/\/alit-tech.com\/pl\/srodki-do-odlakierowywania\/preparaty-do-usuwania-farby-na-zimno\/zel-metalstrip-1201\/#breadcrumb\",\"itemListElement\":[{\"@type\":\"ListItem\",\"position\":1,\"name\":\"Home\",\"item\":\"https:\/\/alit-tech.com\/pl\/\"},{\"@type\":\"ListItem\",\"position\":2,\"name\":\"\u015arodki do odlakierowywania\",\"item\":\"https:\/\/alit-tech.com\/pl\/srodki-do-odlakierowywania\/\"},{\"@type\":\"ListItem\",\"position\":3,\"name\":\"Preparaty do usuwania farby na zimno\",\"item\":\"https:\/\/alit-tech.com\/pl\/srodki-do-odlakierowywania\/preparaty-do-usuwania-farby-na-zimno\/\"},{\"@type\":\"ListItem\",\"position\":4,\"name\":\"\u017bEL METALSTRIP 1201\u00a0\"}]},{\"@type\":\"WebSite\",\"@id\":\"https:\/\/alit-tech.com\/it\/#website\",\"url\":\"https:\/\/alit-tech.com\/it\/\",\"name\":\"Alit technologies Spa\",\"description\":\"\",\"potentialAction\":[{\"@type\":\"SearchAction\",\"target\":{\"@type\":\"EntryPoint\",\"urlTemplate\":\"https:\/\/alit-tech.com\/it\/?s={search_term_string}\"},\"query-input\":\"required name=search_term_string\"}],\"inLanguage\":\"pl-PL\"}]}<\/script>\n<!-- \/ Yoast SEO plugin. -->","yoast_head_json":{"title":"Metalstrip 1201 - Neutralny i lepki \u015brodek do usuwania farby","description":"Metalstrip 1201 to bezwonny \u017cel do usuwania farb epoksydowych, poliuretan\u00f3w, alkid\u00f3w i innych trudnych pow\u0142ok z metalu.","robots":{"index":"index","follow":"follow","max-snippet":"max-snippet:-1","max-image-preview":"max-image-preview:large","max-video-preview":"max-video-preview:-1"},"canonical":"https:\/\/alit-tech.com\/pl\/srodki-do-odlakierowywania\/preparaty-do-usuwania-farby-na-zimno\/zel-metalstrip-1201\/","og_locale":"pl_PL","og_type":"article","og_title":"Metalstrip 1201 - Neutralny i lepki \u015brodek do usuwania farby","og_description":"Metalstrip 1201 to bezwonny \u017cel do usuwania farb epoksydowych, poliuretan\u00f3w, alkid\u00f3w i innych trudnych pow\u0142ok z metalu.","og_url":"https:\/\/alit-tech.com\/pl\/srodki-do-odlakierowywania\/preparaty-do-usuwania-farby-na-zimno\/zel-metalstrip-1201\/","og_site_name":"Alit technologies Spa","article_modified_time":"2025-07-22T12:25:18+00:00","og_image":[{"width":1276,"height":850,"url":"https:\/\/alit-tech.com\/wp-content\/uploads\/2024\/10\/sverniciatura-a-freddo.webp","type":"image\/webp"}],"twitter_card":"summary_large_image","twitter_misc":{"Szacowany czas czytania":"1 minuta"},"schema":{"@context":"https:\/\/schema.org","@graph":[{"@type":"WebPage","@id":"https:\/\/alit-tech.com\/pl\/srodki-do-odlakierowywania\/preparaty-do-usuwania-farby-na-zimno\/zel-metalstrip-1201\/","url":"https:\/\/alit-tech.com\/pl\/srodki-do-odlakierowywania\/preparaty-do-usuwania-farby-na-zimno\/zel-metalstrip-1201\/","name":"Metalstrip 1201 - Neutralny i lepki \u015brodek do usuwania farby","isPartOf":{"@id":"https:\/\/alit-tech.com\/it\/#website"},"primaryImageOfPage":{"@id":"https:\/\/alit-tech.com\/pl\/srodki-do-odlakierowywania\/preparaty-do-usuwania-farby-na-zimno\/zel-metalstrip-1201\/#primaryimage"},"image":{"@id":"https:\/\/alit-tech.com\/pl\/srodki-do-odlakierowywania\/preparaty-do-usuwania-farby-na-zimno\/zel-metalstrip-1201\/#primaryimage"},"thumbnailUrl":"https:\/\/alit-tech.com\/wp-content\/uploads\/2024\/10\/sverniciatura-a-freddo.webp","datePublished":"2024-10-03T16:21:41+00:00","dateModified":"2025-07-22T12:25:18+00:00","description":"Metalstrip 1201 to bezwonny \u017cel do usuwania farb epoksydowych, poliuretan\u00f3w, alkid\u00f3w i innych trudnych pow\u0142ok z metalu.","breadcrumb":{"@id":"https:\/\/alit-tech.com\/pl\/srodki-do-odlakierowywania\/preparaty-do-usuwania-farby-na-zimno\/zel-metalstrip-1201\/#breadcrumb"},"inLanguage":"pl-PL","potentialAction":[{"@type":"ReadAction","target":["https:\/\/alit-tech.com\/pl\/srodki-do-odlakierowywania\/preparaty-do-usuwania-farby-na-zimno\/zel-metalstrip-1201\/"]}]},{"@type":"ImageObject","inLanguage":"pl-PL","@id":"https:\/\/alit-tech.com\/pl\/srodki-do-odlakierowywania\/preparaty-do-usuwania-farby-na-zimno\/zel-metalstrip-1201\/#primaryimage","url":"https:\/\/alit-tech.com\/wp-content\/uploads\/2024\/10\/sverniciatura-a-freddo.webp","contentUrl":"https:\/\/alit-tech.com\/wp-content\/uploads\/2024\/10\/sverniciatura-a-freddo.webp","width":1276,"height":850},{"@type":"BreadcrumbList","@id":"https:\/\/alit-tech.com\/pl\/srodki-do-odlakierowywania\/preparaty-do-usuwania-farby-na-zimno\/zel-metalstrip-1201\/#breadcrumb","itemListElement":[{"@type":"ListItem","position":1,"name":"Home","item":"https:\/\/alit-tech.com\/pl\/"},{"@type":"ListItem","position":2,"name":"\u015arodki do odlakierowywania","item":"https:\/\/alit-tech.com\/pl\/srodki-do-odlakierowywania\/"},{"@type":"ListItem","position":3,"name":"Preparaty do usuwania farby na zimno","item":"https:\/\/alit-tech.com\/pl\/srodki-do-odlakierowywania\/preparaty-do-usuwania-farby-na-zimno\/"},{"@type":"ListItem","position":4,"name":"\u017bEL METALSTRIP 1201\u00a0"}]},{"@type":"WebSite","@id":"https:\/\/alit-tech.com\/it\/#website","url":"https:\/\/alit-tech.com\/it\/","name":"Alit technologies Spa","description":"","potentialAction":[{"@type":"SearchAction","target":{"@type":"EntryPoint","urlTemplate":"https:\/\/alit-tech.com\/it\/?s={search_term_string}"},"query-input":"required name=search_term_string"}],"inLanguage":"pl-PL"}]}},"_links":{"self":[{"href":"https:\/\/alit-tech.com\/pl\/wp-json\/wp\/v2\/pages\/15648"}],"collection":[{"href":"https:\/\/alit-tech.com\/pl\/wp-json\/wp\/v2\/pages"}],"about":[{"href":"https:\/\/alit-tech.com\/pl\/wp-json\/wp\/v2\/types\/page"}],"author":[{"embeddable":true,"href":"https:\/\/alit-tech.com\/pl\/wp-json\/wp\/v2\/users\/1"}],"replies":[{"embeddable":true,"href":"https:\/\/alit-tech.com\/pl\/wp-json\/wp\/v2\/comments?post=15648"}],"version-history":[{"count":1,"href":"https:\/\/alit-tech.com\/pl\/wp-json\/wp\/v2\/pages\/15648\/revisions"}],"predecessor-version":[{"id":15650,"href":"https:\/\/alit-tech.com\/pl\/wp-json\/wp\/v2\/pages\/15648\/revisions\/15650"}],"up":[{"embeddable":true,"href":"https:\/\/alit-tech.com\/pl\/wp-json\/wp\/v2\/pages\/15583"}],"wp:featuredmedia":[{"embeddable":true,"href":"https:\/\/alit-tech.com\/pl\/wp-json\/wp\/v2\/media\/12718"}],"wp:attachment":[{"href":"https:\/\/alit-tech.com\/pl\/wp-json\/wp\/v2\/media?parent=15648"}],"curies":[{"name":"wp","href":"https:\/\/api.w.org\/{rel}","templated":true}]}}