{"id":15651,"date":"2024-10-03T18:24:29","date_gmt":"2024-10-03T16:24:29","guid":{"rendered":"https:\/\/alit-tech.com\/srodki-do-odlakierowywania\/preparaty-do-usuwania-farby-na-zimno\/metalstrip-3305\/"},"modified":"2025-07-22T14:22:32","modified_gmt":"2025-07-22T12:22:32","slug":"metalstrip-3305","status":"publish","type":"page","link":"https:\/\/alit-tech.com\/pl\/srodki-do-odlakierowywania\/preparaty-do-usuwania-farby-na-zimno\/metalstrip-3305\/","title":{"rendered":"METALSTRIP 3305"},"content":{"rendered":"\n<p>Metalstrip 3305 to gotowy do u\u017cycia, niskotoksyczny, niezawieraj\u0105cy chlorku metylenu ani metanolu, kwa\u015bny \u015brodek do usuwania farby. Ten \u015brodek do usuwania farby jest przyjazny dla \u015brodowiska i zapewnia wi\u0119ksze bezpiecze\u0144stwo operatorom. Nadaje si\u0119 do usuwania farby z drewna, \u017celaza, plastiku i innych materia\u0142\u00f3w, skutecznie usuwaj\u0105c farb\u0119 bez uszczerbku dla jako\u015bci pod\u0142o\u017ca. Metalstrip 3305 mo\u017cna stosowa\u0107 w temperaturze od pokojowej do 40\u00b0C.<\/p>\n\n\n\n<div style=\"height:50px\" aria-hidden=\"true\" class=\"wp-block-spacer\"><\/div>\n\n\n\n<p><strong>Wymagania techniczne dotycz\u0105ce usuwania farby<\/strong><br>Materia\u0142y maj\u0105ce kontakt z materia\u0142em musz\u0105 by\u0107 wykonane ze stali 316 lub 316L i musz\u0105 by\u0107 w ka\u017cdym przypadku odporne na dzia\u0142anie roztwor\u00f3w kwas\u00f3w.<\/p>\n","protected":false},"excerpt":{"rendered":"<p>Metalstrip 3305 to gotowy do u\u017cycia, niskotoksyczny, niezawieraj\u0105cy chlorku metylenu ani metanolu, kwa\u015bny \u015brodek do usuwania farby. Ten \u015brodek do usuwania farby jest przyjazny dla \u015brodowiska i zapewnia wi\u0119ksze bezpiecze\u0144stwo operatorom. Nadaje si\u0119 do usuwania farby z drewna, \u017celaza, plastiku i innych materia\u0142\u00f3w, skutecznie usuwaj\u0105c farb\u0119 bez uszczerbku dla jako\u015bci pod\u0142o\u017ca. Metalstrip 3305 mo\u017cna stosowa\u0107 [&hellip;]<\/p>\n","protected":false},"author":1,"featured_media":12718,"parent":15583,"menu_order":0,"comment_status":"closed","ping_status":"closed","template":"template-pages\/08_chemical_cat_product.php","meta":{"_acf_changed":false,"footnotes":""},"class_list":["post-15651","page","type-page","status-publish","has-post-thumbnail","hentry"],"acf":[],"yoast_head":"<!-- This site is optimized with the Yoast SEO plugin v23.1 - https:\/\/yoast.com\/wordpress\/plugins\/seo\/ -->\n<title>Metalstrip 3305 - P\u0142yn do usuwania farby z drewna<\/title>\n<meta name=\"description\" content=\"Gotowy do u\u017cycia roztw\u00f3r do usuwania farby z drewna, \u017celaza, plastiku i innych materia\u0142\u00f3w, zapewniaj\u0105cy bezpiecze\u0144stwo i zgodno\u015b\u0107 z przepisami ochrony \u015brodowiska\" \/>\n<meta name=\"robots\" content=\"index, follow, max-snippet:-1, max-image-preview:large, max-video-preview:-1\" \/>\n<link rel=\"canonical\" href=\"https:\/\/alit-tech.com\/pl\/srodki-do-odlakierowywania\/preparaty-do-usuwania-farby-na-zimno\/metalstrip-3305\/\" \/>\n<meta property=\"og:locale\" content=\"pl_PL\" \/>\n<meta property=\"og:type\" content=\"article\" \/>\n<meta property=\"og:title\" content=\"Metalstrip 3305 - P\u0142yn do usuwania farby z drewna\" \/>\n<meta property=\"og:description\" content=\"Gotowy do u\u017cycia roztw\u00f3r do usuwania farby z drewna, \u017celaza, plastiku i innych materia\u0142\u00f3w, zapewniaj\u0105cy bezpiecze\u0144stwo i zgodno\u015b\u0107 z przepisami ochrony \u015brodowiska\" \/>\n<meta property=\"og:url\" content=\"https:\/\/alit-tech.com\/pl\/srodki-do-odlakierowywania\/preparaty-do-usuwania-farby-na-zimno\/metalstrip-3305\/\" \/>\n<meta property=\"og:site_name\" content=\"Alit technologies Spa\" \/>\n<meta property=\"article:modified_time\" content=\"2025-07-22T12:22:32+00:00\" \/>\n<meta property=\"og:image\" content=\"https:\/\/alit-tech.com\/wp-content\/uploads\/2024\/10\/sverniciatura-a-freddo.webp\" \/>\n\t<meta property=\"og:image:width\" content=\"1276\" \/>\n\t<meta property=\"og:image:height\" content=\"850\" \/>\n\t<meta property=\"og:image:type\" content=\"image\/webp\" \/>\n<meta name=\"twitter:card\" content=\"summary_large_image\" \/>\n<meta name=\"twitter:label1\" content=\"Szacowany czas czytania\" \/>\n\t<meta name=\"twitter:data1\" content=\"1 minuta\" \/>\n<script type=\"application\/ld+json\" class=\"yoast-schema-graph\">{\"@context\":\"https:\/\/schema.org\",\"@graph\":[{\"@type\":\"WebPage\",\"@id\":\"https:\/\/alit-tech.com\/pl\/srodki-do-odlakierowywania\/preparaty-do-usuwania-farby-na-zimno\/metalstrip-3305\/\",\"url\":\"https:\/\/alit-tech.com\/pl\/srodki-do-odlakierowywania\/preparaty-do-usuwania-farby-na-zimno\/metalstrip-3305\/\",\"name\":\"Metalstrip 3305 - P\u0142yn do usuwania farby z drewna\",\"isPartOf\":{\"@id\":\"https:\/\/alit-tech.com\/it\/#website\"},\"primaryImageOfPage\":{\"@id\":\"https:\/\/alit-tech.com\/pl\/srodki-do-odlakierowywania\/preparaty-do-usuwania-farby-na-zimno\/metalstrip-3305\/#primaryimage\"},\"image\":{\"@id\":\"https:\/\/alit-tech.com\/pl\/srodki-do-odlakierowywania\/preparaty-do-usuwania-farby-na-zimno\/metalstrip-3305\/#primaryimage\"},\"thumbnailUrl\":\"https:\/\/alit-tech.com\/wp-content\/uploads\/2024\/10\/sverniciatura-a-freddo.webp\",\"datePublished\":\"2024-10-03T16:24:29+00:00\",\"dateModified\":\"2025-07-22T12:22:32+00:00\",\"description\":\"Gotowy do u\u017cycia roztw\u00f3r do usuwania farby z drewna, \u017celaza, plastiku i innych materia\u0142\u00f3w, zapewniaj\u0105cy bezpiecze\u0144stwo i zgodno\u015b\u0107 z przepisami ochrony \u015brodowiska\",\"breadcrumb\":{\"@id\":\"https:\/\/alit-tech.com\/pl\/srodki-do-odlakierowywania\/preparaty-do-usuwania-farby-na-zimno\/metalstrip-3305\/#breadcrumb\"},\"inLanguage\":\"pl-PL\",\"potentialAction\":[{\"@type\":\"ReadAction\",\"target\":[\"https:\/\/alit-tech.com\/pl\/srodki-do-odlakierowywania\/preparaty-do-usuwania-farby-na-zimno\/metalstrip-3305\/\"]}]},{\"@type\":\"ImageObject\",\"inLanguage\":\"pl-PL\",\"@id\":\"https:\/\/alit-tech.com\/pl\/srodki-do-odlakierowywania\/preparaty-do-usuwania-farby-na-zimno\/metalstrip-3305\/#primaryimage\",\"url\":\"https:\/\/alit-tech.com\/wp-content\/uploads\/2024\/10\/sverniciatura-a-freddo.webp\",\"contentUrl\":\"https:\/\/alit-tech.com\/wp-content\/uploads\/2024\/10\/sverniciatura-a-freddo.webp\",\"width\":1276,\"height\":850},{\"@type\":\"BreadcrumbList\",\"@id\":\"https:\/\/alit-tech.com\/pl\/srodki-do-odlakierowywania\/preparaty-do-usuwania-farby-na-zimno\/metalstrip-3305\/#breadcrumb\",\"itemListElement\":[{\"@type\":\"ListItem\",\"position\":1,\"name\":\"Home\",\"item\":\"https:\/\/alit-tech.com\/pl\/\"},{\"@type\":\"ListItem\",\"position\":2,\"name\":\"\u015arodki do odlakierowywania\",\"item\":\"https:\/\/alit-tech.com\/pl\/srodki-do-odlakierowywania\/\"},{\"@type\":\"ListItem\",\"position\":3,\"name\":\"Preparaty do usuwania farby na zimno\",\"item\":\"https:\/\/alit-tech.com\/pl\/srodki-do-odlakierowywania\/preparaty-do-usuwania-farby-na-zimno\/\"},{\"@type\":\"ListItem\",\"position\":4,\"name\":\"METALSTRIP 3305\"}]},{\"@type\":\"WebSite\",\"@id\":\"https:\/\/alit-tech.com\/it\/#website\",\"url\":\"https:\/\/alit-tech.com\/it\/\",\"name\":\"Alit technologies Spa\",\"description\":\"\",\"potentialAction\":[{\"@type\":\"SearchAction\",\"target\":{\"@type\":\"EntryPoint\",\"urlTemplate\":\"https:\/\/alit-tech.com\/it\/?s={search_term_string}\"},\"query-input\":\"required name=search_term_string\"}],\"inLanguage\":\"pl-PL\"}]}<\/script>\n<!-- \/ Yoast SEO plugin. -->","yoast_head_json":{"title":"Metalstrip 3305 - P\u0142yn do usuwania farby z drewna","description":"Gotowy do u\u017cycia roztw\u00f3r do usuwania farby z drewna, \u017celaza, plastiku i innych materia\u0142\u00f3w, zapewniaj\u0105cy bezpiecze\u0144stwo i zgodno\u015b\u0107 z przepisami ochrony \u015brodowiska","robots":{"index":"index","follow":"follow","max-snippet":"max-snippet:-1","max-image-preview":"max-image-preview:large","max-video-preview":"max-video-preview:-1"},"canonical":"https:\/\/alit-tech.com\/pl\/srodki-do-odlakierowywania\/preparaty-do-usuwania-farby-na-zimno\/metalstrip-3305\/","og_locale":"pl_PL","og_type":"article","og_title":"Metalstrip 3305 - P\u0142yn do usuwania farby z drewna","og_description":"Gotowy do u\u017cycia roztw\u00f3r do usuwania farby z drewna, \u017celaza, plastiku i innych materia\u0142\u00f3w, zapewniaj\u0105cy bezpiecze\u0144stwo i zgodno\u015b\u0107 z przepisami ochrony \u015brodowiska","og_url":"https:\/\/alit-tech.com\/pl\/srodki-do-odlakierowywania\/preparaty-do-usuwania-farby-na-zimno\/metalstrip-3305\/","og_site_name":"Alit technologies Spa","article_modified_time":"2025-07-22T12:22:32+00:00","og_image":[{"width":1276,"height":850,"url":"https:\/\/alit-tech.com\/wp-content\/uploads\/2024\/10\/sverniciatura-a-freddo.webp","type":"image\/webp"}],"twitter_card":"summary_large_image","twitter_misc":{"Szacowany czas czytania":"1 minuta"},"schema":{"@context":"https:\/\/schema.org","@graph":[{"@type":"WebPage","@id":"https:\/\/alit-tech.com\/pl\/srodki-do-odlakierowywania\/preparaty-do-usuwania-farby-na-zimno\/metalstrip-3305\/","url":"https:\/\/alit-tech.com\/pl\/srodki-do-odlakierowywania\/preparaty-do-usuwania-farby-na-zimno\/metalstrip-3305\/","name":"Metalstrip 3305 - P\u0142yn do usuwania farby z drewna","isPartOf":{"@id":"https:\/\/alit-tech.com\/it\/#website"},"primaryImageOfPage":{"@id":"https:\/\/alit-tech.com\/pl\/srodki-do-odlakierowywania\/preparaty-do-usuwania-farby-na-zimno\/metalstrip-3305\/#primaryimage"},"image":{"@id":"https:\/\/alit-tech.com\/pl\/srodki-do-odlakierowywania\/preparaty-do-usuwania-farby-na-zimno\/metalstrip-3305\/#primaryimage"},"thumbnailUrl":"https:\/\/alit-tech.com\/wp-content\/uploads\/2024\/10\/sverniciatura-a-freddo.webp","datePublished":"2024-10-03T16:24:29+00:00","dateModified":"2025-07-22T12:22:32+00:00","description":"Gotowy do u\u017cycia roztw\u00f3r do usuwania farby z drewna, \u017celaza, plastiku i innych materia\u0142\u00f3w, zapewniaj\u0105cy bezpiecze\u0144stwo i zgodno\u015b\u0107 z przepisami ochrony \u015brodowiska","breadcrumb":{"@id":"https:\/\/alit-tech.com\/pl\/srodki-do-odlakierowywania\/preparaty-do-usuwania-farby-na-zimno\/metalstrip-3305\/#breadcrumb"},"inLanguage":"pl-PL","potentialAction":[{"@type":"ReadAction","target":["https:\/\/alit-tech.com\/pl\/srodki-do-odlakierowywania\/preparaty-do-usuwania-farby-na-zimno\/metalstrip-3305\/"]}]},{"@type":"ImageObject","inLanguage":"pl-PL","@id":"https:\/\/alit-tech.com\/pl\/srodki-do-odlakierowywania\/preparaty-do-usuwania-farby-na-zimno\/metalstrip-3305\/#primaryimage","url":"https:\/\/alit-tech.com\/wp-content\/uploads\/2024\/10\/sverniciatura-a-freddo.webp","contentUrl":"https:\/\/alit-tech.com\/wp-content\/uploads\/2024\/10\/sverniciatura-a-freddo.webp","width":1276,"height":850},{"@type":"BreadcrumbList","@id":"https:\/\/alit-tech.com\/pl\/srodki-do-odlakierowywania\/preparaty-do-usuwania-farby-na-zimno\/metalstrip-3305\/#breadcrumb","itemListElement":[{"@type":"ListItem","position":1,"name":"Home","item":"https:\/\/alit-tech.com\/pl\/"},{"@type":"ListItem","position":2,"name":"\u015arodki do odlakierowywania","item":"https:\/\/alit-tech.com\/pl\/srodki-do-odlakierowywania\/"},{"@type":"ListItem","position":3,"name":"Preparaty do usuwania farby na zimno","item":"https:\/\/alit-tech.com\/pl\/srodki-do-odlakierowywania\/preparaty-do-usuwania-farby-na-zimno\/"},{"@type":"ListItem","position":4,"name":"METALSTRIP 3305"}]},{"@type":"WebSite","@id":"https:\/\/alit-tech.com\/it\/#website","url":"https:\/\/alit-tech.com\/it\/","name":"Alit technologies Spa","description":"","potentialAction":[{"@type":"SearchAction","target":{"@type":"EntryPoint","urlTemplate":"https:\/\/alit-tech.com\/it\/?s={search_term_string}"},"query-input":"required name=search_term_string"}],"inLanguage":"pl-PL"}]}},"_links":{"self":[{"href":"https:\/\/alit-tech.com\/pl\/wp-json\/wp\/v2\/pages\/15651"}],"collection":[{"href":"https:\/\/alit-tech.com\/pl\/wp-json\/wp\/v2\/pages"}],"about":[{"href":"https:\/\/alit-tech.com\/pl\/wp-json\/wp\/v2\/types\/page"}],"author":[{"embeddable":true,"href":"https:\/\/alit-tech.com\/pl\/wp-json\/wp\/v2\/users\/1"}],"replies":[{"embeddable":true,"href":"https:\/\/alit-tech.com\/pl\/wp-json\/wp\/v2\/comments?post=15651"}],"version-history":[{"count":1,"href":"https:\/\/alit-tech.com\/pl\/wp-json\/wp\/v2\/pages\/15651\/revisions"}],"predecessor-version":[{"id":15653,"href":"https:\/\/alit-tech.com\/pl\/wp-json\/wp\/v2\/pages\/15651\/revisions\/15653"}],"up":[{"embeddable":true,"href":"https:\/\/alit-tech.com\/pl\/wp-json\/wp\/v2\/pages\/15583"}],"wp:featuredmedia":[{"embeddable":true,"href":"https:\/\/alit-tech.com\/pl\/wp-json\/wp\/v2\/media\/12718"}],"wp:attachment":[{"href":"https:\/\/alit-tech.com\/pl\/wp-json\/wp\/v2\/media?parent=15651"}],"curies":[{"name":"wp","href":"https:\/\/api.w.org\/{rel}","templated":true}]}}