{"id":15654,"date":"2024-10-03T18:27:36","date_gmt":"2024-10-03T16:27:36","guid":{"rendered":"https:\/\/alit-tech.com\/srodki-do-odlakierowywania\/preparaty-do-usuwania-farby-na-zimno\/metalstrip-1310-aktivator-1510\/"},"modified":"2025-07-22T14:21:54","modified_gmt":"2025-07-22T12:21:54","slug":"metalstrip-1310-aktivator-1510","status":"publish","type":"page","link":"https:\/\/alit-tech.com\/pl\/srodki-do-odlakierowywania\/preparaty-do-usuwania-farby-na-zimno\/metalstrip-1310-aktivator-1510\/","title":{"rendered":"METALSTRIP 1310-AKTIVATOR 1510"},"content":{"rendered":"\n<p>Metalstrip 1310 w po\u0142\u0105czeniu z Aktywatorem Metalstrip 1510 to\u015brodek do usuwania farby w \u015brednich temperaturach, przeznaczony do szybkiego usuwania farby z aluminium i jego stop\u00f3w. Ten \u015brodek do usuwania farby jest gotowy do u\u017cycia i nie zawiera w\u0119glowodor\u00f3w halogenowych, dzi\u0119ki czemu idealnie nadaje si\u0119 do system\u00f3w zanurzeniowych i usuwania pow\u0142ok. Czas usuwania farby waha si\u0119 od 15 minut do 24 godzin, w zale\u017cno\u015bci od rodzaju pow\u0142oki i grubo\u015bci farby.<\/p>\n\n\n\n<div style=\"height:50px\" aria-hidden=\"true\" class=\"wp-block-spacer\"><\/div>\n\n\n\n<p><strong>Wymagania techniczne dotycz\u0105ce usuwania farby<\/strong><br>Materia\u0142y maj\u0105ce styczno\u015b\u0107 z produktem musz\u0105 by\u0107 wykonane ze stali w\u0119glowej lub nierdzewnej i w ka\u017cdym przypadku musz\u0105 by\u0107 odporne na dzia\u0142anie silnie alkalicznych roztwor\u00f3w. Zbiornik do usuwania farby mo\u017ce by\u0107 statyczny, jednak u\u017cycie mikser\u00f3w lub specjalnych pomp mieszaj\u0105cych zwi\u0119kszy wydajno\u015b\u0107 usuwania farby. Zastosowanie specjalnych system\u00f3w filtracyjnych pozwoli na oddzielenie osadu lakierniczego, co przed\u0142u\u017cy \u017cywotno\u015b\u0107 k\u0105pieli do usuwania farby.<\/p>\n\n\n\n<div style=\"height:50px\" aria-hidden=\"true\" class=\"wp-block-spacer\"><\/div>\n\n\n\n<p><strong>Kontrola k\u0105pieli do usuwania farby<\/strong><br>Szczeg\u00f3\u0142owe instrukcje dotycz\u0105ce analizy produktu s\u0105 dost\u0119pne na \u017c\u0105danie. Regularne przeprowadzanie tego typu analiz pozwoli na optymalizacj\u0119 dzia\u0142ania produktu.<\/p>\n","protected":false},"excerpt":{"rendered":"<p>Metalstrip 1310 w po\u0142\u0105czeniu z Aktywatorem Metalstrip 1510 to\u015brodek do usuwania farby w \u015brednich temperaturach, przeznaczony do szybkiego usuwania farby z aluminium i jego stop\u00f3w. Ten \u015brodek do usuwania farby jest gotowy do u\u017cycia i nie zawiera w\u0119glowodor\u00f3w halogenowych, dzi\u0119ki czemu idealnie nadaje si\u0119 do system\u00f3w zanurzeniowych i usuwania pow\u0142ok. Czas usuwania farby waha si\u0119 [&hellip;]<\/p>\n","protected":false},"author":1,"featured_media":12718,"parent":15583,"menu_order":0,"comment_status":"closed","ping_status":"closed","template":"template-pages\/08_chemical_cat_product.php","meta":{"_acf_changed":false,"footnotes":""},"class_list":["post-15654","page","type-page","status-publish","has-post-thumbnail","hentry"],"acf":[],"yoast_head":"<!-- This site is optimized with the Yoast SEO plugin v23.1 - https:\/\/yoast.com\/wordpress\/plugins\/seo\/ -->\n<title>Wysokowydajny, alkaliczny, organiczny \u015brodek do usuwania farby<\/title>\n<meta name=\"description\" content=\"Metalstrip 1310 z Aktywatorem 1510 - Wysokowydajny, alkaliczny, organiczny \u015brodek do usuwania farby, mo\u017cna r\u00f3wnie\u017c stosowa\u0107 na gor\u0105co.\" \/>\n<meta name=\"robots\" content=\"index, follow, max-snippet:-1, max-image-preview:large, max-video-preview:-1\" \/>\n<link rel=\"canonical\" href=\"https:\/\/alit-tech.com\/pl\/srodki-do-odlakierowywania\/preparaty-do-usuwania-farby-na-zimno\/metalstrip-1310-aktivator-1510\/\" \/>\n<meta property=\"og:locale\" content=\"pl_PL\" \/>\n<meta property=\"og:type\" content=\"article\" \/>\n<meta property=\"og:title\" content=\"Wysokowydajny, alkaliczny, organiczny \u015brodek do usuwania farby\" \/>\n<meta property=\"og:description\" content=\"Metalstrip 1310 z Aktywatorem 1510 - Wysokowydajny, alkaliczny, organiczny \u015brodek do usuwania farby, mo\u017cna r\u00f3wnie\u017c stosowa\u0107 na gor\u0105co.\" \/>\n<meta property=\"og:url\" content=\"https:\/\/alit-tech.com\/pl\/srodki-do-odlakierowywania\/preparaty-do-usuwania-farby-na-zimno\/metalstrip-1310-aktivator-1510\/\" \/>\n<meta property=\"og:site_name\" content=\"Alit technologies Spa\" \/>\n<meta property=\"article:modified_time\" content=\"2025-07-22T12:21:54+00:00\" \/>\n<meta property=\"og:image\" content=\"https:\/\/alit-tech.com\/wp-content\/uploads\/2024\/10\/sverniciatura-a-freddo.webp\" \/>\n\t<meta property=\"og:image:width\" content=\"1276\" \/>\n\t<meta property=\"og:image:height\" content=\"850\" \/>\n\t<meta property=\"og:image:type\" content=\"image\/webp\" \/>\n<meta name=\"twitter:card\" content=\"summary_large_image\" \/>\n<meta name=\"twitter:label1\" content=\"Szacowany czas czytania\" \/>\n\t<meta name=\"twitter:data1\" content=\"1 minuta\" \/>\n<script type=\"application\/ld+json\" class=\"yoast-schema-graph\">{\"@context\":\"https:\/\/schema.org\",\"@graph\":[{\"@type\":\"WebPage\",\"@id\":\"https:\/\/alit-tech.com\/pl\/srodki-do-odlakierowywania\/preparaty-do-usuwania-farby-na-zimno\/metalstrip-1310-aktivator-1510\/\",\"url\":\"https:\/\/alit-tech.com\/pl\/srodki-do-odlakierowywania\/preparaty-do-usuwania-farby-na-zimno\/metalstrip-1310-aktivator-1510\/\",\"name\":\"Wysokowydajny, alkaliczny, organiczny \u015brodek do usuwania farby\",\"isPartOf\":{\"@id\":\"https:\/\/alit-tech.com\/it\/#website\"},\"primaryImageOfPage\":{\"@id\":\"https:\/\/alit-tech.com\/pl\/srodki-do-odlakierowywania\/preparaty-do-usuwania-farby-na-zimno\/metalstrip-1310-aktivator-1510\/#primaryimage\"},\"image\":{\"@id\":\"https:\/\/alit-tech.com\/pl\/srodki-do-odlakierowywania\/preparaty-do-usuwania-farby-na-zimno\/metalstrip-1310-aktivator-1510\/#primaryimage\"},\"thumbnailUrl\":\"https:\/\/alit-tech.com\/wp-content\/uploads\/2024\/10\/sverniciatura-a-freddo.webp\",\"datePublished\":\"2024-10-03T16:27:36+00:00\",\"dateModified\":\"2025-07-22T12:21:54+00:00\",\"description\":\"Metalstrip 1310 z Aktywatorem 1510 - Wysokowydajny, alkaliczny, organiczny \u015brodek do usuwania farby, mo\u017cna r\u00f3wnie\u017c stosowa\u0107 na gor\u0105co.\",\"breadcrumb\":{\"@id\":\"https:\/\/alit-tech.com\/pl\/srodki-do-odlakierowywania\/preparaty-do-usuwania-farby-na-zimno\/metalstrip-1310-aktivator-1510\/#breadcrumb\"},\"inLanguage\":\"pl-PL\",\"potentialAction\":[{\"@type\":\"ReadAction\",\"target\":[\"https:\/\/alit-tech.com\/pl\/srodki-do-odlakierowywania\/preparaty-do-usuwania-farby-na-zimno\/metalstrip-1310-aktivator-1510\/\"]}]},{\"@type\":\"ImageObject\",\"inLanguage\":\"pl-PL\",\"@id\":\"https:\/\/alit-tech.com\/pl\/srodki-do-odlakierowywania\/preparaty-do-usuwania-farby-na-zimno\/metalstrip-1310-aktivator-1510\/#primaryimage\",\"url\":\"https:\/\/alit-tech.com\/wp-content\/uploads\/2024\/10\/sverniciatura-a-freddo.webp\",\"contentUrl\":\"https:\/\/alit-tech.com\/wp-content\/uploads\/2024\/10\/sverniciatura-a-freddo.webp\",\"width\":1276,\"height\":850},{\"@type\":\"BreadcrumbList\",\"@id\":\"https:\/\/alit-tech.com\/pl\/srodki-do-odlakierowywania\/preparaty-do-usuwania-farby-na-zimno\/metalstrip-1310-aktivator-1510\/#breadcrumb\",\"itemListElement\":[{\"@type\":\"ListItem\",\"position\":1,\"name\":\"Home\",\"item\":\"https:\/\/alit-tech.com\/pl\/\"},{\"@type\":\"ListItem\",\"position\":2,\"name\":\"\u015arodki do odlakierowywania\",\"item\":\"https:\/\/alit-tech.com\/pl\/srodki-do-odlakierowywania\/\"},{\"@type\":\"ListItem\",\"position\":3,\"name\":\"Preparaty do usuwania farby na zimno\",\"item\":\"https:\/\/alit-tech.com\/pl\/srodki-do-odlakierowywania\/preparaty-do-usuwania-farby-na-zimno\/\"},{\"@type\":\"ListItem\",\"position\":4,\"name\":\"METALSTRIP 1310-AKTIVATOR 1510\"}]},{\"@type\":\"WebSite\",\"@id\":\"https:\/\/alit-tech.com\/it\/#website\",\"url\":\"https:\/\/alit-tech.com\/it\/\",\"name\":\"Alit technologies Spa\",\"description\":\"\",\"potentialAction\":[{\"@type\":\"SearchAction\",\"target\":{\"@type\":\"EntryPoint\",\"urlTemplate\":\"https:\/\/alit-tech.com\/it\/?s={search_term_string}\"},\"query-input\":\"required name=search_term_string\"}],\"inLanguage\":\"pl-PL\"}]}<\/script>\n<!-- \/ Yoast SEO plugin. -->","yoast_head_json":{"title":"Wysokowydajny, alkaliczny, organiczny \u015brodek do usuwania farby","description":"Metalstrip 1310 z Aktywatorem 1510 - Wysokowydajny, alkaliczny, organiczny \u015brodek do usuwania farby, mo\u017cna r\u00f3wnie\u017c stosowa\u0107 na gor\u0105co.","robots":{"index":"index","follow":"follow","max-snippet":"max-snippet:-1","max-image-preview":"max-image-preview:large","max-video-preview":"max-video-preview:-1"},"canonical":"https:\/\/alit-tech.com\/pl\/srodki-do-odlakierowywania\/preparaty-do-usuwania-farby-na-zimno\/metalstrip-1310-aktivator-1510\/","og_locale":"pl_PL","og_type":"article","og_title":"Wysokowydajny, alkaliczny, organiczny \u015brodek do usuwania farby","og_description":"Metalstrip 1310 z Aktywatorem 1510 - Wysokowydajny, alkaliczny, organiczny \u015brodek do usuwania farby, mo\u017cna r\u00f3wnie\u017c stosowa\u0107 na gor\u0105co.","og_url":"https:\/\/alit-tech.com\/pl\/srodki-do-odlakierowywania\/preparaty-do-usuwania-farby-na-zimno\/metalstrip-1310-aktivator-1510\/","og_site_name":"Alit technologies Spa","article_modified_time":"2025-07-22T12:21:54+00:00","og_image":[{"width":1276,"height":850,"url":"https:\/\/alit-tech.com\/wp-content\/uploads\/2024\/10\/sverniciatura-a-freddo.webp","type":"image\/webp"}],"twitter_card":"summary_large_image","twitter_misc":{"Szacowany czas czytania":"1 minuta"},"schema":{"@context":"https:\/\/schema.org","@graph":[{"@type":"WebPage","@id":"https:\/\/alit-tech.com\/pl\/srodki-do-odlakierowywania\/preparaty-do-usuwania-farby-na-zimno\/metalstrip-1310-aktivator-1510\/","url":"https:\/\/alit-tech.com\/pl\/srodki-do-odlakierowywania\/preparaty-do-usuwania-farby-na-zimno\/metalstrip-1310-aktivator-1510\/","name":"Wysokowydajny, alkaliczny, organiczny \u015brodek do usuwania farby","isPartOf":{"@id":"https:\/\/alit-tech.com\/it\/#website"},"primaryImageOfPage":{"@id":"https:\/\/alit-tech.com\/pl\/srodki-do-odlakierowywania\/preparaty-do-usuwania-farby-na-zimno\/metalstrip-1310-aktivator-1510\/#primaryimage"},"image":{"@id":"https:\/\/alit-tech.com\/pl\/srodki-do-odlakierowywania\/preparaty-do-usuwania-farby-na-zimno\/metalstrip-1310-aktivator-1510\/#primaryimage"},"thumbnailUrl":"https:\/\/alit-tech.com\/wp-content\/uploads\/2024\/10\/sverniciatura-a-freddo.webp","datePublished":"2024-10-03T16:27:36+00:00","dateModified":"2025-07-22T12:21:54+00:00","description":"Metalstrip 1310 z Aktywatorem 1510 - Wysokowydajny, alkaliczny, organiczny \u015brodek do usuwania farby, mo\u017cna r\u00f3wnie\u017c stosowa\u0107 na gor\u0105co.","breadcrumb":{"@id":"https:\/\/alit-tech.com\/pl\/srodki-do-odlakierowywania\/preparaty-do-usuwania-farby-na-zimno\/metalstrip-1310-aktivator-1510\/#breadcrumb"},"inLanguage":"pl-PL","potentialAction":[{"@type":"ReadAction","target":["https:\/\/alit-tech.com\/pl\/srodki-do-odlakierowywania\/preparaty-do-usuwania-farby-na-zimno\/metalstrip-1310-aktivator-1510\/"]}]},{"@type":"ImageObject","inLanguage":"pl-PL","@id":"https:\/\/alit-tech.com\/pl\/srodki-do-odlakierowywania\/preparaty-do-usuwania-farby-na-zimno\/metalstrip-1310-aktivator-1510\/#primaryimage","url":"https:\/\/alit-tech.com\/wp-content\/uploads\/2024\/10\/sverniciatura-a-freddo.webp","contentUrl":"https:\/\/alit-tech.com\/wp-content\/uploads\/2024\/10\/sverniciatura-a-freddo.webp","width":1276,"height":850},{"@type":"BreadcrumbList","@id":"https:\/\/alit-tech.com\/pl\/srodki-do-odlakierowywania\/preparaty-do-usuwania-farby-na-zimno\/metalstrip-1310-aktivator-1510\/#breadcrumb","itemListElement":[{"@type":"ListItem","position":1,"name":"Home","item":"https:\/\/alit-tech.com\/pl\/"},{"@type":"ListItem","position":2,"name":"\u015arodki do odlakierowywania","item":"https:\/\/alit-tech.com\/pl\/srodki-do-odlakierowywania\/"},{"@type":"ListItem","position":3,"name":"Preparaty do usuwania farby na zimno","item":"https:\/\/alit-tech.com\/pl\/srodki-do-odlakierowywania\/preparaty-do-usuwania-farby-na-zimno\/"},{"@type":"ListItem","position":4,"name":"METALSTRIP 1310-AKTIVATOR 1510"}]},{"@type":"WebSite","@id":"https:\/\/alit-tech.com\/it\/#website","url":"https:\/\/alit-tech.com\/it\/","name":"Alit technologies Spa","description":"","potentialAction":[{"@type":"SearchAction","target":{"@type":"EntryPoint","urlTemplate":"https:\/\/alit-tech.com\/it\/?s={search_term_string}"},"query-input":"required name=search_term_string"}],"inLanguage":"pl-PL"}]}},"_links":{"self":[{"href":"https:\/\/alit-tech.com\/pl\/wp-json\/wp\/v2\/pages\/15654"}],"collection":[{"href":"https:\/\/alit-tech.com\/pl\/wp-json\/wp\/v2\/pages"}],"about":[{"href":"https:\/\/alit-tech.com\/pl\/wp-json\/wp\/v2\/types\/page"}],"author":[{"embeddable":true,"href":"https:\/\/alit-tech.com\/pl\/wp-json\/wp\/v2\/users\/1"}],"replies":[{"embeddable":true,"href":"https:\/\/alit-tech.com\/pl\/wp-json\/wp\/v2\/comments?post=15654"}],"version-history":[{"count":2,"href":"https:\/\/alit-tech.com\/pl\/wp-json\/wp\/v2\/pages\/15654\/revisions"}],"predecessor-version":[{"id":15658,"href":"https:\/\/alit-tech.com\/pl\/wp-json\/wp\/v2\/pages\/15654\/revisions\/15658"}],"up":[{"embeddable":true,"href":"https:\/\/alit-tech.com\/pl\/wp-json\/wp\/v2\/pages\/15583"}],"wp:featuredmedia":[{"embeddable":true,"href":"https:\/\/alit-tech.com\/pl\/wp-json\/wp\/v2\/media\/12718"}],"wp:attachment":[{"href":"https:\/\/alit-tech.com\/pl\/wp-json\/wp\/v2\/media?parent=15654"}],"curies":[{"name":"wp","href":"https:\/\/api.w.org\/{rel}","templated":true}]}}