{"id":15659,"date":"2024-10-03T18:36:44","date_gmt":"2024-10-03T16:36:44","guid":{"rendered":"https:\/\/alit-tech.com\/srodki-do-odlakierowywania\/svernicianti-bifasici\/metalstrip-updown-2801\/"},"modified":"2025-07-22T14:28:43","modified_gmt":"2025-07-22T12:28:43","slug":"metalstrip-updown-2801","status":"publish","type":"page","link":"https:\/\/alit-tech.com\/pl\/srodki-do-odlakierowywania\/svernicianti-bifasici\/metalstrip-updown-2801\/","title":{"rendered":"METALSTRIP UP&amp;DOWN 2801"},"content":{"rendered":"\n<p>Metalstrip UP&amp;DOWN 2801 to innowacyjny dwufazowy preparat do usuwania farby, przeznaczony do usuwania szerokiej gamy farb. Produkt jest korozyjny dla stop\u00f3w metali lekkich, natomiast doskonale nadaje si\u0119 do zdejmowania pow\u0142ok ze stali w\u0119glowej lub nierdzewnej. Ten \u015brodek do usuwania farby, wolny od w\u0119glowodor\u00f3w halogenowych, fenoli, chromian\u00f3w, amoniaku, amin i kwas\u00f3w, oferuje pracownikom znaczne korzy\u015bci. Metalstrip UP&amp;DOWN 2801 idealnie nadaje si\u0119 do stosowania w systemach zanurzeniowych i natryskowych, a czas usuwania pow\u0142oki waha si\u0119 od 5 minut do kilku godzin, w zale\u017cno\u015bci od rodzaju i grubo\u015bci farby oraz warunk\u00f3w procesu.<\/p>\n\n\n\n<div style=\"height:50px\" aria-hidden=\"true\" class=\"wp-block-spacer\"><\/div>\n\n\n\n<p><strong>Wymagania techniczne dotycz\u0105ce usuwania farby<\/strong><br>Materia\u0142y b\u0119d\u0105ce w kontakcie z preparatem musz\u0105 by\u0107 wykonane ze stali w\u0119glowej lub stali nierdzewnej i w ka\u017cdym przypadku musz\u0105 by\u0107 odporne na dzia\u0142anie silnie alkalicznych roztwor\u00f3w. Zawarto\u015b\u0107 zbiornika do usuwania farby musi by\u0107 stale mieszana za pomoc\u0105 mieszalnik\u00f3w lub specjalnych pomp. Zastosowanie specjalnych system\u00f3w filtracyjnych pozwoli na oddzielenie osadu lakierniczego, co przed\u0142u\u017cy \u017cywotno\u015b\u0107 k\u0105pieli do usuwania farby.<\/p>\n\n\n\n<div style=\"height:50px\" aria-hidden=\"true\" class=\"wp-block-spacer\"><\/div>\n\n\n\n<p><strong>Kontrola k\u0105pieli do \u015bci\u0105gania farby<\/strong><br>Szczeg\u00f3\u0142owe instrukcje dotycz\u0105ce analizy produktu s\u0105 dost\u0119pne na \u017c\u0105danie. Regularne przeprowadzanie tego typu analiz pozwoli na optymalizacj\u0119 dzia\u0142ania produktu.<\/p>\n","protected":false},"excerpt":{"rendered":"<p>Metalstrip UP&amp;DOWN 2801 to innowacyjny dwufazowy preparat do usuwania farby, przeznaczony do usuwania szerokiej gamy farb. Produkt jest korozyjny dla stop\u00f3w metali lekkich, natomiast doskonale nadaje si\u0119 do zdejmowania pow\u0142ok ze stali w\u0119glowej lub nierdzewnej. Ten \u015brodek do usuwania farby, wolny od w\u0119glowodor\u00f3w halogenowych, fenoli, chromian\u00f3w, amoniaku, amin i kwas\u00f3w, oferuje pracownikom znaczne korzy\u015bci. Metalstrip [&hellip;]<\/p>\n","protected":false},"author":1,"featured_media":12728,"parent":15586,"menu_order":0,"comment_status":"closed","ping_status":"closed","template":"template-pages\/08_chemical_cat_product.php","meta":{"_acf_changed":false,"footnotes":""},"class_list":["post-15659","page","type-page","status-publish","has-post-thumbnail","hentry"],"acf":[],"yoast_head":"<!-- This site is optimized with the Yoast SEO plugin v23.1 - https:\/\/yoast.com\/wordpress\/plugins\/seo\/ -->\n<title>Metalstrip UP&amp;DOWN 2801 - Dwufazowy zmywacz do farby<\/title>\n<meta name=\"description\" content=\"Metalstrip UP&amp;DOWN: dwufazowy \u015brodek do usuwania farby do zastosowa\u0144 przemys\u0142owych, idealny do d\u0142ugotrwa\u0142ych k\u0105pieli zanurzeniowych.\" \/>\n<meta name=\"robots\" content=\"index, follow, max-snippet:-1, max-image-preview:large, max-video-preview:-1\" \/>\n<link rel=\"canonical\" href=\"https:\/\/alit-tech.com\/pl\/srodki-do-odlakierowywania\/svernicianti-bifasici\/metalstrip-updown-2801\/\" \/>\n<meta property=\"og:locale\" content=\"pl_PL\" \/>\n<meta property=\"og:type\" content=\"article\" \/>\n<meta property=\"og:title\" content=\"Metalstrip UP&amp;DOWN 2801 - Dwufazowy zmywacz do farby\" \/>\n<meta property=\"og:description\" content=\"Metalstrip UP&amp;DOWN: dwufazowy \u015brodek do usuwania farby do zastosowa\u0144 przemys\u0142owych, idealny do d\u0142ugotrwa\u0142ych k\u0105pieli zanurzeniowych.\" \/>\n<meta property=\"og:url\" content=\"https:\/\/alit-tech.com\/pl\/srodki-do-odlakierowywania\/svernicianti-bifasici\/metalstrip-updown-2801\/\" \/>\n<meta property=\"og:site_name\" content=\"Alit technologies Spa\" \/>\n<meta property=\"article:modified_time\" content=\"2025-07-22T12:28:43+00:00\" \/>\n<meta property=\"og:image\" content=\"https:\/\/alit-tech.com\/wp-content\/uploads\/2024\/10\/Svernicianti-BIFASICI.webp\" \/>\n\t<meta property=\"og:image:width\" content=\"983\" \/>\n\t<meta property=\"og:image:height\" content=\"589\" \/>\n\t<meta property=\"og:image:type\" content=\"image\/webp\" \/>\n<meta name=\"twitter:card\" content=\"summary_large_image\" \/>\n<meta name=\"twitter:label1\" content=\"Szacowany czas czytania\" \/>\n\t<meta name=\"twitter:data1\" content=\"1 minuta\" \/>\n<script type=\"application\/ld+json\" class=\"yoast-schema-graph\">{\"@context\":\"https:\/\/schema.org\",\"@graph\":[{\"@type\":\"WebPage\",\"@id\":\"https:\/\/alit-tech.com\/pl\/srodki-do-odlakierowywania\/svernicianti-bifasici\/metalstrip-updown-2801\/\",\"url\":\"https:\/\/alit-tech.com\/pl\/srodki-do-odlakierowywania\/svernicianti-bifasici\/metalstrip-updown-2801\/\",\"name\":\"Metalstrip UP&DOWN 2801 - Dwufazowy zmywacz do farby\",\"isPartOf\":{\"@id\":\"https:\/\/alit-tech.com\/it\/#website\"},\"primaryImageOfPage\":{\"@id\":\"https:\/\/alit-tech.com\/pl\/srodki-do-odlakierowywania\/svernicianti-bifasici\/metalstrip-updown-2801\/#primaryimage\"},\"image\":{\"@id\":\"https:\/\/alit-tech.com\/pl\/srodki-do-odlakierowywania\/svernicianti-bifasici\/metalstrip-updown-2801\/#primaryimage\"},\"thumbnailUrl\":\"https:\/\/alit-tech.com\/wp-content\/uploads\/2024\/10\/Svernicianti-BIFASICI.webp\",\"datePublished\":\"2024-10-03T16:36:44+00:00\",\"dateModified\":\"2025-07-22T12:28:43+00:00\",\"description\":\"Metalstrip UP&DOWN: dwufazowy \u015brodek do usuwania farby do zastosowa\u0144 przemys\u0142owych, idealny do d\u0142ugotrwa\u0142ych k\u0105pieli zanurzeniowych.\",\"breadcrumb\":{\"@id\":\"https:\/\/alit-tech.com\/pl\/srodki-do-odlakierowywania\/svernicianti-bifasici\/metalstrip-updown-2801\/#breadcrumb\"},\"inLanguage\":\"pl-PL\",\"potentialAction\":[{\"@type\":\"ReadAction\",\"target\":[\"https:\/\/alit-tech.com\/pl\/srodki-do-odlakierowywania\/svernicianti-bifasici\/metalstrip-updown-2801\/\"]}]},{\"@type\":\"ImageObject\",\"inLanguage\":\"pl-PL\",\"@id\":\"https:\/\/alit-tech.com\/pl\/srodki-do-odlakierowywania\/svernicianti-bifasici\/metalstrip-updown-2801\/#primaryimage\",\"url\":\"https:\/\/alit-tech.com\/wp-content\/uploads\/2024\/10\/Svernicianti-BIFASICI.webp\",\"contentUrl\":\"https:\/\/alit-tech.com\/wp-content\/uploads\/2024\/10\/Svernicianti-BIFASICI.webp\",\"width\":983,\"height\":589},{\"@type\":\"BreadcrumbList\",\"@id\":\"https:\/\/alit-tech.com\/pl\/srodki-do-odlakierowywania\/svernicianti-bifasici\/metalstrip-updown-2801\/#breadcrumb\",\"itemListElement\":[{\"@type\":\"ListItem\",\"position\":1,\"name\":\"Home\",\"item\":\"https:\/\/alit-tech.com\/pl\/\"},{\"@type\":\"ListItem\",\"position\":2,\"name\":\"\u015arodki do odlakierowywania\",\"item\":\"https:\/\/alit-tech.com\/pl\/srodki-do-odlakierowywania\/\"},{\"@type\":\"ListItem\",\"position\":3,\"name\":\"Dwufazowe preparaty do usuwania farb\",\"item\":\"https:\/\/alit-tech.com\/pl\/srodki-do-odlakierowywania\/svernicianti-bifasici\/\"},{\"@type\":\"ListItem\",\"position\":4,\"name\":\"METALSTRIP UP&amp;DOWN 2801\"}]},{\"@type\":\"WebSite\",\"@id\":\"https:\/\/alit-tech.com\/it\/#website\",\"url\":\"https:\/\/alit-tech.com\/it\/\",\"name\":\"Alit technologies Spa\",\"description\":\"\",\"potentialAction\":[{\"@type\":\"SearchAction\",\"target\":{\"@type\":\"EntryPoint\",\"urlTemplate\":\"https:\/\/alit-tech.com\/it\/?s={search_term_string}\"},\"query-input\":\"required name=search_term_string\"}],\"inLanguage\":\"pl-PL\"}]}<\/script>\n<!-- \/ Yoast SEO plugin. -->","yoast_head_json":{"title":"Metalstrip UP&DOWN 2801 - Dwufazowy zmywacz do farby","description":"Metalstrip UP&DOWN: dwufazowy \u015brodek do usuwania farby do zastosowa\u0144 przemys\u0142owych, idealny do d\u0142ugotrwa\u0142ych k\u0105pieli zanurzeniowych.","robots":{"index":"index","follow":"follow","max-snippet":"max-snippet:-1","max-image-preview":"max-image-preview:large","max-video-preview":"max-video-preview:-1"},"canonical":"https:\/\/alit-tech.com\/pl\/srodki-do-odlakierowywania\/svernicianti-bifasici\/metalstrip-updown-2801\/","og_locale":"pl_PL","og_type":"article","og_title":"Metalstrip UP&DOWN 2801 - Dwufazowy zmywacz do farby","og_description":"Metalstrip UP&DOWN: dwufazowy \u015brodek do usuwania farby do zastosowa\u0144 przemys\u0142owych, idealny do d\u0142ugotrwa\u0142ych k\u0105pieli zanurzeniowych.","og_url":"https:\/\/alit-tech.com\/pl\/srodki-do-odlakierowywania\/svernicianti-bifasici\/metalstrip-updown-2801\/","og_site_name":"Alit technologies Spa","article_modified_time":"2025-07-22T12:28:43+00:00","og_image":[{"width":983,"height":589,"url":"https:\/\/alit-tech.com\/wp-content\/uploads\/2024\/10\/Svernicianti-BIFASICI.webp","type":"image\/webp"}],"twitter_card":"summary_large_image","twitter_misc":{"Szacowany czas czytania":"1 minuta"},"schema":{"@context":"https:\/\/schema.org","@graph":[{"@type":"WebPage","@id":"https:\/\/alit-tech.com\/pl\/srodki-do-odlakierowywania\/svernicianti-bifasici\/metalstrip-updown-2801\/","url":"https:\/\/alit-tech.com\/pl\/srodki-do-odlakierowywania\/svernicianti-bifasici\/metalstrip-updown-2801\/","name":"Metalstrip UP&DOWN 2801 - Dwufazowy zmywacz do farby","isPartOf":{"@id":"https:\/\/alit-tech.com\/it\/#website"},"primaryImageOfPage":{"@id":"https:\/\/alit-tech.com\/pl\/srodki-do-odlakierowywania\/svernicianti-bifasici\/metalstrip-updown-2801\/#primaryimage"},"image":{"@id":"https:\/\/alit-tech.com\/pl\/srodki-do-odlakierowywania\/svernicianti-bifasici\/metalstrip-updown-2801\/#primaryimage"},"thumbnailUrl":"https:\/\/alit-tech.com\/wp-content\/uploads\/2024\/10\/Svernicianti-BIFASICI.webp","datePublished":"2024-10-03T16:36:44+00:00","dateModified":"2025-07-22T12:28:43+00:00","description":"Metalstrip UP&DOWN: dwufazowy \u015brodek do usuwania farby do zastosowa\u0144 przemys\u0142owych, idealny do d\u0142ugotrwa\u0142ych k\u0105pieli zanurzeniowych.","breadcrumb":{"@id":"https:\/\/alit-tech.com\/pl\/srodki-do-odlakierowywania\/svernicianti-bifasici\/metalstrip-updown-2801\/#breadcrumb"},"inLanguage":"pl-PL","potentialAction":[{"@type":"ReadAction","target":["https:\/\/alit-tech.com\/pl\/srodki-do-odlakierowywania\/svernicianti-bifasici\/metalstrip-updown-2801\/"]}]},{"@type":"ImageObject","inLanguage":"pl-PL","@id":"https:\/\/alit-tech.com\/pl\/srodki-do-odlakierowywania\/svernicianti-bifasici\/metalstrip-updown-2801\/#primaryimage","url":"https:\/\/alit-tech.com\/wp-content\/uploads\/2024\/10\/Svernicianti-BIFASICI.webp","contentUrl":"https:\/\/alit-tech.com\/wp-content\/uploads\/2024\/10\/Svernicianti-BIFASICI.webp","width":983,"height":589},{"@type":"BreadcrumbList","@id":"https:\/\/alit-tech.com\/pl\/srodki-do-odlakierowywania\/svernicianti-bifasici\/metalstrip-updown-2801\/#breadcrumb","itemListElement":[{"@type":"ListItem","position":1,"name":"Home","item":"https:\/\/alit-tech.com\/pl\/"},{"@type":"ListItem","position":2,"name":"\u015arodki do odlakierowywania","item":"https:\/\/alit-tech.com\/pl\/srodki-do-odlakierowywania\/"},{"@type":"ListItem","position":3,"name":"Dwufazowe preparaty do usuwania farb","item":"https:\/\/alit-tech.com\/pl\/srodki-do-odlakierowywania\/svernicianti-bifasici\/"},{"@type":"ListItem","position":4,"name":"METALSTRIP UP&amp;DOWN 2801"}]},{"@type":"WebSite","@id":"https:\/\/alit-tech.com\/it\/#website","url":"https:\/\/alit-tech.com\/it\/","name":"Alit technologies Spa","description":"","potentialAction":[{"@type":"SearchAction","target":{"@type":"EntryPoint","urlTemplate":"https:\/\/alit-tech.com\/it\/?s={search_term_string}"},"query-input":"required name=search_term_string"}],"inLanguage":"pl-PL"}]}},"_links":{"self":[{"href":"https:\/\/alit-tech.com\/pl\/wp-json\/wp\/v2\/pages\/15659"}],"collection":[{"href":"https:\/\/alit-tech.com\/pl\/wp-json\/wp\/v2\/pages"}],"about":[{"href":"https:\/\/alit-tech.com\/pl\/wp-json\/wp\/v2\/types\/page"}],"author":[{"embeddable":true,"href":"https:\/\/alit-tech.com\/pl\/wp-json\/wp\/v2\/users\/1"}],"replies":[{"embeddable":true,"href":"https:\/\/alit-tech.com\/pl\/wp-json\/wp\/v2\/comments?post=15659"}],"version-history":[{"count":1,"href":"https:\/\/alit-tech.com\/pl\/wp-json\/wp\/v2\/pages\/15659\/revisions"}],"predecessor-version":[{"id":15661,"href":"https:\/\/alit-tech.com\/pl\/wp-json\/wp\/v2\/pages\/15659\/revisions\/15661"}],"up":[{"embeddable":true,"href":"https:\/\/alit-tech.com\/pl\/wp-json\/wp\/v2\/pages\/15586"}],"wp:featuredmedia":[{"embeddable":true,"href":"https:\/\/alit-tech.com\/pl\/wp-json\/wp\/v2\/media\/12728"}],"wp:attachment":[{"href":"https:\/\/alit-tech.com\/pl\/wp-json\/wp\/v2\/media?parent=15659"}],"curies":[{"name":"wp","href":"https:\/\/api.w.org\/{rel}","templated":true}]}}