{"id":15665,"date":"2024-10-03T18:44:17","date_gmt":"2024-10-03T16:44:17","guid":{"rendered":"https:\/\/alit-tech.com\/srodki-do-odlakierowywania\/svernicianti-bifasici\/metalstrip-updown-2803\/"},"modified":"2025-07-22T14:29:26","modified_gmt":"2025-07-22T12:29:26","slug":"metalstrip-updown-2803","status":"publish","type":"page","link":"https:\/\/alit-tech.com\/pl\/srodki-do-odlakierowywania\/svernicianti-bifasici\/metalstrip-updown-2803\/","title":{"rendered":"METALSTRIP UP&amp;DOWN 2803"},"content":{"rendered":"\n<p>Metalstrip UP&amp;DOWN 2803 to innowacyjny dwufazowy p\u0142ynny \u015brodek do usuwania farby o neutralnym pH, odpowiedni do usuwania szerokiej gamy farb. Dzi\u0119ki zawarto\u015bci specjalnych inhibitor\u00f3w korozji Metalstrip UP&amp;DOWN 2803 nie uszkadza najdelikatniejszych powierzchni, na przyk\u0142ad ocynkowanych. Ten \u015brodek do usuwania farby idealnie nadaje si\u0119 do stosowania w systemach zanurzeniowych, a w niekt\u00f3rych przypadkach mo\u017cna go r\u00f3wnie\u017c z powodzeniem stosowa\u0107 w systemach natryskowych. Metalstrip UP&amp;DOWN 2803 oferuje pracownikom znaczne korzy\u015bci dzi\u0119ki swojej formule wolnej od w\u0119glowodor\u00f3w halogenowych, fenoli, chromian\u00f3w, amoniaku i amin.<\/p>\n\n\n\n<div style=\"height:50px\" aria-hidden=\"true\" class=\"wp-block-spacer\"><\/div>\n\n\n\n<p><strong>Wymagania techniczne dotycz\u0105ce usuwania farby<\/strong><br>Materia\u0142y b\u0119d\u0105ce w kontakcie z preparatem musz\u0105 by\u0107 wykonane ze stali w\u0119glowej lub stali nierdzewnej i w ka\u017cdym przypadku musz\u0105 by\u0107 odporne na dzia\u0142anie roztwor\u00f3w czyszcz\u0105cych. Zawarto\u015b\u0107 zbiornika do usuwania farby musi by\u0107 stale mieszana za pomoc\u0105 mieszalnik\u00f3w lub specjalnych pomp. Zastosowanie specjalnych system\u00f3w filtracyjnych pozwoli na oddzielenie osadu lakierniczego, co przed\u0142u\u017cy \u017cywotno\u015b\u0107 k\u0105pieli do usuwania farby.<\/p>\n\n\n\n<div style=\"height:50px\" aria-hidden=\"true\" class=\"wp-block-spacer\"><\/div>\n\n\n\n<p><strong>Kontrola k\u0105pieli do \u015bci\u0105gania farby<\/strong><br>Szczeg\u00f3\u0142owe instrukcje dotycz\u0105ce analizy produktu s\u0105 dost\u0119pne na \u017c\u0105danie. Regularne przeprowadzanie tego typu analiz pozwoli na optymalizacj\u0119 dzia\u0142ania produktu.<\/p>\n","protected":false},"excerpt":{"rendered":"<p>Metalstrip UP&amp;DOWN 2803 to innowacyjny dwufazowy p\u0142ynny \u015brodek do usuwania farby o neutralnym pH, odpowiedni do usuwania szerokiej gamy farb. Dzi\u0119ki zawarto\u015bci specjalnych inhibitor\u00f3w korozji Metalstrip UP&amp;DOWN 2803 nie uszkadza najdelikatniejszych powierzchni, na przyk\u0142ad ocynkowanych. Ten \u015brodek do usuwania farby idealnie nadaje si\u0119 do stosowania w systemach zanurzeniowych, a w niekt\u00f3rych przypadkach mo\u017cna go r\u00f3wnie\u017c [&hellip;]<\/p>\n","protected":false},"author":1,"featured_media":12728,"parent":15586,"menu_order":0,"comment_status":"closed","ping_status":"closed","template":"template-pages\/08_chemical_cat_product.php","meta":{"_acf_changed":false,"footnotes":""},"class_list":["post-15665","page","type-page","status-publish","has-post-thumbnail","hentry"],"acf":[],"yoast_head":"<!-- This site is optimized with the Yoast SEO plugin v23.1 - https:\/\/yoast.com\/wordpress\/plugins\/seo\/ -->\n<title>Dwufazowy \u015brodek do usuwania farby do zastosowa\u0144 przemys\u0142owych<\/title>\n<meta name=\"description\" content=\"Metalstrip UP&amp;DOWN 2803 to innowacyjny dwufazowy p\u0142ynny \u015brodek do usuwania farby o neutralnym pH, odpowiedni do usuwania szerokiej gamy farb.\" \/>\n<meta name=\"robots\" content=\"index, follow, max-snippet:-1, max-image-preview:large, max-video-preview:-1\" \/>\n<link rel=\"canonical\" href=\"https:\/\/alit-tech.com\/pl\/srodki-do-odlakierowywania\/svernicianti-bifasici\/metalstrip-updown-2803\/\" \/>\n<meta property=\"og:locale\" content=\"pl_PL\" \/>\n<meta property=\"og:type\" content=\"article\" \/>\n<meta property=\"og:title\" content=\"Dwufazowy \u015brodek do usuwania farby do zastosowa\u0144 przemys\u0142owych\" \/>\n<meta property=\"og:description\" content=\"Metalstrip UP&amp;DOWN 2803 to innowacyjny dwufazowy p\u0142ynny \u015brodek do usuwania farby o neutralnym pH, odpowiedni do usuwania szerokiej gamy farb.\" \/>\n<meta property=\"og:url\" content=\"https:\/\/alit-tech.com\/pl\/srodki-do-odlakierowywania\/svernicianti-bifasici\/metalstrip-updown-2803\/\" \/>\n<meta property=\"og:site_name\" content=\"Alit technologies Spa\" \/>\n<meta property=\"article:modified_time\" content=\"2025-07-22T12:29:26+00:00\" \/>\n<meta property=\"og:image\" content=\"https:\/\/alit-tech.com\/wp-content\/uploads\/2024\/10\/Svernicianti-BIFASICI.webp\" \/>\n\t<meta property=\"og:image:width\" content=\"983\" \/>\n\t<meta property=\"og:image:height\" content=\"589\" \/>\n\t<meta property=\"og:image:type\" content=\"image\/webp\" \/>\n<meta name=\"twitter:card\" content=\"summary_large_image\" \/>\n<meta name=\"twitter:label1\" content=\"Szacowany czas czytania\" \/>\n\t<meta name=\"twitter:data1\" content=\"1 minuta\" \/>\n<script type=\"application\/ld+json\" class=\"yoast-schema-graph\">{\"@context\":\"https:\/\/schema.org\",\"@graph\":[{\"@type\":\"WebPage\",\"@id\":\"https:\/\/alit-tech.com\/pl\/srodki-do-odlakierowywania\/svernicianti-bifasici\/metalstrip-updown-2803\/\",\"url\":\"https:\/\/alit-tech.com\/pl\/srodki-do-odlakierowywania\/svernicianti-bifasici\/metalstrip-updown-2803\/\",\"name\":\"Dwufazowy \u015brodek do usuwania farby do zastosowa\u0144 przemys\u0142owych\",\"isPartOf\":{\"@id\":\"https:\/\/alit-tech.com\/it\/#website\"},\"primaryImageOfPage\":{\"@id\":\"https:\/\/alit-tech.com\/pl\/srodki-do-odlakierowywania\/svernicianti-bifasici\/metalstrip-updown-2803\/#primaryimage\"},\"image\":{\"@id\":\"https:\/\/alit-tech.com\/pl\/srodki-do-odlakierowywania\/svernicianti-bifasici\/metalstrip-updown-2803\/#primaryimage\"},\"thumbnailUrl\":\"https:\/\/alit-tech.com\/wp-content\/uploads\/2024\/10\/Svernicianti-BIFASICI.webp\",\"datePublished\":\"2024-10-03T16:44:17+00:00\",\"dateModified\":\"2025-07-22T12:29:26+00:00\",\"description\":\"Metalstrip UP&DOWN 2803 to innowacyjny dwufazowy p\u0142ynny \u015brodek do usuwania farby o neutralnym pH, odpowiedni do usuwania szerokiej gamy farb.\",\"breadcrumb\":{\"@id\":\"https:\/\/alit-tech.com\/pl\/srodki-do-odlakierowywania\/svernicianti-bifasici\/metalstrip-updown-2803\/#breadcrumb\"},\"inLanguage\":\"pl-PL\",\"potentialAction\":[{\"@type\":\"ReadAction\",\"target\":[\"https:\/\/alit-tech.com\/pl\/srodki-do-odlakierowywania\/svernicianti-bifasici\/metalstrip-updown-2803\/\"]}]},{\"@type\":\"ImageObject\",\"inLanguage\":\"pl-PL\",\"@id\":\"https:\/\/alit-tech.com\/pl\/srodki-do-odlakierowywania\/svernicianti-bifasici\/metalstrip-updown-2803\/#primaryimage\",\"url\":\"https:\/\/alit-tech.com\/wp-content\/uploads\/2024\/10\/Svernicianti-BIFASICI.webp\",\"contentUrl\":\"https:\/\/alit-tech.com\/wp-content\/uploads\/2024\/10\/Svernicianti-BIFASICI.webp\",\"width\":983,\"height\":589},{\"@type\":\"BreadcrumbList\",\"@id\":\"https:\/\/alit-tech.com\/pl\/srodki-do-odlakierowywania\/svernicianti-bifasici\/metalstrip-updown-2803\/#breadcrumb\",\"itemListElement\":[{\"@type\":\"ListItem\",\"position\":1,\"name\":\"Home\",\"item\":\"https:\/\/alit-tech.com\/pl\/\"},{\"@type\":\"ListItem\",\"position\":2,\"name\":\"\u015arodki do odlakierowywania\",\"item\":\"https:\/\/alit-tech.com\/pl\/srodki-do-odlakierowywania\/\"},{\"@type\":\"ListItem\",\"position\":3,\"name\":\"Dwufazowe preparaty do usuwania farb\",\"item\":\"https:\/\/alit-tech.com\/pl\/srodki-do-odlakierowywania\/svernicianti-bifasici\/\"},{\"@type\":\"ListItem\",\"position\":4,\"name\":\"METALSTRIP UP&amp;DOWN 2803\"}]},{\"@type\":\"WebSite\",\"@id\":\"https:\/\/alit-tech.com\/it\/#website\",\"url\":\"https:\/\/alit-tech.com\/it\/\",\"name\":\"Alit technologies Spa\",\"description\":\"\",\"potentialAction\":[{\"@type\":\"SearchAction\",\"target\":{\"@type\":\"EntryPoint\",\"urlTemplate\":\"https:\/\/alit-tech.com\/it\/?s={search_term_string}\"},\"query-input\":\"required name=search_term_string\"}],\"inLanguage\":\"pl-PL\"}]}<\/script>\n<!-- \/ Yoast SEO plugin. -->","yoast_head_json":{"title":"Dwufazowy \u015brodek do usuwania farby do zastosowa\u0144 przemys\u0142owych","description":"Metalstrip UP&DOWN 2803 to innowacyjny dwufazowy p\u0142ynny \u015brodek do usuwania farby o neutralnym pH, odpowiedni do usuwania szerokiej gamy farb.","robots":{"index":"index","follow":"follow","max-snippet":"max-snippet:-1","max-image-preview":"max-image-preview:large","max-video-preview":"max-video-preview:-1"},"canonical":"https:\/\/alit-tech.com\/pl\/srodki-do-odlakierowywania\/svernicianti-bifasici\/metalstrip-updown-2803\/","og_locale":"pl_PL","og_type":"article","og_title":"Dwufazowy \u015brodek do usuwania farby do zastosowa\u0144 przemys\u0142owych","og_description":"Metalstrip UP&DOWN 2803 to innowacyjny dwufazowy p\u0142ynny \u015brodek do usuwania farby o neutralnym pH, odpowiedni do usuwania szerokiej gamy farb.","og_url":"https:\/\/alit-tech.com\/pl\/srodki-do-odlakierowywania\/svernicianti-bifasici\/metalstrip-updown-2803\/","og_site_name":"Alit technologies Spa","article_modified_time":"2025-07-22T12:29:26+00:00","og_image":[{"width":983,"height":589,"url":"https:\/\/alit-tech.com\/wp-content\/uploads\/2024\/10\/Svernicianti-BIFASICI.webp","type":"image\/webp"}],"twitter_card":"summary_large_image","twitter_misc":{"Szacowany czas czytania":"1 minuta"},"schema":{"@context":"https:\/\/schema.org","@graph":[{"@type":"WebPage","@id":"https:\/\/alit-tech.com\/pl\/srodki-do-odlakierowywania\/svernicianti-bifasici\/metalstrip-updown-2803\/","url":"https:\/\/alit-tech.com\/pl\/srodki-do-odlakierowywania\/svernicianti-bifasici\/metalstrip-updown-2803\/","name":"Dwufazowy \u015brodek do usuwania farby do zastosowa\u0144 przemys\u0142owych","isPartOf":{"@id":"https:\/\/alit-tech.com\/it\/#website"},"primaryImageOfPage":{"@id":"https:\/\/alit-tech.com\/pl\/srodki-do-odlakierowywania\/svernicianti-bifasici\/metalstrip-updown-2803\/#primaryimage"},"image":{"@id":"https:\/\/alit-tech.com\/pl\/srodki-do-odlakierowywania\/svernicianti-bifasici\/metalstrip-updown-2803\/#primaryimage"},"thumbnailUrl":"https:\/\/alit-tech.com\/wp-content\/uploads\/2024\/10\/Svernicianti-BIFASICI.webp","datePublished":"2024-10-03T16:44:17+00:00","dateModified":"2025-07-22T12:29:26+00:00","description":"Metalstrip UP&DOWN 2803 to innowacyjny dwufazowy p\u0142ynny \u015brodek do usuwania farby o neutralnym pH, odpowiedni do usuwania szerokiej gamy farb.","breadcrumb":{"@id":"https:\/\/alit-tech.com\/pl\/srodki-do-odlakierowywania\/svernicianti-bifasici\/metalstrip-updown-2803\/#breadcrumb"},"inLanguage":"pl-PL","potentialAction":[{"@type":"ReadAction","target":["https:\/\/alit-tech.com\/pl\/srodki-do-odlakierowywania\/svernicianti-bifasici\/metalstrip-updown-2803\/"]}]},{"@type":"ImageObject","inLanguage":"pl-PL","@id":"https:\/\/alit-tech.com\/pl\/srodki-do-odlakierowywania\/svernicianti-bifasici\/metalstrip-updown-2803\/#primaryimage","url":"https:\/\/alit-tech.com\/wp-content\/uploads\/2024\/10\/Svernicianti-BIFASICI.webp","contentUrl":"https:\/\/alit-tech.com\/wp-content\/uploads\/2024\/10\/Svernicianti-BIFASICI.webp","width":983,"height":589},{"@type":"BreadcrumbList","@id":"https:\/\/alit-tech.com\/pl\/srodki-do-odlakierowywania\/svernicianti-bifasici\/metalstrip-updown-2803\/#breadcrumb","itemListElement":[{"@type":"ListItem","position":1,"name":"Home","item":"https:\/\/alit-tech.com\/pl\/"},{"@type":"ListItem","position":2,"name":"\u015arodki do odlakierowywania","item":"https:\/\/alit-tech.com\/pl\/srodki-do-odlakierowywania\/"},{"@type":"ListItem","position":3,"name":"Dwufazowe preparaty do usuwania farb","item":"https:\/\/alit-tech.com\/pl\/srodki-do-odlakierowywania\/svernicianti-bifasici\/"},{"@type":"ListItem","position":4,"name":"METALSTRIP UP&amp;DOWN 2803"}]},{"@type":"WebSite","@id":"https:\/\/alit-tech.com\/it\/#website","url":"https:\/\/alit-tech.com\/it\/","name":"Alit technologies Spa","description":"","potentialAction":[{"@type":"SearchAction","target":{"@type":"EntryPoint","urlTemplate":"https:\/\/alit-tech.com\/it\/?s={search_term_string}"},"query-input":"required name=search_term_string"}],"inLanguage":"pl-PL"}]}},"_links":{"self":[{"href":"https:\/\/alit-tech.com\/pl\/wp-json\/wp\/v2\/pages\/15665"}],"collection":[{"href":"https:\/\/alit-tech.com\/pl\/wp-json\/wp\/v2\/pages"}],"about":[{"href":"https:\/\/alit-tech.com\/pl\/wp-json\/wp\/v2\/types\/page"}],"author":[{"embeddable":true,"href":"https:\/\/alit-tech.com\/pl\/wp-json\/wp\/v2\/users\/1"}],"replies":[{"embeddable":true,"href":"https:\/\/alit-tech.com\/pl\/wp-json\/wp\/v2\/comments?post=15665"}],"version-history":[{"count":1,"href":"https:\/\/alit-tech.com\/pl\/wp-json\/wp\/v2\/pages\/15665\/revisions"}],"predecessor-version":[{"id":15667,"href":"https:\/\/alit-tech.com\/pl\/wp-json\/wp\/v2\/pages\/15665\/revisions\/15667"}],"up":[{"embeddable":true,"href":"https:\/\/alit-tech.com\/pl\/wp-json\/wp\/v2\/pages\/15586"}],"wp:featuredmedia":[{"embeddable":true,"href":"https:\/\/alit-tech.com\/pl\/wp-json\/wp\/v2\/media\/12728"}],"wp:attachment":[{"href":"https:\/\/alit-tech.com\/pl\/wp-json\/wp\/v2\/media?parent=15665"}],"curies":[{"name":"wp","href":"https:\/\/api.w.org\/{rel}","templated":true}]}}