{"id":16958,"date":"2026-04-02T11:38:50","date_gmt":"2026-04-02T09:38:50","guid":{"rendered":"https:\/\/alit-tech.com\/urzadzenia\/fastrip-t6\/"},"modified":"2026-04-02T13:29:58","modified_gmt":"2026-04-02T11:29:58","slug":"fastrip-t6","status":"publish","type":"page","link":"https:\/\/alit-tech.com\/pl\/urzadzenia\/fastrip-t6\/","title":{"rendered":"Fastrip T6"},"content":{"rendered":"\n<p><strong>FASTRIP T6<\/strong> to chemiczne rozwi\u0105zanie do usuwania pow\u0142ok lakierniczych metod\u0105 zanurzeniow\u0105, zaprojektowane do czyszczenia i odzysku ram, hak\u00f3w oraz metalowych komponent\u00f3w o \u015brednich i du\u017cych rozmiarach.<br>Elementy s\u0105 zanurzane w aktywnej, stale mieszanej k\u0105pieli, co zapewnia r\u00f3wnomierne i skuteczne usuwanie pow\u0142ok, nawet na powierzchniach o z\u0142o\u017conej geometrii.<\/p>\n","protected":false},"excerpt":{"rendered":"<p>FASTRIP T6 to chemiczne rozwi\u0105zanie do usuwania pow\u0142ok lakierniczych metod\u0105 zanurzeniow\u0105, zaprojektowane do czyszczenia i odzysku ram, hak\u00f3w oraz metalowych komponent\u00f3w o \u015brednich i du\u017cych rozmiarach.Elementy s\u0105 zanurzane w aktywnej, stale mieszanej k\u0105pieli, co zapewnia r\u00f3wnomierne i skuteczne usuwanie pow\u0142ok, nawet na powierzchniach o z\u0142o\u017conej geometrii.<\/p>\n","protected":false},"author":1,"featured_media":16906,"parent":11067,"menu_order":0,"comment_status":"closed","ping_status":"closed","template":"template-pages\/05_plants_product.php","meta":{"_acf_changed":false,"footnotes":""},"class_list":["post-16958","page","type-page","status-publish","has-post-thumbnail","hentry"],"acf":[],"yoast_head":"<!-- This site is optimized with the Yoast SEO plugin v23.1 - https:\/\/yoast.com\/wordpress\/plugins\/seo\/ -->\n<title>Fastrip T6 - Alit technologies Spa<\/title>\n<meta name=\"robots\" content=\"index, follow, max-snippet:-1, max-image-preview:large, max-video-preview:-1\" \/>\n<link rel=\"canonical\" href=\"https:\/\/alit-tech.com\/pl\/urzadzenia\/fastrip-t6\/\" \/>\n<meta property=\"og:locale\" content=\"pl_PL\" \/>\n<meta property=\"og:type\" content=\"article\" \/>\n<meta property=\"og:title\" content=\"Fastrip T6 - Alit technologies Spa\" \/>\n<meta property=\"og:description\" content=\"FASTRIP T6 to chemiczne rozwi\u0105zanie do usuwania pow\u0142ok lakierniczych metod\u0105 zanurzeniow\u0105, zaprojektowane do czyszczenia i odzysku ram, hak\u00f3w oraz metalowych komponent\u00f3w o \u015brednich i du\u017cych rozmiarach.Elementy s\u0105 zanurzane w aktywnej, stale mieszanej k\u0105pieli, co zapewnia r\u00f3wnomierne i skuteczne usuwanie pow\u0142ok, nawet na powierzchniach o z\u0142o\u017conej geometrii.\" \/>\n<meta property=\"og:url\" content=\"https:\/\/alit-tech.com\/pl\/urzadzenia\/fastrip-t6\/\" \/>\n<meta property=\"og:site_name\" content=\"Alit technologies Spa\" \/>\n<meta property=\"article:modified_time\" content=\"2026-04-02T11:29:58+00:00\" \/>\n<meta property=\"og:image\" content=\"https:\/\/alit-tech.com\/wp-content\/uploads\/2026\/04\/Fastrip-T6-Vasca-Aperta-2.webp\" \/>\n\t<meta property=\"og:image:width\" content=\"2783\" \/>\n\t<meta property=\"og:image:height\" content=\"893\" \/>\n\t<meta property=\"og:image:type\" content=\"image\/webp\" \/>\n<meta name=\"twitter:card\" content=\"summary_large_image\" \/>\n<meta name=\"twitter:label1\" content=\"Szacowany czas czytania\" \/>\n\t<meta name=\"twitter:data1\" content=\"1 minuta\" \/>\n<script type=\"application\/ld+json\" class=\"yoast-schema-graph\">{\"@context\":\"https:\/\/schema.org\",\"@graph\":[{\"@type\":\"WebPage\",\"@id\":\"https:\/\/alit-tech.com\/pl\/urzadzenia\/fastrip-t6\/\",\"url\":\"https:\/\/alit-tech.com\/pl\/urzadzenia\/fastrip-t6\/\",\"name\":\"Fastrip T6 - Alit technologies Spa\",\"isPartOf\":{\"@id\":\"https:\/\/alit-tech.com\/it\/#website\"},\"primaryImageOfPage\":{\"@id\":\"https:\/\/alit-tech.com\/pl\/urzadzenia\/fastrip-t6\/#primaryimage\"},\"image\":{\"@id\":\"https:\/\/alit-tech.com\/pl\/urzadzenia\/fastrip-t6\/#primaryimage\"},\"thumbnailUrl\":\"https:\/\/alit-tech.com\/wp-content\/uploads\/2026\/04\/Fastrip-T6-Vasca-Aperta-2.webp\",\"datePublished\":\"2026-04-02T09:38:50+00:00\",\"dateModified\":\"2026-04-02T11:29:58+00:00\",\"breadcrumb\":{\"@id\":\"https:\/\/alit-tech.com\/pl\/urzadzenia\/fastrip-t6\/#breadcrumb\"},\"inLanguage\":\"pl-PL\",\"potentialAction\":[{\"@type\":\"ReadAction\",\"target\":[\"https:\/\/alit-tech.com\/pl\/urzadzenia\/fastrip-t6\/\"]}]},{\"@type\":\"ImageObject\",\"inLanguage\":\"pl-PL\",\"@id\":\"https:\/\/alit-tech.com\/pl\/urzadzenia\/fastrip-t6\/#primaryimage\",\"url\":\"https:\/\/alit-tech.com\/wp-content\/uploads\/2026\/04\/Fastrip-T6-Vasca-Aperta-2.webp\",\"contentUrl\":\"https:\/\/alit-tech.com\/wp-content\/uploads\/2026\/04\/Fastrip-T6-Vasca-Aperta-2.webp\",\"width\":2783,\"height\":893},{\"@type\":\"BreadcrumbList\",\"@id\":\"https:\/\/alit-tech.com\/pl\/urzadzenia\/fastrip-t6\/#breadcrumb\",\"itemListElement\":[{\"@type\":\"ListItem\",\"position\":1,\"name\":\"Home\",\"item\":\"https:\/\/alit-tech.com\/pl\/\"},{\"@type\":\"ListItem\",\"position\":2,\"name\":\"Urz\u0105dzenia\",\"item\":\"https:\/\/alit-tech.com\/pl\/urzadzenia\/\"},{\"@type\":\"ListItem\",\"position\":3,\"name\":\"Fastrip T6\"}]},{\"@type\":\"WebSite\",\"@id\":\"https:\/\/alit-tech.com\/it\/#website\",\"url\":\"https:\/\/alit-tech.com\/it\/\",\"name\":\"Alit technologies Spa\",\"description\":\"\",\"potentialAction\":[{\"@type\":\"SearchAction\",\"target\":{\"@type\":\"EntryPoint\",\"urlTemplate\":\"https:\/\/alit-tech.com\/it\/?s={search_term_string}\"},\"query-input\":\"required name=search_term_string\"}],\"inLanguage\":\"pl-PL\"}]}<\/script>\n<!-- \/ Yoast SEO plugin. -->","yoast_head_json":{"title":"Fastrip T6 - Alit technologies Spa","robots":{"index":"index","follow":"follow","max-snippet":"max-snippet:-1","max-image-preview":"max-image-preview:large","max-video-preview":"max-video-preview:-1"},"canonical":"https:\/\/alit-tech.com\/pl\/urzadzenia\/fastrip-t6\/","og_locale":"pl_PL","og_type":"article","og_title":"Fastrip T6 - Alit technologies Spa","og_description":"FASTRIP T6 to chemiczne rozwi\u0105zanie do usuwania pow\u0142ok lakierniczych metod\u0105 zanurzeniow\u0105, zaprojektowane do czyszczenia i odzysku ram, hak\u00f3w oraz metalowych komponent\u00f3w o \u015brednich i du\u017cych rozmiarach.Elementy s\u0105 zanurzane w aktywnej, stale mieszanej k\u0105pieli, co zapewnia r\u00f3wnomierne i skuteczne usuwanie pow\u0142ok, nawet na powierzchniach o z\u0142o\u017conej geometrii.","og_url":"https:\/\/alit-tech.com\/pl\/urzadzenia\/fastrip-t6\/","og_site_name":"Alit technologies Spa","article_modified_time":"2026-04-02T11:29:58+00:00","og_image":[{"width":2783,"height":893,"url":"https:\/\/alit-tech.com\/wp-content\/uploads\/2026\/04\/Fastrip-T6-Vasca-Aperta-2.webp","type":"image\/webp"}],"twitter_card":"summary_large_image","twitter_misc":{"Szacowany czas czytania":"1 minuta"},"schema":{"@context":"https:\/\/schema.org","@graph":[{"@type":"WebPage","@id":"https:\/\/alit-tech.com\/pl\/urzadzenia\/fastrip-t6\/","url":"https:\/\/alit-tech.com\/pl\/urzadzenia\/fastrip-t6\/","name":"Fastrip T6 - Alit technologies Spa","isPartOf":{"@id":"https:\/\/alit-tech.com\/it\/#website"},"primaryImageOfPage":{"@id":"https:\/\/alit-tech.com\/pl\/urzadzenia\/fastrip-t6\/#primaryimage"},"image":{"@id":"https:\/\/alit-tech.com\/pl\/urzadzenia\/fastrip-t6\/#primaryimage"},"thumbnailUrl":"https:\/\/alit-tech.com\/wp-content\/uploads\/2026\/04\/Fastrip-T6-Vasca-Aperta-2.webp","datePublished":"2026-04-02T09:38:50+00:00","dateModified":"2026-04-02T11:29:58+00:00","breadcrumb":{"@id":"https:\/\/alit-tech.com\/pl\/urzadzenia\/fastrip-t6\/#breadcrumb"},"inLanguage":"pl-PL","potentialAction":[{"@type":"ReadAction","target":["https:\/\/alit-tech.com\/pl\/urzadzenia\/fastrip-t6\/"]}]},{"@type":"ImageObject","inLanguage":"pl-PL","@id":"https:\/\/alit-tech.com\/pl\/urzadzenia\/fastrip-t6\/#primaryimage","url":"https:\/\/alit-tech.com\/wp-content\/uploads\/2026\/04\/Fastrip-T6-Vasca-Aperta-2.webp","contentUrl":"https:\/\/alit-tech.com\/wp-content\/uploads\/2026\/04\/Fastrip-T6-Vasca-Aperta-2.webp","width":2783,"height":893},{"@type":"BreadcrumbList","@id":"https:\/\/alit-tech.com\/pl\/urzadzenia\/fastrip-t6\/#breadcrumb","itemListElement":[{"@type":"ListItem","position":1,"name":"Home","item":"https:\/\/alit-tech.com\/pl\/"},{"@type":"ListItem","position":2,"name":"Urz\u0105dzenia","item":"https:\/\/alit-tech.com\/pl\/urzadzenia\/"},{"@type":"ListItem","position":3,"name":"Fastrip T6"}]},{"@type":"WebSite","@id":"https:\/\/alit-tech.com\/it\/#website","url":"https:\/\/alit-tech.com\/it\/","name":"Alit technologies Spa","description":"","potentialAction":[{"@type":"SearchAction","target":{"@type":"EntryPoint","urlTemplate":"https:\/\/alit-tech.com\/it\/?s={search_term_string}"},"query-input":"required name=search_term_string"}],"inLanguage":"pl-PL"}]}},"_links":{"self":[{"href":"https:\/\/alit-tech.com\/pl\/wp-json\/wp\/v2\/pages\/16958"}],"collection":[{"href":"https:\/\/alit-tech.com\/pl\/wp-json\/wp\/v2\/pages"}],"about":[{"href":"https:\/\/alit-tech.com\/pl\/wp-json\/wp\/v2\/types\/page"}],"author":[{"embeddable":true,"href":"https:\/\/alit-tech.com\/pl\/wp-json\/wp\/v2\/users\/1"}],"replies":[{"embeddable":true,"href":"https:\/\/alit-tech.com\/pl\/wp-json\/wp\/v2\/comments?post=16958"}],"version-history":[{"count":2,"href":"https:\/\/alit-tech.com\/pl\/wp-json\/wp\/v2\/pages\/16958\/revisions"}],"predecessor-version":[{"id":16961,"href":"https:\/\/alit-tech.com\/pl\/wp-json\/wp\/v2\/pages\/16958\/revisions\/16961"}],"up":[{"embeddable":true,"href":"https:\/\/alit-tech.com\/pl\/wp-json\/wp\/v2\/pages\/11067"}],"wp:featuredmedia":[{"embeddable":true,"href":"https:\/\/alit-tech.com\/pl\/wp-json\/wp\/v2\/media\/16906"}],"wp:attachment":[{"href":"https:\/\/alit-tech.com\/pl\/wp-json\/wp\/v2\/media?parent=16958"}],"curies":[{"name":"wp","href":"https:\/\/api.w.org\/{rel}","templated":true}]}}