{"id":10043,"date":"2024-03-26T15:16:15","date_gmt":"2024-03-26T14:16:15","guid":{"rendered":"https:\/\/alit-tech.com\/?page_id=10043"},"modified":"2025-08-28T09:46:19","modified_gmt":"2025-08-28T07:46:19","slug":"alit-no-mundo","status":"publish","type":"page","link":"https:\/\/alit-tech.com\/pt-pt\/alit-no-mundo\/","title":{"rendered":"Alit no mundo"},"content":{"rendered":"\n<h2 class=\"wp-block-heading\" style=\"font-size:50px\">INOVA\u00c7\u00c3O GLOBAL.<\/h2>\n\n\n\n<div style=\"height:20px\" aria-hidden=\"true\" class=\"wp-block-spacer\"><\/div>\n\n\n\n<h2 class=\"wp-block-heading\">Expans\u00e3o sem limites,<br>proximidade sem fronteiras<\/h2>\n\n\n\n<div style=\"height:20px\" aria-hidden=\"true\" class=\"wp-block-spacer\"><\/div>\n\n\n\n<p><strong>De uma pequena realidade a um gigante da inova\u00e7\u00e3o.<\/strong><\/p>\n\n\n\n<p>Transcendemos as fronteiras locais para abra\u00e7ar o mundo. Com 50% de nossa receita gerada no exterior, constru\u00edmos uma rede que se estende pela Europa, Am\u00e9rica e \u00c1sia.<\/p>\n\n\n\n<p>Revendedores em todos os continentes, filiais em Portugal e na S\u00e9rvia desde 2023, e uma vis\u00e3o cada vez mais ambiciosa: esta \u00e9 a hist\u00f3ria da ALIT, guiada pela convic\u00e7\u00e3o de que a proximidade com o cliente \u00e9 a chave para uma colabora\u00e7\u00e3o frut\u00edfera.<\/p>\n\n\n\n<p>Junte-se a n\u00f3s nesta aventura global e descubra como nossa presen\u00e7a internacional pode fazer a diferen\u00e7a para voc\u00ea.<\/p>\n","protected":false},"excerpt":{"rendered":"<p>INOVA\u00c7\u00c3O GLOBAL. Expans\u00e3o sem limites,proximidade sem fronteiras De uma pequena realidade a um gigante da inova\u00e7\u00e3o. Transcendemos as fronteiras locais para abra\u00e7ar o mundo. Com 50% de nossa receita gerada no exterior, constru\u00edmos uma rede que se estende pela Europa, Am\u00e9rica e \u00c1sia. Revendedores em todos os continentes, filiais em Portugal e na S\u00e9rvia desde [&hellip;]<\/p>\n","protected":false},"author":1,"featured_media":0,"parent":0,"menu_order":0,"comment_status":"closed","ping_status":"closed","template":"template-pages\/40_alit_world.php","meta":{"_acf_changed":false,"footnotes":""},"class_list":["post-10043","page","type-page","status-publish","hentry"],"acf":[],"yoast_head":"<!-- This site is optimized with the Yoast SEO plugin v23.1 - https:\/\/yoast.com\/wordpress\/plugins\/seo\/ -->\n<title>Alit no mundo - Alit technologies<\/title>\n<meta name=\"description\" content=\"Descubra a presen\u00e7a global da Alit Technologies com filiais na Europa, Am\u00e9rica e \u00c1sia, expandindo a inova\u00e7\u00e3o sem fronteiras para estar mais perto de si.\" \/>\n<meta name=\"robots\" content=\"index, follow, max-snippet:-1, max-image-preview:large, max-video-preview:-1\" \/>\n<link rel=\"canonical\" href=\"https:\/\/alit-tech.com\/pt-pt\/alit-no-mundo\/\" \/>\n<meta property=\"og:locale\" content=\"pt_PT\" \/>\n<meta property=\"og:type\" content=\"article\" \/>\n<meta property=\"og:title\" content=\"Alit no mundo - Alit technologies\" \/>\n<meta property=\"og:description\" content=\"Descubra a presen\u00e7a global da Alit Technologies com filiais na Europa, Am\u00e9rica e \u00c1sia, expandindo a inova\u00e7\u00e3o sem fronteiras para estar mais perto de si.\" \/>\n<meta property=\"og:url\" content=\"https:\/\/alit-tech.com\/pt-pt\/alit-no-mundo\/\" \/>\n<meta property=\"og:site_name\" content=\"Alit technologies Spa\" \/>\n<meta property=\"article:modified_time\" content=\"2025-08-28T07:46:19+00:00\" \/>\n<meta name=\"twitter:card\" content=\"summary_large_image\" \/>\n<meta name=\"twitter:label1\" content=\"Tempo estimado de leitura\" \/>\n\t<meta name=\"twitter:data1\" content=\"1 minuto\" \/>\n<script type=\"application\/ld+json\" class=\"yoast-schema-graph\">{\"@context\":\"https:\/\/schema.org\",\"@graph\":[{\"@type\":\"WebPage\",\"@id\":\"https:\/\/alit-tech.com\/pt-pt\/alit-no-mundo\/\",\"url\":\"https:\/\/alit-tech.com\/pt-pt\/alit-no-mundo\/\",\"name\":\"Alit no mundo - Alit technologies\",\"isPartOf\":{\"@id\":\"https:\/\/alit-tech.com\/it\/#website\"},\"datePublished\":\"2024-03-26T14:16:15+00:00\",\"dateModified\":\"2025-08-28T07:46:19+00:00\",\"description\":\"Descubra a presen\u00e7a global da Alit Technologies com filiais na Europa, Am\u00e9rica e \u00c1sia, expandindo a inova\u00e7\u00e3o sem fronteiras para estar mais perto de si.\",\"breadcrumb\":{\"@id\":\"https:\/\/alit-tech.com\/pt-pt\/alit-no-mundo\/#breadcrumb\"},\"inLanguage\":\"pt-PT\",\"potentialAction\":[{\"@type\":\"ReadAction\",\"target\":[\"https:\/\/alit-tech.com\/pt-pt\/alit-no-mundo\/\"]}]},{\"@type\":\"BreadcrumbList\",\"@id\":\"https:\/\/alit-tech.com\/pt-pt\/alit-no-mundo\/#breadcrumb\",\"itemListElement\":[{\"@type\":\"ListItem\",\"position\":1,\"name\":\"Home\",\"item\":\"https:\/\/alit-tech.com\/pt-pt\/\"},{\"@type\":\"ListItem\",\"position\":2,\"name\":\"Alit no mundo\"}]},{\"@type\":\"WebSite\",\"@id\":\"https:\/\/alit-tech.com\/it\/#website\",\"url\":\"https:\/\/alit-tech.com\/it\/\",\"name\":\"Alit technologies Spa\",\"description\":\"\",\"potentialAction\":[{\"@type\":\"SearchAction\",\"target\":{\"@type\":\"EntryPoint\",\"urlTemplate\":\"https:\/\/alit-tech.com\/it\/?s={search_term_string}\"},\"query-input\":\"required name=search_term_string\"}],\"inLanguage\":\"pt-PT\"}]}<\/script>\n<!-- \/ Yoast SEO plugin. -->","yoast_head_json":{"title":"Alit no mundo - Alit technologies","description":"Descubra a presen\u00e7a global da Alit Technologies com filiais na Europa, Am\u00e9rica e \u00c1sia, expandindo a inova\u00e7\u00e3o sem fronteiras para estar mais perto de si.","robots":{"index":"index","follow":"follow","max-snippet":"max-snippet:-1","max-image-preview":"max-image-preview:large","max-video-preview":"max-video-preview:-1"},"canonical":"https:\/\/alit-tech.com\/pt-pt\/alit-no-mundo\/","og_locale":"pt_PT","og_type":"article","og_title":"Alit no mundo - Alit technologies","og_description":"Descubra a presen\u00e7a global da Alit Technologies com filiais na Europa, Am\u00e9rica e \u00c1sia, expandindo a inova\u00e7\u00e3o sem fronteiras para estar mais perto de si.","og_url":"https:\/\/alit-tech.com\/pt-pt\/alit-no-mundo\/","og_site_name":"Alit technologies Spa","article_modified_time":"2025-08-28T07:46:19+00:00","twitter_card":"summary_large_image","twitter_misc":{"Tempo estimado de leitura":"1 minuto"},"schema":{"@context":"https:\/\/schema.org","@graph":[{"@type":"WebPage","@id":"https:\/\/alit-tech.com\/pt-pt\/alit-no-mundo\/","url":"https:\/\/alit-tech.com\/pt-pt\/alit-no-mundo\/","name":"Alit no mundo - Alit technologies","isPartOf":{"@id":"https:\/\/alit-tech.com\/it\/#website"},"datePublished":"2024-03-26T14:16:15+00:00","dateModified":"2025-08-28T07:46:19+00:00","description":"Descubra a presen\u00e7a global da Alit Technologies com filiais na Europa, Am\u00e9rica e \u00c1sia, expandindo a inova\u00e7\u00e3o sem fronteiras para estar mais perto de si.","breadcrumb":{"@id":"https:\/\/alit-tech.com\/pt-pt\/alit-no-mundo\/#breadcrumb"},"inLanguage":"pt-PT","potentialAction":[{"@type":"ReadAction","target":["https:\/\/alit-tech.com\/pt-pt\/alit-no-mundo\/"]}]},{"@type":"BreadcrumbList","@id":"https:\/\/alit-tech.com\/pt-pt\/alit-no-mundo\/#breadcrumb","itemListElement":[{"@type":"ListItem","position":1,"name":"Home","item":"https:\/\/alit-tech.com\/pt-pt\/"},{"@type":"ListItem","position":2,"name":"Alit no mundo"}]},{"@type":"WebSite","@id":"https:\/\/alit-tech.com\/it\/#website","url":"https:\/\/alit-tech.com\/it\/","name":"Alit technologies Spa","description":"","potentialAction":[{"@type":"SearchAction","target":{"@type":"EntryPoint","urlTemplate":"https:\/\/alit-tech.com\/it\/?s={search_term_string}"},"query-input":"required name=search_term_string"}],"inLanguage":"pt-PT"}]}},"_links":{"self":[{"href":"https:\/\/alit-tech.com\/pt-pt\/wp-json\/wp\/v2\/pages\/10043"}],"collection":[{"href":"https:\/\/alit-tech.com\/pt-pt\/wp-json\/wp\/v2\/pages"}],"about":[{"href":"https:\/\/alit-tech.com\/pt-pt\/wp-json\/wp\/v2\/types\/page"}],"author":[{"embeddable":true,"href":"https:\/\/alit-tech.com\/pt-pt\/wp-json\/wp\/v2\/users\/1"}],"replies":[{"embeddable":true,"href":"https:\/\/alit-tech.com\/pt-pt\/wp-json\/wp\/v2\/comments?post=10043"}],"version-history":[{"count":4,"href":"https:\/\/alit-tech.com\/pt-pt\/wp-json\/wp\/v2\/pages\/10043\/revisions"}],"predecessor-version":[{"id":10057,"href":"https:\/\/alit-tech.com\/pt-pt\/wp-json\/wp\/v2\/pages\/10043\/revisions\/10057"}],"wp:attachment":[{"href":"https:\/\/alit-tech.com\/pt-pt\/wp-json\/wp\/v2\/media?parent=10043"}],"curies":[{"name":"wp","href":"https:\/\/api.w.org\/{rel}","templated":true}]}}