{"id":10058,"date":"2024-03-26T15:15:39","date_gmt":"2024-03-26T14:15:39","guid":{"rendered":"https:\/\/alit-tech.com\/?page_id=10058"},"modified":"2025-12-01T10:06:09","modified_gmt":"2025-12-01T09:06:09","slug":"certificacao","status":"publish","type":"page","link":"https:\/\/alit-tech.com\/pt-pt\/certificacao\/","title":{"rendered":"Certifica\u00e7\u00e3o"},"content":{"rendered":"\n<p style=\"font-size:32px\"><strong>Certifica\u00e7\u00e3o ISO 9001 e ISO 14001:&nbsp;Qualidade no cora\u00e7\u00e3o da ALIT Technologies&nbsp;<\/strong><\/p>\n\n\n\n<p>ALIT Technologies orgulha-se de anunciar que obteve as prestigiosas certifica\u00e7\u00f5es ISO 9001 e ISO 14001, um reconhecimento que reafirma o nosso compromisso inabal\u00e1vel com a excel\u00eancia na qualidade dos nossos produtos e servi\u00e7os. Esta certifica\u00e7\u00e3o, emitida por uma autoridade independente e reconhecida mundialmente, \u00e9 uma prova tang\u00edvel da nossa dedica\u00e7\u00e3o aos nossos clientes.&nbsp;<\/p>\n\n\n\n<div style=\"height:46px\" aria-hidden=\"true\" class=\"wp-block-spacer\"><\/div>\n\n\n\n<div class=\"wp-block-columns is-layout-flex wp-container-core-columns-is-layout-1 wp-block-columns-is-layout-flex\">\n<div class=\"wp-block-column is-layout-flow wp-block-column-is-layout-flow\" style=\"flex-basis:66.66%\"><div class=\"wp-block-image\">\n<figure class=\"aligncenter size-full is-resized\"><img decoding=\"async\" width=\"714\" height=\"352\" src=\"https:\/\/www.alit-tech.com\/wp-content\/uploads\/2024\/05\/Certificazioni_iso_ALIT_tech.jpg\" alt=\"\" class=\"wp-image-9505\" style=\"width:411px;height:auto\" srcset=\"https:\/\/alit-tech.com\/wp-content\/uploads\/2024\/05\/Certificazioni_iso_ALIT_tech.jpg 714w, https:\/\/alit-tech.com\/wp-content\/uploads\/2024\/05\/Certificazioni_iso_ALIT_tech-300x148.jpg 300w\" sizes=\"(max-width: 714px) 100vw, 714px\" \/><\/figure><\/div><\/div>\n\n\n\n<div class=\"wp-block-column is-layout-flow wp-block-column-is-layout-flow\" style=\"flex-basis:33.33%\">\n<figure class=\"wp-block-image size-full is-resized\"><img decoding=\"async\" width=\"2000\" height=\"1410\" src=\"https:\/\/alit-tech.com\/wp-content\/uploads\/2025\/12\/Please-make-an-offer-for-faststrip-paint-removal-system.png\" alt=\"\" class=\"wp-image-16358\" style=\"width:271px;height:auto\" srcset=\"https:\/\/alit-tech.com\/wp-content\/uploads\/2025\/12\/Please-make-an-offer-for-faststrip-paint-removal-system.png 2000w, https:\/\/alit-tech.com\/wp-content\/uploads\/2025\/12\/Please-make-an-offer-for-faststrip-paint-removal-system-300x212.png 300w, https:\/\/alit-tech.com\/wp-content\/uploads\/2025\/12\/Please-make-an-offer-for-faststrip-paint-removal-system-1024x722.png 1024w, https:\/\/alit-tech.com\/wp-content\/uploads\/2025\/12\/Please-make-an-offer-for-faststrip-paint-removal-system-768x541.png 768w, https:\/\/alit-tech.com\/wp-content\/uploads\/2025\/12\/Please-make-an-offer-for-faststrip-paint-removal-system-1536x1083.png 1536w\" sizes=\"(max-width: 2000px) 100vw, 2000px\" \/><\/figure>\n<\/div>\n<\/div>\n\n\n\n<div style=\"height:46px\" aria-hidden=\"true\" class=\"wp-block-spacer\"><\/div>\n\n\n\n<div class=\"wp-block-columns is-layout-flex wp-container-core-columns-is-layout-2 wp-block-columns-is-layout-flex\">\n<div class=\"wp-block-column is-layout-flow wp-block-column-is-layout-flow\">\n<div class=\"wp-block-buttons is-content-justification-right is-layout-flex wp-container-core-buttons-is-layout-1 wp-block-buttons-is-layout-flex\">\n<div class=\"wp-block-button has-custom-width wp-block-button__width-75 has-custom-font-size has-medium-font-size\"><a class=\"wp-block-button__link has-luminous-vivid-orange-background-color has-background wp-element-button\" href=\"https:\/\/alit-tech.com\/wp-content\/uploads\/2025\/12\/ISO-CERTIFICATE-14001.pdf\" style=\"border-radius:0px\" target=\"_blank\" rel=\"noreferrer noopener\">Download <strong>ISO 14001<\/strong><\/a><\/div>\n<\/div>\n<\/div>\n\n\n\n<div class=\"wp-block-column is-layout-flow wp-block-column-is-layout-flow\">\n<div class=\"wp-block-buttons is-layout-flex wp-block-buttons-is-layout-flex\">\n<div class=\"wp-block-button has-custom-width wp-block-button__width-75 has-custom-font-size has-medium-font-size\"><a class=\"wp-block-button__link has-luminous-vivid-orange-background-color has-background wp-element-button\" href=\"https:\/\/alit-tech.com\/wp-content\/uploads\/2024\/12\/CERTIFICATO-ISO-9001-ENG.pdf.pdf\" style=\"border-radius:0px\" target=\"_blank\" rel=\"noreferrer noopener\">Download <strong>ISO 9001<\/strong><\/a><\/div>\n<\/div>\n<\/div>\n<\/div>\n\n\n\n<div style=\"height:46px\" aria-hidden=\"true\" class=\"wp-block-spacer\"><\/div>\n\n\n\n<p style=\"font-size:32px\"><strong>Benef\u00edcios da certifica\u00e7\u00e3o ISO 9001 e ISO 14001 da ALIT Technologies:<\/strong><\/p>\n\n\n\n<p><strong>Qualidade garantida&nbsp;<\/strong><br>A certifica\u00e7\u00e3o ISO 9001 \u00e9 o selo de garantia do nosso compromisso com a qualidade. Significa que os nossos processos de produ\u00e7\u00e3o, atendimento ao cliente e gest\u00e3o passaram por uma avalia\u00e7\u00e3o rigorosa e est\u00e3o em conformidade com os padr\u00f5es internacionais de qualidade&nbsp;<\/p>\n\n\n\n<p><strong>Confian\u00e7a do Cliente<\/strong>&nbsp;<br>Ao escolher a ALIT Technologies, escolhe um parceiro confi\u00e1vel. A certifica\u00e7\u00e3o ISO 9001 refor\u00e7a a confian\u00e7a do cliente na nossa capacidade de fornecer produtos e servi\u00e7os de alta qualidade, atendendo de forma eficaz e eficiente \u00e0s suas necessidades.&nbsp;<\/p>\n\n\n\n<p><strong>Melhoria Cont\u00ednua<\/strong>&nbsp;<br>A certifica\u00e7\u00e3o ISO 9001 leva-nos a melhorar continuamente. Monitorizamos e avaliamos regularmente os nossos processos para identificar oportunidades de otimiza\u00e7\u00e3o, garantindo uma melhoria cont\u00ednua na qualidade dos nossos produtos e servi\u00e7os<\/p>\n\n\n\n<p><strong>Economia de tempo e recursos<\/strong>&nbsp;<br>Gra\u00e7as a processos otimizados e maior efici\u00eancia, a certifica\u00e7\u00e3o ISO 9001 ajuda-nos a reduzir o desperd\u00edcio de tempo e recursos. Isto traduz-se numa maior produtividade e na capacidade de oferecer pre\u00e7os competitivos aos nossos clientes.&nbsp;<\/p>\n\n\n\n<p><strong>Competitividade global&nbsp;<\/strong><br>Sermos certificados pela ISO 9001 permite-nos competir \u00e0 escala global. Os nossos produtos e servi\u00e7os seguem os padr\u00f5es internacionais, abrindo novas oportunidades de mercado e colabora\u00e7\u00f5es internacionais.&nbsp;<\/p>\n\n\n\n<p>A ALIT Technologies est\u00e1 empenhada em manter esta certifica\u00e7\u00e3o, garantindo que a qualidade permanece no centro de tudo o que fazemos. A nossa miss\u00e3o \u00e9 continuar a fornecer aos nossos clientes produtos e servi\u00e7os de excel\u00eancia, enquanto inovamos constantemente para satisfazer as exig\u00eancias do mercado em evolu\u00e7\u00e3o.&nbsp;<\/p>\n\n\n\n<div style=\"height:46px\" aria-hidden=\"true\" class=\"wp-block-spacer\"><\/div>\n\n\n\n<div class=\"wp-block-columns is-layout-flex wp-container-core-columns-is-layout-3 wp-block-columns-is-layout-flex\">\n<div class=\"wp-block-column is-layout-flow wp-block-column-is-layout-flow\">\n<figure class=\"wp-block-image size-large\"><img decoding=\"async\" width=\"1024\" height=\"712\" src=\"https:\/\/alit-tech.com\/wp-content\/uploads\/2024\/12\/SI-Rating-ALIT-Technolgies-Spa-Sostenibilita-1024x712.png\" alt=\"\" class=\"wp-image-13447\" srcset=\"https:\/\/alit-tech.com\/wp-content\/uploads\/2024\/12\/SI-Rating-ALIT-Technolgies-Spa-Sostenibilita-1024x712.png 1024w, https:\/\/alit-tech.com\/wp-content\/uploads\/2024\/12\/SI-Rating-ALIT-Technolgies-Spa-Sostenibilita-300x209.png 300w, https:\/\/alit-tech.com\/wp-content\/uploads\/2024\/12\/SI-Rating-ALIT-Technolgies-Spa-Sostenibilita-768x534.png 768w, https:\/\/alit-tech.com\/wp-content\/uploads\/2024\/12\/SI-Rating-ALIT-Technolgies-Spa-Sostenibilita.png 1102w\" sizes=\"(max-width: 1024px) 100vw, 1024px\" \/><\/figure>\n<\/div>\n\n\n\n<div class=\"wp-block-column is-vertically-aligned-center is-layout-flow wp-block-column-is-layout-flow\"><div class=\"wp-block-image\">\n<figure class=\"aligncenter size-full is-resized\"><img decoding=\"async\" width=\"566\" height=\"393\" src=\"https:\/\/alit-tech.com\/wp-content\/uploads\/2024\/12\/SI-Rating-Start-2024.png\" alt=\"\" class=\"wp-image-13451\" style=\"width:262px\" srcset=\"https:\/\/alit-tech.com\/wp-content\/uploads\/2024\/12\/SI-Rating-Start-2024.png 566w, https:\/\/alit-tech.com\/wp-content\/uploads\/2024\/12\/SI-Rating-Start-2024-300x208.png 300w\" sizes=\"(max-width: 566px) 100vw, 566px\" \/><\/figure><\/div><\/div>\n<\/div>\n\n\n\n<div style=\"height:46px\" aria-hidden=\"true\" class=\"wp-block-spacer\"><\/div>\n\n\n\n<h2 class=\"wp-block-heading\" style=\"font-size:32px\"><strong>Certifica\u00e7\u00e3o SI Rating<\/strong><\/h2>\n\n\n\n<p>A Alit Technologies obteve o reconhecimento <a href=\"https:\/\/www.arbsb.it\/en\/si-rating-eng\/\" target=\"_blank\" rel=\"noreferrer noopener\"><mark style=\"background-color:rgba(0, 0, 0, 0)\" class=\"has-inline-color has-luminous-vivid-orange-color\">Sustainability Impact Rating<\/mark><\/a> (SI Rating), que avalia a sustentabilidade ambiental, social e de governa\u00e7\u00e3o (ESG) das organiza\u00e7\u00f5es. Este resultado testemunha o nosso compromisso com a transpar\u00eancia, o alinhamento com os Objetivos de Desenvolvimento Sustent\u00e1vel da ONU e a ado\u00e7\u00e3o de pr\u00e1ticas baseadas em normas internacionais, como as diretrizes da SASB e as certifica\u00e7\u00f5es ISO relacionadas com a sustentabilidade.<\/p>\n\n\n\n<p>A ALIT Technologies est\u00e1 empenhada em manter esta certifica\u00e7\u00e3o, garantindo que a qualidade permanece no centro de tudo o que fazemos. A nossa miss\u00e3o \u00e9 continuar a fornecer aos nossos clientes produtos e servi\u00e7os de excel\u00eancia, enquanto inovamos constantemente para satisfazer as exig\u00eancias do mercado em evolu\u00e7\u00e3o.&nbsp;<\/p>\n\n\n\n<p><\/p>\n","protected":false},"excerpt":{"rendered":"<p>Certifica\u00e7\u00e3o ISO 9001 e ISO 14001:&nbsp;Qualidade no cora\u00e7\u00e3o da ALIT Technologies&nbsp; ALIT Technologies orgulha-se de anunciar que obteve as prestigiosas certifica\u00e7\u00f5es ISO 9001 e ISO 14001, um reconhecimento que reafirma o nosso compromisso inabal\u00e1vel com a excel\u00eancia na qualidade dos nossos produtos e servi\u00e7os. Esta certifica\u00e7\u00e3o, emitida por uma autoridade independente e reconhecida mundialmente, \u00e9 [&hellip;]<\/p>\n","protected":false},"author":1,"featured_media":10060,"parent":0,"menu_order":0,"comment_status":"closed","ping_status":"closed","template":"","meta":{"_acf_changed":false,"footnotes":""},"class_list":["post-10058","page","type-page","status-publish","has-post-thumbnail","hentry"],"acf":[],"yoast_head":"<!-- This site is optimized with the Yoast SEO plugin v23.1 - https:\/\/yoast.com\/wordpress\/plugins\/seo\/ -->\n<title>Certifica\u00e7\u00e3o - Qualidade no cora\u00e7\u00e3o da ALIT Technologies<\/title>\n<meta name=\"description\" content=\"Contate-nos para obter informa\u00e7\u00f5es sobre produtos qu\u00edmicos e instala\u00e7\u00f5es para decapagem e como escolh\u00ea-los. Preencha o formul\u00e1rio online para qualquer solicita\u00e7\u00e3o\" \/>\n<meta name=\"robots\" content=\"index, follow, max-snippet:-1, max-image-preview:large, max-video-preview:-1\" \/>\n<link rel=\"canonical\" href=\"https:\/\/alit-tech.com\/pt-pt\/certificacao\/\" \/>\n<meta property=\"og:locale\" content=\"pt_PT\" \/>\n<meta property=\"og:type\" content=\"article\" \/>\n<meta property=\"og:title\" content=\"Certifica\u00e7\u00e3o - Qualidade no cora\u00e7\u00e3o da ALIT Technologies\" \/>\n<meta property=\"og:description\" content=\"Contate-nos para obter informa\u00e7\u00f5es sobre produtos qu\u00edmicos e instala\u00e7\u00f5es para decapagem e como escolh\u00ea-los. Preencha o formul\u00e1rio online para qualquer solicita\u00e7\u00e3o\" \/>\n<meta property=\"og:url\" content=\"https:\/\/alit-tech.com\/pt-pt\/certificacao\/\" \/>\n<meta property=\"og:site_name\" content=\"Alit technologies Spa\" \/>\n<meta property=\"article:modified_time\" content=\"2025-12-01T09:06:09+00:00\" \/>\n<meta property=\"og:image\" content=\"https:\/\/alit-tech.com\/wp-content\/uploads\/2024\/06\/chemical-single-product.jpg\" \/>\n\t<meta property=\"og:image:width\" content=\"1920\" \/>\n\t<meta property=\"og:image:height\" content=\"552\" \/>\n\t<meta property=\"og:image:type\" content=\"image\/jpeg\" \/>\n<meta name=\"twitter:card\" content=\"summary_large_image\" \/>\n<meta name=\"twitter:label1\" content=\"Tempo estimado de leitura\" \/>\n\t<meta name=\"twitter:data1\" content=\"4 minutos\" \/>\n<script type=\"application\/ld+json\" class=\"yoast-schema-graph\">{\"@context\":\"https:\/\/schema.org\",\"@graph\":[{\"@type\":\"WebPage\",\"@id\":\"https:\/\/alit-tech.com\/pt-pt\/certificacao\/\",\"url\":\"https:\/\/alit-tech.com\/pt-pt\/certificacao\/\",\"name\":\"Certifica\u00e7\u00e3o - Qualidade no cora\u00e7\u00e3o da ALIT Technologies\",\"isPartOf\":{\"@id\":\"https:\/\/alit-tech.com\/it\/#website\"},\"primaryImageOfPage\":{\"@id\":\"https:\/\/alit-tech.com\/pt-pt\/certificacao\/#primaryimage\"},\"image\":{\"@id\":\"https:\/\/alit-tech.com\/pt-pt\/certificacao\/#primaryimage\"},\"thumbnailUrl\":\"https:\/\/alit-tech.com\/wp-content\/uploads\/2024\/06\/chemical-single-product.jpg\",\"datePublished\":\"2024-03-26T14:15:39+00:00\",\"dateModified\":\"2025-12-01T09:06:09+00:00\",\"description\":\"Contate-nos para obter informa\u00e7\u00f5es sobre produtos qu\u00edmicos e instala\u00e7\u00f5es para decapagem e como escolh\u00ea-los. Preencha o formul\u00e1rio online para qualquer solicita\u00e7\u00e3o\",\"breadcrumb\":{\"@id\":\"https:\/\/alit-tech.com\/pt-pt\/certificacao\/#breadcrumb\"},\"inLanguage\":\"pt-PT\",\"potentialAction\":[{\"@type\":\"ReadAction\",\"target\":[\"https:\/\/alit-tech.com\/pt-pt\/certificacao\/\"]}]},{\"@type\":\"ImageObject\",\"inLanguage\":\"pt-PT\",\"@id\":\"https:\/\/alit-tech.com\/pt-pt\/certificacao\/#primaryimage\",\"url\":\"https:\/\/alit-tech.com\/wp-content\/uploads\/2024\/06\/chemical-single-product.jpg\",\"contentUrl\":\"https:\/\/alit-tech.com\/wp-content\/uploads\/2024\/06\/chemical-single-product.jpg\",\"width\":1920,\"height\":552},{\"@type\":\"BreadcrumbList\",\"@id\":\"https:\/\/alit-tech.com\/pt-pt\/certificacao\/#breadcrumb\",\"itemListElement\":[{\"@type\":\"ListItem\",\"position\":1,\"name\":\"Home\",\"item\":\"https:\/\/alit-tech.com\/pt-pt\/\"},{\"@type\":\"ListItem\",\"position\":2,\"name\":\"Certifica\u00e7\u00e3o\"}]},{\"@type\":\"WebSite\",\"@id\":\"https:\/\/alit-tech.com\/it\/#website\",\"url\":\"https:\/\/alit-tech.com\/it\/\",\"name\":\"Alit technologies Spa\",\"description\":\"\",\"potentialAction\":[{\"@type\":\"SearchAction\",\"target\":{\"@type\":\"EntryPoint\",\"urlTemplate\":\"https:\/\/alit-tech.com\/it\/?s={search_term_string}\"},\"query-input\":\"required name=search_term_string\"}],\"inLanguage\":\"pt-PT\"}]}<\/script>\n<!-- \/ Yoast SEO plugin. -->","yoast_head_json":{"title":"Certifica\u00e7\u00e3o - Qualidade no cora\u00e7\u00e3o da ALIT Technologies","description":"Contate-nos para obter informa\u00e7\u00f5es sobre produtos qu\u00edmicos e instala\u00e7\u00f5es para decapagem e como escolh\u00ea-los. Preencha o formul\u00e1rio online para qualquer solicita\u00e7\u00e3o","robots":{"index":"index","follow":"follow","max-snippet":"max-snippet:-1","max-image-preview":"max-image-preview:large","max-video-preview":"max-video-preview:-1"},"canonical":"https:\/\/alit-tech.com\/pt-pt\/certificacao\/","og_locale":"pt_PT","og_type":"article","og_title":"Certifica\u00e7\u00e3o - Qualidade no cora\u00e7\u00e3o da ALIT Technologies","og_description":"Contate-nos para obter informa\u00e7\u00f5es sobre produtos qu\u00edmicos e instala\u00e7\u00f5es para decapagem e como escolh\u00ea-los. Preencha o formul\u00e1rio online para qualquer solicita\u00e7\u00e3o","og_url":"https:\/\/alit-tech.com\/pt-pt\/certificacao\/","og_site_name":"Alit technologies Spa","article_modified_time":"2025-12-01T09:06:09+00:00","og_image":[{"width":1920,"height":552,"url":"https:\/\/alit-tech.com\/wp-content\/uploads\/2024\/06\/chemical-single-product.jpg","type":"image\/jpeg"}],"twitter_card":"summary_large_image","twitter_misc":{"Tempo estimado de leitura":"4 minutos"},"schema":{"@context":"https:\/\/schema.org","@graph":[{"@type":"WebPage","@id":"https:\/\/alit-tech.com\/pt-pt\/certificacao\/","url":"https:\/\/alit-tech.com\/pt-pt\/certificacao\/","name":"Certifica\u00e7\u00e3o - Qualidade no cora\u00e7\u00e3o da ALIT Technologies","isPartOf":{"@id":"https:\/\/alit-tech.com\/it\/#website"},"primaryImageOfPage":{"@id":"https:\/\/alit-tech.com\/pt-pt\/certificacao\/#primaryimage"},"image":{"@id":"https:\/\/alit-tech.com\/pt-pt\/certificacao\/#primaryimage"},"thumbnailUrl":"https:\/\/alit-tech.com\/wp-content\/uploads\/2024\/06\/chemical-single-product.jpg","datePublished":"2024-03-26T14:15:39+00:00","dateModified":"2025-12-01T09:06:09+00:00","description":"Contate-nos para obter informa\u00e7\u00f5es sobre produtos qu\u00edmicos e instala\u00e7\u00f5es para decapagem e como escolh\u00ea-los. Preencha o formul\u00e1rio online para qualquer solicita\u00e7\u00e3o","breadcrumb":{"@id":"https:\/\/alit-tech.com\/pt-pt\/certificacao\/#breadcrumb"},"inLanguage":"pt-PT","potentialAction":[{"@type":"ReadAction","target":["https:\/\/alit-tech.com\/pt-pt\/certificacao\/"]}]},{"@type":"ImageObject","inLanguage":"pt-PT","@id":"https:\/\/alit-tech.com\/pt-pt\/certificacao\/#primaryimage","url":"https:\/\/alit-tech.com\/wp-content\/uploads\/2024\/06\/chemical-single-product.jpg","contentUrl":"https:\/\/alit-tech.com\/wp-content\/uploads\/2024\/06\/chemical-single-product.jpg","width":1920,"height":552},{"@type":"BreadcrumbList","@id":"https:\/\/alit-tech.com\/pt-pt\/certificacao\/#breadcrumb","itemListElement":[{"@type":"ListItem","position":1,"name":"Home","item":"https:\/\/alit-tech.com\/pt-pt\/"},{"@type":"ListItem","position":2,"name":"Certifica\u00e7\u00e3o"}]},{"@type":"WebSite","@id":"https:\/\/alit-tech.com\/it\/#website","url":"https:\/\/alit-tech.com\/it\/","name":"Alit technologies Spa","description":"","potentialAction":[{"@type":"SearchAction","target":{"@type":"EntryPoint","urlTemplate":"https:\/\/alit-tech.com\/it\/?s={search_term_string}"},"query-input":"required name=search_term_string"}],"inLanguage":"pt-PT"}]}},"_links":{"self":[{"href":"https:\/\/alit-tech.com\/pt-pt\/wp-json\/wp\/v2\/pages\/10058"}],"collection":[{"href":"https:\/\/alit-tech.com\/pt-pt\/wp-json\/wp\/v2\/pages"}],"about":[{"href":"https:\/\/alit-tech.com\/pt-pt\/wp-json\/wp\/v2\/types\/page"}],"author":[{"embeddable":true,"href":"https:\/\/alit-tech.com\/pt-pt\/wp-json\/wp\/v2\/users\/1"}],"replies":[{"embeddable":true,"href":"https:\/\/alit-tech.com\/pt-pt\/wp-json\/wp\/v2\/comments?post=10058"}],"version-history":[{"count":7,"href":"https:\/\/alit-tech.com\/pt-pt\/wp-json\/wp\/v2\/pages\/10058\/revisions"}],"predecessor-version":[{"id":16372,"href":"https:\/\/alit-tech.com\/pt-pt\/wp-json\/wp\/v2\/pages\/10058\/revisions\/16372"}],"wp:featuredmedia":[{"embeddable":true,"href":"https:\/\/alit-tech.com\/pt-pt\/wp-json\/wp\/v2\/media\/10060"}],"wp:attachment":[{"href":"https:\/\/alit-tech.com\/pt-pt\/wp-json\/wp\/v2\/media?parent=10058"}],"curies":[{"name":"wp","href":"https:\/\/api.w.org\/{rel}","templated":true}]}}