{"id":10065,"date":"2024-03-22T17:40:49","date_gmt":"2024-03-22T16:40:49","guid":{"rendered":"https:\/\/alit-tech.com\/?page_id=10065"},"modified":"2025-06-23T09:45:54","modified_gmt":"2025-06-23T07:45:54","slug":"decapantes","status":"publish","type":"page","link":"https:\/\/alit-tech.com\/pt-pt\/decapantes\/","title":{"rendered":"Decapantes"},"content":{"rendered":"","protected":false},"excerpt":{"rendered":"","protected":false},"author":1,"featured_media":10068,"parent":0,"menu_order":0,"comment_status":"closed","ping_status":"closed","template":"template-pages\/02_chemical_products.php","meta":{"_acf_changed":false,"footnotes":""},"class_list":["post-10065","page","type-page","status-publish","has-post-thumbnail","hentry"],"acf":[],"yoast_head":"<!-- This site is optimized with the Yoast SEO plugin v23.1 - https:\/\/yoast.com\/wordpress\/plugins\/seo\/ -->\n<title>Metalstrip - Produtos de Decapagem: Removedor de Tinta Quimico<\/title>\n<meta name=\"description\" content=\"Conhe\u00e7a a linha Metalstrip da ALIT Technologies, especializada em removedor de tinta qu\u00edmico para processos de decapagem de metais. Metalstrip garante efici\u00eancia\" \/>\n<meta name=\"robots\" content=\"index, follow, max-snippet:-1, max-image-preview:large, max-video-preview:-1\" \/>\n<link rel=\"canonical\" href=\"https:\/\/alit-tech.com\/pt-pt\/decapantes\/\" \/>\n<meta property=\"og:locale\" content=\"pt_PT\" \/>\n<meta property=\"og:type\" content=\"article\" \/>\n<meta property=\"og:title\" content=\"Metalstrip - Produtos de Decapagem: Removedor de Tinta Quimico\" \/>\n<meta property=\"og:description\" content=\"Conhe\u00e7a a linha Metalstrip da ALIT Technologies, especializada em removedor de tinta qu\u00edmico para processos de decapagem de metais. Metalstrip garante efici\u00eancia\" \/>\n<meta property=\"og:url\" content=\"https:\/\/alit-tech.com\/pt-pt\/decapantes\/\" \/>\n<meta property=\"og:site_name\" content=\"Alit technologies Spa\" \/>\n<meta property=\"article:modified_time\" content=\"2025-06-23T07:45:54+00:00\" \/>\n<meta property=\"og:image\" content=\"https:\/\/alit-tech.com\/wp-content\/uploads\/2024\/03\/metalstrip-hero-scaled.jpg\" \/>\n\t<meta property=\"og:image:width\" content=\"1920\" \/>\n\t<meta property=\"og:image:height\" content=\"780\" \/>\n\t<meta property=\"og:image:type\" content=\"image\/jpeg\" \/>\n<meta name=\"twitter:card\" content=\"summary_large_image\" \/>\n<meta name=\"twitter:label1\" content=\"Tempo estimado de leitura\" \/>\n\t<meta name=\"twitter:data1\" content=\"1 minuto\" \/>\n<script type=\"application\/ld+json\" class=\"yoast-schema-graph\">{\"@context\":\"https:\/\/schema.org\",\"@graph\":[{\"@type\":\"WebPage\",\"@id\":\"https:\/\/alit-tech.com\/pt-pt\/decapantes\/\",\"url\":\"https:\/\/alit-tech.com\/pt-pt\/decapantes\/\",\"name\":\"Metalstrip - Produtos de Decapagem: Removedor de Tinta Quimico\",\"isPartOf\":{\"@id\":\"https:\/\/alit-tech.com\/it\/#website\"},\"primaryImageOfPage\":{\"@id\":\"https:\/\/alit-tech.com\/pt-pt\/decapantes\/#primaryimage\"},\"image\":{\"@id\":\"https:\/\/alit-tech.com\/pt-pt\/decapantes\/#primaryimage\"},\"thumbnailUrl\":\"https:\/\/alit-tech.com\/wp-content\/uploads\/2024\/03\/metalstrip-hero-scaled.jpg\",\"datePublished\":\"2024-03-22T16:40:49+00:00\",\"dateModified\":\"2025-06-23T07:45:54+00:00\",\"description\":\"Conhe\u00e7a a linha Metalstrip da ALIT Technologies, especializada em removedor de tinta qu\u00edmico para processos de decapagem de metais. Metalstrip garante efici\u00eancia\",\"breadcrumb\":{\"@id\":\"https:\/\/alit-tech.com\/pt-pt\/decapantes\/#breadcrumb\"},\"inLanguage\":\"pt-PT\",\"potentialAction\":[{\"@type\":\"ReadAction\",\"target\":[\"https:\/\/alit-tech.com\/pt-pt\/decapantes\/\"]}]},{\"@type\":\"ImageObject\",\"inLanguage\":\"pt-PT\",\"@id\":\"https:\/\/alit-tech.com\/pt-pt\/decapantes\/#primaryimage\",\"url\":\"https:\/\/alit-tech.com\/wp-content\/uploads\/2024\/03\/metalstrip-hero-scaled.jpg\",\"contentUrl\":\"https:\/\/alit-tech.com\/wp-content\/uploads\/2024\/03\/metalstrip-hero-scaled.jpg\",\"width\":1920,\"height\":780},{\"@type\":\"BreadcrumbList\",\"@id\":\"https:\/\/alit-tech.com\/pt-pt\/decapantes\/#breadcrumb\",\"itemListElement\":[{\"@type\":\"ListItem\",\"position\":1,\"name\":\"Home\",\"item\":\"https:\/\/alit-tech.com\/pt-pt\/\"},{\"@type\":\"ListItem\",\"position\":2,\"name\":\"Decapantes\"}]},{\"@type\":\"WebSite\",\"@id\":\"https:\/\/alit-tech.com\/it\/#website\",\"url\":\"https:\/\/alit-tech.com\/it\/\",\"name\":\"Alit technologies Spa\",\"description\":\"\",\"potentialAction\":[{\"@type\":\"SearchAction\",\"target\":{\"@type\":\"EntryPoint\",\"urlTemplate\":\"https:\/\/alit-tech.com\/it\/?s={search_term_string}\"},\"query-input\":\"required name=search_term_string\"}],\"inLanguage\":\"pt-PT\"}]}<\/script>\n<!-- \/ Yoast SEO plugin. -->","yoast_head_json":{"title":"Metalstrip - Produtos de Decapagem: Removedor de Tinta Quimico","description":"Conhe\u00e7a a linha Metalstrip da ALIT Technologies, especializada em removedor de tinta qu\u00edmico para processos de decapagem de metais. Metalstrip garante efici\u00eancia","robots":{"index":"index","follow":"follow","max-snippet":"max-snippet:-1","max-image-preview":"max-image-preview:large","max-video-preview":"max-video-preview:-1"},"canonical":"https:\/\/alit-tech.com\/pt-pt\/decapantes\/","og_locale":"pt_PT","og_type":"article","og_title":"Metalstrip - Produtos de Decapagem: Removedor de Tinta Quimico","og_description":"Conhe\u00e7a a linha Metalstrip da ALIT Technologies, especializada em removedor de tinta qu\u00edmico para processos de decapagem de metais. Metalstrip garante efici\u00eancia","og_url":"https:\/\/alit-tech.com\/pt-pt\/decapantes\/","og_site_name":"Alit technologies Spa","article_modified_time":"2025-06-23T07:45:54+00:00","og_image":[{"width":1920,"height":780,"url":"https:\/\/alit-tech.com\/wp-content\/uploads\/2024\/03\/metalstrip-hero-scaled.jpg","type":"image\/jpeg"}],"twitter_card":"summary_large_image","twitter_misc":{"Tempo estimado de leitura":"1 minuto"},"schema":{"@context":"https:\/\/schema.org","@graph":[{"@type":"WebPage","@id":"https:\/\/alit-tech.com\/pt-pt\/decapantes\/","url":"https:\/\/alit-tech.com\/pt-pt\/decapantes\/","name":"Metalstrip - Produtos de Decapagem: Removedor de Tinta Quimico","isPartOf":{"@id":"https:\/\/alit-tech.com\/it\/#website"},"primaryImageOfPage":{"@id":"https:\/\/alit-tech.com\/pt-pt\/decapantes\/#primaryimage"},"image":{"@id":"https:\/\/alit-tech.com\/pt-pt\/decapantes\/#primaryimage"},"thumbnailUrl":"https:\/\/alit-tech.com\/wp-content\/uploads\/2024\/03\/metalstrip-hero-scaled.jpg","datePublished":"2024-03-22T16:40:49+00:00","dateModified":"2025-06-23T07:45:54+00:00","description":"Conhe\u00e7a a linha Metalstrip da ALIT Technologies, especializada em removedor de tinta qu\u00edmico para processos de decapagem de metais. Metalstrip garante efici\u00eancia","breadcrumb":{"@id":"https:\/\/alit-tech.com\/pt-pt\/decapantes\/#breadcrumb"},"inLanguage":"pt-PT","potentialAction":[{"@type":"ReadAction","target":["https:\/\/alit-tech.com\/pt-pt\/decapantes\/"]}]},{"@type":"ImageObject","inLanguage":"pt-PT","@id":"https:\/\/alit-tech.com\/pt-pt\/decapantes\/#primaryimage","url":"https:\/\/alit-tech.com\/wp-content\/uploads\/2024\/03\/metalstrip-hero-scaled.jpg","contentUrl":"https:\/\/alit-tech.com\/wp-content\/uploads\/2024\/03\/metalstrip-hero-scaled.jpg","width":1920,"height":780},{"@type":"BreadcrumbList","@id":"https:\/\/alit-tech.com\/pt-pt\/decapantes\/#breadcrumb","itemListElement":[{"@type":"ListItem","position":1,"name":"Home","item":"https:\/\/alit-tech.com\/pt-pt\/"},{"@type":"ListItem","position":2,"name":"Decapantes"}]},{"@type":"WebSite","@id":"https:\/\/alit-tech.com\/it\/#website","url":"https:\/\/alit-tech.com\/it\/","name":"Alit technologies Spa","description":"","potentialAction":[{"@type":"SearchAction","target":{"@type":"EntryPoint","urlTemplate":"https:\/\/alit-tech.com\/it\/?s={search_term_string}"},"query-input":"required name=search_term_string"}],"inLanguage":"pt-PT"}]}},"_links":{"self":[{"href":"https:\/\/alit-tech.com\/pt-pt\/wp-json\/wp\/v2\/pages\/10065"}],"collection":[{"href":"https:\/\/alit-tech.com\/pt-pt\/wp-json\/wp\/v2\/pages"}],"about":[{"href":"https:\/\/alit-tech.com\/pt-pt\/wp-json\/wp\/v2\/types\/page"}],"author":[{"embeddable":true,"href":"https:\/\/alit-tech.com\/pt-pt\/wp-json\/wp\/v2\/users\/1"}],"replies":[{"embeddable":true,"href":"https:\/\/alit-tech.com\/pt-pt\/wp-json\/wp\/v2\/comments?post=10065"}],"version-history":[{"count":8,"href":"https:\/\/alit-tech.com\/pt-pt\/wp-json\/wp\/v2\/pages\/10065\/revisions"}],"predecessor-version":[{"id":15527,"href":"https:\/\/alit-tech.com\/pt-pt\/wp-json\/wp\/v2\/pages\/10065\/revisions\/15527"}],"wp:featuredmedia":[{"embeddable":true,"href":"https:\/\/alit-tech.com\/pt-pt\/wp-json\/wp\/v2\/media\/10068"}],"wp:attachment":[{"href":"https:\/\/alit-tech.com\/pt-pt\/wp-json\/wp\/v2\/media?parent=10065"}],"curies":[{"name":"wp","href":"https:\/\/api.w.org\/{rel}","templated":true}]}}