{"id":10113,"date":"2024-03-26T15:10:51","date_gmt":"2024-03-26T14:10:51","guid":{"rendered":"https:\/\/alit-tech.com\/estrusione-dellalluminio\/"},"modified":"2025-05-19T14:37:32","modified_gmt":"2025-05-19T12:37:32","slug":"claris-9346mb","status":"publish","type":"page","link":"https:\/\/alit-tech.com\/pt-pt\/claris-9346mb\/","title":{"rendered":"Claris 9346 MB"},"content":{"rendered":"\n<p><strong>CLARIS 9346 MB<\/strong>&nbsp;\u00e9 um aditivo desenvolvido para os sistemas de limpeza de matrizes de extrus\u00e3o para perfis de alum\u00ednio; O estado l\u00edquido permite facilmente a dosagem automatizada.<\/p>\n\n\n\n<p><strong>CLARIS 9346 MB<\/strong>\u00a0permite um processo de limpeza de matriz mais eficiente, melhorando os seguintes aspetos:<\/p>\n\n\n\n<ul class=\"wp-block-list\">\n<li>Melhora a limpeza geral da matriz de extrus\u00e3o, facilitando a dissolu\u00e7\u00e3o de res\u00edduos de alum\u00ednio que muitas vezes se acumulam nos pontos mais inacess\u00edveis da matriz.<\/li>\n\n\n\n<li>Aumenta consideravelmente a vida \u00fatil do banho.<\/li>\n\n\n\n<li>Se for adequadamente doseado, mant\u00e9m a temperatura de trabalho do banho de limpeza a cerca de 90\u00b0C, reduzindo assim as emiss\u00f5es de fumos e o consumo de evapora\u00e7\u00e3o.<\/li>\n\n\n\n<li>Manter a temperatura no tanque de processo significa uma economia m\u00e9dia de energia de 20%.<\/li>\n\n\n\n<li>Potencia a produ\u00e7\u00e3o de lamas mais macias e bombe\u00e1veis, evitando assim a forma\u00e7\u00e3o de incrusta\u00e7\u00f5es no sistema de limpeza da matriz.<\/li>\n<\/ul>\n","protected":false},"excerpt":{"rendered":"<p>CLARIS 9346 MB&nbsp;\u00e9 um aditivo desenvolvido para os sistemas de limpeza de matrizes de extrus\u00e3o para perfis de alum\u00ednio; O estado l\u00edquido permite facilmente a dosagem automatizada. CLARIS 9346 MB\u00a0permite um processo de limpeza de matriz mais eficiente, melhorando os seguintes aspetos:<\/p>\n","protected":false},"author":1,"featured_media":10114,"parent":0,"menu_order":0,"comment_status":"closed","ping_status":"closed","template":"template-pages\/03_chemical_product.php","meta":{"_acf_changed":false,"footnotes":""},"class_list":["post-10113","page","type-page","status-publish","has-post-thumbnail","hentry"],"acf":[],"yoast_head":"<!-- This site is optimized with the Yoast SEO plugin v23.1 - https:\/\/yoast.com\/wordpress\/plugins\/seo\/ -->\n<title>Matriz para Extrus\u00e3o de Aluminio - ALIT Technologies<\/title>\n<meta name=\"description\" content=\"CLARIS 9346 MB da ALIT \u00e9 um aditivo inovador para limpeza de matriz para extrus\u00e3o de alum\u00ednio, garantindo efici\u00eancia e prolongando a vida \u00fatil dos banhos\" \/>\n<meta name=\"robots\" content=\"index, follow, max-snippet:-1, max-image-preview:large, max-video-preview:-1\" \/>\n<link rel=\"canonical\" href=\"https:\/\/alit-tech.com\/pt-pt\/claris-9346mb\/\" \/>\n<meta property=\"og:locale\" content=\"pt_PT\" \/>\n<meta property=\"og:type\" content=\"article\" \/>\n<meta property=\"og:title\" content=\"Matriz para Extrus\u00e3o de Aluminio - ALIT Technologies\" \/>\n<meta property=\"og:description\" content=\"CLARIS 9346 MB da ALIT \u00e9 um aditivo inovador para limpeza de matriz para extrus\u00e3o de alum\u00ednio, garantindo efici\u00eancia e prolongando a vida \u00fatil dos banhos\" \/>\n<meta property=\"og:url\" content=\"https:\/\/alit-tech.com\/pt-pt\/claris-9346mb\/\" \/>\n<meta property=\"og:site_name\" content=\"Alit technologies Spa\" \/>\n<meta property=\"article:modified_time\" content=\"2025-05-19T12:37:32+00:00\" \/>\n<meta property=\"og:image\" content=\"https:\/\/alit-tech.com\/wp-content\/uploads\/2024\/03\/estrusione-allumionio.jpg\" \/>\n\t<meta property=\"og:image:width\" content=\"1000\" \/>\n\t<meta property=\"og:image:height\" content=\"600\" \/>\n\t<meta property=\"og:image:type\" content=\"image\/jpeg\" \/>\n<meta name=\"twitter:card\" content=\"summary_large_image\" \/>\n<meta name=\"twitter:label1\" content=\"Tempo estimado de leitura\" \/>\n\t<meta name=\"twitter:data1\" content=\"1 minuto\" \/>\n<script type=\"application\/ld+json\" class=\"yoast-schema-graph\">{\"@context\":\"https:\/\/schema.org\",\"@graph\":[{\"@type\":\"WebPage\",\"@id\":\"https:\/\/alit-tech.com\/pt-pt\/claris-9346mb\/\",\"url\":\"https:\/\/alit-tech.com\/pt-pt\/claris-9346mb\/\",\"name\":\"Matriz para Extrus\u00e3o de Aluminio - ALIT Technologies\",\"isPartOf\":{\"@id\":\"https:\/\/alit-tech.com\/it\/#website\"},\"primaryImageOfPage\":{\"@id\":\"https:\/\/alit-tech.com\/pt-pt\/claris-9346mb\/#primaryimage\"},\"image\":{\"@id\":\"https:\/\/alit-tech.com\/pt-pt\/claris-9346mb\/#primaryimage\"},\"thumbnailUrl\":\"https:\/\/alit-tech.com\/wp-content\/uploads\/2024\/03\/estrusione-allumionio.jpg\",\"datePublished\":\"2024-03-26T14:10:51+00:00\",\"dateModified\":\"2025-05-19T12:37:32+00:00\",\"description\":\"CLARIS 9346 MB da ALIT \u00e9 um aditivo inovador para limpeza de matriz para extrus\u00e3o de alum\u00ednio, garantindo efici\u00eancia e prolongando a vida \u00fatil dos banhos\",\"breadcrumb\":{\"@id\":\"https:\/\/alit-tech.com\/pt-pt\/claris-9346mb\/#breadcrumb\"},\"inLanguage\":\"pt-PT\",\"potentialAction\":[{\"@type\":\"ReadAction\",\"target\":[\"https:\/\/alit-tech.com\/pt-pt\/claris-9346mb\/\"]}]},{\"@type\":\"ImageObject\",\"inLanguage\":\"pt-PT\",\"@id\":\"https:\/\/alit-tech.com\/pt-pt\/claris-9346mb\/#primaryimage\",\"url\":\"https:\/\/alit-tech.com\/wp-content\/uploads\/2024\/03\/estrusione-allumionio.jpg\",\"contentUrl\":\"https:\/\/alit-tech.com\/wp-content\/uploads\/2024\/03\/estrusione-allumionio.jpg\",\"width\":1000,\"height\":600},{\"@type\":\"BreadcrumbList\",\"@id\":\"https:\/\/alit-tech.com\/pt-pt\/claris-9346mb\/#breadcrumb\",\"itemListElement\":[{\"@type\":\"ListItem\",\"position\":1,\"name\":\"Home\",\"item\":\"https:\/\/alit-tech.com\/pt-pt\/\"},{\"@type\":\"ListItem\",\"position\":2,\"name\":\"Claris 9346 MB\"}]},{\"@type\":\"WebSite\",\"@id\":\"https:\/\/alit-tech.com\/it\/#website\",\"url\":\"https:\/\/alit-tech.com\/it\/\",\"name\":\"Alit technologies Spa\",\"description\":\"\",\"potentialAction\":[{\"@type\":\"SearchAction\",\"target\":{\"@type\":\"EntryPoint\",\"urlTemplate\":\"https:\/\/alit-tech.com\/it\/?s={search_term_string}\"},\"query-input\":\"required name=search_term_string\"}],\"inLanguage\":\"pt-PT\"}]}<\/script>\n<!-- \/ Yoast SEO plugin. -->","yoast_head_json":{"title":"Matriz para Extrus\u00e3o de Aluminio - ALIT Technologies","description":"CLARIS 9346 MB da ALIT \u00e9 um aditivo inovador para limpeza de matriz para extrus\u00e3o de alum\u00ednio, garantindo efici\u00eancia e prolongando a vida \u00fatil dos banhos","robots":{"index":"index","follow":"follow","max-snippet":"max-snippet:-1","max-image-preview":"max-image-preview:large","max-video-preview":"max-video-preview:-1"},"canonical":"https:\/\/alit-tech.com\/pt-pt\/claris-9346mb\/","og_locale":"pt_PT","og_type":"article","og_title":"Matriz para Extrus\u00e3o de Aluminio - ALIT Technologies","og_description":"CLARIS 9346 MB da ALIT \u00e9 um aditivo inovador para limpeza de matriz para extrus\u00e3o de alum\u00ednio, garantindo efici\u00eancia e prolongando a vida \u00fatil dos banhos","og_url":"https:\/\/alit-tech.com\/pt-pt\/claris-9346mb\/","og_site_name":"Alit technologies Spa","article_modified_time":"2025-05-19T12:37:32+00:00","og_image":[{"width":1000,"height":600,"url":"https:\/\/alit-tech.com\/wp-content\/uploads\/2024\/03\/estrusione-allumionio.jpg","type":"image\/jpeg"}],"twitter_card":"summary_large_image","twitter_misc":{"Tempo estimado de leitura":"1 minuto"},"schema":{"@context":"https:\/\/schema.org","@graph":[{"@type":"WebPage","@id":"https:\/\/alit-tech.com\/pt-pt\/claris-9346mb\/","url":"https:\/\/alit-tech.com\/pt-pt\/claris-9346mb\/","name":"Matriz para Extrus\u00e3o de Aluminio - ALIT Technologies","isPartOf":{"@id":"https:\/\/alit-tech.com\/it\/#website"},"primaryImageOfPage":{"@id":"https:\/\/alit-tech.com\/pt-pt\/claris-9346mb\/#primaryimage"},"image":{"@id":"https:\/\/alit-tech.com\/pt-pt\/claris-9346mb\/#primaryimage"},"thumbnailUrl":"https:\/\/alit-tech.com\/wp-content\/uploads\/2024\/03\/estrusione-allumionio.jpg","datePublished":"2024-03-26T14:10:51+00:00","dateModified":"2025-05-19T12:37:32+00:00","description":"CLARIS 9346 MB da ALIT \u00e9 um aditivo inovador para limpeza de matriz para extrus\u00e3o de alum\u00ednio, garantindo efici\u00eancia e prolongando a vida \u00fatil dos banhos","breadcrumb":{"@id":"https:\/\/alit-tech.com\/pt-pt\/claris-9346mb\/#breadcrumb"},"inLanguage":"pt-PT","potentialAction":[{"@type":"ReadAction","target":["https:\/\/alit-tech.com\/pt-pt\/claris-9346mb\/"]}]},{"@type":"ImageObject","inLanguage":"pt-PT","@id":"https:\/\/alit-tech.com\/pt-pt\/claris-9346mb\/#primaryimage","url":"https:\/\/alit-tech.com\/wp-content\/uploads\/2024\/03\/estrusione-allumionio.jpg","contentUrl":"https:\/\/alit-tech.com\/wp-content\/uploads\/2024\/03\/estrusione-allumionio.jpg","width":1000,"height":600},{"@type":"BreadcrumbList","@id":"https:\/\/alit-tech.com\/pt-pt\/claris-9346mb\/#breadcrumb","itemListElement":[{"@type":"ListItem","position":1,"name":"Home","item":"https:\/\/alit-tech.com\/pt-pt\/"},{"@type":"ListItem","position":2,"name":"Claris 9346 MB"}]},{"@type":"WebSite","@id":"https:\/\/alit-tech.com\/it\/#website","url":"https:\/\/alit-tech.com\/it\/","name":"Alit technologies Spa","description":"","potentialAction":[{"@type":"SearchAction","target":{"@type":"EntryPoint","urlTemplate":"https:\/\/alit-tech.com\/it\/?s={search_term_string}"},"query-input":"required name=search_term_string"}],"inLanguage":"pt-PT"}]}},"_links":{"self":[{"href":"https:\/\/alit-tech.com\/pt-pt\/wp-json\/wp\/v2\/pages\/10113"}],"collection":[{"href":"https:\/\/alit-tech.com\/pt-pt\/wp-json\/wp\/v2\/pages"}],"about":[{"href":"https:\/\/alit-tech.com\/pt-pt\/wp-json\/wp\/v2\/types\/page"}],"author":[{"embeddable":true,"href":"https:\/\/alit-tech.com\/pt-pt\/wp-json\/wp\/v2\/users\/1"}],"replies":[{"embeddable":true,"href":"https:\/\/alit-tech.com\/pt-pt\/wp-json\/wp\/v2\/comments?post=10113"}],"version-history":[{"count":7,"href":"https:\/\/alit-tech.com\/pt-pt\/wp-json\/wp\/v2\/pages\/10113\/revisions"}],"predecessor-version":[{"id":15225,"href":"https:\/\/alit-tech.com\/pt-pt\/wp-json\/wp\/v2\/pages\/10113\/revisions\/15225"}],"wp:featuredmedia":[{"embeddable":true,"href":"https:\/\/alit-tech.com\/pt-pt\/wp-json\/wp\/v2\/media\/10114"}],"wp:attachment":[{"href":"https:\/\/alit-tech.com\/pt-pt\/wp-json\/wp\/v2\/media?parent=10113"}],"curies":[{"name":"wp","href":"https:\/\/api.w.org\/{rel}","templated":true}]}}